{"id":453,"date":"2025-06-09T11:24:48","date_gmt":"2025-06-09T09:24:48","guid":{"rendered":"https:\/\/corona1.eu\/de\/?page_id=453"},"modified":"2025-06-09T11:26:20","modified_gmt":"2025-06-09T09:26:20","slug":"rex-basic-pulverizer","status":"publish","type":"page","link":"https:\/\/corona1.eu\/de\/pulverisierer\/rex-basic-pulverizer\/","title":{"rendered":"REX basic pulverizer"},"content":{"rendered":"\n<p>Der Basiszerkleinerer in unserem Sortiment. Er wird f\u00fcr eine breite Palette von Materialien verwendet, bei denen die Partikelgr\u00f6\u00dfe nach der Pulverisierung keine streng definierte Gr\u00f6\u00dfenverteilung aufweisen muss. Der Rex Basic arbeitet mit Luftk\u00fchlung und bietet die M\u00f6glichkeit, zus\u00e4tzliche Temperatursenkungselemente hinzuzuf\u00fcgen. All dies macht ihn zu einem sehr wettbewerbsf\u00e4higen Ger\u00e4t im Vergleich zu kryogenen Systemen.<\/p>\n","protected":false},"excerpt":{"rendered":"<p>Der Basiszerkleinerer in unserem Sortiment. Er wird f\u00fcr eine breite Palette von Materialien verwendet, bei [&hellip;]<\/p>\n","protected":false},"author":1,"featured_media":455,"parent":446,"menu_order":0,"comment_status":"closed","ping_status":"closed","template":"kg_products_template.php","meta":{"pgc_sgb_lightbox_settings":"","footnotes":""},"categories":[28],"tags":[],"class_list":["post-453","page","type-page","status-publish","has-post-thumbnail","hentry","category-pulverisierer"],"yoast_head":"<!-- This site is optimized with the Yoast SEO plugin v27.1.1 - https:\/\/yoast.com\/product\/yoast-seo-wordpress\/ -->\n<title>REX basic pulverizer - CORONA Serwis<\/title>\n<meta name=\"robots\" content=\"index, follow, max-snippet:-1, max-image-preview:large, max-video-preview:-1\" \/>\n<link rel=\"canonical\" href=\"https:\/\/corona1.eu\/de\/pulverisierer\/rex-basic-pulverizer\/\" \/>\n<meta property=\"og:locale\" content=\"de_DE\" \/>\n<meta property=\"og:type\" content=\"article\" \/>\n<meta property=\"og:title\" content=\"REX basic pulverizer - CORONA Serwis\" \/>\n<meta property=\"og:description\" content=\"Der Basiszerkleinerer in unserem Sortiment. Er wird f\u00fcr eine breite Palette von Materialien verwendet, bei [&hellip;]\" \/>\n<meta property=\"og:url\" content=\"https:\/\/corona1.eu\/de\/pulverisierer\/rex-basic-pulverizer\/\" \/>\n<meta property=\"og:site_name\" content=\"CORONA Serwis\" \/>\n<meta property=\"article:modified_time\" content=\"2025-06-09T09:26:20+00:00\" \/>\n<meta property=\"og:image\" content=\"https:\/\/corona1.eu\/de\/wp-content\/uploads\/2025\/06\/Pulweryzator-do-szerokiej-gamy-zastosowan.png\" \/>\n\t<meta property=\"og:image:width\" content=\"512\" \/>\n\t<meta property=\"og:image:height\" content=\"512\" \/>\n\t<meta property=\"og:image:type\" content=\"image\/png\" \/>\n<meta name=\"twitter:card\" content=\"summary_large_image\" \/>\n<meta name=\"twitter:label1\" content=\"Gesch\u00e4tzte Lesezeit\" \/>\n\t<meta name=\"twitter:data1\" content=\"1\u00a0Minute\" \/>\n<script type=\"application\/ld+json\" class=\"yoast-schema-graph\">{\"@context\":\"https:\/\/schema.org\",\"@graph\":[{\"@type\":\"WebPage\",\"@id\":\"https:\/\/corona1.eu\/de\/pulverisierer\/rex-basic-pulverizer\/\",\"url\":\"https:\/\/corona1.eu\/de\/pulverisierer\/rex-basic-pulverizer\/\",\"name\":\"REX basic pulverizer - CORONA Serwis\",\"isPartOf\":{\"@id\":\"https:\/\/corona1.eu\/de\/#website\"},\"primaryImageOfPage\":{\"@id\":\"https:\/\/corona1.eu\/de\/pulverisierer\/rex-basic-pulverizer\/#primaryimage\"},\"image\":{\"@id\":\"https:\/\/corona1.eu\/de\/pulverisierer\/rex-basic-pulverizer\/#primaryimage\"},\"thumbnailUrl\":\"https:\/\/corona1.eu\/de\/wp-content\/uploads\/2025\/06\/Pulweryzator-do-szerokiej-gamy-zastosowan.png\",\"datePublished\":\"2025-06-09T09:24:48+00:00\",\"dateModified\":\"2025-06-09T09:26:20+00:00\",\"breadcrumb\":{\"@id\":\"https:\/\/corona1.eu\/de\/pulverisierer\/rex-basic-pulverizer\/#breadcrumb\"},\"inLanguage\":\"de\",\"potentialAction\":[{\"@type\":\"ReadAction\",\"target\":[\"https:\/\/corona1.eu\/de\/pulverisierer\/rex-basic-pulverizer\/\"]}]},{\"@type\":\"ImageObject\",\"inLanguage\":\"de\",\"@id\":\"https:\/\/corona1.eu\/de\/pulverisierer\/rex-basic-pulverizer\/#primaryimage\",\"url\":\"https:\/\/corona1.eu\/de\/wp-content\/uploads\/2025\/06\/Pulweryzator-do-szerokiej-gamy-zastosowan.png\",\"contentUrl\":\"https:\/\/corona1.eu\/de\/wp-content\/uploads\/2025\/06\/Pulweryzator-do-szerokiej-gamy-zastosowan.png\",\"width\":512,\"height\":512},{\"@type\":\"BreadcrumbList\",\"@id\":\"https:\/\/corona1.eu\/de\/pulverisierer\/rex-basic-pulverizer\/#breadcrumb\",\"itemListElement\":[{\"@type\":\"ListItem\",\"position\":1,\"name\":\"Startseite\",\"item\":\"https:\/\/corona1.eu\/de\/\"},{\"@type\":\"ListItem\",\"position\":2,\"name\":\"Pulverisierer\",\"item\":\"https:\/\/corona1.eu\/de\/pulverisierer\/\"},{\"@type\":\"ListItem\",\"position\":3,\"name\":\"REX basic pulverizer\"}]},{\"@type\":\"WebSite\",\"@id\":\"https:\/\/corona1.eu\/de\/#website\",\"url\":\"https:\/\/corona1.eu\/de\/\",\"name\":\"CORONA Serwis\",\"description\":\"\",\"potentialAction\":[{\"@type\":\"SearchAction\",\"target\":{\"@type\":\"EntryPoint\",\"urlTemplate\":\"https:\/\/corona1.eu\/de\/?s={search_term_string}\"},\"query-input\":{\"@type\":\"PropertyValueSpecification\",\"valueRequired\":true,\"valueName\":\"search_term_string\"}}],\"inLanguage\":\"de\"}]}<\/script>\n<!-- \/ Yoast SEO plugin. -->","yoast_head_json":{"title":"REX basic pulverizer - CORONA Serwis","robots":{"index":"index","follow":"follow","max-snippet":"max-snippet:-1","max-image-preview":"max-image-preview:large","max-video-preview":"max-video-preview:-1"},"canonical":"https:\/\/corona1.eu\/de\/pulverisierer\/rex-basic-pulverizer\/","og_locale":"de_DE","og_type":"article","og_title":"REX basic pulverizer - CORONA Serwis","og_description":"Der Basiszerkleinerer in unserem Sortiment. Er wird f\u00fcr eine breite Palette von Materialien verwendet, bei [&hellip;]","og_url":"https:\/\/corona1.eu\/de\/pulverisierer\/rex-basic-pulverizer\/","og_site_name":"CORONA Serwis","article_modified_time":"2025-06-09T09:26:20+00:00","og_image":[{"width":512,"height":512,"url":"https:\/\/corona1.eu\/de\/wp-content\/uploads\/2025\/06\/Pulweryzator-do-szerokiej-gamy-zastosowan.png","type":"image\/png"}],"twitter_card":"summary_large_image","twitter_misc":{"Gesch\u00e4tzte Lesezeit":"1\u00a0Minute"},"schema":{"@context":"https:\/\/schema.org","@graph":[{"@type":"WebPage","@id":"https:\/\/corona1.eu\/de\/pulverisierer\/rex-basic-pulverizer\/","url":"https:\/\/corona1.eu\/de\/pulverisierer\/rex-basic-pulverizer\/","name":"REX basic pulverizer - CORONA Serwis","isPartOf":{"@id":"https:\/\/corona1.eu\/de\/#website"},"primaryImageOfPage":{"@id":"https:\/\/corona1.eu\/de\/pulverisierer\/rex-basic-pulverizer\/#primaryimage"},"image":{"@id":"https:\/\/corona1.eu\/de\/pulverisierer\/rex-basic-pulverizer\/#primaryimage"},"thumbnailUrl":"https:\/\/corona1.eu\/de\/wp-content\/uploads\/2025\/06\/Pulweryzator-do-szerokiej-gamy-zastosowan.png","datePublished":"2025-06-09T09:24:48+00:00","dateModified":"2025-06-09T09:26:20+00:00","breadcrumb":{"@id":"https:\/\/corona1.eu\/de\/pulverisierer\/rex-basic-pulverizer\/#breadcrumb"},"inLanguage":"de","potentialAction":[{"@type":"ReadAction","target":["https:\/\/corona1.eu\/de\/pulverisierer\/rex-basic-pulverizer\/"]}]},{"@type":"ImageObject","inLanguage":"de","@id":"https:\/\/corona1.eu\/de\/pulverisierer\/rex-basic-pulverizer\/#primaryimage","url":"https:\/\/corona1.eu\/de\/wp-content\/uploads\/2025\/06\/Pulweryzator-do-szerokiej-gamy-zastosowan.png","contentUrl":"https:\/\/corona1.eu\/de\/wp-content\/uploads\/2025\/06\/Pulweryzator-do-szerokiej-gamy-zastosowan.png","width":512,"height":512},{"@type":"BreadcrumbList","@id":"https:\/\/corona1.eu\/de\/pulverisierer\/rex-basic-pulverizer\/#breadcrumb","itemListElement":[{"@type":"ListItem","position":1,"name":"Startseite","item":"https:\/\/corona1.eu\/de\/"},{"@type":"ListItem","position":2,"name":"Pulverisierer","item":"https:\/\/corona1.eu\/de\/pulverisierer\/"},{"@type":"ListItem","position":3,"name":"REX basic pulverizer"}]},{"@type":"WebSite","@id":"https:\/\/corona1.eu\/de\/#website","url":"https:\/\/corona1.eu\/de\/","name":"CORONA Serwis","description":"","potentialAction":[{"@type":"SearchAction","target":{"@type":"EntryPoint","urlTemplate":"https:\/\/corona1.eu\/de\/?s={search_term_string}"},"query-input":{"@type":"PropertyValueSpecification","valueRequired":true,"valueName":"search_term_string"}}],"inLanguage":"de"}]}},"_links":{"self":[{"href":"https:\/\/corona1.eu\/de\/wp-json\/wp\/v2\/pages\/453","targetHints":{"allow":["GET"]}}],"collection":[{"href":"https:\/\/corona1.eu\/de\/wp-json\/wp\/v2\/pages"}],"about":[{"href":"https:\/\/corona1.eu\/de\/wp-json\/wp\/v2\/types\/page"}],"author":[{"embeddable":true,"href":"https:\/\/corona1.eu\/de\/wp-json\/wp\/v2\/users\/1"}],"replies":[{"embeddable":true,"href":"https:\/\/corona1.eu\/de\/wp-json\/wp\/v2\/comments?post=453"}],"version-history":[{"count":1,"href":"https:\/\/corona1.eu\/de\/wp-json\/wp\/v2\/pages\/453\/revisions"}],"predecessor-version":[{"id":454,"href":"https:\/\/corona1.eu\/de\/wp-json\/wp\/v2\/pages\/453\/revisions\/454"}],"up":[{"embeddable":true,"href":"https:\/\/corona1.eu\/de\/wp-json\/wp\/v2\/pages\/446"}],"wp:featuredmedia":[{"embeddable":true,"href":"https:\/\/corona1.eu\/de\/wp-json\/wp\/v2\/media\/455"}],"wp:attachment":[{"href":"https:\/\/corona1.eu\/de\/wp-json\/wp\/v2\/media?parent=453"}],"wp:term":[{"taxonomy":"category","embeddable":true,"href":"https:\/\/corona1.eu\/de\/wp-json\/wp\/v2\/categories?post=453"},{"taxonomy":"post_tag","embeddable":true,"href":"https:\/\/corona1.eu\/de\/wp-json\/wp\/v2\/tags?post=453"}],"curies":[{"name":"wp","href":"https:\/\/api.w.org\/{rel}","templated":true}]}}