{"id":446,"date":"2025-06-09T10:46:32","date_gmt":"2025-06-09T08:46:32","guid":{"rendered":"https:\/\/corona1.eu\/de\/?page_id=446"},"modified":"2025-06-09T10:46:37","modified_gmt":"2025-06-09T08:46:37","slug":"pulverisierer","status":"publish","type":"page","link":"https:\/\/corona1.eu\/de\/pulverisierer\/","title":{"rendered":"Pulverisierer"},"content":{"rendered":"\n<p>Pulverisierer sind Ger\u00e4te, die es erm\u00f6glichen, Kunststoffe f\u00fcr die sp\u00e4tere Verwendung in verschiedenen Verarbeitungsprozessen zu zerkleinern. Es wird davon ausgegangen, dass die Zerkleinerung eine Feinheit von h\u00f6chstens 1 mm ergibt. Die Pulverisierung erfolgt mit h\u00f6chster Effizienz und Qualit\u00e4t.<\/p>\n\n\n\n<p>Das Angebot an Pulverisierern ist sehr breit gef\u00e4chert &#8211; von Ger\u00e4ten mit geringem Durchsatz (z. B. f\u00fcr Labor- oder Pilotanwendungen) bis hin zu Pulverisiersystemen mit mittlerem und hohem Durchsatz. Die wichtigsten Parameter des Gesamtprozesses sind die Geometrie der Mahlscheibe, die Einstellung des Mahlspalts, die Vorschubgeschwindigkeit des Eingangsmaterials, die Temperatur in der Mahlkammer und die Dicke des Siebs. Die Ger\u00e4te k\u00f6nnen sowohl mit Luft- als auch mit Tieftemperaturk\u00fchlung betrieben werden. MAAG-Mahlanlagen zeichnen sich durch eine hohe Effizienz im Verh\u00e4ltnis von produzierten Kilogramm zu verbrauchter Energie aus. Ein Schl\u00fcsselelement im Pulverisierungsprozess ist die Auswahl einer geeigneten Maschine, die f\u00fcr die spezifischen Arbeitsbedingungen geeignet ist.<\/p>\n","protected":false},"excerpt":{"rendered":"<p>Pulverisierer sind Ger\u00e4te, die es erm\u00f6glichen, Kunststoffe f\u00fcr die sp\u00e4tere Verwendung in verschiedenen Verarbeitungsprozessen zu [&hellip;]<\/p>\n","protected":false},"author":1,"featured_media":447,"parent":0,"menu_order":0,"comment_status":"closed","ping_status":"closed","template":"kg_products_list_template.php","meta":{"pgc_sgb_lightbox_settings":"","footnotes":""},"categories":[28,2],"tags":[],"class_list":["post-446","page","type-page","status-publish","has-post-thumbnail","hentry","category-pulverisierer","category-zprodukty"],"yoast_head":"<!-- This site is optimized with the Yoast SEO plugin v27.1.1 - https:\/\/yoast.com\/product\/yoast-seo-wordpress\/ -->\n<title>Pulverisierer - CORONA Serwis<\/title>\n<meta name=\"description\" content=\"Pulverisierer sind eine Reihe von Spezialger\u00e4ten, die die Zerkleinerung von Kunststoffen zur anschlie\u00dfenden Verwendung in verschiedenen Verarbeitungsprozessen erm\u00f6glichen\" \/>\n<meta name=\"robots\" content=\"index, follow, max-snippet:-1, max-image-preview:large, max-video-preview:-1\" \/>\n<link rel=\"canonical\" href=\"https:\/\/corona1.eu\/de\/pulverisierer\/\" \/>\n<meta property=\"og:locale\" content=\"de_DE\" \/>\n<meta property=\"og:type\" content=\"article\" \/>\n<meta property=\"og:title\" content=\"Pulverisierer - CORONA Serwis\" \/>\n<meta property=\"og:description\" content=\"Pulverisierer sind eine Reihe von Spezialger\u00e4ten, die die Zerkleinerung von Kunststoffen zur anschlie\u00dfenden Verwendung in verschiedenen Verarbeitungsprozessen erm\u00f6glichen\" \/>\n<meta property=\"og:url\" content=\"https:\/\/corona1.eu\/de\/pulverisierer\/\" \/>\n<meta property=\"og:site_name\" content=\"CORONA Serwis\" \/>\n<meta property=\"article:modified_time\" content=\"2025-06-09T08:46:37+00:00\" \/>\n<meta property=\"og:image\" content=\"https:\/\/corona1.eu\/de\/wp-content\/uploads\/2025\/06\/grupa_pulweryzatorty_16x9.png\" \/>\n\t<meta property=\"og:image:width\" content=\"889\" \/>\n\t<meta property=\"og:image:height\" content=\"500\" \/>\n\t<meta property=\"og:image:type\" content=\"image\/png\" \/>\n<meta name=\"twitter:card\" content=\"summary_large_image\" \/>\n<meta name=\"twitter:label1\" content=\"Gesch\u00e4tzte Lesezeit\" \/>\n\t<meta name=\"twitter:data1\" content=\"1\u00a0Minute\" \/>\n<script type=\"application\/ld+json\" class=\"yoast-schema-graph\">{\"@context\":\"https:\/\/schema.org\",\"@graph\":[{\"@type\":\"WebPage\",\"@id\":\"https:\/\/corona1.eu\/de\/pulverisierer\/\",\"url\":\"https:\/\/corona1.eu\/de\/pulverisierer\/\",\"name\":\"Pulverisierer - CORONA Serwis\",\"isPartOf\":{\"@id\":\"https:\/\/corona1.eu\/de\/#website\"},\"primaryImageOfPage\":{\"@id\":\"https:\/\/corona1.eu\/de\/pulverisierer\/#primaryimage\"},\"image\":{\"@id\":\"https:\/\/corona1.eu\/de\/pulverisierer\/#primaryimage\"},\"thumbnailUrl\":\"https:\/\/corona1.eu\/de\/wp-content\/uploads\/2025\/06\/grupa_pulweryzatorty_16x9.png\",\"datePublished\":\"2025-06-09T08:46:32+00:00\",\"dateModified\":\"2025-06-09T08:46:37+00:00\",\"description\":\"Pulverisierer sind eine Reihe von Spezialger\u00e4ten, die die Zerkleinerung von Kunststoffen zur anschlie\u00dfenden Verwendung in verschiedenen Verarbeitungsprozessen erm\u00f6glichen\",\"breadcrumb\":{\"@id\":\"https:\/\/corona1.eu\/de\/pulverisierer\/#breadcrumb\"},\"inLanguage\":\"de\",\"potentialAction\":[{\"@type\":\"ReadAction\",\"target\":[\"https:\/\/corona1.eu\/de\/pulverisierer\/\"]}]},{\"@type\":\"ImageObject\",\"inLanguage\":\"de\",\"@id\":\"https:\/\/corona1.eu\/de\/pulverisierer\/#primaryimage\",\"url\":\"https:\/\/corona1.eu\/de\/wp-content\/uploads\/2025\/06\/grupa_pulweryzatorty_16x9.png\",\"contentUrl\":\"https:\/\/corona1.eu\/de\/wp-content\/uploads\/2025\/06\/grupa_pulweryzatorty_16x9.png\",\"width\":889,\"height\":500},{\"@type\":\"BreadcrumbList\",\"@id\":\"https:\/\/corona1.eu\/de\/pulverisierer\/#breadcrumb\",\"itemListElement\":[{\"@type\":\"ListItem\",\"position\":1,\"name\":\"Startseite\",\"item\":\"https:\/\/corona1.eu\/de\/\"},{\"@type\":\"ListItem\",\"position\":2,\"name\":\"Pulverisierer\"}]},{\"@type\":\"WebSite\",\"@id\":\"https:\/\/corona1.eu\/de\/#website\",\"url\":\"https:\/\/corona1.eu\/de\/\",\"name\":\"CORONA Serwis\",\"description\":\"\",\"potentialAction\":[{\"@type\":\"SearchAction\",\"target\":{\"@type\":\"EntryPoint\",\"urlTemplate\":\"https:\/\/corona1.eu\/de\/?s={search_term_string}\"},\"query-input\":{\"@type\":\"PropertyValueSpecification\",\"valueRequired\":true,\"valueName\":\"search_term_string\"}}],\"inLanguage\":\"de\"}]}<\/script>\n<!-- \/ Yoast SEO plugin. -->","yoast_head_json":{"title":"Pulverisierer - CORONA Serwis","description":"Pulverisierer sind eine Reihe von Spezialger\u00e4ten, die die Zerkleinerung von Kunststoffen zur anschlie\u00dfenden Verwendung in verschiedenen Verarbeitungsprozessen erm\u00f6glichen","robots":{"index":"index","follow":"follow","max-snippet":"max-snippet:-1","max-image-preview":"max-image-preview:large","max-video-preview":"max-video-preview:-1"},"canonical":"https:\/\/corona1.eu\/de\/pulverisierer\/","og_locale":"de_DE","og_type":"article","og_title":"Pulverisierer - CORONA Serwis","og_description":"Pulverisierer sind eine Reihe von Spezialger\u00e4ten, die die Zerkleinerung von Kunststoffen zur anschlie\u00dfenden Verwendung in verschiedenen Verarbeitungsprozessen erm\u00f6glichen","og_url":"https:\/\/corona1.eu\/de\/pulverisierer\/","og_site_name":"CORONA Serwis","article_modified_time":"2025-06-09T08:46:37+00:00","og_image":[{"width":889,"height":500,"url":"https:\/\/corona1.eu\/de\/wp-content\/uploads\/2025\/06\/grupa_pulweryzatorty_16x9.png","type":"image\/png"}],"twitter_card":"summary_large_image","twitter_misc":{"Gesch\u00e4tzte Lesezeit":"1\u00a0Minute"},"schema":{"@context":"https:\/\/schema.org","@graph":[{"@type":"WebPage","@id":"https:\/\/corona1.eu\/de\/pulverisierer\/","url":"https:\/\/corona1.eu\/de\/pulverisierer\/","name":"Pulverisierer - CORONA Serwis","isPartOf":{"@id":"https:\/\/corona1.eu\/de\/#website"},"primaryImageOfPage":{"@id":"https:\/\/corona1.eu\/de\/pulverisierer\/#primaryimage"},"image":{"@id":"https:\/\/corona1.eu\/de\/pulverisierer\/#primaryimage"},"thumbnailUrl":"https:\/\/corona1.eu\/de\/wp-content\/uploads\/2025\/06\/grupa_pulweryzatorty_16x9.png","datePublished":"2025-06-09T08:46:32+00:00","dateModified":"2025-06-09T08:46:37+00:00","description":"Pulverisierer sind eine Reihe von Spezialger\u00e4ten, die die Zerkleinerung von Kunststoffen zur anschlie\u00dfenden Verwendung in verschiedenen Verarbeitungsprozessen erm\u00f6glichen","breadcrumb":{"@id":"https:\/\/corona1.eu\/de\/pulverisierer\/#breadcrumb"},"inLanguage":"de","potentialAction":[{"@type":"ReadAction","target":["https:\/\/corona1.eu\/de\/pulverisierer\/"]}]},{"@type":"ImageObject","inLanguage":"de","@id":"https:\/\/corona1.eu\/de\/pulverisierer\/#primaryimage","url":"https:\/\/corona1.eu\/de\/wp-content\/uploads\/2025\/06\/grupa_pulweryzatorty_16x9.png","contentUrl":"https:\/\/corona1.eu\/de\/wp-content\/uploads\/2025\/06\/grupa_pulweryzatorty_16x9.png","width":889,"height":500},{"@type":"BreadcrumbList","@id":"https:\/\/corona1.eu\/de\/pulverisierer\/#breadcrumb","itemListElement":[{"@type":"ListItem","position":1,"name":"Startseite","item":"https:\/\/corona1.eu\/de\/"},{"@type":"ListItem","position":2,"name":"Pulverisierer"}]},{"@type":"WebSite","@id":"https:\/\/corona1.eu\/de\/#website","url":"https:\/\/corona1.eu\/de\/","name":"CORONA Serwis","description":"","potentialAction":[{"@type":"SearchAction","target":{"@type":"EntryPoint","urlTemplate":"https:\/\/corona1.eu\/de\/?s={search_term_string}"},"query-input":{"@type":"PropertyValueSpecification","valueRequired":true,"valueName":"search_term_string"}}],"inLanguage":"de"}]}},"_links":{"self":[{"href":"https:\/\/corona1.eu\/de\/wp-json\/wp\/v2\/pages\/446","targetHints":{"allow":["GET"]}}],"collection":[{"href":"https:\/\/corona1.eu\/de\/wp-json\/wp\/v2\/pages"}],"about":[{"href":"https:\/\/corona1.eu\/de\/wp-json\/wp\/v2\/types\/page"}],"author":[{"embeddable":true,"href":"https:\/\/corona1.eu\/de\/wp-json\/wp\/v2\/users\/1"}],"replies":[{"embeddable":true,"href":"https:\/\/corona1.eu\/de\/wp-json\/wp\/v2\/comments?post=446"}],"version-history":[{"count":1,"href":"https:\/\/corona1.eu\/de\/wp-json\/wp\/v2\/pages\/446\/revisions"}],"predecessor-version":[{"id":448,"href":"https:\/\/corona1.eu\/de\/wp-json\/wp\/v2\/pages\/446\/revisions\/448"}],"wp:featuredmedia":[{"embeddable":true,"href":"https:\/\/corona1.eu\/de\/wp-json\/wp\/v2\/media\/447"}],"wp:attachment":[{"href":"https:\/\/corona1.eu\/de\/wp-json\/wp\/v2\/media?parent=446"}],"wp:term":[{"taxonomy":"category","embeddable":true,"href":"https:\/\/corona1.eu\/de\/wp-json\/wp\/v2\/categories?post=446"},{"taxonomy":"post_tag","embeddable":true,"href":"https:\/\/corona1.eu\/de\/wp-json\/wp\/v2\/tags?post=446"}],"curies":[{"name":"wp","href":"https:\/\/api.w.org\/{rel}","templated":true}]}}