{"id":442,"date":"2025-06-09T10:40:31","date_gmt":"2025-06-09T08:40:31","guid":{"rendered":"https:\/\/corona1.eu\/de\/?page_id=442"},"modified":"2025-06-09T10:41:03","modified_gmt":"2025-06-09T08:41:03","slug":"granulierer-aero-centro-duro","status":"publish","type":"page","link":"https:\/\/corona1.eu\/de\/granulierend\/granulierer-aero-centro-duro\/","title":{"rendered":"Granulierer AERO CENTRO DURO"},"content":{"rendered":"\n\n<h2 class=\"wp-block-heading\">Effiziente Granulattrocknungstechnologie f\u00fcr ein breites Spektrum von Anwendungen<\/h2>\n\n\n\n\n\n<p>Effiziente Granulattrocknung ist ein Garant f\u00fcr hohe Qualit\u00e4t. Da verschiedene Granulatarten unterschiedliche Eigenschaften haben, ist eine Optimierung des Trocknungsprozesses zwingend erforderlich.<\/p>\n\n\n\n\n\n<p>Automatik Plastics Machinery ist der einzige Anbieter, der die vielf\u00e4ltigen Anforderungen im Bereich der Trocknung erf\u00fcllt: <strong>AERO\u00ae<\/strong> &#8211; Pralltrockner, <strong>CENTRO\u00ae<\/strong> &#8211; Zentrifugaltrockner, <strong>DURO\u00ae<\/strong> &#8211; Bandtrockner.<\/p>\n\n\n\n\n\n<p>Die Trockner werden je nach Kundenanforderung sowohl mit dem Granuliersystem <strong>SPHERO\u00ae<\/strong> als auch mit den Systemen <strong>M-USG\u00ae<\/strong> und <strong>P-USG\u00ae<\/strong> kombiniert.<\/p>\n\n\n\n\n\n<p><strong>Vorteile:<\/strong><\/p>\n\n\n\n\n\n<ul class=\"wp-block-list\">\n\n<li>Hohe Qualit\u00e4t sowohl f\u00fcr unverarbeitete Polymere, verschiedene Arten von Blends, als auch f\u00fcr Produkte ohne F\u00fcll- und Verst\u00e4rkungsstoffe und f\u00fcr Elastomere<\/li>\n\n\n\n\n\n<li>Trocknung von kugelf\u00f6rmigen und zylindrischen Granulaten und mikrofeinen Mischungen<\/li>\n\n\n\n\n\n<li>Gro\u00dfer Durchsatzbereich: von kleinen Materialmengen bis zu 4.000 kg\/h<\/li>\n\n\n\n\n\n<li>Gleichm\u00e4\u00dfige Materialzuf\u00fchrung<\/li>\n\n\n\n\n\n<li>Energieeffizient<\/li>\n\n<\/ul>\n\n\n\n\n\n<p><\/p>\n\n","protected":false},"excerpt":{"rendered":"<p>Effiziente Granulattrocknungstechnologie f\u00fcr ein breites Spektrum von Anwendungen Effiziente Granulattrocknung ist ein Garant f\u00fcr hohe [&hellip;]<\/p>\n","protected":false},"author":1,"featured_media":443,"parent":401,"menu_order":0,"comment_status":"closed","ping_status":"closed","template":"kg_products_template.php","meta":{"pgc_sgb_lightbox_settings":"","footnotes":""},"categories":[27],"tags":[],"class_list":["post-442","page","type-page","status-publish","has-post-thumbnail","hentry","category-granulierend"],"yoast_head":"<!-- This site is optimized with the Yoast SEO plugin v27.1.1 - https:\/\/yoast.com\/product\/yoast-seo-wordpress\/ -->\n<title>Granulierer AERO CENTRO DURO - CORONA Serwis<\/title>\n<meta name=\"robots\" content=\"index, follow, max-snippet:-1, max-image-preview:large, max-video-preview:-1\" \/>\n<link rel=\"canonical\" href=\"https:\/\/corona1.eu\/de\/granulierend\/granulierer-aero-centro-duro\/\" \/>\n<meta property=\"og:locale\" content=\"de_DE\" \/>\n<meta property=\"og:type\" content=\"article\" \/>\n<meta property=\"og:title\" content=\"Granulierer AERO CENTRO DURO - CORONA Serwis\" \/>\n<meta property=\"og:description\" content=\"Effiziente Granulattrocknungstechnologie f\u00fcr ein breites Spektrum von Anwendungen Effiziente Granulattrocknung ist ein Garant f\u00fcr hohe [&hellip;]\" \/>\n<meta property=\"og:url\" content=\"https:\/\/corona1.eu\/de\/granulierend\/granulierer-aero-centro-duro\/\" \/>\n<meta property=\"og:site_name\" content=\"CORONA Serwis\" \/>\n<meta property=\"article:modified_time\" content=\"2025-06-09T08:41:03+00:00\" \/>\n<meta property=\"og:image\" content=\"https:\/\/corona1.eu\/de\/wp-content\/uploads\/2025\/06\/aero_centro_duro-300x279-2.png\" \/>\n\t<meta property=\"og:image:width\" content=\"300\" \/>\n\t<meta property=\"og:image:height\" content=\"279\" \/>\n\t<meta property=\"og:image:type\" content=\"image\/png\" \/>\n<meta name=\"twitter:card\" content=\"summary_large_image\" \/>\n<meta name=\"twitter:label1\" content=\"Gesch\u00e4tzte Lesezeit\" \/>\n\t<meta name=\"twitter:data1\" content=\"1\u00a0Minute\" \/>\n<script type=\"application\/ld+json\" class=\"yoast-schema-graph\">{\"@context\":\"https:\/\/schema.org\",\"@graph\":[{\"@type\":\"WebPage\",\"@id\":\"https:\/\/corona1.eu\/de\/granulierend\/granulierer-aero-centro-duro\/\",\"url\":\"https:\/\/corona1.eu\/de\/granulierend\/granulierer-aero-centro-duro\/\",\"name\":\"Granulierer AERO CENTRO DURO - CORONA Serwis\",\"isPartOf\":{\"@id\":\"https:\/\/corona1.eu\/de\/#website\"},\"primaryImageOfPage\":{\"@id\":\"https:\/\/corona1.eu\/de\/granulierend\/granulierer-aero-centro-duro\/#primaryimage\"},\"image\":{\"@id\":\"https:\/\/corona1.eu\/de\/granulierend\/granulierer-aero-centro-duro\/#primaryimage\"},\"thumbnailUrl\":\"https:\/\/corona1.eu\/de\/wp-content\/uploads\/2025\/06\/aero_centro_duro-300x279-2.png\",\"datePublished\":\"2025-06-09T08:40:31+00:00\",\"dateModified\":\"2025-06-09T08:41:03+00:00\",\"breadcrumb\":{\"@id\":\"https:\/\/corona1.eu\/de\/granulierend\/granulierer-aero-centro-duro\/#breadcrumb\"},\"inLanguage\":\"de\",\"potentialAction\":[{\"@type\":\"ReadAction\",\"target\":[\"https:\/\/corona1.eu\/de\/granulierend\/granulierer-aero-centro-duro\/\"]}]},{\"@type\":\"ImageObject\",\"inLanguage\":\"de\",\"@id\":\"https:\/\/corona1.eu\/de\/granulierend\/granulierer-aero-centro-duro\/#primaryimage\",\"url\":\"https:\/\/corona1.eu\/de\/wp-content\/uploads\/2025\/06\/aero_centro_duro-300x279-2.png\",\"contentUrl\":\"https:\/\/corona1.eu\/de\/wp-content\/uploads\/2025\/06\/aero_centro_duro-300x279-2.png\",\"width\":300,\"height\":279},{\"@type\":\"BreadcrumbList\",\"@id\":\"https:\/\/corona1.eu\/de\/granulierend\/granulierer-aero-centro-duro\/#breadcrumb\",\"itemListElement\":[{\"@type\":\"ListItem\",\"position\":1,\"name\":\"Startseite\",\"item\":\"https:\/\/corona1.eu\/de\/\"},{\"@type\":\"ListItem\",\"position\":2,\"name\":\"Granulierend\",\"item\":\"https:\/\/corona1.eu\/de\/granulierend\/\"},{\"@type\":\"ListItem\",\"position\":3,\"name\":\"Granulierer AERO CENTRO DURO\"}]},{\"@type\":\"WebSite\",\"@id\":\"https:\/\/corona1.eu\/de\/#website\",\"url\":\"https:\/\/corona1.eu\/de\/\",\"name\":\"CORONA Serwis\",\"description\":\"\",\"potentialAction\":[{\"@type\":\"SearchAction\",\"target\":{\"@type\":\"EntryPoint\",\"urlTemplate\":\"https:\/\/corona1.eu\/de\/?s={search_term_string}\"},\"query-input\":{\"@type\":\"PropertyValueSpecification\",\"valueRequired\":true,\"valueName\":\"search_term_string\"}}],\"inLanguage\":\"de\"}]}<\/script>\n<!-- \/ Yoast SEO plugin. -->","yoast_head_json":{"title":"Granulierer AERO CENTRO DURO - CORONA Serwis","robots":{"index":"index","follow":"follow","max-snippet":"max-snippet:-1","max-image-preview":"max-image-preview:large","max-video-preview":"max-video-preview:-1"},"canonical":"https:\/\/corona1.eu\/de\/granulierend\/granulierer-aero-centro-duro\/","og_locale":"de_DE","og_type":"article","og_title":"Granulierer AERO CENTRO DURO - CORONA Serwis","og_description":"Effiziente Granulattrocknungstechnologie f\u00fcr ein breites Spektrum von Anwendungen Effiziente Granulattrocknung ist ein Garant f\u00fcr hohe [&hellip;]","og_url":"https:\/\/corona1.eu\/de\/granulierend\/granulierer-aero-centro-duro\/","og_site_name":"CORONA Serwis","article_modified_time":"2025-06-09T08:41:03+00:00","og_image":[{"width":300,"height":279,"url":"https:\/\/corona1.eu\/de\/wp-content\/uploads\/2025\/06\/aero_centro_duro-300x279-2.png","type":"image\/png"}],"twitter_card":"summary_large_image","twitter_misc":{"Gesch\u00e4tzte Lesezeit":"1\u00a0Minute"},"schema":{"@context":"https:\/\/schema.org","@graph":[{"@type":"WebPage","@id":"https:\/\/corona1.eu\/de\/granulierend\/granulierer-aero-centro-duro\/","url":"https:\/\/corona1.eu\/de\/granulierend\/granulierer-aero-centro-duro\/","name":"Granulierer AERO CENTRO DURO - CORONA Serwis","isPartOf":{"@id":"https:\/\/corona1.eu\/de\/#website"},"primaryImageOfPage":{"@id":"https:\/\/corona1.eu\/de\/granulierend\/granulierer-aero-centro-duro\/#primaryimage"},"image":{"@id":"https:\/\/corona1.eu\/de\/granulierend\/granulierer-aero-centro-duro\/#primaryimage"},"thumbnailUrl":"https:\/\/corona1.eu\/de\/wp-content\/uploads\/2025\/06\/aero_centro_duro-300x279-2.png","datePublished":"2025-06-09T08:40:31+00:00","dateModified":"2025-06-09T08:41:03+00:00","breadcrumb":{"@id":"https:\/\/corona1.eu\/de\/granulierend\/granulierer-aero-centro-duro\/#breadcrumb"},"inLanguage":"de","potentialAction":[{"@type":"ReadAction","target":["https:\/\/corona1.eu\/de\/granulierend\/granulierer-aero-centro-duro\/"]}]},{"@type":"ImageObject","inLanguage":"de","@id":"https:\/\/corona1.eu\/de\/granulierend\/granulierer-aero-centro-duro\/#primaryimage","url":"https:\/\/corona1.eu\/de\/wp-content\/uploads\/2025\/06\/aero_centro_duro-300x279-2.png","contentUrl":"https:\/\/corona1.eu\/de\/wp-content\/uploads\/2025\/06\/aero_centro_duro-300x279-2.png","width":300,"height":279},{"@type":"BreadcrumbList","@id":"https:\/\/corona1.eu\/de\/granulierend\/granulierer-aero-centro-duro\/#breadcrumb","itemListElement":[{"@type":"ListItem","position":1,"name":"Startseite","item":"https:\/\/corona1.eu\/de\/"},{"@type":"ListItem","position":2,"name":"Granulierend","item":"https:\/\/corona1.eu\/de\/granulierend\/"},{"@type":"ListItem","position":3,"name":"Granulierer AERO CENTRO DURO"}]},{"@type":"WebSite","@id":"https:\/\/corona1.eu\/de\/#website","url":"https:\/\/corona1.eu\/de\/","name":"CORONA Serwis","description":"","potentialAction":[{"@type":"SearchAction","target":{"@type":"EntryPoint","urlTemplate":"https:\/\/corona1.eu\/de\/?s={search_term_string}"},"query-input":{"@type":"PropertyValueSpecification","valueRequired":true,"valueName":"search_term_string"}}],"inLanguage":"de"}]}},"_links":{"self":[{"href":"https:\/\/corona1.eu\/de\/wp-json\/wp\/v2\/pages\/442","targetHints":{"allow":["GET"]}}],"collection":[{"href":"https:\/\/corona1.eu\/de\/wp-json\/wp\/v2\/pages"}],"about":[{"href":"https:\/\/corona1.eu\/de\/wp-json\/wp\/v2\/types\/page"}],"author":[{"embeddable":true,"href":"https:\/\/corona1.eu\/de\/wp-json\/wp\/v2\/users\/1"}],"replies":[{"embeddable":true,"href":"https:\/\/corona1.eu\/de\/wp-json\/wp\/v2\/comments?post=442"}],"version-history":[{"count":2,"href":"https:\/\/corona1.eu\/de\/wp-json\/wp\/v2\/pages\/442\/revisions"}],"predecessor-version":[{"id":445,"href":"https:\/\/corona1.eu\/de\/wp-json\/wp\/v2\/pages\/442\/revisions\/445"}],"up":[{"embeddable":true,"href":"https:\/\/corona1.eu\/de\/wp-json\/wp\/v2\/pages\/401"}],"wp:featuredmedia":[{"embeddable":true,"href":"https:\/\/corona1.eu\/de\/wp-json\/wp\/v2\/media\/443"}],"wp:attachment":[{"href":"https:\/\/corona1.eu\/de\/wp-json\/wp\/v2\/media?parent=442"}],"wp:term":[{"taxonomy":"category","embeddable":true,"href":"https:\/\/corona1.eu\/de\/wp-json\/wp\/v2\/categories?post=442"},{"taxonomy":"post_tag","embeddable":true,"href":"https:\/\/corona1.eu\/de\/wp-json\/wp\/v2\/tags?post=442"}],"curies":[{"name":"wp","href":"https:\/\/api.w.org\/{rel}","templated":true}]}}