{"id":439,"date":"2025-06-09T10:37:55","date_gmt":"2025-06-09T08:37:55","guid":{"rendered":"https:\/\/corona1.eu\/de\/?page_id=439"},"modified":"2025-06-09T10:38:25","modified_gmt":"2025-06-09T08:38:25","slug":"granulierer-droppo","status":"publish","type":"page","link":"https:\/\/corona1.eu\/de\/granulierend\/granulierer-droppo\/","title":{"rendered":"Granulierer DROPPO"},"content":{"rendered":"\n\n<h2 class=\"wp-block-heading\">Ein Drop-in-Granuliersystem zur Herstellung perfekt kugelf\u00f6rmiger, staubfreier Granulate<\/h2>\n\n\n\n\n\n<p><strong>Anwendungsbereich:<\/strong><\/p>\n\n\n\n\n\n<p>Das <strong>DROPPO\u00ae-Tropfengranuliersystem<\/strong> ist ideal f\u00fcr niedrigviskose Dispersionen und Fl\u00fcssigkeiten mit einer Viskosit\u00e4t von weniger als 500 mPas:<\/p>\n\n\n\n\n\n<ul class=\"wp-block-list\">\n\n<li>kunststoffvorprodukte, z.B.:\n\n<ul class=\"wp-block-list\">\n\n<li>dimethylterephthalat,<\/li>\n\n\n\n\n\n<li>bisphenol A,<\/li>\n\n\n\n\n\n<li>maleins\u00e4ureanhydrid,<\/li>\n\n\n\n\n\n<li>carbamid<\/li>\n\n<\/ul>\n\n<\/li>\n\n\n\n\n\n<li>d\u00fcnnfl\u00fcssige Kunststoffe, z. B:\n\n<ul class=\"wp-block-list\">\n\n<li>PET<\/li>\n\n<\/ul>\n\n<\/li>\n\n\n\n\n\n<li>zusatzstoffe in der Kunststoffindustrie, z. B:\n\n<ul class=\"wp-block-list\">\n\n<li>licht- und Hei\u00dfstabilisatoren,<\/li>\n\n\n\n\n\n<li>gleitmittel,<\/li>\n\n\n\n\n\n<li>wirkstoffe<\/li>\n\n<\/ul>\n\n<\/li>\n\n\n\n\n\n<li>wirkstoffe in der Lebensmittel- und Gew\u00fcrzindustrie, z. B:\n\n<ul class=\"wp-block-list\">\n\n<li>hermetisch verschlossene Produkte<\/li>\n\n<\/ul>\n\n<\/li>\n\n<\/ul>\n\n\n\n\n\n<p><\/p>\n\n\n\n\n\n<p><strong>DROPPO\u00ae Schneidm\u00fchlen &#8211; Vorteile:<\/strong><\/p>\n\n\n\n\n\n<ul class=\"wp-block-list\">\n\n<li>Ideal f\u00fcr niedrigviskose Materialien und f\u00fcr Fl\u00fcssigkeiten<\/li>\n\n\n\n\n\n<li>Durch den gleichm\u00e4\u00dfigen Materialtransport und die hohe Sch\u00fcttdichte der Faltung sowie die exakte Nachdosierung wird ein perfekt kugelf\u00f6rmiges, staubfreies Granulat erzielt<\/li>\n\n\n\n\n\n<li>Die Austragseinheit kann in bestehende Anlagen wie Spr\u00fcht\u00fcrme etc. integriert werden.<\/li>\n\n\n\n\n\n<li>hohe Rentabilit\u00e4t durch reduzierten Energieverbrauch und geringen Personalbedarf<\/li>\n\n\n\n\n\n<li>Schnelle und einfache Umstellung<\/li>\n\n\n\n\n\n<li>Keine M\u00f6glichkeit des mechanischen Verschlei\u00dfes<\/li>\n\n<\/ul>\n\n\n\n\n\n<p><\/p>\n\n\n\n<div class=\"pgc-sgb-cb wp-block-pgcsimplygalleryblock-grid \" data-gallery-id=\"bf386079\"><div class=\"sgb-preloader\" id=\"pr_bf386079\">\n\t<div class=\"sgb-square\" style=\"background:#d4d4d4\"><\/div>\n\t<div class=\"sgb-square\" style=\"background:#d4d4d4\"><\/div>\n\t<div class=\"sgb-square\" style=\"background:#d4d4d4\"><\/div>\n\t<div class=\"sgb-square\" style=\"background:#d4d4d4\"><\/div><\/div><div class=\"simply-gallery-amp pgc_sgb_slider \"><noscript><div class=\"sgb-gallery\"><div class=\"sgb-item\"><a href=\"https:\/\/corona1.eu\/granulatory-do-tworzyw-sztucznych\/granulator-droppo\/droppo\/\" target=\"_blank\"><img decoding=\"async\" alt=\"\" width=\"300\" height=\"183\" loading=\"lazy\" src=\"https:\/\/corona1.eu\/wp-content\/uploads\/2022\/09\/droppo-300x183.png\" srcset=\"https:\/\/corona1.eu\/wp-content\/uploads\/2022\/09\/droppo-300x183.png 300w,https:\/\/corona1.eu\/wp-content\/uploads\/2022\/09\/droppo-1024x623.png 640w,https:\/\/corona1.eu\/wp-content\/uploads\/2022\/09\/droppo.png 1250w\" sizes=\"auto, 250px\"\/><\/a><\/div><\/div><\/noscript><\/div><script type=\"application\/json\" class=\"sgb-data\">{\"collectionColumns\":1,\"thumbHieghtRation\":0.6,\"collectionThumbSubMenuDownload\":false,\"collectionThumbSubMenuShare\":false,\"galleryType\":\"pgc_sgb_grid\",\"galleryId\":\"bf386079\",\"images\":[{\"id\":1876,\"title\":\"droppo\",\"url\":\"https:\/\/corona1.eu\/wp-content\/uploads\/2022\/09\/droppo.png\",\"link\":\"https:\/\/corona1.eu\/granulatory-do-tworzyw-sztucznych\/granulator-droppo\/droppo\/\",\"alt\":\"\",\"description\":\"\",\"caption\":\"\",\"mime\":\"image\/png\",\"type\":\"image\",\"width\":1250,\"height\":761,\"sizes\":{\"thumbnail\":{\"height\":150,\"width\":150,\"url\":\"https:\/\/corona1.eu\/wp-content\/uploads\/2022\/09\/droppo-150x150.png\",\"orientation\":\"landscape\"},\"medium\":{\"height\":183,\"width\":300,\"url\":\"https:\/\/corona1.eu\/wp-content\/uploads\/2022\/09\/droppo-300x183.png\",\"orientation\":\"landscape\"},\"large\":{\"height\":389,\"width\":640,\"url\":\"https:\/\/corona1.eu\/wp-content\/uploads\/2022\/09\/droppo-1024x623.png\",\"orientation\":\"landscape\"},\"full\":{\"url\":\"https:\/\/corona1.eu\/wp-content\/uploads\/2022\/09\/droppo.png\",\"height\":761,\"width\":1250,\"orientation\":\"landscape\"}},\"meta\":false,\"postlink\":\"https:\/\/corona1.eu\/granulatory-do-tworzyw-sztucznych\/granulator-droppo\/droppo\/\"}],\"itemsMetaDataCollection\":[]}<\/script><script>(function(){if(window.PGC_SGB && window.PGC_SGB.searcher){window.PGC_SGB.searcher.initBlocks()}})()<\/script><\/div>\n\n\n\n\n<p><\/p>\n\n\n\n\n\n<p><strong>DROPPO\u00ae Funktionsprinzipien:<\/strong><\/p>\n\n\n\n\n\n<p>Die niedrigviskose Substanz oder Fl\u00fcssigkeit wird aus dem Aufgeber <strong>(1)<\/strong> ausgetragen, gefiltert <strong>(2)<\/strong> und von dort zur Austragsvorrichtung <strong>(3)<\/strong> transportiert. Dort wird das Produkt auf die Lochplatte verteilt und durch die konkistisch angeordneten Loch\u00f6ffnungen <strong>(4)<\/strong> gepumpt. Durch harmonische Schwingungen werden besonders homogene Tr\u00f6pfchen von der Substanz abgeschieden. Die Oberfl\u00e4chenspannung formt die Tr\u00f6pfchen im freien Fall zu perfekten Kugeln. W\u00e4hrend des Abstiegs werden diese Tr\u00f6pfchen einem Verfestigungsprozess <strong>(5)<\/strong> unterzogen, indem sie eine Schicht aus K\u00fchlgas (Luft, Stickstoff) durchqueren. Dies kann auch durch Eintauchen in Wasser erreicht werden. Die koagulierten DROPPO-Tropfen werden zur weiteren Verarbeitung transportiert <strong>(6)<\/strong>. Das K\u00fchlmedium wird gefiltert, auf die entsprechende Temperatur gebracht und rezirkuliert <strong>(7)<\/strong><\/p>\n\n\n\n\n\n<p><strong>Beschreibung:<\/strong><\/p>\n\n\n\n\n\n<p>Automatik Plastics Machinery bietet die perfekte L\u00f6sung f\u00fcr Ihre individuellen Anforderungen: DROPPO Mini f\u00fcr die Entwicklungsabteilung und f\u00fcr den Einsatz im Labor, DROPPO 50 f\u00fcr kleine und mittlere Produktionslinien und DROPPO 300 f\u00fcr die Gro\u00dfserienproduktion. Mit dem Testger\u00e4t DROPPO Mini k\u00f6nnen Sie die relevanten Prozessparameter \u00fcberpr\u00fcfen und vorbereiten, bevor Sie mit der Produktion im gro\u00dfen Ma\u00dfstab beginnen. Es erm\u00f6glicht auch die Herstellung einer Versuchscharge von Material. Das Ger\u00e4t ist mit einer austauschbaren Einlochd\u00fcse ausgestattet und erm\u00f6glicht es, mit nur drei Litern Material eine betr\u00e4chtliche Menge an Tests durchzuf\u00fchren. Der DROPPO Mini ist die perfekte Erg\u00e4nzung zum DROPPO-System, das f\u00fcr die Produktion im gro\u00dfen Ma\u00dfstab verwendet wird.<\/p>\n\n","protected":false},"excerpt":{"rendered":"<p>Ein Drop-in-Granuliersystem zur Herstellung perfekt kugelf\u00f6rmiger, staubfreier Granulate Anwendungsbereich: Das DROPPO\u00ae-Tropfengranuliersystem ist ideal f\u00fcr niedrigviskose [&hellip;]<\/p>\n","protected":false},"author":1,"featured_media":435,"parent":401,"menu_order":0,"comment_status":"closed","ping_status":"closed","template":"kg_products_template.php","meta":{"pgc_sgb_lightbox_settings":"","footnotes":""},"categories":[27],"tags":[],"class_list":["post-439","page","type-page","status-publish","has-post-thumbnail","hentry","category-granulierend"],"yoast_head":"<!-- This site is optimized with the Yoast SEO plugin v27.1.1 - https:\/\/yoast.com\/product\/yoast-seo-wordpress\/ -->\n<title>Granulierer DROPPO - CORONA Serwis<\/title>\n<meta name=\"robots\" content=\"index, follow, max-snippet:-1, max-image-preview:large, max-video-preview:-1\" \/>\n<link rel=\"canonical\" href=\"https:\/\/corona1.eu\/de\/granulierend\/granulierer-droppo\/\" \/>\n<meta property=\"og:locale\" content=\"de_DE\" \/>\n<meta property=\"og:type\" content=\"article\" \/>\n<meta property=\"og:title\" content=\"Granulierer DROPPO - CORONA Serwis\" \/>\n<meta property=\"og:description\" content=\"Ein Drop-in-Granuliersystem zur Herstellung perfekt kugelf\u00f6rmiger, staubfreier Granulate Anwendungsbereich: Das DROPPO\u00ae-Tropfengranuliersystem ist ideal f\u00fcr niedrigviskose [&hellip;]\" \/>\n<meta property=\"og:url\" content=\"https:\/\/corona1.eu\/de\/granulierend\/granulierer-droppo\/\" \/>\n<meta property=\"og:site_name\" content=\"CORONA Serwis\" \/>\n<meta property=\"article:modified_time\" content=\"2025-06-09T08:38:25+00:00\" \/>\n<meta property=\"og:image\" content=\"https:\/\/corona1.eu\/de\/wp-content\/uploads\/2025\/06\/droppo_automatik_scheer_gala-industries_maag-group-300x300-2.png\" \/>\n\t<meta property=\"og:image:width\" content=\"300\" \/>\n\t<meta property=\"og:image:height\" content=\"300\" \/>\n\t<meta property=\"og:image:type\" content=\"image\/png\" \/>\n<meta name=\"twitter:card\" content=\"summary_large_image\" \/>\n<meta name=\"twitter:label1\" content=\"Gesch\u00e4tzte Lesezeit\" \/>\n\t<meta name=\"twitter:data1\" content=\"3\u00a0Minuten\" \/>\n<script type=\"application\/ld+json\" class=\"yoast-schema-graph\">{\"@context\":\"https:\/\/schema.org\",\"@graph\":[{\"@type\":\"WebPage\",\"@id\":\"https:\/\/corona1.eu\/de\/granulierend\/granulierer-droppo\/\",\"url\":\"https:\/\/corona1.eu\/de\/granulierend\/granulierer-droppo\/\",\"name\":\"Granulierer DROPPO - CORONA Serwis\",\"isPartOf\":{\"@id\":\"https:\/\/corona1.eu\/de\/#website\"},\"primaryImageOfPage\":{\"@id\":\"https:\/\/corona1.eu\/de\/granulierend\/granulierer-droppo\/#primaryimage\"},\"image\":{\"@id\":\"https:\/\/corona1.eu\/de\/granulierend\/granulierer-droppo\/#primaryimage\"},\"thumbnailUrl\":\"https:\/\/corona1.eu\/de\/wp-content\/uploads\/2025\/06\/droppo_automatik_scheer_gala-industries_maag-group-300x300-2.png\",\"datePublished\":\"2025-06-09T08:37:55+00:00\",\"dateModified\":\"2025-06-09T08:38:25+00:00\",\"breadcrumb\":{\"@id\":\"https:\/\/corona1.eu\/de\/granulierend\/granulierer-droppo\/#breadcrumb\"},\"inLanguage\":\"de\",\"potentialAction\":[{\"@type\":\"ReadAction\",\"target\":[\"https:\/\/corona1.eu\/de\/granulierend\/granulierer-droppo\/\"]}]},{\"@type\":\"ImageObject\",\"inLanguage\":\"de\",\"@id\":\"https:\/\/corona1.eu\/de\/granulierend\/granulierer-droppo\/#primaryimage\",\"url\":\"https:\/\/corona1.eu\/de\/wp-content\/uploads\/2025\/06\/droppo_automatik_scheer_gala-industries_maag-group-300x300-2.png\",\"contentUrl\":\"https:\/\/corona1.eu\/de\/wp-content\/uploads\/2025\/06\/droppo_automatik_scheer_gala-industries_maag-group-300x300-2.png\",\"width\":300,\"height\":300},{\"@type\":\"BreadcrumbList\",\"@id\":\"https:\/\/corona1.eu\/de\/granulierend\/granulierer-droppo\/#breadcrumb\",\"itemListElement\":[{\"@type\":\"ListItem\",\"position\":1,\"name\":\"Startseite\",\"item\":\"https:\/\/corona1.eu\/de\/\"},{\"@type\":\"ListItem\",\"position\":2,\"name\":\"Granulierend\",\"item\":\"https:\/\/corona1.eu\/de\/granulierend\/\"},{\"@type\":\"ListItem\",\"position\":3,\"name\":\"Granulierer DROPPO\"}]},{\"@type\":\"WebSite\",\"@id\":\"https:\/\/corona1.eu\/de\/#website\",\"url\":\"https:\/\/corona1.eu\/de\/\",\"name\":\"CORONA Serwis\",\"description\":\"\",\"potentialAction\":[{\"@type\":\"SearchAction\",\"target\":{\"@type\":\"EntryPoint\",\"urlTemplate\":\"https:\/\/corona1.eu\/de\/?s={search_term_string}\"},\"query-input\":{\"@type\":\"PropertyValueSpecification\",\"valueRequired\":true,\"valueName\":\"search_term_string\"}}],\"inLanguage\":\"de\"}]}<\/script>\n<!-- \/ Yoast SEO plugin. -->","yoast_head_json":{"title":"Granulierer DROPPO - CORONA Serwis","robots":{"index":"index","follow":"follow","max-snippet":"max-snippet:-1","max-image-preview":"max-image-preview:large","max-video-preview":"max-video-preview:-1"},"canonical":"https:\/\/corona1.eu\/de\/granulierend\/granulierer-droppo\/","og_locale":"de_DE","og_type":"article","og_title":"Granulierer DROPPO - CORONA Serwis","og_description":"Ein Drop-in-Granuliersystem zur Herstellung perfekt kugelf\u00f6rmiger, staubfreier Granulate Anwendungsbereich: Das DROPPO\u00ae-Tropfengranuliersystem ist ideal f\u00fcr niedrigviskose [&hellip;]","og_url":"https:\/\/corona1.eu\/de\/granulierend\/granulierer-droppo\/","og_site_name":"CORONA Serwis","article_modified_time":"2025-06-09T08:38:25+00:00","og_image":[{"width":300,"height":300,"url":"https:\/\/corona1.eu\/de\/wp-content\/uploads\/2025\/06\/droppo_automatik_scheer_gala-industries_maag-group-300x300-2.png","type":"image\/png"}],"twitter_card":"summary_large_image","twitter_misc":{"Gesch\u00e4tzte Lesezeit":"3\u00a0Minuten"},"schema":{"@context":"https:\/\/schema.org","@graph":[{"@type":"WebPage","@id":"https:\/\/corona1.eu\/de\/granulierend\/granulierer-droppo\/","url":"https:\/\/corona1.eu\/de\/granulierend\/granulierer-droppo\/","name":"Granulierer DROPPO - CORONA Serwis","isPartOf":{"@id":"https:\/\/corona1.eu\/de\/#website"},"primaryImageOfPage":{"@id":"https:\/\/corona1.eu\/de\/granulierend\/granulierer-droppo\/#primaryimage"},"image":{"@id":"https:\/\/corona1.eu\/de\/granulierend\/granulierer-droppo\/#primaryimage"},"thumbnailUrl":"https:\/\/corona1.eu\/de\/wp-content\/uploads\/2025\/06\/droppo_automatik_scheer_gala-industries_maag-group-300x300-2.png","datePublished":"2025-06-09T08:37:55+00:00","dateModified":"2025-06-09T08:38:25+00:00","breadcrumb":{"@id":"https:\/\/corona1.eu\/de\/granulierend\/granulierer-droppo\/#breadcrumb"},"inLanguage":"de","potentialAction":[{"@type":"ReadAction","target":["https:\/\/corona1.eu\/de\/granulierend\/granulierer-droppo\/"]}]},{"@type":"ImageObject","inLanguage":"de","@id":"https:\/\/corona1.eu\/de\/granulierend\/granulierer-droppo\/#primaryimage","url":"https:\/\/corona1.eu\/de\/wp-content\/uploads\/2025\/06\/droppo_automatik_scheer_gala-industries_maag-group-300x300-2.png","contentUrl":"https:\/\/corona1.eu\/de\/wp-content\/uploads\/2025\/06\/droppo_automatik_scheer_gala-industries_maag-group-300x300-2.png","width":300,"height":300},{"@type":"BreadcrumbList","@id":"https:\/\/corona1.eu\/de\/granulierend\/granulierer-droppo\/#breadcrumb","itemListElement":[{"@type":"ListItem","position":1,"name":"Startseite","item":"https:\/\/corona1.eu\/de\/"},{"@type":"ListItem","position":2,"name":"Granulierend","item":"https:\/\/corona1.eu\/de\/granulierend\/"},{"@type":"ListItem","position":3,"name":"Granulierer DROPPO"}]},{"@type":"WebSite","@id":"https:\/\/corona1.eu\/de\/#website","url":"https:\/\/corona1.eu\/de\/","name":"CORONA Serwis","description":"","potentialAction":[{"@type":"SearchAction","target":{"@type":"EntryPoint","urlTemplate":"https:\/\/corona1.eu\/de\/?s={search_term_string}"},"query-input":{"@type":"PropertyValueSpecification","valueRequired":true,"valueName":"search_term_string"}}],"inLanguage":"de"}]}},"_links":{"self":[{"href":"https:\/\/corona1.eu\/de\/wp-json\/wp\/v2\/pages\/439","targetHints":{"allow":["GET"]}}],"collection":[{"href":"https:\/\/corona1.eu\/de\/wp-json\/wp\/v2\/pages"}],"about":[{"href":"https:\/\/corona1.eu\/de\/wp-json\/wp\/v2\/types\/page"}],"author":[{"embeddable":true,"href":"https:\/\/corona1.eu\/de\/wp-json\/wp\/v2\/users\/1"}],"replies":[{"embeddable":true,"href":"https:\/\/corona1.eu\/de\/wp-json\/wp\/v2\/comments?post=439"}],"version-history":[{"count":2,"href":"https:\/\/corona1.eu\/de\/wp-json\/wp\/v2\/pages\/439\/revisions"}],"predecessor-version":[{"id":441,"href":"https:\/\/corona1.eu\/de\/wp-json\/wp\/v2\/pages\/439\/revisions\/441"}],"up":[{"embeddable":true,"href":"https:\/\/corona1.eu\/de\/wp-json\/wp\/v2\/pages\/401"}],"wp:featuredmedia":[{"embeddable":true,"href":"https:\/\/corona1.eu\/de\/wp-json\/wp\/v2\/media\/435"}],"wp:attachment":[{"href":"https:\/\/corona1.eu\/de\/wp-json\/wp\/v2\/media?parent=439"}],"wp:term":[{"taxonomy":"category","embeddable":true,"href":"https:\/\/corona1.eu\/de\/wp-json\/wp\/v2\/categories?post=439"},{"taxonomy":"post_tag","embeddable":true,"href":"https:\/\/corona1.eu\/de\/wp-json\/wp\/v2\/tags?post=439"}],"curies":[{"name":"wp","href":"https:\/\/api.w.org\/{rel}","templated":true}]}}