{"id":431,"date":"2025-06-09T10:31:24","date_gmt":"2025-06-09T08:31:24","guid":{"rendered":"https:\/\/corona1.eu\/de\/?page_id=431"},"modified":"2025-06-09T10:36:13","modified_gmt":"2025-06-09T08:36:13","slug":"granulierer-primo-plus","status":"publish","type":"page","link":"https:\/\/corona1.eu\/de\/granulierend\/granulierer-primo-plus\/","title":{"rendered":"Granulierer PRIMO PLUS"},"content":{"rendered":"\n\n<h2 class=\"wp-block-heading\">Flossing-System f\u00fcr den Trockenschnitt<\/h2>\n\n\n\n\n\n<p>Wenn Wirtschaftlichkeit oberste Priorit\u00e4t hat und der Anlauf der Bandproduktion ein einfaches und effizientes Recycling erfordert, bieten wir eine L\u00f6sung: <strong>PRIMO PLUS\u00ae<\/strong> &#8211; das Fadengranuliersystem f\u00fcr den Trockenschnitt. Das Vor- und Endmaterial wird sofort granuliert und kann dem Extrusionsprozess wieder zugef\u00fchrt werden. Die Minimierung von Abfall und Materialverlusten auf nahezu Null f\u00fchrt zu erheblichen Einsparungen im Produktionsprozess.<\/p>\n\n\n\n\n\n<p><strong>PRIMO PLUS\u00ae Schneidm\u00fchlen &#8211; Vorteile:<\/strong><\/p>\n\n\n\n\n\n<ul class=\"wp-block-list\">\n\n<li>Geringere Produktionskosten durch die M\u00f6glichkeit der Materialwiederverwendung<\/li>\n\n\n\n\n\n<li>Reduktion der manuellen Arbeit<\/li>\n\n\n\n\n\n<li>Nahezu staubfreies, homogenes und leicht zu dosierendes Granulat<\/li>\n\n\n\n\n\n<li>Verschlei\u00dffeste Schneidwerkzeuge<\/li>\n\n\n\n\n\n<li>Sehr niedriger Ger\u00e4uschpegel<\/li>\n\n\n\n\n\n<li>Leichter Zugang f\u00fcr Wartung und Reinigung<\/li>\n\n\n\n\n\n<li>M\u00f6glichkeit, die Gr\u00f6\u00dfe und Anzahl der Granulatstreifen zu bestimmen<\/li>\n\n\n\n\n\n<li>Ausgezeichnete Granulatqualit\u00e4t<\/li>\n\n<\/ul>\n\n","protected":false},"excerpt":{"rendered":"<p>Flossing-System f\u00fcr den Trockenschnitt Wenn Wirtschaftlichkeit oberste Priorit\u00e4t hat und der Anlauf der Bandproduktion ein [&hellip;]<\/p>\n","protected":false},"author":1,"featured_media":432,"parent":401,"menu_order":0,"comment_status":"closed","ping_status":"closed","template":"kg_products_template.php","meta":{"pgc_sgb_lightbox_settings":"","footnotes":""},"categories":[27],"tags":[],"class_list":["post-431","page","type-page","status-publish","has-post-thumbnail","hentry","category-granulierend"],"yoast_head":"<!-- This site is optimized with the Yoast SEO plugin v27.1.1 - https:\/\/yoast.com\/product\/yoast-seo-wordpress\/ -->\n<title>Granulierer PRIMO PLUS - CORONA Serwis<\/title>\n<meta name=\"robots\" content=\"index, follow, max-snippet:-1, max-image-preview:large, max-video-preview:-1\" \/>\n<link rel=\"canonical\" href=\"https:\/\/corona1.eu\/de\/granulierend\/granulierer-primo-plus\/\" \/>\n<meta property=\"og:locale\" content=\"de_DE\" \/>\n<meta property=\"og:type\" content=\"article\" \/>\n<meta property=\"og:title\" content=\"Granulierer PRIMO PLUS - CORONA Serwis\" \/>\n<meta property=\"og:description\" content=\"Flossing-System f\u00fcr den Trockenschnitt Wenn Wirtschaftlichkeit oberste Priorit\u00e4t hat und der Anlauf der Bandproduktion ein [&hellip;]\" \/>\n<meta property=\"og:url\" content=\"https:\/\/corona1.eu\/de\/granulierend\/granulierer-primo-plus\/\" \/>\n<meta property=\"og:site_name\" content=\"CORONA Serwis\" \/>\n<meta property=\"article:modified_time\" content=\"2025-06-09T08:36:13+00:00\" \/>\n<meta property=\"og:image\" content=\"https:\/\/corona1.eu\/de\/wp-content\/uploads\/2025\/06\/primo_plus_maag_automatik_maag-group-300x300-2.png\" \/>\n\t<meta property=\"og:image:width\" content=\"300\" \/>\n\t<meta property=\"og:image:height\" content=\"300\" \/>\n\t<meta property=\"og:image:type\" content=\"image\/png\" \/>\n<meta name=\"twitter:card\" content=\"summary_large_image\" \/>\n<meta name=\"twitter:label1\" content=\"Gesch\u00e4tzte Lesezeit\" \/>\n\t<meta name=\"twitter:data1\" content=\"1\u00a0Minute\" \/>\n<script type=\"application\/ld+json\" class=\"yoast-schema-graph\">{\"@context\":\"https:\/\/schema.org\",\"@graph\":[{\"@type\":\"WebPage\",\"@id\":\"https:\/\/corona1.eu\/de\/granulierend\/granulierer-primo-plus\/\",\"url\":\"https:\/\/corona1.eu\/de\/granulierend\/granulierer-primo-plus\/\",\"name\":\"Granulierer PRIMO PLUS - CORONA Serwis\",\"isPartOf\":{\"@id\":\"https:\/\/corona1.eu\/de\/#website\"},\"primaryImageOfPage\":{\"@id\":\"https:\/\/corona1.eu\/de\/granulierend\/granulierer-primo-plus\/#primaryimage\"},\"image\":{\"@id\":\"https:\/\/corona1.eu\/de\/granulierend\/granulierer-primo-plus\/#primaryimage\"},\"thumbnailUrl\":\"https:\/\/corona1.eu\/de\/wp-content\/uploads\/2025\/06\/primo_plus_maag_automatik_maag-group-300x300-2.png\",\"datePublished\":\"2025-06-09T08:31:24+00:00\",\"dateModified\":\"2025-06-09T08:36:13+00:00\",\"breadcrumb\":{\"@id\":\"https:\/\/corona1.eu\/de\/granulierend\/granulierer-primo-plus\/#breadcrumb\"},\"inLanguage\":\"de\",\"potentialAction\":[{\"@type\":\"ReadAction\",\"target\":[\"https:\/\/corona1.eu\/de\/granulierend\/granulierer-primo-plus\/\"]}]},{\"@type\":\"ImageObject\",\"inLanguage\":\"de\",\"@id\":\"https:\/\/corona1.eu\/de\/granulierend\/granulierer-primo-plus\/#primaryimage\",\"url\":\"https:\/\/corona1.eu\/de\/wp-content\/uploads\/2025\/06\/primo_plus_maag_automatik_maag-group-300x300-2.png\",\"contentUrl\":\"https:\/\/corona1.eu\/de\/wp-content\/uploads\/2025\/06\/primo_plus_maag_automatik_maag-group-300x300-2.png\",\"width\":300,\"height\":300},{\"@type\":\"BreadcrumbList\",\"@id\":\"https:\/\/corona1.eu\/de\/granulierend\/granulierer-primo-plus\/#breadcrumb\",\"itemListElement\":[{\"@type\":\"ListItem\",\"position\":1,\"name\":\"Startseite\",\"item\":\"https:\/\/corona1.eu\/de\/\"},{\"@type\":\"ListItem\",\"position\":2,\"name\":\"Granulierend\",\"item\":\"https:\/\/corona1.eu\/de\/granulierend\/\"},{\"@type\":\"ListItem\",\"position\":3,\"name\":\"Granulierer PRIMO PLUS\"}]},{\"@type\":\"WebSite\",\"@id\":\"https:\/\/corona1.eu\/de\/#website\",\"url\":\"https:\/\/corona1.eu\/de\/\",\"name\":\"CORONA Serwis\",\"description\":\"\",\"potentialAction\":[{\"@type\":\"SearchAction\",\"target\":{\"@type\":\"EntryPoint\",\"urlTemplate\":\"https:\/\/corona1.eu\/de\/?s={search_term_string}\"},\"query-input\":{\"@type\":\"PropertyValueSpecification\",\"valueRequired\":true,\"valueName\":\"search_term_string\"}}],\"inLanguage\":\"de\"}]}<\/script>\n<!-- \/ Yoast SEO plugin. -->","yoast_head_json":{"title":"Granulierer PRIMO PLUS - CORONA Serwis","robots":{"index":"index","follow":"follow","max-snippet":"max-snippet:-1","max-image-preview":"max-image-preview:large","max-video-preview":"max-video-preview:-1"},"canonical":"https:\/\/corona1.eu\/de\/granulierend\/granulierer-primo-plus\/","og_locale":"de_DE","og_type":"article","og_title":"Granulierer PRIMO PLUS - CORONA Serwis","og_description":"Flossing-System f\u00fcr den Trockenschnitt Wenn Wirtschaftlichkeit oberste Priorit\u00e4t hat und der Anlauf der Bandproduktion ein [&hellip;]","og_url":"https:\/\/corona1.eu\/de\/granulierend\/granulierer-primo-plus\/","og_site_name":"CORONA Serwis","article_modified_time":"2025-06-09T08:36:13+00:00","og_image":[{"width":300,"height":300,"url":"https:\/\/corona1.eu\/de\/wp-content\/uploads\/2025\/06\/primo_plus_maag_automatik_maag-group-300x300-2.png","type":"image\/png"}],"twitter_card":"summary_large_image","twitter_misc":{"Gesch\u00e4tzte Lesezeit":"1\u00a0Minute"},"schema":{"@context":"https:\/\/schema.org","@graph":[{"@type":"WebPage","@id":"https:\/\/corona1.eu\/de\/granulierend\/granulierer-primo-plus\/","url":"https:\/\/corona1.eu\/de\/granulierend\/granulierer-primo-plus\/","name":"Granulierer PRIMO PLUS - CORONA Serwis","isPartOf":{"@id":"https:\/\/corona1.eu\/de\/#website"},"primaryImageOfPage":{"@id":"https:\/\/corona1.eu\/de\/granulierend\/granulierer-primo-plus\/#primaryimage"},"image":{"@id":"https:\/\/corona1.eu\/de\/granulierend\/granulierer-primo-plus\/#primaryimage"},"thumbnailUrl":"https:\/\/corona1.eu\/de\/wp-content\/uploads\/2025\/06\/primo_plus_maag_automatik_maag-group-300x300-2.png","datePublished":"2025-06-09T08:31:24+00:00","dateModified":"2025-06-09T08:36:13+00:00","breadcrumb":{"@id":"https:\/\/corona1.eu\/de\/granulierend\/granulierer-primo-plus\/#breadcrumb"},"inLanguage":"de","potentialAction":[{"@type":"ReadAction","target":["https:\/\/corona1.eu\/de\/granulierend\/granulierer-primo-plus\/"]}]},{"@type":"ImageObject","inLanguage":"de","@id":"https:\/\/corona1.eu\/de\/granulierend\/granulierer-primo-plus\/#primaryimage","url":"https:\/\/corona1.eu\/de\/wp-content\/uploads\/2025\/06\/primo_plus_maag_automatik_maag-group-300x300-2.png","contentUrl":"https:\/\/corona1.eu\/de\/wp-content\/uploads\/2025\/06\/primo_plus_maag_automatik_maag-group-300x300-2.png","width":300,"height":300},{"@type":"BreadcrumbList","@id":"https:\/\/corona1.eu\/de\/granulierend\/granulierer-primo-plus\/#breadcrumb","itemListElement":[{"@type":"ListItem","position":1,"name":"Startseite","item":"https:\/\/corona1.eu\/de\/"},{"@type":"ListItem","position":2,"name":"Granulierend","item":"https:\/\/corona1.eu\/de\/granulierend\/"},{"@type":"ListItem","position":3,"name":"Granulierer PRIMO PLUS"}]},{"@type":"WebSite","@id":"https:\/\/corona1.eu\/de\/#website","url":"https:\/\/corona1.eu\/de\/","name":"CORONA Serwis","description":"","potentialAction":[{"@type":"SearchAction","target":{"@type":"EntryPoint","urlTemplate":"https:\/\/corona1.eu\/de\/?s={search_term_string}"},"query-input":{"@type":"PropertyValueSpecification","valueRequired":true,"valueName":"search_term_string"}}],"inLanguage":"de"}]}},"_links":{"self":[{"href":"https:\/\/corona1.eu\/de\/wp-json\/wp\/v2\/pages\/431","targetHints":{"allow":["GET"]}}],"collection":[{"href":"https:\/\/corona1.eu\/de\/wp-json\/wp\/v2\/pages"}],"about":[{"href":"https:\/\/corona1.eu\/de\/wp-json\/wp\/v2\/types\/page"}],"author":[{"embeddable":true,"href":"https:\/\/corona1.eu\/de\/wp-json\/wp\/v2\/users\/1"}],"replies":[{"embeddable":true,"href":"https:\/\/corona1.eu\/de\/wp-json\/wp\/v2\/comments?post=431"}],"version-history":[{"count":4,"href":"https:\/\/corona1.eu\/de\/wp-json\/wp\/v2\/pages\/431\/revisions"}],"predecessor-version":[{"id":438,"href":"https:\/\/corona1.eu\/de\/wp-json\/wp\/v2\/pages\/431\/revisions\/438"}],"up":[{"embeddable":true,"href":"https:\/\/corona1.eu\/de\/wp-json\/wp\/v2\/pages\/401"}],"wp:featuredmedia":[{"embeddable":true,"href":"https:\/\/corona1.eu\/de\/wp-json\/wp\/v2\/media\/432"}],"wp:attachment":[{"href":"https:\/\/corona1.eu\/de\/wp-json\/wp\/v2\/media?parent=431"}],"wp:term":[{"taxonomy":"category","embeddable":true,"href":"https:\/\/corona1.eu\/de\/wp-json\/wp\/v2\/categories?post=431"},{"taxonomy":"post_tag","embeddable":true,"href":"https:\/\/corona1.eu\/de\/wp-json\/wp\/v2\/tags?post=431"}],"curies":[{"name":"wp","href":"https:\/\/api.w.org\/{rel}","templated":true}]}}