{"id":423,"date":"2025-06-09T10:25:10","date_gmt":"2025-06-09T08:25:10","guid":{"rendered":"https:\/\/corona1.eu\/de\/?page_id=423"},"modified":"2025-06-09T10:25:28","modified_gmt":"2025-06-09T08:25:28","slug":"granulierer-baoli-3","status":"publish","type":"page","link":"https:\/\/corona1.eu\/de\/granulierend\/granulierer-baoli-3\/","title":{"rendered":"Granulierer BAOLI 3"},"content":{"rendered":"\n\n<p>Kompakte doppellagige Schneidm\u00fchle f\u00fcr das trockene Schneiden von Material in zylindrische Pellets. Die Qualit\u00e4t des entstehenden Materials erm\u00f6glicht eine problemlose Verarbeitung. Die Maschine ist vollst\u00e4ndig konfigurierbar und l\u00e4sst sich in bestehende Produktionslinien integrieren.<\/p>\n\n\n\n\n\n<p><strong>BAOLI 3\u00ae Schneidm\u00fchlen &#8211; Vorteile:<\/strong><\/p>\n\n\n\n\n\n<ul class=\"wp-block-list\">\n\n<li>Hohe Anpassungsf\u00e4higkeit durch das patentierte H\u00f6henverstellsystem.<\/li>\n\n\n\n\n\n<li>Duales Bedienfeldsystem<\/li>\n\n\n\n\n\n<li>Reduzierter Maschinenl\u00e4rm durch das D\u00e4mpfungssystem im Rahmen.<\/li>\n\n\n\n\n\n<li>Einfache Bedienung und Reinigung<\/li>\n\n\n\n\n\n<li>Hohe Zuverl\u00e4ssigkeit der Maschine.<\/li>\n\n<\/ul>\n\n","protected":false},"excerpt":{"rendered":"<p>Kompakte doppellagige Schneidm\u00fchle f\u00fcr das trockene Schneiden von Material in zylindrische Pellets. Die Qualit\u00e4t des [&hellip;]<\/p>\n","protected":false},"author":1,"featured_media":424,"parent":401,"menu_order":0,"comment_status":"closed","ping_status":"closed","template":"kg_products_template.php","meta":{"pgc_sgb_lightbox_settings":"","footnotes":""},"categories":[27],"tags":[],"class_list":["post-423","page","type-page","status-publish","has-post-thumbnail","hentry","category-granulierend"],"yoast_head":"<!-- This site is optimized with the Yoast SEO plugin v27.1.1 - https:\/\/yoast.com\/product\/yoast-seo-wordpress\/ -->\n<title>Granulierer BAOLI 3 - CORONA Serwis<\/title>\n<meta name=\"robots\" content=\"index, follow, max-snippet:-1, max-image-preview:large, max-video-preview:-1\" \/>\n<link rel=\"canonical\" href=\"https:\/\/corona1.eu\/de\/granulierend\/granulierer-baoli-3\/\" \/>\n<meta property=\"og:locale\" content=\"de_DE\" \/>\n<meta property=\"og:type\" content=\"article\" \/>\n<meta property=\"og:title\" content=\"Granulierer BAOLI 3 - CORONA Serwis\" \/>\n<meta property=\"og:description\" content=\"Kompakte doppellagige Schneidm\u00fchle f\u00fcr das trockene Schneiden von Material in zylindrische Pellets. Die Qualit\u00e4t des [&hellip;]\" \/>\n<meta property=\"og:url\" content=\"https:\/\/corona1.eu\/de\/granulierend\/granulierer-baoli-3\/\" \/>\n<meta property=\"og:site_name\" content=\"CORONA Serwis\" \/>\n<meta property=\"article:modified_time\" content=\"2025-06-09T08:25:28+00:00\" \/>\n<meta property=\"og:image\" content=\"https:\/\/corona1.eu\/de\/wp-content\/uploads\/2025\/06\/baoli_3_maag_automatik_maag-group-300x300-1.png\" \/>\n\t<meta property=\"og:image:width\" content=\"300\" \/>\n\t<meta property=\"og:image:height\" content=\"300\" \/>\n\t<meta property=\"og:image:type\" content=\"image\/png\" \/>\n<meta name=\"twitter:card\" content=\"summary_large_image\" \/>\n<meta name=\"twitter:label1\" content=\"Gesch\u00e4tzte Lesezeit\" \/>\n\t<meta name=\"twitter:data1\" content=\"1\u00a0Minute\" \/>\n<script type=\"application\/ld+json\" class=\"yoast-schema-graph\">{\"@context\":\"https:\/\/schema.org\",\"@graph\":[{\"@type\":\"WebPage\",\"@id\":\"https:\/\/corona1.eu\/de\/granulierend\/granulierer-baoli-3\/\",\"url\":\"https:\/\/corona1.eu\/de\/granulierend\/granulierer-baoli-3\/\",\"name\":\"Granulierer BAOLI 3 - CORONA Serwis\",\"isPartOf\":{\"@id\":\"https:\/\/corona1.eu\/de\/#website\"},\"primaryImageOfPage\":{\"@id\":\"https:\/\/corona1.eu\/de\/granulierend\/granulierer-baoli-3\/#primaryimage\"},\"image\":{\"@id\":\"https:\/\/corona1.eu\/de\/granulierend\/granulierer-baoli-3\/#primaryimage\"},\"thumbnailUrl\":\"https:\/\/corona1.eu\/de\/wp-content\/uploads\/2025\/06\/baoli_3_maag_automatik_maag-group-300x300-1.png\",\"datePublished\":\"2025-06-09T08:25:10+00:00\",\"dateModified\":\"2025-06-09T08:25:28+00:00\",\"breadcrumb\":{\"@id\":\"https:\/\/corona1.eu\/de\/granulierend\/granulierer-baoli-3\/#breadcrumb\"},\"inLanguage\":\"de\",\"potentialAction\":[{\"@type\":\"ReadAction\",\"target\":[\"https:\/\/corona1.eu\/de\/granulierend\/granulierer-baoli-3\/\"]}]},{\"@type\":\"ImageObject\",\"inLanguage\":\"de\",\"@id\":\"https:\/\/corona1.eu\/de\/granulierend\/granulierer-baoli-3\/#primaryimage\",\"url\":\"https:\/\/corona1.eu\/de\/wp-content\/uploads\/2025\/06\/baoli_3_maag_automatik_maag-group-300x300-1.png\",\"contentUrl\":\"https:\/\/corona1.eu\/de\/wp-content\/uploads\/2025\/06\/baoli_3_maag_automatik_maag-group-300x300-1.png\",\"width\":300,\"height\":300},{\"@type\":\"BreadcrumbList\",\"@id\":\"https:\/\/corona1.eu\/de\/granulierend\/granulierer-baoli-3\/#breadcrumb\",\"itemListElement\":[{\"@type\":\"ListItem\",\"position\":1,\"name\":\"Startseite\",\"item\":\"https:\/\/corona1.eu\/de\/\"},{\"@type\":\"ListItem\",\"position\":2,\"name\":\"Granulierend\",\"item\":\"https:\/\/corona1.eu\/de\/granulierend\/\"},{\"@type\":\"ListItem\",\"position\":3,\"name\":\"Granulierer BAOLI 3\"}]},{\"@type\":\"WebSite\",\"@id\":\"https:\/\/corona1.eu\/de\/#website\",\"url\":\"https:\/\/corona1.eu\/de\/\",\"name\":\"CORONA Serwis\",\"description\":\"\",\"potentialAction\":[{\"@type\":\"SearchAction\",\"target\":{\"@type\":\"EntryPoint\",\"urlTemplate\":\"https:\/\/corona1.eu\/de\/?s={search_term_string}\"},\"query-input\":{\"@type\":\"PropertyValueSpecification\",\"valueRequired\":true,\"valueName\":\"search_term_string\"}}],\"inLanguage\":\"de\"}]}<\/script>\n<!-- \/ Yoast SEO plugin. -->","yoast_head_json":{"title":"Granulierer BAOLI 3 - CORONA Serwis","robots":{"index":"index","follow":"follow","max-snippet":"max-snippet:-1","max-image-preview":"max-image-preview:large","max-video-preview":"max-video-preview:-1"},"canonical":"https:\/\/corona1.eu\/de\/granulierend\/granulierer-baoli-3\/","og_locale":"de_DE","og_type":"article","og_title":"Granulierer BAOLI 3 - CORONA Serwis","og_description":"Kompakte doppellagige Schneidm\u00fchle f\u00fcr das trockene Schneiden von Material in zylindrische Pellets. Die Qualit\u00e4t des [&hellip;]","og_url":"https:\/\/corona1.eu\/de\/granulierend\/granulierer-baoli-3\/","og_site_name":"CORONA Serwis","article_modified_time":"2025-06-09T08:25:28+00:00","og_image":[{"width":300,"height":300,"url":"https:\/\/corona1.eu\/de\/wp-content\/uploads\/2025\/06\/baoli_3_maag_automatik_maag-group-300x300-1.png","type":"image\/png"}],"twitter_card":"summary_large_image","twitter_misc":{"Gesch\u00e4tzte Lesezeit":"1\u00a0Minute"},"schema":{"@context":"https:\/\/schema.org","@graph":[{"@type":"WebPage","@id":"https:\/\/corona1.eu\/de\/granulierend\/granulierer-baoli-3\/","url":"https:\/\/corona1.eu\/de\/granulierend\/granulierer-baoli-3\/","name":"Granulierer BAOLI 3 - CORONA Serwis","isPartOf":{"@id":"https:\/\/corona1.eu\/de\/#website"},"primaryImageOfPage":{"@id":"https:\/\/corona1.eu\/de\/granulierend\/granulierer-baoli-3\/#primaryimage"},"image":{"@id":"https:\/\/corona1.eu\/de\/granulierend\/granulierer-baoli-3\/#primaryimage"},"thumbnailUrl":"https:\/\/corona1.eu\/de\/wp-content\/uploads\/2025\/06\/baoli_3_maag_automatik_maag-group-300x300-1.png","datePublished":"2025-06-09T08:25:10+00:00","dateModified":"2025-06-09T08:25:28+00:00","breadcrumb":{"@id":"https:\/\/corona1.eu\/de\/granulierend\/granulierer-baoli-3\/#breadcrumb"},"inLanguage":"de","potentialAction":[{"@type":"ReadAction","target":["https:\/\/corona1.eu\/de\/granulierend\/granulierer-baoli-3\/"]}]},{"@type":"ImageObject","inLanguage":"de","@id":"https:\/\/corona1.eu\/de\/granulierend\/granulierer-baoli-3\/#primaryimage","url":"https:\/\/corona1.eu\/de\/wp-content\/uploads\/2025\/06\/baoli_3_maag_automatik_maag-group-300x300-1.png","contentUrl":"https:\/\/corona1.eu\/de\/wp-content\/uploads\/2025\/06\/baoli_3_maag_automatik_maag-group-300x300-1.png","width":300,"height":300},{"@type":"BreadcrumbList","@id":"https:\/\/corona1.eu\/de\/granulierend\/granulierer-baoli-3\/#breadcrumb","itemListElement":[{"@type":"ListItem","position":1,"name":"Startseite","item":"https:\/\/corona1.eu\/de\/"},{"@type":"ListItem","position":2,"name":"Granulierend","item":"https:\/\/corona1.eu\/de\/granulierend\/"},{"@type":"ListItem","position":3,"name":"Granulierer BAOLI 3"}]},{"@type":"WebSite","@id":"https:\/\/corona1.eu\/de\/#website","url":"https:\/\/corona1.eu\/de\/","name":"CORONA Serwis","description":"","potentialAction":[{"@type":"SearchAction","target":{"@type":"EntryPoint","urlTemplate":"https:\/\/corona1.eu\/de\/?s={search_term_string}"},"query-input":{"@type":"PropertyValueSpecification","valueRequired":true,"valueName":"search_term_string"}}],"inLanguage":"de"}]}},"_links":{"self":[{"href":"https:\/\/corona1.eu\/de\/wp-json\/wp\/v2\/pages\/423","targetHints":{"allow":["GET"]}}],"collection":[{"href":"https:\/\/corona1.eu\/de\/wp-json\/wp\/v2\/pages"}],"about":[{"href":"https:\/\/corona1.eu\/de\/wp-json\/wp\/v2\/types\/page"}],"author":[{"embeddable":true,"href":"https:\/\/corona1.eu\/de\/wp-json\/wp\/v2\/users\/1"}],"replies":[{"embeddable":true,"href":"https:\/\/corona1.eu\/de\/wp-json\/wp\/v2\/comments?post=423"}],"version-history":[{"count":2,"href":"https:\/\/corona1.eu\/de\/wp-json\/wp\/v2\/pages\/423\/revisions"}],"predecessor-version":[{"id":426,"href":"https:\/\/corona1.eu\/de\/wp-json\/wp\/v2\/pages\/423\/revisions\/426"}],"up":[{"embeddable":true,"href":"https:\/\/corona1.eu\/de\/wp-json\/wp\/v2\/pages\/401"}],"wp:featuredmedia":[{"embeddable":true,"href":"https:\/\/corona1.eu\/de\/wp-json\/wp\/v2\/media\/424"}],"wp:attachment":[{"href":"https:\/\/corona1.eu\/de\/wp-json\/wp\/v2\/media?parent=423"}],"wp:term":[{"taxonomy":"category","embeddable":true,"href":"https:\/\/corona1.eu\/de\/wp-json\/wp\/v2\/categories?post=423"},{"taxonomy":"post_tag","embeddable":true,"href":"https:\/\/corona1.eu\/de\/wp-json\/wp\/v2\/tags?post=423"}],"curies":[{"name":"wp","href":"https:\/\/api.w.org\/{rel}","templated":true}]}}