{"id":419,"date":"2025-06-09T10:22:16","date_gmt":"2025-06-09T08:22:16","guid":{"rendered":"https:\/\/corona1.eu\/de\/?page_id=419"},"modified":"2025-06-09T10:22:49","modified_gmt":"2025-06-09T08:22:49","slug":"granulierer-baoli-s","status":"publish","type":"page","link":"https:\/\/corona1.eu\/de\/granulierend\/granulierer-baoli-s\/","title":{"rendered":"Granulierer BAOLI S"},"content":{"rendered":"\n\n<p>Ein bew\u00e4hrter Granulator, der zylindrische Pellets von h\u00f6chster Qualit\u00e4t, auch in Mikrogr\u00f6\u00dfe, produziert. Seine Hauptanwendung ist das Trockenschneiden von Verbundstr\u00e4ngen und Vormischungen. Ein bew\u00e4hrtes Ger\u00e4t, das von Hunderten von Kunden in China eingesetzt wird.<\/p>\n\n\n\n\n\n<p><strong>BAOLI S\u00ae Schneidm\u00fchlen &#8211; Vorteile:<\/strong><\/p>\n\n\n\n\n\n<ul class=\"wp-block-list\">\n\n<li>Kosteng\u00fcnstige Produktion durch lange Lebensdauer der Maschine<\/li>\n\n\n\n\n\n<li>Einfache Bedienung, Reinigung und Umstellung.<\/li>\n\n\n\n\n\n<li>Hohe Qualit\u00e4t des Endprodukts<\/li>\n\n<\/ul>\n\n","protected":false},"excerpt":{"rendered":"<p>Ein bew\u00e4hrter Granulator, der zylindrische Pellets von h\u00f6chster Qualit\u00e4t, auch in Mikrogr\u00f6\u00dfe, produziert. Seine Hauptanwendung [&hellip;]<\/p>\n","protected":false},"author":1,"featured_media":420,"parent":401,"menu_order":0,"comment_status":"closed","ping_status":"closed","template":"kg_products_template.php","meta":{"pgc_sgb_lightbox_settings":"","footnotes":""},"categories":[27],"tags":[],"class_list":["post-419","page","type-page","status-publish","has-post-thumbnail","hentry","category-granulierend"],"yoast_head":"<!-- This site is optimized with the Yoast SEO plugin v27.1.1 - https:\/\/yoast.com\/product\/yoast-seo-wordpress\/ -->\n<title>Granulierer BAOLI S - CORONA Serwis<\/title>\n<meta name=\"robots\" content=\"index, follow, max-snippet:-1, max-image-preview:large, max-video-preview:-1\" \/>\n<link rel=\"canonical\" href=\"https:\/\/corona1.eu\/de\/granulierend\/granulierer-baoli-s\/\" \/>\n<meta property=\"og:locale\" content=\"de_DE\" \/>\n<meta property=\"og:type\" content=\"article\" \/>\n<meta property=\"og:title\" content=\"Granulierer BAOLI S - CORONA Serwis\" \/>\n<meta property=\"og:description\" content=\"Ein bew\u00e4hrter Granulator, der zylindrische Pellets von h\u00f6chster Qualit\u00e4t, auch in Mikrogr\u00f6\u00dfe, produziert. Seine Hauptanwendung [&hellip;]\" \/>\n<meta property=\"og:url\" content=\"https:\/\/corona1.eu\/de\/granulierend\/granulierer-baoli-s\/\" \/>\n<meta property=\"og:site_name\" content=\"CORONA Serwis\" \/>\n<meta property=\"article:modified_time\" content=\"2025-06-09T08:22:49+00:00\" \/>\n<meta property=\"og:image\" content=\"https:\/\/corona1.eu\/de\/wp-content\/uploads\/2025\/06\/BaoliS-300x241-1-e1664174314207.png\" \/>\n\t<meta property=\"og:image:width\" content=\"241\" \/>\n\t<meta property=\"og:image:height\" content=\"241\" \/>\n\t<meta property=\"og:image:type\" content=\"image\/png\" \/>\n<meta name=\"twitter:card\" content=\"summary_large_image\" \/>\n<meta name=\"twitter:label1\" content=\"Gesch\u00e4tzte Lesezeit\" \/>\n\t<meta name=\"twitter:data1\" content=\"1\u00a0Minute\" \/>\n<script type=\"application\/ld+json\" class=\"yoast-schema-graph\">{\"@context\":\"https:\/\/schema.org\",\"@graph\":[{\"@type\":\"WebPage\",\"@id\":\"https:\/\/corona1.eu\/de\/granulierend\/granulierer-baoli-s\/\",\"url\":\"https:\/\/corona1.eu\/de\/granulierend\/granulierer-baoli-s\/\",\"name\":\"Granulierer BAOLI S - CORONA Serwis\",\"isPartOf\":{\"@id\":\"https:\/\/corona1.eu\/de\/#website\"},\"primaryImageOfPage\":{\"@id\":\"https:\/\/corona1.eu\/de\/granulierend\/granulierer-baoli-s\/#primaryimage\"},\"image\":{\"@id\":\"https:\/\/corona1.eu\/de\/granulierend\/granulierer-baoli-s\/#primaryimage\"},\"thumbnailUrl\":\"https:\/\/corona1.eu\/de\/wp-content\/uploads\/2025\/06\/BaoliS-300x241-1-e1664174314207.png\",\"datePublished\":\"2025-06-09T08:22:16+00:00\",\"dateModified\":\"2025-06-09T08:22:49+00:00\",\"breadcrumb\":{\"@id\":\"https:\/\/corona1.eu\/de\/granulierend\/granulierer-baoli-s\/#breadcrumb\"},\"inLanguage\":\"de\",\"potentialAction\":[{\"@type\":\"ReadAction\",\"target\":[\"https:\/\/corona1.eu\/de\/granulierend\/granulierer-baoli-s\/\"]}]},{\"@type\":\"ImageObject\",\"inLanguage\":\"de\",\"@id\":\"https:\/\/corona1.eu\/de\/granulierend\/granulierer-baoli-s\/#primaryimage\",\"url\":\"https:\/\/corona1.eu\/de\/wp-content\/uploads\/2025\/06\/BaoliS-300x241-1-e1664174314207.png\",\"contentUrl\":\"https:\/\/corona1.eu\/de\/wp-content\/uploads\/2025\/06\/BaoliS-300x241-1-e1664174314207.png\",\"width\":241,\"height\":241},{\"@type\":\"BreadcrumbList\",\"@id\":\"https:\/\/corona1.eu\/de\/granulierend\/granulierer-baoli-s\/#breadcrumb\",\"itemListElement\":[{\"@type\":\"ListItem\",\"position\":1,\"name\":\"Startseite\",\"item\":\"https:\/\/corona1.eu\/de\/\"},{\"@type\":\"ListItem\",\"position\":2,\"name\":\"Granulierend\",\"item\":\"https:\/\/corona1.eu\/de\/granulierend\/\"},{\"@type\":\"ListItem\",\"position\":3,\"name\":\"Granulierer BAOLI S\"}]},{\"@type\":\"WebSite\",\"@id\":\"https:\/\/corona1.eu\/de\/#website\",\"url\":\"https:\/\/corona1.eu\/de\/\",\"name\":\"CORONA Serwis\",\"description\":\"\",\"potentialAction\":[{\"@type\":\"SearchAction\",\"target\":{\"@type\":\"EntryPoint\",\"urlTemplate\":\"https:\/\/corona1.eu\/de\/?s={search_term_string}\"},\"query-input\":{\"@type\":\"PropertyValueSpecification\",\"valueRequired\":true,\"valueName\":\"search_term_string\"}}],\"inLanguage\":\"de\"}]}<\/script>\n<!-- \/ Yoast SEO plugin. -->","yoast_head_json":{"title":"Granulierer BAOLI S - CORONA Serwis","robots":{"index":"index","follow":"follow","max-snippet":"max-snippet:-1","max-image-preview":"max-image-preview:large","max-video-preview":"max-video-preview:-1"},"canonical":"https:\/\/corona1.eu\/de\/granulierend\/granulierer-baoli-s\/","og_locale":"de_DE","og_type":"article","og_title":"Granulierer BAOLI S - CORONA Serwis","og_description":"Ein bew\u00e4hrter Granulator, der zylindrische Pellets von h\u00f6chster Qualit\u00e4t, auch in Mikrogr\u00f6\u00dfe, produziert. Seine Hauptanwendung [&hellip;]","og_url":"https:\/\/corona1.eu\/de\/granulierend\/granulierer-baoli-s\/","og_site_name":"CORONA Serwis","article_modified_time":"2025-06-09T08:22:49+00:00","og_image":[{"width":241,"height":241,"url":"https:\/\/corona1.eu\/de\/wp-content\/uploads\/2025\/06\/BaoliS-300x241-1-e1664174314207.png","type":"image\/png"}],"twitter_card":"summary_large_image","twitter_misc":{"Gesch\u00e4tzte Lesezeit":"1\u00a0Minute"},"schema":{"@context":"https:\/\/schema.org","@graph":[{"@type":"WebPage","@id":"https:\/\/corona1.eu\/de\/granulierend\/granulierer-baoli-s\/","url":"https:\/\/corona1.eu\/de\/granulierend\/granulierer-baoli-s\/","name":"Granulierer BAOLI S - CORONA Serwis","isPartOf":{"@id":"https:\/\/corona1.eu\/de\/#website"},"primaryImageOfPage":{"@id":"https:\/\/corona1.eu\/de\/granulierend\/granulierer-baoli-s\/#primaryimage"},"image":{"@id":"https:\/\/corona1.eu\/de\/granulierend\/granulierer-baoli-s\/#primaryimage"},"thumbnailUrl":"https:\/\/corona1.eu\/de\/wp-content\/uploads\/2025\/06\/BaoliS-300x241-1-e1664174314207.png","datePublished":"2025-06-09T08:22:16+00:00","dateModified":"2025-06-09T08:22:49+00:00","breadcrumb":{"@id":"https:\/\/corona1.eu\/de\/granulierend\/granulierer-baoli-s\/#breadcrumb"},"inLanguage":"de","potentialAction":[{"@type":"ReadAction","target":["https:\/\/corona1.eu\/de\/granulierend\/granulierer-baoli-s\/"]}]},{"@type":"ImageObject","inLanguage":"de","@id":"https:\/\/corona1.eu\/de\/granulierend\/granulierer-baoli-s\/#primaryimage","url":"https:\/\/corona1.eu\/de\/wp-content\/uploads\/2025\/06\/BaoliS-300x241-1-e1664174314207.png","contentUrl":"https:\/\/corona1.eu\/de\/wp-content\/uploads\/2025\/06\/BaoliS-300x241-1-e1664174314207.png","width":241,"height":241},{"@type":"BreadcrumbList","@id":"https:\/\/corona1.eu\/de\/granulierend\/granulierer-baoli-s\/#breadcrumb","itemListElement":[{"@type":"ListItem","position":1,"name":"Startseite","item":"https:\/\/corona1.eu\/de\/"},{"@type":"ListItem","position":2,"name":"Granulierend","item":"https:\/\/corona1.eu\/de\/granulierend\/"},{"@type":"ListItem","position":3,"name":"Granulierer BAOLI S"}]},{"@type":"WebSite","@id":"https:\/\/corona1.eu\/de\/#website","url":"https:\/\/corona1.eu\/de\/","name":"CORONA Serwis","description":"","potentialAction":[{"@type":"SearchAction","target":{"@type":"EntryPoint","urlTemplate":"https:\/\/corona1.eu\/de\/?s={search_term_string}"},"query-input":{"@type":"PropertyValueSpecification","valueRequired":true,"valueName":"search_term_string"}}],"inLanguage":"de"}]}},"_links":{"self":[{"href":"https:\/\/corona1.eu\/de\/wp-json\/wp\/v2\/pages\/419","targetHints":{"allow":["GET"]}}],"collection":[{"href":"https:\/\/corona1.eu\/de\/wp-json\/wp\/v2\/pages"}],"about":[{"href":"https:\/\/corona1.eu\/de\/wp-json\/wp\/v2\/types\/page"}],"author":[{"embeddable":true,"href":"https:\/\/corona1.eu\/de\/wp-json\/wp\/v2\/users\/1"}],"replies":[{"embeddable":true,"href":"https:\/\/corona1.eu\/de\/wp-json\/wp\/v2\/comments?post=419"}],"version-history":[{"count":2,"href":"https:\/\/corona1.eu\/de\/wp-json\/wp\/v2\/pages\/419\/revisions"}],"predecessor-version":[{"id":422,"href":"https:\/\/corona1.eu\/de\/wp-json\/wp\/v2\/pages\/419\/revisions\/422"}],"up":[{"embeddable":true,"href":"https:\/\/corona1.eu\/de\/wp-json\/wp\/v2\/pages\/401"}],"wp:featuredmedia":[{"embeddable":true,"href":"https:\/\/corona1.eu\/de\/wp-json\/wp\/v2\/media\/420"}],"wp:attachment":[{"href":"https:\/\/corona1.eu\/de\/wp-json\/wp\/v2\/media?parent=419"}],"wp:term":[{"taxonomy":"category","embeddable":true,"href":"https:\/\/corona1.eu\/de\/wp-json\/wp\/v2\/categories?post=419"},{"taxonomy":"post_tag","embeddable":true,"href":"https:\/\/corona1.eu\/de\/wp-json\/wp\/v2\/tags?post=419"}],"curies":[{"name":"wp","href":"https:\/\/api.w.org\/{rel}","templated":true}]}}