{"id":415,"date":"2025-06-09T10:14:45","date_gmt":"2025-06-09T08:14:45","guid":{"rendered":"https:\/\/corona1.eu\/de\/?page_id=415"},"modified":"2025-06-09T10:15:04","modified_gmt":"2025-06-09T08:15:04","slug":"granulierer-p-usg","status":"publish","type":"page","link":"https:\/\/corona1.eu\/de\/granulierend\/granulierer-p-usg\/","title":{"rendered":"Granulierer P-USG"},"content":{"rendered":"\n\n<h2 class=\"wp-block-heading\">Leistungsstarkes Unterwasser-Stranggranuliersystem f\u00fcr die kosteng\u00fcnstige Produktion<\/h2>\n\n\n\n\n\n<p><strong>Anwendungsbereich<\/strong>: <\/p>\n\n\n\n\n\n<p>P-USG Unterwassernitrid-Granuliersysteme werden haupts\u00e4chlich in der verarbeitenden Industrie eingesetzt, wo der Durchsatz 6.000 kg\/h nicht \u00fcberschreitet. P-USG Anlagen sind auch f\u00fcr die Verarbeitung von Mischungen mit F\u00fcllstoffen geeignet. Recyclate aus:<\/p>\n\n\n\n\n\n<ul class=\"wp-block-list\">\n\n<li>polyestern, z.B.: PET, PBT<\/li>\n\n\n\n\n\n<li>polyamiden, z.B: PA 6.6<\/li>\n\n\n\n\n\n<li>polycarbonate, z. B: PC<\/li>\n\n<\/ul>\n\n\n\n\n\n<p><\/p>\n\n\n\n\n\n<p>Thermoplaste und Massenkunststoffe mit F\u00fcllstoffen:<\/p>\n\n\n\n\n\n<ul class=\"wp-block-list\">\n\n<li>PP, PE 20-60% Talkum, Ru\u00df oder &#8222;Titanwei\u00df&#8220; TiO\u2082<\/li>\n\n\n\n\n\n<li>andere Kunststoffe &#8211; auf Anfrage<\/li>\n\n<\/ul>\n\n\n\n\n\n<p><\/p>\n\n\n\n\n\n<p><strong>P-USG\u00ae Schneidm\u00fchlen &#8211; Vorteile:<\/strong><\/p>\n\n\n\n\n\n<ul class=\"wp-block-list\">\n\n<li>Konstante, hervorragende Granulatqualit\u00e4t<\/li>\n\n\n\n\n\n<li>Einfache Handhabung<\/li>\n\n\n\n\n\n<li>Automatischer Fadensplice beim Anfahren und w\u00e4hrend der Produktion<\/li>\n\n\n\n\n\n<li>Arbeitsgeschwindigkeit von bis zu 250 m\/min<\/li>\n\n\n\n\n\n<li>Exzellente Qualit\u00e4t der Schneidwerkzeuge und F\u00f6rderkomponenten<\/li>\n\n<\/ul>\n\n\n\n\n\n<p><\/p>\n\n\n\n<div class=\"pgc-sgb-cb wp-block-pgcsimplygalleryblock-grid \" data-gallery-id=\"d1323854\"><div class=\"sgb-preloader\" id=\"pr_d1323854\">\n\t<div class=\"sgb-square\" style=\"background:#d4d4d4\"><\/div>\n\t<div class=\"sgb-square\" style=\"background:#d4d4d4\"><\/div>\n\t<div class=\"sgb-square\" style=\"background:#d4d4d4\"><\/div>\n\t<div class=\"sgb-square\" style=\"background:#d4d4d4\"><\/div><\/div><div class=\"simply-gallery-amp pgc_sgb_slider \"><noscript><div class=\"sgb-gallery\"><div class=\"sgb-item\"><a href=\"https:\/\/corona1.eu\/granulatory-do-tworzyw-sztucznych\/granulator-p-usg\/pusg\/\" target=\"_blank\"><img decoding=\"async\" alt=\"\" width=\"300\" height=\"171\" loading=\"lazy\" src=\"https:\/\/corona1.eu\/wp-content\/uploads\/2022\/09\/pusg-300x171.png\" srcset=\"https:\/\/corona1.eu\/wp-content\/uploads\/2022\/09\/pusg-300x171.png 300w,https:\/\/corona1.eu\/wp-content\/uploads\/2022\/09\/pusg-1024x584.png 640w,https:\/\/corona1.eu\/wp-content\/uploads\/2022\/09\/pusg.png 1400w\" sizes=\"auto, 250px\"\/><\/a><\/div><\/div><\/noscript><\/div><script type=\"application\/json\" class=\"sgb-data\">{\"collectionColumns\":1,\"thumbHieghtRation\":0.7,\"collectionThumbRecomendedWidth\":150,\"collectionThumbSubMenuDownload\":false,\"collectionThumbSubMenuShare\":false,\"galleryType\":\"pgc_sgb_grid\",\"galleryId\":\"d1323854\",\"images\":[{\"id\":1855,\"title\":\"pusg\",\"url\":\"https:\/\/corona1.eu\/wp-content\/uploads\/2022\/09\/pusg.png\",\"link\":\"https:\/\/corona1.eu\/granulatory-do-tworzyw-sztucznych\/granulator-p-usg\/pusg\/\",\"alt\":\"\",\"description\":\"\",\"caption\":\"\",\"mime\":\"image\/png\",\"type\":\"image\",\"width\":1400,\"height\":799,\"sizes\":{\"thumbnail\":{\"height\":150,\"width\":150,\"url\":\"https:\/\/corona1.eu\/wp-content\/uploads\/2022\/09\/pusg-150x150.png\",\"orientation\":\"landscape\"},\"medium\":{\"height\":171,\"width\":300,\"url\":\"https:\/\/corona1.eu\/wp-content\/uploads\/2022\/09\/pusg-300x171.png\",\"orientation\":\"landscape\"},\"large\":{\"height\":365,\"width\":640,\"url\":\"https:\/\/corona1.eu\/wp-content\/uploads\/2022\/09\/pusg-1024x584.png\",\"orientation\":\"landscape\"},\"full\":{\"url\":\"https:\/\/corona1.eu\/wp-content\/uploads\/2022\/09\/pusg.png\",\"height\":799,\"width\":1400,\"orientation\":\"landscape\"}},\"meta\":false,\"postlink\":\"https:\/\/corona1.eu\/granulatory-do-tworzyw-sztucznych\/granulator-p-usg\/pusg\/\"}],\"itemsMetaDataCollection\":[]}<\/script><script>(function(){if(window.PGC_SGB && window.PGC_SGB.searcher){window.PGC_SGB.searcher.initBlocks()}})()<\/script><\/div>\n\n\n\n\n<p><strong>Funktionsprinzip des P-USG\u00ae Systems<\/strong>: <\/p>\n\n\n\n\n\n<p>Die aus der Matrize<strong> (01)<\/strong> austretenden Polymerf\u00e4den werden auf die F\u00fchrung<strong> (02)<\/strong> geleitet, die vor dem Anfahren manuell eingestellt wird. Von hier aus werden die F\u00e4den mit Wasser zum Granulator transportiert. W\u00e4hrend des Transports k\u00fchlt das Wasser die F\u00e4den. Im Granulator <strong>(03)<\/strong> werden die Polymerf\u00e4den gegriffen und in die Schneidvorrichtung gef\u00fchrt, wo sie unter Wasser zu Granulat geschnitten werden. Die Suspension aus Granulat und Wasser wird zur K\u00fchlstrecke <strong>(04)<\/strong> transportiert. Hier wird das Granulat auf die gew\u00fcnschte Temperatur abgek\u00fchlt. Im Trockner <strong>(05)<\/strong> wird das Granulat vom Wasser getrennt und getrocknet. Das Granulat kann geteilt und zur Weiterverarbeitung transportiert werden <strong>(06)<\/strong>. Das Prozesswasser wird gefiltert und in der Wasseraufbereitungsanlage <strong>(07)<\/strong> auf die erforderliche Temperatur gebracht und im Kreislauf gef\u00fchrt.<\/p>\n\n\n\n\n\n<p><strong>Beschreibung:<\/strong><\/p>\n\n\n\n\n\n<p>Mit mehr als 60 Jahren Erfahrung auf dem Gebiet der Unterwasser-Stranggranuliersysteme bietet <em>Automatic Plastic Machinery <\/em>die richtige L\u00f6sung f\u00fcr individuelle Kundenbed\u00fcrfnisse. Die Unterwasser-Stranggranuliersysteme <strong>P-USG <\/strong>zeichnen sich durch hohe Arbeitsgeschwindigkeiten und Durchsatzleistungen aus und gew\u00e4hrleisten somit eine hohe Effizienz, die insbesondere im Bereich der Aufbereitung und des Recyclings stark ausgepr\u00e4gt ist. Das System zeichnet sich durch eine sehr einfache Inbetriebnahme und die Produktion von zylindrischem Granulat hervorragender Qualit\u00e4t aus. Einer der Hauptvorteile der <strong>P-USG-Anlage <\/strong>ist die bessere Zug\u00e4nglichkeit zu allen Anlagenkomponenten wie Extruder, Angussstrecke, Unterk\u00fchlungsstrecke, Trockner und Sichter. Alle diese Anlagenkomponenten m\u00fcssen Ihren Produktionsanforderungen und h\u00f6chsten Qualit\u00e4tsanspr\u00fcchen an die Granulatform und Prozesssicherheit gen\u00fcgen.<\/p>\n\n","protected":false},"excerpt":{"rendered":"<p>Leistungsstarkes Unterwasser-Stranggranuliersystem f\u00fcr die kosteng\u00fcnstige Produktion Anwendungsbereich: P-USG Unterwassernitrid-Granuliersysteme werden haupts\u00e4chlich in der verarbeitenden Industrie [&hellip;]<\/p>\n","protected":false},"author":1,"featured_media":416,"parent":401,"menu_order":0,"comment_status":"closed","ping_status":"closed","template":"kg_products_template.php","meta":{"pgc_sgb_lightbox_settings":"","footnotes":""},"categories":[27],"tags":[],"class_list":["post-415","page","type-page","status-publish","has-post-thumbnail","hentry","category-granulierend"],"yoast_head":"<!-- This site is optimized with the Yoast SEO plugin v27.1.1 - https:\/\/yoast.com\/product\/yoast-seo-wordpress\/ -->\n<title>Granulierer P-USG - CORONA Serwis<\/title>\n<meta name=\"robots\" content=\"index, follow, max-snippet:-1, max-image-preview:large, max-video-preview:-1\" \/>\n<link rel=\"canonical\" href=\"https:\/\/corona1.eu\/de\/granulierend\/granulierer-p-usg\/\" \/>\n<meta property=\"og:locale\" content=\"de_DE\" \/>\n<meta property=\"og:type\" content=\"article\" \/>\n<meta property=\"og:title\" content=\"Granulierer P-USG - CORONA Serwis\" \/>\n<meta property=\"og:description\" content=\"Leistungsstarkes Unterwasser-Stranggranuliersystem f\u00fcr die kosteng\u00fcnstige Produktion Anwendungsbereich: P-USG Unterwassernitrid-Granuliersysteme werden haupts\u00e4chlich in der verarbeitenden Industrie [&hellip;]\" \/>\n<meta property=\"og:url\" content=\"https:\/\/corona1.eu\/de\/granulierend\/granulierer-p-usg\/\" \/>\n<meta property=\"og:site_name\" content=\"CORONA Serwis\" \/>\n<meta property=\"article:modified_time\" content=\"2025-06-09T08:15:04+00:00\" \/>\n<meta property=\"og:image\" content=\"https:\/\/corona1.eu\/de\/wp-content\/uploads\/2025\/06\/granulator-p-usg-1-300x300-1.jpg\" \/>\n\t<meta property=\"og:image:width\" content=\"300\" \/>\n\t<meta property=\"og:image:height\" content=\"300\" \/>\n\t<meta property=\"og:image:type\" content=\"image\/jpeg\" \/>\n<meta name=\"twitter:card\" content=\"summary_large_image\" \/>\n<meta name=\"twitter:label1\" content=\"Gesch\u00e4tzte Lesezeit\" \/>\n\t<meta name=\"twitter:data1\" content=\"3\u00a0Minuten\" \/>\n<script type=\"application\/ld+json\" class=\"yoast-schema-graph\">{\"@context\":\"https:\/\/schema.org\",\"@graph\":[{\"@type\":\"WebPage\",\"@id\":\"https:\/\/corona1.eu\/de\/granulierend\/granulierer-p-usg\/\",\"url\":\"https:\/\/corona1.eu\/de\/granulierend\/granulierer-p-usg\/\",\"name\":\"Granulierer P-USG - CORONA Serwis\",\"isPartOf\":{\"@id\":\"https:\/\/corona1.eu\/de\/#website\"},\"primaryImageOfPage\":{\"@id\":\"https:\/\/corona1.eu\/de\/granulierend\/granulierer-p-usg\/#primaryimage\"},\"image\":{\"@id\":\"https:\/\/corona1.eu\/de\/granulierend\/granulierer-p-usg\/#primaryimage\"},\"thumbnailUrl\":\"https:\/\/corona1.eu\/de\/wp-content\/uploads\/2025\/06\/granulator-p-usg-1-300x300-1.jpg\",\"datePublished\":\"2025-06-09T08:14:45+00:00\",\"dateModified\":\"2025-06-09T08:15:04+00:00\",\"breadcrumb\":{\"@id\":\"https:\/\/corona1.eu\/de\/granulierend\/granulierer-p-usg\/#breadcrumb\"},\"inLanguage\":\"de\",\"potentialAction\":[{\"@type\":\"ReadAction\",\"target\":[\"https:\/\/corona1.eu\/de\/granulierend\/granulierer-p-usg\/\"]}]},{\"@type\":\"ImageObject\",\"inLanguage\":\"de\",\"@id\":\"https:\/\/corona1.eu\/de\/granulierend\/granulierer-p-usg\/#primaryimage\",\"url\":\"https:\/\/corona1.eu\/de\/wp-content\/uploads\/2025\/06\/granulator-p-usg-1-300x300-1.jpg\",\"contentUrl\":\"https:\/\/corona1.eu\/de\/wp-content\/uploads\/2025\/06\/granulator-p-usg-1-300x300-1.jpg\",\"width\":300,\"height\":300},{\"@type\":\"BreadcrumbList\",\"@id\":\"https:\/\/corona1.eu\/de\/granulierend\/granulierer-p-usg\/#breadcrumb\",\"itemListElement\":[{\"@type\":\"ListItem\",\"position\":1,\"name\":\"Startseite\",\"item\":\"https:\/\/corona1.eu\/de\/\"},{\"@type\":\"ListItem\",\"position\":2,\"name\":\"Granulierend\",\"item\":\"https:\/\/corona1.eu\/de\/granulierend\/\"},{\"@type\":\"ListItem\",\"position\":3,\"name\":\"Granulierer P-USG\"}]},{\"@type\":\"WebSite\",\"@id\":\"https:\/\/corona1.eu\/de\/#website\",\"url\":\"https:\/\/corona1.eu\/de\/\",\"name\":\"CORONA Serwis\",\"description\":\"\",\"potentialAction\":[{\"@type\":\"SearchAction\",\"target\":{\"@type\":\"EntryPoint\",\"urlTemplate\":\"https:\/\/corona1.eu\/de\/?s={search_term_string}\"},\"query-input\":{\"@type\":\"PropertyValueSpecification\",\"valueRequired\":true,\"valueName\":\"search_term_string\"}}],\"inLanguage\":\"de\"}]}<\/script>\n<!-- \/ Yoast SEO plugin. -->","yoast_head_json":{"title":"Granulierer P-USG - CORONA Serwis","robots":{"index":"index","follow":"follow","max-snippet":"max-snippet:-1","max-image-preview":"max-image-preview:large","max-video-preview":"max-video-preview:-1"},"canonical":"https:\/\/corona1.eu\/de\/granulierend\/granulierer-p-usg\/","og_locale":"de_DE","og_type":"article","og_title":"Granulierer P-USG - CORONA Serwis","og_description":"Leistungsstarkes Unterwasser-Stranggranuliersystem f\u00fcr die kosteng\u00fcnstige Produktion Anwendungsbereich: P-USG Unterwassernitrid-Granuliersysteme werden haupts\u00e4chlich in der verarbeitenden Industrie [&hellip;]","og_url":"https:\/\/corona1.eu\/de\/granulierend\/granulierer-p-usg\/","og_site_name":"CORONA Serwis","article_modified_time":"2025-06-09T08:15:04+00:00","og_image":[{"width":300,"height":300,"url":"https:\/\/corona1.eu\/de\/wp-content\/uploads\/2025\/06\/granulator-p-usg-1-300x300-1.jpg","type":"image\/jpeg"}],"twitter_card":"summary_large_image","twitter_misc":{"Gesch\u00e4tzte Lesezeit":"3\u00a0Minuten"},"schema":{"@context":"https:\/\/schema.org","@graph":[{"@type":"WebPage","@id":"https:\/\/corona1.eu\/de\/granulierend\/granulierer-p-usg\/","url":"https:\/\/corona1.eu\/de\/granulierend\/granulierer-p-usg\/","name":"Granulierer P-USG - CORONA Serwis","isPartOf":{"@id":"https:\/\/corona1.eu\/de\/#website"},"primaryImageOfPage":{"@id":"https:\/\/corona1.eu\/de\/granulierend\/granulierer-p-usg\/#primaryimage"},"image":{"@id":"https:\/\/corona1.eu\/de\/granulierend\/granulierer-p-usg\/#primaryimage"},"thumbnailUrl":"https:\/\/corona1.eu\/de\/wp-content\/uploads\/2025\/06\/granulator-p-usg-1-300x300-1.jpg","datePublished":"2025-06-09T08:14:45+00:00","dateModified":"2025-06-09T08:15:04+00:00","breadcrumb":{"@id":"https:\/\/corona1.eu\/de\/granulierend\/granulierer-p-usg\/#breadcrumb"},"inLanguage":"de","potentialAction":[{"@type":"ReadAction","target":["https:\/\/corona1.eu\/de\/granulierend\/granulierer-p-usg\/"]}]},{"@type":"ImageObject","inLanguage":"de","@id":"https:\/\/corona1.eu\/de\/granulierend\/granulierer-p-usg\/#primaryimage","url":"https:\/\/corona1.eu\/de\/wp-content\/uploads\/2025\/06\/granulator-p-usg-1-300x300-1.jpg","contentUrl":"https:\/\/corona1.eu\/de\/wp-content\/uploads\/2025\/06\/granulator-p-usg-1-300x300-1.jpg","width":300,"height":300},{"@type":"BreadcrumbList","@id":"https:\/\/corona1.eu\/de\/granulierend\/granulierer-p-usg\/#breadcrumb","itemListElement":[{"@type":"ListItem","position":1,"name":"Startseite","item":"https:\/\/corona1.eu\/de\/"},{"@type":"ListItem","position":2,"name":"Granulierend","item":"https:\/\/corona1.eu\/de\/granulierend\/"},{"@type":"ListItem","position":3,"name":"Granulierer P-USG"}]},{"@type":"WebSite","@id":"https:\/\/corona1.eu\/de\/#website","url":"https:\/\/corona1.eu\/de\/","name":"CORONA Serwis","description":"","potentialAction":[{"@type":"SearchAction","target":{"@type":"EntryPoint","urlTemplate":"https:\/\/corona1.eu\/de\/?s={search_term_string}"},"query-input":{"@type":"PropertyValueSpecification","valueRequired":true,"valueName":"search_term_string"}}],"inLanguage":"de"}]}},"_links":{"self":[{"href":"https:\/\/corona1.eu\/de\/wp-json\/wp\/v2\/pages\/415","targetHints":{"allow":["GET"]}}],"collection":[{"href":"https:\/\/corona1.eu\/de\/wp-json\/wp\/v2\/pages"}],"about":[{"href":"https:\/\/corona1.eu\/de\/wp-json\/wp\/v2\/types\/page"}],"author":[{"embeddable":true,"href":"https:\/\/corona1.eu\/de\/wp-json\/wp\/v2\/users\/1"}],"replies":[{"embeddable":true,"href":"https:\/\/corona1.eu\/de\/wp-json\/wp\/v2\/comments?post=415"}],"version-history":[{"count":2,"href":"https:\/\/corona1.eu\/de\/wp-json\/wp\/v2\/pages\/415\/revisions"}],"predecessor-version":[{"id":418,"href":"https:\/\/corona1.eu\/de\/wp-json\/wp\/v2\/pages\/415\/revisions\/418"}],"up":[{"embeddable":true,"href":"https:\/\/corona1.eu\/de\/wp-json\/wp\/v2\/pages\/401"}],"wp:featuredmedia":[{"embeddable":true,"href":"https:\/\/corona1.eu\/de\/wp-json\/wp\/v2\/media\/416"}],"wp:attachment":[{"href":"https:\/\/corona1.eu\/de\/wp-json\/wp\/v2\/media?parent=415"}],"wp:term":[{"taxonomy":"category","embeddable":true,"href":"https:\/\/corona1.eu\/de\/wp-json\/wp\/v2\/categories?post=415"},{"taxonomy":"post_tag","embeddable":true,"href":"https:\/\/corona1.eu\/de\/wp-json\/wp\/v2\/tags?post=415"}],"curies":[{"name":"wp","href":"https:\/\/api.w.org\/{rel}","templated":true}]}}