{"id":411,"date":"2025-06-09T10:03:17","date_gmt":"2025-06-09T08:03:17","guid":{"rendered":"https:\/\/corona1.eu\/de\/?page_id=411"},"modified":"2025-06-09T10:03:32","modified_gmt":"2025-06-09T08:03:32","slug":"granulierer-m-usg","status":"publish","type":"page","link":"https:\/\/corona1.eu\/de\/granulierend\/granulierer-m-usg\/","title":{"rendered":"Granulierer M-USG"},"content":{"rendered":"\n\n<h2 class=\"wp-block-heading\">Unterwassergranuliersystem mit Gewinde in h\u00f6chster Qualit\u00e4t<\/h2>\n\n\n\n\n\n<p><strong>Anwendungsbereich:<\/strong><\/p>\n\n\n\n\n\n<p>M-USG\u00ae Systeme werden f\u00fcr die Granulierung von technischen Thermoplasten eingesetzt, wie z.B.:<\/p>\n\n\n\n\n\n<ul class=\"wp-block-list\">\n\n<li>polyestern, z.B.: PET, PBT, PEN<\/li>\n\n\n\n\n\n<li>polyamiden, z.B.: PA 6, PA 6.6, PA11, PA12<\/li>\n\n\n\n\n\n<li>acrylharze, z.B.: PMMA, APN<\/li>\n\n\n\n\n\n<li>polyacetale, z. B: POM<\/li>\n\n\n\n\n\n<li>polycarbonate, z. B: PC<\/li>\n\n\n\n\n\n<li>styrolpolymere, z. B: HIPS, GPPS, ANS, SAN<\/li>\n\n\n\n\n\n<li>polymere von Fl\u00fcssigkristallen<\/li>\n\n\n\n\n\n<li>andere Kunststoffe &#8211; auf Anfrage<\/li>\n\n<\/ul>\n\n\n\n\n\n<p><\/p>\n\n\n\n\n\n<p><strong>M-USG\u00ae Schneidm\u00fchlen &#8211; Vorteile:<\/strong><\/p>\n\n\n\n\n\n<ul class=\"wp-block-list\">\n\n<li>Konstante, hervorragende Granulatqualit\u00e4t<\/li>\n\n\n\n\n\n<li>Durchsatzleistungen von bis zu 20.000 kg\/h<\/li>\n\n\n\n\n\n<li>Erh\u00f6hte Anlagenverf\u00fcgbarkeit durch schnell anbaubaren Schneidkopf<\/li>\n\n\n\n\n\n<li>Hoher Automatisierungsgrad<\/li>\n\n\n\n\n\n<li>Lange Standzeiten durch extrem verschlei\u00dffeste Schneidwerkzeuge<\/li>\n\n\n\n\n\n<li>Einfache Bedienung und gute Zug\u00e4nglichkeit f\u00fcr die Wartung<\/li>\n\n\n\n\n\n<li>H\u00f6chste Zuverl\u00e4ssigkeit<\/li>\n\n<\/ul>\n\n\n\n\n\n<p><\/p>\n\n\n\n<div class=\"pgc-sgb-cb wp-block-pgcsimplygalleryblock-grid \" data-gallery-id=\"d1323854\"><div class=\"sgb-preloader\" id=\"pr_d1323854\">\n\t<div class=\"sgb-square\" style=\"background:#d4d4d4\"><\/div>\n\t<div class=\"sgb-square\" style=\"background:#d4d4d4\"><\/div>\n\t<div class=\"sgb-square\" style=\"background:#d4d4d4\"><\/div>\n\t<div class=\"sgb-square\" style=\"background:#d4d4d4\"><\/div><\/div><div class=\"simply-gallery-amp pgc_sgb_slider \"><noscript><div class=\"sgb-gallery\"><div class=\"sgb-item\"><a href=\"https:\/\/corona1.eu\/granulatory-do-tworzyw-sztucznych\/granulator-m-usg\/musg\/\" target=\"_blank\"><img decoding=\"async\" alt=\"\" width=\"300\" height=\"137\" loading=\"lazy\" src=\"https:\/\/corona1.eu\/wp-content\/uploads\/2022\/09\/musg-300x137.png\" srcset=\"https:\/\/corona1.eu\/wp-content\/uploads\/2022\/09\/musg-300x137.png 300w,https:\/\/corona1.eu\/wp-content\/uploads\/2022\/09\/musg-1024x468.png 640w,https:\/\/corona1.eu\/wp-content\/uploads\/2022\/09\/musg.png 1400w\" sizes=\"auto, 250px\"\/><\/a><\/div><\/div><\/noscript><\/div><script type=\"application\/json\" class=\"sgb-data\">{\"collectionColumns\":1,\"thumbHieghtRation\":0.5,\"collectionThumbRecomendedWidth\":300,\"thumbSpacing\":0,\"collectionThumbSubMenuDownload\":false,\"collectionThumbSubMenuShare\":false,\"galleryType\":\"pgc_sgb_grid\",\"galleryId\":\"d1323854\",\"images\":[{\"id\":1851,\"title\":\"musg\",\"url\":\"https:\/\/corona1.eu\/wp-content\/uploads\/2022\/09\/musg.png\",\"link\":\"https:\/\/corona1.eu\/granulatory-do-tworzyw-sztucznych\/granulator-m-usg\/musg\/\",\"alt\":\"\",\"description\":\"\",\"caption\":\"\",\"mime\":\"image\/png\",\"type\":\"image\",\"width\":1400,\"height\":640,\"sizes\":{\"thumbnail\":{\"height\":150,\"width\":150,\"url\":\"https:\/\/corona1.eu\/wp-content\/uploads\/2022\/09\/musg-150x150.png\",\"orientation\":\"landscape\"},\"medium\":{\"height\":137,\"width\":300,\"url\":\"https:\/\/corona1.eu\/wp-content\/uploads\/2022\/09\/musg-300x137.png\",\"orientation\":\"landscape\"},\"large\":{\"height\":293,\"width\":640,\"url\":\"https:\/\/corona1.eu\/wp-content\/uploads\/2022\/09\/musg-1024x468.png\",\"orientation\":\"landscape\"},\"full\":{\"url\":\"https:\/\/corona1.eu\/wp-content\/uploads\/2022\/09\/musg.png\",\"height\":640,\"width\":1400,\"orientation\":\"landscape\"}},\"meta\":false,\"postlink\":\"https:\/\/corona1.eu\/granulatory-do-tworzyw-sztucznych\/granulator-m-usg\/musg\/\"}],\"itemsMetaDataCollection\":[]}<\/script><script>(function(){if(window.PGC_SGB && window.PGC_SGB.searcher){window.PGC_SGB.searcher.initBlocks()}})()<\/script><\/div>\n\n\n\n\n<p><strong>Funktionsprinzip des M-USG\u00ae-Systems<\/strong>: <\/p>\n\n\n\n\n\n<p>Der geschmolzene Kunststoff wird dem Extruderkopf <strong>(01)<\/strong> zugef\u00fchrt. Anschlie\u00dfend wird das Material durch die D\u00fcse gepresst, um Polymerf\u00e4den zu bilden. Die F\u00e4den werden von der Anfahrvorrichtung automatisch zur F\u00fchrungsstrecke <strong>(02)<\/strong> gef\u00fchrt, von einem parallel verlaufenden Wasserstrahl zum Granulator gef\u00f6rdert und durch Wasser aus den Spr\u00fchd\u00fcsen gek\u00fchlt. Im Granulator <strong>(03)<\/strong> werden die Polymerstr\u00e4nge automatisch von einem Greifer erfasst, der Schneidvorrichtung zugef\u00fchrt und dort unter Wasser zu Granulat geschnitten. Unmittelbar nach dem Schneiden wird das Granulat in die Unterk\u00fchlungsanlage <strong>(04)<\/strong> gesp\u00fclt, wo es auf die entsprechende Temperatur abgek\u00fchlt wird. Ein Sinterabscheider trennt das Ausgangsmaterial vom gut geformten Granulat und verhindert so ein Verstopfen des Trocknereinlasses. Im Trockner <strong>(05)<\/strong> werden 95 % des Wassers mit Hilfe eines Vorentw\u00e4sserungssystems entfernt; der Rest wird w\u00e4hrend des weiteren Transports des Granulats durch den Trockner entfernt. Anschlie\u00dfend wird das Granulat gesiebt und zur Weiterverarbeitung transportiert <strong>(06)<\/strong>. Das Prozesswasser wird gefiltert und in einem Wasseraufbereiter <strong>(07)<\/strong> auf die richtige Temperatur gebracht, bevor es in den Kreislauf zur\u00fcckgef\u00fchrt wird.<\/p>\n\n\n\n\n\n<p><strong>Beschreibung:<\/strong><\/p>\n\n\n\n\n\n<p>Gr\u00fcndlich vorgepr\u00fcfte und zugelassene Unterwasser-Fadengranuliersysteme sind f\u00fcr mittlere und hohe Produktionsmengen und f\u00fcr die Herstellung von zylindrischen Granulaten h\u00f6chster Qualit\u00e4t ausgelegt. Ein Schl\u00fcsselelement des Systems ist die sehr gute Zug\u00e4nglichkeit der Anlage. Alle Komponenten des Systems &#8211; wie Kopf, D\u00fcse, L\u00e4ufer, Unterk\u00fchlungsleitung, Trockner und Sieb &#8211; sind so konzipiert, dass sie alle Ihre Anforderungen an Prozesskontinuit\u00e4t und Sicherheit erf\u00fcllen.<\/p>\n\n","protected":false},"excerpt":{"rendered":"<p>Unterwassergranuliersystem mit Gewinde in h\u00f6chster Qualit\u00e4t Anwendungsbereich: M-USG\u00ae Systeme werden f\u00fcr die Granulierung von technischen [&hellip;]<\/p>\n","protected":false},"author":1,"featured_media":412,"parent":401,"menu_order":0,"comment_status":"closed","ping_status":"closed","template":"kg_products_template.php","meta":{"pgc_sgb_lightbox_settings":"","footnotes":""},"categories":[27],"tags":[],"class_list":["post-411","page","type-page","status-publish","has-post-thumbnail","hentry","category-granulierend"],"yoast_head":"<!-- This site is optimized with the Yoast SEO plugin v27.1.1 - https:\/\/yoast.com\/product\/yoast-seo-wordpress\/ -->\n<title>Granulierer M-USG - CORONA Serwis<\/title>\n<meta name=\"robots\" content=\"index, follow, max-snippet:-1, max-image-preview:large, max-video-preview:-1\" \/>\n<link rel=\"canonical\" href=\"https:\/\/corona1.eu\/de\/granulierend\/granulierer-m-usg\/\" \/>\n<meta property=\"og:locale\" content=\"de_DE\" \/>\n<meta property=\"og:type\" content=\"article\" \/>\n<meta property=\"og:title\" content=\"Granulierer M-USG - CORONA Serwis\" \/>\n<meta property=\"og:description\" content=\"Unterwassergranuliersystem mit Gewinde in h\u00f6chster Qualit\u00e4t Anwendungsbereich: M-USG\u00ae Systeme werden f\u00fcr die Granulierung von technischen [&hellip;]\" \/>\n<meta property=\"og:url\" content=\"https:\/\/corona1.eu\/de\/granulierend\/granulierer-m-usg\/\" \/>\n<meta property=\"og:site_name\" content=\"CORONA Serwis\" \/>\n<meta property=\"article:modified_time\" content=\"2025-06-09T08:03:32+00:00\" \/>\n<meta property=\"og:image\" content=\"https:\/\/corona1.eu\/de\/wp-content\/uploads\/2025\/06\/granulator-m-usg-1-300x300-1.jpg\" \/>\n\t<meta property=\"og:image:width\" content=\"300\" \/>\n\t<meta property=\"og:image:height\" content=\"300\" \/>\n\t<meta property=\"og:image:type\" content=\"image\/jpeg\" \/>\n<meta name=\"twitter:card\" content=\"summary_large_image\" \/>\n<meta name=\"twitter:label1\" content=\"Gesch\u00e4tzte Lesezeit\" \/>\n\t<meta name=\"twitter:data1\" content=\"3\u00a0Minuten\" \/>\n<script type=\"application\/ld+json\" class=\"yoast-schema-graph\">{\"@context\":\"https:\/\/schema.org\",\"@graph\":[{\"@type\":\"WebPage\",\"@id\":\"https:\/\/corona1.eu\/de\/granulierend\/granulierer-m-usg\/\",\"url\":\"https:\/\/corona1.eu\/de\/granulierend\/granulierer-m-usg\/\",\"name\":\"Granulierer M-USG - CORONA Serwis\",\"isPartOf\":{\"@id\":\"https:\/\/corona1.eu\/de\/#website\"},\"primaryImageOfPage\":{\"@id\":\"https:\/\/corona1.eu\/de\/granulierend\/granulierer-m-usg\/#primaryimage\"},\"image\":{\"@id\":\"https:\/\/corona1.eu\/de\/granulierend\/granulierer-m-usg\/#primaryimage\"},\"thumbnailUrl\":\"https:\/\/corona1.eu\/de\/wp-content\/uploads\/2025\/06\/granulator-m-usg-1-300x300-1.jpg\",\"datePublished\":\"2025-06-09T08:03:17+00:00\",\"dateModified\":\"2025-06-09T08:03:32+00:00\",\"breadcrumb\":{\"@id\":\"https:\/\/corona1.eu\/de\/granulierend\/granulierer-m-usg\/#breadcrumb\"},\"inLanguage\":\"de\",\"potentialAction\":[{\"@type\":\"ReadAction\",\"target\":[\"https:\/\/corona1.eu\/de\/granulierend\/granulierer-m-usg\/\"]}]},{\"@type\":\"ImageObject\",\"inLanguage\":\"de\",\"@id\":\"https:\/\/corona1.eu\/de\/granulierend\/granulierer-m-usg\/#primaryimage\",\"url\":\"https:\/\/corona1.eu\/de\/wp-content\/uploads\/2025\/06\/granulator-m-usg-1-300x300-1.jpg\",\"contentUrl\":\"https:\/\/corona1.eu\/de\/wp-content\/uploads\/2025\/06\/granulator-m-usg-1-300x300-1.jpg\",\"width\":300,\"height\":300},{\"@type\":\"BreadcrumbList\",\"@id\":\"https:\/\/corona1.eu\/de\/granulierend\/granulierer-m-usg\/#breadcrumb\",\"itemListElement\":[{\"@type\":\"ListItem\",\"position\":1,\"name\":\"Startseite\",\"item\":\"https:\/\/corona1.eu\/de\/\"},{\"@type\":\"ListItem\",\"position\":2,\"name\":\"Granulierend\",\"item\":\"https:\/\/corona1.eu\/de\/granulierend\/\"},{\"@type\":\"ListItem\",\"position\":3,\"name\":\"Granulierer M-USG\"}]},{\"@type\":\"WebSite\",\"@id\":\"https:\/\/corona1.eu\/de\/#website\",\"url\":\"https:\/\/corona1.eu\/de\/\",\"name\":\"CORONA Serwis\",\"description\":\"\",\"potentialAction\":[{\"@type\":\"SearchAction\",\"target\":{\"@type\":\"EntryPoint\",\"urlTemplate\":\"https:\/\/corona1.eu\/de\/?s={search_term_string}\"},\"query-input\":{\"@type\":\"PropertyValueSpecification\",\"valueRequired\":true,\"valueName\":\"search_term_string\"}}],\"inLanguage\":\"de\"}]}<\/script>\n<!-- \/ Yoast SEO plugin. -->","yoast_head_json":{"title":"Granulierer M-USG - CORONA Serwis","robots":{"index":"index","follow":"follow","max-snippet":"max-snippet:-1","max-image-preview":"max-image-preview:large","max-video-preview":"max-video-preview:-1"},"canonical":"https:\/\/corona1.eu\/de\/granulierend\/granulierer-m-usg\/","og_locale":"de_DE","og_type":"article","og_title":"Granulierer M-USG - CORONA Serwis","og_description":"Unterwassergranuliersystem mit Gewinde in h\u00f6chster Qualit\u00e4t Anwendungsbereich: M-USG\u00ae Systeme werden f\u00fcr die Granulierung von technischen [&hellip;]","og_url":"https:\/\/corona1.eu\/de\/granulierend\/granulierer-m-usg\/","og_site_name":"CORONA Serwis","article_modified_time":"2025-06-09T08:03:32+00:00","og_image":[{"width":300,"height":300,"url":"https:\/\/corona1.eu\/de\/wp-content\/uploads\/2025\/06\/granulator-m-usg-1-300x300-1.jpg","type":"image\/jpeg"}],"twitter_card":"summary_large_image","twitter_misc":{"Gesch\u00e4tzte Lesezeit":"3\u00a0Minuten"},"schema":{"@context":"https:\/\/schema.org","@graph":[{"@type":"WebPage","@id":"https:\/\/corona1.eu\/de\/granulierend\/granulierer-m-usg\/","url":"https:\/\/corona1.eu\/de\/granulierend\/granulierer-m-usg\/","name":"Granulierer M-USG - CORONA Serwis","isPartOf":{"@id":"https:\/\/corona1.eu\/de\/#website"},"primaryImageOfPage":{"@id":"https:\/\/corona1.eu\/de\/granulierend\/granulierer-m-usg\/#primaryimage"},"image":{"@id":"https:\/\/corona1.eu\/de\/granulierend\/granulierer-m-usg\/#primaryimage"},"thumbnailUrl":"https:\/\/corona1.eu\/de\/wp-content\/uploads\/2025\/06\/granulator-m-usg-1-300x300-1.jpg","datePublished":"2025-06-09T08:03:17+00:00","dateModified":"2025-06-09T08:03:32+00:00","breadcrumb":{"@id":"https:\/\/corona1.eu\/de\/granulierend\/granulierer-m-usg\/#breadcrumb"},"inLanguage":"de","potentialAction":[{"@type":"ReadAction","target":["https:\/\/corona1.eu\/de\/granulierend\/granulierer-m-usg\/"]}]},{"@type":"ImageObject","inLanguage":"de","@id":"https:\/\/corona1.eu\/de\/granulierend\/granulierer-m-usg\/#primaryimage","url":"https:\/\/corona1.eu\/de\/wp-content\/uploads\/2025\/06\/granulator-m-usg-1-300x300-1.jpg","contentUrl":"https:\/\/corona1.eu\/de\/wp-content\/uploads\/2025\/06\/granulator-m-usg-1-300x300-1.jpg","width":300,"height":300},{"@type":"BreadcrumbList","@id":"https:\/\/corona1.eu\/de\/granulierend\/granulierer-m-usg\/#breadcrumb","itemListElement":[{"@type":"ListItem","position":1,"name":"Startseite","item":"https:\/\/corona1.eu\/de\/"},{"@type":"ListItem","position":2,"name":"Granulierend","item":"https:\/\/corona1.eu\/de\/granulierend\/"},{"@type":"ListItem","position":3,"name":"Granulierer M-USG"}]},{"@type":"WebSite","@id":"https:\/\/corona1.eu\/de\/#website","url":"https:\/\/corona1.eu\/de\/","name":"CORONA Serwis","description":"","potentialAction":[{"@type":"SearchAction","target":{"@type":"EntryPoint","urlTemplate":"https:\/\/corona1.eu\/de\/?s={search_term_string}"},"query-input":{"@type":"PropertyValueSpecification","valueRequired":true,"valueName":"search_term_string"}}],"inLanguage":"de"}]}},"_links":{"self":[{"href":"https:\/\/corona1.eu\/de\/wp-json\/wp\/v2\/pages\/411","targetHints":{"allow":["GET"]}}],"collection":[{"href":"https:\/\/corona1.eu\/de\/wp-json\/wp\/v2\/pages"}],"about":[{"href":"https:\/\/corona1.eu\/de\/wp-json\/wp\/v2\/types\/page"}],"author":[{"embeddable":true,"href":"https:\/\/corona1.eu\/de\/wp-json\/wp\/v2\/users\/1"}],"replies":[{"embeddable":true,"href":"https:\/\/corona1.eu\/de\/wp-json\/wp\/v2\/comments?post=411"}],"version-history":[{"count":2,"href":"https:\/\/corona1.eu\/de\/wp-json\/wp\/v2\/pages\/411\/revisions"}],"predecessor-version":[{"id":414,"href":"https:\/\/corona1.eu\/de\/wp-json\/wp\/v2\/pages\/411\/revisions\/414"}],"up":[{"embeddable":true,"href":"https:\/\/corona1.eu\/de\/wp-json\/wp\/v2\/pages\/401"}],"wp:featuredmedia":[{"embeddable":true,"href":"https:\/\/corona1.eu\/de\/wp-json\/wp\/v2\/media\/412"}],"wp:attachment":[{"href":"https:\/\/corona1.eu\/de\/wp-json\/wp\/v2\/media?parent=411"}],"wp:term":[{"taxonomy":"category","embeddable":true,"href":"https:\/\/corona1.eu\/de\/wp-json\/wp\/v2\/categories?post=411"},{"taxonomy":"post_tag","embeddable":true,"href":"https:\/\/corona1.eu\/de\/wp-json\/wp\/v2\/tags?post=411"}],"curies":[{"name":"wp","href":"https:\/\/api.w.org\/{rel}","templated":true}]}}