{"id":407,"date":"2025-06-09T09:58:04","date_gmt":"2025-06-09T07:58:04","guid":{"rendered":"https:\/\/corona1.eu\/de\/?page_id=407"},"modified":"2025-06-09T09:58:42","modified_gmt":"2025-06-09T07:58:42","slug":"granulierer-sphero","status":"publish","type":"page","link":"https:\/\/corona1.eu\/de\/granulierend\/granulierer-sphero\/","title":{"rendered":"Granulierer SPHERO"},"content":{"rendered":"\n\n<h2 class=\"wp-block-heading\">Unterwasser-Granuliersystem f\u00fcr die Gro\u00dfserienproduktion mit Durchs\u00e4tzen von bis zu 36.000 kg\/h<\/h2>\n\n\n\n\n\n<div class=\"wp-block-columns is-layout-flex wp-container-core-columns-is-layout-9d6595d7 wp-block-columns-is-layout-flex\">\n\n<div class=\"wp-block-column is-layout-flow wp-block-column-is-layout-flow\">\n\n<p><strong>Anwendungsbereich<\/strong>: <\/p>\n\n\n\n\n\n<p><strong>SPHERO\u00ae-Granuliersysteme<\/strong> sind ideal f\u00fcr die Herstellung von Rohstoffen sowie Blends, Pre-Mixes und Recyclaten auf Basis von:<\/p>\n\n\n\n\n\n<ul class=\"wp-block-list\">\n\n<li>polyolefinen wie z.B.: LDPE, HDPE, PP<\/li>\n\n\n\n\n\n<li>styrolpolymeren, z.B.: PS, SAN, ABS<\/li>\n\n\n\n\n\n<li>acrylharze, z.B.: PMMA, PAN<\/li>\n\n\n\n\n\n<li>polyacetale, z. B: POM<\/li>\n\n\n\n\n\n<li>polycarbonate, z. B: PC<\/li>\n\n\n\n\n\n<li>polyester, z.B.: PET, PBT, PEN<\/li>\n\n\n\n\n\n<li>polyamide, z.B: PA 6, PA 6.6, PA11, PA 12<\/li>\n\n\n\n\n\n<li>thermoplastische Elastomere, z. B. TPE-S, TPE-E<\/li>\n\n\n\n\n\n<li>polyurethane, z. B. TPU<\/li>\n\n\n\n\n\n<li>hei\u00dfschmelzklebstoffe<\/li>\n\n\n\n\n\n<li>kautschuke<\/li>\n\n\n\n\n\n<li>nat\u00fcrliche und synthetische Harze<\/li>\n\n\n\n\n\n<li>biopolymere, z.B.: PLA, PHA, Bio-PA, Bio-PET, Bio-PP<\/li>\n\n\n\n\n\n<li>andere Kunststoffe<\/li>\n\n<\/ul>\n\n\n\n\n\n<p><\/p>\n\n\n\n\n\n<p><strong>SPHERO\u00ae Schneidm\u00fchlen &#8211; Vorteile:<\/strong><\/p>\n\n\n\n\n\n<ul class=\"wp-block-list\">\n\n<li>Exzellente Granulatqualit\u00e4t<\/li>\n\n\n\n\n\n<li>Erh\u00f6hte Produktionseffizienz<\/li>\n\n\n\n\n\n<li>Erh\u00f6hte Prozesssicherheit<\/li>\n\n\n\n\n\n<li>Optimale Zug\u00e4nglichkeit<\/li>\n\n\n\n\n\n<li>Komfortable und sichere Bedienung<\/li>\n\n\n\n\n\n<li>Schnelle Umr\u00fcstbarkeit<\/li>\n\n\n\n\n\n<li>Granulierung von Spezialprodukten<\/li>\n\n<\/ul>\n\n\n\n\n\n<p><\/p>\n\n<\/div>\n\n<\/div>\n\n\n\n<div class=\"pgc-sgb-cb wp-block-pgcsimplygalleryblock-grid \" data-gallery-id=\"d1323854\"><div class=\"sgb-preloader\" id=\"pr_d1323854\">\n\t<div class=\"sgb-square\" style=\"background:#d4d4d4\"><\/div>\n\t<div class=\"sgb-square\" style=\"background:#d4d4d4\"><\/div>\n\t<div class=\"sgb-square\" style=\"background:#d4d4d4\"><\/div>\n\t<div class=\"sgb-square\" style=\"background:#d4d4d4\"><\/div><\/div><div class=\"simply-gallery-amp pgc_sgb_slider \"><noscript><div class=\"sgb-gallery\"><div class=\"sgb-item\"><a href=\"https:\/\/corona1.eu\/granulatory-do-tworzyw-sztucznych\/granulator-sphero\/sphero\/\" target=\"_blank\"><img decoding=\"async\" alt=\"\" width=\"300\" height=\"179\" loading=\"lazy\" src=\"https:\/\/corona1.eu\/wp-content\/uploads\/2022\/09\/sphero-300x179.png\" srcset=\"https:\/\/corona1.eu\/wp-content\/uploads\/2022\/09\/sphero-300x179.png 300w,https:\/\/corona1.eu\/wp-content\/uploads\/2022\/09\/sphero-1024x610.png 640w,https:\/\/corona1.eu\/wp-content\/uploads\/2022\/09\/sphero.png 1322w\" sizes=\"auto, 250px\"\/><\/a><\/div><\/div><\/noscript><\/div><script type=\"application\/json\" class=\"sgb-data\">{\"collectionColumns\":1,\"thumbHieghtRation\":0.7,\"collectionThumbRecomendedWidth\":150,\"collectionThumbSubMenuDownload\":false,\"collectionThumbSubMenuShare\":false,\"galleryType\":\"pgc_sgb_grid\",\"galleryId\":\"d1323854\",\"images\":[{\"id\":1835,\"title\":\"sphero\",\"url\":\"https:\/\/corona1.eu\/wp-content\/uploads\/2022\/09\/sphero.png\",\"link\":\"https:\/\/corona1.eu\/granulatory-do-tworzyw-sztucznych\/granulator-sphero\/sphero\/\",\"alt\":\"\",\"description\":\"\",\"caption\":\"\",\"mime\":\"image\/png\",\"type\":\"image\",\"width\":1322,\"height\":787,\"sizes\":{\"thumbnail\":{\"height\":150,\"width\":150,\"url\":\"https:\/\/corona1.eu\/wp-content\/uploads\/2022\/09\/sphero-150x150.png\",\"orientation\":\"landscape\"},\"medium\":{\"height\":179,\"width\":300,\"url\":\"https:\/\/corona1.eu\/wp-content\/uploads\/2022\/09\/sphero-300x179.png\",\"orientation\":\"landscape\"},\"large\":{\"height\":381,\"width\":640,\"url\":\"https:\/\/corona1.eu\/wp-content\/uploads\/2022\/09\/sphero-1024x610.png\",\"orientation\":\"landscape\"},\"full\":{\"url\":\"https:\/\/corona1.eu\/wp-content\/uploads\/2022\/09\/sphero.png\",\"height\":787,\"width\":1322,\"orientation\":\"landscape\"}},\"meta\":false,\"postlink\":\"https:\/\/corona1.eu\/granulatory-do-tworzyw-sztucznych\/granulator-sphero\/sphero\/\"}],\"itemsMetaDataCollection\":[]}<\/script><script>(function(){if(window.PGC_SGB && window.PGC_SGB.searcher){window.PGC_SGB.searcher.initBlocks()}})()<\/script><\/div>\n\n\n\n\n<p><strong>Funktionsprinzip des SPHERO\u00ae-Systems:<\/strong><\/p>\n\n\n\n\n\n<p>Der geschmolzene Kunststoff wird \u00fcber ein hydraulisches Anfahrventil <strong>(01)<\/strong> auf die D\u00fcsenplatte \u00fcbertragen. Auf der beheizten D\u00fcse <strong>(02)<\/strong> wird die Schmelze auf ringf\u00f6rmig angeordnete L\u00f6cher verteilt und in die mit Brauchwasser geflutete Schneidkammer <strong>(03)<\/strong> gedr\u00fcckt. Der Kopf, auf dem die Messer montiert sind, wird auf die Lochplatte gerichtet, wo das Polymer in Granulat geschnitten wird, das wiederum mit Hilfe von Brauchwasser in den Trockner <strong>(04)<\/strong> geleitet wird. Im Trockner wird das Granulat vom Wasser getrennt und zur Weiterverarbeitung transportiert <strong>(05)<\/strong>. Das Brauchwasser wird gefiltert, auf die richtige Temperatur gebracht und in die Schneidkammer zur\u00fcckgesch\u00fcttet <strong>(06)<\/strong>.<\/p>\n\n\n\n\n\n<p><strong>Beschreibung:<\/strong><\/p>\n\n\n\n\n\n<p>Als zuverl\u00e4ssiger und kompetenter Partner auf dem Gebiet der Unterwassergranulierung bietet Automatic Plastics Machinery perfekt zugeschnittene Systeme an. In enger Zusammenarbeit k\u00f6nnen wir die beste und kosteng\u00fcnstigste L\u00f6sung f\u00fcr Sie finden. Die Komponenten unserer Anlage sind zuverl\u00e4ssig, langlebig, sehr einfach zu bedienen und auf die Optimierung des Granulationsprozesses ausgelegt.<\/p>\n\n\n\n\n\n<p>Das durchdachte Konzept der aufgeh\u00e4ngten Komponenten ist der wichtigste und gr\u00f6\u00dfte Vorteil der Anlage. Verschiedene Einstellm\u00f6glichkeiten und die M\u00f6glichkeit, unterschiedliches Zubeh\u00f6r zu verwenden, runden das Bild dieser Anlage ab.<\/p>\n\n\n\n\n\n<p>Unter allen m\u00f6glichen Unterwassergranuliersystemen ist der SPHERO das System mit dem einfachsten Zugang. Dank der h\u00e4ngenden Granulatkomponenten kann der Bediener die Anlage schnell, einfach und sicher steuern.<\/p>\n\n\n\n\n\n<p>Die von Automatik Plastics Machinery entwickelten Verfahren, Anlagen und Systeme zeichnen sich durch Flexibilit\u00e4t, Wirtschaftlichkeit und h\u00f6chste Zuverl\u00e4ssigkeit aus. Mit mehr als 60 Jahren Erfahrung und mehr als 8.000 installierten Anlagen gra<\/p>\n\n","protected":false},"excerpt":{"rendered":"<p>Unterwasser-Granuliersystem f\u00fcr die Gro\u00dfserienproduktion mit Durchs\u00e4tzen von bis zu 36.000 kg\/h Anwendungsbereich: SPHERO\u00ae-Granuliersysteme sind ideal [&hellip;]<\/p>\n","protected":false},"author":1,"featured_media":408,"parent":401,"menu_order":0,"comment_status":"closed","ping_status":"closed","template":"kg_products_template.php","meta":{"pgc_sgb_lightbox_settings":"","footnotes":""},"categories":[27],"tags":[],"class_list":["post-407","page","type-page","status-publish","has-post-thumbnail","hentry","category-granulierend"],"yoast_head":"<!-- This site is optimized with the Yoast SEO plugin v27.1.1 - https:\/\/yoast.com\/product\/yoast-seo-wordpress\/ -->\n<title>Granulierer SPHERO - CORONA Serwis<\/title>\n<meta name=\"robots\" content=\"index, follow, max-snippet:-1, max-image-preview:large, max-video-preview:-1\" \/>\n<link rel=\"canonical\" href=\"https:\/\/corona1.eu\/de\/granulierend\/granulierer-sphero\/\" \/>\n<meta property=\"og:locale\" content=\"de_DE\" \/>\n<meta property=\"og:type\" content=\"article\" \/>\n<meta property=\"og:title\" content=\"Granulierer SPHERO - CORONA Serwis\" \/>\n<meta property=\"og:description\" content=\"Unterwasser-Granuliersystem f\u00fcr die Gro\u00dfserienproduktion mit Durchs\u00e4tzen von bis zu 36.000 kg\/h Anwendungsbereich: SPHERO\u00ae-Granuliersysteme sind ideal [&hellip;]\" \/>\n<meta property=\"og:url\" content=\"https:\/\/corona1.eu\/de\/granulierend\/granulierer-sphero\/\" \/>\n<meta property=\"og:site_name\" content=\"CORONA Serwis\" \/>\n<meta property=\"article:modified_time\" content=\"2025-06-09T07:58:42+00:00\" \/>\n<meta property=\"og:image\" content=\"https:\/\/corona1.eu\/de\/wp-content\/uploads\/2025\/06\/sphero_maag_automatik_maag-group.png\" \/>\n\t<meta property=\"og:image:width\" content=\"512\" \/>\n\t<meta property=\"og:image:height\" content=\"512\" \/>\n\t<meta property=\"og:image:type\" content=\"image\/png\" \/>\n<meta name=\"twitter:card\" content=\"summary_large_image\" \/>\n<meta name=\"twitter:label1\" content=\"Gesch\u00e4tzte Lesezeit\" \/>\n\t<meta name=\"twitter:data1\" content=\"3\u00a0Minuten\" \/>\n<script type=\"application\/ld+json\" class=\"yoast-schema-graph\">{\"@context\":\"https:\/\/schema.org\",\"@graph\":[{\"@type\":\"WebPage\",\"@id\":\"https:\/\/corona1.eu\/de\/granulierend\/granulierer-sphero\/\",\"url\":\"https:\/\/corona1.eu\/de\/granulierend\/granulierer-sphero\/\",\"name\":\"Granulierer SPHERO - CORONA Serwis\",\"isPartOf\":{\"@id\":\"https:\/\/corona1.eu\/de\/#website\"},\"primaryImageOfPage\":{\"@id\":\"https:\/\/corona1.eu\/de\/granulierend\/granulierer-sphero\/#primaryimage\"},\"image\":{\"@id\":\"https:\/\/corona1.eu\/de\/granulierend\/granulierer-sphero\/#primaryimage\"},\"thumbnailUrl\":\"https:\/\/corona1.eu\/de\/wp-content\/uploads\/2025\/06\/sphero_maag_automatik_maag-group.png\",\"datePublished\":\"2025-06-09T07:58:04+00:00\",\"dateModified\":\"2025-06-09T07:58:42+00:00\",\"breadcrumb\":{\"@id\":\"https:\/\/corona1.eu\/de\/granulierend\/granulierer-sphero\/#breadcrumb\"},\"inLanguage\":\"de\",\"potentialAction\":[{\"@type\":\"ReadAction\",\"target\":[\"https:\/\/corona1.eu\/de\/granulierend\/granulierer-sphero\/\"]}]},{\"@type\":\"ImageObject\",\"inLanguage\":\"de\",\"@id\":\"https:\/\/corona1.eu\/de\/granulierend\/granulierer-sphero\/#primaryimage\",\"url\":\"https:\/\/corona1.eu\/de\/wp-content\/uploads\/2025\/06\/sphero_maag_automatik_maag-group.png\",\"contentUrl\":\"https:\/\/corona1.eu\/de\/wp-content\/uploads\/2025\/06\/sphero_maag_automatik_maag-group.png\",\"width\":512,\"height\":512},{\"@type\":\"BreadcrumbList\",\"@id\":\"https:\/\/corona1.eu\/de\/granulierend\/granulierer-sphero\/#breadcrumb\",\"itemListElement\":[{\"@type\":\"ListItem\",\"position\":1,\"name\":\"Startseite\",\"item\":\"https:\/\/corona1.eu\/de\/\"},{\"@type\":\"ListItem\",\"position\":2,\"name\":\"Granulierend\",\"item\":\"https:\/\/corona1.eu\/de\/granulierend\/\"},{\"@type\":\"ListItem\",\"position\":3,\"name\":\"Granulierer SPHERO\"}]},{\"@type\":\"WebSite\",\"@id\":\"https:\/\/corona1.eu\/de\/#website\",\"url\":\"https:\/\/corona1.eu\/de\/\",\"name\":\"CORONA Serwis\",\"description\":\"\",\"potentialAction\":[{\"@type\":\"SearchAction\",\"target\":{\"@type\":\"EntryPoint\",\"urlTemplate\":\"https:\/\/corona1.eu\/de\/?s={search_term_string}\"},\"query-input\":{\"@type\":\"PropertyValueSpecification\",\"valueRequired\":true,\"valueName\":\"search_term_string\"}}],\"inLanguage\":\"de\"}]}<\/script>\n<!-- \/ Yoast SEO plugin. -->","yoast_head_json":{"title":"Granulierer SPHERO - CORONA Serwis","robots":{"index":"index","follow":"follow","max-snippet":"max-snippet:-1","max-image-preview":"max-image-preview:large","max-video-preview":"max-video-preview:-1"},"canonical":"https:\/\/corona1.eu\/de\/granulierend\/granulierer-sphero\/","og_locale":"de_DE","og_type":"article","og_title":"Granulierer SPHERO - CORONA Serwis","og_description":"Unterwasser-Granuliersystem f\u00fcr die Gro\u00dfserienproduktion mit Durchs\u00e4tzen von bis zu 36.000 kg\/h Anwendungsbereich: SPHERO\u00ae-Granuliersysteme sind ideal [&hellip;]","og_url":"https:\/\/corona1.eu\/de\/granulierend\/granulierer-sphero\/","og_site_name":"CORONA Serwis","article_modified_time":"2025-06-09T07:58:42+00:00","og_image":[{"width":512,"height":512,"url":"https:\/\/corona1.eu\/de\/wp-content\/uploads\/2025\/06\/sphero_maag_automatik_maag-group.png","type":"image\/png"}],"twitter_card":"summary_large_image","twitter_misc":{"Gesch\u00e4tzte Lesezeit":"3\u00a0Minuten"},"schema":{"@context":"https:\/\/schema.org","@graph":[{"@type":"WebPage","@id":"https:\/\/corona1.eu\/de\/granulierend\/granulierer-sphero\/","url":"https:\/\/corona1.eu\/de\/granulierend\/granulierer-sphero\/","name":"Granulierer SPHERO - CORONA Serwis","isPartOf":{"@id":"https:\/\/corona1.eu\/de\/#website"},"primaryImageOfPage":{"@id":"https:\/\/corona1.eu\/de\/granulierend\/granulierer-sphero\/#primaryimage"},"image":{"@id":"https:\/\/corona1.eu\/de\/granulierend\/granulierer-sphero\/#primaryimage"},"thumbnailUrl":"https:\/\/corona1.eu\/de\/wp-content\/uploads\/2025\/06\/sphero_maag_automatik_maag-group.png","datePublished":"2025-06-09T07:58:04+00:00","dateModified":"2025-06-09T07:58:42+00:00","breadcrumb":{"@id":"https:\/\/corona1.eu\/de\/granulierend\/granulierer-sphero\/#breadcrumb"},"inLanguage":"de","potentialAction":[{"@type":"ReadAction","target":["https:\/\/corona1.eu\/de\/granulierend\/granulierer-sphero\/"]}]},{"@type":"ImageObject","inLanguage":"de","@id":"https:\/\/corona1.eu\/de\/granulierend\/granulierer-sphero\/#primaryimage","url":"https:\/\/corona1.eu\/de\/wp-content\/uploads\/2025\/06\/sphero_maag_automatik_maag-group.png","contentUrl":"https:\/\/corona1.eu\/de\/wp-content\/uploads\/2025\/06\/sphero_maag_automatik_maag-group.png","width":512,"height":512},{"@type":"BreadcrumbList","@id":"https:\/\/corona1.eu\/de\/granulierend\/granulierer-sphero\/#breadcrumb","itemListElement":[{"@type":"ListItem","position":1,"name":"Startseite","item":"https:\/\/corona1.eu\/de\/"},{"@type":"ListItem","position":2,"name":"Granulierend","item":"https:\/\/corona1.eu\/de\/granulierend\/"},{"@type":"ListItem","position":3,"name":"Granulierer SPHERO"}]},{"@type":"WebSite","@id":"https:\/\/corona1.eu\/de\/#website","url":"https:\/\/corona1.eu\/de\/","name":"CORONA Serwis","description":"","potentialAction":[{"@type":"SearchAction","target":{"@type":"EntryPoint","urlTemplate":"https:\/\/corona1.eu\/de\/?s={search_term_string}"},"query-input":{"@type":"PropertyValueSpecification","valueRequired":true,"valueName":"search_term_string"}}],"inLanguage":"de"}]}},"_links":{"self":[{"href":"https:\/\/corona1.eu\/de\/wp-json\/wp\/v2\/pages\/407","targetHints":{"allow":["GET"]}}],"collection":[{"href":"https:\/\/corona1.eu\/de\/wp-json\/wp\/v2\/pages"}],"about":[{"href":"https:\/\/corona1.eu\/de\/wp-json\/wp\/v2\/types\/page"}],"author":[{"embeddable":true,"href":"https:\/\/corona1.eu\/de\/wp-json\/wp\/v2\/users\/1"}],"replies":[{"embeddable":true,"href":"https:\/\/corona1.eu\/de\/wp-json\/wp\/v2\/comments?post=407"}],"version-history":[{"count":2,"href":"https:\/\/corona1.eu\/de\/wp-json\/wp\/v2\/pages\/407\/revisions"}],"predecessor-version":[{"id":410,"href":"https:\/\/corona1.eu\/de\/wp-json\/wp\/v2\/pages\/407\/revisions\/410"}],"up":[{"embeddable":true,"href":"https:\/\/corona1.eu\/de\/wp-json\/wp\/v2\/pages\/401"}],"wp:featuredmedia":[{"embeddable":true,"href":"https:\/\/corona1.eu\/de\/wp-json\/wp\/v2\/media\/408"}],"wp:attachment":[{"href":"https:\/\/corona1.eu\/de\/wp-json\/wp\/v2\/media?parent=407"}],"wp:term":[{"taxonomy":"category","embeddable":true,"href":"https:\/\/corona1.eu\/de\/wp-json\/wp\/v2\/categories?post=407"},{"taxonomy":"post_tag","embeddable":true,"href":"https:\/\/corona1.eu\/de\/wp-json\/wp\/v2\/tags?post=407"}],"curies":[{"name":"wp","href":"https:\/\/api.w.org\/{rel}","templated":true}]}}