{"id":401,"date":"2025-06-09T09:47:09","date_gmt":"2025-06-09T07:47:09","guid":{"rendered":"https:\/\/corona1.eu\/de\/?page_id=401"},"modified":"2025-06-09T10:42:58","modified_gmt":"2025-06-09T08:42:58","slug":"granulierend","status":"publish","type":"page","link":"https:\/\/corona1.eu\/de\/granulierend\/","title":{"rendered":"Granulierend"},"content":{"rendered":"\n\n<h2 class=\"wp-block-heading\">Schneidm\u00fchlen f\u00fcr Kunststoffe<\/h2>\n\n\n\n\n\n<p>In der modernen Welt werden in praktisch allen Bereichen Kunststoffe verwendet, die im Gebrauch besch\u00e4digt oder zerst\u00f6rt werden k\u00f6nnen. Bei der Durchf\u00fchrung von Wartungs- und Reparaturarbeiten an Kunststoffen ist es \u00e4u\u00dferst wichtig zu wissen, um welche Art von Kunststoff es sich handelt.<\/p>\n\n\n\n\n\n<p>Die Art des Kunststoffs bestimmt die Wahl des L\u00f6sungsmittels, des Klebstoffs oder des Lacks, der verwendet werden kann. Im Falle einer Besch\u00e4digung landen Kunststoffteile in der Regel in der M\u00fclltonne. Dies f\u00fchrt jedoch zu einer enormen Abfallmenge &#8211; von verschiedenen Arten von Einwegverpackungen \u00fcber Alltagsgegenst\u00e4nde bis hin zu Teilen von Maschinen, Ger\u00e4ten und Bauwerken. Da sich Kunststoffe nur sehr schwer zersetzen lassen und die Kapazit\u00e4t von M\u00fclldeponien begrenzt ist, sollte das Problem der Wiederverwendung ernsthaft in Betracht gezogen werden.<\/p>\n\n\n\n\n\n<p>Kunststoffe in Granulatform werden in vielen kunststoffverarbeitenden Betrieben verwendet, die haupts\u00e4chlich Einschnecken-Plastifiziersysteme einsetzen. Bei der Hei\u00dfgranulationsextrusion wird eine Reihe identischer Kunststoffstangen mit kleinem Durchmesser extrudiert und sofort rotierend in kurze L\u00e4ngen geschnitten. Das Schneiden des Extrudats und die Abk\u00fchlung des Granulats k\u00f6nnen in der Schneidkammer des Granulierkopfs in einem Luft- oder Wasserstrom erfolgen. Die Wahl des geeigneten Granulierverfahrens h\u00e4ngt in erster Linie von den rheologischen und thermischen Eigenschaften des Polymers, der Produktivit\u00e4t, dem Stromverbrauch, der Prozesssicherheit und der Verschlei\u00dfproblematik der einzelnen Komponenten der Prozesslinie sowie dem Verwendungszweck des entstehenden Granulats ab.<\/p>\n\n","protected":false},"excerpt":{"rendered":"<p>Schneidm\u00fchlen f\u00fcr Kunststoffe In der modernen Welt werden in praktisch allen Bereichen Kunststoffe verwendet, die [&hellip;]<\/p>\n","protected":false},"author":1,"featured_media":403,"parent":0,"menu_order":0,"comment_status":"closed","ping_status":"closed","template":"kg_products_list_template_1.php","meta":{"pgc_sgb_lightbox_settings":"","footnotes":""},"categories":[27,2],"tags":[],"class_list":["post-401","page","type-page","status-publish","has-post-thumbnail","hentry","category-granulierend","category-zprodukty"],"yoast_head":"<!-- This site is optimized with the Yoast SEO plugin v27.1.1 - https:\/\/yoast.com\/product\/yoast-seo-wordpress\/ -->\n<title>Granulierend - CORONA Serwis<\/title>\n<meta name=\"description\" content=\"Automatische Schneidm\u00fchlen produzieren Kunststoffe in Granulatform, die in vielen kunststoffverarbeitenden Betrieben eingesetzt werden.\" \/>\n<meta name=\"robots\" content=\"index, follow, max-snippet:-1, max-image-preview:large, max-video-preview:-1\" \/>\n<link rel=\"canonical\" href=\"https:\/\/corona1.eu\/de\/granulierend\/\" \/>\n<meta property=\"og:locale\" content=\"de_DE\" \/>\n<meta property=\"og:type\" content=\"article\" \/>\n<meta property=\"og:title\" content=\"Granulierend - CORONA Serwis\" \/>\n<meta property=\"og:description\" content=\"Automatische Schneidm\u00fchlen produzieren Kunststoffe in Granulatform, die in vielen kunststoffverarbeitenden Betrieben eingesetzt werden.\" \/>\n<meta property=\"og:url\" content=\"https:\/\/corona1.eu\/de\/granulierend\/\" \/>\n<meta property=\"og:site_name\" content=\"CORONA Serwis\" \/>\n<meta property=\"article:modified_time\" content=\"2025-06-09T08:42:58+00:00\" \/>\n<meta property=\"og:image\" content=\"https:\/\/corona1.eu\/de\/wp-content\/uploads\/2025\/06\/grupa_granulatory_16x9.png\" \/>\n\t<meta property=\"og:image:width\" content=\"889\" \/>\n\t<meta property=\"og:image:height\" content=\"500\" \/>\n\t<meta property=\"og:image:type\" content=\"image\/png\" \/>\n<meta name=\"twitter:card\" content=\"summary_large_image\" \/>\n<meta name=\"twitter:label1\" content=\"Gesch\u00e4tzte Lesezeit\" \/>\n\t<meta name=\"twitter:data1\" content=\"2\u00a0Minuten\" \/>\n<script type=\"application\/ld+json\" class=\"yoast-schema-graph\">{\"@context\":\"https:\/\/schema.org\",\"@graph\":[{\"@type\":\"WebPage\",\"@id\":\"https:\/\/corona1.eu\/de\/granulierend\/\",\"url\":\"https:\/\/corona1.eu\/de\/granulierend\/\",\"name\":\"Granulierend - CORONA Serwis\",\"isPartOf\":{\"@id\":\"https:\/\/corona1.eu\/de\/#website\"},\"primaryImageOfPage\":{\"@id\":\"https:\/\/corona1.eu\/de\/granulierend\/#primaryimage\"},\"image\":{\"@id\":\"https:\/\/corona1.eu\/de\/granulierend\/#primaryimage\"},\"thumbnailUrl\":\"https:\/\/corona1.eu\/de\/wp-content\/uploads\/2025\/06\/grupa_granulatory_16x9.png\",\"datePublished\":\"2025-06-09T07:47:09+00:00\",\"dateModified\":\"2025-06-09T08:42:58+00:00\",\"description\":\"Automatische Schneidm\u00fchlen produzieren Kunststoffe in Granulatform, die in vielen kunststoffverarbeitenden Betrieben eingesetzt werden.\",\"breadcrumb\":{\"@id\":\"https:\/\/corona1.eu\/de\/granulierend\/#breadcrumb\"},\"inLanguage\":\"de\",\"potentialAction\":[{\"@type\":\"ReadAction\",\"target\":[\"https:\/\/corona1.eu\/de\/granulierend\/\"]}]},{\"@type\":\"ImageObject\",\"inLanguage\":\"de\",\"@id\":\"https:\/\/corona1.eu\/de\/granulierend\/#primaryimage\",\"url\":\"https:\/\/corona1.eu\/de\/wp-content\/uploads\/2025\/06\/grupa_granulatory_16x9.png\",\"contentUrl\":\"https:\/\/corona1.eu\/de\/wp-content\/uploads\/2025\/06\/grupa_granulatory_16x9.png\",\"width\":889,\"height\":500},{\"@type\":\"BreadcrumbList\",\"@id\":\"https:\/\/corona1.eu\/de\/granulierend\/#breadcrumb\",\"itemListElement\":[{\"@type\":\"ListItem\",\"position\":1,\"name\":\"Startseite\",\"item\":\"https:\/\/corona1.eu\/de\/\"},{\"@type\":\"ListItem\",\"position\":2,\"name\":\"Granulierend\"}]},{\"@type\":\"WebSite\",\"@id\":\"https:\/\/corona1.eu\/de\/#website\",\"url\":\"https:\/\/corona1.eu\/de\/\",\"name\":\"CORONA Serwis\",\"description\":\"\",\"potentialAction\":[{\"@type\":\"SearchAction\",\"target\":{\"@type\":\"EntryPoint\",\"urlTemplate\":\"https:\/\/corona1.eu\/de\/?s={search_term_string}\"},\"query-input\":{\"@type\":\"PropertyValueSpecification\",\"valueRequired\":true,\"valueName\":\"search_term_string\"}}],\"inLanguage\":\"de\"}]}<\/script>\n<!-- \/ Yoast SEO plugin. -->","yoast_head_json":{"title":"Granulierend - CORONA Serwis","description":"Automatische Schneidm\u00fchlen produzieren Kunststoffe in Granulatform, die in vielen kunststoffverarbeitenden Betrieben eingesetzt werden.","robots":{"index":"index","follow":"follow","max-snippet":"max-snippet:-1","max-image-preview":"max-image-preview:large","max-video-preview":"max-video-preview:-1"},"canonical":"https:\/\/corona1.eu\/de\/granulierend\/","og_locale":"de_DE","og_type":"article","og_title":"Granulierend - CORONA Serwis","og_description":"Automatische Schneidm\u00fchlen produzieren Kunststoffe in Granulatform, die in vielen kunststoffverarbeitenden Betrieben eingesetzt werden.","og_url":"https:\/\/corona1.eu\/de\/granulierend\/","og_site_name":"CORONA Serwis","article_modified_time":"2025-06-09T08:42:58+00:00","og_image":[{"width":889,"height":500,"url":"https:\/\/corona1.eu\/de\/wp-content\/uploads\/2025\/06\/grupa_granulatory_16x9.png","type":"image\/png"}],"twitter_card":"summary_large_image","twitter_misc":{"Gesch\u00e4tzte Lesezeit":"2\u00a0Minuten"},"schema":{"@context":"https:\/\/schema.org","@graph":[{"@type":"WebPage","@id":"https:\/\/corona1.eu\/de\/granulierend\/","url":"https:\/\/corona1.eu\/de\/granulierend\/","name":"Granulierend - CORONA Serwis","isPartOf":{"@id":"https:\/\/corona1.eu\/de\/#website"},"primaryImageOfPage":{"@id":"https:\/\/corona1.eu\/de\/granulierend\/#primaryimage"},"image":{"@id":"https:\/\/corona1.eu\/de\/granulierend\/#primaryimage"},"thumbnailUrl":"https:\/\/corona1.eu\/de\/wp-content\/uploads\/2025\/06\/grupa_granulatory_16x9.png","datePublished":"2025-06-09T07:47:09+00:00","dateModified":"2025-06-09T08:42:58+00:00","description":"Automatische Schneidm\u00fchlen produzieren Kunststoffe in Granulatform, die in vielen kunststoffverarbeitenden Betrieben eingesetzt werden.","breadcrumb":{"@id":"https:\/\/corona1.eu\/de\/granulierend\/#breadcrumb"},"inLanguage":"de","potentialAction":[{"@type":"ReadAction","target":["https:\/\/corona1.eu\/de\/granulierend\/"]}]},{"@type":"ImageObject","inLanguage":"de","@id":"https:\/\/corona1.eu\/de\/granulierend\/#primaryimage","url":"https:\/\/corona1.eu\/de\/wp-content\/uploads\/2025\/06\/grupa_granulatory_16x9.png","contentUrl":"https:\/\/corona1.eu\/de\/wp-content\/uploads\/2025\/06\/grupa_granulatory_16x9.png","width":889,"height":500},{"@type":"BreadcrumbList","@id":"https:\/\/corona1.eu\/de\/granulierend\/#breadcrumb","itemListElement":[{"@type":"ListItem","position":1,"name":"Startseite","item":"https:\/\/corona1.eu\/de\/"},{"@type":"ListItem","position":2,"name":"Granulierend"}]},{"@type":"WebSite","@id":"https:\/\/corona1.eu\/de\/#website","url":"https:\/\/corona1.eu\/de\/","name":"CORONA Serwis","description":"","potentialAction":[{"@type":"SearchAction","target":{"@type":"EntryPoint","urlTemplate":"https:\/\/corona1.eu\/de\/?s={search_term_string}"},"query-input":{"@type":"PropertyValueSpecification","valueRequired":true,"valueName":"search_term_string"}}],"inLanguage":"de"}]}},"_links":{"self":[{"href":"https:\/\/corona1.eu\/de\/wp-json\/wp\/v2\/pages\/401","targetHints":{"allow":["GET"]}}],"collection":[{"href":"https:\/\/corona1.eu\/de\/wp-json\/wp\/v2\/pages"}],"about":[{"href":"https:\/\/corona1.eu\/de\/wp-json\/wp\/v2\/types\/page"}],"author":[{"embeddable":true,"href":"https:\/\/corona1.eu\/de\/wp-json\/wp\/v2\/users\/1"}],"replies":[{"embeddable":true,"href":"https:\/\/corona1.eu\/de\/wp-json\/wp\/v2\/comments?post=401"}],"version-history":[{"count":3,"href":"https:\/\/corona1.eu\/de\/wp-json\/wp\/v2\/pages\/401\/revisions"}],"predecessor-version":[{"id":405,"href":"https:\/\/corona1.eu\/de\/wp-json\/wp\/v2\/pages\/401\/revisions\/405"}],"wp:featuredmedia":[{"embeddable":true,"href":"https:\/\/corona1.eu\/de\/wp-json\/wp\/v2\/media\/403"}],"wp:attachment":[{"href":"https:\/\/corona1.eu\/de\/wp-json\/wp\/v2\/media?parent=401"}],"wp:term":[{"taxonomy":"category","embeddable":true,"href":"https:\/\/corona1.eu\/de\/wp-json\/wp\/v2\/categories?post=401"},{"taxonomy":"post_tag","embeddable":true,"href":"https:\/\/corona1.eu\/de\/wp-json\/wp\/v2\/tags?post=401"}],"curies":[{"name":"wp","href":"https:\/\/api.w.org\/{rel}","templated":true}]}}