{"id":389,"date":"2025-06-09T09:35:38","date_gmt":"2025-06-09T07:35:38","guid":{"rendered":"https:\/\/corona1.eu\/de\/?page_id=389"},"modified":"2025-06-09T09:39:23","modified_gmt":"2025-06-09T07:39:23","slug":"masterbatch-pp","status":"publish","type":"page","link":"https:\/\/corona1.eu\/de\/masterbatch\/masterbatch-pp\/","title":{"rendered":"Masterbatch PP"},"content":{"rendered":"\n\n<p>PP-Kunststoff ist eine organische chemische Verbindung aus der Gruppe der Polyolefine. Er wird durch die Niederdruckpolymerisation von Propen gewonnen. Neben Polyethylen ist es das am h\u00e4ufigsten verwendete Polymer f\u00fcr Kunststoffe. Unter dem Einfluss hoher Temperaturen kann es hochelastisch gemacht werden.<\/p>\n\n\n\n\n\n<h3 class=\"wp-block-heading\">Anwendungen:<\/h3>\n\n\n\n\n\n<ul class=\"wp-block-list\">\n\n<li>chemische und pharmazeutische Industrie (Schl\u00e4uche f\u00fcr Wasser und aggressive Fl\u00fcssigkeiten, Tanks, Auskleidungen, Laborutensilien, Filtergewebe, medizinische Ger\u00e4te, Patientenutensilien, Einwegspritzen usw.),<\/li>\n\n\n\n\n\n<li>textilindustrie (z. B. Instrumente, die Chemikalien ausgesetzt sind),<\/li>\n\n\n\n\n\n<li>elektro- und Elektronikindustrie (Geh\u00e4use und Teile verschiedener Produkte dieser Industrie, Isolierungen, einschlie\u00dflich Kabel und Dr\u00e4hte),<\/li>\n\n\n\n\n\n<li>autoindustrie<\/li>\n\n\n\n\n\n<li>bauwesen und M\u00f6bel,<\/li>\n\n\n\n\n\n<li>lebensmittelindustrie und Verpackungen.<\/li>\n\n<\/ul>\n\n\n\n\n\n<p><\/p>\n\n\n\n\n\n<div class=\"table-wrapper\"><table class=\"table table-bordered\"><thead class=\"thead-dark\"><tr style=\"background-color: #e79400\"><th scope=\"col\" colspan=\"2\">Polypropylen (PP)<\/th><\/tr><\/thead><thead class=\"thead-dark\"><tr style=\"background-color: #e79400\"><th scope=\"col\" colspan=\"1\">Name des Produkts<\/th><th scope=\"col\" colspan=\"1\">Eigenschaften<\/th><\/tr><\/thead><tbody><tr><td style=\"background-color: #e5a157\">PreMB 51002 PP schwarz<br> PreMB 51002-40 PP schwarz<\/td><td colspan=\"3\">Verschiedene Anwendungen je nach Einsatzgebiet.<br> F\u00fcr Fasern\/Filamente ab 1 Denier aufw\u00e4rts und d\u00fcnne Platten\/Folien.<br> Die Beladung betr\u00e4gt normalerweise 30%, aber 40% ist auch m\u00f6glich.<\/td><\/tr><tr><td style=\"background-color: #e5a157\">PreMB 51302 PP schwarz<br> PreMB 51302-40 PP schwarz<\/td><td>Verschiedene Anwendungen je nach Einsatzgebiet.<br> F\u00fcr Fasern\/Filamente ab 3,3 Denier und d\u00fcnne Bahnen\/Folien.<br> Die Beladung betr\u00e4gt normalerweise 30%, aber auch 40% sind m\u00f6glich.<\/td><\/tr><tr><td style=\"background-color: #e5a157\">PreMB 51802 PP schwarz<br> PreMB 51802-40 PP schwarz<\/td><td>Verschiedene Anwendungen, je nach Einsatzgebiet.<br> Die Beladung betr\u00e4gt in der Regel 30 %, aber auch 40 % sind m\u00f6glich.<\/td><\/tr><tr><td style=\"background-color: #e5a157\">PreMB 58302 R-PP schwarz<br> PreMB 58302-40 R-PP schwarz<\/td><td>R-PP Vormischung &#8211; f\u00fcr Spritzguss &#8211; Spezialbehandlung.<br> Die F\u00fcllung betr\u00e4gt normalerweise 30%, aber 40% ist auch m\u00f6glich.<\/td><\/tr><tr><td style=\"background-color: #e5a157\">PreMB 58802 R-PP schwarz<br> PreMB 58802-40 R-PP schwarz<\/td><td>PreMB 58802 R-PP &#8211; f\u00fcr Spritzgie\u00dfen &#8211; Spezialbehandlung.<br> Die Beladung betr\u00e4gt normalerweise 30%, aber 40% ist auch m\u00f6glich.<\/td><\/tr><tr><td style=\"background-color: #e5a157\">PreMB 58902 R-PP schwarz<br> PreMB 58902-40 R-PP schwarz<\/td><td colspan=\"1\">PreMB R-PP &#8211; f\u00fcr Spritzguss &#8211; Spezialbehandlung.<br> Die Beladung betr\u00e4gt in der Regel 30 %, aber auch 40 % sind m\u00f6glich.<\/td><\/tr><\/tbody><\/table><\/div>\n\n","protected":false},"excerpt":{"rendered":"<p>PP-Kunststoff ist eine organische chemische Verbindung aus der Gruppe der Polyolefine. Er wird durch die [&hellip;]<\/p>\n","protected":false},"author":1,"featured_media":394,"parent":373,"menu_order":0,"comment_status":"closed","ping_status":"closed","template":"kg_products_template.php","meta":{"pgc_sgb_lightbox_settings":"","footnotes":""},"categories":[26],"tags":[],"class_list":["post-389","page","type-page","status-publish","has-post-thumbnail","hentry","category-masterbatch"],"yoast_head":"<!-- This site is optimized with the Yoast SEO plugin v27.1.1 - https:\/\/yoast.com\/product\/yoast-seo-wordpress\/ -->\n<title>Masterbatch PP - CORONA Serwis<\/title>\n<meta name=\"robots\" content=\"index, follow, max-snippet:-1, max-image-preview:large, max-video-preview:-1\" \/>\n<link rel=\"canonical\" href=\"https:\/\/corona1.eu\/de\/masterbatch\/masterbatch-pp\/\" \/>\n<meta property=\"og:locale\" content=\"de_DE\" \/>\n<meta property=\"og:type\" content=\"article\" \/>\n<meta property=\"og:title\" content=\"Masterbatch PP - CORONA Serwis\" \/>\n<meta property=\"og:description\" content=\"PP-Kunststoff ist eine organische chemische Verbindung aus der Gruppe der Polyolefine. Er wird durch die [&hellip;]\" \/>\n<meta property=\"og:url\" content=\"https:\/\/corona1.eu\/de\/masterbatch\/masterbatch-pp\/\" \/>\n<meta property=\"og:site_name\" content=\"CORONA Serwis\" \/>\n<meta property=\"article:modified_time\" content=\"2025-06-09T07:39:23+00:00\" \/>\n<meta property=\"og:image\" content=\"https:\/\/corona1.eu\/de\/wp-content\/uploads\/2025\/06\/masterbatch_czarny.png\" \/>\n\t<meta property=\"og:image:width\" content=\"500\" \/>\n\t<meta property=\"og:image:height\" content=\"500\" \/>\n\t<meta property=\"og:image:type\" content=\"image\/png\" \/>\n<meta name=\"twitter:card\" content=\"summary_large_image\" \/>\n<meta name=\"twitter:label1\" content=\"Gesch\u00e4tzte Lesezeit\" \/>\n\t<meta name=\"twitter:data1\" content=\"2\u00a0Minuten\" \/>\n<script type=\"application\/ld+json\" class=\"yoast-schema-graph\">{\"@context\":\"https:\/\/schema.org\",\"@graph\":[{\"@type\":\"WebPage\",\"@id\":\"https:\/\/corona1.eu\/de\/masterbatch\/masterbatch-pp\/\",\"url\":\"https:\/\/corona1.eu\/de\/masterbatch\/masterbatch-pp\/\",\"name\":\"Masterbatch PP - CORONA Serwis\",\"isPartOf\":{\"@id\":\"https:\/\/corona1.eu\/de\/#website\"},\"primaryImageOfPage\":{\"@id\":\"https:\/\/corona1.eu\/de\/masterbatch\/masterbatch-pp\/#primaryimage\"},\"image\":{\"@id\":\"https:\/\/corona1.eu\/de\/masterbatch\/masterbatch-pp\/#primaryimage\"},\"thumbnailUrl\":\"https:\/\/corona1.eu\/de\/wp-content\/uploads\/2025\/06\/masterbatch_czarny.png\",\"datePublished\":\"2025-06-09T07:35:38+00:00\",\"dateModified\":\"2025-06-09T07:39:23+00:00\",\"breadcrumb\":{\"@id\":\"https:\/\/corona1.eu\/de\/masterbatch\/masterbatch-pp\/#breadcrumb\"},\"inLanguage\":\"de\",\"potentialAction\":[{\"@type\":\"ReadAction\",\"target\":[\"https:\/\/corona1.eu\/de\/masterbatch\/masterbatch-pp\/\"]}]},{\"@type\":\"ImageObject\",\"inLanguage\":\"de\",\"@id\":\"https:\/\/corona1.eu\/de\/masterbatch\/masterbatch-pp\/#primaryimage\",\"url\":\"https:\/\/corona1.eu\/de\/wp-content\/uploads\/2025\/06\/masterbatch_czarny.png\",\"contentUrl\":\"https:\/\/corona1.eu\/de\/wp-content\/uploads\/2025\/06\/masterbatch_czarny.png\",\"width\":500,\"height\":500},{\"@type\":\"BreadcrumbList\",\"@id\":\"https:\/\/corona1.eu\/de\/masterbatch\/masterbatch-pp\/#breadcrumb\",\"itemListElement\":[{\"@type\":\"ListItem\",\"position\":1,\"name\":\"Startseite\",\"item\":\"https:\/\/corona1.eu\/de\/\"},{\"@type\":\"ListItem\",\"position\":2,\"name\":\"Masterbatch\",\"item\":\"https:\/\/corona1.eu\/de\/masterbatch\/\"},{\"@type\":\"ListItem\",\"position\":3,\"name\":\"Masterbatch PP\"}]},{\"@type\":\"WebSite\",\"@id\":\"https:\/\/corona1.eu\/de\/#website\",\"url\":\"https:\/\/corona1.eu\/de\/\",\"name\":\"CORONA Serwis\",\"description\":\"\",\"potentialAction\":[{\"@type\":\"SearchAction\",\"target\":{\"@type\":\"EntryPoint\",\"urlTemplate\":\"https:\/\/corona1.eu\/de\/?s={search_term_string}\"},\"query-input\":{\"@type\":\"PropertyValueSpecification\",\"valueRequired\":true,\"valueName\":\"search_term_string\"}}],\"inLanguage\":\"de\"}]}<\/script>\n<!-- \/ Yoast SEO plugin. -->","yoast_head_json":{"title":"Masterbatch PP - CORONA Serwis","robots":{"index":"index","follow":"follow","max-snippet":"max-snippet:-1","max-image-preview":"max-image-preview:large","max-video-preview":"max-video-preview:-1"},"canonical":"https:\/\/corona1.eu\/de\/masterbatch\/masterbatch-pp\/","og_locale":"de_DE","og_type":"article","og_title":"Masterbatch PP - CORONA Serwis","og_description":"PP-Kunststoff ist eine organische chemische Verbindung aus der Gruppe der Polyolefine. Er wird durch die [&hellip;]","og_url":"https:\/\/corona1.eu\/de\/masterbatch\/masterbatch-pp\/","og_site_name":"CORONA Serwis","article_modified_time":"2025-06-09T07:39:23+00:00","og_image":[{"width":500,"height":500,"url":"https:\/\/corona1.eu\/de\/wp-content\/uploads\/2025\/06\/masterbatch_czarny.png","type":"image\/png"}],"twitter_card":"summary_large_image","twitter_misc":{"Gesch\u00e4tzte Lesezeit":"2\u00a0Minuten"},"schema":{"@context":"https:\/\/schema.org","@graph":[{"@type":"WebPage","@id":"https:\/\/corona1.eu\/de\/masterbatch\/masterbatch-pp\/","url":"https:\/\/corona1.eu\/de\/masterbatch\/masterbatch-pp\/","name":"Masterbatch PP - CORONA Serwis","isPartOf":{"@id":"https:\/\/corona1.eu\/de\/#website"},"primaryImageOfPage":{"@id":"https:\/\/corona1.eu\/de\/masterbatch\/masterbatch-pp\/#primaryimage"},"image":{"@id":"https:\/\/corona1.eu\/de\/masterbatch\/masterbatch-pp\/#primaryimage"},"thumbnailUrl":"https:\/\/corona1.eu\/de\/wp-content\/uploads\/2025\/06\/masterbatch_czarny.png","datePublished":"2025-06-09T07:35:38+00:00","dateModified":"2025-06-09T07:39:23+00:00","breadcrumb":{"@id":"https:\/\/corona1.eu\/de\/masterbatch\/masterbatch-pp\/#breadcrumb"},"inLanguage":"de","potentialAction":[{"@type":"ReadAction","target":["https:\/\/corona1.eu\/de\/masterbatch\/masterbatch-pp\/"]}]},{"@type":"ImageObject","inLanguage":"de","@id":"https:\/\/corona1.eu\/de\/masterbatch\/masterbatch-pp\/#primaryimage","url":"https:\/\/corona1.eu\/de\/wp-content\/uploads\/2025\/06\/masterbatch_czarny.png","contentUrl":"https:\/\/corona1.eu\/de\/wp-content\/uploads\/2025\/06\/masterbatch_czarny.png","width":500,"height":500},{"@type":"BreadcrumbList","@id":"https:\/\/corona1.eu\/de\/masterbatch\/masterbatch-pp\/#breadcrumb","itemListElement":[{"@type":"ListItem","position":1,"name":"Startseite","item":"https:\/\/corona1.eu\/de\/"},{"@type":"ListItem","position":2,"name":"Masterbatch","item":"https:\/\/corona1.eu\/de\/masterbatch\/"},{"@type":"ListItem","position":3,"name":"Masterbatch PP"}]},{"@type":"WebSite","@id":"https:\/\/corona1.eu\/de\/#website","url":"https:\/\/corona1.eu\/de\/","name":"CORONA Serwis","description":"","potentialAction":[{"@type":"SearchAction","target":{"@type":"EntryPoint","urlTemplate":"https:\/\/corona1.eu\/de\/?s={search_term_string}"},"query-input":{"@type":"PropertyValueSpecification","valueRequired":true,"valueName":"search_term_string"}}],"inLanguage":"de"}]}},"_links":{"self":[{"href":"https:\/\/corona1.eu\/de\/wp-json\/wp\/v2\/pages\/389","targetHints":{"allow":["GET"]}}],"collection":[{"href":"https:\/\/corona1.eu\/de\/wp-json\/wp\/v2\/pages"}],"about":[{"href":"https:\/\/corona1.eu\/de\/wp-json\/wp\/v2\/types\/page"}],"author":[{"embeddable":true,"href":"https:\/\/corona1.eu\/de\/wp-json\/wp\/v2\/users\/1"}],"replies":[{"embeddable":true,"href":"https:\/\/corona1.eu\/de\/wp-json\/wp\/v2\/comments?post=389"}],"version-history":[{"count":2,"href":"https:\/\/corona1.eu\/de\/wp-json\/wp\/v2\/pages\/389\/revisions"}],"predecessor-version":[{"id":391,"href":"https:\/\/corona1.eu\/de\/wp-json\/wp\/v2\/pages\/389\/revisions\/391"}],"up":[{"embeddable":true,"href":"https:\/\/corona1.eu\/de\/wp-json\/wp\/v2\/pages\/373"}],"wp:featuredmedia":[{"embeddable":true,"href":"https:\/\/corona1.eu\/de\/wp-json\/wp\/v2\/media\/394"}],"wp:attachment":[{"href":"https:\/\/corona1.eu\/de\/wp-json\/wp\/v2\/media?parent=389"}],"wp:term":[{"taxonomy":"category","embeddable":true,"href":"https:\/\/corona1.eu\/de\/wp-json\/wp\/v2\/categories?post=389"},{"taxonomy":"post_tag","embeddable":true,"href":"https:\/\/corona1.eu\/de\/wp-json\/wp\/v2\/tags?post=389"}],"curies":[{"name":"wp","href":"https:\/\/api.w.org\/{rel}","templated":true}]}}