{"id":386,"date":"2025-06-09T09:33:08","date_gmt":"2025-06-09T07:33:08","guid":{"rendered":"https:\/\/corona1.eu\/de\/?page_id=386"},"modified":"2025-06-09T09:33:38","modified_gmt":"2025-06-09T07:33:38","slug":"masterbatch-pet","status":"publish","type":"page","link":"https:\/\/corona1.eu\/de\/masterbatch\/masterbatch-pet\/","title":{"rendered":"Masterbatch PET"},"content":{"rendered":"\n\n<p>Pet ist ein thermoplastisches Polymer aus der Gruppe der Polyester. Es wird in sehr gro\u00dfem Umfang vor allem f\u00fcr die Herstellung von Kunstfasern und Softdrinkflaschen verwendet. Es hat ein durchschnittliches Molekulargewicht von 30-80.000 Da, eine Glas\u00fcbergangstemperatur von 70-115 \u00b0C, einen Erweichungspunkt von: 265 \u00b0C, w\u00e4hrend die Dichte etwa 1,4 g\/cm\u00b3 betr\u00e4gt.<\/p>\n\n\n\n\n\n<h3 class=\"wp-block-heading\">Anwendungen:<\/h3>\n\n\n\n\n\n<ul class=\"wp-block-list\">\n\n<li>herstellung von Kunstfasern,<\/li>\n\n\n\n\n\n<li>herstellung von Flaschen f\u00fcr Erfrischungsgetr\u00e4nke.<\/li>\n\n<\/ul>\n\n\n\n\n\n<p><\/p>\n\n\n\n\n\n<div class=\"table-wrapper\"><table class=\"table table-bordered\"><thead class=\"thead-dark\"><tr style=\"background-color: #e79400\"><th scope=\"col\" colspan=\"2\">Polyethylenterephthalat, PET (C10H8O4)n<\/th><\/tr><\/thead><thead class=\"thead-dark\"><tr style=\"background-color: #e79400\"><th scope=\"col\" colspan=\"1\">Name des Produkts<\/th><th scope=\"col\" colspan=\"1\">Eigenschaften<\/th><\/tr><\/thead><tbody><tr><td style=\"background-color: #e5a157\">PreMB 22201 PET schwarz<\/td><td colspan=\"3\">Verschiedene Anwendungen je nach Einsatzgebiet. <br> F\u00fcr Fasern\/Filamente ab 1 Denier aufw\u00e4rts und d\u00fcnne Platten\/Folien \n Tiefster schwarzer Farbton. <br> Vormischung mit geringem Abrieb.<\/td><\/tr><tr><td style=\"background-color: #e5a157\">PreMB 22001 PET schwarz<\/td><td>Verschiedene Anwendungen je nach Einsatzgebiet.<br> F\u00fcr Fasern\/Filamente ab 1 Denier und d\u00fcnne Platten\/Folien.<br> Entspricht der europ\u00e4ischen Norm 2002\/72\/EG.<\/td><\/tr><tr><td style=\"background-color: #e5a157\">PreMB 22101 PET schwarz<\/td><td>Verschiedene Anwendungen je nach Einsatzgebiet.<br> F\u00fcr Fasern\/Filamente ab 1 Denier und d\u00fcnne Bl\u00e4tter\/Folien.<br> Entspricht der europ\u00e4ischen Norm 2002\/72\/EG.<br> Tiefste Nuance von bl\u00e4ulichem Schwarz.<\/td><\/tr><tr><td style=\"background-color: #e5a157\">PreMB 22E01 PET schwarz<\/td><td>Verschiedene Anwendungen je nach Einsatzgebiet.<br> F\u00fcr Fasern\/Filamente ab 2 Denier und d\u00fcnne Tafeln\/Folien.<\/td><\/tr><tr><td style=\"background-color: #e5a157\">PreMB 22301 PET schwarz<\/td><td>Verschiedene Anwendungen je nach Einsatzgebiet.<br> F\u00fcr Fasern \/ Filamente ab 2,7 Denier und d\u00fcnne Bahnen \/ Folien.<\/td><\/tr><tr><td style=\"background-color: #e5a157\">PreMB 22401 PET schwarz<\/td><td colspan=\"1\">Verschiedene Anwendungen je nach Einsatzgebiet.<br> F\u00fcr Fasern\/Filamente ab 2,7 Denier und d\u00fcnne Bl\u00e4tter\/Folien.<br> Entspricht der europ\u00e4ischen Norm 2002\/72\/EG.<\/td><\/tr><tr><td style=\"background-color: #e5a157\">PreMB 22601 PET schwarz<\/td><td>Unterschiedliche Anwendungen je nach Einsatzgebiet.<br> F\u00fcr Fasern \/ Filamente ab 3 Denier und d\u00fcnne Bahnen \/ Folien. Masterbatch von h\u00f6chster Qualit\u00e4t &#8211; verschiedene Anwendungen je nach Einsatzgebiet.<br> F\u00fcr Fasern \/ Filamente ab 1 Denier aufw\u00e4rts und d\u00fcnne Bl\u00e4tter \/ Folien.<br> Entspricht dem US FDA Standard.<\/td><\/tr><tr><td style=\"background-color: #e5a157\">PreMB 22701 PET schwarz<\/td><td>Verschiedene Anwendungen je nach Einsatzgebiet.<br> F\u00fcr Fasern\/Filamente ab 1 Denier aufw\u00e4rts und d\u00fcnne Bl\u00e4tter\/Folien.<br> Entspricht der europ\u00e4ischen Norm 2002\/72\/EC.<br> Vormischung mit geringem Abrieb.<\/td><\/tr><tr><td style=\"background-color: #e5a157\">PreMB 22801 PET schwarz<\/td><td>Verschiedene Anwendungen je nach Einsatzgebiet.<br> F\u00fcr Fasern\/Filamente ab 4 Denier und d\u00fcnne Bl\u00e4tter\/Folien.<\/td><\/tr><tr><td style=\"background-color: #e5a157\">PreMB 21001 economicPET schwarz<\/td><td>Verschiedene Anwendungen je nach Einsatzgebiet.<br> F\u00fcr Fasern \/ Filamente ab 2 Denier und d\u00fcnne Tafeln \/ Folien.<\/td><\/tr><tr><td style=\"background-color: #e5a157\">PreMB 21201 economicPET schwarz<\/td><td>Verschiedene Anwendungen je nach Einsatzgebiet.<br> F\u00fcr Fasern\/Filamente ab 2 Denier und d\u00fcnne Platten\/Folien.<br> Tiefster schwarzer Farbton.<br> Geringer Abrieb.<\/td><\/tr><tr><td style=\"background-color: #e5a157\">PreMB 21E01 economicPET schwarz<\/td><td>Verschiedene Anwendungen je nach Einsatzgebiet.<br> F\u00fcr Fasern\/Filamente ab 2 Denier und d\u00fcnne Bahnen\/Folien.<\/td><\/tr><tr><td style=\"background-color: #e5a157\">PreMB 21301 economicPET schwarz<\/td><td>Verschiedene Anwendungen je nach Einsatzgebiet.<br> F\u00fcr Fasern \/ Filamente ab 3 Denier und d\u00fcnne Bahnen \/ Folien.<\/td><\/tr><tr><td style=\"background-color: #e5a157\">PreMB 21401 economicPET schwarz<\/td><td>Verschiedene Anwendungen je nach Einsatzgebiet.<br> F\u00fcr Fasern \/ Filamente ab 3 Denier und d\u00fcnne Bahnen \/ Folien.<\/td><\/tr><tr><td style=\"background-color: #e5a157\">PreMB 21801 economicPET schwarz<\/td><td>Verschiedene Anwendungen je nach Einsatzgebiet.<br> F\u00fcr Fasern \/ Filamente ab 4 Denier und d\u00fcnne Bahnen \/ Folien.<\/td><\/tr><tr><td style=\"background-color: #e5a157\">PreMB 28401 R-PET schwarz<\/td><td>Verschiedene Anwendungen je nach Einsatzgebiet.<br> F\u00fcr Fasern\/Filamente ab 2,7 Denier und d\u00fcnne Platten\/Folien.<br> Entspricht der europ\u00e4ischen Norm 2002\/72\/EG.<\/td><\/tr><tr><td style=\"background-color: #e5a157\">PreMB 28801 R-PET schwarz<\/td><td>Verschiedene Anwendungen je nach Einsatzgebiet.<br> F\u00fcr Fasern\/Filamente ab 5 Denier und d\u00fcnne Platten\/Folien.<\/td><\/tr><tr><td style=\"background-color: #e5a157\">PreMB 29901 R-PET schwarz<\/td><td>F\u00fcr Spritzguss\/Extrusionsguss <br> und Spezialanwendungen sowie f\u00fcr dicke Recyclingfasern,<br> ab 6 Denier aufw\u00e4rts<\/td><\/tr><tr><td style=\"background-color: #e5a157\">PreMB 22 wei\u00df 111-10 PET<\/td><td>10% Titandioxid.<\/td><\/tr><tr><td style=\"background-color: #e5a157\">PreMB 22 wei\u00df 111-20 PET<\/td><td>20% Titandioxid.<\/td><\/tr><tr><td style=\"background-color: #e5a157\">PreMB 22 wei\u00df 111-30 PET<\/td><td>30% Titandioxid.<\/td><\/tr><tr><td style=\"background-color: #e5a157\">PreMB 22 wei\u00df 111-40 PET<\/td><td>40% Titandioxid.<\/td><\/tr><\/tbody><\/table><\/div>\n\n","protected":false},"excerpt":{"rendered":"<p>Pet ist ein thermoplastisches Polymer aus der Gruppe der Polyester. Es wird in sehr gro\u00dfem [&hellip;]<\/p>\n","protected":false},"author":1,"featured_media":379,"parent":373,"menu_order":0,"comment_status":"closed","ping_status":"closed","template":"kg_products_template.php","meta":{"pgc_sgb_lightbox_settings":"","footnotes":""},"categories":[26],"tags":[],"class_list":["post-386","page","type-page","status-publish","has-post-thumbnail","hentry","category-masterbatch"],"yoast_head":"<!-- This site is optimized with the Yoast SEO plugin v27.1.1 - https:\/\/yoast.com\/product\/yoast-seo-wordpress\/ -->\n<title>Masterbatch PET - CORONA Serwis<\/title>\n<meta name=\"robots\" content=\"index, follow, max-snippet:-1, max-image-preview:large, max-video-preview:-1\" \/>\n<link rel=\"canonical\" href=\"https:\/\/corona1.eu\/de\/masterbatch\/masterbatch-pet\/\" \/>\n<meta property=\"og:locale\" content=\"de_DE\" \/>\n<meta property=\"og:type\" content=\"article\" \/>\n<meta property=\"og:title\" content=\"Masterbatch PET - CORONA Serwis\" \/>\n<meta property=\"og:description\" content=\"Pet ist ein thermoplastisches Polymer aus der Gruppe der Polyester. Es wird in sehr gro\u00dfem [&hellip;]\" \/>\n<meta property=\"og:url\" content=\"https:\/\/corona1.eu\/de\/masterbatch\/masterbatch-pet\/\" \/>\n<meta property=\"og:site_name\" content=\"CORONA Serwis\" \/>\n<meta property=\"article:modified_time\" content=\"2025-06-09T07:33:38+00:00\" \/>\n<meta property=\"og:image\" content=\"https:\/\/corona1.eu\/de\/wp-content\/uploads\/2025\/06\/masterbatch_bialoczarny.png\" \/>\n\t<meta property=\"og:image:width\" content=\"500\" \/>\n\t<meta property=\"og:image:height\" content=\"500\" \/>\n\t<meta property=\"og:image:type\" content=\"image\/png\" \/>\n<meta name=\"twitter:card\" content=\"summary_large_image\" \/>\n<meta name=\"twitter:label1\" content=\"Gesch\u00e4tzte Lesezeit\" \/>\n\t<meta name=\"twitter:data1\" content=\"3\u00a0Minuten\" \/>\n<script type=\"application\/ld+json\" class=\"yoast-schema-graph\">{\"@context\":\"https:\/\/schema.org\",\"@graph\":[{\"@type\":\"WebPage\",\"@id\":\"https:\/\/corona1.eu\/de\/masterbatch\/masterbatch-pet\/\",\"url\":\"https:\/\/corona1.eu\/de\/masterbatch\/masterbatch-pet\/\",\"name\":\"Masterbatch PET - CORONA Serwis\",\"isPartOf\":{\"@id\":\"https:\/\/corona1.eu\/de\/#website\"},\"primaryImageOfPage\":{\"@id\":\"https:\/\/corona1.eu\/de\/masterbatch\/masterbatch-pet\/#primaryimage\"},\"image\":{\"@id\":\"https:\/\/corona1.eu\/de\/masterbatch\/masterbatch-pet\/#primaryimage\"},\"thumbnailUrl\":\"https:\/\/corona1.eu\/de\/wp-content\/uploads\/2025\/06\/masterbatch_bialoczarny.png\",\"datePublished\":\"2025-06-09T07:33:08+00:00\",\"dateModified\":\"2025-06-09T07:33:38+00:00\",\"breadcrumb\":{\"@id\":\"https:\/\/corona1.eu\/de\/masterbatch\/masterbatch-pet\/#breadcrumb\"},\"inLanguage\":\"de\",\"potentialAction\":[{\"@type\":\"ReadAction\",\"target\":[\"https:\/\/corona1.eu\/de\/masterbatch\/masterbatch-pet\/\"]}]},{\"@type\":\"ImageObject\",\"inLanguage\":\"de\",\"@id\":\"https:\/\/corona1.eu\/de\/masterbatch\/masterbatch-pet\/#primaryimage\",\"url\":\"https:\/\/corona1.eu\/de\/wp-content\/uploads\/2025\/06\/masterbatch_bialoczarny.png\",\"contentUrl\":\"https:\/\/corona1.eu\/de\/wp-content\/uploads\/2025\/06\/masterbatch_bialoczarny.png\",\"width\":500,\"height\":500},{\"@type\":\"BreadcrumbList\",\"@id\":\"https:\/\/corona1.eu\/de\/masterbatch\/masterbatch-pet\/#breadcrumb\",\"itemListElement\":[{\"@type\":\"ListItem\",\"position\":1,\"name\":\"Startseite\",\"item\":\"https:\/\/corona1.eu\/de\/\"},{\"@type\":\"ListItem\",\"position\":2,\"name\":\"Masterbatch\",\"item\":\"https:\/\/corona1.eu\/de\/masterbatch\/\"},{\"@type\":\"ListItem\",\"position\":3,\"name\":\"Masterbatch PET\"}]},{\"@type\":\"WebSite\",\"@id\":\"https:\/\/corona1.eu\/de\/#website\",\"url\":\"https:\/\/corona1.eu\/de\/\",\"name\":\"CORONA Serwis\",\"description\":\"\",\"potentialAction\":[{\"@type\":\"SearchAction\",\"target\":{\"@type\":\"EntryPoint\",\"urlTemplate\":\"https:\/\/corona1.eu\/de\/?s={search_term_string}\"},\"query-input\":{\"@type\":\"PropertyValueSpecification\",\"valueRequired\":true,\"valueName\":\"search_term_string\"}}],\"inLanguage\":\"de\"}]}<\/script>\n<!-- \/ Yoast SEO plugin. -->","yoast_head_json":{"title":"Masterbatch PET - CORONA Serwis","robots":{"index":"index","follow":"follow","max-snippet":"max-snippet:-1","max-image-preview":"max-image-preview:large","max-video-preview":"max-video-preview:-1"},"canonical":"https:\/\/corona1.eu\/de\/masterbatch\/masterbatch-pet\/","og_locale":"de_DE","og_type":"article","og_title":"Masterbatch PET - CORONA Serwis","og_description":"Pet ist ein thermoplastisches Polymer aus der Gruppe der Polyester. Es wird in sehr gro\u00dfem [&hellip;]","og_url":"https:\/\/corona1.eu\/de\/masterbatch\/masterbatch-pet\/","og_site_name":"CORONA Serwis","article_modified_time":"2025-06-09T07:33:38+00:00","og_image":[{"width":500,"height":500,"url":"https:\/\/corona1.eu\/de\/wp-content\/uploads\/2025\/06\/masterbatch_bialoczarny.png","type":"image\/png"}],"twitter_card":"summary_large_image","twitter_misc":{"Gesch\u00e4tzte Lesezeit":"3\u00a0Minuten"},"schema":{"@context":"https:\/\/schema.org","@graph":[{"@type":"WebPage","@id":"https:\/\/corona1.eu\/de\/masterbatch\/masterbatch-pet\/","url":"https:\/\/corona1.eu\/de\/masterbatch\/masterbatch-pet\/","name":"Masterbatch PET - CORONA Serwis","isPartOf":{"@id":"https:\/\/corona1.eu\/de\/#website"},"primaryImageOfPage":{"@id":"https:\/\/corona1.eu\/de\/masterbatch\/masterbatch-pet\/#primaryimage"},"image":{"@id":"https:\/\/corona1.eu\/de\/masterbatch\/masterbatch-pet\/#primaryimage"},"thumbnailUrl":"https:\/\/corona1.eu\/de\/wp-content\/uploads\/2025\/06\/masterbatch_bialoczarny.png","datePublished":"2025-06-09T07:33:08+00:00","dateModified":"2025-06-09T07:33:38+00:00","breadcrumb":{"@id":"https:\/\/corona1.eu\/de\/masterbatch\/masterbatch-pet\/#breadcrumb"},"inLanguage":"de","potentialAction":[{"@type":"ReadAction","target":["https:\/\/corona1.eu\/de\/masterbatch\/masterbatch-pet\/"]}]},{"@type":"ImageObject","inLanguage":"de","@id":"https:\/\/corona1.eu\/de\/masterbatch\/masterbatch-pet\/#primaryimage","url":"https:\/\/corona1.eu\/de\/wp-content\/uploads\/2025\/06\/masterbatch_bialoczarny.png","contentUrl":"https:\/\/corona1.eu\/de\/wp-content\/uploads\/2025\/06\/masterbatch_bialoczarny.png","width":500,"height":500},{"@type":"BreadcrumbList","@id":"https:\/\/corona1.eu\/de\/masterbatch\/masterbatch-pet\/#breadcrumb","itemListElement":[{"@type":"ListItem","position":1,"name":"Startseite","item":"https:\/\/corona1.eu\/de\/"},{"@type":"ListItem","position":2,"name":"Masterbatch","item":"https:\/\/corona1.eu\/de\/masterbatch\/"},{"@type":"ListItem","position":3,"name":"Masterbatch PET"}]},{"@type":"WebSite","@id":"https:\/\/corona1.eu\/de\/#website","url":"https:\/\/corona1.eu\/de\/","name":"CORONA Serwis","description":"","potentialAction":[{"@type":"SearchAction","target":{"@type":"EntryPoint","urlTemplate":"https:\/\/corona1.eu\/de\/?s={search_term_string}"},"query-input":{"@type":"PropertyValueSpecification","valueRequired":true,"valueName":"search_term_string"}}],"inLanguage":"de"}]}},"_links":{"self":[{"href":"https:\/\/corona1.eu\/de\/wp-json\/wp\/v2\/pages\/386","targetHints":{"allow":["GET"]}}],"collection":[{"href":"https:\/\/corona1.eu\/de\/wp-json\/wp\/v2\/pages"}],"about":[{"href":"https:\/\/corona1.eu\/de\/wp-json\/wp\/v2\/types\/page"}],"author":[{"embeddable":true,"href":"https:\/\/corona1.eu\/de\/wp-json\/wp\/v2\/users\/1"}],"replies":[{"embeddable":true,"href":"https:\/\/corona1.eu\/de\/wp-json\/wp\/v2\/comments?post=386"}],"version-history":[{"count":2,"href":"https:\/\/corona1.eu\/de\/wp-json\/wp\/v2\/pages\/386\/revisions"}],"predecessor-version":[{"id":388,"href":"https:\/\/corona1.eu\/de\/wp-json\/wp\/v2\/pages\/386\/revisions\/388"}],"up":[{"embeddable":true,"href":"https:\/\/corona1.eu\/de\/wp-json\/wp\/v2\/pages\/373"}],"wp:featuredmedia":[{"embeddable":true,"href":"https:\/\/corona1.eu\/de\/wp-json\/wp\/v2\/media\/379"}],"wp:attachment":[{"href":"https:\/\/corona1.eu\/de\/wp-json\/wp\/v2\/media?parent=386"}],"wp:term":[{"taxonomy":"category","embeddable":true,"href":"https:\/\/corona1.eu\/de\/wp-json\/wp\/v2\/categories?post=386"},{"taxonomy":"post_tag","embeddable":true,"href":"https:\/\/corona1.eu\/de\/wp-json\/wp\/v2\/tags?post=386"}],"curies":[{"name":"wp","href":"https:\/\/api.w.org\/{rel}","templated":true}]}}