{"id":383,"date":"2025-06-09T09:29:41","date_gmt":"2025-06-09T07:29:41","guid":{"rendered":"https:\/\/corona1.eu\/de\/?page_id=383"},"modified":"2025-06-09T09:30:10","modified_gmt":"2025-06-09T07:30:10","slug":"masterbatch-pbt","status":"publish","type":"page","link":"https:\/\/corona1.eu\/de\/masterbatch\/masterbatch-pbt\/","title":{"rendered":"Masterbatch PBT"},"content":{"rendered":"\n\n<p>PBT ist ein Polymer aus der Gruppe der Polyester, das durch Polykondensation aus Dimethylterephthalat und Butylenglykol gewonnen wird. Es wird vor allem in der Elektronikindustrie als Isolierschicht verwendet. Durch seine hohe Kristallinit\u00e4t schrumpft es beim Einlegen in eine Form nur sehr wenig, so dass es bei der Herstellung von Pr\u00e4zisionsarmaturen, z. B. f\u00fcr elektrische Schalter, eingesetzt werden kann. Es kann bei max. 150 \u00b0C.<\/p>\n\n\n\n\n\n<h3 class=\"wp-block-heading\">Anwendung<\/h3>\n\n\n\n\n\n<ul class=\"wp-block-list\">\n\n<li> armaturen,<\/li>\n\n\n\n\n\n<li>komponenten f\u00fcr medizinische Ger\u00e4te,<\/li>\n\n\n\n\n\n<li>automobilteile,<\/li>\n\n\n\n\n\n<li>komponenten f\u00fcr Haushaltsger\u00e4te.<\/li>\n\n<\/ul>\n\n\n\n\n\n<div class=\"table-wrapper\"><table class=\"table table-bordered\"><thead class=\"thead-dark\"><tr style=\"background-color: #e79400\"><th scope=\"col\" colspan=\"2\">Poly(butylenterephthalat) (PBT)<\/th><\/tr><\/thead><thead class=\"thead-dark\"><tr style=\"background-color: #e79400\"><th scope=\"col\" colspan=\"1\">Name des Produkts<\/th><th scope=\"col\" colspan=\"1\">Eigenschaften<\/th><\/tr><\/thead><tbody><tr><td style=\"background-color: #e5a157\">PreMB 23201 PBT schwarz<\/td><td colspan=\"3\">Verschiedene Anwendungen je nach Einsatzgebiet. <br> F\u00fcr Fasern\/Filamente ab 1 Denier aufw\u00e4rts und d\u00fcnne Platten\/Folien. <br> Tiefster schwarzer Farbton.<\/td><\/tr><tr><td style=\"background-color: #e5a157\">PreMB 23101 PBT schwarz<\/td><td>Verschiedene Anwendungen je nach Einsatzgebiet. <br> F\u00fcr Fasern\/Filamente ab 1 Denier und d\u00fcnne Platten\/Folien. <br> Entspricht der europ\u00e4ischen Norm 2002\/72\/EG. <br> Tiefste Nuance von bl\u00e4ulichem Schwarz.<\/td><\/tr><tr><td style=\"background-color: #e5a157\">PreMB 23001 PBT schwarz<\/td><td>Verschiedene Anwendungen je nach Einsatzgebiet.<br> F\u00fcr Fasern\/Filamente ab 1 Denier und d\u00fcnne Tafeln\/Folien.<br> Entspricht der europ\u00e4ischen Norm 2002\/72\/EC.<\/td><\/tr><tr><td style=\"background-color: #e5a157\">PreMB 23401 PBT schwarz<\/td><td>Verschiedene Anwendungen je nach Einsatzgebiet.<br> F\u00fcr Fasern\/Filamente ab 2,7 Denier und d\u00fcnne Platten\/Folien.<br> Entspricht der europ\u00e4ischen Norm 2002\/72\/EG.<\/td><\/tr><tr><td style=\"background-color: #e5a157\">PreMB 23601 PBT schwarz<\/td><td>Verschiedene Anwendungen je nach Einsatzgebiet.<br> F\u00fcr Fasern\/Filamente ab 1 Denier und d\u00fcnne Platten\/Folien.<br> Entspricht der US FDA-Norm.<\/td><\/tr><tr><td style=\"background-color: #e5a157\">PreMB 23701 PBT schwarz<\/td><td colspan=\"1\">Verschiedene Anwendungen je nach Einsatzgebiet.<br> F\u00fcr Fasern\/Filamente ab 1 Denier und d\u00fcnne Platten\/Folien.<br> Entspricht der europ\u00e4ischen Norm 2002\/72\/EC.<br> Sehr geringer Abrieb.<\/td><\/tr><tr><td style=\"background-color: #e5a157\">PreMB 23801 PBT schwarz<\/td><td>Verschiedene Anwendungen je nach Einsatzgebiet.<br> F\u00fcr Fasern\/Filamente ab 3 Denier und d\u00fcnne Platten\/Folien.<\/td><\/tr><tr><td style=\"background-color: #e5a157\">PreMB 23103 PBT schwarz<\/td><td>Verschiedene Anwendungen je nach Einsatzgebiet.<br> F\u00fcr Fasern \/ Filamente ab 0,8 Denier aufw\u00e4rts\n und d\u00fcnne Platten\/Folien; <br> Tiefste Nuance von bl\u00e4ulichem Schwarz.<br> Entspricht der europ\u00e4ischen Norm 2002\/72\/EG.<\/td><\/tr><tr><td style=\"background-color: #e5a157\">PreMB 23003 PBT schwarz<\/td><td>Verschiedene Anwendungen je nach Einsatzgebiet.<br> F\u00fcr Fasern \/ Filamente ab 0,8 Denier aufw\u00e4rts\n und d\u00fcnne Platten\/Folien; <br> Entspricht der europ\u00e4ischen Norm 2002\/72\/EC.<\/td><\/tr><tr><td style=\"background-color: #e5a157\">PreMB 23203 PBT schwarz<\/td><td>Verschiedene Anwendungen je nach Einsatzgebiet.<br> F\u00fcr Fasern \/ Filamente ab 0,8 Denier aufw\u00e4rts\n und d\u00fcnne Tafeln\/Folien; <br> Tiefster schwarzer Farbton.<br> Geringer Abrieb.<\/td><\/tr><tr><td style=\"background-color: #e5a157\">PreMB 23403 PBT schwarz<\/td><td>Verschiedene Anwendungen je nach Einsatzgebiet.<br> F\u00fcr Fasern \/ Filamente ab 2,7 Denier aufw\u00e4rts\n und d\u00fcnne Platten\/Folien; <br> Entspricht der europ\u00e4ischen Norm 2002\/72\/EG.<br> Geringer Abrieb.<\/td><\/tr><tr><td style=\"background-color: #e5a157\">PreMB 23703 PBT schwarz<\/td><td>Verschiedene Anwendungen je nach Einsatzgebiet.<br> F\u00fcr Fasern\/Filamente ab 0,8 Denier und d\u00fcnne Tafeln\/Folien; <br> Entspricht der europ\u00e4ischen Norm 2002\/72\/EC.<br> Geringer Abrieb.<\/td><\/tr><tr><td style=\"background-color: #e5a157\">PreMB 23 wei\u00df 111-10 PBT<\/td><td>10% Titandioxid.<\/td><\/tr><tr><td style=\"background-color: #e5a157\">PreMB 23 wei\u00df 111-20 PBT<\/td><td>20% Titandioxid.<\/td><\/tr><tr><td style=\"background-color: #e5a157\">PreMB 23 wei\u00df 111-30 PBT<\/td><td>30% Titandioxid.<\/td><\/tr><tr><td style=\"background-color: #e5a157\">PreMB 23 wei\u00df 111-40 PBT<\/td><td>40% Titandioxid.<\/td><\/tr><tr><td style=\"background-color: #e5a157\">PreMB 23 wei\u00df 111-50 PBT<\/td><td>50% Titandioxid.<\/td><\/tr><\/tbody><\/table><\/div>\n\n","protected":false},"excerpt":{"rendered":"<p>PBT ist ein Polymer aus der Gruppe der Polyester, das durch Polykondensation aus Dimethylterephthalat und [&hellip;]<\/p>\n","protected":false},"author":1,"featured_media":379,"parent":373,"menu_order":0,"comment_status":"closed","ping_status":"closed","template":"kg_products_template.php","meta":{"pgc_sgb_lightbox_settings":"","footnotes":""},"categories":[26],"tags":[],"class_list":["post-383","page","type-page","status-publish","has-post-thumbnail","hentry","category-masterbatch"],"yoast_head":"<!-- This site is optimized with the Yoast SEO plugin v27.1.1 - https:\/\/yoast.com\/product\/yoast-seo-wordpress\/ -->\n<title>Masterbatch PBT - CORONA Serwis<\/title>\n<meta name=\"robots\" content=\"index, follow, max-snippet:-1, max-image-preview:large, max-video-preview:-1\" \/>\n<link rel=\"canonical\" href=\"https:\/\/corona1.eu\/de\/masterbatch\/masterbatch-pbt\/\" \/>\n<meta property=\"og:locale\" content=\"de_DE\" \/>\n<meta property=\"og:type\" content=\"article\" \/>\n<meta property=\"og:title\" content=\"Masterbatch PBT - CORONA Serwis\" \/>\n<meta property=\"og:description\" content=\"PBT ist ein Polymer aus der Gruppe der Polyester, das durch Polykondensation aus Dimethylterephthalat und [&hellip;]\" \/>\n<meta property=\"og:url\" content=\"https:\/\/corona1.eu\/de\/masterbatch\/masterbatch-pbt\/\" \/>\n<meta property=\"og:site_name\" content=\"CORONA Serwis\" \/>\n<meta property=\"article:modified_time\" content=\"2025-06-09T07:30:10+00:00\" \/>\n<meta property=\"og:image\" content=\"https:\/\/corona1.eu\/de\/wp-content\/uploads\/2025\/06\/masterbatch_bialoczarny.png\" \/>\n\t<meta property=\"og:image:width\" content=\"500\" \/>\n\t<meta property=\"og:image:height\" content=\"500\" \/>\n\t<meta property=\"og:image:type\" content=\"image\/png\" \/>\n<meta name=\"twitter:card\" content=\"summary_large_image\" \/>\n<meta name=\"twitter:label1\" content=\"Gesch\u00e4tzte Lesezeit\" \/>\n\t<meta name=\"twitter:data1\" content=\"3\u00a0Minuten\" \/>\n<script type=\"application\/ld+json\" class=\"yoast-schema-graph\">{\"@context\":\"https:\/\/schema.org\",\"@graph\":[{\"@type\":\"WebPage\",\"@id\":\"https:\/\/corona1.eu\/de\/masterbatch\/masterbatch-pbt\/\",\"url\":\"https:\/\/corona1.eu\/de\/masterbatch\/masterbatch-pbt\/\",\"name\":\"Masterbatch PBT - CORONA Serwis\",\"isPartOf\":{\"@id\":\"https:\/\/corona1.eu\/de\/#website\"},\"primaryImageOfPage\":{\"@id\":\"https:\/\/corona1.eu\/de\/masterbatch\/masterbatch-pbt\/#primaryimage\"},\"image\":{\"@id\":\"https:\/\/corona1.eu\/de\/masterbatch\/masterbatch-pbt\/#primaryimage\"},\"thumbnailUrl\":\"https:\/\/corona1.eu\/de\/wp-content\/uploads\/2025\/06\/masterbatch_bialoczarny.png\",\"datePublished\":\"2025-06-09T07:29:41+00:00\",\"dateModified\":\"2025-06-09T07:30:10+00:00\",\"breadcrumb\":{\"@id\":\"https:\/\/corona1.eu\/de\/masterbatch\/masterbatch-pbt\/#breadcrumb\"},\"inLanguage\":\"de\",\"potentialAction\":[{\"@type\":\"ReadAction\",\"target\":[\"https:\/\/corona1.eu\/de\/masterbatch\/masterbatch-pbt\/\"]}]},{\"@type\":\"ImageObject\",\"inLanguage\":\"de\",\"@id\":\"https:\/\/corona1.eu\/de\/masterbatch\/masterbatch-pbt\/#primaryimage\",\"url\":\"https:\/\/corona1.eu\/de\/wp-content\/uploads\/2025\/06\/masterbatch_bialoczarny.png\",\"contentUrl\":\"https:\/\/corona1.eu\/de\/wp-content\/uploads\/2025\/06\/masterbatch_bialoczarny.png\",\"width\":500,\"height\":500},{\"@type\":\"BreadcrumbList\",\"@id\":\"https:\/\/corona1.eu\/de\/masterbatch\/masterbatch-pbt\/#breadcrumb\",\"itemListElement\":[{\"@type\":\"ListItem\",\"position\":1,\"name\":\"Startseite\",\"item\":\"https:\/\/corona1.eu\/de\/\"},{\"@type\":\"ListItem\",\"position\":2,\"name\":\"Masterbatch\",\"item\":\"https:\/\/corona1.eu\/de\/masterbatch\/\"},{\"@type\":\"ListItem\",\"position\":3,\"name\":\"Masterbatch PBT\"}]},{\"@type\":\"WebSite\",\"@id\":\"https:\/\/corona1.eu\/de\/#website\",\"url\":\"https:\/\/corona1.eu\/de\/\",\"name\":\"CORONA Serwis\",\"description\":\"\",\"potentialAction\":[{\"@type\":\"SearchAction\",\"target\":{\"@type\":\"EntryPoint\",\"urlTemplate\":\"https:\/\/corona1.eu\/de\/?s={search_term_string}\"},\"query-input\":{\"@type\":\"PropertyValueSpecification\",\"valueRequired\":true,\"valueName\":\"search_term_string\"}}],\"inLanguage\":\"de\"}]}<\/script>\n<!-- \/ Yoast SEO plugin. -->","yoast_head_json":{"title":"Masterbatch PBT - CORONA Serwis","robots":{"index":"index","follow":"follow","max-snippet":"max-snippet:-1","max-image-preview":"max-image-preview:large","max-video-preview":"max-video-preview:-1"},"canonical":"https:\/\/corona1.eu\/de\/masterbatch\/masterbatch-pbt\/","og_locale":"de_DE","og_type":"article","og_title":"Masterbatch PBT - CORONA Serwis","og_description":"PBT ist ein Polymer aus der Gruppe der Polyester, das durch Polykondensation aus Dimethylterephthalat und [&hellip;]","og_url":"https:\/\/corona1.eu\/de\/masterbatch\/masterbatch-pbt\/","og_site_name":"CORONA Serwis","article_modified_time":"2025-06-09T07:30:10+00:00","og_image":[{"width":500,"height":500,"url":"https:\/\/corona1.eu\/de\/wp-content\/uploads\/2025\/06\/masterbatch_bialoczarny.png","type":"image\/png"}],"twitter_card":"summary_large_image","twitter_misc":{"Gesch\u00e4tzte Lesezeit":"3\u00a0Minuten"},"schema":{"@context":"https:\/\/schema.org","@graph":[{"@type":"WebPage","@id":"https:\/\/corona1.eu\/de\/masterbatch\/masterbatch-pbt\/","url":"https:\/\/corona1.eu\/de\/masterbatch\/masterbatch-pbt\/","name":"Masterbatch PBT - CORONA Serwis","isPartOf":{"@id":"https:\/\/corona1.eu\/de\/#website"},"primaryImageOfPage":{"@id":"https:\/\/corona1.eu\/de\/masterbatch\/masterbatch-pbt\/#primaryimage"},"image":{"@id":"https:\/\/corona1.eu\/de\/masterbatch\/masterbatch-pbt\/#primaryimage"},"thumbnailUrl":"https:\/\/corona1.eu\/de\/wp-content\/uploads\/2025\/06\/masterbatch_bialoczarny.png","datePublished":"2025-06-09T07:29:41+00:00","dateModified":"2025-06-09T07:30:10+00:00","breadcrumb":{"@id":"https:\/\/corona1.eu\/de\/masterbatch\/masterbatch-pbt\/#breadcrumb"},"inLanguage":"de","potentialAction":[{"@type":"ReadAction","target":["https:\/\/corona1.eu\/de\/masterbatch\/masterbatch-pbt\/"]}]},{"@type":"ImageObject","inLanguage":"de","@id":"https:\/\/corona1.eu\/de\/masterbatch\/masterbatch-pbt\/#primaryimage","url":"https:\/\/corona1.eu\/de\/wp-content\/uploads\/2025\/06\/masterbatch_bialoczarny.png","contentUrl":"https:\/\/corona1.eu\/de\/wp-content\/uploads\/2025\/06\/masterbatch_bialoczarny.png","width":500,"height":500},{"@type":"BreadcrumbList","@id":"https:\/\/corona1.eu\/de\/masterbatch\/masterbatch-pbt\/#breadcrumb","itemListElement":[{"@type":"ListItem","position":1,"name":"Startseite","item":"https:\/\/corona1.eu\/de\/"},{"@type":"ListItem","position":2,"name":"Masterbatch","item":"https:\/\/corona1.eu\/de\/masterbatch\/"},{"@type":"ListItem","position":3,"name":"Masterbatch PBT"}]},{"@type":"WebSite","@id":"https:\/\/corona1.eu\/de\/#website","url":"https:\/\/corona1.eu\/de\/","name":"CORONA Serwis","description":"","potentialAction":[{"@type":"SearchAction","target":{"@type":"EntryPoint","urlTemplate":"https:\/\/corona1.eu\/de\/?s={search_term_string}"},"query-input":{"@type":"PropertyValueSpecification","valueRequired":true,"valueName":"search_term_string"}}],"inLanguage":"de"}]}},"_links":{"self":[{"href":"https:\/\/corona1.eu\/de\/wp-json\/wp\/v2\/pages\/383","targetHints":{"allow":["GET"]}}],"collection":[{"href":"https:\/\/corona1.eu\/de\/wp-json\/wp\/v2\/pages"}],"about":[{"href":"https:\/\/corona1.eu\/de\/wp-json\/wp\/v2\/types\/page"}],"author":[{"embeddable":true,"href":"https:\/\/corona1.eu\/de\/wp-json\/wp\/v2\/users\/1"}],"replies":[{"embeddable":true,"href":"https:\/\/corona1.eu\/de\/wp-json\/wp\/v2\/comments?post=383"}],"version-history":[{"count":2,"href":"https:\/\/corona1.eu\/de\/wp-json\/wp\/v2\/pages\/383\/revisions"}],"predecessor-version":[{"id":385,"href":"https:\/\/corona1.eu\/de\/wp-json\/wp\/v2\/pages\/383\/revisions\/385"}],"up":[{"embeddable":true,"href":"https:\/\/corona1.eu\/de\/wp-json\/wp\/v2\/pages\/373"}],"wp:featuredmedia":[{"embeddable":true,"href":"https:\/\/corona1.eu\/de\/wp-json\/wp\/v2\/media\/379"}],"wp:attachment":[{"href":"https:\/\/corona1.eu\/de\/wp-json\/wp\/v2\/media?parent=383"}],"wp:term":[{"taxonomy":"category","embeddable":true,"href":"https:\/\/corona1.eu\/de\/wp-json\/wp\/v2\/categories?post=383"},{"taxonomy":"post_tag","embeddable":true,"href":"https:\/\/corona1.eu\/de\/wp-json\/wp\/v2\/tags?post=383"}],"curies":[{"name":"wp","href":"https:\/\/api.w.org\/{rel}","templated":true}]}}