{"id":38,"date":"2025-02-25T09:09:00","date_gmt":"2025-02-25T08:09:00","guid":{"rendered":"https:\/\/corona1.eu\/de\/?page_id=38"},"modified":"2025-04-18T10:35:37","modified_gmt":"2025-04-18T08:35:37","slug":"explosionsschutzsysteme","status":"publish","type":"page","link":"https:\/\/corona1.eu\/de\/explosionsschutzsysteme\/","title":{"rendered":"Explosionsschutzsysteme"},"content":{"rendered":"\n<p>Der Anwendungsbereich von aktiven Explosionsschutzsystemen ist sehr breit gef\u00e4chert. Gemeinsam mit Ihnen erarbeiten wir die f\u00fcr Ihre Technologie am besten geeignete Explosionsschutzmethodik.<\/p>\n\n\n\n<p>Das HRD-Explosionsunterdr\u00fcckungssystem reagiert innerhalb weniger Millisekunden auf den Alarm von Druck- oder optischen Sensoren, die einen sich bildenden explosiven Feuerball erkennen. Sofort wird eine L\u00f6schladung in das gesch\u00fctzte System geschossen. Die Unterdr\u00fcckung der Explosion erfolgt, bevor der steigende Druck der Oxidationsreaktion \u00fcberhaupt Zeit hatte, Sch\u00e4den an der Anlage zu verursachen. Die Z\u00fcndung der Ladung selbst verursacht keine gr\u00f6\u00dferen Druckspitzen (bis maximal 0,3 bar), so dass auch Anlagen mit geringem Unterdruck auf diese Weise gesch\u00fctzt werden k\u00f6nnen. Dar\u00fcber hinaus ist der bei der Z\u00fcndung erzeugte Druck sehr kurzlebig und wird durch GCA-Gasgeneratoren ausgel\u00f6st.<\/p>\n\n\n\n<p>Wir helfen Ihnen bei der Auswahl der richtigen Schutzvorrichtungen f\u00fcr Anlagen wie z. B.: Entstaubungsfilter, Staubminimierung, Staubsauger (alle Arten), Becherf\u00f6rderer, Kratzerf\u00f6rderer, Gurtf\u00f6rderer und andere, Hammerm\u00fchlen, Kohlem\u00fchlen aller Arten und Typen und andere, Sch\u00fcttgutbeh\u00e4lter und viele andere Anwendungen.<\/p>\n\n\n\n<div class=\"wp-block-columns is-layout-flex wp-container-core-columns-is-layout-9d6595d7 wp-block-columns-is-layout-flex\">\n<div class=\"wp-block-column is-vertically-aligned-center is-layout-flow wp-block-column-is-layout-flow\" style=\"flex-basis:66.66%\">\n<h2 class=\"wp-block-heading\"><strong>Diagramm &#8211; Explosionsschutzsysteme<\/strong><\/h2>\n\n\n\n<p>High-Rate-Discharge-Systeme (HRD) sind die modernsten Explosionsschutzsysteme der Welt. Bei einer Explosion in einem geschlossenen Raum wird ein unter Druck stehendes Mittel durch den HRD-Zylinder geleitet, um die Explosion im Inneren zu unterdr\u00fccken.<\/p>\n\n\n\n<p>\u2780 HRD-Zylinder<\/p>\n\n\n\n<p>\u2781 Sensor<\/p>\n\n\n\n<p>\u2782 EPACO Schaltschrank<\/p>\n\n\n\n<p>\u2783 SRD-Zylinder<\/p>\n\n\n\n<p>\u2784 Schnellschlussventil<\/p>\n<\/div>\n\n\n\n<div class=\"wp-block-column is-layout-flow wp-block-column-is-layout-flow\" style=\"flex-basis:33.33%\">\n<figure class=\"wp-block-image size-large\"><img decoding=\"async\" src=\"https:\/\/corona1.eu\/wp-content\/uploads\/2022\/09\/System_HRD_schemat_www.jpg\" alt=\"\"\/><\/figure>\n<\/div>\n<\/div>\n\n\n\n<h3 class=\"wp-block-heading\"><strong>Aktives System HRD<\/strong><\/h3>\n\n\n\n<p>Das Explosionsunterdr\u00fcckungssystem soll als Sicherheitseinrichtung fungieren. Sie muss die Explosion im Voraus erkennen und sie in ihrer fr\u00fchesten Phase unterdr\u00fccken, wenn noch kein \u00dcberdruck und keine Brandentwicklung aufgetreten sind.<\/p>\n\n\n<div class=\"pgc-sgb-cb wp-block-pgcsimplygalleryblock-grid \" data-gallery-id=\"7d071613\"><div class=\"sgb-preloader\" id=\"pr_7d071613\">\n\t<div class=\"sgb-square\" style=\"background:#d4d4d4\"><\/div>\n\t<div class=\"sgb-square\" style=\"background:#d4d4d4\"><\/div>\n\t<div class=\"sgb-square\" style=\"background:#d4d4d4\"><\/div>\n\t<div class=\"sgb-square\" style=\"background:#d4d4d4\"><\/div><\/div><div class=\"simply-gallery-amp pgc_sgb_slider \"><noscript><div class=\"sgb-gallery\"><div class=\"sgb-item\"><a href=\"https:\/\/corona1.eu\/galeria-realizacji\/hrdd\/\" target=\"_blank\"><img decoding=\"async\" alt=\"\" width=\"300\" height=\"300\" loading=\"lazy\" src=\"https:\/\/corona1.eu\/wp-content\/uploads\/2022\/09\/hrdd-300x300.jpg\" srcset=\"https:\/\/corona1.eu\/wp-content\/uploads\/2022\/09\/hrdd-300x300.jpg 300w,https:\/\/corona1.eu\/wp-content\/uploads\/2022\/09\/hrdd.jpg 900w\" sizes=\"auto, 250px\"\/><\/a><\/div><div class=\"sgb-item\"><a href=\"https:\/\/corona1.eu\/galeria-realizacji\/cof\/\" target=\"_blank\"><img decoding=\"async\" alt=\"\" width=\"300\" height=\"300\" loading=\"lazy\" src=\"https:\/\/corona1.eu\/wp-content\/uploads\/2022\/09\/6-300x300.jpg\" srcset=\"https:\/\/corona1.eu\/wp-content\/uploads\/2022\/09\/6-300x300.jpg 300w,https:\/\/corona1.eu\/wp-content\/uploads\/2022\/09\/6.jpg 900w\" sizes=\"auto, 250px\"\/><\/a><\/div><div class=\"sgb-item\"><a href=\"https:\/\/corona1.eu\/galeria-realizacji\/cof-6\/\" target=\"_blank\"><img decoding=\"async\" alt=\"\" width=\"300\" height=\"300\" loading=\"lazy\" src=\"https:\/\/corona1.eu\/wp-content\/uploads\/2022\/09\/11-300x300.jpg\" srcset=\"https:\/\/corona1.eu\/wp-content\/uploads\/2022\/09\/11-300x300.jpg 300w,https:\/\/corona1.eu\/wp-content\/uploads\/2022\/09\/11.jpg 900w\" sizes=\"auto, 250px\"\/><\/a><\/div><\/div><\/noscript><\/div><script type=\"application\/json\" class=\"sgb-data\">{\"collectionThumbSubMenuDownload\":false,\"collectionThumbSubMenuShare\":false,\"galleryType\":\"pgc_sgb_grid\",\"galleryId\":\"7d071613\",\"images\":[{\"id\":1204,\"title\":\"hrdd\",\"url\":\"https:\/\/corona1.eu\/wp-content\/uploads\/2022\/09\/hrdd.jpg\",\"link\":\"https:\/\/corona1.eu\/galeria-realizacji\/hrdd\/\",\"alt\":\"\",\"description\":\"\",\"caption\":\"\",\"mime\":\"image\/jpeg\",\"type\":\"image\",\"width\":900,\"height\":900,\"sizes\":{\"thumbnail\":{\"height\":150,\"width\":150,\"url\":\"https:\/\/corona1.eu\/wp-content\/uploads\/2022\/09\/hrdd-150x150.jpg\",\"orientation\":\"landscape\"},\"medium\":{\"height\":300,\"width\":300,\"url\":\"https:\/\/corona1.eu\/wp-content\/uploads\/2022\/09\/hrdd-300x300.jpg\",\"orientation\":\"landscape\"},\"full\":{\"url\":\"https:\/\/corona1.eu\/wp-content\/uploads\/2022\/09\/hrdd.jpg\",\"height\":900,\"width\":900,\"orientation\":\"landscape\"}},\"meta\":false,\"postlink\":\"https:\/\/corona1.eu\/galeria-realizacji\/hrdd\/\"},{\"id\":1209,\"title\":\"\",\"url\":\"https:\/\/corona1.eu\/wp-content\/uploads\/2022\/09\/6.jpg\",\"link\":\"https:\/\/corona1.eu\/galeria-realizacji\/cof\/\",\"alt\":\"\",\"description\":\"\",\"caption\":\"\",\"mime\":\"image\/jpeg\",\"type\":\"image\",\"width\":900,\"height\":900,\"sizes\":{\"thumbnail\":{\"height\":150,\"width\":150,\"url\":\"https:\/\/corona1.eu\/wp-content\/uploads\/2022\/09\/6-150x150.jpg\",\"orientation\":\"landscape\"},\"medium\":{\"height\":300,\"width\":300,\"url\":\"https:\/\/corona1.eu\/wp-content\/uploads\/2022\/09\/6-300x300.jpg\",\"orientation\":\"landscape\"},\"full\":{\"url\":\"https:\/\/corona1.eu\/wp-content\/uploads\/2022\/09\/6.jpg\",\"height\":900,\"width\":900,\"orientation\":\"landscape\"}},\"meta\":false,\"postlink\":\"https:\/\/corona1.eu\/galeria-realizacji\/cof\/\"},{\"id\":1214,\"title\":\"\",\"url\":\"https:\/\/corona1.eu\/wp-content\/uploads\/2022\/09\/11.jpg\",\"link\":\"https:\/\/corona1.eu\/galeria-realizacji\/cof-6\/\",\"alt\":\"\",\"description\":\"\",\"caption\":\"\",\"mime\":\"image\/jpeg\",\"type\":\"image\",\"width\":900,\"height\":900,\"sizes\":{\"thumbnail\":{\"height\":150,\"width\":150,\"url\":\"https:\/\/corona1.eu\/wp-content\/uploads\/2022\/09\/11-150x150.jpg\",\"orientation\":\"landscape\"},\"medium\":{\"height\":300,\"width\":300,\"url\":\"https:\/\/corona1.eu\/wp-content\/uploads\/2022\/09\/11-300x300.jpg\",\"orientation\":\"landscape\"},\"full\":{\"url\":\"https:\/\/corona1.eu\/wp-content\/uploads\/2022\/09\/11.jpg\",\"height\":900,\"width\":900,\"orientation\":\"landscape\"}},\"meta\":false,\"postlink\":\"https:\/\/corona1.eu\/galeria-realizacji\/cof-6\/\"}],\"itemsMetaDataCollection\":[]}<\/script><script>(function(){if(window.PGC_SGB && window.PGC_SGB.searcher){window.PGC_SGB.searcher.initBlocks()}})()<\/script><\/div>\n\n\n<p>Die Explosionsunterdr\u00fcckung ist die bevorzugte Methode, wenn giftige Stoffe verarbeitet werden, wenn Ger\u00e4te intern installiert sind und die Ableitung von Explosionen aufgrund der hohen Flammengefahr nicht akzeptabel ist.<\/p>\n\n\n\n<p><strong>Wichtige Vorteile der aktiven explosionsgesch\u00fctzten Systeme von Fike sind:<\/strong><\/p>\n\n\n\n<ul class=\"wp-block-list\">\n<li>Eine breite Palette von L\u00f6schbeh\u00e4ltern erm\u00f6glicht die Auswahl der richtigen Ausr\u00fcstung f\u00fcr die jeweilige Anwendung.<\/li>\n\n\n\n<li>Speziell entwickeltes Betriebssystem sorgt f\u00fcr schnellste Reaktion und hilft, Ausfallzeiten und Wartungskosten zu reduzieren.<\/li>\n\n\n\n<li>Bew\u00e4hrte Zuverl\u00e4ssigkeit. Die Explosionsunterdr\u00fcckungssysteme von Fike haben eine unglaublich schnelle Reaktionszeit und sind dennoch zuverl\u00e4ssig. Die Systeme haben an umfangreichen Tests von Ciba Geigy in der Schweiz, DMT, FSA und Kappelrodeck teilgenommen.<\/li>\n\n\n\n<li>Die Explosionsunterdr\u00fcckungssysteme wurden so konzipiert, dass ihre Komponenten so wenig wie m\u00f6glich gewartet werden m\u00fcssen und auch einfach zu warten sind.<\/li>\n\n\n\n<li>Es steht eine breite Palette von Komponenten zur Auswahl, die so zusammengestellt werden k\u00f6nnen, dass sie den Eigenschaften des Produkts und dem Einsatzort am besten entsprechen. (St\u00e4ube, explosive Gase, komplexe Gemische).<\/li>\n<\/ul>\n\n\n\n<div class=\"wp-block-group\"><div class=\"wp-block-group__inner-container is-layout-flow wp-block-group-is-layout-flow\">\n<div class=\"wp-block-columns is-layout-flex wp-container-core-columns-is-layout-9d6595d7 wp-block-columns-is-layout-flex\">\n<div class=\"wp-block-column is-layout-flow wp-block-column-is-layout-flow\">\n<a href=\"\/pdf\/02_karty_EP\/02_systemy_aktywne\/karta_system_HRD.pdf\" class=\"btn btn__secondary btn__link pt-3\">\n   <i class=\"icon-arrow-right arrow-rounded\"><\/i>\n   <span>PDF anzeigen<\/span>\n<\/a>\n<a href=\"\/de\/kontakt\/\" class=\"btn btn__secondary btn__link pt-3 pl-3\">\n   <i class=\"icon-arrow-right arrow-rounded\"><\/i>\n   <span>Kontakt<\/span>\n<\/a>\n<\/div>\n<\/div>\n<\/div><\/div>\n\n\n\n<div class=\"wp-block-columns is-layout-flex wp-container-core-columns-is-layout-9d6595d7 wp-block-columns-is-layout-flex\">\n<div class=\"wp-block-column is-vertically-aligned-center is-layout-flow wp-block-column-is-layout-flow\" style=\"flex-basis:66.66%\">\n<div style=\"height:60px\" aria-hidden=\"true\" class=\"wp-block-spacer\"><\/div>\n\n\n\n<h3 class=\"wp-block-heading\"><strong>IREX optischer Sensor<\/strong><\/h3>\n\n\n\n<p>Der Fike-Detektor besteht aus einer Fotodiode, die in einem Geh\u00e4use aus Edelstahl installiert ist. Der Detektor arbeitet mit Strahlungsunterschieden, die durch Oxidation in Form von Funken oder Flammen entstehen, die sich in der N\u00e4he des Detektors bewegen.<\/p>\n\n\n\n<p>Es erkennt das Licht der Explosion in ihrem Anfangsstadium und \u00fcbermittelt es an die Zentrale, die das Ger\u00e4uschsystem und die Entkopplung der Explosion aktiviert.<\/p>\n\n\n\n<a href=\"\/pdf\/02_karty_EP\/02_systemy_aktywne\/karta_czujnik_optyczny.pdf\" class=\"btn btn__secondary btn__link pt-3\">\n   <i class=\"icon-arrow-right arrow-rounded\"><\/i>\n   <span>PDF anzeigen<\/span>\n<\/a>\n<a href=\"\/de\/kontakt\/\" class=\"btn btn__secondary btn__link pt-3 pl-3\">\n   <i class=\"icon-arrow-right arrow-rounded\"><\/i>\n   <span>Kontakt<\/span>\n<\/a>\n<\/div>\n\n\n\n<div class=\"wp-block-column is-vertically-aligned-center is-layout-flow wp-block-column-is-layout-flow\" style=\"flex-basis:33.33%\">\n<figure class=\"wp-block-image size-large is-resized\"><img decoding=\"async\" src=\"https:\/\/corona1.eu\/wp-content\/uploads\/2022\/09\/IREX_czujnik_optyczny.png\" alt=\"\" style=\"width:268px;height:178px\"\/><\/figure>\n<\/div>\n<\/div>\n\n\n\n<div class=\"wp-block-columns is-layout-flex wp-container-core-columns-is-layout-9d6595d7 wp-block-columns-is-layout-flex\">\n<div class=\"wp-block-column is-vertically-aligned-center is-layout-flow wp-block-column-is-layout-flow\" style=\"flex-basis:66.66%\">\n<div style=\"height:60px\" aria-hidden=\"true\" class=\"wp-block-spacer\"><\/div>\n\n\n\n<h3 class=\"wp-block-heading\"><strong>CEREX-Drucksensor<\/strong><\/h3>\n\n\n\n<p>Der Fike-Sensor wurde entwickelt, um im Dauerbetrieb den Druck im Gefahrenbereich zu messen. Der Fike-Sensor besteht aus einem Keramikelement, das den Betrieb unter h\u00e4rtesten Bedingungen erm\u00f6glicht, ihn korrosionsbest\u00e4ndig macht und einen langfristig stabilen Betrieb gew\u00e4hrleistet.<\/p>\n\n\n\n<p>Mit Hilfe der ASIC-Technologie empf\u00e4ngt und \u00fcberwacht der Sensor den Druck mit hoher Genauigkeit, kompensiert die Daten und filtert Fehler heraus.&nbsp;<\/p>\n\n\n\n<a href=\"\/pdf\/02_karty_EP\/02_systemy_aktywne\/karta_czujnik_ceramiczny.pdf\" class=\"btn btn__secondary btn__link pt-3\">\n   <i class=\"icon-arrow-right arrow-rounded\"><\/i>\n   <span>PDF anzeigen<\/span>\n<\/a>\n<a href=\"\/de\/kontakt\/\" class=\"btn btn__secondary btn__link pt-3 pl-3\">\n   <i class=\"icon-arrow-right arrow-rounded\"><\/i>\n   <span>Kontakt<\/span>\n<\/a>\n<\/div>\n\n\n\n<div class=\"wp-block-column is-vertically-aligned-center is-layout-flow wp-block-column-is-layout-flow\" style=\"flex-basis:33.33%\">\n<figure class=\"wp-block-image size-large is-resized\"><img decoding=\"async\" src=\"https:\/\/corona1.eu\/wp-content\/uploads\/2022\/09\/CEREX_czujnik_ceramiczny.png\" alt=\"\" style=\"width:227px;height:151px\"\/><\/figure>\n<\/div>\n<\/div>\n\n\n\n<div class=\"wp-block-columns is-layout-flex wp-container-core-columns-is-layout-9d6595d7 wp-block-columns-is-layout-flex\">\n<div class=\"wp-block-column is-vertically-aligned-center is-layout-flow wp-block-column-is-layout-flow\" style=\"flex-basis:66.66%\">\n<h3 class=\"wp-block-heading\"><strong>EPACO-Schaltschrank<\/strong><\/h3>\n\n\n\n<p>Steuerschrank f\u00fcr aktive Explosionsunterdr\u00fcckung und Entkopplungssystem. Die Steuerungssysteme werden je nach Kundenwunsch und -anforderung erweitert. Der Versicherer FM Global empfiehlt die Entwicklung einer geeigneten Visualisierung des ATEX-Schutzsystems, um die Erkennung von Systemausl\u00f6sungen an der Anlage zu erleichtern.<\/p>\n\n\n\n<a href=\"\/pdf\/02_karty_EP\/02_systemy_aktywne\/karta_kontroler_EPC.pdf\" class=\"btn btn__secondary btn__link pt-3 pl-3\">\n   <i class=\"icon-arrow-right arrow-rounded\"><\/i>\n   <span>PDF EPC-Controller anzeigen<\/span>\n<\/a>\n<a href=\"\/pdf\/02_karty_EP\/02_systemy_aktywne\/karta_zasilanie_do_kontrolera_PSU.pdf\" class=\"btn btn__secondary btn__link pt-3\">\n   <i class=\"icon-arrow-right arrow-rounded\"><\/i>\n   <span>PDF anzeigen PSU-Stromversorgung<\/span>\n<\/a>\n<a href=\"\/pdf\/02_karty_EP\/02_systemy_aktywne\/karta_kontroler_EPC.pdf\" class=\"btn btn__secondary btn__link pt-3 pl-3\">\n   <i class=\"icon-arrow-right arrow-rounded\"><\/i>\n   <span>PDF EPC-Batterie anzeigen<\/span>\n<\/a>\n<a href=\"\/de\/kontakt\/\" class=\"btn btn__secondary btn__link pt-3 pl-3\">\n   <i class=\"icon-arrow-right arrow-rounded\"><\/i>\n   <span>Kontakt<\/span>\n<\/a>\n<\/div>\n\n\n\n<div class=\"wp-block-column is-vertically-aligned-center is-layout-flow wp-block-column-is-layout-flow\" style=\"flex-basis:33.33%\">\n<figure class=\"wp-block-image size-large\"><img decoding=\"async\" src=\"https:\/\/corona1.eu\/wp-content\/uploads\/2022\/09\/epc.jpg\" alt=\"\"\/><\/figure>\n<\/div>\n<\/div>\n\n\n\n<div class=\"wp-block-columns is-layout-flex wp-container-core-columns-is-layout-9d6595d7 wp-block-columns-is-layout-flex\">\n<div class=\"wp-block-column is-vertically-aligned-center is-layout-flow wp-block-column-is-layout-flow\" style=\"flex-basis:66.66%\">\n<h3 class=\"wp-block-heading\"><strong>SRD-Entlastungszylinder<\/strong><\/h3>\n\n\n\n<p>Die Explosionsgefahr in der Industrie besteht auf vielen Ebenen der Produktion, des Transports und der Lagerung von explosiven St\u00e4uben und Gasen.<\/p>\n\n\n\n<p>Es sind viele Methoden zur Explosionsvermeidung bekannt, und es k\u00f6nnen viele konstruktive L\u00f6sungen gew\u00e4hlt werden. Die Techniken zur Explosionsvermeidung lassen sich in folgende Klassen einteilen: Explosionsdruckentlastung, Explosionsunterdr\u00fcckung und Isolierung.<\/p>\n\n\n\n<p>Strahlentl\u00fcftung und Strahlunterdr\u00fcckung werden bei geschlossenen Feststoffen eingesetzt, um sie vor \u00dcberdruck zu sch\u00fctzen.<\/p>\n\n\n\n<p>Der Explosionsschutz zielt darauf ab, die Ausbreitung von Explosionen zu verhindern. Durch die Isolierung wird die Auswirkung der Explosion auf das Ger\u00e4t begrenzt, in dem die Explosion stattfindet.<\/p>\n\n\n\n<a href=\"\/pdf\/02_karty_EP\/02_systemy_aktywne\/karta_butla_SRD.pdf\" class=\"btn btn__secondary btn__link pt-3\">\n   <i class=\"icon-arrow-right arrow-rounded\"><\/i>\n   <span>PDF anzeigen<\/span>\n<\/a>\n<a href=\"\/de\/kontakt\/\" class=\"btn btn__secondary btn__link pt-3 pl-3\">\n   <i class=\"icon-arrow-right arrow-rounded\"><\/i>\n   <span>Kontakt<\/span>\n<\/a>\n<\/div>\n\n\n\n<div class=\"wp-block-column is-vertically-aligned-center is-layout-flow wp-block-column-is-layout-flow\" style=\"flex-basis:33.33%\">\n<figure class=\"wp-block-image size-large\"><img decoding=\"async\" src=\"https:\/\/corona1.eu\/wp-content\/uploads\/2022\/09\/srd.jpg\" alt=\"\"\/><\/figure>\n<\/div>\n<\/div>\n\n\n\n<div class=\"wp-block-columns is-layout-flex wp-container-core-columns-is-layout-9d6595d7 wp-block-columns-is-layout-flex\">\n<div class=\"wp-block-column is-vertically-aligned-center is-layout-flow wp-block-column-is-layout-flow\" style=\"flex-basis:66.66%\">\n<h3 class=\"wp-block-heading\"><strong>FAV-Schnellablassventil<\/strong><\/h3>\n\n\n\n<p>Das Fike-Explosionsschutzventil ist eine Schl\u00fcsselkomponente des mechanischen Explosionsschutzes. Es ist sofort geschlossen und bildet eine physische Barriere, durch die kein Feuer dringen kann.<\/p>\n\n\n\n<a href=\"\/pdf\/02_karty_EP\/02_systemy_aktywne\/karta_zawor_szybkozamykajacy_fav.pdf\" class=\"btn btn__secondary btn__link pt-3\">\n   <i class=\"icon-arrow-right arrow-rounded\"><\/i>\n   <span>PDF anzeigen<\/span>\n<\/a>\n<a href=\"\/de\/kontakt\/\" class=\"btn btn__secondary btn__link pt-3 pl-3\">\n   <i class=\"icon-arrow-right arrow-rounded\"><\/i>\n   <span>Kontakt<\/span>\n<\/a>\n<\/div>\n\n\n\n<div class=\"wp-block-column is-vertically-aligned-center is-layout-flow wp-block-column-is-layout-flow\" style=\"flex-basis:33.33%\">\n<figure class=\"wp-block-image size-large\"><img decoding=\"async\" src=\"https:\/\/corona1.eu\/wp-content\/uploads\/2022\/09\/fav.jpg\" alt=\"\"\/><\/figure>\n<\/div>\n<\/div>\n","protected":false},"excerpt":{"rendered":"<p>Der Anwendungsbereich von aktiven Explosionsschutzsystemen ist sehr breit gef\u00e4chert. Gemeinsam mit Ihnen erarbeiten wir die [&hellip;]<\/p>\n","protected":false},"author":1,"featured_media":39,"parent":0,"menu_order":0,"comment_status":"closed","ping_status":"closed","template":"kg_products_list_template.php","meta":{"pgc_sgb_lightbox_settings":"","footnotes":""},"categories":[11,2],"tags":[],"class_list":["post-38","page","type-page","status-publish","has-post-thumbnail","hentry","category-hrd-system","category-zprodukty"],"yoast_head":"<!-- This site is optimized with the Yoast SEO plugin v27.1.1 - https:\/\/yoast.com\/product\/yoast-seo-wordpress\/ -->\n<title>Explosionsschutzsysteme - CORONA Serwis<\/title>\n<meta name=\"description\" content=\"Das HRD-System (HRD-Systeme) ist ein Explosionsschutzsystem, das eine zuverl\u00e4ssige Explosionsunterdr\u00fcckung in Anlagen gew\u00e4hrleistet.\" \/>\n<meta name=\"robots\" content=\"index, follow, max-snippet:-1, max-image-preview:large, max-video-preview:-1\" \/>\n<link rel=\"canonical\" href=\"https:\/\/corona1.eu\/de\/explosionsschutzsysteme\/\" \/>\n<meta property=\"og:locale\" content=\"de_DE\" \/>\n<meta property=\"og:type\" content=\"article\" \/>\n<meta property=\"og:title\" content=\"Explosionsschutzsysteme - CORONA Serwis\" \/>\n<meta property=\"og:description\" content=\"Das HRD-System (HRD-Systeme) ist ein Explosionsschutzsystem, das eine zuverl\u00e4ssige Explosionsunterdr\u00fcckung in Anlagen gew\u00e4hrleistet.\" \/>\n<meta property=\"og:url\" content=\"https:\/\/corona1.eu\/de\/explosionsschutzsysteme\/\" \/>\n<meta property=\"og:site_name\" content=\"CORONA Serwis\" \/>\n<meta property=\"article:modified_time\" content=\"2025-04-18T08:35:37+00:00\" \/>\n<meta property=\"og:image\" content=\"https:\/\/corona1.eu\/de\/wp-content\/uploads\/2025\/02\/grupa_systemy_hrd_16x9.png\" \/>\n\t<meta property=\"og:image:width\" content=\"889\" \/>\n\t<meta property=\"og:image:height\" content=\"500\" \/>\n\t<meta property=\"og:image:type\" content=\"image\/png\" \/>\n<meta name=\"twitter:card\" content=\"summary_large_image\" \/>\n<meta name=\"twitter:label1\" content=\"Gesch\u00e4tzte Lesezeit\" \/>\n\t<meta name=\"twitter:data1\" content=\"6\u00a0Minuten\" \/>\n<script type=\"application\/ld+json\" class=\"yoast-schema-graph\">{\"@context\":\"https:\/\/schema.org\",\"@graph\":[{\"@type\":\"WebPage\",\"@id\":\"https:\/\/corona1.eu\/de\/explosionsschutzsysteme\/\",\"url\":\"https:\/\/corona1.eu\/de\/explosionsschutzsysteme\/\",\"name\":\"Explosionsschutzsysteme - CORONA Serwis\",\"isPartOf\":{\"@id\":\"https:\/\/corona1.eu\/de\/#website\"},\"primaryImageOfPage\":{\"@id\":\"https:\/\/corona1.eu\/de\/explosionsschutzsysteme\/#primaryimage\"},\"image\":{\"@id\":\"https:\/\/corona1.eu\/de\/explosionsschutzsysteme\/#primaryimage\"},\"thumbnailUrl\":\"https:\/\/corona1.eu\/de\/wp-content\/uploads\/2025\/02\/grupa_systemy_hrd_16x9.png\",\"datePublished\":\"2025-02-25T08:09:00+00:00\",\"dateModified\":\"2025-04-18T08:35:37+00:00\",\"description\":\"Das HRD-System (HRD-Systeme) ist ein Explosionsschutzsystem, das eine zuverl\u00e4ssige Explosionsunterdr\u00fcckung in Anlagen gew\u00e4hrleistet.\",\"breadcrumb\":{\"@id\":\"https:\/\/corona1.eu\/de\/explosionsschutzsysteme\/#breadcrumb\"},\"inLanguage\":\"de\",\"potentialAction\":[{\"@type\":\"ReadAction\",\"target\":[\"https:\/\/corona1.eu\/de\/explosionsschutzsysteme\/\"]}]},{\"@type\":\"ImageObject\",\"inLanguage\":\"de\",\"@id\":\"https:\/\/corona1.eu\/de\/explosionsschutzsysteme\/#primaryimage\",\"url\":\"https:\/\/corona1.eu\/de\/wp-content\/uploads\/2025\/02\/grupa_systemy_hrd_16x9.png\",\"contentUrl\":\"https:\/\/corona1.eu\/de\/wp-content\/uploads\/2025\/02\/grupa_systemy_hrd_16x9.png\",\"width\":889,\"height\":500},{\"@type\":\"BreadcrumbList\",\"@id\":\"https:\/\/corona1.eu\/de\/explosionsschutzsysteme\/#breadcrumb\",\"itemListElement\":[{\"@type\":\"ListItem\",\"position\":1,\"name\":\"Startseite\",\"item\":\"https:\/\/corona1.eu\/de\/\"},{\"@type\":\"ListItem\",\"position\":2,\"name\":\"Explosionsschutzsysteme\"}]},{\"@type\":\"WebSite\",\"@id\":\"https:\/\/corona1.eu\/de\/#website\",\"url\":\"https:\/\/corona1.eu\/de\/\",\"name\":\"CORONA Serwis\",\"description\":\"\",\"potentialAction\":[{\"@type\":\"SearchAction\",\"target\":{\"@type\":\"EntryPoint\",\"urlTemplate\":\"https:\/\/corona1.eu\/de\/?s={search_term_string}\"},\"query-input\":{\"@type\":\"PropertyValueSpecification\",\"valueRequired\":true,\"valueName\":\"search_term_string\"}}],\"inLanguage\":\"de\"}]}<\/script>\n<!-- \/ Yoast SEO plugin. -->","yoast_head_json":{"title":"Explosionsschutzsysteme - CORONA Serwis","description":"Das HRD-System (HRD-Systeme) ist ein Explosionsschutzsystem, das eine zuverl\u00e4ssige Explosionsunterdr\u00fcckung in Anlagen gew\u00e4hrleistet.","robots":{"index":"index","follow":"follow","max-snippet":"max-snippet:-1","max-image-preview":"max-image-preview:large","max-video-preview":"max-video-preview:-1"},"canonical":"https:\/\/corona1.eu\/de\/explosionsschutzsysteme\/","og_locale":"de_DE","og_type":"article","og_title":"Explosionsschutzsysteme - CORONA Serwis","og_description":"Das HRD-System (HRD-Systeme) ist ein Explosionsschutzsystem, das eine zuverl\u00e4ssige Explosionsunterdr\u00fcckung in Anlagen gew\u00e4hrleistet.","og_url":"https:\/\/corona1.eu\/de\/explosionsschutzsysteme\/","og_site_name":"CORONA Serwis","article_modified_time":"2025-04-18T08:35:37+00:00","og_image":[{"width":889,"height":500,"url":"https:\/\/corona1.eu\/de\/wp-content\/uploads\/2025\/02\/grupa_systemy_hrd_16x9.png","type":"image\/png"}],"twitter_card":"summary_large_image","twitter_misc":{"Gesch\u00e4tzte Lesezeit":"6\u00a0Minuten"},"schema":{"@context":"https:\/\/schema.org","@graph":[{"@type":"WebPage","@id":"https:\/\/corona1.eu\/de\/explosionsschutzsysteme\/","url":"https:\/\/corona1.eu\/de\/explosionsschutzsysteme\/","name":"Explosionsschutzsysteme - CORONA Serwis","isPartOf":{"@id":"https:\/\/corona1.eu\/de\/#website"},"primaryImageOfPage":{"@id":"https:\/\/corona1.eu\/de\/explosionsschutzsysteme\/#primaryimage"},"image":{"@id":"https:\/\/corona1.eu\/de\/explosionsschutzsysteme\/#primaryimage"},"thumbnailUrl":"https:\/\/corona1.eu\/de\/wp-content\/uploads\/2025\/02\/grupa_systemy_hrd_16x9.png","datePublished":"2025-02-25T08:09:00+00:00","dateModified":"2025-04-18T08:35:37+00:00","description":"Das HRD-System (HRD-Systeme) ist ein Explosionsschutzsystem, das eine zuverl\u00e4ssige Explosionsunterdr\u00fcckung in Anlagen gew\u00e4hrleistet.","breadcrumb":{"@id":"https:\/\/corona1.eu\/de\/explosionsschutzsysteme\/#breadcrumb"},"inLanguage":"de","potentialAction":[{"@type":"ReadAction","target":["https:\/\/corona1.eu\/de\/explosionsschutzsysteme\/"]}]},{"@type":"ImageObject","inLanguage":"de","@id":"https:\/\/corona1.eu\/de\/explosionsschutzsysteme\/#primaryimage","url":"https:\/\/corona1.eu\/de\/wp-content\/uploads\/2025\/02\/grupa_systemy_hrd_16x9.png","contentUrl":"https:\/\/corona1.eu\/de\/wp-content\/uploads\/2025\/02\/grupa_systemy_hrd_16x9.png","width":889,"height":500},{"@type":"BreadcrumbList","@id":"https:\/\/corona1.eu\/de\/explosionsschutzsysteme\/#breadcrumb","itemListElement":[{"@type":"ListItem","position":1,"name":"Startseite","item":"https:\/\/corona1.eu\/de\/"},{"@type":"ListItem","position":2,"name":"Explosionsschutzsysteme"}]},{"@type":"WebSite","@id":"https:\/\/corona1.eu\/de\/#website","url":"https:\/\/corona1.eu\/de\/","name":"CORONA Serwis","description":"","potentialAction":[{"@type":"SearchAction","target":{"@type":"EntryPoint","urlTemplate":"https:\/\/corona1.eu\/de\/?s={search_term_string}"},"query-input":{"@type":"PropertyValueSpecification","valueRequired":true,"valueName":"search_term_string"}}],"inLanguage":"de"}]}},"_links":{"self":[{"href":"https:\/\/corona1.eu\/de\/wp-json\/wp\/v2\/pages\/38","targetHints":{"allow":["GET"]}}],"collection":[{"href":"https:\/\/corona1.eu\/de\/wp-json\/wp\/v2\/pages"}],"about":[{"href":"https:\/\/corona1.eu\/de\/wp-json\/wp\/v2\/types\/page"}],"author":[{"embeddable":true,"href":"https:\/\/corona1.eu\/de\/wp-json\/wp\/v2\/users\/1"}],"replies":[{"embeddable":true,"href":"https:\/\/corona1.eu\/de\/wp-json\/wp\/v2\/comments?post=38"}],"version-history":[{"count":4,"href":"https:\/\/corona1.eu\/de\/wp-json\/wp\/v2\/pages\/38\/revisions"}],"predecessor-version":[{"id":45,"href":"https:\/\/corona1.eu\/de\/wp-json\/wp\/v2\/pages\/38\/revisions\/45"}],"wp:featuredmedia":[{"embeddable":true,"href":"https:\/\/corona1.eu\/de\/wp-json\/wp\/v2\/media\/39"}],"wp:attachment":[{"href":"https:\/\/corona1.eu\/de\/wp-json\/wp\/v2\/media?parent=38"}],"wp:term":[{"taxonomy":"category","embeddable":true,"href":"https:\/\/corona1.eu\/de\/wp-json\/wp\/v2\/categories?post=38"},{"taxonomy":"post_tag","embeddable":true,"href":"https:\/\/corona1.eu\/de\/wp-json\/wp\/v2\/tags?post=38"}],"curies":[{"name":"wp","href":"https:\/\/api.w.org\/{rel}","templated":true}]}}