{"id":378,"date":"2025-06-09T09:13:01","date_gmt":"2025-06-09T07:13:01","guid":{"rendered":"https:\/\/corona1.eu\/de\/?page_id=378"},"modified":"2025-06-09T09:15:24","modified_gmt":"2025-06-09T07:15:24","slug":"masterbatch-pa-poliamid","status":"publish","type":"page","link":"https:\/\/corona1.eu\/de\/masterbatch\/masterbatch-pa-poliamid\/","title":{"rendered":"Masterbatch PA Polyamid"},"content":{"rendered":"\n\n<p>PA ist ein Polymer mit vielen Variationen und Anwendungen. Es ist ein synthetisches Polymer und enth\u00e4lt eine sogenannte Amidgruppe. Die einzelnen Polyamide unterscheiden sich in ihren Eigenschaften, je nach Form der Polymerkette und den verwendeten Beimischungen. Sie haben eine sehr hohe H\u00e4rte, Abriebfestigkeit, niedrige Temperaturtoleranz und sind nicht elektrisch geladen. Je nach gew\u00e4hltem Typ haben sie auch einen h\u00f6heren Reibungswiderstand, gr\u00f6\u00dfere Gleitf\u00e4higkeit oder Best\u00e4ndigkeit gegen hohe Temperaturen.<\/p>\n\n\n\n\n\n<h3 class=\"wp-block-heading\"><strong>Anwendungen:<\/strong><\/h3>\n\n\n\n\n\n<ul class=\"wp-block-list\">\n\n<li>verschiedene Arten von mechanischen Komponenten von Maschinen und Anlagen (Zahnr\u00e4der, Getriebe, Lager, Ringe usw.),<\/li>\n\n\n\n\n\n<li>armaturen,<\/li>\n\n\n\n\n\n<li>f\u00fchrungen,<\/li>\n\n\n\n\n\n<li>m\u00f6belzubeh\u00f6r,<\/li>\n\n\n\n\n\n<li>fensterteile,<\/li>\n\n\n\n\n\n<li>sportzubeh\u00f6r,<\/li>\n\n\n\n\n\n<li>isolierstoffe.<\/li>\n\n<\/ul>\n\n\n\n\n\n<p><\/p>\n\n\n\n\n\n<div class=\"table-wrapper\"><table class=\"table table-bordered\"><thead class=\"thead-dark\"><tr style=\"background-color: #e79400\"><th scope=\"col\" colspan=\"2\">Polyamid (PA)-Granulat<\/th><\/tr><\/thead><thead class=\"thead-dark\"><tr style=\"background-color: #e79400\"><th scope=\"col\" colspan=\"1\">Name des Produkts<\/th><th scope=\"col\" colspan=\"1\">Eigenschaften<\/th><\/tr><\/thead><tbody><tr><td style=\"background-color: #e5a157\">PreMB 41001 PA6 schwarz<\/td><td colspan=\"3\">Vielf\u00e4ltige Einsatzm\u00f6glichkeiten je nach Anwendung.<br> F\u00fcr Fasern\/Filamente ab 1 DEN aufw\u00e4rts.<br> Entspricht der europ\u00e4ischen Norm 2002\/72\/EC.<\/td><\/tr><tr><td style=\"background-color: #e5a157\">PreMB 41101 PA6 schwarz<\/td><td>Verschiedene Anwendungen je nach Einsatzgebiet. <br> F\u00fcr Fasern\/Filamente ab 1 DEN aufw\u00e4rts. <br> Entspricht der europ\u00e4ischen Norm 2002\/72\/EC. <br> Tiefster Farbton von bl\u00e4ulichem Schwarz.<\/td><\/tr><tr><td style=\"background-color: #e5a157\">PreMB 41201 PA6 schwarz<\/td><td>Verschiedene Anwendungen je nach Einsatzgebiet. <br> F\u00fcr Fasern\/Filamente ab 1 DEN aufw\u00e4rts.<br> Dunkelster schwarzer Farbton.<\/td><\/tr><tr><td style=\"background-color: #e5a157\">PreMB 41401 PA6 schwarz<\/td><td>Verschiedene Anwendungen je nach Einsatzgebiet.<br> F\u00fcr Fasern\/Filamente ab 2,7 Denier aufw\u00e4rts.<br> Entspricht der europ\u00e4ischen Norm 2002\/72\/EG<\/td><\/tr><tr><td style=\"background-color: #e5a157\">PreMB 41801 PA6 schwarz<\/td><td>Verschiedene Anwendungen je nach Einsatzgebiet.<br> F\u00fcr Fasern\/Filamente ab 5 Denier aufw\u00e4rts.<\/td><\/tr><tr><td style=\"background-color: #e5a157\">PreMB 41901 PA6 schwarz<\/td><td colspan=\"1\">Verschiedene Anwendungen je nach Einsatzgebiet.<br> F\u00fcr Fasern\/Filamente ab 6 Denier und aufw\u00e4rts.<\/td><\/tr><tr><td style=\"background-color: #e5a157\">PreMB 41 wei\u00df 111-10 PA6<\/td><td>10% Titandioxid.<\/td><\/tr><tr><td style=\"background-color: #e5a157\">PreMB 41 wei\u00df 111-20 PA6<\/td><td>20% Titandioxid.<\/td><\/tr><tr><td style=\"background-color: #e5a157\">PreMB 41 wei\u00df 111-30 PA6<\/td><td>30% Titandioxid.<\/td><\/tr><tr><td style=\"background-color: #e5a157\">PreMB 41 wei\u00df 111-40 PA6<\/td><td>40% Titandioxid.<\/td><\/tr><\/tbody><\/table><\/div>\n\n","protected":false},"excerpt":{"rendered":"<p>PA ist ein Polymer mit vielen Variationen und Anwendungen. Es ist ein synthetisches Polymer und [&hellip;]<\/p>\n","protected":false},"author":1,"featured_media":379,"parent":373,"menu_order":0,"comment_status":"closed","ping_status":"closed","template":"kg_products_template.php","meta":{"pgc_sgb_lightbox_settings":"","footnotes":""},"categories":[26],"tags":[],"class_list":["post-378","page","type-page","status-publish","has-post-thumbnail","hentry","category-masterbatch"],"yoast_head":"<!-- This site is optimized with the Yoast SEO plugin v27.1.1 - https:\/\/yoast.com\/product\/yoast-seo-wordpress\/ -->\n<title>Masterbatch PA Polyamid - CORONA Serwis<\/title>\n<meta name=\"robots\" content=\"index, follow, max-snippet:-1, max-image-preview:large, max-video-preview:-1\" \/>\n<link rel=\"canonical\" href=\"https:\/\/corona1.eu\/de\/masterbatch\/masterbatch-pa-poliamid\/\" \/>\n<meta property=\"og:locale\" content=\"de_DE\" \/>\n<meta property=\"og:type\" content=\"article\" \/>\n<meta property=\"og:title\" content=\"Masterbatch PA Polyamid - CORONA Serwis\" \/>\n<meta property=\"og:description\" content=\"PA ist ein Polymer mit vielen Variationen und Anwendungen. Es ist ein synthetisches Polymer und [&hellip;]\" \/>\n<meta property=\"og:url\" content=\"https:\/\/corona1.eu\/de\/masterbatch\/masterbatch-pa-poliamid\/\" \/>\n<meta property=\"og:site_name\" content=\"CORONA Serwis\" \/>\n<meta property=\"article:modified_time\" content=\"2025-06-09T07:15:24+00:00\" \/>\n<meta property=\"og:image\" content=\"https:\/\/corona1.eu\/de\/wp-content\/uploads\/2025\/06\/masterbatch_bialoczarny.png\" \/>\n\t<meta property=\"og:image:width\" content=\"500\" \/>\n\t<meta property=\"og:image:height\" content=\"500\" \/>\n\t<meta property=\"og:image:type\" content=\"image\/png\" \/>\n<meta name=\"twitter:card\" content=\"summary_large_image\" \/>\n<meta name=\"twitter:label1\" content=\"Gesch\u00e4tzte Lesezeit\" \/>\n\t<meta name=\"twitter:data1\" content=\"2\u00a0Minuten\" \/>\n<script type=\"application\/ld+json\" class=\"yoast-schema-graph\">{\"@context\":\"https:\/\/schema.org\",\"@graph\":[{\"@type\":\"WebPage\",\"@id\":\"https:\/\/corona1.eu\/de\/masterbatch\/masterbatch-pa-poliamid\/\",\"url\":\"https:\/\/corona1.eu\/de\/masterbatch\/masterbatch-pa-poliamid\/\",\"name\":\"Masterbatch PA Polyamid - CORONA Serwis\",\"isPartOf\":{\"@id\":\"https:\/\/corona1.eu\/de\/#website\"},\"primaryImageOfPage\":{\"@id\":\"https:\/\/corona1.eu\/de\/masterbatch\/masterbatch-pa-poliamid\/#primaryimage\"},\"image\":{\"@id\":\"https:\/\/corona1.eu\/de\/masterbatch\/masterbatch-pa-poliamid\/#primaryimage\"},\"thumbnailUrl\":\"https:\/\/corona1.eu\/de\/wp-content\/uploads\/2025\/06\/masterbatch_bialoczarny.png\",\"datePublished\":\"2025-06-09T07:13:01+00:00\",\"dateModified\":\"2025-06-09T07:15:24+00:00\",\"breadcrumb\":{\"@id\":\"https:\/\/corona1.eu\/de\/masterbatch\/masterbatch-pa-poliamid\/#breadcrumb\"},\"inLanguage\":\"de\",\"potentialAction\":[{\"@type\":\"ReadAction\",\"target\":[\"https:\/\/corona1.eu\/de\/masterbatch\/masterbatch-pa-poliamid\/\"]}]},{\"@type\":\"ImageObject\",\"inLanguage\":\"de\",\"@id\":\"https:\/\/corona1.eu\/de\/masterbatch\/masterbatch-pa-poliamid\/#primaryimage\",\"url\":\"https:\/\/corona1.eu\/de\/wp-content\/uploads\/2025\/06\/masterbatch_bialoczarny.png\",\"contentUrl\":\"https:\/\/corona1.eu\/de\/wp-content\/uploads\/2025\/06\/masterbatch_bialoczarny.png\",\"width\":500,\"height\":500},{\"@type\":\"BreadcrumbList\",\"@id\":\"https:\/\/corona1.eu\/de\/masterbatch\/masterbatch-pa-poliamid\/#breadcrumb\",\"itemListElement\":[{\"@type\":\"ListItem\",\"position\":1,\"name\":\"Startseite\",\"item\":\"https:\/\/corona1.eu\/de\/\"},{\"@type\":\"ListItem\",\"position\":2,\"name\":\"Masterbatch\",\"item\":\"https:\/\/corona1.eu\/de\/masterbatch\/\"},{\"@type\":\"ListItem\",\"position\":3,\"name\":\"Masterbatch PA Polyamid\"}]},{\"@type\":\"WebSite\",\"@id\":\"https:\/\/corona1.eu\/de\/#website\",\"url\":\"https:\/\/corona1.eu\/de\/\",\"name\":\"CORONA Serwis\",\"description\":\"\",\"potentialAction\":[{\"@type\":\"SearchAction\",\"target\":{\"@type\":\"EntryPoint\",\"urlTemplate\":\"https:\/\/corona1.eu\/de\/?s={search_term_string}\"},\"query-input\":{\"@type\":\"PropertyValueSpecification\",\"valueRequired\":true,\"valueName\":\"search_term_string\"}}],\"inLanguage\":\"de\"}]}<\/script>\n<!-- \/ Yoast SEO plugin. -->","yoast_head_json":{"title":"Masterbatch PA Polyamid - CORONA Serwis","robots":{"index":"index","follow":"follow","max-snippet":"max-snippet:-1","max-image-preview":"max-image-preview:large","max-video-preview":"max-video-preview:-1"},"canonical":"https:\/\/corona1.eu\/de\/masterbatch\/masterbatch-pa-poliamid\/","og_locale":"de_DE","og_type":"article","og_title":"Masterbatch PA Polyamid - CORONA Serwis","og_description":"PA ist ein Polymer mit vielen Variationen und Anwendungen. Es ist ein synthetisches Polymer und [&hellip;]","og_url":"https:\/\/corona1.eu\/de\/masterbatch\/masterbatch-pa-poliamid\/","og_site_name":"CORONA Serwis","article_modified_time":"2025-06-09T07:15:24+00:00","og_image":[{"width":500,"height":500,"url":"https:\/\/corona1.eu\/de\/wp-content\/uploads\/2025\/06\/masterbatch_bialoczarny.png","type":"image\/png"}],"twitter_card":"summary_large_image","twitter_misc":{"Gesch\u00e4tzte Lesezeit":"2\u00a0Minuten"},"schema":{"@context":"https:\/\/schema.org","@graph":[{"@type":"WebPage","@id":"https:\/\/corona1.eu\/de\/masterbatch\/masterbatch-pa-poliamid\/","url":"https:\/\/corona1.eu\/de\/masterbatch\/masterbatch-pa-poliamid\/","name":"Masterbatch PA Polyamid - CORONA Serwis","isPartOf":{"@id":"https:\/\/corona1.eu\/de\/#website"},"primaryImageOfPage":{"@id":"https:\/\/corona1.eu\/de\/masterbatch\/masterbatch-pa-poliamid\/#primaryimage"},"image":{"@id":"https:\/\/corona1.eu\/de\/masterbatch\/masterbatch-pa-poliamid\/#primaryimage"},"thumbnailUrl":"https:\/\/corona1.eu\/de\/wp-content\/uploads\/2025\/06\/masterbatch_bialoczarny.png","datePublished":"2025-06-09T07:13:01+00:00","dateModified":"2025-06-09T07:15:24+00:00","breadcrumb":{"@id":"https:\/\/corona1.eu\/de\/masterbatch\/masterbatch-pa-poliamid\/#breadcrumb"},"inLanguage":"de","potentialAction":[{"@type":"ReadAction","target":["https:\/\/corona1.eu\/de\/masterbatch\/masterbatch-pa-poliamid\/"]}]},{"@type":"ImageObject","inLanguage":"de","@id":"https:\/\/corona1.eu\/de\/masterbatch\/masterbatch-pa-poliamid\/#primaryimage","url":"https:\/\/corona1.eu\/de\/wp-content\/uploads\/2025\/06\/masterbatch_bialoczarny.png","contentUrl":"https:\/\/corona1.eu\/de\/wp-content\/uploads\/2025\/06\/masterbatch_bialoczarny.png","width":500,"height":500},{"@type":"BreadcrumbList","@id":"https:\/\/corona1.eu\/de\/masterbatch\/masterbatch-pa-poliamid\/#breadcrumb","itemListElement":[{"@type":"ListItem","position":1,"name":"Startseite","item":"https:\/\/corona1.eu\/de\/"},{"@type":"ListItem","position":2,"name":"Masterbatch","item":"https:\/\/corona1.eu\/de\/masterbatch\/"},{"@type":"ListItem","position":3,"name":"Masterbatch PA Polyamid"}]},{"@type":"WebSite","@id":"https:\/\/corona1.eu\/de\/#website","url":"https:\/\/corona1.eu\/de\/","name":"CORONA Serwis","description":"","potentialAction":[{"@type":"SearchAction","target":{"@type":"EntryPoint","urlTemplate":"https:\/\/corona1.eu\/de\/?s={search_term_string}"},"query-input":{"@type":"PropertyValueSpecification","valueRequired":true,"valueName":"search_term_string"}}],"inLanguage":"de"}]}},"_links":{"self":[{"href":"https:\/\/corona1.eu\/de\/wp-json\/wp\/v2\/pages\/378","targetHints":{"allow":["GET"]}}],"collection":[{"href":"https:\/\/corona1.eu\/de\/wp-json\/wp\/v2\/pages"}],"about":[{"href":"https:\/\/corona1.eu\/de\/wp-json\/wp\/v2\/types\/page"}],"author":[{"embeddable":true,"href":"https:\/\/corona1.eu\/de\/wp-json\/wp\/v2\/users\/1"}],"replies":[{"embeddable":true,"href":"https:\/\/corona1.eu\/de\/wp-json\/wp\/v2\/comments?post=378"}],"version-history":[{"count":3,"href":"https:\/\/corona1.eu\/de\/wp-json\/wp\/v2\/pages\/378\/revisions"}],"predecessor-version":[{"id":382,"href":"https:\/\/corona1.eu\/de\/wp-json\/wp\/v2\/pages\/378\/revisions\/382"}],"up":[{"embeddable":true,"href":"https:\/\/corona1.eu\/de\/wp-json\/wp\/v2\/pages\/373"}],"wp:featuredmedia":[{"embeddable":true,"href":"https:\/\/corona1.eu\/de\/wp-json\/wp\/v2\/media\/379"}],"wp:attachment":[{"href":"https:\/\/corona1.eu\/de\/wp-json\/wp\/v2\/media?parent=378"}],"wp:term":[{"taxonomy":"category","embeddable":true,"href":"https:\/\/corona1.eu\/de\/wp-json\/wp\/v2\/categories?post=378"},{"taxonomy":"post_tag","embeddable":true,"href":"https:\/\/corona1.eu\/de\/wp-json\/wp\/v2\/tags?post=378"}],"curies":[{"name":"wp","href":"https:\/\/api.w.org\/{rel}","templated":true}]}}