{"id":361,"date":"2025-04-18T10:28:09","date_gmt":"2025-04-18T08:28:09","guid":{"rendered":"https:\/\/corona1.eu\/de\/?page_id=361"},"modified":"2025-04-18T10:33:31","modified_gmt":"2025-04-18T08:33:31","slug":"produkte","status":"publish","type":"page","link":"https:\/\/corona1.eu\/de\/produkte\/","title":{"rendered":"Produkte"},"content":{"rendered":"\n<h2 class=\"wp-block-heading\">Produkte von CORONA service<\/h2>\n\n\n\n<p>Jede zu sch\u00fctzende Anlage oder Installation ist anders. Daher m\u00fcssen die Sicherheitsma\u00dfnahmen auf der Grundlage individueller Spezifikationen ausgew\u00e4hlt werden.<\/p>\n\n\n\n<p>Unsere Produktpalette umfasst ein breites Spektrum an aktiven und passiven Explosionsschutzsystemen, wie z.B. Explosionsklappen, HRD-Zylinder, Schnellschlussventile, Flammendurchschlagsicherungen und vieles mehr. Au\u00dferdem bieten wir hochwertige Pr\u00e4ventionsger\u00e4te wie Brandmelder, Gasmelder oder Funkenmeldeanlagen. Doch das ist noch nicht alles. Wir haben eine sehr gro\u00dfe Auswahl an Druckentlastungseinrichtungen.<\/p>\n\n\n\n<p>Neben den bereits erw\u00e4hnten Sicherheitssystemen erfreuen sich auch unsere Pumpensysteme und technischen L\u00f6sungen f\u00fcr die Kunststoffindustrie gro\u00dfer Beliebtheit.<\/p>\n\n\n\n<p>Wir sind auch der einzige autorisierte Vertreiber des Sergi Transformer Protector Systems in Polen. Dabei handelt es sich um ein vollst\u00e4ndig passives, technologisch hoch entwickeltes System zum Schutz von \u00d6ltransformatoren vor Explosionen.<\/p>\n","protected":false},"excerpt":{"rendered":"<p>Produkte von CORONA service Jede zu sch\u00fctzende Anlage oder Installation ist anders. Daher m\u00fcssen die [&hellip;]<\/p>\n","protected":false},"author":1,"featured_media":362,"parent":0,"menu_order":0,"comment_status":"closed","ping_status":"closed","template":"kg_main_products_page.php","meta":{"pgc_sgb_lightbox_settings":"","footnotes":""},"categories":[],"tags":[],"class_list":["post-361","page","type-page","status-publish","has-post-thumbnail","hentry"],"yoast_head":"<!-- This site is optimized with the Yoast SEO plugin v27.1.1 - https:\/\/yoast.com\/product\/yoast-seo-wordpress\/ -->\n<title>Produkte - CORONA Serwis<\/title>\n<meta name=\"robots\" content=\"index, follow, max-snippet:-1, max-image-preview:large, max-video-preview:-1\" \/>\n<link rel=\"canonical\" href=\"https:\/\/corona1.eu\/de\/produkte\/\" \/>\n<meta property=\"og:locale\" content=\"de_DE\" \/>\n<meta property=\"og:type\" content=\"article\" \/>\n<meta property=\"og:title\" content=\"Produkte - CORONA Serwis\" \/>\n<meta property=\"og:description\" content=\"Produkte von CORONA service Jede zu sch\u00fctzende Anlage oder Installation ist anders. Daher m\u00fcssen die [&hellip;]\" \/>\n<meta property=\"og:url\" content=\"https:\/\/corona1.eu\/de\/produkte\/\" \/>\n<meta property=\"og:site_name\" content=\"CORONA Serwis\" \/>\n<meta property=\"article:modified_time\" content=\"2025-04-18T08:33:31+00:00\" \/>\n<meta property=\"og:image\" content=\"https:\/\/corona1.eu\/de\/wp-content\/uploads\/2025\/04\/fabryka_zelaza-scaled-e1663670330519.jpg\" \/>\n\t<meta property=\"og:image:width\" content=\"2560\" \/>\n\t<meta property=\"og:image:height\" content=\"1440\" \/>\n\t<meta property=\"og:image:type\" content=\"image\/jpeg\" \/>\n<meta name=\"twitter:card\" content=\"summary_large_image\" \/>\n<meta name=\"twitter:label1\" content=\"Gesch\u00e4tzte Lesezeit\" \/>\n\t<meta name=\"twitter:data1\" content=\"1\u00a0Minute\" \/>\n<script type=\"application\/ld+json\" class=\"yoast-schema-graph\">{\"@context\":\"https:\/\/schema.org\",\"@graph\":[{\"@type\":\"WebPage\",\"@id\":\"https:\/\/corona1.eu\/de\/produkte\/\",\"url\":\"https:\/\/corona1.eu\/de\/produkte\/\",\"name\":\"Produkte - CORONA Serwis\",\"isPartOf\":{\"@id\":\"https:\/\/corona1.eu\/de\/#website\"},\"primaryImageOfPage\":{\"@id\":\"https:\/\/corona1.eu\/de\/produkte\/#primaryimage\"},\"image\":{\"@id\":\"https:\/\/corona1.eu\/de\/produkte\/#primaryimage\"},\"thumbnailUrl\":\"https:\/\/corona1.eu\/de\/wp-content\/uploads\/2025\/04\/fabryka_zelaza-scaled-e1663670330519.jpg\",\"datePublished\":\"2025-04-18T08:28:09+00:00\",\"dateModified\":\"2025-04-18T08:33:31+00:00\",\"breadcrumb\":{\"@id\":\"https:\/\/corona1.eu\/de\/produkte\/#breadcrumb\"},\"inLanguage\":\"de\",\"potentialAction\":[{\"@type\":\"ReadAction\",\"target\":[\"https:\/\/corona1.eu\/de\/produkte\/\"]}]},{\"@type\":\"ImageObject\",\"inLanguage\":\"de\",\"@id\":\"https:\/\/corona1.eu\/de\/produkte\/#primaryimage\",\"url\":\"https:\/\/corona1.eu\/de\/wp-content\/uploads\/2025\/04\/fabryka_zelaza-scaled-e1663670330519.jpg\",\"contentUrl\":\"https:\/\/corona1.eu\/de\/wp-content\/uploads\/2025\/04\/fabryka_zelaza-scaled-e1663670330519.jpg\",\"width\":2560,\"height\":1440},{\"@type\":\"BreadcrumbList\",\"@id\":\"https:\/\/corona1.eu\/de\/produkte\/#breadcrumb\",\"itemListElement\":[{\"@type\":\"ListItem\",\"position\":1,\"name\":\"Startseite\",\"item\":\"https:\/\/corona1.eu\/de\/\"},{\"@type\":\"ListItem\",\"position\":2,\"name\":\"Produkte\"}]},{\"@type\":\"WebSite\",\"@id\":\"https:\/\/corona1.eu\/de\/#website\",\"url\":\"https:\/\/corona1.eu\/de\/\",\"name\":\"CORONA Serwis\",\"description\":\"\",\"potentialAction\":[{\"@type\":\"SearchAction\",\"target\":{\"@type\":\"EntryPoint\",\"urlTemplate\":\"https:\/\/corona1.eu\/de\/?s={search_term_string}\"},\"query-input\":{\"@type\":\"PropertyValueSpecification\",\"valueRequired\":true,\"valueName\":\"search_term_string\"}}],\"inLanguage\":\"de\"}]}<\/script>\n<!-- \/ Yoast SEO plugin. -->","yoast_head_json":{"title":"Produkte - CORONA Serwis","robots":{"index":"index","follow":"follow","max-snippet":"max-snippet:-1","max-image-preview":"max-image-preview:large","max-video-preview":"max-video-preview:-1"},"canonical":"https:\/\/corona1.eu\/de\/produkte\/","og_locale":"de_DE","og_type":"article","og_title":"Produkte - CORONA Serwis","og_description":"Produkte von CORONA service Jede zu sch\u00fctzende Anlage oder Installation ist anders. Daher m\u00fcssen die [&hellip;]","og_url":"https:\/\/corona1.eu\/de\/produkte\/","og_site_name":"CORONA Serwis","article_modified_time":"2025-04-18T08:33:31+00:00","og_image":[{"width":2560,"height":1440,"url":"https:\/\/corona1.eu\/de\/wp-content\/uploads\/2025\/04\/fabryka_zelaza-scaled-e1663670330519.jpg","type":"image\/jpeg"}],"twitter_card":"summary_large_image","twitter_misc":{"Gesch\u00e4tzte Lesezeit":"1\u00a0Minute"},"schema":{"@context":"https:\/\/schema.org","@graph":[{"@type":"WebPage","@id":"https:\/\/corona1.eu\/de\/produkte\/","url":"https:\/\/corona1.eu\/de\/produkte\/","name":"Produkte - CORONA Serwis","isPartOf":{"@id":"https:\/\/corona1.eu\/de\/#website"},"primaryImageOfPage":{"@id":"https:\/\/corona1.eu\/de\/produkte\/#primaryimage"},"image":{"@id":"https:\/\/corona1.eu\/de\/produkte\/#primaryimage"},"thumbnailUrl":"https:\/\/corona1.eu\/de\/wp-content\/uploads\/2025\/04\/fabryka_zelaza-scaled-e1663670330519.jpg","datePublished":"2025-04-18T08:28:09+00:00","dateModified":"2025-04-18T08:33:31+00:00","breadcrumb":{"@id":"https:\/\/corona1.eu\/de\/produkte\/#breadcrumb"},"inLanguage":"de","potentialAction":[{"@type":"ReadAction","target":["https:\/\/corona1.eu\/de\/produkte\/"]}]},{"@type":"ImageObject","inLanguage":"de","@id":"https:\/\/corona1.eu\/de\/produkte\/#primaryimage","url":"https:\/\/corona1.eu\/de\/wp-content\/uploads\/2025\/04\/fabryka_zelaza-scaled-e1663670330519.jpg","contentUrl":"https:\/\/corona1.eu\/de\/wp-content\/uploads\/2025\/04\/fabryka_zelaza-scaled-e1663670330519.jpg","width":2560,"height":1440},{"@type":"BreadcrumbList","@id":"https:\/\/corona1.eu\/de\/produkte\/#breadcrumb","itemListElement":[{"@type":"ListItem","position":1,"name":"Startseite","item":"https:\/\/corona1.eu\/de\/"},{"@type":"ListItem","position":2,"name":"Produkte"}]},{"@type":"WebSite","@id":"https:\/\/corona1.eu\/de\/#website","url":"https:\/\/corona1.eu\/de\/","name":"CORONA Serwis","description":"","potentialAction":[{"@type":"SearchAction","target":{"@type":"EntryPoint","urlTemplate":"https:\/\/corona1.eu\/de\/?s={search_term_string}"},"query-input":{"@type":"PropertyValueSpecification","valueRequired":true,"valueName":"search_term_string"}}],"inLanguage":"de"}]}},"_links":{"self":[{"href":"https:\/\/corona1.eu\/de\/wp-json\/wp\/v2\/pages\/361","targetHints":{"allow":["GET"]}}],"collection":[{"href":"https:\/\/corona1.eu\/de\/wp-json\/wp\/v2\/pages"}],"about":[{"href":"https:\/\/corona1.eu\/de\/wp-json\/wp\/v2\/types\/page"}],"author":[{"embeddable":true,"href":"https:\/\/corona1.eu\/de\/wp-json\/wp\/v2\/users\/1"}],"replies":[{"embeddable":true,"href":"https:\/\/corona1.eu\/de\/wp-json\/wp\/v2\/comments?post=361"}],"version-history":[{"count":1,"href":"https:\/\/corona1.eu\/de\/wp-json\/wp\/v2\/pages\/361\/revisions"}],"predecessor-version":[{"id":363,"href":"https:\/\/corona1.eu\/de\/wp-json\/wp\/v2\/pages\/361\/revisions\/363"}],"wp:featuredmedia":[{"embeddable":true,"href":"https:\/\/corona1.eu\/de\/wp-json\/wp\/v2\/media\/362"}],"wp:attachment":[{"href":"https:\/\/corona1.eu\/de\/wp-json\/wp\/v2\/media?parent=361"}],"wp:term":[{"taxonomy":"category","embeddable":true,"href":"https:\/\/corona1.eu\/de\/wp-json\/wp\/v2\/categories?post=361"},{"taxonomy":"post_tag","embeddable":true,"href":"https:\/\/corona1.eu\/de\/wp-json\/wp\/v2\/tags?post=361"}],"curies":[{"name":"wp","href":"https:\/\/api.w.org\/{rel}","templated":true}]}}