{"id":355,"date":"2025-04-11T14:26:27","date_gmt":"2025-04-11T12:26:27","guid":{"rendered":"https:\/\/corona1.eu\/de\/?page_id=355"},"modified":"2025-04-11T14:30:45","modified_gmt":"2025-04-11T12:30:45","slug":"dudek-zahnradpumpe-mit-magnetkupplung-2","status":"publish","type":"page","link":"https:\/\/corona1.eu\/de\/dudek-pumpen-zahnradpumpen\/dudek-zahnradpumpe-mit-magnetkupplung-2\/","title":{"rendered":"Pumpe f\u00fcr dickfl\u00fcssige Medien Dudek Serie I-VI"},"content":{"rendered":"\n<p><strong>1. Merkmale<\/strong><\/p>\n\n\n\n<p>Die Zahnradpumpe der Serie I-IV ist das beliebteste Modell im DUDEK-Portfolio. Die Pumpe ist ideal f\u00fcr die Spanplattenherstellung, Asphaltf\u00f6rderung, als Wachspumpe, Fett- und \u00d6lpumpe, Farb- und Lackf\u00f6rderung und viele andere Schwerlastanwendungen.<\/p>\n\n\n\n<p><strong>2. Konstruktion<\/strong><\/p>\n\n\n\n<p>Die Geh\u00e4use der DUDEK-Pumpen werden aus Gusseisen, Sph\u00e4roguss und verschiedenen Edelst\u00e4hlen oder Speziallegierungen wie: Hastelloy. Das Material der Zahnr\u00e4der und Wellen ist Stahl bzw. Edelstahl.<\/p>\n\n\n\n<p><strong>3. Bestimmungsgem\u00e4\u00dfe Verwendung<\/strong><\/p>\n\n\n\n<p>Die Pumpen der Serie I-IV eignen sich f\u00fcr chemische und petrochemische Anwendungen sowie f\u00fcr die F\u00f6rderung von Schmier\u00f6len, aber auch als Schokoladenpumpe. Durch ihren zuverl\u00e4ssigen Betrieb ist sie als zuverl\u00e4ssige Verdr\u00e4ngerpumpe in vielen Produktionsbetrieben sowohl in Polen als auch weltweit anerkannt.<\/p>\n\n\n\n<p><strong>4. Vorteile<\/strong><\/p>\n\n\n\n<p>Die Pumpen k\u00f6nnen im gasexplosionsgef\u00e4hrdeten Bereich der Zonen 1 und 2 betrieben werden. In diesem Fall erh\u00e4lt die Pumpe eine separate Konfiguration und erf\u00fcllt somit die Anforderungen der EU-Richtlinie 94\/9 Zone 2 II 3G und 2G Zone 1 II ( bzw. ab 20.04.2016 EU-Richtlinie 2014\/34 \/ EU). Generell erf\u00fcllen Dudek-Pumpenaggregate die Anforderungen der EU-Maschinenrichtlinie 2006\/42 \/ EG und werden an EU-Kunden mit dem CE-Zeichen geliefert.<\/p>\n\n\n\n<p><\/p>\n\n\n\n<figure class=\"wp-block-table is-style-stripes has-small-font-size\"><table class=\"has-white-background-color has-background\"><thead><tr><th class=\"has-text-align-left\" data-align=\"left\">Typ<\/th><th class=\"has-text-align-left\" data-align=\"left\">Druckflansch<\/th><th class=\"has-text-align-left\" data-align=\"left\">Drehzahl<\/th><th class=\"has-text-align-left\" data-align=\"left\">Leistung<\/th><th class=\"has-text-align-left\" data-align=\"left\">Fassungsverm\u00f6gen<\/th><\/tr><\/thead><tbody><tr><td class=\"has-text-align-left\" data-align=\"left\"><strong>Gr\u00f6\u00dfe<\/strong><\/td><td class=\"has-text-align-left\" data-align=\"left\"><strong>DN<\/strong><\/td><td class=\"has-text-align-left\" data-align=\"left\"><strong>[1\/min]<\/strong><\/td><td class=\"has-text-align-left\" data-align=\"left\"><strong>[m\u00b3\/h]<\/strong><\/td><td class=\"has-text-align-left\" data-align=\"left\"><strong>[l\/min]<\/strong><\/td><\/tr><tr><td class=\"has-text-align-left\" data-align=\"left\">I\/a<\/td><td class=\"has-text-align-left\" data-align=\"left\">32 \/ 32<\/td><td class=\"has-text-align-left\" data-align=\"left\">1.500 \/ 1.000 \/ 750<\/td><td class=\"has-text-align-left\" data-align=\"left\">3 \/ 2 \/ 1,5<\/td><td class=\"has-text-align-left\" data-align=\"left\">50 \/ 34 \/ 25<\/td><\/tr><tr><td class=\"has-text-align-left\" data-align=\"left\">I\/b<\/td><td class=\"has-text-align-left\" data-align=\"left\">50 \/ 40<\/td><td class=\"has-text-align-left\" data-align=\"left\">1.500 \/ 1.000 \/ 750<\/td><td class=\"has-text-align-left\" data-align=\"left\">6 \/ 4 \/ 3<\/td><td class=\"has-text-align-left\" data-align=\"left\">100 \/ 67 \/ 50<\/td><\/tr><tr><td class=\"has-text-align-left\" data-align=\"left\">II\/a<\/td><td class=\"has-text-align-left\" data-align=\"left\">50 \/ 50<\/td><td class=\"has-text-align-left\" data-align=\"left\">1.500 \/ 1.000 \/ 750<\/td><td class=\"has-text-align-left\" data-align=\"left\">10 \/ 7 \/ 5<\/td><td class=\"has-text-align-left\" data-align=\"left\">167 \/ 117 \/ 84<\/td><\/tr><tr><td class=\"has-text-align-left\" data-align=\"left\">II\/b<\/td><td class=\"has-text-align-left\" data-align=\"left\">65 \/ 50<\/td><td class=\"has-text-align-left\" data-align=\"left\">1.500 \/ 1.000 \/ 750<\/td><td class=\"has-text-align-left\" data-align=\"left\">15 \/ 10 \/ 7,5<\/td><td class=\"has-text-align-left\" data-align=\"left\">250 \/ 167 \/ 125<\/td><\/tr><tr><td class=\"has-text-align-left\" data-align=\"left\">III\/a<\/td><td class=\"has-text-align-left\" data-align=\"left\">65 \/ 50<\/td><td class=\"has-text-align-left\" data-align=\"left\">1.500 \/ 1.000 \/ 750<\/td><td class=\"has-text-align-left\" data-align=\"left\">20 \/ 14 \/ 10<\/td><td class=\"has-text-align-left\" data-align=\"left\">334 \/ 234 \/ 167<\/td><\/tr><tr><td class=\"has-text-align-left\" data-align=\"left\">III\/b<\/td><td class=\"has-text-align-left\" data-align=\"left\">80 \/ 65<\/td><td class=\"has-text-align-left\" data-align=\"left\">1.500 \/ 1.000 \/ 750<\/td><td class=\"has-text-align-left\" data-align=\"left\">25 \/ 17 \/ 12,5<\/td><td class=\"has-text-align-left\" data-align=\"left\">417 \/ 284 \/ 209<\/td><\/tr><tr><td class=\"has-text-align-left\" data-align=\"left\">IV\/a<\/td><td class=\"has-text-align-left\" data-align=\"left\">80 \/ 80<\/td><td class=\"has-text-align-left\" data-align=\"left\">1.500 \/ 1.000 \/ 750<\/td><td class=\"has-text-align-left\" data-align=\"left\">35 \/ 23 \/ 17,5<\/td><td class=\"has-text-align-left\" data-align=\"left\">584 \/ 384 \/ 292<\/td><\/tr><tr><td class=\"has-text-align-left\" data-align=\"left\">IV\/b<\/td><td class=\"has-text-align-left\" data-align=\"left\">100 \/ 80<\/td><td class=\"has-text-align-left\" data-align=\"left\">1.500 \/ 1.000 \/ 750<\/td><td class=\"has-text-align-left\" data-align=\"left\">50 \/ 33 \/ 25<\/td><td class=\"has-text-align-left\" data-align=\"left\">834 \/ 550 \/ 417<\/td><\/tr><tr><td class=\"has-text-align-left\" data-align=\"left\">V\/a<\/td><td class=\"has-text-align-left\" data-align=\"left\">125 \/ 100<\/td><td class=\"has-text-align-left\" data-align=\"left\">1.500 \/ 1.000 \/ 750<\/td><td class=\"has-text-align-left\" data-align=\"left\">60 \/ 40 \/ 30<\/td><td class=\"has-text-align-left\" data-align=\"left\">1.000 \/ 667 \/ 500<\/td><\/tr><tr><td class=\"has-text-align-left\" data-align=\"left\">V\/b<\/td><td class=\"has-text-align-left\" data-align=\"left\">150 \/ 100<\/td><td class=\"has-text-align-left\" data-align=\"left\">1.500 \/ 1.000 \/ 750<\/td><td class=\"has-text-align-left\" data-align=\"left\">80 \/ 53 \/ 40<\/td><td class=\"has-text-align-left\" data-align=\"left\">1.334 \/ 884 \/ 667<\/td><\/tr><tr><td class=\"has-text-align-left\" data-align=\"left\">V\/c<\/td><td class=\"has-text-align-left\" data-align=\"left\">150 \/ 100<\/td><td class=\"has-text-align-left\" data-align=\"left\">1.500 \/ 1.000 \/ 750<\/td><td class=\"has-text-align-left\" data-align=\"left\">90 \/ 60 \/ 45<\/td><td class=\"has-text-align-left\" data-align=\"left\">1.500 \/ 1.000 \/ 750<\/td><\/tr><tr><td class=\"has-text-align-left\" data-align=\"left\">VI\/a<\/td><td class=\"has-text-align-left\" data-align=\"left\">150 \/ 125<\/td><td class=\"has-text-align-left\" data-align=\"left\">1.500 \/ 1.000 \/ 750<\/td><td class=\"has-text-align-left\" data-align=\"left\">100 \/ 66 \/ 50<\/td><td class=\"has-text-align-left\" data-align=\"left\">1.667 \/ 1.100 \/ 834<\/td><\/tr><\/tbody><\/table><\/figure>\n\n\n\n<figure class=\"wp-block-image size-full\"><img decoding=\"async\" src=\"https:\/\/corona1.eu\/wp-content\/uploads\/2023\/07\/image_2023_07_05T10_26_25_353Z.jpg\" alt=\"\" class=\"wp-image-3540\"\/><\/figure>\n","protected":false},"excerpt":{"rendered":"<p>1. Merkmale Die Zahnradpumpe der Serie I-IV ist das beliebteste Modell im DUDEK-Portfolio. Die Pumpe [&hellip;]<\/p>\n","protected":false},"author":1,"featured_media":356,"parent":305,"menu_order":0,"comment_status":"closed","ping_status":"closed","template":"kg_products_template.php","meta":{"pgc_sgb_lightbox_settings":"","footnotes":""},"categories":[25],"tags":[],"class_list":["post-355","page","type-page","status-publish","has-post-thumbnail","hentry","category-dudek-pumpen-zahnradpumpen"],"yoast_head":"<!-- This site is optimized with the Yoast SEO plugin v27.1.1 - https:\/\/yoast.com\/product\/yoast-seo-wordpress\/ -->\n<title>Pumpe f\u00fcr dickfl\u00fcssige Medien Dudek Serie I-VI - CORONA Serwis<\/title>\n<meta name=\"robots\" content=\"index, follow, max-snippet:-1, max-image-preview:large, max-video-preview:-1\" \/>\n<link rel=\"canonical\" href=\"https:\/\/corona1.eu\/de\/dudek-pumpen-zahnradpumpen\/dudek-zahnradpumpe-mit-magnetkupplung-2\/\" \/>\n<meta property=\"og:locale\" content=\"de_DE\" \/>\n<meta property=\"og:type\" content=\"article\" \/>\n<meta property=\"og:title\" content=\"Pumpe f\u00fcr dickfl\u00fcssige Medien Dudek Serie I-VI - CORONA Serwis\" \/>\n<meta property=\"og:description\" content=\"1. Merkmale Die Zahnradpumpe der Serie I-IV ist das beliebteste Modell im DUDEK-Portfolio. Die Pumpe [&hellip;]\" \/>\n<meta property=\"og:url\" content=\"https:\/\/corona1.eu\/de\/dudek-pumpen-zahnradpumpen\/dudek-zahnradpumpe-mit-magnetkupplung-2\/\" \/>\n<meta property=\"og:site_name\" content=\"CORONA Serwis\" \/>\n<meta property=\"article:modified_time\" content=\"2025-04-11T12:30:45+00:00\" \/>\n<meta property=\"og:image\" content=\"https:\/\/corona1.eu\/de\/wp-content\/uploads\/2025\/04\/tech-pumpe.jpg\" \/>\n\t<meta property=\"og:image:width\" content=\"400\" \/>\n\t<meta property=\"og:image:height\" content=\"401\" \/>\n\t<meta property=\"og:image:type\" content=\"image\/jpeg\" \/>\n<meta name=\"twitter:card\" content=\"summary_large_image\" \/>\n<meta name=\"twitter:label1\" content=\"Gesch\u00e4tzte Lesezeit\" \/>\n\t<meta name=\"twitter:data1\" content=\"3\u00a0Minuten\" \/>\n<script type=\"application\/ld+json\" class=\"yoast-schema-graph\">{\"@context\":\"https:\/\/schema.org\",\"@graph\":[{\"@type\":\"WebPage\",\"@id\":\"https:\/\/corona1.eu\/de\/dudek-pumpen-zahnradpumpen\/dudek-zahnradpumpe-mit-magnetkupplung-2\/\",\"url\":\"https:\/\/corona1.eu\/de\/dudek-pumpen-zahnradpumpen\/dudek-zahnradpumpe-mit-magnetkupplung-2\/\",\"name\":\"Pumpe f\u00fcr dickfl\u00fcssige Medien Dudek Serie I-VI - CORONA Serwis\",\"isPartOf\":{\"@id\":\"https:\/\/corona1.eu\/de\/#website\"},\"primaryImageOfPage\":{\"@id\":\"https:\/\/corona1.eu\/de\/dudek-pumpen-zahnradpumpen\/dudek-zahnradpumpe-mit-magnetkupplung-2\/#primaryimage\"},\"image\":{\"@id\":\"https:\/\/corona1.eu\/de\/dudek-pumpen-zahnradpumpen\/dudek-zahnradpumpe-mit-magnetkupplung-2\/#primaryimage\"},\"thumbnailUrl\":\"https:\/\/corona1.eu\/de\/wp-content\/uploads\/2025\/04\/tech-pumpe.jpg\",\"datePublished\":\"2025-04-11T12:26:27+00:00\",\"dateModified\":\"2025-04-11T12:30:45+00:00\",\"breadcrumb\":{\"@id\":\"https:\/\/corona1.eu\/de\/dudek-pumpen-zahnradpumpen\/dudek-zahnradpumpe-mit-magnetkupplung-2\/#breadcrumb\"},\"inLanguage\":\"de\",\"potentialAction\":[{\"@type\":\"ReadAction\",\"target\":[\"https:\/\/corona1.eu\/de\/dudek-pumpen-zahnradpumpen\/dudek-zahnradpumpe-mit-magnetkupplung-2\/\"]}]},{\"@type\":\"ImageObject\",\"inLanguage\":\"de\",\"@id\":\"https:\/\/corona1.eu\/de\/dudek-pumpen-zahnradpumpen\/dudek-zahnradpumpe-mit-magnetkupplung-2\/#primaryimage\",\"url\":\"https:\/\/corona1.eu\/de\/wp-content\/uploads\/2025\/04\/tech-pumpe.jpg\",\"contentUrl\":\"https:\/\/corona1.eu\/de\/wp-content\/uploads\/2025\/04\/tech-pumpe.jpg\",\"width\":400,\"height\":401},{\"@type\":\"BreadcrumbList\",\"@id\":\"https:\/\/corona1.eu\/de\/dudek-pumpen-zahnradpumpen\/dudek-zahnradpumpe-mit-magnetkupplung-2\/#breadcrumb\",\"itemListElement\":[{\"@type\":\"ListItem\",\"position\":1,\"name\":\"Startseite\",\"item\":\"https:\/\/corona1.eu\/de\/\"},{\"@type\":\"ListItem\",\"position\":2,\"name\":\"Dudek-Pumpen Zahnradpumpen\",\"item\":\"https:\/\/corona1.eu\/de\/dudek-pumpen-zahnradpumpen\/\"},{\"@type\":\"ListItem\",\"position\":3,\"name\":\"Pumpe f\u00fcr dickfl\u00fcssige Medien Dudek Serie I-VI\"}]},{\"@type\":\"WebSite\",\"@id\":\"https:\/\/corona1.eu\/de\/#website\",\"url\":\"https:\/\/corona1.eu\/de\/\",\"name\":\"CORONA Serwis\",\"description\":\"\",\"potentialAction\":[{\"@type\":\"SearchAction\",\"target\":{\"@type\":\"EntryPoint\",\"urlTemplate\":\"https:\/\/corona1.eu\/de\/?s={search_term_string}\"},\"query-input\":{\"@type\":\"PropertyValueSpecification\",\"valueRequired\":true,\"valueName\":\"search_term_string\"}}],\"inLanguage\":\"de\"}]}<\/script>\n<!-- \/ Yoast SEO plugin. -->","yoast_head_json":{"title":"Pumpe f\u00fcr dickfl\u00fcssige Medien Dudek Serie I-VI - CORONA Serwis","robots":{"index":"index","follow":"follow","max-snippet":"max-snippet:-1","max-image-preview":"max-image-preview:large","max-video-preview":"max-video-preview:-1"},"canonical":"https:\/\/corona1.eu\/de\/dudek-pumpen-zahnradpumpen\/dudek-zahnradpumpe-mit-magnetkupplung-2\/","og_locale":"de_DE","og_type":"article","og_title":"Pumpe f\u00fcr dickfl\u00fcssige Medien Dudek Serie I-VI - CORONA Serwis","og_description":"1. Merkmale Die Zahnradpumpe der Serie I-IV ist das beliebteste Modell im DUDEK-Portfolio. Die Pumpe [&hellip;]","og_url":"https:\/\/corona1.eu\/de\/dudek-pumpen-zahnradpumpen\/dudek-zahnradpumpe-mit-magnetkupplung-2\/","og_site_name":"CORONA Serwis","article_modified_time":"2025-04-11T12:30:45+00:00","og_image":[{"width":400,"height":401,"url":"https:\/\/corona1.eu\/de\/wp-content\/uploads\/2025\/04\/tech-pumpe.jpg","type":"image\/jpeg"}],"twitter_card":"summary_large_image","twitter_misc":{"Gesch\u00e4tzte Lesezeit":"3\u00a0Minuten"},"schema":{"@context":"https:\/\/schema.org","@graph":[{"@type":"WebPage","@id":"https:\/\/corona1.eu\/de\/dudek-pumpen-zahnradpumpen\/dudek-zahnradpumpe-mit-magnetkupplung-2\/","url":"https:\/\/corona1.eu\/de\/dudek-pumpen-zahnradpumpen\/dudek-zahnradpumpe-mit-magnetkupplung-2\/","name":"Pumpe f\u00fcr dickfl\u00fcssige Medien Dudek Serie I-VI - CORONA Serwis","isPartOf":{"@id":"https:\/\/corona1.eu\/de\/#website"},"primaryImageOfPage":{"@id":"https:\/\/corona1.eu\/de\/dudek-pumpen-zahnradpumpen\/dudek-zahnradpumpe-mit-magnetkupplung-2\/#primaryimage"},"image":{"@id":"https:\/\/corona1.eu\/de\/dudek-pumpen-zahnradpumpen\/dudek-zahnradpumpe-mit-magnetkupplung-2\/#primaryimage"},"thumbnailUrl":"https:\/\/corona1.eu\/de\/wp-content\/uploads\/2025\/04\/tech-pumpe.jpg","datePublished":"2025-04-11T12:26:27+00:00","dateModified":"2025-04-11T12:30:45+00:00","breadcrumb":{"@id":"https:\/\/corona1.eu\/de\/dudek-pumpen-zahnradpumpen\/dudek-zahnradpumpe-mit-magnetkupplung-2\/#breadcrumb"},"inLanguage":"de","potentialAction":[{"@type":"ReadAction","target":["https:\/\/corona1.eu\/de\/dudek-pumpen-zahnradpumpen\/dudek-zahnradpumpe-mit-magnetkupplung-2\/"]}]},{"@type":"ImageObject","inLanguage":"de","@id":"https:\/\/corona1.eu\/de\/dudek-pumpen-zahnradpumpen\/dudek-zahnradpumpe-mit-magnetkupplung-2\/#primaryimage","url":"https:\/\/corona1.eu\/de\/wp-content\/uploads\/2025\/04\/tech-pumpe.jpg","contentUrl":"https:\/\/corona1.eu\/de\/wp-content\/uploads\/2025\/04\/tech-pumpe.jpg","width":400,"height":401},{"@type":"BreadcrumbList","@id":"https:\/\/corona1.eu\/de\/dudek-pumpen-zahnradpumpen\/dudek-zahnradpumpe-mit-magnetkupplung-2\/#breadcrumb","itemListElement":[{"@type":"ListItem","position":1,"name":"Startseite","item":"https:\/\/corona1.eu\/de\/"},{"@type":"ListItem","position":2,"name":"Dudek-Pumpen Zahnradpumpen","item":"https:\/\/corona1.eu\/de\/dudek-pumpen-zahnradpumpen\/"},{"@type":"ListItem","position":3,"name":"Pumpe f\u00fcr dickfl\u00fcssige Medien Dudek Serie I-VI"}]},{"@type":"WebSite","@id":"https:\/\/corona1.eu\/de\/#website","url":"https:\/\/corona1.eu\/de\/","name":"CORONA Serwis","description":"","potentialAction":[{"@type":"SearchAction","target":{"@type":"EntryPoint","urlTemplate":"https:\/\/corona1.eu\/de\/?s={search_term_string}"},"query-input":{"@type":"PropertyValueSpecification","valueRequired":true,"valueName":"search_term_string"}}],"inLanguage":"de"}]}},"_links":{"self":[{"href":"https:\/\/corona1.eu\/de\/wp-json\/wp\/v2\/pages\/355","targetHints":{"allow":["GET"]}}],"collection":[{"href":"https:\/\/corona1.eu\/de\/wp-json\/wp\/v2\/pages"}],"about":[{"href":"https:\/\/corona1.eu\/de\/wp-json\/wp\/v2\/types\/page"}],"author":[{"embeddable":true,"href":"https:\/\/corona1.eu\/de\/wp-json\/wp\/v2\/users\/1"}],"replies":[{"embeddable":true,"href":"https:\/\/corona1.eu\/de\/wp-json\/wp\/v2\/comments?post=355"}],"version-history":[{"count":3,"href":"https:\/\/corona1.eu\/de\/wp-json\/wp\/v2\/pages\/355\/revisions"}],"predecessor-version":[{"id":359,"href":"https:\/\/corona1.eu\/de\/wp-json\/wp\/v2\/pages\/355\/revisions\/359"}],"up":[{"embeddable":true,"href":"https:\/\/corona1.eu\/de\/wp-json\/wp\/v2\/pages\/305"}],"wp:featuredmedia":[{"embeddable":true,"href":"https:\/\/corona1.eu\/de\/wp-json\/wp\/v2\/media\/356"}],"wp:attachment":[{"href":"https:\/\/corona1.eu\/de\/wp-json\/wp\/v2\/media?parent=355"}],"wp:term":[{"taxonomy":"category","embeddable":true,"href":"https:\/\/corona1.eu\/de\/wp-json\/wp\/v2\/categories?post=355"},{"taxonomy":"post_tag","embeddable":true,"href":"https:\/\/corona1.eu\/de\/wp-json\/wp\/v2\/tags?post=355"}],"curies":[{"name":"wp","href":"https:\/\/api.w.org\/{rel}","templated":true}]}}