{"id":352,"date":"2025-04-11T13:24:49","date_gmt":"2025-04-11T11:24:49","guid":{"rendered":"https:\/\/corona1.eu\/de\/?page_id=352"},"modified":"2025-04-11T13:24:54","modified_gmt":"2025-04-11T11:24:54","slug":"dudek-zahnradpumpe-mit-magnetkupplung","status":"publish","type":"page","link":"https:\/\/corona1.eu\/de\/dudek-pumpen-zahnradpumpen\/dudek-zahnradpumpe-mit-magnetkupplung\/","title":{"rendered":"Dudek Zahnradpumpe mit Magnetkupplung"},"content":{"rendered":"\n<p><strong>1. Merkmale<\/strong><\/p>\n\n\n\n<p>Die Magnetkupplungs-Zahnradpumpe ist vollst\u00e4ndig hermetisch, so dass w\u00e4hrend des normalen Pumpenbetriebs keine Leckagen auftreten. Sie ist ideal f\u00fcr die F\u00f6rderung von Anwendungen mit hoher Viskosit\u00e4t.<\/p>\n\n\n\n<p><strong>2. Konstruktion<\/strong><\/p>\n\n\n\n<p>Die Konstruktion unserer Pumpen eignet sich f\u00fcr den Einsatz dort, wo die Verwendung von herk\u00f6mmlichen Standarddichtungen Probleme bereitet und zu Leckagen f\u00fchrt und wo die Wartung und der Austausch herk\u00f6mmlicher Dichtungen aufgrund der teuren Ausfallzeiten zu kostspielig ist. Als Option kann die Pumpe mit einem Heizmantel nachger\u00fcstet werden.<\/p>\n\n\n\n<p><strong>3. Einsatzzweck<\/strong><\/p>\n\n\n\n<p>DUDEK-Zahnradpumpen mit Magnetkupplung werden vor allem dort eingesetzt, wo f\u00fcr Mensch und Umwelt gef\u00e4hrliche Stoffe gepumpt werden, die nicht in die Atmosph\u00e4re gelangen d\u00fcrfen.<\/p>\n\n\n\n<p><strong>4. Vorteile<\/strong><\/p>\n\n\n\n<p>Beim Einsatz von DUDEK-Zahnradpumpen mit Magnetkupplung ist die Sicherheit durch ein einstellbares Bypassventil gew\u00e4hrleistet. Die Pumpe gew\u00e4hrleistet einen gleichm\u00e4\u00dfigen F\u00f6rderstrom und einen langen und st\u00f6rungsfreien Betrieb.<\/p>\n\n\n\n<hr class=\"wp-block-separator has-alpha-channel-opacity\"\/>\n\n\n\n<h4 class=\"wp-block-heading\">Anwendung:<\/h4>\n\n\n\n<ul class=\"wp-block-list\">\n<li>vor allem dort, wo f\u00fcr Mensch und Umwelt gef\u00e4hrliche Stoffe gepumpt werden, die nicht in die Atmosph\u00e4re gelangen d\u00fcrfen,<\/li>\n\n\n\n<li>wo immer die Verwendung der \u00fcblichen Standarddichtungen Probleme aufwirft und zu Leckagen f\u00fchrt &#8211; Verh\u00e4rtung des F\u00f6rdermediums bei Kontakt mit der Atmosph\u00e4re, was zu\n<ul class=\"wp-block-list\">\n<li>Zerrei\u00dfen der Dichtungspackungen,<\/li>\n\n\n\n<li>Zerkratzen der glatten Oberfl\u00e4chen der Gleitringdichtung,<\/li>\n\n\n\n<li>die Federn der Gleitringdichtung werden blockiert und k\u00f6nnen ihre Funktion nicht mehr erf\u00fcllen,<\/li>\n<\/ul>\n<\/li>\n\n\n\n<li>die Unvertr\u00e4glichkeit des gepumpten Mediums mit den O-Ringen der Gleitringdichtung in Bereichen, in denen keine Leckage zul\u00e4ssig ist,<\/li>\n\n\n\n<li>wo immer die Wartung und der Austausch herk\u00f6mmlicher Dichtungen aufgrund der teuren Ausfallzeiten zu kostspielig ist,<\/li>\n\n\n\n<li>\u00fcberall dort, wo die Wartung von Dichtungsk\u00fchlsystemen unm\u00f6glich oder unerw\u00fcnscht ist.<\/li>\n<\/ul>\n\n\n\n<p><\/p>\n\n\n\n<h4 class=\"wp-block-heading\">Weitere Vorteile der Dudek-Pumpen Zahnradpumpen mit Magnetkupplung:<\/h4>\n\n\n\n<ul class=\"wp-block-list\">\n<li>keine Leckage, da keine Dichtungen;<\/li>\n\n\n\n<li>die Pumpe ist komplett hermetisch;<\/li>\n\n\n\n<li>sch\u00fctzt Mensch und Umwelt;<\/li>\n\n\n\n<li>hohe Viskosit\u00e4t des F\u00f6rdermediums ist zul\u00e4ssig;<\/li>\n\n\n\n<li>gew\u00e4hrleistet sicheren Betrieb durch ein einstellbares Bypass-Ventil;<\/li>\n\n\n\n<li>selbstansaugende Pumpe;<\/li>\n\n\n\n<li>sorgt f\u00fcr gleichm\u00e4\u00dfigen Durchfluss des Mediums;<\/li>\n\n\n\n<li>langfristig st\u00f6rungsfreier Betrieb;<\/li>\n\n\n\n<li>optional mit Heizmantel.<\/li>\n<\/ul>\n","protected":false},"excerpt":{"rendered":"<p>1. Merkmale Die Magnetkupplungs-Zahnradpumpe ist vollst\u00e4ndig hermetisch, so dass w\u00e4hrend des normalen Pumpenbetriebs keine Leckagen [&hellip;]<\/p>\n","protected":false},"author":1,"featured_media":353,"parent":305,"menu_order":0,"comment_status":"closed","ping_status":"closed","template":"kg_products_template.php","meta":{"pgc_sgb_lightbox_settings":"","footnotes":""},"categories":[25],"tags":[],"class_list":["post-352","page","type-page","status-publish","has-post-thumbnail","hentry","category-dudek-pumpen-zahnradpumpen"],"yoast_head":"<!-- This site is optimized with the Yoast SEO plugin v27.1.1 - https:\/\/yoast.com\/product\/yoast-seo-wordpress\/ -->\n<title>Dudek Zahnradpumpe mit Magnetkupplung - CORONA Serwis<\/title>\n<meta name=\"robots\" content=\"index, follow, max-snippet:-1, max-image-preview:large, max-video-preview:-1\" \/>\n<link rel=\"canonical\" href=\"https:\/\/corona1.eu\/de\/dudek-pumpen-zahnradpumpen\/dudek-zahnradpumpe-mit-magnetkupplung\/\" \/>\n<meta property=\"og:locale\" content=\"de_DE\" \/>\n<meta property=\"og:type\" content=\"article\" \/>\n<meta property=\"og:title\" content=\"Dudek Zahnradpumpe mit Magnetkupplung - CORONA Serwis\" \/>\n<meta property=\"og:description\" content=\"1. Merkmale Die Magnetkupplungs-Zahnradpumpe ist vollst\u00e4ndig hermetisch, so dass w\u00e4hrend des normalen Pumpenbetriebs keine Leckagen [&hellip;]\" \/>\n<meta property=\"og:url\" content=\"https:\/\/corona1.eu\/de\/dudek-pumpen-zahnradpumpen\/dudek-zahnradpumpe-mit-magnetkupplung\/\" \/>\n<meta property=\"og:site_name\" content=\"CORONA Serwis\" \/>\n<meta property=\"article:modified_time\" content=\"2025-04-11T11:24:54+00:00\" \/>\n<meta property=\"og:image\" content=\"https:\/\/corona1.eu\/de\/wp-content\/uploads\/2025\/04\/Pompy-Dudek-ze-sprzeglem-magnetycznym.jpg\" \/>\n\t<meta property=\"og:image:width\" content=\"231\" \/>\n\t<meta property=\"og:image:height\" content=\"218\" \/>\n\t<meta property=\"og:image:type\" content=\"image\/jpeg\" \/>\n<meta name=\"twitter:card\" content=\"summary_large_image\" \/>\n<meta name=\"twitter:label1\" content=\"Gesch\u00e4tzte Lesezeit\" \/>\n\t<meta name=\"twitter:data1\" content=\"2\u00a0Minuten\" \/>\n<script type=\"application\/ld+json\" class=\"yoast-schema-graph\">{\"@context\":\"https:\/\/schema.org\",\"@graph\":[{\"@type\":\"WebPage\",\"@id\":\"https:\/\/corona1.eu\/de\/dudek-pumpen-zahnradpumpen\/dudek-zahnradpumpe-mit-magnetkupplung\/\",\"url\":\"https:\/\/corona1.eu\/de\/dudek-pumpen-zahnradpumpen\/dudek-zahnradpumpe-mit-magnetkupplung\/\",\"name\":\"Dudek Zahnradpumpe mit Magnetkupplung - CORONA Serwis\",\"isPartOf\":{\"@id\":\"https:\/\/corona1.eu\/de\/#website\"},\"primaryImageOfPage\":{\"@id\":\"https:\/\/corona1.eu\/de\/dudek-pumpen-zahnradpumpen\/dudek-zahnradpumpe-mit-magnetkupplung\/#primaryimage\"},\"image\":{\"@id\":\"https:\/\/corona1.eu\/de\/dudek-pumpen-zahnradpumpen\/dudek-zahnradpumpe-mit-magnetkupplung\/#primaryimage\"},\"thumbnailUrl\":\"https:\/\/corona1.eu\/de\/wp-content\/uploads\/2025\/04\/Pompy-Dudek-ze-sprzeglem-magnetycznym.jpg\",\"datePublished\":\"2025-04-11T11:24:49+00:00\",\"dateModified\":\"2025-04-11T11:24:54+00:00\",\"breadcrumb\":{\"@id\":\"https:\/\/corona1.eu\/de\/dudek-pumpen-zahnradpumpen\/dudek-zahnradpumpe-mit-magnetkupplung\/#breadcrumb\"},\"inLanguage\":\"de\",\"potentialAction\":[{\"@type\":\"ReadAction\",\"target\":[\"https:\/\/corona1.eu\/de\/dudek-pumpen-zahnradpumpen\/dudek-zahnradpumpe-mit-magnetkupplung\/\"]}]},{\"@type\":\"ImageObject\",\"inLanguage\":\"de\",\"@id\":\"https:\/\/corona1.eu\/de\/dudek-pumpen-zahnradpumpen\/dudek-zahnradpumpe-mit-magnetkupplung\/#primaryimage\",\"url\":\"https:\/\/corona1.eu\/de\/wp-content\/uploads\/2025\/04\/Pompy-Dudek-ze-sprzeglem-magnetycznym.jpg\",\"contentUrl\":\"https:\/\/corona1.eu\/de\/wp-content\/uploads\/2025\/04\/Pompy-Dudek-ze-sprzeglem-magnetycznym.jpg\",\"width\":231,\"height\":218},{\"@type\":\"BreadcrumbList\",\"@id\":\"https:\/\/corona1.eu\/de\/dudek-pumpen-zahnradpumpen\/dudek-zahnradpumpe-mit-magnetkupplung\/#breadcrumb\",\"itemListElement\":[{\"@type\":\"ListItem\",\"position\":1,\"name\":\"Startseite\",\"item\":\"https:\/\/corona1.eu\/de\/\"},{\"@type\":\"ListItem\",\"position\":2,\"name\":\"Dudek-Pumpen Zahnradpumpen\",\"item\":\"https:\/\/corona1.eu\/de\/dudek-pumpen-zahnradpumpen\/\"},{\"@type\":\"ListItem\",\"position\":3,\"name\":\"Dudek Zahnradpumpe mit Magnetkupplung\"}]},{\"@type\":\"WebSite\",\"@id\":\"https:\/\/corona1.eu\/de\/#website\",\"url\":\"https:\/\/corona1.eu\/de\/\",\"name\":\"CORONA Serwis\",\"description\":\"\",\"potentialAction\":[{\"@type\":\"SearchAction\",\"target\":{\"@type\":\"EntryPoint\",\"urlTemplate\":\"https:\/\/corona1.eu\/de\/?s={search_term_string}\"},\"query-input\":{\"@type\":\"PropertyValueSpecification\",\"valueRequired\":true,\"valueName\":\"search_term_string\"}}],\"inLanguage\":\"de\"}]}<\/script>\n<!-- \/ Yoast SEO plugin. -->","yoast_head_json":{"title":"Dudek Zahnradpumpe mit Magnetkupplung - CORONA Serwis","robots":{"index":"index","follow":"follow","max-snippet":"max-snippet:-1","max-image-preview":"max-image-preview:large","max-video-preview":"max-video-preview:-1"},"canonical":"https:\/\/corona1.eu\/de\/dudek-pumpen-zahnradpumpen\/dudek-zahnradpumpe-mit-magnetkupplung\/","og_locale":"de_DE","og_type":"article","og_title":"Dudek Zahnradpumpe mit Magnetkupplung - CORONA Serwis","og_description":"1. Merkmale Die Magnetkupplungs-Zahnradpumpe ist vollst\u00e4ndig hermetisch, so dass w\u00e4hrend des normalen Pumpenbetriebs keine Leckagen [&hellip;]","og_url":"https:\/\/corona1.eu\/de\/dudek-pumpen-zahnradpumpen\/dudek-zahnradpumpe-mit-magnetkupplung\/","og_site_name":"CORONA Serwis","article_modified_time":"2025-04-11T11:24:54+00:00","og_image":[{"width":231,"height":218,"url":"https:\/\/corona1.eu\/de\/wp-content\/uploads\/2025\/04\/Pompy-Dudek-ze-sprzeglem-magnetycznym.jpg","type":"image\/jpeg"}],"twitter_card":"summary_large_image","twitter_misc":{"Gesch\u00e4tzte Lesezeit":"2\u00a0Minuten"},"schema":{"@context":"https:\/\/schema.org","@graph":[{"@type":"WebPage","@id":"https:\/\/corona1.eu\/de\/dudek-pumpen-zahnradpumpen\/dudek-zahnradpumpe-mit-magnetkupplung\/","url":"https:\/\/corona1.eu\/de\/dudek-pumpen-zahnradpumpen\/dudek-zahnradpumpe-mit-magnetkupplung\/","name":"Dudek Zahnradpumpe mit Magnetkupplung - CORONA Serwis","isPartOf":{"@id":"https:\/\/corona1.eu\/de\/#website"},"primaryImageOfPage":{"@id":"https:\/\/corona1.eu\/de\/dudek-pumpen-zahnradpumpen\/dudek-zahnradpumpe-mit-magnetkupplung\/#primaryimage"},"image":{"@id":"https:\/\/corona1.eu\/de\/dudek-pumpen-zahnradpumpen\/dudek-zahnradpumpe-mit-magnetkupplung\/#primaryimage"},"thumbnailUrl":"https:\/\/corona1.eu\/de\/wp-content\/uploads\/2025\/04\/Pompy-Dudek-ze-sprzeglem-magnetycznym.jpg","datePublished":"2025-04-11T11:24:49+00:00","dateModified":"2025-04-11T11:24:54+00:00","breadcrumb":{"@id":"https:\/\/corona1.eu\/de\/dudek-pumpen-zahnradpumpen\/dudek-zahnradpumpe-mit-magnetkupplung\/#breadcrumb"},"inLanguage":"de","potentialAction":[{"@type":"ReadAction","target":["https:\/\/corona1.eu\/de\/dudek-pumpen-zahnradpumpen\/dudek-zahnradpumpe-mit-magnetkupplung\/"]}]},{"@type":"ImageObject","inLanguage":"de","@id":"https:\/\/corona1.eu\/de\/dudek-pumpen-zahnradpumpen\/dudek-zahnradpumpe-mit-magnetkupplung\/#primaryimage","url":"https:\/\/corona1.eu\/de\/wp-content\/uploads\/2025\/04\/Pompy-Dudek-ze-sprzeglem-magnetycznym.jpg","contentUrl":"https:\/\/corona1.eu\/de\/wp-content\/uploads\/2025\/04\/Pompy-Dudek-ze-sprzeglem-magnetycznym.jpg","width":231,"height":218},{"@type":"BreadcrumbList","@id":"https:\/\/corona1.eu\/de\/dudek-pumpen-zahnradpumpen\/dudek-zahnradpumpe-mit-magnetkupplung\/#breadcrumb","itemListElement":[{"@type":"ListItem","position":1,"name":"Startseite","item":"https:\/\/corona1.eu\/de\/"},{"@type":"ListItem","position":2,"name":"Dudek-Pumpen Zahnradpumpen","item":"https:\/\/corona1.eu\/de\/dudek-pumpen-zahnradpumpen\/"},{"@type":"ListItem","position":3,"name":"Dudek Zahnradpumpe mit Magnetkupplung"}]},{"@type":"WebSite","@id":"https:\/\/corona1.eu\/de\/#website","url":"https:\/\/corona1.eu\/de\/","name":"CORONA Serwis","description":"","potentialAction":[{"@type":"SearchAction","target":{"@type":"EntryPoint","urlTemplate":"https:\/\/corona1.eu\/de\/?s={search_term_string}"},"query-input":{"@type":"PropertyValueSpecification","valueRequired":true,"valueName":"search_term_string"}}],"inLanguage":"de"}]}},"_links":{"self":[{"href":"https:\/\/corona1.eu\/de\/wp-json\/wp\/v2\/pages\/352","targetHints":{"allow":["GET"]}}],"collection":[{"href":"https:\/\/corona1.eu\/de\/wp-json\/wp\/v2\/pages"}],"about":[{"href":"https:\/\/corona1.eu\/de\/wp-json\/wp\/v2\/types\/page"}],"author":[{"embeddable":true,"href":"https:\/\/corona1.eu\/de\/wp-json\/wp\/v2\/users\/1"}],"replies":[{"embeddable":true,"href":"https:\/\/corona1.eu\/de\/wp-json\/wp\/v2\/comments?post=352"}],"version-history":[{"count":1,"href":"https:\/\/corona1.eu\/de\/wp-json\/wp\/v2\/pages\/352\/revisions"}],"predecessor-version":[{"id":354,"href":"https:\/\/corona1.eu\/de\/wp-json\/wp\/v2\/pages\/352\/revisions\/354"}],"up":[{"embeddable":true,"href":"https:\/\/corona1.eu\/de\/wp-json\/wp\/v2\/pages\/305"}],"wp:featuredmedia":[{"embeddable":true,"href":"https:\/\/corona1.eu\/de\/wp-json\/wp\/v2\/media\/353"}],"wp:attachment":[{"href":"https:\/\/corona1.eu\/de\/wp-json\/wp\/v2\/media?parent=352"}],"wp:term":[{"taxonomy":"category","embeddable":true,"href":"https:\/\/corona1.eu\/de\/wp-json\/wp\/v2\/categories?post=352"},{"taxonomy":"post_tag","embeddable":true,"href":"https:\/\/corona1.eu\/de\/wp-json\/wp\/v2\/tags?post=352"}],"curies":[{"name":"wp","href":"https:\/\/api.w.org\/{rel}","templated":true}]}}