{"id":348,"date":"2025-04-11T13:11:50","date_gmt":"2025-04-11T11:11:50","guid":{"rendered":"https:\/\/corona1.eu\/de\/?page_id=348"},"modified":"2025-04-11T13:11:54","modified_gmt":"2025-04-11T11:11:54","slug":"saeureresistente-pumpe","status":"publish","type":"page","link":"https:\/\/corona1.eu\/de\/dudek-pumpen-zahnradpumpen\/saeureresistente-pumpe\/","title":{"rendered":"S\u00e4ureresistente Pumpe"},"content":{"rendered":"\n<h2 class=\"wp-block-heading\">Zahnradpumpe f\u00fcr die chemische Industrie<\/h2>\n\n\n\n<p><strong>1 Merkmale<\/strong><\/p>\n\n\n\n<p>Verdr\u00e4ngerpumpe f\u00fcr den Einsatz in der chemischen Industrie, Erd\u00f6lindustrie, Farben- und Lackherstellung und im Maschinenbau.<\/p>\n\n\n\n<p><strong>2. Konstruktion<\/strong><\/p>\n\n\n\n<p>Zahnradpumpen sind standardm\u00e4\u00dfig aus s\u00e4urebest\u00e4ndigem Stahl gefertigt, optional k\u00f6nnen sie mit einem Heizmantel nachger\u00fcstet werden.<\/p>\n\n\n\n<p><strong>3. Verwendungszweck<\/strong><\/p>\n\n\n\n<p>Die s\u00e4urefesten DUDEK-Pumpen sind standardm\u00e4\u00dfig f\u00fcr den Anschluss an Rohrleitungen mit Flanschen nach DIN- oder ASA-Norm ausgelegt.<\/p>\n\n\n\n<p><strong>4 Vorteile<\/strong><\/p>\n\n\n\n<p>Die selbstansaugende DUDEK-Pumpe zeichnet sich dank ihrer kompakten Bauweise durch einen langen und st\u00f6rungsfreien Betrieb und eine gleichm\u00e4\u00dfige F\u00f6rderung auch unter schwierigen Prozessbedingungen aus.<\/p>\n\n\n\n<hr class=\"wp-block-separator has-alpha-channel-opacity\"\/>\n\n\n\n<h4 class=\"wp-block-heading\">Anwendung:<\/h4>\n\n\n\n<ul class=\"wp-block-list\">\n<li>Chemische Industrie;<\/li>\n\n\n\n<li>Erd\u00f6lindustrie;<\/li>\n\n\n\n<li>Farben- und Lackindustrie;<\/li>\n\n\n\n<li>Fl\u00fcssigtransport;<\/li>\n\n\n\n<li>Lebensmittel- und Futtermittelindustrie;<\/li>\n\n\n\n<li>Maschinen- und Anlagenbau.<\/li>\n<\/ul>\n\n\n\n<p><\/p>\n\n\n\n<h4 class=\"wp-block-heading\">Eigenschaften von Dudek-Pumpen Zahnradpumpen in s\u00e4urebest\u00e4ndiger Stahlausf\u00fchrung:<\/h4>\n\n\n\n<ul class=\"wp-block-list\">\n<li>kompakte Bauweise;<\/li>\n\n\n\n<li>Anschl\u00fcsse an Rohrleitungen mit Flanschen nach DIN- oder ASA-Norm;<\/li>\n\n\n\n<li>Betriebssicherheit durch ein einstellbares Bypass-Ventil;<\/li>\n\n\n\n<li>selbstansaugende Pumpe;<\/li>\n\n\n\n<li>als Option in der Ausf\u00fchrung mit Heizmantel;<\/li>\n\n\n\n<li>gleichm\u00e4\u00dfiger Durchfluss;<\/li>\n\n\n\n<li>dauerhafter, st\u00f6rungsfreier Betrieb;<\/li>\n\n\n\n<li>st\u00e4ndige Betriebsbereitschaft;<\/li>\n<\/ul>\n\n\n\n<p><\/p>\n","protected":false},"excerpt":{"rendered":"<p>Zahnradpumpe f\u00fcr die chemische Industrie 1 Merkmale Verdr\u00e4ngerpumpe f\u00fcr den Einsatz in der chemischen Industrie, [&hellip;]<\/p>\n","protected":false},"author":1,"featured_media":349,"parent":305,"menu_order":0,"comment_status":"closed","ping_status":"closed","template":"kg_products_template.php","meta":{"pgc_sgb_lightbox_settings":"","footnotes":""},"categories":[25],"tags":[],"class_list":["post-348","page","type-page","status-publish","has-post-thumbnail","hentry","category-dudek-pumpen-zahnradpumpen"],"yoast_head":"<!-- This site is optimized with the Yoast SEO plugin v27.1.1 - https:\/\/yoast.com\/product\/yoast-seo-wordpress\/ -->\n<title>S\u00e4ureresistente Pumpe - CORONA Serwis<\/title>\n<meta name=\"robots\" content=\"index, follow, max-snippet:-1, max-image-preview:large, max-video-preview:-1\" \/>\n<link rel=\"canonical\" href=\"https:\/\/corona1.eu\/de\/dudek-pumpen-zahnradpumpen\/saeureresistente-pumpe\/\" \/>\n<meta property=\"og:locale\" content=\"de_DE\" \/>\n<meta property=\"og:type\" content=\"article\" \/>\n<meta property=\"og:title\" content=\"S\u00e4ureresistente Pumpe - CORONA Serwis\" \/>\n<meta property=\"og:description\" content=\"Zahnradpumpe f\u00fcr die chemische Industrie 1 Merkmale Verdr\u00e4ngerpumpe f\u00fcr den Einsatz in der chemischen Industrie, [&hellip;]\" \/>\n<meta property=\"og:url\" content=\"https:\/\/corona1.eu\/de\/dudek-pumpen-zahnradpumpen\/saeureresistente-pumpe\/\" \/>\n<meta property=\"og:site_name\" content=\"CORONA Serwis\" \/>\n<meta property=\"article:modified_time\" content=\"2025-04-11T11:11:54+00:00\" \/>\n<meta property=\"og:image\" content=\"https:\/\/corona1.eu\/de\/wp-content\/uploads\/2025\/04\/Pompy-Dudek-w-wykonaniu-ze-stali-kwasoodpornej-300x200-1.jpg\" \/>\n\t<meta property=\"og:image:width\" content=\"500\" \/>\n\t<meta property=\"og:image:height\" content=\"500\" \/>\n\t<meta property=\"og:image:type\" content=\"image\/jpeg\" \/>\n<meta name=\"twitter:card\" content=\"summary_large_image\" \/>\n<meta name=\"twitter:label1\" content=\"Gesch\u00e4tzte Lesezeit\" \/>\n\t<meta name=\"twitter:data1\" content=\"1\u00a0Minute\" \/>\n<script type=\"application\/ld+json\" class=\"yoast-schema-graph\">{\"@context\":\"https:\/\/schema.org\",\"@graph\":[{\"@type\":\"WebPage\",\"@id\":\"https:\/\/corona1.eu\/de\/dudek-pumpen-zahnradpumpen\/saeureresistente-pumpe\/\",\"url\":\"https:\/\/corona1.eu\/de\/dudek-pumpen-zahnradpumpen\/saeureresistente-pumpe\/\",\"name\":\"S\u00e4ureresistente Pumpe - CORONA Serwis\",\"isPartOf\":{\"@id\":\"https:\/\/corona1.eu\/de\/#website\"},\"primaryImageOfPage\":{\"@id\":\"https:\/\/corona1.eu\/de\/dudek-pumpen-zahnradpumpen\/saeureresistente-pumpe\/#primaryimage\"},\"image\":{\"@id\":\"https:\/\/corona1.eu\/de\/dudek-pumpen-zahnradpumpen\/saeureresistente-pumpe\/#primaryimage\"},\"thumbnailUrl\":\"https:\/\/corona1.eu\/de\/wp-content\/uploads\/2025\/04\/Pompy-Dudek-w-wykonaniu-ze-stali-kwasoodpornej-300x200-1.jpg\",\"datePublished\":\"2025-04-11T11:11:50+00:00\",\"dateModified\":\"2025-04-11T11:11:54+00:00\",\"breadcrumb\":{\"@id\":\"https:\/\/corona1.eu\/de\/dudek-pumpen-zahnradpumpen\/saeureresistente-pumpe\/#breadcrumb\"},\"inLanguage\":\"de\",\"potentialAction\":[{\"@type\":\"ReadAction\",\"target\":[\"https:\/\/corona1.eu\/de\/dudek-pumpen-zahnradpumpen\/saeureresistente-pumpe\/\"]}]},{\"@type\":\"ImageObject\",\"inLanguage\":\"de\",\"@id\":\"https:\/\/corona1.eu\/de\/dudek-pumpen-zahnradpumpen\/saeureresistente-pumpe\/#primaryimage\",\"url\":\"https:\/\/corona1.eu\/de\/wp-content\/uploads\/2025\/04\/Pompy-Dudek-w-wykonaniu-ze-stali-kwasoodpornej-300x200-1.jpg\",\"contentUrl\":\"https:\/\/corona1.eu\/de\/wp-content\/uploads\/2025\/04\/Pompy-Dudek-w-wykonaniu-ze-stali-kwasoodpornej-300x200-1.jpg\",\"width\":500,\"height\":500},{\"@type\":\"BreadcrumbList\",\"@id\":\"https:\/\/corona1.eu\/de\/dudek-pumpen-zahnradpumpen\/saeureresistente-pumpe\/#breadcrumb\",\"itemListElement\":[{\"@type\":\"ListItem\",\"position\":1,\"name\":\"Startseite\",\"item\":\"https:\/\/corona1.eu\/de\/\"},{\"@type\":\"ListItem\",\"position\":2,\"name\":\"Dudek-Pumpen Zahnradpumpen\",\"item\":\"https:\/\/corona1.eu\/de\/dudek-pumpen-zahnradpumpen\/\"},{\"@type\":\"ListItem\",\"position\":3,\"name\":\"S\u00e4ureresistente Pumpe\"}]},{\"@type\":\"WebSite\",\"@id\":\"https:\/\/corona1.eu\/de\/#website\",\"url\":\"https:\/\/corona1.eu\/de\/\",\"name\":\"CORONA Serwis\",\"description\":\"\",\"potentialAction\":[{\"@type\":\"SearchAction\",\"target\":{\"@type\":\"EntryPoint\",\"urlTemplate\":\"https:\/\/corona1.eu\/de\/?s={search_term_string}\"},\"query-input\":{\"@type\":\"PropertyValueSpecification\",\"valueRequired\":true,\"valueName\":\"search_term_string\"}}],\"inLanguage\":\"de\"}]}<\/script>\n<!-- \/ Yoast SEO plugin. -->","yoast_head_json":{"title":"S\u00e4ureresistente Pumpe - CORONA Serwis","robots":{"index":"index","follow":"follow","max-snippet":"max-snippet:-1","max-image-preview":"max-image-preview:large","max-video-preview":"max-video-preview:-1"},"canonical":"https:\/\/corona1.eu\/de\/dudek-pumpen-zahnradpumpen\/saeureresistente-pumpe\/","og_locale":"de_DE","og_type":"article","og_title":"S\u00e4ureresistente Pumpe - CORONA Serwis","og_description":"Zahnradpumpe f\u00fcr die chemische Industrie 1 Merkmale Verdr\u00e4ngerpumpe f\u00fcr den Einsatz in der chemischen Industrie, [&hellip;]","og_url":"https:\/\/corona1.eu\/de\/dudek-pumpen-zahnradpumpen\/saeureresistente-pumpe\/","og_site_name":"CORONA Serwis","article_modified_time":"2025-04-11T11:11:54+00:00","og_image":[{"width":500,"height":500,"url":"https:\/\/corona1.eu\/de\/wp-content\/uploads\/2025\/04\/Pompy-Dudek-w-wykonaniu-ze-stali-kwasoodpornej-300x200-1.jpg","type":"image\/jpeg"}],"twitter_card":"summary_large_image","twitter_misc":{"Gesch\u00e4tzte Lesezeit":"1\u00a0Minute"},"schema":{"@context":"https:\/\/schema.org","@graph":[{"@type":"WebPage","@id":"https:\/\/corona1.eu\/de\/dudek-pumpen-zahnradpumpen\/saeureresistente-pumpe\/","url":"https:\/\/corona1.eu\/de\/dudek-pumpen-zahnradpumpen\/saeureresistente-pumpe\/","name":"S\u00e4ureresistente Pumpe - CORONA Serwis","isPartOf":{"@id":"https:\/\/corona1.eu\/de\/#website"},"primaryImageOfPage":{"@id":"https:\/\/corona1.eu\/de\/dudek-pumpen-zahnradpumpen\/saeureresistente-pumpe\/#primaryimage"},"image":{"@id":"https:\/\/corona1.eu\/de\/dudek-pumpen-zahnradpumpen\/saeureresistente-pumpe\/#primaryimage"},"thumbnailUrl":"https:\/\/corona1.eu\/de\/wp-content\/uploads\/2025\/04\/Pompy-Dudek-w-wykonaniu-ze-stali-kwasoodpornej-300x200-1.jpg","datePublished":"2025-04-11T11:11:50+00:00","dateModified":"2025-04-11T11:11:54+00:00","breadcrumb":{"@id":"https:\/\/corona1.eu\/de\/dudek-pumpen-zahnradpumpen\/saeureresistente-pumpe\/#breadcrumb"},"inLanguage":"de","potentialAction":[{"@type":"ReadAction","target":["https:\/\/corona1.eu\/de\/dudek-pumpen-zahnradpumpen\/saeureresistente-pumpe\/"]}]},{"@type":"ImageObject","inLanguage":"de","@id":"https:\/\/corona1.eu\/de\/dudek-pumpen-zahnradpumpen\/saeureresistente-pumpe\/#primaryimage","url":"https:\/\/corona1.eu\/de\/wp-content\/uploads\/2025\/04\/Pompy-Dudek-w-wykonaniu-ze-stali-kwasoodpornej-300x200-1.jpg","contentUrl":"https:\/\/corona1.eu\/de\/wp-content\/uploads\/2025\/04\/Pompy-Dudek-w-wykonaniu-ze-stali-kwasoodpornej-300x200-1.jpg","width":500,"height":500},{"@type":"BreadcrumbList","@id":"https:\/\/corona1.eu\/de\/dudek-pumpen-zahnradpumpen\/saeureresistente-pumpe\/#breadcrumb","itemListElement":[{"@type":"ListItem","position":1,"name":"Startseite","item":"https:\/\/corona1.eu\/de\/"},{"@type":"ListItem","position":2,"name":"Dudek-Pumpen Zahnradpumpen","item":"https:\/\/corona1.eu\/de\/dudek-pumpen-zahnradpumpen\/"},{"@type":"ListItem","position":3,"name":"S\u00e4ureresistente Pumpe"}]},{"@type":"WebSite","@id":"https:\/\/corona1.eu\/de\/#website","url":"https:\/\/corona1.eu\/de\/","name":"CORONA Serwis","description":"","potentialAction":[{"@type":"SearchAction","target":{"@type":"EntryPoint","urlTemplate":"https:\/\/corona1.eu\/de\/?s={search_term_string}"},"query-input":{"@type":"PropertyValueSpecification","valueRequired":true,"valueName":"search_term_string"}}],"inLanguage":"de"}]}},"_links":{"self":[{"href":"https:\/\/corona1.eu\/de\/wp-json\/wp\/v2\/pages\/348","targetHints":{"allow":["GET"]}}],"collection":[{"href":"https:\/\/corona1.eu\/de\/wp-json\/wp\/v2\/pages"}],"about":[{"href":"https:\/\/corona1.eu\/de\/wp-json\/wp\/v2\/types\/page"}],"author":[{"embeddable":true,"href":"https:\/\/corona1.eu\/de\/wp-json\/wp\/v2\/users\/1"}],"replies":[{"embeddable":true,"href":"https:\/\/corona1.eu\/de\/wp-json\/wp\/v2\/comments?post=348"}],"version-history":[{"count":2,"href":"https:\/\/corona1.eu\/de\/wp-json\/wp\/v2\/pages\/348\/revisions"}],"predecessor-version":[{"id":351,"href":"https:\/\/corona1.eu\/de\/wp-json\/wp\/v2\/pages\/348\/revisions\/351"}],"up":[{"embeddable":true,"href":"https:\/\/corona1.eu\/de\/wp-json\/wp\/v2\/pages\/305"}],"wp:featuredmedia":[{"embeddable":true,"href":"https:\/\/corona1.eu\/de\/wp-json\/wp\/v2\/media\/349"}],"wp:attachment":[{"href":"https:\/\/corona1.eu\/de\/wp-json\/wp\/v2\/media?parent=348"}],"wp:term":[{"taxonomy":"category","embeddable":true,"href":"https:\/\/corona1.eu\/de\/wp-json\/wp\/v2\/categories?post=348"},{"taxonomy":"post_tag","embeddable":true,"href":"https:\/\/corona1.eu\/de\/wp-json\/wp\/v2\/tags?post=348"}],"curies":[{"name":"wp","href":"https:\/\/api.w.org\/{rel}","templated":true}]}}