{"id":324,"date":"2025-04-11T11:08:07","date_gmt":"2025-04-11T09:08:07","guid":{"rendered":"https:\/\/corona1.eu\/de\/?page_id=324"},"modified":"2025-04-11T12:34:09","modified_gmt":"2025-04-11T10:34:09","slug":"boosterpumpen-booster","status":"publish","type":"page","link":"https:\/\/corona1.eu\/de\/witte-zahnradpumpen\/boosterpumpen-booster\/","title":{"rendered":"Boosterpumpen [BOOSTER]"},"content":{"rendered":"\n<h2 class=\"wp-block-heading\">Zahnradpumpen zur Druckerh\u00f6hung<\/h2>\n\n\n\n<p>Die zuverl\u00e4ssige Druckerh\u00f6hungspumpe f\u00fcr den Polymerprozess.<\/p>\n\n\n\n<p>BOOSTER-Zahnradpumpen von WITTE werden im Polymerisationsprozess zur Druckerh\u00f6hung von mittel- bis hochviskosen Medien eingesetzt. Die hydraulisch beheizte Druckerh\u00f6hungspumpe f\u00f6rdert Prepolymere und Polymere, wie PET, PBT, PS, ABS und viele andere, besonders schonend. Die Beheizung erfolgt durch W\u00e4rmetr\u00e4ger\u00f6l oder Dampf.<\/p>\n\n\n\n<p>Die Kernkomponenten wie Wellen und Gleitlager stammen aus dem WITTE-Baukastensystem. Die Druckerh\u00f6hungspumpen der BOOSTER-Baureihe werden \u00fcberall dort eingesetzt, wo besonders hohe Dr\u00fccke f\u00fcr den Prozess ben\u00f6tigt werden. Hohe Dr\u00fccke werden unter anderem f\u00fcr die Granulierung, Faserherstellung oder f\u00fcr Spinnpumpen ben\u00f6tigt. Die Auslegung der BOOSTER-Druckerh\u00f6hungspumpen kann an die Bed\u00fcrfnisse der Anlage und die Kundenw\u00fcnsche angepasst werden<\/p>\n\n\n\n<div style=\"width: 100%;\"><div style=\"position: relative; padding-bottom: 56.25%; padding-top: 0; height: 0;\"><iframe loading=\"lazy\" title=\"Boosterpumps\" frameborder=\"0\" width=\"1200\" height=\"675\" style=\"position: absolute; top: 0; left: 0; width: 100%; height: 100%;\" src=\"https:\/\/view.genial.ly\/65c5df00671cb30015b972b0\" type=\"text\/html\" allowscriptaccess=\"always\" allowfullscreen=\"true\" scrolling=\"yes\" allownetworking=\"all\"><\/iframe> <\/div> <\/div>\n\n\n\n<div style=\"height:30px\" aria-hidden=\"true\" class=\"wp-block-spacer\"><\/div>\n\n\n\n<h3 class=\"wp-block-heading\">Technische Daten<\/h3>\n\n\n\n<figure class=\"wp-block-table is-style-stripes has-small-font-size\"><table><tbody><tr><td><strong>Geh\u00e4use<\/strong><\/td><td>hitzebest\u00e4ndiger Kohlenstoffstahl, z. B. 1.6582 &#8211; nichtrostender Stahl 1.4313 &#8211; wahlweise mit Beschichtung<\/td><\/tr><tr><td><strong>Getrieber\u00e4der<\/strong><\/td><td>Werkzeugstahl &#8211; Nitrierstahl &#8211; Spezialstahl &#8211; optional mit Beschichtung &#8211; Schr\u00e4gverzahnung &#8211; Fischgr\u00e4tenverzahnung (f\u00fcr den Transport mit sehr geringer Pulsation)<\/td><\/tr><tr><td><strong>Axial-Wellendichtungen<\/strong><\/td><td>Gewindewellendichtung &#8211; Stopfbuchse &#8211; (Vakuum-Gewindewellendichtung)<\/td><\/tr><tr><td><strong>Heizung<\/strong><\/td><td>W\u00e4rmetr\u00e4ger\u00f6l &#8211; Dampf<\/td><\/tr><tr><td><strong>W\u00e4lzlager<\/strong><\/td><td>Werkzeugstahl &#8211; NiAG (Nickel-Silber) &#8211; Al-Bronze &#8211; Sonderwerkstoffe &#8211; wahlweise mit Beschichtung<\/td><\/tr><\/tbody><\/table><\/figure>\n\n\n\n<h3 class=\"wp-block-heading\">Betriebsparameter<\/h3>\n\n\n\n<figure class=\"wp-block-table is-style-stripes has-small-font-size\"><table><tbody><tr><td><strong>Viskosit\u00e4t<\/strong><\/td><td>Bis zu 40.000.000 mPas<\/td><\/tr><tr><td><strong>Temperatur<\/strong><\/td><td>Bis zu 350 \u00b0C<\/td><\/tr><tr><td><strong>Ansaugdruck<\/strong><\/td><td>Vakuum bis zu max. 120 bar<\/td><\/tr><tr><td><strong>Transportdruck \/ Differenzdruck<\/strong><\/td><td>Bis zu 250 bar (4642 psig)<\/td><\/tr><tr><td><strong>Abmessungen der Pumpe<\/strong><\/td><td>Von 4,7-22-22 (4,7 cc\/U &#8211; 10 kg\/h) bis 12.000-280-280 (12.000 cc\/U &#8211; 30.000 kg\/h)<\/td><\/tr><\/tbody><\/table><\/figure>\n\n\n\n<h3 class=\"wp-block-heading\">Anwendungsbeispiele<\/h3>\n\n\n\n<figure class=\"wp-block-table is-style-stripes has-small-font-size\"><table><tbody><tr><td><strong>Polymere<\/strong><\/td><td>PET &#8211; PBT &#8211; PA &#8211; PC &#8211; PS &#8211; SAN &#8211; ABS &#8211; HIPS &#8211; PP &#8211; PE &#8211; POM &#8211; Biopolymere<\/td><\/tr><\/tbody><\/table><\/figure>\n\n\n\n<div style=\"height:30px\" aria-hidden=\"true\" class=\"wp-block-spacer\"><\/div>\n\n\n\n<h3 class=\"wp-block-heading\">Branchen<\/h3>\n\n\n\n<div class=\"service-item\">\n              <div class=\"service__content\">\n                <div class=\"service__icon\">\n                  <i class=\"\">\n<svg id=\"bd7a43cb-e011-45c2-bfaa-08833aaae2a0\" data-name=\"Ebene 1\" height=\"80\" xmlns=\"http:\/\/www.w3.org\/2000\/svg\" viewBox=\"0 0 32.11 32.11\" preserveAspectRatio=\"xMinYMid\"><defs><style>.37 f4e6a42-6e24-4a43-8b6f-bd742c77beb5{fill:#e79400;}<\/style><\/defs><title>WITTE_ICONS<\/title><path class=\"7f4e6a42-6e24-4a43-8b6f-bd742c77beb5\" d=\"M28.36,0H3.75A3.75,3.75,0,0,0,0,3.75V28.36a3.75,3.75,0,0,0,3.75,3.75H28.36a3.75,3.75,0,0,0,3.75-3.75V3.75A3.75,3.75,0,0,0,28.36,0ZM31,28.36A2.68,2.68,0,0,1,28.36,31H3.75a2.68,2.68,0,0,1-2.67-2.67V3.75A2.68,2.68,0,0,1,3.75,1.08H28.36A2.68,2.68,0,0,1,31,3.75Z\"\/><path class=\"7f4e6a42-6e24-4a43-8b6f-bd742c77beb5\" d=\"M15.45,20.49a2,2,0,1,0,2,2A2,2,0,0,0,15.45,20.49Zm0,3a1,1,0,1,1,1-1A1,1,0,0,1,15.45,23.49Z\"\/><path class=\"7f4e6a42-6e24-4a43-8b6f-bd742c77beb5\" d=\"M27.33,12.64H20.82a.11.11,0,0,0-.11.11v.82a.11.11,0,0,0,.11.11h.71V22H20.41a7.74,7.74,0,0,0,.23-1.88,8.13,8.13,0,0,0-5.06-7.51V6.85a1.51,1.51,0,0,0-.5-2.94H10a1.51,1.51,0,0,0-.5,2.94V12.6A8.1,8.1,0,1,0,20.09,23h1.44v2.74a2.55,2.55,0,0,0,5.1,0V13.68h.7a.11.11,0,0,0,.11-.11v-.82A.11.11,0,0,0,27.33,12.64ZM22.56,20V13.68h3V20Zm1.52,7.32a1.52,1.52,0,0,1-1.52-1.51V21h3v4.77A1.52,1.52,0,0,1,24.08,27.28ZM10,4.92h5.07a.5.5,0,0,1,.5.5.51.51,0,0,1-.5.51H10a.5.5,0,0,1-.5-.51A.5.5,0,0,1,10,4.92Zm.17,8.51a.51.51,0,0,0,.34-.48v-6h4.05v6a.5.5,0,0,0,.34.48,7.12,7.12,0,0,1,3.44,2.63H6.74A7.12,7.12,0,0,1,10.18,13.43Zm2.36,13.76A7.07,7.07,0,0,1,6.15,17.07H18.93a7,7,0,0,1,.7,3A7.1,7.1,0,0,1,12.54,27.19Z\"\/><\/svg>\n<\/i>\n                <\/div><!-- \/.service__icon -->\n                <h4 class=\"service__title\">Rubber &#038; natural rubber<\/h4>\n                <p class=\"service__desc\">Gear pumps for rubber and natural rubber processing<\/p>\n                <!--<a href=\"#\" class=\"btn btn__secondary btn__link\">\n                  <i class=\"icon-arrow-right arrow-rounded\"><\/i>\n                  <span>Read More<\/span>\n                <\/a>-->\n              <\/div><!-- \/.service-content -->\n            <\/div>\n\n\n\n<div class=\"service-item\">\n              <div class=\"service__content\">\n                <div class=\"service__icon\">\n                  <i class=\"\">\n<svg id=\"bd7a43cb-e011-45c2-bfaa-08833aaae2a0\" data-name=\"Ebene 1\" height=\"80\" xmlns=\"http:\/\/www.w3.org\/2000\/svg\" viewBox=\"0 0 32.11 32.11\" preserveAspectRatio=\"xMinYMid\"><defs><style>.37 f4e6a42-6e24-4a43-8b6f-bd742c77beb5{fill:#e79400;}<\/style><\/defs><title>WITTE_ICONS<\/title><path class=\"7f4e6a42-6e24-4a43-8b6f-bd742c77beb5\" d=\"M28.36,0H3.75A3.75,3.75,0,0,0,0,3.75V28.36a3.75,3.75,0,0,0,3.75,3.75H28.36a3.75,3.75,0,0,0,3.75-3.75V3.75A3.75,3.75,0,0,0,28.36,0ZM31,28.36A2.68,2.68,0,0,1,28.36,31H3.75a2.68,2.68,0,0,1-2.67-2.67V3.75A2.68,2.68,0,0,1,3.75,1.08H28.36A2.68,2.68,0,0,1,31,3.75Z\"\/><path class=\"7f4e6a42-6e24-4a43-8b6f-bd742c77beb5\" d=\"M15.45,20.49a2,2,0,1,0,2,2A2,2,0,0,0,15.45,20.49Zm0,3a1,1,0,1,1,1-1A1,1,0,0,1,15.45,23.49Z\"\/><path class=\"7f4e6a42-6e24-4a43-8b6f-bd742c77beb5\" d=\"M27.33,12.64H20.82a.11.11,0,0,0-.11.11v.82a.11.11,0,0,0,.11.11h.71V22H20.41a7.74,7.74,0,0,0,.23-1.88,8.13,8.13,0,0,0-5.06-7.51V6.85a1.51,1.51,0,0,0-.5-2.94H10a1.51,1.51,0,0,0-.5,2.94V12.6A8.1,8.1,0,1,0,20.09,23h1.44v2.74a2.55,2.55,0,0,0,5.1,0V13.68h.7a.11.11,0,0,0,.11-.11v-.82A.11.11,0,0,0,27.33,12.64ZM22.56,20V13.68h3V20Zm1.52,7.32a1.52,1.52,0,0,1-1.52-1.51V21h3v4.77A1.52,1.52,0,0,1,24.08,27.28ZM10,4.92h5.07a.5.5,0,0,1,.5.5.51.51,0,0,1-.5.51H10a.5.5,0,0,1-.5-.51A.5.5,0,0,1,10,4.92Zm.17,8.51a.51.51,0,0,0,.34-.48v-6h4.05v6a.5.5,0,0,0,.34.48,7.12,7.12,0,0,1,3.44,2.63H6.74A7.12,7.12,0,0,1,10.18,13.43Zm2.36,13.76A7.07,7.07,0,0,1,6.15,17.07H18.93a7,7,0,0,1,.7,3A7.1,7.1,0,0,1,12.54,27.19Z\"\/><\/svg>\n<\/i>\n                <\/div><!-- \/.service__icon -->\n                <h4 class=\"service__title\">Plastic industry<\/h4>\n                <p class=\"service__desc\">Plastics production &#8211; Gear pumps for conveying plastic melts.<\/p>\n                <!--<a href=\"#\" class=\"btn btn__secondary btn__link\">\n                  <i class=\"icon-arrow-right arrow-rounded\"><\/i>\n                  <span>Read More<\/span>\n                <\/a>-->\n              <\/div><!-- \/.service-content -->\n            <\/div>\n\n\n\n<div class=\"service-item\">\n              <div class=\"service__content\">\n                <div class=\"service__icon\">\n                  <i class=\"\">\n<svg id=\"bd7a43cb-e011-45c2-bfaa-08833aaae2a0\" data-name=\"Ebene 1\" height=\"80\" xmlns=\"http:\/\/www.w3.org\/2000\/svg\" viewBox=\"0 0 32.11 32.11\" preserveAspectRatio=\"xMinYMid\"><defs><style>.37 f4e6a42-6e24-4a43-8b6f-bd742c77beb5{fill:#e79400;}<\/style><\/defs><title>WITTE_ICONS<\/title><path class=\"7f4e6a42-6e24-4a43-8b6f-bd742c77beb5\" d=\"M28.36,0H3.75A3.75,3.75,0,0,0,0,3.75V28.36a3.75,3.75,0,0,0,3.75,3.75H28.36a3.75,3.75,0,0,0,3.75-3.75V3.75A3.75,3.75,0,0,0,28.36,0ZM31,28.36A2.68,2.68,0,0,1,28.36,31H3.75a2.68,2.68,0,0,1-2.67-2.67V3.75A2.68,2.68,0,0,1,3.75,1.08H28.36A2.68,2.68,0,0,1,31,3.75Z\"\/><path class=\"7f4e6a42-6e24-4a43-8b6f-bd742c77beb5\" d=\"M15.45,20.49a2,2,0,1,0,2,2A2,2,0,0,0,15.45,20.49Zm0,3a1,1,0,1,1,1-1A1,1,0,0,1,15.45,23.49Z\"\/><path class=\"7f4e6a42-6e24-4a43-8b6f-bd742c77beb5\" d=\"M27.33,12.64H20.82a.11.11,0,0,0-.11.11v.82a.11.11,0,0,0,.11.11h.71V22H20.41a7.74,7.74,0,0,0,.23-1.88,8.13,8.13,0,0,0-5.06-7.51V6.85a1.51,1.51,0,0,0-.5-2.94H10a1.51,1.51,0,0,0-.5,2.94V12.6A8.1,8.1,0,1,0,20.09,23h1.44v2.74a2.55,2.55,0,0,0,5.1,0V13.68h.7a.11.11,0,0,0,.11-.11v-.82A.11.11,0,0,0,27.33,12.64ZM22.56,20V13.68h3V20Zm1.52,7.32a1.52,1.52,0,0,1-1.52-1.51V21h3v4.77A1.52,1.52,0,0,1,24.08,27.28ZM10,4.92h5.07a.5.5,0,0,1,.5.5.51.51,0,0,1-.5.51H10a.5.5,0,0,1-.5-.51A.5.5,0,0,1,10,4.92Zm.17,8.51a.51.51,0,0,0,.34-.48v-6h4.05v6a.5.5,0,0,0,.34.48,7.12,7.12,0,0,1,3.44,2.63H6.74A7.12,7.12,0,0,1,10.18,13.43Zm2.36,13.76A7.07,7.07,0,0,1,6.15,17.07H18.93a7,7,0,0,1,.7,3A7.1,7.1,0,0,1,12.54,27.19Z\"\/><\/svg>\n<\/i>\n                <\/div><!-- \/.service__icon -->\n                <h4 class=\"service__title\">Compounding<\/h4>\n                <p class=\"service__desc\">Gear pumps for compounding.<\/p>\n                <!--<a href=\"#\" class=\"btn btn__secondary btn__link\">\n                  <i class=\"icon-arrow-right arrow-rounded\"><\/i>\n                  <span>Read More<\/span>\n                <\/a>-->\n              <\/div><!-- \/.service-content -->\n            <\/div>\n\n\n\n<div style=\"height:30px\" aria-hidden=\"true\" class=\"wp-block-spacer\"><\/div>\n\n\n\n<p><\/p>\n","protected":false},"excerpt":{"rendered":"<p>Zahnradpumpen zur Druckerh\u00f6hung Die zuverl\u00e4ssige Druckerh\u00f6hungspumpe f\u00fcr den Polymerprozess. BOOSTER-Zahnradpumpen von WITTE werden im Polymerisationsprozess [&hellip;]<\/p>\n","protected":false},"author":1,"featured_media":325,"parent":298,"menu_order":0,"comment_status":"closed","ping_status":"closed","template":"kg_products_template.php","meta":{"pgc_sgb_lightbox_settings":"","footnotes":""},"categories":[24],"tags":[],"class_list":["post-324","page","type-page","status-publish","has-post-thumbnail","hentry","category-witte-zahnradpumpen"],"yoast_head":"<!-- This site is optimized with the Yoast SEO plugin v27.1.1 - https:\/\/yoast.com\/product\/yoast-seo-wordpress\/ -->\n<title>Boosterpumpen [BOOSTER] - CORONA Serwis<\/title>\n<meta name=\"description\" content=\"Specialized pumps for increasing pressure in polymerization, transporting PET, PBT, PS, ABS, and more. Achieve gentle transportation of prepolymers and polymers with efficient heating via heat transfer oil or steam.\" \/>\n<meta name=\"robots\" content=\"index, follow, max-snippet:-1, max-image-preview:large, max-video-preview:-1\" \/>\n<link rel=\"canonical\" href=\"https:\/\/corona1.eu\/de\/witte-zahnradpumpen\/boosterpumpen-booster\/\" \/>\n<meta property=\"og:locale\" content=\"de_DE\" \/>\n<meta property=\"og:type\" content=\"article\" \/>\n<meta property=\"og:title\" content=\"Boosterpumpen [BOOSTER] - CORONA Serwis\" \/>\n<meta property=\"og:description\" content=\"Specialized pumps for increasing pressure in polymerization, transporting PET, PBT, PS, ABS, and more. Achieve gentle transportation of prepolymers and polymers with efficient heating via heat transfer oil or steam.\" \/>\n<meta property=\"og:url\" content=\"https:\/\/corona1.eu\/de\/witte-zahnradpumpen\/boosterpumpen-booster\/\" \/>\n<meta property=\"og:site_name\" content=\"CORONA Serwis\" \/>\n<meta property=\"article:modified_time\" content=\"2025-04-11T10:34:09+00:00\" \/>\n<meta property=\"og:image\" content=\"https:\/\/corona1.eu\/de\/wp-content\/uploads\/2025\/04\/csm_2.1.1.5-Boosterpumpen-BOOSTER-_DS__ca49d04ba6-e1707467044668.png\" \/>\n\t<meta property=\"og:image:width\" content=\"460\" \/>\n\t<meta property=\"og:image:height\" content=\"460\" \/>\n\t<meta property=\"og:image:type\" content=\"image\/png\" \/>\n<meta name=\"twitter:card\" content=\"summary_large_image\" \/>\n<meta name=\"twitter:label1\" content=\"Gesch\u00e4tzte Lesezeit\" \/>\n\t<meta name=\"twitter:data1\" content=\"2\u00a0Minuten\" \/>\n<script type=\"application\/ld+json\" class=\"yoast-schema-graph\">{\"@context\":\"https:\/\/schema.org\",\"@graph\":[{\"@type\":\"WebPage\",\"@id\":\"https:\/\/corona1.eu\/de\/witte-zahnradpumpen\/boosterpumpen-booster\/\",\"url\":\"https:\/\/corona1.eu\/de\/witte-zahnradpumpen\/boosterpumpen-booster\/\",\"name\":\"Boosterpumpen [BOOSTER] - CORONA Serwis\",\"isPartOf\":{\"@id\":\"https:\/\/corona1.eu\/de\/#website\"},\"primaryImageOfPage\":{\"@id\":\"https:\/\/corona1.eu\/de\/witte-zahnradpumpen\/boosterpumpen-booster\/#primaryimage\"},\"image\":{\"@id\":\"https:\/\/corona1.eu\/de\/witte-zahnradpumpen\/boosterpumpen-booster\/#primaryimage\"},\"thumbnailUrl\":\"https:\/\/corona1.eu\/de\/wp-content\/uploads\/2025\/04\/csm_2.1.1.5-Boosterpumpen-BOOSTER-_DS__ca49d04ba6-e1707467044668.png\",\"datePublished\":\"2025-04-11T09:08:07+00:00\",\"dateModified\":\"2025-04-11T10:34:09+00:00\",\"description\":\"Specialized pumps for increasing pressure in polymerization, transporting PET, PBT, PS, ABS, and more. Achieve gentle transportation of prepolymers and polymers with efficient heating via heat transfer oil or steam.\",\"breadcrumb\":{\"@id\":\"https:\/\/corona1.eu\/de\/witte-zahnradpumpen\/boosterpumpen-booster\/#breadcrumb\"},\"inLanguage\":\"de\",\"potentialAction\":[{\"@type\":\"ReadAction\",\"target\":[\"https:\/\/corona1.eu\/de\/witte-zahnradpumpen\/boosterpumpen-booster\/\"]}]},{\"@type\":\"ImageObject\",\"inLanguage\":\"de\",\"@id\":\"https:\/\/corona1.eu\/de\/witte-zahnradpumpen\/boosterpumpen-booster\/#primaryimage\",\"url\":\"https:\/\/corona1.eu\/de\/wp-content\/uploads\/2025\/04\/csm_2.1.1.5-Boosterpumpen-BOOSTER-_DS__ca49d04ba6-e1707467044668.png\",\"contentUrl\":\"https:\/\/corona1.eu\/de\/wp-content\/uploads\/2025\/04\/csm_2.1.1.5-Boosterpumpen-BOOSTER-_DS__ca49d04ba6-e1707467044668.png\",\"width\":460,\"height\":460},{\"@type\":\"BreadcrumbList\",\"@id\":\"https:\/\/corona1.eu\/de\/witte-zahnradpumpen\/boosterpumpen-booster\/#breadcrumb\",\"itemListElement\":[{\"@type\":\"ListItem\",\"position\":1,\"name\":\"Startseite\",\"item\":\"https:\/\/corona1.eu\/de\/\"},{\"@type\":\"ListItem\",\"position\":2,\"name\":\"WITTE Zahnradpumpen\",\"item\":\"https:\/\/corona1.eu\/de\/witte-zahnradpumpen\/\"},{\"@type\":\"ListItem\",\"position\":3,\"name\":\"Boosterpumpen [BOOSTER]\"}]},{\"@type\":\"WebSite\",\"@id\":\"https:\/\/corona1.eu\/de\/#website\",\"url\":\"https:\/\/corona1.eu\/de\/\",\"name\":\"CORONA Serwis\",\"description\":\"\",\"potentialAction\":[{\"@type\":\"SearchAction\",\"target\":{\"@type\":\"EntryPoint\",\"urlTemplate\":\"https:\/\/corona1.eu\/de\/?s={search_term_string}\"},\"query-input\":{\"@type\":\"PropertyValueSpecification\",\"valueRequired\":true,\"valueName\":\"search_term_string\"}}],\"inLanguage\":\"de\"}]}<\/script>\n<!-- \/ Yoast SEO plugin. -->","yoast_head_json":{"title":"Boosterpumpen [BOOSTER] - CORONA Serwis","description":"Specialized pumps for increasing pressure in polymerization, transporting PET, PBT, PS, ABS, and more. Achieve gentle transportation of prepolymers and polymers with efficient heating via heat transfer oil or steam.","robots":{"index":"index","follow":"follow","max-snippet":"max-snippet:-1","max-image-preview":"max-image-preview:large","max-video-preview":"max-video-preview:-1"},"canonical":"https:\/\/corona1.eu\/de\/witte-zahnradpumpen\/boosterpumpen-booster\/","og_locale":"de_DE","og_type":"article","og_title":"Boosterpumpen [BOOSTER] - CORONA Serwis","og_description":"Specialized pumps for increasing pressure in polymerization, transporting PET, PBT, PS, ABS, and more. Achieve gentle transportation of prepolymers and polymers with efficient heating via heat transfer oil or steam.","og_url":"https:\/\/corona1.eu\/de\/witte-zahnradpumpen\/boosterpumpen-booster\/","og_site_name":"CORONA Serwis","article_modified_time":"2025-04-11T10:34:09+00:00","og_image":[{"width":460,"height":460,"url":"https:\/\/corona1.eu\/de\/wp-content\/uploads\/2025\/04\/csm_2.1.1.5-Boosterpumpen-BOOSTER-_DS__ca49d04ba6-e1707467044668.png","type":"image\/png"}],"twitter_card":"summary_large_image","twitter_misc":{"Gesch\u00e4tzte Lesezeit":"2\u00a0Minuten"},"schema":{"@context":"https:\/\/schema.org","@graph":[{"@type":"WebPage","@id":"https:\/\/corona1.eu\/de\/witte-zahnradpumpen\/boosterpumpen-booster\/","url":"https:\/\/corona1.eu\/de\/witte-zahnradpumpen\/boosterpumpen-booster\/","name":"Boosterpumpen [BOOSTER] - CORONA Serwis","isPartOf":{"@id":"https:\/\/corona1.eu\/de\/#website"},"primaryImageOfPage":{"@id":"https:\/\/corona1.eu\/de\/witte-zahnradpumpen\/boosterpumpen-booster\/#primaryimage"},"image":{"@id":"https:\/\/corona1.eu\/de\/witte-zahnradpumpen\/boosterpumpen-booster\/#primaryimage"},"thumbnailUrl":"https:\/\/corona1.eu\/de\/wp-content\/uploads\/2025\/04\/csm_2.1.1.5-Boosterpumpen-BOOSTER-_DS__ca49d04ba6-e1707467044668.png","datePublished":"2025-04-11T09:08:07+00:00","dateModified":"2025-04-11T10:34:09+00:00","description":"Specialized pumps for increasing pressure in polymerization, transporting PET, PBT, PS, ABS, and more. Achieve gentle transportation of prepolymers and polymers with efficient heating via heat transfer oil or steam.","breadcrumb":{"@id":"https:\/\/corona1.eu\/de\/witte-zahnradpumpen\/boosterpumpen-booster\/#breadcrumb"},"inLanguage":"de","potentialAction":[{"@type":"ReadAction","target":["https:\/\/corona1.eu\/de\/witte-zahnradpumpen\/boosterpumpen-booster\/"]}]},{"@type":"ImageObject","inLanguage":"de","@id":"https:\/\/corona1.eu\/de\/witte-zahnradpumpen\/boosterpumpen-booster\/#primaryimage","url":"https:\/\/corona1.eu\/de\/wp-content\/uploads\/2025\/04\/csm_2.1.1.5-Boosterpumpen-BOOSTER-_DS__ca49d04ba6-e1707467044668.png","contentUrl":"https:\/\/corona1.eu\/de\/wp-content\/uploads\/2025\/04\/csm_2.1.1.5-Boosterpumpen-BOOSTER-_DS__ca49d04ba6-e1707467044668.png","width":460,"height":460},{"@type":"BreadcrumbList","@id":"https:\/\/corona1.eu\/de\/witte-zahnradpumpen\/boosterpumpen-booster\/#breadcrumb","itemListElement":[{"@type":"ListItem","position":1,"name":"Startseite","item":"https:\/\/corona1.eu\/de\/"},{"@type":"ListItem","position":2,"name":"WITTE Zahnradpumpen","item":"https:\/\/corona1.eu\/de\/witte-zahnradpumpen\/"},{"@type":"ListItem","position":3,"name":"Boosterpumpen [BOOSTER]"}]},{"@type":"WebSite","@id":"https:\/\/corona1.eu\/de\/#website","url":"https:\/\/corona1.eu\/de\/","name":"CORONA Serwis","description":"","potentialAction":[{"@type":"SearchAction","target":{"@type":"EntryPoint","urlTemplate":"https:\/\/corona1.eu\/de\/?s={search_term_string}"},"query-input":{"@type":"PropertyValueSpecification","valueRequired":true,"valueName":"search_term_string"}}],"inLanguage":"de"}]}},"_links":{"self":[{"href":"https:\/\/corona1.eu\/de\/wp-json\/wp\/v2\/pages\/324","targetHints":{"allow":["GET"]}}],"collection":[{"href":"https:\/\/corona1.eu\/de\/wp-json\/wp\/v2\/pages"}],"about":[{"href":"https:\/\/corona1.eu\/de\/wp-json\/wp\/v2\/types\/page"}],"author":[{"embeddable":true,"href":"https:\/\/corona1.eu\/de\/wp-json\/wp\/v2\/users\/1"}],"replies":[{"embeddable":true,"href":"https:\/\/corona1.eu\/de\/wp-json\/wp\/v2\/comments?post=324"}],"version-history":[{"count":4,"href":"https:\/\/corona1.eu\/de\/wp-json\/wp\/v2\/pages\/324\/revisions"}],"predecessor-version":[{"id":346,"href":"https:\/\/corona1.eu\/de\/wp-json\/wp\/v2\/pages\/324\/revisions\/346"}],"up":[{"embeddable":true,"href":"https:\/\/corona1.eu\/de\/wp-json\/wp\/v2\/pages\/298"}],"wp:featuredmedia":[{"embeddable":true,"href":"https:\/\/corona1.eu\/de\/wp-json\/wp\/v2\/media\/325"}],"wp:attachment":[{"href":"https:\/\/corona1.eu\/de\/wp-json\/wp\/v2\/media?parent=324"}],"wp:term":[{"taxonomy":"category","embeddable":true,"href":"https:\/\/corona1.eu\/de\/wp-json\/wp\/v2\/categories?post=324"},{"taxonomy":"post_tag","embeddable":true,"href":"https:\/\/corona1.eu\/de\/wp-json\/wp\/v2\/tags?post=324"}],"curies":[{"name":"wp","href":"https:\/\/api.w.org\/{rel}","templated":true}]}}