{"id":312,"date":"2025-04-10T14:51:21","date_gmt":"2025-04-10T12:51:21","guid":{"rendered":"https:\/\/corona1.eu\/de\/?page_id=312"},"modified":"2025-04-10T14:53:29","modified_gmt":"2025-04-10T12:53:29","slug":"saeurebestaendige-pumpe-dcp","status":"publish","type":"page","link":"https:\/\/corona1.eu\/de\/dudek-pumpen-zahnradpumpen\/saeurebestaendige-pumpe-dcp\/","title":{"rendered":"S\u00e4urebest\u00e4ndige Pumpe DCP"},"content":{"rendered":"\n<h2 class=\"wp-block-heading\">Dudek s\u00e4urebest\u00e4ndige Pumpe f\u00fcr chemische Anwendungen<\/h2>\n\n\n\n<p><strong>1. Merkmale<\/strong><\/p>\n\n\n\n<p>DCP-Zahnradpumpen, die in der Verfahrenstechnik eingesetzt werden, sind ideal f\u00fcr die F\u00f6rderung von schweren viskosen Medien.<\/p>\n\n\n\n<p><strong>2. Konstruktion<\/strong><\/p>\n\n\n\n<p>Die Pumpen der Serie DCP werden standardm\u00e4\u00dfig aus Gusseisen hergestellt, f\u00fcr korrosive Medien ist es jedoch m\u00f6glich, die Pumpe aus massivem s\u00e4urebest\u00e4ndigem Stahl zu fertigen.<\/p>\n\n\n\n<p><strong>3. Verwendungszweck<\/strong><\/p>\n\n\n\n<p>Unsere Pumpen werden in einem breiten Spektrum von industriellen Anwendungen eingesetzt. Sie sind ideal f\u00fcr schwere chemische Medien sowie f\u00fcr Lebensmittel-, Pharma- und Kosmetikanwendungen.<\/p>\n\n\n\n<p><strong>4. Vorteile<\/strong><\/p>\n\n\n\n<p>Die Leistung unserer Pumpen ist proportional zu den jeweiligen Drehzahlen, aber abh\u00e4ngig von Differenzdruck, Drehzahlniveau und Viskosit\u00e4t.<\/p>\n\n\n\n<hr class=\"wp-block-separator has-alpha-channel-opacity\"\/>\n\n\n\n<p><strong>DCP<\/strong>s sind solide Edelstahlzahnradpumpen f\u00fcr anspruchsvolle Anwendungen in der Chemie-, Pharma-, Kosmetik- und Lebensmittelindustrie. Die gro\u00dfe Abstufung, die konstruktive Auslegung, verschiedene Dichtungssysteme und Werkstoffkombinationen machen die Pumpe f\u00fcr ein sehr breites Anwendungsspektrum geeignet. F\u00fcr nicht-korrosive Medien wird dieses Modell in Stahl und Gusseisen angeboten.<\/p>\n\n\n\n<h5 class=\"wp-block-heading\"><strong>DCP-G Zahnradpumpe<\/strong><\/h5>\n\n\n\n<p>DUDEK Zahnradpumpen k\u00f6nnen mit drei verschiedenen Dichtungssystemen hergestellt werden:<\/p>\n\n\n\n<ul class=\"wp-block-list\">\n<li><strong>DCP-EIG-Pumpe<\/strong>: einfache, interne Gleitringdichtung;<\/li>\n\n\n\n<li><strong>DCP-EAG-Pumpe<\/strong>: einfache, externe Gleitringdichtung;<\/li>\n\n\n\n<li><strong>DCP-DG-Pumpe<\/strong>: doppelte Gleitringdichtung.<\/li>\n<\/ul>\n\n\n\n<p><\/p>\n\n\n\n<h5 class=\"wp-block-heading\"><strong>DCP-MD<\/strong> <strong>Zahnradpumpe<\/strong><\/h5>\n\n\n\n<p><strong>DUDEK-Zahnradpumpen<\/strong> mit Magnetkupplung sind f\u00fcr den Einsatz in f\u00fcr Mensch und Umwelt gef\u00e4hrlichen Medien geeignet. Sie werden vor allem dort eingesetzt, wo Gleitringdichtungen ungeeignet oder kostspielig sind.<\/p>\n\n\n\n<h5 class=\"wp-block-heading\"><strong>DCP-H Zahnradpumpe<\/strong><\/h5>\n\n\n\n<p>Die Pumpen der Baureihe DCP k\u00f6nnen optional mit einem beheizten Geh\u00e4use geliefert werden:<\/p>\n\n\n\n<ul class=\"wp-block-list\">\n<li><strong>DCP-H<\/strong>: mit elektrischer Geh\u00e4useheizung (4 Heizeins\u00e4tze im Geh\u00e4use);<\/li>\n\n\n\n<li><strong>DCP-FH<\/strong>: mit Fl\u00fcssigkeits- oder Dampfheizung aus Aluminiumplatten, die den oberen und unteren Teil der Pumpe beheizen..<\/li>\n<\/ul>\n\n\n\n<p><\/p>\n\n\n\n<h5 class=\"wp-block-heading\"><strong>DCP-V Zahnradpumpe<\/strong><\/h5>\n\n\n\n<p>Als Option k\u00f6nnen die Pumpen der DCP-Reihe mit einem Bypassventil geliefert werden. Ein solches Ventil sch\u00fctzt die Pumpe vor \u00fcberm\u00e4\u00dfigen Druckst\u00f6\u00dfen.<\/p>\n","protected":false},"excerpt":{"rendered":"<p>Dudek s\u00e4urebest\u00e4ndige Pumpe f\u00fcr chemische Anwendungen 1. Merkmale DCP-Zahnradpumpen, die in der Verfahrenstechnik eingesetzt werden, [&hellip;]<\/p>\n","protected":false},"author":1,"featured_media":313,"parent":305,"menu_order":0,"comment_status":"closed","ping_status":"closed","template":"kg_products_template.php","meta":{"pgc_sgb_lightbox_settings":"","footnotes":""},"categories":[25],"tags":[],"class_list":["post-312","page","type-page","status-publish","has-post-thumbnail","hentry","category-dudek-pumpen-zahnradpumpen"],"yoast_head":"<!-- This site is optimized with the Yoast SEO plugin v27.1.1 - https:\/\/yoast.com\/product\/yoast-seo-wordpress\/ -->\n<title>S\u00e4urebest\u00e4ndige Pumpe DCP - CORONA Serwis<\/title>\n<meta name=\"robots\" content=\"index, follow, max-snippet:-1, max-image-preview:large, max-video-preview:-1\" \/>\n<link rel=\"canonical\" href=\"https:\/\/corona1.eu\/de\/dudek-pumpen-zahnradpumpen\/saeurebestaendige-pumpe-dcp\/\" \/>\n<meta property=\"og:locale\" content=\"de_DE\" \/>\n<meta property=\"og:type\" content=\"article\" \/>\n<meta property=\"og:title\" content=\"S\u00e4urebest\u00e4ndige Pumpe DCP - CORONA Serwis\" \/>\n<meta property=\"og:description\" content=\"Dudek s\u00e4urebest\u00e4ndige Pumpe f\u00fcr chemische Anwendungen 1. Merkmale DCP-Zahnradpumpen, die in der Verfahrenstechnik eingesetzt werden, [&hellip;]\" \/>\n<meta property=\"og:url\" content=\"https:\/\/corona1.eu\/de\/dudek-pumpen-zahnradpumpen\/saeurebestaendige-pumpe-dcp\/\" \/>\n<meta property=\"og:site_name\" content=\"CORONA Serwis\" \/>\n<meta property=\"article:modified_time\" content=\"2025-04-10T12:53:29+00:00\" \/>\n<meta property=\"og:image\" content=\"https:\/\/corona1.eu\/de\/wp-content\/uploads\/2025\/04\/pompa_dudek.jpg\" \/>\n\t<meta property=\"og:image:width\" content=\"900\" \/>\n\t<meta property=\"og:image:height\" content=\"900\" \/>\n\t<meta property=\"og:image:type\" content=\"image\/jpeg\" \/>\n<meta name=\"twitter:card\" content=\"summary_large_image\" \/>\n<meta name=\"twitter:label1\" content=\"Gesch\u00e4tzte Lesezeit\" \/>\n\t<meta name=\"twitter:data1\" content=\"2\u00a0Minuten\" \/>\n<script type=\"application\/ld+json\" class=\"yoast-schema-graph\">{\"@context\":\"https:\/\/schema.org\",\"@graph\":[{\"@type\":\"WebPage\",\"@id\":\"https:\/\/corona1.eu\/de\/dudek-pumpen-zahnradpumpen\/saeurebestaendige-pumpe-dcp\/\",\"url\":\"https:\/\/corona1.eu\/de\/dudek-pumpen-zahnradpumpen\/saeurebestaendige-pumpe-dcp\/\",\"name\":\"S\u00e4urebest\u00e4ndige Pumpe DCP - CORONA Serwis\",\"isPartOf\":{\"@id\":\"https:\/\/corona1.eu\/de\/#website\"},\"primaryImageOfPage\":{\"@id\":\"https:\/\/corona1.eu\/de\/dudek-pumpen-zahnradpumpen\/saeurebestaendige-pumpe-dcp\/#primaryimage\"},\"image\":{\"@id\":\"https:\/\/corona1.eu\/de\/dudek-pumpen-zahnradpumpen\/saeurebestaendige-pumpe-dcp\/#primaryimage\"},\"thumbnailUrl\":\"https:\/\/corona1.eu\/de\/wp-content\/uploads\/2025\/04\/pompa_dudek.jpg\",\"datePublished\":\"2025-04-10T12:51:21+00:00\",\"dateModified\":\"2025-04-10T12:53:29+00:00\",\"breadcrumb\":{\"@id\":\"https:\/\/corona1.eu\/de\/dudek-pumpen-zahnradpumpen\/saeurebestaendige-pumpe-dcp\/#breadcrumb\"},\"inLanguage\":\"de\",\"potentialAction\":[{\"@type\":\"ReadAction\",\"target\":[\"https:\/\/corona1.eu\/de\/dudek-pumpen-zahnradpumpen\/saeurebestaendige-pumpe-dcp\/\"]}]},{\"@type\":\"ImageObject\",\"inLanguage\":\"de\",\"@id\":\"https:\/\/corona1.eu\/de\/dudek-pumpen-zahnradpumpen\/saeurebestaendige-pumpe-dcp\/#primaryimage\",\"url\":\"https:\/\/corona1.eu\/de\/wp-content\/uploads\/2025\/04\/pompa_dudek.jpg\",\"contentUrl\":\"https:\/\/corona1.eu\/de\/wp-content\/uploads\/2025\/04\/pompa_dudek.jpg\",\"width\":900,\"height\":900},{\"@type\":\"BreadcrumbList\",\"@id\":\"https:\/\/corona1.eu\/de\/dudek-pumpen-zahnradpumpen\/saeurebestaendige-pumpe-dcp\/#breadcrumb\",\"itemListElement\":[{\"@type\":\"ListItem\",\"position\":1,\"name\":\"Startseite\",\"item\":\"https:\/\/corona1.eu\/de\/\"},{\"@type\":\"ListItem\",\"position\":2,\"name\":\"Dudek-Pumpen Zahnradpumpen\",\"item\":\"https:\/\/corona1.eu\/de\/dudek-pumpen-zahnradpumpen\/\"},{\"@type\":\"ListItem\",\"position\":3,\"name\":\"S\u00e4urebest\u00e4ndige Pumpe DCP\"}]},{\"@type\":\"WebSite\",\"@id\":\"https:\/\/corona1.eu\/de\/#website\",\"url\":\"https:\/\/corona1.eu\/de\/\",\"name\":\"CORONA Serwis\",\"description\":\"\",\"potentialAction\":[{\"@type\":\"SearchAction\",\"target\":{\"@type\":\"EntryPoint\",\"urlTemplate\":\"https:\/\/corona1.eu\/de\/?s={search_term_string}\"},\"query-input\":{\"@type\":\"PropertyValueSpecification\",\"valueRequired\":true,\"valueName\":\"search_term_string\"}}],\"inLanguage\":\"de\"}]}<\/script>\n<!-- \/ Yoast SEO plugin. -->","yoast_head_json":{"title":"S\u00e4urebest\u00e4ndige Pumpe DCP - CORONA Serwis","robots":{"index":"index","follow":"follow","max-snippet":"max-snippet:-1","max-image-preview":"max-image-preview:large","max-video-preview":"max-video-preview:-1"},"canonical":"https:\/\/corona1.eu\/de\/dudek-pumpen-zahnradpumpen\/saeurebestaendige-pumpe-dcp\/","og_locale":"de_DE","og_type":"article","og_title":"S\u00e4urebest\u00e4ndige Pumpe DCP - CORONA Serwis","og_description":"Dudek s\u00e4urebest\u00e4ndige Pumpe f\u00fcr chemische Anwendungen 1. Merkmale DCP-Zahnradpumpen, die in der Verfahrenstechnik eingesetzt werden, [&hellip;]","og_url":"https:\/\/corona1.eu\/de\/dudek-pumpen-zahnradpumpen\/saeurebestaendige-pumpe-dcp\/","og_site_name":"CORONA Serwis","article_modified_time":"2025-04-10T12:53:29+00:00","og_image":[{"width":900,"height":900,"url":"https:\/\/corona1.eu\/de\/wp-content\/uploads\/2025\/04\/pompa_dudek.jpg","type":"image\/jpeg"}],"twitter_card":"summary_large_image","twitter_misc":{"Gesch\u00e4tzte Lesezeit":"2\u00a0Minuten"},"schema":{"@context":"https:\/\/schema.org","@graph":[{"@type":"WebPage","@id":"https:\/\/corona1.eu\/de\/dudek-pumpen-zahnradpumpen\/saeurebestaendige-pumpe-dcp\/","url":"https:\/\/corona1.eu\/de\/dudek-pumpen-zahnradpumpen\/saeurebestaendige-pumpe-dcp\/","name":"S\u00e4urebest\u00e4ndige Pumpe DCP - CORONA Serwis","isPartOf":{"@id":"https:\/\/corona1.eu\/de\/#website"},"primaryImageOfPage":{"@id":"https:\/\/corona1.eu\/de\/dudek-pumpen-zahnradpumpen\/saeurebestaendige-pumpe-dcp\/#primaryimage"},"image":{"@id":"https:\/\/corona1.eu\/de\/dudek-pumpen-zahnradpumpen\/saeurebestaendige-pumpe-dcp\/#primaryimage"},"thumbnailUrl":"https:\/\/corona1.eu\/de\/wp-content\/uploads\/2025\/04\/pompa_dudek.jpg","datePublished":"2025-04-10T12:51:21+00:00","dateModified":"2025-04-10T12:53:29+00:00","breadcrumb":{"@id":"https:\/\/corona1.eu\/de\/dudek-pumpen-zahnradpumpen\/saeurebestaendige-pumpe-dcp\/#breadcrumb"},"inLanguage":"de","potentialAction":[{"@type":"ReadAction","target":["https:\/\/corona1.eu\/de\/dudek-pumpen-zahnradpumpen\/saeurebestaendige-pumpe-dcp\/"]}]},{"@type":"ImageObject","inLanguage":"de","@id":"https:\/\/corona1.eu\/de\/dudek-pumpen-zahnradpumpen\/saeurebestaendige-pumpe-dcp\/#primaryimage","url":"https:\/\/corona1.eu\/de\/wp-content\/uploads\/2025\/04\/pompa_dudek.jpg","contentUrl":"https:\/\/corona1.eu\/de\/wp-content\/uploads\/2025\/04\/pompa_dudek.jpg","width":900,"height":900},{"@type":"BreadcrumbList","@id":"https:\/\/corona1.eu\/de\/dudek-pumpen-zahnradpumpen\/saeurebestaendige-pumpe-dcp\/#breadcrumb","itemListElement":[{"@type":"ListItem","position":1,"name":"Startseite","item":"https:\/\/corona1.eu\/de\/"},{"@type":"ListItem","position":2,"name":"Dudek-Pumpen Zahnradpumpen","item":"https:\/\/corona1.eu\/de\/dudek-pumpen-zahnradpumpen\/"},{"@type":"ListItem","position":3,"name":"S\u00e4urebest\u00e4ndige Pumpe DCP"}]},{"@type":"WebSite","@id":"https:\/\/corona1.eu\/de\/#website","url":"https:\/\/corona1.eu\/de\/","name":"CORONA Serwis","description":"","potentialAction":[{"@type":"SearchAction","target":{"@type":"EntryPoint","urlTemplate":"https:\/\/corona1.eu\/de\/?s={search_term_string}"},"query-input":{"@type":"PropertyValueSpecification","valueRequired":true,"valueName":"search_term_string"}}],"inLanguage":"de"}]}},"_links":{"self":[{"href":"https:\/\/corona1.eu\/de\/wp-json\/wp\/v2\/pages\/312","targetHints":{"allow":["GET"]}}],"collection":[{"href":"https:\/\/corona1.eu\/de\/wp-json\/wp\/v2\/pages"}],"about":[{"href":"https:\/\/corona1.eu\/de\/wp-json\/wp\/v2\/types\/page"}],"author":[{"embeddable":true,"href":"https:\/\/corona1.eu\/de\/wp-json\/wp\/v2\/users\/1"}],"replies":[{"embeddable":true,"href":"https:\/\/corona1.eu\/de\/wp-json\/wp\/v2\/comments?post=312"}],"version-history":[{"count":3,"href":"https:\/\/corona1.eu\/de\/wp-json\/wp\/v2\/pages\/312\/revisions"}],"predecessor-version":[{"id":316,"href":"https:\/\/corona1.eu\/de\/wp-json\/wp\/v2\/pages\/312\/revisions\/316"}],"up":[{"embeddable":true,"href":"https:\/\/corona1.eu\/de\/wp-json\/wp\/v2\/pages\/305"}],"wp:featuredmedia":[{"embeddable":true,"href":"https:\/\/corona1.eu\/de\/wp-json\/wp\/v2\/media\/313"}],"wp:attachment":[{"href":"https:\/\/corona1.eu\/de\/wp-json\/wp\/v2\/media?parent=312"}],"wp:term":[{"taxonomy":"category","embeddable":true,"href":"https:\/\/corona1.eu\/de\/wp-json\/wp\/v2\/categories?post=312"},{"taxonomy":"post_tag","embeddable":true,"href":"https:\/\/corona1.eu\/de\/wp-json\/wp\/v2\/tags?post=312"}],"curies":[{"name":"wp","href":"https:\/\/api.w.org\/{rel}","templated":true}]}}