{"id":305,"date":"2025-04-10T13:47:39","date_gmt":"2025-04-10T11:47:39","guid":{"rendered":"https:\/\/corona1.eu\/de\/?page_id=305"},"modified":"2025-11-04T12:52:52","modified_gmt":"2025-11-04T11:52:52","slug":"dudek-pumpen-zahnradpumpen","status":"publish","type":"page","link":"https:\/\/corona1.eu\/de\/dudek-pumpen-zahnradpumpen\/","title":{"rendered":"Dudek-Pumpen Zahnradpumpen"},"content":{"rendered":"\n<h2 class=\"wp-block-heading\">Industrielle Pumpen<\/h2>\n\n\n\n<p>Eine Industriepumpe ist eine Pumpe zum F\u00f6rdern von dichten und viskosen Medien in verschiedenen industriellen Anwendungen. Industrie &#8211; Zahnradpumpen zeichnen sich durch einen pulsationsfreien und pr\u00e4zisen Durchfluss aus, wodurch sie sich ideal f\u00fcr Anwendungen eignen, die eine genaue Dosierung erfordern.<\/p>\n\n\n\n<!--<a href=\"#refresh\" class=\"btn btn__secondary btn__link pt-3\">\n   <i class=\"icon-arrow-right arrow-rounded\"><\/i>\n   <span>Zum Pumpenauswahlblatt<\/span>\n<\/a>-->\n<a href=\"#pompy\" class=\"btn btn__secondary btn__link pt-3 pl-3\">\n   <i class=\"icon-arrow-right arrow-rounded\"><\/i>\n   <span>Siehe unsere Industriepumpen<\/span>\n<\/a>\n\n\n\n<div style=\"height:40px\" aria-hidden=\"true\" class=\"wp-block-spacer\"><\/div>\n\n\n\n<h2 class=\"wp-block-heading\">Wo setzen wir Zahnradpumpen ein?<\/h2>\n\n\n\n<p><strong>Industriepumpen<\/strong> sind ideal f\u00fcr die F\u00f6rderung von dichten und viskosen Fl\u00fcssigkeiten, z. B. bei Pumpanwendungen:<\/p>\n\n\n\n<ul class=\"wp-block-list\">\n<li>\u00d6l,<\/li>\n\n\n\n<li>Emulsion,<\/li>\n\n\n\n<li>Fett,<\/li>\n\n\n\n<li>Asphalt,<\/li>\n\n\n\n<li>Wachs,<\/li>\n\n\n\n<li>Leim,<\/li>\n\n\n\n<li>Paraffin,<\/li>\n\n\n\n<li>Harze.<\/li>\n<\/ul>\n\n\n\n<p><\/p>\n\n\n\n<p>Sie eignen sich auch gut als Pumpen f\u00fcr Chemikalien oder S\u00e4ure. Sie werden auch sehr h\u00e4ufig als Lebensmittelpumpen f\u00fcr den Transport von fl\u00fcssiger Schokolade oder Melasse verwendet.<\/p>\n\n\n\n<div style=\"height:40px\" aria-hidden=\"true\" class=\"wp-block-spacer\"><\/div>\n\n\n\n<h2 class=\"wp-block-heading\">Zahnradpumpe &#8211; Funktionsprinzipien<\/h2>\n\n\n\n<p>Die Industriezahnradpumpe ist ein Ger\u00e4t von unkompliziertem, einfachem Aufbau. Im Inneren der Pumpe befinden sich zwei Wellen mit darauf montierten Zahnr\u00e4dern. Ein externer Antrieb setzt eine der Wellen in Bewegung &#8211; die so genannte Antriebswelle, die die andere Welle zum Drehen bringt. Zahnradpumpen haben die F\u00e4higkeit, Fl\u00fcssigkeit in die freien R\u00e4ume zwischen den Zahnr\u00e4dern zu saugen. Die Fl\u00fcssigkeit wird dann zwischen diesen R\u00e4umen und dem Pumpengeh\u00e4use transportiert &#8211; bis hin zum Pumpenauslass. Ein effizienter Betrieb des Aggregats wird durch die gute Passform aller Komponenten gew\u00e4hrleistet. Durch die kleinen Zwischenr\u00e4ume zwischen den Pumpenkomponenten wird die Fl\u00fcssigkeit von der Ansaug\u00f6ffnung zur Druck\u00f6ffnung gedr\u00fcckt.<\/p>\n\n\n\n<div style=\"height:40px\" aria-hidden=\"true\" class=\"wp-block-spacer\"><\/div>\n\n\n\n<h2 class=\"wp-block-heading\">Konstruktion der Zahnradpumpe<\/h2>\n\n\n\n<p>Die Zahnradpumpe besteht aus:<\/p>\n\n\n\n<ul class=\"wp-block-list\">\n<li>Wellen mit Zahnr\u00e4dern,<\/li>\n\n\n\n<li>Pumpenk\u00f6rper,<\/li>\n\n\n\n<li>Lager und Dichtungen.<\/li>\n<\/ul>\n\n\n\n<div style=\"height:40px\" aria-hidden=\"true\" class=\"wp-block-spacer\"><\/div>\n\n\n\n<h2 class=\"wp-block-heading\">Dudek Industriezahnradpumpen &#8211; Eigenschaften<\/h2>\n\n\n\n<p>Dank ihrer einfachen Konstruktion und Zuverl\u00e4ssigkeit sind Dudek-Pumpen ideal f\u00fcr fast alle Bereiche der Industrie. Je nach F\u00f6rdermedium k\u00f6nnen wir die Pumpen in verschiedenen Werkstoffausf\u00fchrungen liefern &#8211; von Gusseisen \u00fcber Schwarzstahl bis hin zu speziellen rost- und s\u00e4urebest\u00e4ndigen St\u00e4hlen. Dar\u00fcber hinaus sind unsere Aggregate in verschiedenen Wellenabdichtungsvarianten erh\u00e4ltlich &#8211; mit Schnurdichtungen oder Gleitringdichtungen. Ein weiterer Vorteil ist, dass die Pumpen mit einem speziellen Heizmantel sowie einer speziell ausgew\u00e4hlten elektrischen Heizung ausgestattet werden k\u00f6nnen, so dass die Aggregate auch Fl\u00fcssigkeiten f\u00f6rdern k\u00f6nnen, die bei Umgebungstemperatur zum Erstarren neigen. Die Zahnradpumpe kann auch mit einem einstellbaren Sicherheitsventil ausgestattet werden.<\/p>\n\n\n\n<div style=\"height:40px\" aria-hidden=\"true\" class=\"wp-block-spacer\"><\/div>\n\n\n\n<h2 class=\"wp-block-heading\">Wie w\u00e4hlen Sie eine Zahnradpumpe f\u00fcr Ihre Anwendung aus?<\/h2>\n\n\n\n<p><strong>Wir bieten auch Pumpen an, die in der ATEX-Zone arbeiten k\u00f6nnen (ATEX-Pumpe, EX-Pumpe)<\/strong><\/p>\n\n\n\n<p class=\"has-luminous-vivid-amber-color has-text-color\"><strong>Alle unsere Pumpen werden nach den geltenden Normen entwickelt und hergestellt.<\/strong><\/p>\n\n\n\n<p>Das deutsche Unternehmen Dudek-Pumpen mit Sitz in Hamburg stellt seit mehr als 75 Jahren Zahnradpumpen zum F\u00f6rdern von hochviskosen Fl\u00fcssigkeiten her. Eine so lange Existenz des Unternehmens ist eine solide Garantie f\u00fcr Qualit\u00e4t auf h\u00f6chstem Niveau.<\/p>\n\n\n\n<p>Um den effizienten Betrieb einer Pumpe f\u00fcr eine bestimmte industrielle Anwendung zu gew\u00e4hrleisten, ist es notwendig, alle technischen Parameter zu ber\u00fccksichtigen, um die effektivste L\u00f6sung zu w\u00e4hlen. Auf der Grundlage des von Ihnen ausgef\u00fcllten Pumpenauswahlbogens erstellen unsere Ingenieure ein technisches Angebot, das speziell auf Ihre industrielle Anwendung zugeschnitten ist.<\/p>\n\n\n\n<div style=\"height:40px\" aria-hidden=\"true\" class=\"wp-block-spacer\"><\/div>\n\n\n\n<div class=\"schema-faq wp-block-yoast-faq-block\"><div class=\"schema-faq-section\" id=\"faq-question-1688551181914\"><strong class=\"schema-faq-question\">Wesentliche Informationen auf dem Pumpenauswahlblatt<\/strong> <p class=\"schema-faq-answer\"><strong>Produkt\/Medium<\/strong> &#8211; dies sind Informationen \u00fcber die Fl\u00fcssigkeit, die von der Zahnradpumpe gepumpt werden soll.<br\/><strong>Viskosit\u00e4t und Dichte<\/strong> &#8211; diese Angaben sind u. a. f\u00fcr die richtige Auswahl des Werkstoffs und des Abstands zwischen den Z\u00e4hnen und dem Zahnradpumpengeh\u00e4use erforderlich.<br\/><strong>Temperatur des zu f\u00f6rdernden Mediums<\/strong> &#8211; dies ist die notwendige Information, um die geeignete Heizung oder K\u00fchlung der Pumpe zu bestimmen.<br\/><strong>Erforderliche Pumpenleistung<\/strong> &#8211; diese Informationen werden ben\u00f6tigt, um die geeignete Pumpengr\u00f6\u00dfe und Antriebs-\/Motorleistung zu bestimmen.<br\/><strong>Prozessdruck<\/strong> &#8211; dies ist die Information, die f\u00fcr die Auswahl des richtigen Pumpentyps ben\u00f6tigt wird. Es ist wichtig, den Differenzdruck zwischen dem Eingangs- und Ausgangsdruck der Pumpe zu bestimmen.<br\/><strong>Flanschanschl\u00fcsse<\/strong> &#8211; dies sind die Informationen, die f\u00fcr die Auswahl der richtigen Adapter f\u00fcr eine einfache Installation der Pumpe ben\u00f6tigt werden.<br\/><strong>EX-Ausf\u00fchrung<\/strong> &#8211; dies ist die Information, die ben\u00f6tigt wird, um festzustellen, ob die Zahnradpumpe in einer explosionsgef\u00e4hrdeten Zone (ATEX) arbeitet &#8211; damit das richtige Pumpenaggregat ausgew\u00e4hlt wird.<\/p> <\/div> <\/div>\n\n\n\n<div style=\"height:40px\" aria-hidden=\"true\" class=\"wp-block-spacer\"><\/div>\n\n\n\n<!--<form class=\"contact__form-panel\" id=\"refresh\" action=\"https:\/\/corona1.eu\/industrial_pump\/pdf_generate.php\" method=\"POST\">\n\t<p class=\"pb-3\">\n\t\t<b>Pumpenauswahlblatt.<\/b>\n\t\t<br><br>\n\t\t<i>(Pump selection sheet.)<\/i>\n\t<\/p>\n\t<div class=\"pt-3\" id=\"desc\">\n\t\t<h3><b>Kontaktinformationen:<\/b><br><i style=\"font-size: small;\">(Contact details)<\/i><\/h3>\n\t\t<hr>\n\t<\/div>\n\t<div class=\"form-group\" id=\"name\">\n\t\t<label>Name<\/label>\n\t\t<i style=\"font-size: small;\">(Name and surname)<\/i>\n\t\t<input type=\"text\" name=\"name_surname\" class=\"form-control\" placeholder=\"\" required=\"Wymagane pole\">\n\t<\/div>\n\t<div class=\"form-group\" id=\"email\">\n\t\t<label>E-mail<\/label>\n\t\t<input type=\"text\" name=\"email\" class=\"form-control\" placeholder=\"\" required=\"Wymagane pole\">\n\t<\/div>\n\t<div class=\"form-group\" id=\"tel\">\n\t\t<label>Telefon<\/label>\n\t\t<i style=\"font-size: small;\">(Phone)<\/i>\n\t\t<input type=\"text\" name=\"tel\" class=\"form-control\" placeholder=\"\" required=\"Wymagane pole\">\n\t<\/div>\n\t<div class=\"form-group\" id=\"company\">\n\t\t<label>Name des Unternehmens<\/label>\n\t\t<i style=\"font-size: small;\">(Company name)<\/i>\n\t\t<input type=\"text\" name=\"company_name\" class=\"form-control\" placeholder=\"\" required=\"Wymagane pole\">\n\t<\/div>\n\t<div class=\"pt-3\" id=\"desc_industrial_pump\">\n\t\t<h3><b>Industriepumpe - technische Daten:<\/b><br><i style=\"font-size: small;\">(Industrial pump - technical specification)<\/i><\/h3>\n\t\t<hr>\n\t<\/div>\n\n\t<div class=\"form-group\" id=\"medium\">\n\t\t<label>Produkt:<\/label>\n\t\t<i>(Medium)<\/i>\n\t\t<input type=\"text\" name=\"medium\" class=\"form-control\" placeholder=\"\">\n\t<\/div>\n\t<div class=\"form-group\" id=\"den\">\n\t\t<label>Dichte:<\/label>\n\t\t<i>(Density)<\/i>\n\t\t<input type=\"text\" name=\"den\" class=\"form-control\" placeholder=\"\">\n\t<\/div>\n\t<div class=\"form-group\" id=\"vis\">\n\t\t<label>Viskosit\u00e4t:<\/label>\n\t\t<i>(Viscosity (mPas\/cSt\/Poise))<\/i>\n\t\t<input type=\"text\" name=\"vis\" class=\"form-control\" placeholder=\"\">\n\t<\/div>\n\t<div class=\"form-group\" id=\"temp\">\n\t\t<label>Betriebstemperatur (\u2103):<\/label>\n\t\t<i>(Work temperature (\u2103))<\/i>\n\t\t<input type=\"text\" name=\"temp\" class=\"form-control\" placeholder=\"\">\n\t<\/div>\n\t<div class=\"form-group\" id=\"capacity\">\n\t\t<label>Leistung der Pumpe:<\/label>\n\t\t<i>(Pump capacity (l\/min))<\/i>\n\t\t<input type=\"text\" name=\"capacity\" class=\"form-control\" placeholder=\"\">\n\t<\/div>\n\t<div class=\"form-group\" id=\"inlet\">\n\t\t<label>Einlassdruck:<\/label>\n\t\t<i>(inlet pressure (bar))<\/i>\n\t\t<input type=\"text\" name=\"inlet\" class=\"form-control\" placeholder=\"\">\n\t<\/div>\n\t<div class=\"form-group\" id=\"outlet\">\n\t\t<label>Ausgangsdruck:<\/label>\n\t\t<i>(outlet pressure (bar))<\/i>\n\t\t<input type=\"text\" name=\"outlet\" class=\"form-control\" placeholder=\"\">\n\t<\/div>\n\t<div class=\"form-group\" id=\"additive\">\n\t\t<label>Komponenten f\u00fcr die Bef\u00fcllung:<\/label>\n\t\t<i>(Additive quantity)<\/i>\n\t\t<input type=\"text\" name=\"additive\" class=\"form-control\" placeholder=\"\">\n\t<\/div>\n\n\t<div class=\"form-group\" id=\"ex\">\n\t\t<label>EX-Leistung<\/label>\n\t\t<i>(ATEX classification)<\/i>\n\t\t<input type=\"text\" name=\"ex\" class=\"form-control\" placeholder=\"\">\n\t<\/div>\n\n\t<div class=\"form-group\" id=\"mess\">\n\t\t<label>Zus\u00e4tzliche Informationen - fakultativ:<\/label>\n\t\t<i>(Additional Information - optional)<\/i>\n\t\t<textarea name=\"mess\" class=\"form-control\" placeholder=\"Np.: kr\u00f3tki opis aplikacji lub szczeg\u00f3lne wymagania\"><\/textarea>\n\t<\/div>\n\t<div class=\"form-group pt-3\" id=\"button_send\">\n\t\t<p>PDF einreichen \/ Send as PDF<\/p>\n\t\t<button class=\"btn btn-dark\">Erstellen und Versenden einer PDF-Datei<\/button>\n\t\t<p><i style=\"font-size: small;\">Create and send PDF<\/i><\/p>\n\t<\/div>\n<\/form>-->\n\n\n\n<div id=\"pompy\"><\/div>\n","protected":false},"excerpt":{"rendered":"<p>Industrielle Pumpen Eine Industriepumpe ist eine Pumpe zum F\u00f6rdern von dichten und viskosen Medien in [&hellip;]<\/p>\n","protected":false},"author":1,"featured_media":306,"parent":0,"menu_order":0,"comment_status":"closed","ping_status":"closed","template":"kg_products_list_template_1.php","meta":{"pgc_sgb_lightbox_settings":"","footnotes":""},"categories":[25,2],"tags":[],"class_list":["post-305","page","type-page","status-publish","has-post-thumbnail","hentry","category-dudek-pumpen-zahnradpumpen","category-zprodukty"],"yoast_head":"<!-- This site is optimized with the Yoast SEO plugin v27.1.1 - https:\/\/yoast.com\/product\/yoast-seo-wordpress\/ -->\n<title>Dudek-Pumpen Zahnradpumpen - CORONA Serwis<\/title>\n<meta name=\"description\" content=\"Pumpen zur F\u00f6rderung von Medien mit extrem unterschiedlicher Viskosit\u00e4t und Dichte. Ausr\u00fcstung vom deutschen Hersteller DUDEK.\" \/>\n<meta name=\"robots\" content=\"index, follow, max-snippet:-1, max-image-preview:large, max-video-preview:-1\" \/>\n<link rel=\"canonical\" href=\"https:\/\/corona1.eu\/de\/dudek-pumpen-zahnradpumpen\/\" \/>\n<meta property=\"og:locale\" content=\"de_DE\" \/>\n<meta property=\"og:type\" content=\"article\" \/>\n<meta property=\"og:title\" content=\"Dudek-Pumpen Zahnradpumpen - CORONA Serwis\" \/>\n<meta property=\"og:description\" content=\"Pumpen zur F\u00f6rderung von Medien mit extrem unterschiedlicher Viskosit\u00e4t und Dichte. Ausr\u00fcstung vom deutschen Hersteller DUDEK.\" \/>\n<meta property=\"og:url\" content=\"https:\/\/corona1.eu\/de\/dudek-pumpen-zahnradpumpen\/\" \/>\n<meta property=\"og:site_name\" content=\"CORONA Serwis\" \/>\n<meta property=\"article:modified_time\" content=\"2025-11-04T11:52:52+00:00\" \/>\n<meta property=\"og:image\" content=\"https:\/\/corona1.eu\/de\/wp-content\/uploads\/2025\/04\/grupa_pompy_zebate_dudek_16x9.png\" \/>\n\t<meta property=\"og:image:width\" content=\"889\" \/>\n\t<meta property=\"og:image:height\" content=\"500\" \/>\n\t<meta property=\"og:image:type\" content=\"image\/png\" \/>\n<meta name=\"twitter:card\" content=\"summary_large_image\" \/>\n<meta name=\"twitter:label1\" content=\"Gesch\u00e4tzte Lesezeit\" \/>\n\t<meta name=\"twitter:data1\" content=\"4\u00a0Minuten\" \/>\n<script type=\"application\/ld+json\" class=\"yoast-schema-graph\">{\"@context\":\"https:\/\/schema.org\",\"@graph\":[{\"@type\":[\"WebPage\",\"FAQPage\"],\"@id\":\"https:\/\/corona1.eu\/de\/dudek-pumpen-zahnradpumpen\/\",\"url\":\"https:\/\/corona1.eu\/de\/dudek-pumpen-zahnradpumpen\/\",\"name\":\"Dudek-Pumpen Zahnradpumpen - CORONA Serwis\",\"isPartOf\":{\"@id\":\"https:\/\/corona1.eu\/de\/#website\"},\"primaryImageOfPage\":{\"@id\":\"https:\/\/corona1.eu\/de\/dudek-pumpen-zahnradpumpen\/#primaryimage\"},\"image\":{\"@id\":\"https:\/\/corona1.eu\/de\/dudek-pumpen-zahnradpumpen\/#primaryimage\"},\"thumbnailUrl\":\"https:\/\/corona1.eu\/de\/wp-content\/uploads\/2025\/04\/grupa_pompy_zebate_dudek_16x9.png\",\"datePublished\":\"2025-04-10T11:47:39+00:00\",\"dateModified\":\"2025-11-04T11:52:52+00:00\",\"description\":\"Pumpen zur F\u00f6rderung von Medien mit extrem unterschiedlicher Viskosit\u00e4t und Dichte. Ausr\u00fcstung vom deutschen Hersteller DUDEK.\",\"breadcrumb\":{\"@id\":\"https:\/\/corona1.eu\/de\/dudek-pumpen-zahnradpumpen\/#breadcrumb\"},\"mainEntity\":[{\"@id\":\"https:\/\/corona1.eu\/de\/dudek-pumpen-zahnradpumpen\/#faq-question-1688551181914\"}],\"inLanguage\":\"de\",\"potentialAction\":[{\"@type\":\"ReadAction\",\"target\":[\"https:\/\/corona1.eu\/de\/dudek-pumpen-zahnradpumpen\/\"]}]},{\"@type\":\"ImageObject\",\"inLanguage\":\"de\",\"@id\":\"https:\/\/corona1.eu\/de\/dudek-pumpen-zahnradpumpen\/#primaryimage\",\"url\":\"https:\/\/corona1.eu\/de\/wp-content\/uploads\/2025\/04\/grupa_pompy_zebate_dudek_16x9.png\",\"contentUrl\":\"https:\/\/corona1.eu\/de\/wp-content\/uploads\/2025\/04\/grupa_pompy_zebate_dudek_16x9.png\",\"width\":889,\"height\":500},{\"@type\":\"BreadcrumbList\",\"@id\":\"https:\/\/corona1.eu\/de\/dudek-pumpen-zahnradpumpen\/#breadcrumb\",\"itemListElement\":[{\"@type\":\"ListItem\",\"position\":1,\"name\":\"Startseite\",\"item\":\"https:\/\/corona1.eu\/de\/\"},{\"@type\":\"ListItem\",\"position\":2,\"name\":\"Dudek-Pumpen Zahnradpumpen\"}]},{\"@type\":\"WebSite\",\"@id\":\"https:\/\/corona1.eu\/de\/#website\",\"url\":\"https:\/\/corona1.eu\/de\/\",\"name\":\"CORONA Serwis\",\"description\":\"\",\"potentialAction\":[{\"@type\":\"SearchAction\",\"target\":{\"@type\":\"EntryPoint\",\"urlTemplate\":\"https:\/\/corona1.eu\/de\/?s={search_term_string}\"},\"query-input\":{\"@type\":\"PropertyValueSpecification\",\"valueRequired\":true,\"valueName\":\"search_term_string\"}}],\"inLanguage\":\"de\"},{\"@type\":\"Question\",\"@id\":\"https:\/\/corona1.eu\/de\/dudek-pumpen-zahnradpumpen\/#faq-question-1688551181914\",\"position\":1,\"url\":\"https:\/\/corona1.eu\/de\/dudek-pumpen-zahnradpumpen\/#faq-question-1688551181914\",\"name\":\"Wesentliche Informationen auf dem Pumpenauswahlblatt\",\"answerCount\":1,\"acceptedAnswer\":{\"@type\":\"Answer\",\"text\":\"<strong>Produkt\/Medium<\/strong> - dies sind Informationen \u00fcber die Fl\u00fcssigkeit, die von der Zahnradpumpe gepumpt werden soll.<br\/><strong>Viskosit\u00e4t und Dichte<\/strong> - diese Angaben sind u. a. f\u00fcr die richtige Auswahl des Werkstoffs und des Abstands zwischen den Z\u00e4hnen und dem Zahnradpumpengeh\u00e4use erforderlich.<br\/><strong>Temperatur des zu f\u00f6rdernden Mediums<\/strong> - dies ist die notwendige Information, um die geeignete Heizung oder K\u00fchlung der Pumpe zu bestimmen.<br\/><strong>Erforderliche Pumpenleistung<\/strong> - diese Informationen werden ben\u00f6tigt, um die geeignete Pumpengr\u00f6\u00dfe und Antriebs-\/Motorleistung zu bestimmen.<br\/><strong>Prozessdruck<\/strong> - dies ist die Information, die f\u00fcr die Auswahl des richtigen Pumpentyps ben\u00f6tigt wird. Es ist wichtig, den Differenzdruck zwischen dem Eingangs- und Ausgangsdruck der Pumpe zu bestimmen.<br\/><strong>Flanschanschl\u00fcsse<\/strong> - dies sind die Informationen, die f\u00fcr die Auswahl der richtigen Adapter f\u00fcr eine einfache Installation der Pumpe ben\u00f6tigt werden.<br\/><strong>EX-Ausf\u00fchrung<\/strong> - dies ist die Information, die ben\u00f6tigt wird, um festzustellen, ob die Zahnradpumpe in einer explosionsgef\u00e4hrdeten Zone (ATEX) arbeitet - damit das richtige Pumpenaggregat ausgew\u00e4hlt wird.\",\"inLanguage\":\"de\"},\"inLanguage\":\"de\"}]}<\/script>\n<!-- \/ Yoast SEO plugin. -->","yoast_head_json":{"title":"Dudek-Pumpen Zahnradpumpen - CORONA Serwis","description":"Pumpen zur F\u00f6rderung von Medien mit extrem unterschiedlicher Viskosit\u00e4t und Dichte. Ausr\u00fcstung vom deutschen Hersteller DUDEK.","robots":{"index":"index","follow":"follow","max-snippet":"max-snippet:-1","max-image-preview":"max-image-preview:large","max-video-preview":"max-video-preview:-1"},"canonical":"https:\/\/corona1.eu\/de\/dudek-pumpen-zahnradpumpen\/","og_locale":"de_DE","og_type":"article","og_title":"Dudek-Pumpen Zahnradpumpen - CORONA Serwis","og_description":"Pumpen zur F\u00f6rderung von Medien mit extrem unterschiedlicher Viskosit\u00e4t und Dichte. Ausr\u00fcstung vom deutschen Hersteller DUDEK.","og_url":"https:\/\/corona1.eu\/de\/dudek-pumpen-zahnradpumpen\/","og_site_name":"CORONA Serwis","article_modified_time":"2025-11-04T11:52:52+00:00","og_image":[{"width":889,"height":500,"url":"https:\/\/corona1.eu\/de\/wp-content\/uploads\/2025\/04\/grupa_pompy_zebate_dudek_16x9.png","type":"image\/png"}],"twitter_card":"summary_large_image","twitter_misc":{"Gesch\u00e4tzte Lesezeit":"4\u00a0Minuten"},"schema":{"@context":"https:\/\/schema.org","@graph":[{"@type":["WebPage","FAQPage"],"@id":"https:\/\/corona1.eu\/de\/dudek-pumpen-zahnradpumpen\/","url":"https:\/\/corona1.eu\/de\/dudek-pumpen-zahnradpumpen\/","name":"Dudek-Pumpen Zahnradpumpen - CORONA Serwis","isPartOf":{"@id":"https:\/\/corona1.eu\/de\/#website"},"primaryImageOfPage":{"@id":"https:\/\/corona1.eu\/de\/dudek-pumpen-zahnradpumpen\/#primaryimage"},"image":{"@id":"https:\/\/corona1.eu\/de\/dudek-pumpen-zahnradpumpen\/#primaryimage"},"thumbnailUrl":"https:\/\/corona1.eu\/de\/wp-content\/uploads\/2025\/04\/grupa_pompy_zebate_dudek_16x9.png","datePublished":"2025-04-10T11:47:39+00:00","dateModified":"2025-11-04T11:52:52+00:00","description":"Pumpen zur F\u00f6rderung von Medien mit extrem unterschiedlicher Viskosit\u00e4t und Dichte. Ausr\u00fcstung vom deutschen Hersteller DUDEK.","breadcrumb":{"@id":"https:\/\/corona1.eu\/de\/dudek-pumpen-zahnradpumpen\/#breadcrumb"},"mainEntity":[{"@id":"https:\/\/corona1.eu\/de\/dudek-pumpen-zahnradpumpen\/#faq-question-1688551181914"}],"inLanguage":"de","potentialAction":[{"@type":"ReadAction","target":["https:\/\/corona1.eu\/de\/dudek-pumpen-zahnradpumpen\/"]}]},{"@type":"ImageObject","inLanguage":"de","@id":"https:\/\/corona1.eu\/de\/dudek-pumpen-zahnradpumpen\/#primaryimage","url":"https:\/\/corona1.eu\/de\/wp-content\/uploads\/2025\/04\/grupa_pompy_zebate_dudek_16x9.png","contentUrl":"https:\/\/corona1.eu\/de\/wp-content\/uploads\/2025\/04\/grupa_pompy_zebate_dudek_16x9.png","width":889,"height":500},{"@type":"BreadcrumbList","@id":"https:\/\/corona1.eu\/de\/dudek-pumpen-zahnradpumpen\/#breadcrumb","itemListElement":[{"@type":"ListItem","position":1,"name":"Startseite","item":"https:\/\/corona1.eu\/de\/"},{"@type":"ListItem","position":2,"name":"Dudek-Pumpen Zahnradpumpen"}]},{"@type":"WebSite","@id":"https:\/\/corona1.eu\/de\/#website","url":"https:\/\/corona1.eu\/de\/","name":"CORONA Serwis","description":"","potentialAction":[{"@type":"SearchAction","target":{"@type":"EntryPoint","urlTemplate":"https:\/\/corona1.eu\/de\/?s={search_term_string}"},"query-input":{"@type":"PropertyValueSpecification","valueRequired":true,"valueName":"search_term_string"}}],"inLanguage":"de"},{"@type":"Question","@id":"https:\/\/corona1.eu\/de\/dudek-pumpen-zahnradpumpen\/#faq-question-1688551181914","position":1,"url":"https:\/\/corona1.eu\/de\/dudek-pumpen-zahnradpumpen\/#faq-question-1688551181914","name":"Wesentliche Informationen auf dem Pumpenauswahlblatt","answerCount":1,"acceptedAnswer":{"@type":"Answer","text":"<strong>Produkt\/Medium<\/strong> - dies sind Informationen \u00fcber die Fl\u00fcssigkeit, die von der Zahnradpumpe gepumpt werden soll.<br\/><strong>Viskosit\u00e4t und Dichte<\/strong> - diese Angaben sind u. a. f\u00fcr die richtige Auswahl des Werkstoffs und des Abstands zwischen den Z\u00e4hnen und dem Zahnradpumpengeh\u00e4use erforderlich.<br\/><strong>Temperatur des zu f\u00f6rdernden Mediums<\/strong> - dies ist die notwendige Information, um die geeignete Heizung oder K\u00fchlung der Pumpe zu bestimmen.<br\/><strong>Erforderliche Pumpenleistung<\/strong> - diese Informationen werden ben\u00f6tigt, um die geeignete Pumpengr\u00f6\u00dfe und Antriebs-\/Motorleistung zu bestimmen.<br\/><strong>Prozessdruck<\/strong> - dies ist die Information, die f\u00fcr die Auswahl des richtigen Pumpentyps ben\u00f6tigt wird. Es ist wichtig, den Differenzdruck zwischen dem Eingangs- und Ausgangsdruck der Pumpe zu bestimmen.<br\/><strong>Flanschanschl\u00fcsse<\/strong> - dies sind die Informationen, die f\u00fcr die Auswahl der richtigen Adapter f\u00fcr eine einfache Installation der Pumpe ben\u00f6tigt werden.<br\/><strong>EX-Ausf\u00fchrung<\/strong> - dies ist die Information, die ben\u00f6tigt wird, um festzustellen, ob die Zahnradpumpe in einer explosionsgef\u00e4hrdeten Zone (ATEX) arbeitet - damit das richtige Pumpenaggregat ausgew\u00e4hlt wird.","inLanguage":"de"},"inLanguage":"de"}]}},"_links":{"self":[{"href":"https:\/\/corona1.eu\/de\/wp-json\/wp\/v2\/pages\/305","targetHints":{"allow":["GET"]}}],"collection":[{"href":"https:\/\/corona1.eu\/de\/wp-json\/wp\/v2\/pages"}],"about":[{"href":"https:\/\/corona1.eu\/de\/wp-json\/wp\/v2\/types\/page"}],"author":[{"embeddable":true,"href":"https:\/\/corona1.eu\/de\/wp-json\/wp\/v2\/users\/1"}],"replies":[{"embeddable":true,"href":"https:\/\/corona1.eu\/de\/wp-json\/wp\/v2\/comments?post=305"}],"version-history":[{"count":5,"href":"https:\/\/corona1.eu\/de\/wp-json\/wp\/v2\/pages\/305\/revisions"}],"predecessor-version":[{"id":811,"href":"https:\/\/corona1.eu\/de\/wp-json\/wp\/v2\/pages\/305\/revisions\/811"}],"wp:featuredmedia":[{"embeddable":true,"href":"https:\/\/corona1.eu\/de\/wp-json\/wp\/v2\/media\/306"}],"wp:attachment":[{"href":"https:\/\/corona1.eu\/de\/wp-json\/wp\/v2\/media?parent=305"}],"wp:term":[{"taxonomy":"category","embeddable":true,"href":"https:\/\/corona1.eu\/de\/wp-json\/wp\/v2\/categories?post=305"},{"taxonomy":"post_tag","embeddable":true,"href":"https:\/\/corona1.eu\/de\/wp-json\/wp\/v2\/tags?post=305"}],"curies":[{"name":"wp","href":"https:\/\/api.w.org\/{rel}","templated":true}]}}