{"id":298,"date":"2025-04-10T11:58:37","date_gmt":"2025-04-10T09:58:37","guid":{"rendered":"https:\/\/corona1.eu\/de\/?page_id=298"},"modified":"2025-04-11T10:28:16","modified_gmt":"2025-04-11T08:28:16","slug":"witte-zahnradpumpen","status":"publish","type":"page","link":"https:\/\/corona1.eu\/de\/witte-zahnradpumpen\/","title":{"rendered":"WITTE Zahnradpumpen"},"content":{"rendered":"\n<h2 class=\"wp-block-heading\">WITTE Chemiepumpen<\/h2>\n\n\n\n<style>\n.pgc-rev-lb-b-bg {background-color: rgb(63 63 63 \/ 89%)!important;}\n<\/style>\n\n\n\n<p>WITTE Chemie-Zahnradpumpen sind vielseitig einsetzbar und werden in einer Vielzahl von Industrien verwendet, z. B. in der chemischen Industrie, der Lebensmittel- und Getr\u00e4nkeindustrie und der Kunststoffherstellung. Die Pumpen f\u00f6rdern eine breite Palette von Medien, von niedriger bis sehr hoher Viskosit\u00e4t. Sie sind als Standard und auf Bestellung mit anpassbaren Werkstoffen erh\u00e4ltlich. WITTE bietet spezielle L\u00f6sungen an, wie z. B. Kosmetikpumpen f\u00fcr Pharmazeutika und Kosmetika, die sich ideal zum F\u00f6rdern von Cremes, Lotionen und Gel-Medikamenten eignen. Das Unternehmen bietet ma\u00dfgeschneiderte technische Beratung sowie Forschung und Entwicklung und bietet Pumpen f\u00fcr besondere Anforderungen, auch f\u00fcr extreme Temperaturen und Dr\u00fccke.<\/p>\n\n\n\n<p><strong>Unsere Pumpen bew\u00e4hren sich auch bei Dosier- und F\u00f6rderprozessen f\u00fcr Stoffe wie z.B.:<\/strong><\/p>\n\n\n\n<div class=\"wp-block-columns is-layout-flex wp-container-core-columns-is-layout-9d6595d7 wp-block-columns-is-layout-flex\">\n<div class=\"wp-block-column is-layout-flow wp-block-column-is-layout-flow\">\n<ul class=\"wp-block-list\">\n<li>Stark alkalische L\u00f6sungen<\/li>\n\n\n\n<li>Laugen<\/li>\n\n\n\n<li>Alkohole<\/li>\n\n\n\n<li>Zusatzstoffe<\/li>\n\n\n\n<li>Organische Chemikalien<\/li>\n\n\n\n<li>Anorganische Chemikalien<\/li>\n\n\n\n<li>Scheuermittel<\/li>\n<\/ul>\n<\/div>\n\n\n\n<div class=\"wp-block-column is-layout-flow wp-block-column-is-layout-flow\">\n<ul class=\"wp-block-list\">\n<li>\u00c4tzende Medien<\/li>\n\n\n\n<li>Sole<\/li>\n\n\n\n<li>Fl\u00fcssiger Schwefel<\/li>\n\n\n\n<li>Ester<\/li>\n\n\n\n<li>Harze<\/li>\n\n\n\n<li>Glyzerin<\/li>\n\n\n\n<li>H\u00e4rtemittel<\/li>\n<\/ul>\n<\/div>\n\n\n\n<div class=\"wp-block-column is-layout-flow wp-block-column-is-layout-flow\">\n<ul class=\"wp-block-list\">\n<li>Isocyanate<\/li>\n\n\n\n<li>Phenole<\/li>\n\n\n\n<li>S\u00e4uren<\/li>\n\n\n\n<li>Asphalt<\/li>\n\n\n\n<li>Bitumen<\/li>\n\n\n\n<li>Teer<\/li>\n\n\n\n<li>Schmelzbar<\/li>\n<\/ul>\n<\/div>\n\n\n\n<div class=\"wp-block-column is-layout-flow wp-block-column-is-layout-flow\">\n<ul class=\"wp-block-list\">\n<li>Klebstoffe<\/li>\n\n\n\n<li>Kaugummi-Pulpe<\/li>\n\n\n\n<li>Aminos\u00e4uren<\/li>\n\n\n\n<li>Lotionen<\/li>\n\n\n\n<li>Shampoos<\/li>\n<\/ul>\n<\/div>\n<\/div>\n\n\n\n<div style=\"height:30px\" aria-hidden=\"true\" class=\"wp-block-spacer\"><\/div>\n\n\n\n<p>Wir haben bereits Spezialpumpen f\u00fcr Chemikalien nach Kundenwunsch in vielen verschiedenen Ausf\u00fchrungen realisiert. Zum Beispiel keramische Pumpen zur F\u00f6rderung von Hochtemperatursole, die bei Temperaturen \u00fcber 500 \u00b0C arbeitet. Diese Pumpen gibt es auch in vielen anderen Ausf\u00fchrungen.<\/p>\n\n\n\n<p>Pumpen f\u00fcr extreme Dr\u00fccke bis zu 575 bar geh\u00f6ren ebenfalls zu unserem Portfolio.<\/p>\n\n\n\n<p>Dank jahrzehntelanger Konstruktionserfahrung und optimaler Werkstoffauswahl sind WITTE Zahnradpumpen auch f\u00fcr schwierigste Aufgaben geeignet und bewahren ihre Zuverl\u00e4ssigkeit und Dosiergenauigkeit in Vakuum- und Hochdruckanwendungen.<\/p>\n\n\n\n<p>Wenn Sie sich nicht sicher sind, welcher unserer Pumpentypen f\u00fcr Ihren Prozess am besten geeignet ist, helfen Ihnen unsere Ingenieure gerne bei der Auswahl der besten L\u00f6sung f\u00fcr Ihren Produktionsprozess.<\/p>\n\n\n\n<style>\n    .modal-bottom-right {\n        position: absolute;\n        top: 35%;\n        right: 1%;\n        transform: translate(-50%, -50%);\n    }\n\n    .modal-body {\n        padding: 0px 15px 0px 15px !important;\n    }\n\n    .btnn {\n        color: white !important;\n        border: none;\n    }\n\n    .btnn:hover {\n        color: white !important;\n        background-color: #e79400 !important;\n    }\n<\/style>\n\n<!-- Modal -->\n<div id=\"myModal\" class=\"modal fade\" role=\"dialog\">\n    <div class=\"modal-dialog modal-bottom-right\">\n\n        <!-- Modal content-->\n        <div class=\"modal-content mb-3\">\n            <div class=\"modal-body\">\n                <p class=\"modal-title\" id=\"exampleModalCenterTitle\"><\/p>\n                <div class=\"row\">\n                    <div class=\"col-md-6 p-0\">\n                        <div class=\"p-0 m-0\">\n                            <a href=\"\"><img decoding=\"async\" class=\"img-responsive\" src=\"https:\/\/corona1.eu\/wp-content\/uploads\/2023\/10\/csm_WITTE_POLY_TOTAL_802b34faad.jpg\"><\/a>\n                        <\/div>\n                        <!-- <p class=\"text-center\" style=\"padding: 12px!important;\">Porad\u017a si\u0119 specjalist\u00f3w.<\/p> -->\n                    <\/div>\n                    <div class=\"col-md-6 my-auto\">\n                        <p class=\"mt-3\" style=\"font-weight: 900;\">Wenn Sie den Kauf einer Zahnradpumpe in Erw\u00e4gung ziehen oder eine Beratung hierzu w\u00fcnschen, k\u00f6nnen Sie <a href=\"\/de\/kontakt\/\"><b>Kontakt<\/b><\/a> mit uns aufnehmen.<\/p>\n                        <button type=\"button\" class=\"btn btn-secondary btn__block mb-3\" data-dismiss=\"modal\">Schlie\u00dfen<\/button>\n                    <\/div>\n                <\/div>\n            <\/div>\n            <!-- <div class=\"modal-footer\">\n                <button type=\"button\" class=\"btn btn-secondary btnn\" data-dismiss=\"modal\">Schlie\u00dfen<\/button>\n            <\/div> -->\n        <\/div>\n    <\/div>\n<\/div>\n\n<script>\n    $(document).ready(function() {\n        if (sessionStorage.getItem(\"#myModal\") !== 'true') {\n            $(\"myModal\").modal('show');\n            sessionStorage.setItem('#myModal', 'true');\n        }\n    });\n<\/script>\n\n<script src=\"https:\/\/cdnjs.cloudflare.com\/ajax\/libs\/jquery\/2.1.3\/jquery.min.js\"><\/script>\n<script>\n    $(function() {\n\n        setTimeout(function() {\n            $(document).ready(function() {\n                if (document.cookie.indexOf('visited=true') == -1) {\n\n                    $('#myModal').modal({\n                        show: true\n                    });\n\n                    var hour = 1000 * 60 * 60;\n                    var expires = new Date((new Date()).valueOf() + hour);\n                    document.cookie = \"visited=true;expires=\" + expires.toUTCString();\n                }\n            });\n        }, 5500);\n    });\n<\/script>\n","protected":false},"excerpt":{"rendered":"<p>WITTE Chemiepumpen WITTE Chemie-Zahnradpumpen sind vielseitig einsetzbar und werden in einer Vielzahl von Industrien verwendet, [&hellip;]<\/p>\n","protected":false},"author":1,"featured_media":300,"parent":0,"menu_order":0,"comment_status":"closed","ping_status":"closed","template":"kg_products_list_template_1.php","meta":{"pgc_sgb_lightbox_settings":"","footnotes":""},"categories":[24,2],"tags":[],"class_list":["post-298","page","type-page","status-publish","has-post-thumbnail","hentry","category-witte-zahnradpumpen","category-zprodukty"],"yoast_head":"<!-- This site is optimized with the Yoast SEO plugin v27.1.1 - https:\/\/yoast.com\/product\/yoast-seo-wordpress\/ -->\n<title>WITTE Zahnradpumpen - CORONA Serwis<\/title>\n<meta name=\"description\" content=\"WITTE Chemiepumpen werden in der chemischen Industrie, in der Lebensmittelindustrie und bei der Herstellung und Verarbeitung von verschiedenen Kunststoffen eingesetzt.\" \/>\n<meta name=\"robots\" content=\"index, follow, max-snippet:-1, max-image-preview:large, max-video-preview:-1\" \/>\n<link rel=\"canonical\" href=\"https:\/\/corona1.eu\/de\/witte-zahnradpumpen\/\" \/>\n<meta property=\"og:locale\" content=\"de_DE\" \/>\n<meta property=\"og:type\" content=\"article\" \/>\n<meta property=\"og:title\" content=\"WITTE Zahnradpumpen - CORONA Serwis\" \/>\n<meta property=\"og:description\" content=\"WITTE Chemiepumpen werden in der chemischen Industrie, in der Lebensmittelindustrie und bei der Herstellung und Verarbeitung von verschiedenen Kunststoffen eingesetzt.\" \/>\n<meta property=\"og:url\" content=\"https:\/\/corona1.eu\/de\/witte-zahnradpumpen\/\" \/>\n<meta property=\"og:site_name\" content=\"CORONA Serwis\" \/>\n<meta property=\"article:modified_time\" content=\"2025-04-11T08:28:16+00:00\" \/>\n<meta property=\"og:image\" content=\"https:\/\/corona1.eu\/de\/wp-content\/uploads\/2025\/04\/imagee.png\" \/>\n\t<meta property=\"og:image:width\" content=\"889\" \/>\n\t<meta property=\"og:image:height\" content=\"500\" \/>\n\t<meta property=\"og:image:type\" content=\"image\/png\" \/>\n<meta name=\"twitter:card\" content=\"summary_large_image\" \/>\n<meta name=\"twitter:label1\" content=\"Gesch\u00e4tzte Lesezeit\" \/>\n\t<meta name=\"twitter:data1\" content=\"2\u00a0Minuten\" \/>\n<script type=\"application\/ld+json\" class=\"yoast-schema-graph\">{\"@context\":\"https:\/\/schema.org\",\"@graph\":[{\"@type\":\"WebPage\",\"@id\":\"https:\/\/corona1.eu\/de\/witte-zahnradpumpen\/\",\"url\":\"https:\/\/corona1.eu\/de\/witte-zahnradpumpen\/\",\"name\":\"WITTE Zahnradpumpen - CORONA Serwis\",\"isPartOf\":{\"@id\":\"https:\/\/corona1.eu\/de\/#website\"},\"primaryImageOfPage\":{\"@id\":\"https:\/\/corona1.eu\/de\/witte-zahnradpumpen\/#primaryimage\"},\"image\":{\"@id\":\"https:\/\/corona1.eu\/de\/witte-zahnradpumpen\/#primaryimage\"},\"thumbnailUrl\":\"https:\/\/corona1.eu\/de\/wp-content\/uploads\/2025\/04\/imagee.png\",\"datePublished\":\"2025-04-10T09:58:37+00:00\",\"dateModified\":\"2025-04-11T08:28:16+00:00\",\"description\":\"WITTE Chemiepumpen werden in der chemischen Industrie, in der Lebensmittelindustrie und bei der Herstellung und Verarbeitung von verschiedenen Kunststoffen eingesetzt.\",\"breadcrumb\":{\"@id\":\"https:\/\/corona1.eu\/de\/witte-zahnradpumpen\/#breadcrumb\"},\"inLanguage\":\"de\",\"potentialAction\":[{\"@type\":\"ReadAction\",\"target\":[\"https:\/\/corona1.eu\/de\/witte-zahnradpumpen\/\"]}]},{\"@type\":\"ImageObject\",\"inLanguage\":\"de\",\"@id\":\"https:\/\/corona1.eu\/de\/witte-zahnradpumpen\/#primaryimage\",\"url\":\"https:\/\/corona1.eu\/de\/wp-content\/uploads\/2025\/04\/imagee.png\",\"contentUrl\":\"https:\/\/corona1.eu\/de\/wp-content\/uploads\/2025\/04\/imagee.png\",\"width\":889,\"height\":500},{\"@type\":\"BreadcrumbList\",\"@id\":\"https:\/\/corona1.eu\/de\/witte-zahnradpumpen\/#breadcrumb\",\"itemListElement\":[{\"@type\":\"ListItem\",\"position\":1,\"name\":\"Startseite\",\"item\":\"https:\/\/corona1.eu\/de\/\"},{\"@type\":\"ListItem\",\"position\":2,\"name\":\"WITTE Zahnradpumpen\"}]},{\"@type\":\"WebSite\",\"@id\":\"https:\/\/corona1.eu\/de\/#website\",\"url\":\"https:\/\/corona1.eu\/de\/\",\"name\":\"CORONA Serwis\",\"description\":\"\",\"potentialAction\":[{\"@type\":\"SearchAction\",\"target\":{\"@type\":\"EntryPoint\",\"urlTemplate\":\"https:\/\/corona1.eu\/de\/?s={search_term_string}\"},\"query-input\":{\"@type\":\"PropertyValueSpecification\",\"valueRequired\":true,\"valueName\":\"search_term_string\"}}],\"inLanguage\":\"de\"}]}<\/script>\n<!-- \/ Yoast SEO plugin. -->","yoast_head_json":{"title":"WITTE Zahnradpumpen - CORONA Serwis","description":"WITTE Chemiepumpen werden in der chemischen Industrie, in der Lebensmittelindustrie und bei der Herstellung und Verarbeitung von verschiedenen Kunststoffen eingesetzt.","robots":{"index":"index","follow":"follow","max-snippet":"max-snippet:-1","max-image-preview":"max-image-preview:large","max-video-preview":"max-video-preview:-1"},"canonical":"https:\/\/corona1.eu\/de\/witte-zahnradpumpen\/","og_locale":"de_DE","og_type":"article","og_title":"WITTE Zahnradpumpen - CORONA Serwis","og_description":"WITTE Chemiepumpen werden in der chemischen Industrie, in der Lebensmittelindustrie und bei der Herstellung und Verarbeitung von verschiedenen Kunststoffen eingesetzt.","og_url":"https:\/\/corona1.eu\/de\/witte-zahnradpumpen\/","og_site_name":"CORONA Serwis","article_modified_time":"2025-04-11T08:28:16+00:00","og_image":[{"width":889,"height":500,"url":"https:\/\/corona1.eu\/de\/wp-content\/uploads\/2025\/04\/imagee.png","type":"image\/png"}],"twitter_card":"summary_large_image","twitter_misc":{"Gesch\u00e4tzte Lesezeit":"2\u00a0Minuten"},"schema":{"@context":"https:\/\/schema.org","@graph":[{"@type":"WebPage","@id":"https:\/\/corona1.eu\/de\/witte-zahnradpumpen\/","url":"https:\/\/corona1.eu\/de\/witte-zahnradpumpen\/","name":"WITTE Zahnradpumpen - CORONA Serwis","isPartOf":{"@id":"https:\/\/corona1.eu\/de\/#website"},"primaryImageOfPage":{"@id":"https:\/\/corona1.eu\/de\/witte-zahnradpumpen\/#primaryimage"},"image":{"@id":"https:\/\/corona1.eu\/de\/witte-zahnradpumpen\/#primaryimage"},"thumbnailUrl":"https:\/\/corona1.eu\/de\/wp-content\/uploads\/2025\/04\/imagee.png","datePublished":"2025-04-10T09:58:37+00:00","dateModified":"2025-04-11T08:28:16+00:00","description":"WITTE Chemiepumpen werden in der chemischen Industrie, in der Lebensmittelindustrie und bei der Herstellung und Verarbeitung von verschiedenen Kunststoffen eingesetzt.","breadcrumb":{"@id":"https:\/\/corona1.eu\/de\/witte-zahnradpumpen\/#breadcrumb"},"inLanguage":"de","potentialAction":[{"@type":"ReadAction","target":["https:\/\/corona1.eu\/de\/witte-zahnradpumpen\/"]}]},{"@type":"ImageObject","inLanguage":"de","@id":"https:\/\/corona1.eu\/de\/witte-zahnradpumpen\/#primaryimage","url":"https:\/\/corona1.eu\/de\/wp-content\/uploads\/2025\/04\/imagee.png","contentUrl":"https:\/\/corona1.eu\/de\/wp-content\/uploads\/2025\/04\/imagee.png","width":889,"height":500},{"@type":"BreadcrumbList","@id":"https:\/\/corona1.eu\/de\/witte-zahnradpumpen\/#breadcrumb","itemListElement":[{"@type":"ListItem","position":1,"name":"Startseite","item":"https:\/\/corona1.eu\/de\/"},{"@type":"ListItem","position":2,"name":"WITTE Zahnradpumpen"}]},{"@type":"WebSite","@id":"https:\/\/corona1.eu\/de\/#website","url":"https:\/\/corona1.eu\/de\/","name":"CORONA Serwis","description":"","potentialAction":[{"@type":"SearchAction","target":{"@type":"EntryPoint","urlTemplate":"https:\/\/corona1.eu\/de\/?s={search_term_string}"},"query-input":{"@type":"PropertyValueSpecification","valueRequired":true,"valueName":"search_term_string"}}],"inLanguage":"de"}]}},"_links":{"self":[{"href":"https:\/\/corona1.eu\/de\/wp-json\/wp\/v2\/pages\/298","targetHints":{"allow":["GET"]}}],"collection":[{"href":"https:\/\/corona1.eu\/de\/wp-json\/wp\/v2\/pages"}],"about":[{"href":"https:\/\/corona1.eu\/de\/wp-json\/wp\/v2\/types\/page"}],"author":[{"embeddable":true,"href":"https:\/\/corona1.eu\/de\/wp-json\/wp\/v2\/users\/1"}],"replies":[{"embeddable":true,"href":"https:\/\/corona1.eu\/de\/wp-json\/wp\/v2\/comments?post=298"}],"version-history":[{"count":4,"href":"https:\/\/corona1.eu\/de\/wp-json\/wp\/v2\/pages\/298\/revisions"}],"predecessor-version":[{"id":318,"href":"https:\/\/corona1.eu\/de\/wp-json\/wp\/v2\/pages\/298\/revisions\/318"}],"wp:featuredmedia":[{"embeddable":true,"href":"https:\/\/corona1.eu\/de\/wp-json\/wp\/v2\/media\/300"}],"wp:attachment":[{"href":"https:\/\/corona1.eu\/de\/wp-json\/wp\/v2\/media?parent=298"}],"wp:term":[{"taxonomy":"category","embeddable":true,"href":"https:\/\/corona1.eu\/de\/wp-json\/wp\/v2\/categories?post=298"},{"taxonomy":"post_tag","embeddable":true,"href":"https:\/\/corona1.eu\/de\/wp-json\/wp\/v2\/tags?post=298"}],"curies":[{"name":"wp","href":"https:\/\/api.w.org\/{rel}","templated":true}]}}