{"id":291,"date":"2025-04-10T11:42:11","date_gmt":"2025-04-10T09:42:11","guid":{"rendered":"https:\/\/corona1.eu\/de\/?page_id=291"},"modified":"2025-04-10T11:42:23","modified_gmt":"2025-04-10T09:42:23","slug":"extrex-zahnradpumpen","status":"publish","type":"page","link":"https:\/\/corona1.eu\/de\/maag-zahnradpumpen\/extrex-zahnradpumpen\/","title":{"rendered":"extrex\u00ae &#8211; Zahnradpumpen"},"content":{"rendered":"\n<p class=\"has-text-color\" style=\"color:#e79400\"><em>Zahnradpumpen f\u00fcr die Extrusion von thermoplastischen Kunststoffen.<\/em><\/p>\n\n\n\n<p>Extrusionsanlagen ben\u00f6tigen eine \u00e4u\u00dferst zuverl\u00e4ssige Ausr\u00fcstung mit hoher F\u00f6rderkonstanz und der M\u00f6glichkeit, je nach Bedarf konfiguriert zu werden. Der modulare Aufbau der extrex\u00ae Zahnradpumpen erm\u00f6glicht eine einfache Anpassung an die unterschiedlichsten Anforderungen.<\/p>\n\n\n\n<p><strong>Drei Pumpentypen sind verf\u00fcgbar:<\/strong><\/p>\n\n\n\n<p><strong>extrex\u00ae<\/strong> HV-Zahnradpumpen mit einer um 25 % h\u00f6heren F\u00f6rderleistung f\u00fcr Granulationsprozesse, die niedrige Drehzahlen erfordern.<\/p>\n\n\n\n<p><strong>extrex\u00ae<\/strong> GP-Zahnradpumpen mit einem breiten Einsatzspektrum f\u00fcr Anlagen mit moderaten Dr\u00fccken,<\/p>\n\n\n\n<p><strong>extremx\u00ae<\/strong> HP-Zahnradpumpen f\u00fcr Hochdrucksysteme<\/p>\n","protected":false},"excerpt":{"rendered":"<p>Zahnradpumpen f\u00fcr die Extrusion von thermoplastischen Kunststoffen. Extrusionsanlagen ben\u00f6tigen eine \u00e4u\u00dferst zuverl\u00e4ssige Ausr\u00fcstung mit hoher [&hellip;]<\/p>\n","protected":false},"author":1,"featured_media":292,"parent":274,"menu_order":0,"comment_status":"closed","ping_status":"closed","template":"kg_products_template.php","meta":{"pgc_sgb_lightbox_settings":"","footnotes":""},"categories":[23],"tags":[],"class_list":["post-291","page","type-page","status-publish","has-post-thumbnail","hentry","category-maag-zahnradpumpen"],"yoast_head":"<!-- This site is optimized with the Yoast SEO plugin v27.1.1 - https:\/\/yoast.com\/product\/yoast-seo-wordpress\/ -->\n<title>extrex\u00ae - Zahnradpumpen - CORONA Serwis<\/title>\n<meta name=\"robots\" content=\"index, follow, max-snippet:-1, max-image-preview:large, max-video-preview:-1\" \/>\n<link rel=\"canonical\" href=\"https:\/\/corona1.eu\/de\/maag-zahnradpumpen\/extrex-zahnradpumpen\/\" \/>\n<meta property=\"og:locale\" content=\"de_DE\" \/>\n<meta property=\"og:type\" content=\"article\" \/>\n<meta property=\"og:title\" content=\"extrex\u00ae - Zahnradpumpen - CORONA Serwis\" \/>\n<meta property=\"og:description\" content=\"Zahnradpumpen f\u00fcr die Extrusion von thermoplastischen Kunststoffen. Extrusionsanlagen ben\u00f6tigen eine \u00e4u\u00dferst zuverl\u00e4ssige Ausr\u00fcstung mit hoher [&hellip;]\" \/>\n<meta property=\"og:url\" content=\"https:\/\/corona1.eu\/de\/maag-zahnradpumpen\/extrex-zahnradpumpen\/\" \/>\n<meta property=\"og:site_name\" content=\"CORONA Serwis\" \/>\n<meta property=\"article:modified_time\" content=\"2025-04-10T09:42:23+00:00\" \/>\n<meta property=\"og:image\" content=\"https:\/\/corona1.eu\/de\/wp-content\/uploads\/2025\/04\/extrex_RV_RB_maag_maag-group.png\" \/>\n\t<meta property=\"og:image:width\" content=\"512\" \/>\n\t<meta property=\"og:image:height\" content=\"512\" \/>\n\t<meta property=\"og:image:type\" content=\"image\/png\" \/>\n<meta name=\"twitter:card\" content=\"summary_large_image\" \/>\n<meta name=\"twitter:label1\" content=\"Gesch\u00e4tzte Lesezeit\" \/>\n\t<meta name=\"twitter:data1\" content=\"1\u00a0Minute\" \/>\n<script type=\"application\/ld+json\" class=\"yoast-schema-graph\">{\"@context\":\"https:\/\/schema.org\",\"@graph\":[{\"@type\":\"WebPage\",\"@id\":\"https:\/\/corona1.eu\/de\/maag-zahnradpumpen\/extrex-zahnradpumpen\/\",\"url\":\"https:\/\/corona1.eu\/de\/maag-zahnradpumpen\/extrex-zahnradpumpen\/\",\"name\":\"extrex\u00ae - Zahnradpumpen - CORONA Serwis\",\"isPartOf\":{\"@id\":\"https:\/\/corona1.eu\/de\/#website\"},\"primaryImageOfPage\":{\"@id\":\"https:\/\/corona1.eu\/de\/maag-zahnradpumpen\/extrex-zahnradpumpen\/#primaryimage\"},\"image\":{\"@id\":\"https:\/\/corona1.eu\/de\/maag-zahnradpumpen\/extrex-zahnradpumpen\/#primaryimage\"},\"thumbnailUrl\":\"https:\/\/corona1.eu\/de\/wp-content\/uploads\/2025\/04\/extrex_RV_RB_maag_maag-group.png\",\"datePublished\":\"2025-04-10T09:42:11+00:00\",\"dateModified\":\"2025-04-10T09:42:23+00:00\",\"breadcrumb\":{\"@id\":\"https:\/\/corona1.eu\/de\/maag-zahnradpumpen\/extrex-zahnradpumpen\/#breadcrumb\"},\"inLanguage\":\"de\",\"potentialAction\":[{\"@type\":\"ReadAction\",\"target\":[\"https:\/\/corona1.eu\/de\/maag-zahnradpumpen\/extrex-zahnradpumpen\/\"]}]},{\"@type\":\"ImageObject\",\"inLanguage\":\"de\",\"@id\":\"https:\/\/corona1.eu\/de\/maag-zahnradpumpen\/extrex-zahnradpumpen\/#primaryimage\",\"url\":\"https:\/\/corona1.eu\/de\/wp-content\/uploads\/2025\/04\/extrex_RV_RB_maag_maag-group.png\",\"contentUrl\":\"https:\/\/corona1.eu\/de\/wp-content\/uploads\/2025\/04\/extrex_RV_RB_maag_maag-group.png\",\"width\":512,\"height\":512},{\"@type\":\"BreadcrumbList\",\"@id\":\"https:\/\/corona1.eu\/de\/maag-zahnradpumpen\/extrex-zahnradpumpen\/#breadcrumb\",\"itemListElement\":[{\"@type\":\"ListItem\",\"position\":1,\"name\":\"Startseite\",\"item\":\"https:\/\/corona1.eu\/de\/\"},{\"@type\":\"ListItem\",\"position\":2,\"name\":\"MAAG Zahnradpumpen\",\"item\":\"https:\/\/corona1.eu\/de\/maag-zahnradpumpen\/\"},{\"@type\":\"ListItem\",\"position\":3,\"name\":\"extrex\u00ae &#8211; Zahnradpumpen\"}]},{\"@type\":\"WebSite\",\"@id\":\"https:\/\/corona1.eu\/de\/#website\",\"url\":\"https:\/\/corona1.eu\/de\/\",\"name\":\"CORONA Serwis\",\"description\":\"\",\"potentialAction\":[{\"@type\":\"SearchAction\",\"target\":{\"@type\":\"EntryPoint\",\"urlTemplate\":\"https:\/\/corona1.eu\/de\/?s={search_term_string}\"},\"query-input\":{\"@type\":\"PropertyValueSpecification\",\"valueRequired\":true,\"valueName\":\"search_term_string\"}}],\"inLanguage\":\"de\"}]}<\/script>\n<!-- \/ Yoast SEO plugin. -->","yoast_head_json":{"title":"extrex\u00ae - Zahnradpumpen - CORONA Serwis","robots":{"index":"index","follow":"follow","max-snippet":"max-snippet:-1","max-image-preview":"max-image-preview:large","max-video-preview":"max-video-preview:-1"},"canonical":"https:\/\/corona1.eu\/de\/maag-zahnradpumpen\/extrex-zahnradpumpen\/","og_locale":"de_DE","og_type":"article","og_title":"extrex\u00ae - Zahnradpumpen - CORONA Serwis","og_description":"Zahnradpumpen f\u00fcr die Extrusion von thermoplastischen Kunststoffen. Extrusionsanlagen ben\u00f6tigen eine \u00e4u\u00dferst zuverl\u00e4ssige Ausr\u00fcstung mit hoher [&hellip;]","og_url":"https:\/\/corona1.eu\/de\/maag-zahnradpumpen\/extrex-zahnradpumpen\/","og_site_name":"CORONA Serwis","article_modified_time":"2025-04-10T09:42:23+00:00","og_image":[{"width":512,"height":512,"url":"https:\/\/corona1.eu\/de\/wp-content\/uploads\/2025\/04\/extrex_RV_RB_maag_maag-group.png","type":"image\/png"}],"twitter_card":"summary_large_image","twitter_misc":{"Gesch\u00e4tzte Lesezeit":"1\u00a0Minute"},"schema":{"@context":"https:\/\/schema.org","@graph":[{"@type":"WebPage","@id":"https:\/\/corona1.eu\/de\/maag-zahnradpumpen\/extrex-zahnradpumpen\/","url":"https:\/\/corona1.eu\/de\/maag-zahnradpumpen\/extrex-zahnradpumpen\/","name":"extrex\u00ae - Zahnradpumpen - CORONA Serwis","isPartOf":{"@id":"https:\/\/corona1.eu\/de\/#website"},"primaryImageOfPage":{"@id":"https:\/\/corona1.eu\/de\/maag-zahnradpumpen\/extrex-zahnradpumpen\/#primaryimage"},"image":{"@id":"https:\/\/corona1.eu\/de\/maag-zahnradpumpen\/extrex-zahnradpumpen\/#primaryimage"},"thumbnailUrl":"https:\/\/corona1.eu\/de\/wp-content\/uploads\/2025\/04\/extrex_RV_RB_maag_maag-group.png","datePublished":"2025-04-10T09:42:11+00:00","dateModified":"2025-04-10T09:42:23+00:00","breadcrumb":{"@id":"https:\/\/corona1.eu\/de\/maag-zahnradpumpen\/extrex-zahnradpumpen\/#breadcrumb"},"inLanguage":"de","potentialAction":[{"@type":"ReadAction","target":["https:\/\/corona1.eu\/de\/maag-zahnradpumpen\/extrex-zahnradpumpen\/"]}]},{"@type":"ImageObject","inLanguage":"de","@id":"https:\/\/corona1.eu\/de\/maag-zahnradpumpen\/extrex-zahnradpumpen\/#primaryimage","url":"https:\/\/corona1.eu\/de\/wp-content\/uploads\/2025\/04\/extrex_RV_RB_maag_maag-group.png","contentUrl":"https:\/\/corona1.eu\/de\/wp-content\/uploads\/2025\/04\/extrex_RV_RB_maag_maag-group.png","width":512,"height":512},{"@type":"BreadcrumbList","@id":"https:\/\/corona1.eu\/de\/maag-zahnradpumpen\/extrex-zahnradpumpen\/#breadcrumb","itemListElement":[{"@type":"ListItem","position":1,"name":"Startseite","item":"https:\/\/corona1.eu\/de\/"},{"@type":"ListItem","position":2,"name":"MAAG Zahnradpumpen","item":"https:\/\/corona1.eu\/de\/maag-zahnradpumpen\/"},{"@type":"ListItem","position":3,"name":"extrex\u00ae &#8211; Zahnradpumpen"}]},{"@type":"WebSite","@id":"https:\/\/corona1.eu\/de\/#website","url":"https:\/\/corona1.eu\/de\/","name":"CORONA Serwis","description":"","potentialAction":[{"@type":"SearchAction","target":{"@type":"EntryPoint","urlTemplate":"https:\/\/corona1.eu\/de\/?s={search_term_string}"},"query-input":{"@type":"PropertyValueSpecification","valueRequired":true,"valueName":"search_term_string"}}],"inLanguage":"de"}]}},"_links":{"self":[{"href":"https:\/\/corona1.eu\/de\/wp-json\/wp\/v2\/pages\/291","targetHints":{"allow":["GET"]}}],"collection":[{"href":"https:\/\/corona1.eu\/de\/wp-json\/wp\/v2\/pages"}],"about":[{"href":"https:\/\/corona1.eu\/de\/wp-json\/wp\/v2\/types\/page"}],"author":[{"embeddable":true,"href":"https:\/\/corona1.eu\/de\/wp-json\/wp\/v2\/users\/1"}],"replies":[{"embeddable":true,"href":"https:\/\/corona1.eu\/de\/wp-json\/wp\/v2\/comments?post=291"}],"version-history":[{"count":2,"href":"https:\/\/corona1.eu\/de\/wp-json\/wp\/v2\/pages\/291\/revisions"}],"predecessor-version":[{"id":294,"href":"https:\/\/corona1.eu\/de\/wp-json\/wp\/v2\/pages\/291\/revisions\/294"}],"up":[{"embeddable":true,"href":"https:\/\/corona1.eu\/de\/wp-json\/wp\/v2\/pages\/274"}],"wp:featuredmedia":[{"embeddable":true,"href":"https:\/\/corona1.eu\/de\/wp-json\/wp\/v2\/media\/292"}],"wp:attachment":[{"href":"https:\/\/corona1.eu\/de\/wp-json\/wp\/v2\/media?parent=291"}],"wp:term":[{"taxonomy":"category","embeddable":true,"href":"https:\/\/corona1.eu\/de\/wp-json\/wp\/v2\/categories?post=291"},{"taxonomy":"post_tag","embeddable":true,"href":"https:\/\/corona1.eu\/de\/wp-json\/wp\/v2\/tags?post=291"}],"curies":[{"name":"wp","href":"https:\/\/api.w.org\/{rel}","templated":true}]}}