{"id":288,"date":"2025-04-10T11:34:17","date_gmt":"2025-04-10T09:34:17","guid":{"rendered":"https:\/\/corona1.eu\/de\/?page_id=288"},"modified":"2025-04-10T11:43:08","modified_gmt":"2025-04-10T09:43:08","slug":"refinex-refitherm-v-zahnradpumpen","status":"publish","type":"page","link":"https:\/\/corona1.eu\/de\/maag-zahnradpumpen\/refinex-refitherm-v-zahnradpumpen\/","title":{"rendered":"refinex\u00ae refitherm\u00ae &#8211; Zahnradpumpen"},"content":{"rendered":"\n<p class=\"has-text-color\" style=\"color:#e79400\"><em>Beheizte Zahnradpumpen f\u00fcr industrielle Prozesse.<\/em><\/p>\n\n\n\n<p>Chemie- und Industrieanlagen sind anspruchsvoll. Hohe Prozessdr\u00fccke, hohe Temperaturen und z\u00e4hfl\u00fcssige Medien sind hier an der Tagesordnung. Maag Zahnradpumpen entfalten genau in diesen Umgebungen ihr volles Potenzial. refinex\u00ae \/ refitherm \u00ae Zahnradpumpen sind robuste, hitzebest\u00e4ndige F\u00f6rderger\u00e4te aus rostfreiem Stahl, die den hohen Qualit\u00e4tsanforderungen der chemischen Prozessindustrie gerecht werden.<\/p>\n\n\n\n<p>Dank der breiten Palette an verf\u00fcgbaren Komponenten und Werkstoffen k\u00f6nnen die Maag Zahnradpumpen kundenspezifisch konfiguriert werden. Dies macht sie wesentlich effizienter und zuverl\u00e4ssiger als herk\u00f6mmliche Pumpen. Ob es sich um hochreine, korrosive, z\u00e4hfl\u00fcssige oder sehr heisse Medien handelt, Maag Zahnradpumpen haben f\u00fcr jede Aufgabe die passende L\u00f6sung.<\/p>\n","protected":false},"excerpt":{"rendered":"<p>Beheizte Zahnradpumpen f\u00fcr industrielle Prozesse. Chemie- und Industrieanlagen sind anspruchsvoll. Hohe Prozessdr\u00fccke, hohe Temperaturen und [&hellip;]<\/p>\n","protected":false},"author":1,"featured_media":289,"parent":274,"menu_order":0,"comment_status":"closed","ping_status":"closed","template":"kg_products_template.php","meta":{"pgc_sgb_lightbox_settings":"","footnotes":""},"categories":[23],"tags":[],"class_list":["post-288","page","type-page","status-publish","has-post-thumbnail","hentry","category-maag-zahnradpumpen"],"yoast_head":"<!-- This site is optimized with the Yoast SEO plugin v27.1.1 - https:\/\/yoast.com\/product\/yoast-seo-wordpress\/ -->\n<title>refinex\u00ae refitherm\u00ae - Zahnradpumpen - CORONA Serwis<\/title>\n<meta name=\"robots\" content=\"index, follow, max-snippet:-1, max-image-preview:large, max-video-preview:-1\" \/>\n<link rel=\"canonical\" href=\"https:\/\/corona1.eu\/de\/maag-zahnradpumpen\/refinex-refitherm-v-zahnradpumpen\/\" \/>\n<meta property=\"og:locale\" content=\"de_DE\" \/>\n<meta property=\"og:type\" content=\"article\" \/>\n<meta property=\"og:title\" content=\"refinex\u00ae refitherm\u00ae - Zahnradpumpen - CORONA Serwis\" \/>\n<meta property=\"og:description\" content=\"Beheizte Zahnradpumpen f\u00fcr industrielle Prozesse. Chemie- und Industrieanlagen sind anspruchsvoll. Hohe Prozessdr\u00fccke, hohe Temperaturen und [&hellip;]\" \/>\n<meta property=\"og:url\" content=\"https:\/\/corona1.eu\/de\/maag-zahnradpumpen\/refinex-refitherm-v-zahnradpumpen\/\" \/>\n<meta property=\"og:site_name\" content=\"CORONA Serwis\" \/>\n<meta property=\"article:modified_time\" content=\"2025-04-10T09:43:08+00:00\" \/>\n<meta property=\"og:image\" content=\"https:\/\/corona1.eu\/de\/wp-content\/uploads\/2025\/04\/refinex-refitherm_maag_industrial-pump_maag-group.png\" \/>\n\t<meta property=\"og:image:width\" content=\"512\" \/>\n\t<meta property=\"og:image:height\" content=\"512\" \/>\n\t<meta property=\"og:image:type\" content=\"image\/png\" \/>\n<meta name=\"twitter:card\" content=\"summary_large_image\" \/>\n<meta name=\"twitter:label1\" content=\"Gesch\u00e4tzte Lesezeit\" \/>\n\t<meta name=\"twitter:data1\" content=\"1\u00a0Minute\" \/>\n<script type=\"application\/ld+json\" class=\"yoast-schema-graph\">{\"@context\":\"https:\/\/schema.org\",\"@graph\":[{\"@type\":\"WebPage\",\"@id\":\"https:\/\/corona1.eu\/de\/maag-zahnradpumpen\/refinex-refitherm-v-zahnradpumpen\/\",\"url\":\"https:\/\/corona1.eu\/de\/maag-zahnradpumpen\/refinex-refitherm-v-zahnradpumpen\/\",\"name\":\"refinex\u00ae refitherm\u00ae - Zahnradpumpen - CORONA Serwis\",\"isPartOf\":{\"@id\":\"https:\/\/corona1.eu\/de\/#website\"},\"primaryImageOfPage\":{\"@id\":\"https:\/\/corona1.eu\/de\/maag-zahnradpumpen\/refinex-refitherm-v-zahnradpumpen\/#primaryimage\"},\"image\":{\"@id\":\"https:\/\/corona1.eu\/de\/maag-zahnradpumpen\/refinex-refitherm-v-zahnradpumpen\/#primaryimage\"},\"thumbnailUrl\":\"https:\/\/corona1.eu\/de\/wp-content\/uploads\/2025\/04\/refinex-refitherm_maag_industrial-pump_maag-group.png\",\"datePublished\":\"2025-04-10T09:34:17+00:00\",\"dateModified\":\"2025-04-10T09:43:08+00:00\",\"breadcrumb\":{\"@id\":\"https:\/\/corona1.eu\/de\/maag-zahnradpumpen\/refinex-refitherm-v-zahnradpumpen\/#breadcrumb\"},\"inLanguage\":\"de\",\"potentialAction\":[{\"@type\":\"ReadAction\",\"target\":[\"https:\/\/corona1.eu\/de\/maag-zahnradpumpen\/refinex-refitherm-v-zahnradpumpen\/\"]}]},{\"@type\":\"ImageObject\",\"inLanguage\":\"de\",\"@id\":\"https:\/\/corona1.eu\/de\/maag-zahnradpumpen\/refinex-refitherm-v-zahnradpumpen\/#primaryimage\",\"url\":\"https:\/\/corona1.eu\/de\/wp-content\/uploads\/2025\/04\/refinex-refitherm_maag_industrial-pump_maag-group.png\",\"contentUrl\":\"https:\/\/corona1.eu\/de\/wp-content\/uploads\/2025\/04\/refinex-refitherm_maag_industrial-pump_maag-group.png\",\"width\":512,\"height\":512},{\"@type\":\"BreadcrumbList\",\"@id\":\"https:\/\/corona1.eu\/de\/maag-zahnradpumpen\/refinex-refitherm-v-zahnradpumpen\/#breadcrumb\",\"itemListElement\":[{\"@type\":\"ListItem\",\"position\":1,\"name\":\"Startseite\",\"item\":\"https:\/\/corona1.eu\/de\/\"},{\"@type\":\"ListItem\",\"position\":2,\"name\":\"MAAG Zahnradpumpen\",\"item\":\"https:\/\/corona1.eu\/de\/maag-zahnradpumpen\/\"},{\"@type\":\"ListItem\",\"position\":3,\"name\":\"refinex\u00ae refitherm\u00ae &#8211; Zahnradpumpen\"}]},{\"@type\":\"WebSite\",\"@id\":\"https:\/\/corona1.eu\/de\/#website\",\"url\":\"https:\/\/corona1.eu\/de\/\",\"name\":\"CORONA Serwis\",\"description\":\"\",\"potentialAction\":[{\"@type\":\"SearchAction\",\"target\":{\"@type\":\"EntryPoint\",\"urlTemplate\":\"https:\/\/corona1.eu\/de\/?s={search_term_string}\"},\"query-input\":{\"@type\":\"PropertyValueSpecification\",\"valueRequired\":true,\"valueName\":\"search_term_string\"}}],\"inLanguage\":\"de\"}]}<\/script>\n<!-- \/ Yoast SEO plugin. -->","yoast_head_json":{"title":"refinex\u00ae refitherm\u00ae - Zahnradpumpen - CORONA Serwis","robots":{"index":"index","follow":"follow","max-snippet":"max-snippet:-1","max-image-preview":"max-image-preview:large","max-video-preview":"max-video-preview:-1"},"canonical":"https:\/\/corona1.eu\/de\/maag-zahnradpumpen\/refinex-refitherm-v-zahnradpumpen\/","og_locale":"de_DE","og_type":"article","og_title":"refinex\u00ae refitherm\u00ae - Zahnradpumpen - CORONA Serwis","og_description":"Beheizte Zahnradpumpen f\u00fcr industrielle Prozesse. Chemie- und Industrieanlagen sind anspruchsvoll. Hohe Prozessdr\u00fccke, hohe Temperaturen und [&hellip;]","og_url":"https:\/\/corona1.eu\/de\/maag-zahnradpumpen\/refinex-refitherm-v-zahnradpumpen\/","og_site_name":"CORONA Serwis","article_modified_time":"2025-04-10T09:43:08+00:00","og_image":[{"width":512,"height":512,"url":"https:\/\/corona1.eu\/de\/wp-content\/uploads\/2025\/04\/refinex-refitherm_maag_industrial-pump_maag-group.png","type":"image\/png"}],"twitter_card":"summary_large_image","twitter_misc":{"Gesch\u00e4tzte Lesezeit":"1\u00a0Minute"},"schema":{"@context":"https:\/\/schema.org","@graph":[{"@type":"WebPage","@id":"https:\/\/corona1.eu\/de\/maag-zahnradpumpen\/refinex-refitherm-v-zahnradpumpen\/","url":"https:\/\/corona1.eu\/de\/maag-zahnradpumpen\/refinex-refitherm-v-zahnradpumpen\/","name":"refinex\u00ae refitherm\u00ae - Zahnradpumpen - CORONA Serwis","isPartOf":{"@id":"https:\/\/corona1.eu\/de\/#website"},"primaryImageOfPage":{"@id":"https:\/\/corona1.eu\/de\/maag-zahnradpumpen\/refinex-refitherm-v-zahnradpumpen\/#primaryimage"},"image":{"@id":"https:\/\/corona1.eu\/de\/maag-zahnradpumpen\/refinex-refitherm-v-zahnradpumpen\/#primaryimage"},"thumbnailUrl":"https:\/\/corona1.eu\/de\/wp-content\/uploads\/2025\/04\/refinex-refitherm_maag_industrial-pump_maag-group.png","datePublished":"2025-04-10T09:34:17+00:00","dateModified":"2025-04-10T09:43:08+00:00","breadcrumb":{"@id":"https:\/\/corona1.eu\/de\/maag-zahnradpumpen\/refinex-refitherm-v-zahnradpumpen\/#breadcrumb"},"inLanguage":"de","potentialAction":[{"@type":"ReadAction","target":["https:\/\/corona1.eu\/de\/maag-zahnradpumpen\/refinex-refitherm-v-zahnradpumpen\/"]}]},{"@type":"ImageObject","inLanguage":"de","@id":"https:\/\/corona1.eu\/de\/maag-zahnradpumpen\/refinex-refitherm-v-zahnradpumpen\/#primaryimage","url":"https:\/\/corona1.eu\/de\/wp-content\/uploads\/2025\/04\/refinex-refitherm_maag_industrial-pump_maag-group.png","contentUrl":"https:\/\/corona1.eu\/de\/wp-content\/uploads\/2025\/04\/refinex-refitherm_maag_industrial-pump_maag-group.png","width":512,"height":512},{"@type":"BreadcrumbList","@id":"https:\/\/corona1.eu\/de\/maag-zahnradpumpen\/refinex-refitherm-v-zahnradpumpen\/#breadcrumb","itemListElement":[{"@type":"ListItem","position":1,"name":"Startseite","item":"https:\/\/corona1.eu\/de\/"},{"@type":"ListItem","position":2,"name":"MAAG Zahnradpumpen","item":"https:\/\/corona1.eu\/de\/maag-zahnradpumpen\/"},{"@type":"ListItem","position":3,"name":"refinex\u00ae refitherm\u00ae &#8211; Zahnradpumpen"}]},{"@type":"WebSite","@id":"https:\/\/corona1.eu\/de\/#website","url":"https:\/\/corona1.eu\/de\/","name":"CORONA Serwis","description":"","potentialAction":[{"@type":"SearchAction","target":{"@type":"EntryPoint","urlTemplate":"https:\/\/corona1.eu\/de\/?s={search_term_string}"},"query-input":{"@type":"PropertyValueSpecification","valueRequired":true,"valueName":"search_term_string"}}],"inLanguage":"de"}]}},"_links":{"self":[{"href":"https:\/\/corona1.eu\/de\/wp-json\/wp\/v2\/pages\/288","targetHints":{"allow":["GET"]}}],"collection":[{"href":"https:\/\/corona1.eu\/de\/wp-json\/wp\/v2\/pages"}],"about":[{"href":"https:\/\/corona1.eu\/de\/wp-json\/wp\/v2\/types\/page"}],"author":[{"embeddable":true,"href":"https:\/\/corona1.eu\/de\/wp-json\/wp\/v2\/users\/1"}],"replies":[{"embeddable":true,"href":"https:\/\/corona1.eu\/de\/wp-json\/wp\/v2\/comments?post=288"}],"version-history":[{"count":2,"href":"https:\/\/corona1.eu\/de\/wp-json\/wp\/v2\/pages\/288\/revisions"}],"predecessor-version":[{"id":296,"href":"https:\/\/corona1.eu\/de\/wp-json\/wp\/v2\/pages\/288\/revisions\/296"}],"up":[{"embeddable":true,"href":"https:\/\/corona1.eu\/de\/wp-json\/wp\/v2\/pages\/274"}],"wp:featuredmedia":[{"embeddable":true,"href":"https:\/\/corona1.eu\/de\/wp-json\/wp\/v2\/media\/289"}],"wp:attachment":[{"href":"https:\/\/corona1.eu\/de\/wp-json\/wp\/v2\/media?parent=288"}],"wp:term":[{"taxonomy":"category","embeddable":true,"href":"https:\/\/corona1.eu\/de\/wp-json\/wp\/v2\/categories?post=288"},{"taxonomy":"post_tag","embeddable":true,"href":"https:\/\/corona1.eu\/de\/wp-json\/wp\/v2\/tags?post=288"}],"curies":[{"name":"wp","href":"https:\/\/api.w.org\/{rel}","templated":true}]}}