{"id":285,"date":"2025-04-10T11:29:39","date_gmt":"2025-04-10T09:29:39","guid":{"rendered":"https:\/\/corona1.eu\/de\/?page_id=285"},"modified":"2025-04-10T11:43:06","modified_gmt":"2025-04-10T09:43:06","slug":"hydrolub-v-zahnradpumpen","status":"publish","type":"page","link":"https:\/\/corona1.eu\/de\/maag-zahnradpumpen\/hydrolub-v-zahnradpumpen\/","title":{"rendered":"hydrolub\u00ae &#8211; Zahnradpumpen"},"content":{"rendered":"\n<p class=\"has-text-color\" style=\"color:#e79400\">Zahnradpumpe aus Gusseisen f\u00fcr industrielle Prozesse.<\/p>\n\n\n\n<p>St\u00e4ndig in Betrieb befindliche Anlagen erfordern zuverl\u00e4ssige Komponenten. Bei der F\u00f6rderung von Schmier\u00f6len oder in verfahrenstechnischen Anlagen brauchen Sie eine Pumpe, die zuverl\u00e4ssig arbeitet. Genau in diesem Umfeld entfaltet Maag sein volles Potenzial. Hydrolub\u00ae-Pumpen sind \u00e4usserst zuverl\u00e4ssige F\u00f6rderaggregate aus Gusseisen, die den hohen Qualit\u00e4tsanforderungen der heutigen Industrietechnik gerecht werden.<\/p>\n\n\n\n<p>Dank der breiten Palette an verf\u00fcgbaren Komponenten und Werkstoffen k\u00f6nnen Maag Zahnradpumpen auf die spezifischen Kundenbed\u00fcrfnisse abgestimmt werden. Dadurch sind sie wesentlich effizienter und zuverl\u00e4ssiger als herk\u00f6mmliche Pumpen. Ob es sich um hochreine, korrosive, viskose oder sehr heisse Medien handelt, Maag Zahnradpumpen bieten f\u00fcr jede Aufgabe die passende L\u00f6sung.<\/p>\n","protected":false},"excerpt":{"rendered":"<p>Zahnradpumpe aus Gusseisen f\u00fcr industrielle Prozesse. St\u00e4ndig in Betrieb befindliche Anlagen erfordern zuverl\u00e4ssige Komponenten. Bei [&hellip;]<\/p>\n","protected":false},"author":1,"featured_media":286,"parent":274,"menu_order":0,"comment_status":"closed","ping_status":"closed","template":"kg_products_template.php","meta":{"pgc_sgb_lightbox_settings":"","footnotes":""},"categories":[23],"tags":[],"class_list":["post-285","page","type-page","status-publish","has-post-thumbnail","hentry","category-maag-zahnradpumpen"],"yoast_head":"<!-- This site is optimized with the Yoast SEO plugin v27.1.1 - https:\/\/yoast.com\/product\/yoast-seo-wordpress\/ -->\n<title>hydrolub\u00ae - Zahnradpumpen - CORONA Serwis<\/title>\n<meta name=\"robots\" content=\"index, follow, max-snippet:-1, max-image-preview:large, max-video-preview:-1\" \/>\n<link rel=\"canonical\" href=\"https:\/\/corona1.eu\/de\/maag-zahnradpumpen\/hydrolub-v-zahnradpumpen\/\" \/>\n<meta property=\"og:locale\" content=\"de_DE\" \/>\n<meta property=\"og:type\" content=\"article\" \/>\n<meta property=\"og:title\" content=\"hydrolub\u00ae - Zahnradpumpen - CORONA Serwis\" \/>\n<meta property=\"og:description\" content=\"Zahnradpumpe aus Gusseisen f\u00fcr industrielle Prozesse. St\u00e4ndig in Betrieb befindliche Anlagen erfordern zuverl\u00e4ssige Komponenten. Bei [&hellip;]\" \/>\n<meta property=\"og:url\" content=\"https:\/\/corona1.eu\/de\/maag-zahnradpumpen\/hydrolub-v-zahnradpumpen\/\" \/>\n<meta property=\"og:site_name\" content=\"CORONA Serwis\" \/>\n<meta property=\"article:modified_time\" content=\"2025-04-10T09:43:06+00:00\" \/>\n<meta property=\"og:image\" content=\"https:\/\/corona1.eu\/de\/wp-content\/uploads\/2025\/04\/hydrolub_maag_industrial-pump_maag-group.png\" \/>\n\t<meta property=\"og:image:width\" content=\"512\" \/>\n\t<meta property=\"og:image:height\" content=\"512\" \/>\n\t<meta property=\"og:image:type\" content=\"image\/png\" \/>\n<meta name=\"twitter:card\" content=\"summary_large_image\" \/>\n<meta name=\"twitter:label1\" content=\"Gesch\u00e4tzte Lesezeit\" \/>\n\t<meta name=\"twitter:data1\" content=\"1\u00a0Minute\" \/>\n<script type=\"application\/ld+json\" class=\"yoast-schema-graph\">{\"@context\":\"https:\/\/schema.org\",\"@graph\":[{\"@type\":\"WebPage\",\"@id\":\"https:\/\/corona1.eu\/de\/maag-zahnradpumpen\/hydrolub-v-zahnradpumpen\/\",\"url\":\"https:\/\/corona1.eu\/de\/maag-zahnradpumpen\/hydrolub-v-zahnradpumpen\/\",\"name\":\"hydrolub\u00ae - Zahnradpumpen - CORONA Serwis\",\"isPartOf\":{\"@id\":\"https:\/\/corona1.eu\/de\/#website\"},\"primaryImageOfPage\":{\"@id\":\"https:\/\/corona1.eu\/de\/maag-zahnradpumpen\/hydrolub-v-zahnradpumpen\/#primaryimage\"},\"image\":{\"@id\":\"https:\/\/corona1.eu\/de\/maag-zahnradpumpen\/hydrolub-v-zahnradpumpen\/#primaryimage\"},\"thumbnailUrl\":\"https:\/\/corona1.eu\/de\/wp-content\/uploads\/2025\/04\/hydrolub_maag_industrial-pump_maag-group.png\",\"datePublished\":\"2025-04-10T09:29:39+00:00\",\"dateModified\":\"2025-04-10T09:43:06+00:00\",\"breadcrumb\":{\"@id\":\"https:\/\/corona1.eu\/de\/maag-zahnradpumpen\/hydrolub-v-zahnradpumpen\/#breadcrumb\"},\"inLanguage\":\"de\",\"potentialAction\":[{\"@type\":\"ReadAction\",\"target\":[\"https:\/\/corona1.eu\/de\/maag-zahnradpumpen\/hydrolub-v-zahnradpumpen\/\"]}]},{\"@type\":\"ImageObject\",\"inLanguage\":\"de\",\"@id\":\"https:\/\/corona1.eu\/de\/maag-zahnradpumpen\/hydrolub-v-zahnradpumpen\/#primaryimage\",\"url\":\"https:\/\/corona1.eu\/de\/wp-content\/uploads\/2025\/04\/hydrolub_maag_industrial-pump_maag-group.png\",\"contentUrl\":\"https:\/\/corona1.eu\/de\/wp-content\/uploads\/2025\/04\/hydrolub_maag_industrial-pump_maag-group.png\",\"width\":512,\"height\":512},{\"@type\":\"BreadcrumbList\",\"@id\":\"https:\/\/corona1.eu\/de\/maag-zahnradpumpen\/hydrolub-v-zahnradpumpen\/#breadcrumb\",\"itemListElement\":[{\"@type\":\"ListItem\",\"position\":1,\"name\":\"Startseite\",\"item\":\"https:\/\/corona1.eu\/de\/\"},{\"@type\":\"ListItem\",\"position\":2,\"name\":\"MAAG Zahnradpumpen\",\"item\":\"https:\/\/corona1.eu\/de\/maag-zahnradpumpen\/\"},{\"@type\":\"ListItem\",\"position\":3,\"name\":\"hydrolub\u00ae &#8211; Zahnradpumpen\"}]},{\"@type\":\"WebSite\",\"@id\":\"https:\/\/corona1.eu\/de\/#website\",\"url\":\"https:\/\/corona1.eu\/de\/\",\"name\":\"CORONA Serwis\",\"description\":\"\",\"potentialAction\":[{\"@type\":\"SearchAction\",\"target\":{\"@type\":\"EntryPoint\",\"urlTemplate\":\"https:\/\/corona1.eu\/de\/?s={search_term_string}\"},\"query-input\":{\"@type\":\"PropertyValueSpecification\",\"valueRequired\":true,\"valueName\":\"search_term_string\"}}],\"inLanguage\":\"de\"}]}<\/script>\n<!-- \/ Yoast SEO plugin. -->","yoast_head_json":{"title":"hydrolub\u00ae - Zahnradpumpen - CORONA Serwis","robots":{"index":"index","follow":"follow","max-snippet":"max-snippet:-1","max-image-preview":"max-image-preview:large","max-video-preview":"max-video-preview:-1"},"canonical":"https:\/\/corona1.eu\/de\/maag-zahnradpumpen\/hydrolub-v-zahnradpumpen\/","og_locale":"de_DE","og_type":"article","og_title":"hydrolub\u00ae - Zahnradpumpen - CORONA Serwis","og_description":"Zahnradpumpe aus Gusseisen f\u00fcr industrielle Prozesse. St\u00e4ndig in Betrieb befindliche Anlagen erfordern zuverl\u00e4ssige Komponenten. Bei [&hellip;]","og_url":"https:\/\/corona1.eu\/de\/maag-zahnradpumpen\/hydrolub-v-zahnradpumpen\/","og_site_name":"CORONA Serwis","article_modified_time":"2025-04-10T09:43:06+00:00","og_image":[{"width":512,"height":512,"url":"https:\/\/corona1.eu\/de\/wp-content\/uploads\/2025\/04\/hydrolub_maag_industrial-pump_maag-group.png","type":"image\/png"}],"twitter_card":"summary_large_image","twitter_misc":{"Gesch\u00e4tzte Lesezeit":"1\u00a0Minute"},"schema":{"@context":"https:\/\/schema.org","@graph":[{"@type":"WebPage","@id":"https:\/\/corona1.eu\/de\/maag-zahnradpumpen\/hydrolub-v-zahnradpumpen\/","url":"https:\/\/corona1.eu\/de\/maag-zahnradpumpen\/hydrolub-v-zahnradpumpen\/","name":"hydrolub\u00ae - Zahnradpumpen - CORONA Serwis","isPartOf":{"@id":"https:\/\/corona1.eu\/de\/#website"},"primaryImageOfPage":{"@id":"https:\/\/corona1.eu\/de\/maag-zahnradpumpen\/hydrolub-v-zahnradpumpen\/#primaryimage"},"image":{"@id":"https:\/\/corona1.eu\/de\/maag-zahnradpumpen\/hydrolub-v-zahnradpumpen\/#primaryimage"},"thumbnailUrl":"https:\/\/corona1.eu\/de\/wp-content\/uploads\/2025\/04\/hydrolub_maag_industrial-pump_maag-group.png","datePublished":"2025-04-10T09:29:39+00:00","dateModified":"2025-04-10T09:43:06+00:00","breadcrumb":{"@id":"https:\/\/corona1.eu\/de\/maag-zahnradpumpen\/hydrolub-v-zahnradpumpen\/#breadcrumb"},"inLanguage":"de","potentialAction":[{"@type":"ReadAction","target":["https:\/\/corona1.eu\/de\/maag-zahnradpumpen\/hydrolub-v-zahnradpumpen\/"]}]},{"@type":"ImageObject","inLanguage":"de","@id":"https:\/\/corona1.eu\/de\/maag-zahnradpumpen\/hydrolub-v-zahnradpumpen\/#primaryimage","url":"https:\/\/corona1.eu\/de\/wp-content\/uploads\/2025\/04\/hydrolub_maag_industrial-pump_maag-group.png","contentUrl":"https:\/\/corona1.eu\/de\/wp-content\/uploads\/2025\/04\/hydrolub_maag_industrial-pump_maag-group.png","width":512,"height":512},{"@type":"BreadcrumbList","@id":"https:\/\/corona1.eu\/de\/maag-zahnradpumpen\/hydrolub-v-zahnradpumpen\/#breadcrumb","itemListElement":[{"@type":"ListItem","position":1,"name":"Startseite","item":"https:\/\/corona1.eu\/de\/"},{"@type":"ListItem","position":2,"name":"MAAG Zahnradpumpen","item":"https:\/\/corona1.eu\/de\/maag-zahnradpumpen\/"},{"@type":"ListItem","position":3,"name":"hydrolub\u00ae &#8211; Zahnradpumpen"}]},{"@type":"WebSite","@id":"https:\/\/corona1.eu\/de\/#website","url":"https:\/\/corona1.eu\/de\/","name":"CORONA Serwis","description":"","potentialAction":[{"@type":"SearchAction","target":{"@type":"EntryPoint","urlTemplate":"https:\/\/corona1.eu\/de\/?s={search_term_string}"},"query-input":{"@type":"PropertyValueSpecification","valueRequired":true,"valueName":"search_term_string"}}],"inLanguage":"de"}]}},"_links":{"self":[{"href":"https:\/\/corona1.eu\/de\/wp-json\/wp\/v2\/pages\/285","targetHints":{"allow":["GET"]}}],"collection":[{"href":"https:\/\/corona1.eu\/de\/wp-json\/wp\/v2\/pages"}],"about":[{"href":"https:\/\/corona1.eu\/de\/wp-json\/wp\/v2\/types\/page"}],"author":[{"embeddable":true,"href":"https:\/\/corona1.eu\/de\/wp-json\/wp\/v2\/users\/1"}],"replies":[{"embeddable":true,"href":"https:\/\/corona1.eu\/de\/wp-json\/wp\/v2\/comments?post=285"}],"version-history":[{"count":2,"href":"https:\/\/corona1.eu\/de\/wp-json\/wp\/v2\/pages\/285\/revisions"}],"predecessor-version":[{"id":295,"href":"https:\/\/corona1.eu\/de\/wp-json\/wp\/v2\/pages\/285\/revisions\/295"}],"up":[{"embeddable":true,"href":"https:\/\/corona1.eu\/de\/wp-json\/wp\/v2\/pages\/274"}],"wp:featuredmedia":[{"embeddable":true,"href":"https:\/\/corona1.eu\/de\/wp-json\/wp\/v2\/media\/286"}],"wp:attachment":[{"href":"https:\/\/corona1.eu\/de\/wp-json\/wp\/v2\/media?parent=285"}],"wp:term":[{"taxonomy":"category","embeddable":true,"href":"https:\/\/corona1.eu\/de\/wp-json\/wp\/v2\/categories?post=285"},{"taxonomy":"post_tag","embeddable":true,"href":"https:\/\/corona1.eu\/de\/wp-json\/wp\/v2\/tags?post=285"}],"curies":[{"name":"wp","href":"https:\/\/api.w.org\/{rel}","templated":true}]}}