{"id":282,"date":"2025-04-10T11:27:07","date_gmt":"2025-04-10T09:27:07","guid":{"rendered":"https:\/\/corona1.eu\/de\/?page_id=282"},"modified":"2025-04-10T11:27:11","modified_gmt":"2025-04-10T09:27:11","slug":"cinox-v-therminox-v-zahnradpumpen","status":"publish","type":"page","link":"https:\/\/corona1.eu\/de\/maag-zahnradpumpen\/cinox-v-therminox-v-zahnradpumpen\/","title":{"rendered":"cinox\u00ae &#8211; V therminox\u00ae &#8211; V Zahnradpumpen"},"content":{"rendered":"\n<p class=\"has-text-color\" style=\"color:#e79400\">Str\u00f6mungspumpen aus Edelstahl f\u00fcr industrielle Prozessanwendungen<\/p>\n\n\n\n<p>S\u00e4uren, Laugen, L\u00f6sungsmittel und andere korrosive Stoffe in jeder erdenklichen Form geh\u00f6ren zum Alltag in der chemischen Prozessindustrie. Genau in diesem Umfeld entfalten Maag Zahnradpumpen ihr volles Potenzial.<\/p>\n\n\n\n<p>cinox\u00ae V \/ therminox\u00ae &#8211; V sind Str\u00f6mungspumpen. Sie sind f\u00fcr hochviskose Fl\u00fcssigkeiten konzipiert, die auch bei niedrigem Vordruck schonend aus Reaktoren und Entgasungsanlagen abgesaugt werden und so optimale F\u00fclleigenschaften und eine kurze Verweilzeit des Mediums gew\u00e4hrleisten. Diese neue Pumpenbaureihe verbindet die hervorragenden Flie\u00dfeigenschaften von Polymerpumpen mit den anspruchsvollen Bedingungen der chemischen Industrie.<\/p>\n\n\n\n<p>Dank der breiten Palette an verf\u00fcgbaren Komponenten und Werkstoffen k\u00f6nnen die Maag Zahnradpumpen auf die spezifischen Kundenbed\u00fcrfnisse abgestimmt werden. Dadurch sind sie wesentlich effizienter und zuverl\u00e4ssiger als herk\u00f6mmliche Pumpen. Ob es sich um hochreine, korrosive, viskose oder sehr heisse Medien handelt, Maag Zahnradpumpen bieten f\u00fcr jede Aufgabe die passende L\u00f6sung. Optimales F\u00fcllverhalten dank vergr\u00f6sserter Einlauf\u00f6ffnung und optimierter Einlaufgeometrie.<\/p>\n","protected":false},"excerpt":{"rendered":"<p>Str\u00f6mungspumpen aus Edelstahl f\u00fcr industrielle Prozessanwendungen S\u00e4uren, Laugen, L\u00f6sungsmittel und andere korrosive Stoffe in jeder [&hellip;]<\/p>\n","protected":false},"author":1,"featured_media":283,"parent":274,"menu_order":0,"comment_status":"closed","ping_status":"closed","template":"kg_products_template.php","meta":{"pgc_sgb_lightbox_settings":"","footnotes":""},"categories":[23],"tags":[],"class_list":["post-282","page","type-page","status-publish","has-post-thumbnail","hentry","category-maag-zahnradpumpen"],"yoast_head":"<!-- This site is optimized with the Yoast SEO plugin v27.1.1 - https:\/\/yoast.com\/product\/yoast-seo-wordpress\/ -->\n<title>cinox\u00ae - V therminox\u00ae - V Zahnradpumpen - CORONA Serwis<\/title>\n<meta name=\"robots\" content=\"index, follow, max-snippet:-1, max-image-preview:large, max-video-preview:-1\" \/>\n<link rel=\"canonical\" href=\"https:\/\/corona1.eu\/de\/maag-zahnradpumpen\/cinox-v-therminox-v-zahnradpumpen\/\" \/>\n<meta property=\"og:locale\" content=\"de_DE\" \/>\n<meta property=\"og:type\" content=\"article\" \/>\n<meta property=\"og:title\" content=\"cinox\u00ae - V therminox\u00ae - V Zahnradpumpen - CORONA Serwis\" \/>\n<meta property=\"og:description\" content=\"Str\u00f6mungspumpen aus Edelstahl f\u00fcr industrielle Prozessanwendungen S\u00e4uren, Laugen, L\u00f6sungsmittel und andere korrosive Stoffe in jeder [&hellip;]\" \/>\n<meta property=\"og:url\" content=\"https:\/\/corona1.eu\/de\/maag-zahnradpumpen\/cinox-v-therminox-v-zahnradpumpen\/\" \/>\n<meta property=\"og:site_name\" content=\"CORONA Serwis\" \/>\n<meta property=\"article:modified_time\" content=\"2025-04-10T09:27:11+00:00\" \/>\n<meta property=\"og:image\" content=\"https:\/\/corona1.eu\/de\/wp-content\/uploads\/2025\/04\/cinox-v_therminox-v_maag_industrial-pump_maag-group.png\" \/>\n\t<meta property=\"og:image:width\" content=\"512\" \/>\n\t<meta property=\"og:image:height\" content=\"512\" \/>\n\t<meta property=\"og:image:type\" content=\"image\/png\" \/>\n<meta name=\"twitter:card\" content=\"summary_large_image\" \/>\n<meta name=\"twitter:label1\" content=\"Gesch\u00e4tzte Lesezeit\" \/>\n\t<meta name=\"twitter:data1\" content=\"2\u00a0Minuten\" \/>\n<script type=\"application\/ld+json\" class=\"yoast-schema-graph\">{\"@context\":\"https:\/\/schema.org\",\"@graph\":[{\"@type\":\"WebPage\",\"@id\":\"https:\/\/corona1.eu\/de\/maag-zahnradpumpen\/cinox-v-therminox-v-zahnradpumpen\/\",\"url\":\"https:\/\/corona1.eu\/de\/maag-zahnradpumpen\/cinox-v-therminox-v-zahnradpumpen\/\",\"name\":\"cinox\u00ae - V therminox\u00ae - V Zahnradpumpen - CORONA Serwis\",\"isPartOf\":{\"@id\":\"https:\/\/corona1.eu\/de\/#website\"},\"primaryImageOfPage\":{\"@id\":\"https:\/\/corona1.eu\/de\/maag-zahnradpumpen\/cinox-v-therminox-v-zahnradpumpen\/#primaryimage\"},\"image\":{\"@id\":\"https:\/\/corona1.eu\/de\/maag-zahnradpumpen\/cinox-v-therminox-v-zahnradpumpen\/#primaryimage\"},\"thumbnailUrl\":\"https:\/\/corona1.eu\/de\/wp-content\/uploads\/2025\/04\/cinox-v_therminox-v_maag_industrial-pump_maag-group.png\",\"datePublished\":\"2025-04-10T09:27:07+00:00\",\"dateModified\":\"2025-04-10T09:27:11+00:00\",\"breadcrumb\":{\"@id\":\"https:\/\/corona1.eu\/de\/maag-zahnradpumpen\/cinox-v-therminox-v-zahnradpumpen\/#breadcrumb\"},\"inLanguage\":\"de\",\"potentialAction\":[{\"@type\":\"ReadAction\",\"target\":[\"https:\/\/corona1.eu\/de\/maag-zahnradpumpen\/cinox-v-therminox-v-zahnradpumpen\/\"]}]},{\"@type\":\"ImageObject\",\"inLanguage\":\"de\",\"@id\":\"https:\/\/corona1.eu\/de\/maag-zahnradpumpen\/cinox-v-therminox-v-zahnradpumpen\/#primaryimage\",\"url\":\"https:\/\/corona1.eu\/de\/wp-content\/uploads\/2025\/04\/cinox-v_therminox-v_maag_industrial-pump_maag-group.png\",\"contentUrl\":\"https:\/\/corona1.eu\/de\/wp-content\/uploads\/2025\/04\/cinox-v_therminox-v_maag_industrial-pump_maag-group.png\",\"width\":512,\"height\":512},{\"@type\":\"BreadcrumbList\",\"@id\":\"https:\/\/corona1.eu\/de\/maag-zahnradpumpen\/cinox-v-therminox-v-zahnradpumpen\/#breadcrumb\",\"itemListElement\":[{\"@type\":\"ListItem\",\"position\":1,\"name\":\"Startseite\",\"item\":\"https:\/\/corona1.eu\/de\/\"},{\"@type\":\"ListItem\",\"position\":2,\"name\":\"MAAG Zahnradpumpen\",\"item\":\"https:\/\/corona1.eu\/de\/maag-zahnradpumpen\/\"},{\"@type\":\"ListItem\",\"position\":3,\"name\":\"cinox\u00ae &#8211; V therminox\u00ae &#8211; V Zahnradpumpen\"}]},{\"@type\":\"WebSite\",\"@id\":\"https:\/\/corona1.eu\/de\/#website\",\"url\":\"https:\/\/corona1.eu\/de\/\",\"name\":\"CORONA Serwis\",\"description\":\"\",\"potentialAction\":[{\"@type\":\"SearchAction\",\"target\":{\"@type\":\"EntryPoint\",\"urlTemplate\":\"https:\/\/corona1.eu\/de\/?s={search_term_string}\"},\"query-input\":{\"@type\":\"PropertyValueSpecification\",\"valueRequired\":true,\"valueName\":\"search_term_string\"}}],\"inLanguage\":\"de\"}]}<\/script>\n<!-- \/ Yoast SEO plugin. -->","yoast_head_json":{"title":"cinox\u00ae - V therminox\u00ae - V Zahnradpumpen - CORONA Serwis","robots":{"index":"index","follow":"follow","max-snippet":"max-snippet:-1","max-image-preview":"max-image-preview:large","max-video-preview":"max-video-preview:-1"},"canonical":"https:\/\/corona1.eu\/de\/maag-zahnradpumpen\/cinox-v-therminox-v-zahnradpumpen\/","og_locale":"de_DE","og_type":"article","og_title":"cinox\u00ae - V therminox\u00ae - V Zahnradpumpen - CORONA Serwis","og_description":"Str\u00f6mungspumpen aus Edelstahl f\u00fcr industrielle Prozessanwendungen S\u00e4uren, Laugen, L\u00f6sungsmittel und andere korrosive Stoffe in jeder [&hellip;]","og_url":"https:\/\/corona1.eu\/de\/maag-zahnradpumpen\/cinox-v-therminox-v-zahnradpumpen\/","og_site_name":"CORONA Serwis","article_modified_time":"2025-04-10T09:27:11+00:00","og_image":[{"width":512,"height":512,"url":"https:\/\/corona1.eu\/de\/wp-content\/uploads\/2025\/04\/cinox-v_therminox-v_maag_industrial-pump_maag-group.png","type":"image\/png"}],"twitter_card":"summary_large_image","twitter_misc":{"Gesch\u00e4tzte Lesezeit":"2\u00a0Minuten"},"schema":{"@context":"https:\/\/schema.org","@graph":[{"@type":"WebPage","@id":"https:\/\/corona1.eu\/de\/maag-zahnradpumpen\/cinox-v-therminox-v-zahnradpumpen\/","url":"https:\/\/corona1.eu\/de\/maag-zahnradpumpen\/cinox-v-therminox-v-zahnradpumpen\/","name":"cinox\u00ae - V therminox\u00ae - V Zahnradpumpen - CORONA Serwis","isPartOf":{"@id":"https:\/\/corona1.eu\/de\/#website"},"primaryImageOfPage":{"@id":"https:\/\/corona1.eu\/de\/maag-zahnradpumpen\/cinox-v-therminox-v-zahnradpumpen\/#primaryimage"},"image":{"@id":"https:\/\/corona1.eu\/de\/maag-zahnradpumpen\/cinox-v-therminox-v-zahnradpumpen\/#primaryimage"},"thumbnailUrl":"https:\/\/corona1.eu\/de\/wp-content\/uploads\/2025\/04\/cinox-v_therminox-v_maag_industrial-pump_maag-group.png","datePublished":"2025-04-10T09:27:07+00:00","dateModified":"2025-04-10T09:27:11+00:00","breadcrumb":{"@id":"https:\/\/corona1.eu\/de\/maag-zahnradpumpen\/cinox-v-therminox-v-zahnradpumpen\/#breadcrumb"},"inLanguage":"de","potentialAction":[{"@type":"ReadAction","target":["https:\/\/corona1.eu\/de\/maag-zahnradpumpen\/cinox-v-therminox-v-zahnradpumpen\/"]}]},{"@type":"ImageObject","inLanguage":"de","@id":"https:\/\/corona1.eu\/de\/maag-zahnradpumpen\/cinox-v-therminox-v-zahnradpumpen\/#primaryimage","url":"https:\/\/corona1.eu\/de\/wp-content\/uploads\/2025\/04\/cinox-v_therminox-v_maag_industrial-pump_maag-group.png","contentUrl":"https:\/\/corona1.eu\/de\/wp-content\/uploads\/2025\/04\/cinox-v_therminox-v_maag_industrial-pump_maag-group.png","width":512,"height":512},{"@type":"BreadcrumbList","@id":"https:\/\/corona1.eu\/de\/maag-zahnradpumpen\/cinox-v-therminox-v-zahnradpumpen\/#breadcrumb","itemListElement":[{"@type":"ListItem","position":1,"name":"Startseite","item":"https:\/\/corona1.eu\/de\/"},{"@type":"ListItem","position":2,"name":"MAAG Zahnradpumpen","item":"https:\/\/corona1.eu\/de\/maag-zahnradpumpen\/"},{"@type":"ListItem","position":3,"name":"cinox\u00ae &#8211; V therminox\u00ae &#8211; V Zahnradpumpen"}]},{"@type":"WebSite","@id":"https:\/\/corona1.eu\/de\/#website","url":"https:\/\/corona1.eu\/de\/","name":"CORONA Serwis","description":"","potentialAction":[{"@type":"SearchAction","target":{"@type":"EntryPoint","urlTemplate":"https:\/\/corona1.eu\/de\/?s={search_term_string}"},"query-input":{"@type":"PropertyValueSpecification","valueRequired":true,"valueName":"search_term_string"}}],"inLanguage":"de"}]}},"_links":{"self":[{"href":"https:\/\/corona1.eu\/de\/wp-json\/wp\/v2\/pages\/282","targetHints":{"allow":["GET"]}}],"collection":[{"href":"https:\/\/corona1.eu\/de\/wp-json\/wp\/v2\/pages"}],"about":[{"href":"https:\/\/corona1.eu\/de\/wp-json\/wp\/v2\/types\/page"}],"author":[{"embeddable":true,"href":"https:\/\/corona1.eu\/de\/wp-json\/wp\/v2\/users\/1"}],"replies":[{"embeddable":true,"href":"https:\/\/corona1.eu\/de\/wp-json\/wp\/v2\/comments?post=282"}],"version-history":[{"count":1,"href":"https:\/\/corona1.eu\/de\/wp-json\/wp\/v2\/pages\/282\/revisions"}],"predecessor-version":[{"id":284,"href":"https:\/\/corona1.eu\/de\/wp-json\/wp\/v2\/pages\/282\/revisions\/284"}],"up":[{"embeddable":true,"href":"https:\/\/corona1.eu\/de\/wp-json\/wp\/v2\/pages\/274"}],"wp:featuredmedia":[{"embeddable":true,"href":"https:\/\/corona1.eu\/de\/wp-json\/wp\/v2\/media\/283"}],"wp:attachment":[{"href":"https:\/\/corona1.eu\/de\/wp-json\/wp\/v2\/media?parent=282"}],"wp:term":[{"taxonomy":"category","embeddable":true,"href":"https:\/\/corona1.eu\/de\/wp-json\/wp\/v2\/categories?post=282"},{"taxonomy":"post_tag","embeddable":true,"href":"https:\/\/corona1.eu\/de\/wp-json\/wp\/v2\/tags?post=282"}],"curies":[{"name":"wp","href":"https:\/\/api.w.org\/{rel}","templated":true}]}}