{"id":277,"date":"2025-04-10T11:22:36","date_gmt":"2025-04-10T09:22:36","guid":{"rendered":"https:\/\/corona1.eu\/de\/?page_id=277"},"modified":"2025-04-10T11:24:17","modified_gmt":"2025-04-10T09:24:17","slug":"pompy-zebate-cinox-therminox","status":"publish","type":"page","link":"https:\/\/corona1.eu\/de\/maag-zahnradpumpen\/pompy-zebate-cinox-therminox\/","title":{"rendered":"cinox\u00ae therminox\u00ae Zahnradpumpen"},"content":{"rendered":"\n<p class=\"has-text-color\" style=\"color:#e79400\"><em>Korrosionsbest\u00e4ndige Zahnradpumpen f\u00fcr Anwendungen in der chemischen Industrie.<\/em><\/p>\n\n\n\n<p>S\u00e4uren, Laugen, L\u00f6sungsmittel und andere \u00e4tzende Stoffe in allen erdenklichen Formen geh\u00f6ren zum Alltag in der chemischen Industrie.<\/p>\n\n\n\n<p>Maag Zahnradpumpen entfalten ihr volles Potenzial in genau dieser Umgebung. Die cinox\u00ae \/ therminox \u00ae Zahnradpumpen sind korrosions- und hitzebest\u00e4ndige Edelstahl-F\u00f6rderaggregate, die den hohen Qualit\u00e4tsanforderungen der chemischen Prozessindustrie gerecht werden. Dank der breiten Palette an verf\u00fcgbaren Komponenten und Werkstoffen k\u00f6nnen die Maag Zahnradpumpen kundenspezifisch konfiguriert werden. Dadurch sind sie wesentlich effizienter und zuverl\u00e4ssiger als herk\u00f6mmliche Pumpen.<\/p>\n\n\n\n<p>Ob es sich um hochreine, korrosive, z\u00e4hfl\u00fcssige oder sehr hei\u00dfe Medien handelt, Maag Zahnradpumpen bieten f\u00fcr jede Aufgabe die passende L\u00f6sung.<\/p>\n","protected":false},"excerpt":{"rendered":"<p>Korrosionsbest\u00e4ndige Zahnradpumpen f\u00fcr Anwendungen in der chemischen Industrie. S\u00e4uren, Laugen, L\u00f6sungsmittel und andere \u00e4tzende Stoffe [&hellip;]<\/p>\n","protected":false},"author":1,"featured_media":278,"parent":274,"menu_order":0,"comment_status":"closed","ping_status":"closed","template":"kg_products_template.php","meta":{"pgc_sgb_lightbox_settings":"","footnotes":""},"categories":[23],"tags":[],"class_list":["post-277","page","type-page","status-publish","has-post-thumbnail","hentry","category-maag-zahnradpumpen"],"yoast_head":"<!-- This site is optimized with the Yoast SEO plugin v27.1.1 - https:\/\/yoast.com\/product\/yoast-seo-wordpress\/ -->\n<title>cinox\u00ae therminox\u00ae Zahnradpumpen - CORONA Serwis<\/title>\n<meta name=\"robots\" content=\"index, follow, max-snippet:-1, max-image-preview:large, max-video-preview:-1\" \/>\n<link rel=\"canonical\" href=\"https:\/\/corona1.eu\/de\/maag-zahnradpumpen\/pompy-zebate-cinox-therminox\/\" \/>\n<meta property=\"og:locale\" content=\"de_DE\" \/>\n<meta property=\"og:type\" content=\"article\" \/>\n<meta property=\"og:title\" content=\"cinox\u00ae therminox\u00ae Zahnradpumpen - CORONA Serwis\" \/>\n<meta property=\"og:description\" content=\"Korrosionsbest\u00e4ndige Zahnradpumpen f\u00fcr Anwendungen in der chemischen Industrie. S\u00e4uren, Laugen, L\u00f6sungsmittel und andere \u00e4tzende Stoffe [&hellip;]\" \/>\n<meta property=\"og:url\" content=\"https:\/\/corona1.eu\/de\/maag-zahnradpumpen\/pompy-zebate-cinox-therminox\/\" \/>\n<meta property=\"og:site_name\" content=\"CORONA Serwis\" \/>\n<meta property=\"article:modified_time\" content=\"2025-04-10T09:24:17+00:00\" \/>\n<meta property=\"og:image\" content=\"https:\/\/corona1.eu\/de\/wp-content\/uploads\/2025\/04\/cinox-therminox_maag_industrial-pump_maag-group.png\" \/>\n\t<meta property=\"og:image:width\" content=\"512\" \/>\n\t<meta property=\"og:image:height\" content=\"512\" \/>\n\t<meta property=\"og:image:type\" content=\"image\/png\" \/>\n<meta name=\"twitter:card\" content=\"summary_large_image\" \/>\n<meta name=\"twitter:label1\" content=\"Gesch\u00e4tzte Lesezeit\" \/>\n\t<meta name=\"twitter:data1\" content=\"1\u00a0Minute\" \/>\n<script type=\"application\/ld+json\" class=\"yoast-schema-graph\">{\"@context\":\"https:\/\/schema.org\",\"@graph\":[{\"@type\":\"WebPage\",\"@id\":\"https:\/\/corona1.eu\/de\/maag-zahnradpumpen\/pompy-zebate-cinox-therminox\/\",\"url\":\"https:\/\/corona1.eu\/de\/maag-zahnradpumpen\/pompy-zebate-cinox-therminox\/\",\"name\":\"cinox\u00ae therminox\u00ae Zahnradpumpen - CORONA Serwis\",\"isPartOf\":{\"@id\":\"https:\/\/corona1.eu\/de\/#website\"},\"primaryImageOfPage\":{\"@id\":\"https:\/\/corona1.eu\/de\/maag-zahnradpumpen\/pompy-zebate-cinox-therminox\/#primaryimage\"},\"image\":{\"@id\":\"https:\/\/corona1.eu\/de\/maag-zahnradpumpen\/pompy-zebate-cinox-therminox\/#primaryimage\"},\"thumbnailUrl\":\"https:\/\/corona1.eu\/de\/wp-content\/uploads\/2025\/04\/cinox-therminox_maag_industrial-pump_maag-group.png\",\"datePublished\":\"2025-04-10T09:22:36+00:00\",\"dateModified\":\"2025-04-10T09:24:17+00:00\",\"breadcrumb\":{\"@id\":\"https:\/\/corona1.eu\/de\/maag-zahnradpumpen\/pompy-zebate-cinox-therminox\/#breadcrumb\"},\"inLanguage\":\"de\",\"potentialAction\":[{\"@type\":\"ReadAction\",\"target\":[\"https:\/\/corona1.eu\/de\/maag-zahnradpumpen\/pompy-zebate-cinox-therminox\/\"]}]},{\"@type\":\"ImageObject\",\"inLanguage\":\"de\",\"@id\":\"https:\/\/corona1.eu\/de\/maag-zahnradpumpen\/pompy-zebate-cinox-therminox\/#primaryimage\",\"url\":\"https:\/\/corona1.eu\/de\/wp-content\/uploads\/2025\/04\/cinox-therminox_maag_industrial-pump_maag-group.png\",\"contentUrl\":\"https:\/\/corona1.eu\/de\/wp-content\/uploads\/2025\/04\/cinox-therminox_maag_industrial-pump_maag-group.png\",\"width\":512,\"height\":512},{\"@type\":\"BreadcrumbList\",\"@id\":\"https:\/\/corona1.eu\/de\/maag-zahnradpumpen\/pompy-zebate-cinox-therminox\/#breadcrumb\",\"itemListElement\":[{\"@type\":\"ListItem\",\"position\":1,\"name\":\"Startseite\",\"item\":\"https:\/\/corona1.eu\/de\/\"},{\"@type\":\"ListItem\",\"position\":2,\"name\":\"MAAG Zahnradpumpen\",\"item\":\"https:\/\/corona1.eu\/de\/maag-zahnradpumpen\/\"},{\"@type\":\"ListItem\",\"position\":3,\"name\":\"cinox\u00ae therminox\u00ae Zahnradpumpen\"}]},{\"@type\":\"WebSite\",\"@id\":\"https:\/\/corona1.eu\/de\/#website\",\"url\":\"https:\/\/corona1.eu\/de\/\",\"name\":\"CORONA Serwis\",\"description\":\"\",\"potentialAction\":[{\"@type\":\"SearchAction\",\"target\":{\"@type\":\"EntryPoint\",\"urlTemplate\":\"https:\/\/corona1.eu\/de\/?s={search_term_string}\"},\"query-input\":{\"@type\":\"PropertyValueSpecification\",\"valueRequired\":true,\"valueName\":\"search_term_string\"}}],\"inLanguage\":\"de\"}]}<\/script>\n<!-- \/ Yoast SEO plugin. -->","yoast_head_json":{"title":"cinox\u00ae therminox\u00ae Zahnradpumpen - CORONA Serwis","robots":{"index":"index","follow":"follow","max-snippet":"max-snippet:-1","max-image-preview":"max-image-preview:large","max-video-preview":"max-video-preview:-1"},"canonical":"https:\/\/corona1.eu\/de\/maag-zahnradpumpen\/pompy-zebate-cinox-therminox\/","og_locale":"de_DE","og_type":"article","og_title":"cinox\u00ae therminox\u00ae Zahnradpumpen - CORONA Serwis","og_description":"Korrosionsbest\u00e4ndige Zahnradpumpen f\u00fcr Anwendungen in der chemischen Industrie. S\u00e4uren, Laugen, L\u00f6sungsmittel und andere \u00e4tzende Stoffe [&hellip;]","og_url":"https:\/\/corona1.eu\/de\/maag-zahnradpumpen\/pompy-zebate-cinox-therminox\/","og_site_name":"CORONA Serwis","article_modified_time":"2025-04-10T09:24:17+00:00","og_image":[{"width":512,"height":512,"url":"https:\/\/corona1.eu\/de\/wp-content\/uploads\/2025\/04\/cinox-therminox_maag_industrial-pump_maag-group.png","type":"image\/png"}],"twitter_card":"summary_large_image","twitter_misc":{"Gesch\u00e4tzte Lesezeit":"1\u00a0Minute"},"schema":{"@context":"https:\/\/schema.org","@graph":[{"@type":"WebPage","@id":"https:\/\/corona1.eu\/de\/maag-zahnradpumpen\/pompy-zebate-cinox-therminox\/","url":"https:\/\/corona1.eu\/de\/maag-zahnradpumpen\/pompy-zebate-cinox-therminox\/","name":"cinox\u00ae therminox\u00ae Zahnradpumpen - CORONA Serwis","isPartOf":{"@id":"https:\/\/corona1.eu\/de\/#website"},"primaryImageOfPage":{"@id":"https:\/\/corona1.eu\/de\/maag-zahnradpumpen\/pompy-zebate-cinox-therminox\/#primaryimage"},"image":{"@id":"https:\/\/corona1.eu\/de\/maag-zahnradpumpen\/pompy-zebate-cinox-therminox\/#primaryimage"},"thumbnailUrl":"https:\/\/corona1.eu\/de\/wp-content\/uploads\/2025\/04\/cinox-therminox_maag_industrial-pump_maag-group.png","datePublished":"2025-04-10T09:22:36+00:00","dateModified":"2025-04-10T09:24:17+00:00","breadcrumb":{"@id":"https:\/\/corona1.eu\/de\/maag-zahnradpumpen\/pompy-zebate-cinox-therminox\/#breadcrumb"},"inLanguage":"de","potentialAction":[{"@type":"ReadAction","target":["https:\/\/corona1.eu\/de\/maag-zahnradpumpen\/pompy-zebate-cinox-therminox\/"]}]},{"@type":"ImageObject","inLanguage":"de","@id":"https:\/\/corona1.eu\/de\/maag-zahnradpumpen\/pompy-zebate-cinox-therminox\/#primaryimage","url":"https:\/\/corona1.eu\/de\/wp-content\/uploads\/2025\/04\/cinox-therminox_maag_industrial-pump_maag-group.png","contentUrl":"https:\/\/corona1.eu\/de\/wp-content\/uploads\/2025\/04\/cinox-therminox_maag_industrial-pump_maag-group.png","width":512,"height":512},{"@type":"BreadcrumbList","@id":"https:\/\/corona1.eu\/de\/maag-zahnradpumpen\/pompy-zebate-cinox-therminox\/#breadcrumb","itemListElement":[{"@type":"ListItem","position":1,"name":"Startseite","item":"https:\/\/corona1.eu\/de\/"},{"@type":"ListItem","position":2,"name":"MAAG Zahnradpumpen","item":"https:\/\/corona1.eu\/de\/maag-zahnradpumpen\/"},{"@type":"ListItem","position":3,"name":"cinox\u00ae therminox\u00ae Zahnradpumpen"}]},{"@type":"WebSite","@id":"https:\/\/corona1.eu\/de\/#website","url":"https:\/\/corona1.eu\/de\/","name":"CORONA Serwis","description":"","potentialAction":[{"@type":"SearchAction","target":{"@type":"EntryPoint","urlTemplate":"https:\/\/corona1.eu\/de\/?s={search_term_string}"},"query-input":{"@type":"PropertyValueSpecification","valueRequired":true,"valueName":"search_term_string"}}],"inLanguage":"de"}]}},"_links":{"self":[{"href":"https:\/\/corona1.eu\/de\/wp-json\/wp\/v2\/pages\/277","targetHints":{"allow":["GET"]}}],"collection":[{"href":"https:\/\/corona1.eu\/de\/wp-json\/wp\/v2\/pages"}],"about":[{"href":"https:\/\/corona1.eu\/de\/wp-json\/wp\/v2\/types\/page"}],"author":[{"embeddable":true,"href":"https:\/\/corona1.eu\/de\/wp-json\/wp\/v2\/users\/1"}],"replies":[{"embeddable":true,"href":"https:\/\/corona1.eu\/de\/wp-json\/wp\/v2\/comments?post=277"}],"version-history":[{"count":2,"href":"https:\/\/corona1.eu\/de\/wp-json\/wp\/v2\/pages\/277\/revisions"}],"predecessor-version":[{"id":281,"href":"https:\/\/corona1.eu\/de\/wp-json\/wp\/v2\/pages\/277\/revisions\/281"}],"up":[{"embeddable":true,"href":"https:\/\/corona1.eu\/de\/wp-json\/wp\/v2\/pages\/274"}],"wp:featuredmedia":[{"embeddable":true,"href":"https:\/\/corona1.eu\/de\/wp-json\/wp\/v2\/media\/278"}],"wp:attachment":[{"href":"https:\/\/corona1.eu\/de\/wp-json\/wp\/v2\/media?parent=277"}],"wp:term":[{"taxonomy":"category","embeddable":true,"href":"https:\/\/corona1.eu\/de\/wp-json\/wp\/v2\/categories?post=277"},{"taxonomy":"post_tag","embeddable":true,"href":"https:\/\/corona1.eu\/de\/wp-json\/wp\/v2\/tags?post=277"}],"curies":[{"name":"wp","href":"https:\/\/api.w.org\/{rel}","templated":true}]}}