{"id":274,"date":"2025-04-10T11:09:44","date_gmt":"2025-04-10T09:09:44","guid":{"rendered":"https:\/\/corona1.eu\/de\/?page_id=274"},"modified":"2025-10-21T13:11:44","modified_gmt":"2025-10-21T11:11:44","slug":"maag-zahnradpumpen","status":"publish","type":"page","link":"https:\/\/corona1.eu\/de\/maag-zahnradpumpen\/","title":{"rendered":"MAAG Zahnradpumpen"},"content":{"rendered":"\n<p>Dank der grossen Auswahl an Komponenten und Werkstoffen k\u00f6nnen Maag Zahnradpumpen auf die spezifischen Kundenbed\u00fcrfnisse abgestimmt werden. Dadurch sind sie wesentlich effizienter und zuverl\u00e4ssiger als herk\u00f6mmliche Pumpen. Ob es sich um hochreine, korrosive, z\u00e4hfl\u00fcssige oder sehr heisse Medien handelt, Maag Zahnradpumpen bieten f\u00fcr jede Aufgabe die passende L\u00f6sung.<\/p>\n","protected":false},"excerpt":{"rendered":"<p>Dank der grossen Auswahl an Komponenten und Werkstoffen k\u00f6nnen Maag Zahnradpumpen auf die spezifischen Kundenbed\u00fcrfnisse [&hellip;]<\/p>\n","protected":false},"author":1,"featured_media":275,"parent":0,"menu_order":0,"comment_status":"closed","ping_status":"closed","template":"kg_products_list_template.php","meta":{"pgc_sgb_lightbox_settings":"","footnotes":""},"categories":[23,2],"tags":[],"class_list":["post-274","page","type-page","status-publish","has-post-thumbnail","hentry","category-maag-zahnradpumpen","category-zprodukty"],"yoast_head":"<!-- This site is optimized with the Yoast SEO plugin v27.1.1 - https:\/\/yoast.com\/product\/yoast-seo-wordpress\/ -->\n<title>MAAG Zahnradpumpen - CORONA Serwis<\/title>\n<meta name=\"description\" content=\"Sie f\u00f6rdern Medien unterschiedlicher Viskosit\u00e4t und Dichte, auch extrem niedrige oder hohe. Ger\u00e4te des Schweizer Herstellers MAAG.\" \/>\n<meta name=\"robots\" content=\"index, follow, max-snippet:-1, max-image-preview:large, max-video-preview:-1\" \/>\n<link rel=\"canonical\" href=\"https:\/\/corona1.eu\/de\/maag-zahnradpumpen\/\" \/>\n<meta property=\"og:locale\" content=\"de_DE\" \/>\n<meta property=\"og:type\" content=\"article\" \/>\n<meta property=\"og:title\" content=\"MAAG Zahnradpumpen - CORONA Serwis\" \/>\n<meta property=\"og:description\" content=\"Sie f\u00f6rdern Medien unterschiedlicher Viskosit\u00e4t und Dichte, auch extrem niedrige oder hohe. Ger\u00e4te des Schweizer Herstellers MAAG.\" \/>\n<meta property=\"og:url\" content=\"https:\/\/corona1.eu\/de\/maag-zahnradpumpen\/\" \/>\n<meta property=\"og:site_name\" content=\"CORONA Serwis\" \/>\n<meta property=\"article:modified_time\" content=\"2025-10-21T11:11:44+00:00\" \/>\n<meta property=\"og:image\" content=\"https:\/\/corona1.eu\/de\/wp-content\/uploads\/2025\/04\/grupa_pompy_zebate_maag_16x9.png\" \/>\n\t<meta property=\"og:image:width\" content=\"889\" \/>\n\t<meta property=\"og:image:height\" content=\"500\" \/>\n\t<meta property=\"og:image:type\" content=\"image\/png\" \/>\n<meta name=\"twitter:card\" content=\"summary_large_image\" \/>\n<meta name=\"twitter:label1\" content=\"Gesch\u00e4tzte Lesezeit\" \/>\n\t<meta name=\"twitter:data1\" content=\"1\u00a0Minute\" \/>\n<script type=\"application\/ld+json\" class=\"yoast-schema-graph\">{\"@context\":\"https:\/\/schema.org\",\"@graph\":[{\"@type\":\"WebPage\",\"@id\":\"https:\/\/corona1.eu\/de\/maag-zahnradpumpen\/\",\"url\":\"https:\/\/corona1.eu\/de\/maag-zahnradpumpen\/\",\"name\":\"MAAG Zahnradpumpen - CORONA Serwis\",\"isPartOf\":{\"@id\":\"https:\/\/corona1.eu\/de\/#website\"},\"primaryImageOfPage\":{\"@id\":\"https:\/\/corona1.eu\/de\/maag-zahnradpumpen\/#primaryimage\"},\"image\":{\"@id\":\"https:\/\/corona1.eu\/de\/maag-zahnradpumpen\/#primaryimage\"},\"thumbnailUrl\":\"https:\/\/corona1.eu\/de\/wp-content\/uploads\/2025\/04\/grupa_pompy_zebate_maag_16x9.png\",\"datePublished\":\"2025-04-10T09:09:44+00:00\",\"dateModified\":\"2025-10-21T11:11:44+00:00\",\"description\":\"Sie f\u00f6rdern Medien unterschiedlicher Viskosit\u00e4t und Dichte, auch extrem niedrige oder hohe. Ger\u00e4te des Schweizer Herstellers MAAG.\",\"breadcrumb\":{\"@id\":\"https:\/\/corona1.eu\/de\/maag-zahnradpumpen\/#breadcrumb\"},\"inLanguage\":\"de\",\"potentialAction\":[{\"@type\":\"ReadAction\",\"target\":[\"https:\/\/corona1.eu\/de\/maag-zahnradpumpen\/\"]}]},{\"@type\":\"ImageObject\",\"inLanguage\":\"de\",\"@id\":\"https:\/\/corona1.eu\/de\/maag-zahnradpumpen\/#primaryimage\",\"url\":\"https:\/\/corona1.eu\/de\/wp-content\/uploads\/2025\/04\/grupa_pompy_zebate_maag_16x9.png\",\"contentUrl\":\"https:\/\/corona1.eu\/de\/wp-content\/uploads\/2025\/04\/grupa_pompy_zebate_maag_16x9.png\",\"width\":889,\"height\":500},{\"@type\":\"BreadcrumbList\",\"@id\":\"https:\/\/corona1.eu\/de\/maag-zahnradpumpen\/#breadcrumb\",\"itemListElement\":[{\"@type\":\"ListItem\",\"position\":1,\"name\":\"Startseite\",\"item\":\"https:\/\/corona1.eu\/de\/\"},{\"@type\":\"ListItem\",\"position\":2,\"name\":\"MAAG Zahnradpumpen\"}]},{\"@type\":\"WebSite\",\"@id\":\"https:\/\/corona1.eu\/de\/#website\",\"url\":\"https:\/\/corona1.eu\/de\/\",\"name\":\"CORONA Serwis\",\"description\":\"\",\"potentialAction\":[{\"@type\":\"SearchAction\",\"target\":{\"@type\":\"EntryPoint\",\"urlTemplate\":\"https:\/\/corona1.eu\/de\/?s={search_term_string}\"},\"query-input\":{\"@type\":\"PropertyValueSpecification\",\"valueRequired\":true,\"valueName\":\"search_term_string\"}}],\"inLanguage\":\"de\"}]}<\/script>\n<!-- \/ Yoast SEO plugin. -->","yoast_head_json":{"title":"MAAG Zahnradpumpen - CORONA Serwis","description":"Sie f\u00f6rdern Medien unterschiedlicher Viskosit\u00e4t und Dichte, auch extrem niedrige oder hohe. Ger\u00e4te des Schweizer Herstellers MAAG.","robots":{"index":"index","follow":"follow","max-snippet":"max-snippet:-1","max-image-preview":"max-image-preview:large","max-video-preview":"max-video-preview:-1"},"canonical":"https:\/\/corona1.eu\/de\/maag-zahnradpumpen\/","og_locale":"de_DE","og_type":"article","og_title":"MAAG Zahnradpumpen - CORONA Serwis","og_description":"Sie f\u00f6rdern Medien unterschiedlicher Viskosit\u00e4t und Dichte, auch extrem niedrige oder hohe. Ger\u00e4te des Schweizer Herstellers MAAG.","og_url":"https:\/\/corona1.eu\/de\/maag-zahnradpumpen\/","og_site_name":"CORONA Serwis","article_modified_time":"2025-10-21T11:11:44+00:00","og_image":[{"width":889,"height":500,"url":"https:\/\/corona1.eu\/de\/wp-content\/uploads\/2025\/04\/grupa_pompy_zebate_maag_16x9.png","type":"image\/png"}],"twitter_card":"summary_large_image","twitter_misc":{"Gesch\u00e4tzte Lesezeit":"1\u00a0Minute"},"schema":{"@context":"https:\/\/schema.org","@graph":[{"@type":"WebPage","@id":"https:\/\/corona1.eu\/de\/maag-zahnradpumpen\/","url":"https:\/\/corona1.eu\/de\/maag-zahnradpumpen\/","name":"MAAG Zahnradpumpen - CORONA Serwis","isPartOf":{"@id":"https:\/\/corona1.eu\/de\/#website"},"primaryImageOfPage":{"@id":"https:\/\/corona1.eu\/de\/maag-zahnradpumpen\/#primaryimage"},"image":{"@id":"https:\/\/corona1.eu\/de\/maag-zahnradpumpen\/#primaryimage"},"thumbnailUrl":"https:\/\/corona1.eu\/de\/wp-content\/uploads\/2025\/04\/grupa_pompy_zebate_maag_16x9.png","datePublished":"2025-04-10T09:09:44+00:00","dateModified":"2025-10-21T11:11:44+00:00","description":"Sie f\u00f6rdern Medien unterschiedlicher Viskosit\u00e4t und Dichte, auch extrem niedrige oder hohe. Ger\u00e4te des Schweizer Herstellers MAAG.","breadcrumb":{"@id":"https:\/\/corona1.eu\/de\/maag-zahnradpumpen\/#breadcrumb"},"inLanguage":"de","potentialAction":[{"@type":"ReadAction","target":["https:\/\/corona1.eu\/de\/maag-zahnradpumpen\/"]}]},{"@type":"ImageObject","inLanguage":"de","@id":"https:\/\/corona1.eu\/de\/maag-zahnradpumpen\/#primaryimage","url":"https:\/\/corona1.eu\/de\/wp-content\/uploads\/2025\/04\/grupa_pompy_zebate_maag_16x9.png","contentUrl":"https:\/\/corona1.eu\/de\/wp-content\/uploads\/2025\/04\/grupa_pompy_zebate_maag_16x9.png","width":889,"height":500},{"@type":"BreadcrumbList","@id":"https:\/\/corona1.eu\/de\/maag-zahnradpumpen\/#breadcrumb","itemListElement":[{"@type":"ListItem","position":1,"name":"Startseite","item":"https:\/\/corona1.eu\/de\/"},{"@type":"ListItem","position":2,"name":"MAAG Zahnradpumpen"}]},{"@type":"WebSite","@id":"https:\/\/corona1.eu\/de\/#website","url":"https:\/\/corona1.eu\/de\/","name":"CORONA Serwis","description":"","potentialAction":[{"@type":"SearchAction","target":{"@type":"EntryPoint","urlTemplate":"https:\/\/corona1.eu\/de\/?s={search_term_string}"},"query-input":{"@type":"PropertyValueSpecification","valueRequired":true,"valueName":"search_term_string"}}],"inLanguage":"de"}]}},"_links":{"self":[{"href":"https:\/\/corona1.eu\/de\/wp-json\/wp\/v2\/pages\/274","targetHints":{"allow":["GET"]}}],"collection":[{"href":"https:\/\/corona1.eu\/de\/wp-json\/wp\/v2\/pages"}],"about":[{"href":"https:\/\/corona1.eu\/de\/wp-json\/wp\/v2\/types\/page"}],"author":[{"embeddable":true,"href":"https:\/\/corona1.eu\/de\/wp-json\/wp\/v2\/users\/1"}],"replies":[{"embeddable":true,"href":"https:\/\/corona1.eu\/de\/wp-json\/wp\/v2\/comments?post=274"}],"version-history":[{"count":2,"href":"https:\/\/corona1.eu\/de\/wp-json\/wp\/v2\/pages\/274\/revisions"}],"predecessor-version":[{"id":304,"href":"https:\/\/corona1.eu\/de\/wp-json\/wp\/v2\/pages\/274\/revisions\/304"}],"wp:featuredmedia":[{"embeddable":true,"href":"https:\/\/corona1.eu\/de\/wp-json\/wp\/v2\/media\/275"}],"wp:attachment":[{"href":"https:\/\/corona1.eu\/de\/wp-json\/wp\/v2\/media?parent=274"}],"wp:term":[{"taxonomy":"category","embeddable":true,"href":"https:\/\/corona1.eu\/de\/wp-json\/wp\/v2\/categories?post=274"},{"taxonomy":"post_tag","embeddable":true,"href":"https:\/\/corona1.eu\/de\/wp-json\/wp\/v2\/tags?post=274"}],"curies":[{"name":"wp","href":"https:\/\/api.w.org\/{rel}","templated":true}]}}