{"id":264,"date":"2025-04-10T10:36:41","date_gmt":"2025-04-10T08:36:41","guid":{"rendered":"https:\/\/corona1.eu\/de\/?page_id=264"},"modified":"2025-10-21T13:13:17","modified_gmt":"2025-10-21T11:13:17","slug":"fike-blue","status":"publish","type":"page","link":"https:\/\/corona1.eu\/de\/fike-blue\/","title":{"rendered":"Fike Blue"},"content":{"rendered":"\n<p>Fike Blue ist eine spezielle Fl\u00fcssigkeit, die ein thermisches Durchgehen und einen kaskadenartigen Temperaturanstieg wirksam verhindert. Sie wird direkt in das Modul eingeleitet und ist so konzipiert, dass sie das thermische Ereignis durch Absorption von W\u00e4rme kontrolliert. Sie hat einen viel h\u00f6heren Siedepunkt als Wasser &#8211; bis zu 400 Grad Celsius. Au\u00dferdem l\u00f6st es sich nicht wie Gase auf, so dass seine Wirksamkeit sehr hoch ist.<\/p>\n\n\n\n<figure class=\"wp-block-image size-large\"><img decoding=\"async\" src=\"https:\/\/corona1.eu\/wp-content\/uploads\/2024\/10\/Bez-tytulu-1024x553.jpg\" alt=\"\" class=\"wp-image-4732\"\/><\/figure>\n\n\n\n<div style=\"height:30px\" aria-hidden=\"true\" class=\"wp-block-spacer\"><\/div>\n\n\n\n<h4 class=\"wp-block-heading\">Vorteile von Fike Blue<\/h4>\n\n\n\n<ul class=\"wp-block-list\">\n<li>Eine gepr\u00fcfte und patentierte L\u00f6sung, die nicht nur Batteriebr\u00e4nde, sondern auch das Kaskadenph\u00e4nomen des unkontrollierten Temperaturanstiegs l\u00f6scht.<\/li>\n\n\n\n<li>Fike Blue ist eine Fl\u00fcssigkeit, die direkt in das Modul eingespritzt wird und daf\u00fcr ausgelegt ist, W\u00e4rme zu absorbieren.<\/li>\n\n\n\n<li>Sie hat einen sehr hohen Siedepunkt und taucht das Modul ein, bis das Ph\u00e4nomen abgeschlossen ist. Sie verfl\u00fcchtigt sich nicht wie Gase.<\/li>\n\n\n\n<li>Deutlich geringerer Verbrauch als bei Wasserl\u00f6schungen.<\/li>\n\n\n\n<li>Es ist v\u00f6llig ungiftig und biologisch abbaubar.<\/li>\n\n\n\n<li>Bietet die reale M\u00f6glichkeit, dass ESS in einer Vielzahl von st\u00e4dtischen Umgebungen sicher eingesetzt werden k\u00f6nnen.<\/li>\n<\/ul>\n\n\n\n<div style=\"height:30px\" aria-hidden=\"true\" class=\"wp-block-spacer\"><\/div>\n\n\n\n<h4 class=\"wp-block-heading\">Wie funktioniert Fike Blue?<\/h4>\n\n\n\n<p>Mit einer W\u00e4rmekapazit\u00e4t von \u00fcber 400\u00b0C absorbiert Fike Blue die intensive exotherme W\u00e4rme, die durch unkontrollierten Temperaturanstieg entsteht, ohne zu zerfallen.<\/p>\n\n\n\n<div style=\"height:30px\" aria-hidden=\"true\" class=\"wp-block-spacer\"><\/div>\n\n\n\n<h4 class=\"wp-block-heading\">Wie wird Fike Blue gelagert und entsorgt?<\/h4>\n\n\n\n<p>Es wird als unter Druck stehende Fl\u00fcssigkeit gelagert und auch als Fl\u00fcssigkeit abgegeben.<\/p>\n\n\n\n<div style=\"height:30px\" aria-hidden=\"true\" class=\"wp-block-spacer\"><\/div>\n\n\n\n<h4 class=\"wp-block-heading\">Leitet Fike Blue Elektrizit\u00e4t?<\/h4>\n\n\n\n<p>Blau ist weniger leitf\u00e4hig als Wasser. Alle von Fike oder einer dritten Partei durchgef\u00fchrten Tests ergaben keinen Kurzschluss von Zellen.<\/p>\n\n\n\n<div style=\"height:30px\" aria-hidden=\"true\" class=\"wp-block-spacer\"><\/div>\n\n\n\n<h4 class=\"wp-block-heading\">Hat Fike Blue irgendwelche Auswirkungen auf die Umwelt?<\/h4>\n\n\n\n<p>Blue verbraucht exponentiell weniger Fl\u00fcssigkeit als Sprinkleranlagen und vor allem Feuerwehren, so dass deutlich weniger Wasser in die Umgebung abflie\u00dft.<\/p>\n","protected":false},"excerpt":{"rendered":"<p>Fike Blue ist eine spezielle Fl\u00fcssigkeit, die ein thermisches Durchgehen und einen kaskadenartigen Temperaturanstieg wirksam [&hellip;]<\/p>\n","protected":false},"author":1,"featured_media":265,"parent":0,"menu_order":0,"comment_status":"closed","ping_status":"closed","template":"kg_products_template.php","meta":{"pgc_sgb_lightbox_settings":"","footnotes":""},"categories":[22,2],"tags":[],"class_list":["post-264","page","type-page","status-publish","has-post-thumbnail","hentry","category-fike-blue","category-zprodukty"],"yoast_head":"<!-- This site is optimized with the Yoast SEO plugin v27.1.1 - https:\/\/yoast.com\/product\/yoast-seo-wordpress\/ -->\n<title>Fike Blue - CORONA Serwis<\/title>\n<meta name=\"description\" content=\"System zur Kontrolle des Temperaturanstiegs von Lithium-Ionen-Batterien\" \/>\n<meta name=\"robots\" content=\"index, follow, max-snippet:-1, max-image-preview:large, max-video-preview:-1\" \/>\n<link rel=\"canonical\" href=\"https:\/\/corona1.eu\/de\/fike-blue\/\" \/>\n<meta property=\"og:locale\" content=\"de_DE\" \/>\n<meta property=\"og:type\" content=\"article\" \/>\n<meta property=\"og:title\" content=\"Fike Blue - CORONA Serwis\" \/>\n<meta property=\"og:description\" content=\"System zur Kontrolle des Temperaturanstiegs von Lithium-Ionen-Batterien\" \/>\n<meta property=\"og:url\" content=\"https:\/\/corona1.eu\/de\/fike-blue\/\" \/>\n<meta property=\"og:site_name\" content=\"CORONA Serwis\" \/>\n<meta property=\"article:modified_time\" content=\"2025-10-21T11:13:17+00:00\" \/>\n<meta property=\"og:image\" content=\"https:\/\/corona1.eu\/de\/wp-content\/uploads\/2025\/04\/zdj9-scaled-1.jpg\" \/>\n\t<meta property=\"og:image:width\" content=\"2560\" \/>\n\t<meta property=\"og:image:height\" content=\"2137\" \/>\n\t<meta property=\"og:image:type\" content=\"image\/jpeg\" \/>\n<meta name=\"twitter:card\" content=\"summary_large_image\" \/>\n<meta name=\"twitter:label1\" content=\"Gesch\u00e4tzte Lesezeit\" \/>\n\t<meta name=\"twitter:data1\" content=\"2\u00a0Minuten\" \/>\n<script type=\"application\/ld+json\" class=\"yoast-schema-graph\">{\"@context\":\"https:\/\/schema.org\",\"@graph\":[{\"@type\":\"WebPage\",\"@id\":\"https:\/\/corona1.eu\/de\/fike-blue\/\",\"url\":\"https:\/\/corona1.eu\/de\/fike-blue\/\",\"name\":\"Fike Blue - CORONA Serwis\",\"isPartOf\":{\"@id\":\"https:\/\/corona1.eu\/de\/#website\"},\"primaryImageOfPage\":{\"@id\":\"https:\/\/corona1.eu\/de\/fike-blue\/#primaryimage\"},\"image\":{\"@id\":\"https:\/\/corona1.eu\/de\/fike-blue\/#primaryimage\"},\"thumbnailUrl\":\"https:\/\/corona1.eu\/de\/wp-content\/uploads\/2025\/04\/zdj9-scaled-1.jpg\",\"datePublished\":\"2025-04-10T08:36:41+00:00\",\"dateModified\":\"2025-10-21T11:13:17+00:00\",\"description\":\"System zur Kontrolle des Temperaturanstiegs von Lithium-Ionen-Batterien\",\"breadcrumb\":{\"@id\":\"https:\/\/corona1.eu\/de\/fike-blue\/#breadcrumb\"},\"inLanguage\":\"de\",\"potentialAction\":[{\"@type\":\"ReadAction\",\"target\":[\"https:\/\/corona1.eu\/de\/fike-blue\/\"]}]},{\"@type\":\"ImageObject\",\"inLanguage\":\"de\",\"@id\":\"https:\/\/corona1.eu\/de\/fike-blue\/#primaryimage\",\"url\":\"https:\/\/corona1.eu\/de\/wp-content\/uploads\/2025\/04\/zdj9-scaled-1.jpg\",\"contentUrl\":\"https:\/\/corona1.eu\/de\/wp-content\/uploads\/2025\/04\/zdj9-scaled-1.jpg\",\"width\":2560,\"height\":2137},{\"@type\":\"BreadcrumbList\",\"@id\":\"https:\/\/corona1.eu\/de\/fike-blue\/#breadcrumb\",\"itemListElement\":[{\"@type\":\"ListItem\",\"position\":1,\"name\":\"Startseite\",\"item\":\"https:\/\/corona1.eu\/de\/\"},{\"@type\":\"ListItem\",\"position\":2,\"name\":\"Fike Blue\"}]},{\"@type\":\"WebSite\",\"@id\":\"https:\/\/corona1.eu\/de\/#website\",\"url\":\"https:\/\/corona1.eu\/de\/\",\"name\":\"CORONA Serwis\",\"description\":\"\",\"potentialAction\":[{\"@type\":\"SearchAction\",\"target\":{\"@type\":\"EntryPoint\",\"urlTemplate\":\"https:\/\/corona1.eu\/de\/?s={search_term_string}\"},\"query-input\":{\"@type\":\"PropertyValueSpecification\",\"valueRequired\":true,\"valueName\":\"search_term_string\"}}],\"inLanguage\":\"de\"}]}<\/script>\n<!-- \/ Yoast SEO plugin. -->","yoast_head_json":{"title":"Fike Blue - CORONA Serwis","description":"System zur Kontrolle des Temperaturanstiegs von Lithium-Ionen-Batterien","robots":{"index":"index","follow":"follow","max-snippet":"max-snippet:-1","max-image-preview":"max-image-preview:large","max-video-preview":"max-video-preview:-1"},"canonical":"https:\/\/corona1.eu\/de\/fike-blue\/","og_locale":"de_DE","og_type":"article","og_title":"Fike Blue - CORONA Serwis","og_description":"System zur Kontrolle des Temperaturanstiegs von Lithium-Ionen-Batterien","og_url":"https:\/\/corona1.eu\/de\/fike-blue\/","og_site_name":"CORONA Serwis","article_modified_time":"2025-10-21T11:13:17+00:00","og_image":[{"width":2560,"height":2137,"url":"https:\/\/corona1.eu\/de\/wp-content\/uploads\/2025\/04\/zdj9-scaled-1.jpg","type":"image\/jpeg"}],"twitter_card":"summary_large_image","twitter_misc":{"Gesch\u00e4tzte Lesezeit":"2\u00a0Minuten"},"schema":{"@context":"https:\/\/schema.org","@graph":[{"@type":"WebPage","@id":"https:\/\/corona1.eu\/de\/fike-blue\/","url":"https:\/\/corona1.eu\/de\/fike-blue\/","name":"Fike Blue - CORONA Serwis","isPartOf":{"@id":"https:\/\/corona1.eu\/de\/#website"},"primaryImageOfPage":{"@id":"https:\/\/corona1.eu\/de\/fike-blue\/#primaryimage"},"image":{"@id":"https:\/\/corona1.eu\/de\/fike-blue\/#primaryimage"},"thumbnailUrl":"https:\/\/corona1.eu\/de\/wp-content\/uploads\/2025\/04\/zdj9-scaled-1.jpg","datePublished":"2025-04-10T08:36:41+00:00","dateModified":"2025-10-21T11:13:17+00:00","description":"System zur Kontrolle des Temperaturanstiegs von Lithium-Ionen-Batterien","breadcrumb":{"@id":"https:\/\/corona1.eu\/de\/fike-blue\/#breadcrumb"},"inLanguage":"de","potentialAction":[{"@type":"ReadAction","target":["https:\/\/corona1.eu\/de\/fike-blue\/"]}]},{"@type":"ImageObject","inLanguage":"de","@id":"https:\/\/corona1.eu\/de\/fike-blue\/#primaryimage","url":"https:\/\/corona1.eu\/de\/wp-content\/uploads\/2025\/04\/zdj9-scaled-1.jpg","contentUrl":"https:\/\/corona1.eu\/de\/wp-content\/uploads\/2025\/04\/zdj9-scaled-1.jpg","width":2560,"height":2137},{"@type":"BreadcrumbList","@id":"https:\/\/corona1.eu\/de\/fike-blue\/#breadcrumb","itemListElement":[{"@type":"ListItem","position":1,"name":"Startseite","item":"https:\/\/corona1.eu\/de\/"},{"@type":"ListItem","position":2,"name":"Fike Blue"}]},{"@type":"WebSite","@id":"https:\/\/corona1.eu\/de\/#website","url":"https:\/\/corona1.eu\/de\/","name":"CORONA Serwis","description":"","potentialAction":[{"@type":"SearchAction","target":{"@type":"EntryPoint","urlTemplate":"https:\/\/corona1.eu\/de\/?s={search_term_string}"},"query-input":{"@type":"PropertyValueSpecification","valueRequired":true,"valueName":"search_term_string"}}],"inLanguage":"de"}]}},"_links":{"self":[{"href":"https:\/\/corona1.eu\/de\/wp-json\/wp\/v2\/pages\/264","targetHints":{"allow":["GET"]}}],"collection":[{"href":"https:\/\/corona1.eu\/de\/wp-json\/wp\/v2\/pages"}],"about":[{"href":"https:\/\/corona1.eu\/de\/wp-json\/wp\/v2\/types\/page"}],"author":[{"embeddable":true,"href":"https:\/\/corona1.eu\/de\/wp-json\/wp\/v2\/users\/1"}],"replies":[{"embeddable":true,"href":"https:\/\/corona1.eu\/de\/wp-json\/wp\/v2\/comments?post=264"}],"version-history":[{"count":6,"href":"https:\/\/corona1.eu\/de\/wp-json\/wp\/v2\/pages\/264\/revisions"}],"predecessor-version":[{"id":272,"href":"https:\/\/corona1.eu\/de\/wp-json\/wp\/v2\/pages\/264\/revisions\/272"}],"wp:featuredmedia":[{"embeddable":true,"href":"https:\/\/corona1.eu\/de\/wp-json\/wp\/v2\/media\/265"}],"wp:attachment":[{"href":"https:\/\/corona1.eu\/de\/wp-json\/wp\/v2\/media?parent=264"}],"wp:term":[{"taxonomy":"category","embeddable":true,"href":"https:\/\/corona1.eu\/de\/wp-json\/wp\/v2\/categories?post=264"},{"taxonomy":"post_tag","embeddable":true,"href":"https:\/\/corona1.eu\/de\/wp-json\/wp\/v2\/tags?post=264"}],"curies":[{"name":"wp","href":"https:\/\/api.w.org\/{rel}","templated":true}]}}