{"id":260,"date":"2025-04-10T10:05:31","date_gmt":"2025-04-10T08:05:31","guid":{"rendered":"https:\/\/corona1.eu\/de\/?page_id=260"},"modified":"2025-04-10T10:05:35","modified_gmt":"2025-04-10T08:05:35","slug":"sicherheit-transformer-protector","status":"publish","type":"page","link":"https:\/\/corona1.eu\/de\/sicherheit-transformer-protector\/","title":{"rendered":"Sicherheit &#8211; Transformer Protector"},"content":{"rendered":"\n<div class=\"wp-block-columns is-layout-flex wp-container-core-columns-is-layout-9d6595d7 wp-block-columns-is-layout-flex\">\n<div class=\"wp-block-column is-vertically-aligned-top is-layout-flow wp-block-column-is-layout-flow\" style=\"flex-basis:33.33%\">\n<figure class=\"wp-block-image size-large\"><img decoding=\"async\" src=\"https:\/\/corona1.eu\/wp-content\/uploads\/2022\/08\/transformator-2.jpg\" alt=\"\"\/><\/figure>\n<\/div>\n\n\n\n<div class=\"wp-block-column is-vertically-aligned-center is-layout-flow wp-block-column-is-layout-flow\" style=\"flex-basis:66.66%\">\n<h2 class=\"wp-block-heading\">Sicherheit &#8211; Transformer Protector<\/h2>\n\n\n\n<p class=\"has-text-color\" style=\"color:#e79400\">Verh\u00fctung von Explosionen und Br\u00e4nden bei Transformatoren<\/p>\n\n\n\n<p>Ein Transformator ist ein Ger\u00e4t, das gro\u00dfe Mengen an elektrischer Energie umwandelt. Er ist mit brennbarem \u00d6l gef\u00fcllt und kann ohne Unterbrechung bis zu einem Dutzend Jahre lang in Betrieb sein. Daher ist die Wahrscheinlichkeit eines Ausfalls und damit eines Brandes oder einer Explosion sehr hoch. Die Folgen eines solchen Versagens k\u00f6nnen verheerend sein: gro\u00dfe Sch\u00e4den am Werksgel\u00e4nde, Produktionsstillstand, Verluste in Millionenh\u00f6he oder monatelange Reparaturen. Ganz zu schweigen von dem hohen Risiko f\u00fcr die Gesundheit und das Leben von Menschen. Gl\u00fccklicherweise gibt es einen wirksamen Schutz auf dem Markt. Der Sergi Transformer Protector ist eine hochmoderne Technologie, die zum Schutz von Transformatoren unterschiedlicher Leistung eingesetzt wird. Seine Wirksamkeit wird durch Hunderte von gesch\u00fctzten Anlagen und zufriedenen Kunden best\u00e4tigt. Der autorisierte Vertreiber von Sergi TP in Polen ist CORONA Serwis.<\/p>\n\n\n\n<!--<a href=\"#\" class=\"btn btn__primary btn__block col-md-6 col-sm-12 mb-40\">\n<span>Zobacz PDF<\/span>\n<img decoding=\"async\" class=\"ml-2\" src=\"https:\/\/corona1.eu\/wp-content\/uploads\/2022\/07\/pdf.png\" alt=\"pdf\">\n<\/a>-->\n<\/div>\n<\/div>\n\n\n\n<div class=\"wp-block-columns is-layout-flex wp-container-core-columns-is-layout-9d6595d7 wp-block-columns-is-layout-flex\">\n<div class=\"wp-block-column is-vertically-aligned-top is-layout-flow wp-block-column-is-layout-flow\" style=\"flex-basis:33.33%\">\n<figure class=\"wp-block-image size-large\"><img decoding=\"async\" src=\"https:\/\/corona1.eu\/wp-content\/uploads\/2022\/08\/image_2020_04_29T09_23_13_965Z.jpg\" alt=\"\"\/><\/figure>\n<\/div>\n\n\n\n<div class=\"wp-block-column is-vertically-aligned-center is-layout-flow wp-block-column-is-layout-flow\" style=\"flex-basis:66.66%\">\n<h3 class=\"wp-block-heading\">Transformatoren<\/h3>\n\n\n\n<p class=\"has-text-color\" style=\"color:#e79400\">Sicherheitskritische Ger\u00e4te<\/p>\n\n\n\n<p>Transformatoren werden von Experten f\u00fcr Unternehmensrisiken und Versicherungsgesellschaften als die kritischsten Ger\u00e4te in Anlagen angesehen. Der Grund daf\u00fcr ist die gro\u00dfe Menge an \u00d6l, die mit den Hochspannungskomponenten in Ber\u00fchrung kommt.<\/p>\n\n\n\n<p>Regelungsl\u00fccken und die Globalisierung des Marktes haben zu einem besorgniserregenden R\u00fcckgang der Qualit\u00e4t neuer Transformatoren gef\u00fchrt. Daher sagen viele Experten voraus, dass die Lebensdauer von Transformatoren deutlich sinken und die Zahl der Transformatorenausf\u00e4lle stark ansteigen wird.<\/p>\n<\/div>\n<\/div>\n\n\n\n<p><strong>Der Schutz von Transformatoren vor Explosionen und Br\u00e4nden wird immer wichtiger, denn:<\/strong><\/p>\n\n\n\n<ul class=\"wp-block-list\">\n<li>Die weltweiten Privatisierungsprogramme f\u00fcr Stromerzeugungs- und -\u00fcbertragungsunternehmen haben zu einem R\u00fcckgang der Investitionen gef\u00fchrt.<\/li>\n\n\n\n<li>Der heutige Wettbewerb auf dem Markt erfordert eine l\u00e4ngere Lebensdauer und h\u00f6here Produktivit\u00e4t. Dies f\u00fchrt zu einer \u00dcberalterung der Ger\u00e4te und einer \u00dcberlastung der Transformatoren<\/li>\n<\/ul>\n\n\n\n<p><strong>Transformer Protector (TP) &#8211; Explosionsschutz<\/strong><\/p>\n\n\n\n<p>Bei der ersten dynamischen Druckspitze wird der TP aktiviert, bevor der statische Druck ansteigt. Dadurch wird der Transformator vor Explosion und Feuer gesch\u00fctzt. Der TP wird mechanisch, ohne Antrieb, aktiviert, woraufhin ein Alarm an die Control Box gesendet wird. Wenn die dielektrischen Eigenschaften des \u00d6ls verloren gehen, verhindert der TP die Explosion des Transformators gem\u00e4\u00df dem in der Abbildung \u201eFolgen eines elektrischen Kurzschlusses\u201c dargestellten physikalischen Prozess.<\/p>\n\n\n\n<p><strong>Vorteile des Transformer Protector<\/strong><\/p>\n\n\n\n<p>Die finanziellen Folgen von Transformatorenexplosionen und -br\u00e4nden k\u00f6nnen sich oft auf Hunderte von Millionen Dollar belaufen.<\/p>\n\n\n\n<p>Die von Risikospezialisten und Versicherungsgesellschaften h\u00e4ufig verwendete Kennzahl \u201eFinanzielle Rendite auf Sicherheiten\u201c (Financial Return on Collateral, TP) ist sehr empfehlenswert und kompensiert im Falle eines Scheiterns den Investitionsaufwand um mehr als das 1.000-fache.<\/p>\n\n\n\n<ul class=\"wp-block-list\">\n<li>Reduziert Stromausf\u00e4lle und die damit verbundenen hohen Kosten betr\u00e4chtlich<\/li>\n\n\n\n<li>Verhindert, dass ein \u00d6lbrand auf den Transformator und die umliegenden Ger\u00e4te \u00fcbergreift<\/li>\n\n\n\n<li>Erm\u00f6glicht die Instandsetzung des Transformators nach einem Kurzschluss<\/li>\n\n\n\n<li>Verhindert Umweltverschmutzung<\/li>\n\n\n\n<li>Eliminiert das Risiko f\u00fcr Menschenleben<\/li>\n\n\n\n<li>Rettet den Ruf des Unternehmens<\/li>\n<\/ul>\n\n\n<div class=\"wp-block-image\">\n<figure class=\"aligncenter size-large\"><img decoding=\"async\" src=\"https:\/\/corona1.eu\/wp-content\/uploads\/2022\/08\/TRANSFORMATORY.png\" alt=\"\"\/><\/figure>\n<\/div>\n\n\n<p>SERGI Transformer Protector ist ein franz\u00f6sisches Unternehmen mit \u00fcber 60 Jahren Erfahrung auf dem Gebiet des Transformatorenschutzes. SERGI f\u00fchrte ein intensives Forschungsprogramm durch, um die physikalischen Ph\u00e4nomene, die zur Explosion von Transformatoren f\u00fchren, zu erforschen und zu verstehen. Das Ergebnis dieser Forschung war die Erfindung, Konstruktion und Herstellung des Transformer Protector (TP). Seit den sp\u00e4ten 1990er Jahren ist SERGI weltweit f\u00fchrend in der Pr\u00e4vention von Transformatorenexplosionen und -br\u00e4nden.<\/p>\n\n\n\n<p>Der Transformer Protector ist eine bew\u00e4hrte L\u00f6sung zur Verhinderung von Transformatorenbr\u00e4nden und -explosionen durch Kurzschl\u00fcsse, die auf der direkten mechanischen Reaktion des Expansionskits auf den durch den Lichtbogen verursachten inneren dynamischen Druck des Beh\u00e4lters beruht. Sobald ein Kurzschluss aufgetreten ist, wird die Explosion durch die schnelle (Millisekunden) Ausdehnung des Transformators durch das sofortige Ablassen von \u00d6l in einen unabh\u00e4ngigen Tank verhindert. Die erste dynamische Druckspitze aktiviert den TP, bevor ein hoher statischer Druck erzeugt wird. Der Transformator ist somit vor Explosion und Feuer gesch\u00fctzt. Wenn der TP-Schutz aktiviert ist, wird ein Signal an die Control Box gesendet. Wenn ein zweites Signal von einer der elektrischen Schutzeinrichtungen des Transformators empfangen wird, z. B. Buchholz, pl\u00f6tzlicher Druckanstieg oder Erdschluss, l\u00f6st die TP Control Box einen Alarm aus, um die Stickstoffeinspritzung in die Transformatorpfanne manuell oder automatisch zu aktivieren.<\/p>\n\n\n\n<p>TP ist ein passives mechanisches System, das an jeden \u00f6lgef\u00fcllten Transformator \u00fcber 1MVA angepasst werden kann und f\u00fcr den Explosionsschutz konzipiert ist.<\/p>\n\n\n\n<p>Seit Mai 2016 arbeitet Corona Serwis mit SERGI Transformer Protector zusammen.<\/p>\n\n\n\n<section id=\"videoBanner\" class=\"video-banner video-banner-layout2 bg-overlay\" style=\"background-image: url(\/wp-content\/uploads\/2022\/08\/transformer_01.jpg); background-size: cover; background-position: center center;\">\n      \n      <div class=\"container\">\n        <div class=\"row\">\n          <div class=\"col-sm-12 col-md-12 col-lg-12\">\n            <div class=\"video__btn text-center\">\n              <a class=\"popup-video\" href=\"\/video\/transformator-sergi.mp4\">\n                <span class=\"video__player-animation\"><\/span>\n                <span class=\"video__player-animation video__player-animation-2\"><\/span>\n                <div class=\"video__player\">\n                  <i class=\"fa fa-play\"><\/i>\n                <\/div>\n              <\/a>\n            <\/div><!-- \/.video__btn -->\n          <\/div><!-- \/.col-lg-12 -->\n        <\/div><!-- \/.row -->\n      <\/div><!-- \/.container -->\n    <\/section>\n\n\n\n<p><\/p>\n","protected":false},"excerpt":{"rendered":"<p>Sicherheit &#8211; Transformer Protector Verh\u00fctung von Explosionen und Br\u00e4nden bei Transformatoren Ein Transformator ist ein [&hellip;]<\/p>\n","protected":false},"author":1,"featured_media":261,"parent":0,"menu_order":0,"comment_status":"closed","ping_status":"closed","template":"kg_products_list_template.php","meta":{"pgc_sgb_lightbox_settings":"","footnotes":""},"categories":[21],"tags":[],"class_list":["post-260","page","type-page","status-publish","has-post-thumbnail","hentry","category-transformatoren"],"yoast_head":"<!-- This site is optimized with the Yoast SEO plugin v27.1.1 - https:\/\/yoast.com\/product\/yoast-seo-wordpress\/ -->\n<title>Sicherheit - Transformer Protector - CORONA Serwis<\/title>\n<meta name=\"robots\" content=\"index, follow, max-snippet:-1, max-image-preview:large, max-video-preview:-1\" \/>\n<link rel=\"canonical\" href=\"https:\/\/corona1.eu\/de\/sicherheit-transformer-protector\/\" \/>\n<meta property=\"og:locale\" content=\"de_DE\" \/>\n<meta property=\"og:type\" content=\"article\" \/>\n<meta property=\"og:title\" content=\"Sicherheit - Transformer Protector - CORONA Serwis\" \/>\n<meta property=\"og:description\" content=\"Sicherheit &#8211; Transformer Protector Verh\u00fctung von Explosionen und Br\u00e4nden bei Transformatoren Ein Transformator ist ein [&hellip;]\" \/>\n<meta property=\"og:url\" content=\"https:\/\/corona1.eu\/de\/sicherheit-transformer-protector\/\" \/>\n<meta property=\"og:site_name\" content=\"CORONA Serwis\" \/>\n<meta property=\"article:modified_time\" content=\"2025-04-10T08:05:35+00:00\" \/>\n<meta property=\"og:image\" content=\"https:\/\/corona1.eu\/de\/wp-content\/uploads\/2025\/04\/transformer_01.jpg\" \/>\n\t<meta property=\"og:image:width\" content=\"1910\" \/>\n\t<meta property=\"og:image:height\" content=\"1076\" \/>\n\t<meta property=\"og:image:type\" content=\"image\/jpeg\" \/>\n<meta name=\"twitter:card\" content=\"summary_large_image\" \/>\n<meta name=\"twitter:label1\" content=\"Gesch\u00e4tzte Lesezeit\" \/>\n\t<meta name=\"twitter:data1\" content=\"5\u00a0Minuten\" \/>\n<script type=\"application\/ld+json\" class=\"yoast-schema-graph\">{\"@context\":\"https:\/\/schema.org\",\"@graph\":[{\"@type\":\"WebPage\",\"@id\":\"https:\/\/corona1.eu\/de\/sicherheit-transformer-protector\/\",\"url\":\"https:\/\/corona1.eu\/de\/sicherheit-transformer-protector\/\",\"name\":\"Sicherheit - Transformer Protector - CORONA Serwis\",\"isPartOf\":{\"@id\":\"https:\/\/corona1.eu\/de\/#website\"},\"primaryImageOfPage\":{\"@id\":\"https:\/\/corona1.eu\/de\/sicherheit-transformer-protector\/#primaryimage\"},\"image\":{\"@id\":\"https:\/\/corona1.eu\/de\/sicherheit-transformer-protector\/#primaryimage\"},\"thumbnailUrl\":\"https:\/\/corona1.eu\/de\/wp-content\/uploads\/2025\/04\/transformer_01.jpg\",\"datePublished\":\"2025-04-10T08:05:31+00:00\",\"dateModified\":\"2025-04-10T08:05:35+00:00\",\"breadcrumb\":{\"@id\":\"https:\/\/corona1.eu\/de\/sicherheit-transformer-protector\/#breadcrumb\"},\"inLanguage\":\"de\",\"potentialAction\":[{\"@type\":\"ReadAction\",\"target\":[\"https:\/\/corona1.eu\/de\/sicherheit-transformer-protector\/\"]}]},{\"@type\":\"ImageObject\",\"inLanguage\":\"de\",\"@id\":\"https:\/\/corona1.eu\/de\/sicherheit-transformer-protector\/#primaryimage\",\"url\":\"https:\/\/corona1.eu\/de\/wp-content\/uploads\/2025\/04\/transformer_01.jpg\",\"contentUrl\":\"https:\/\/corona1.eu\/de\/wp-content\/uploads\/2025\/04\/transformer_01.jpg\",\"width\":1910,\"height\":1076},{\"@type\":\"BreadcrumbList\",\"@id\":\"https:\/\/corona1.eu\/de\/sicherheit-transformer-protector\/#breadcrumb\",\"itemListElement\":[{\"@type\":\"ListItem\",\"position\":1,\"name\":\"Startseite\",\"item\":\"https:\/\/corona1.eu\/de\/\"},{\"@type\":\"ListItem\",\"position\":2,\"name\":\"Sicherheit &#8211; Transformer Protector\"}]},{\"@type\":\"WebSite\",\"@id\":\"https:\/\/corona1.eu\/de\/#website\",\"url\":\"https:\/\/corona1.eu\/de\/\",\"name\":\"CORONA Serwis\",\"description\":\"\",\"potentialAction\":[{\"@type\":\"SearchAction\",\"target\":{\"@type\":\"EntryPoint\",\"urlTemplate\":\"https:\/\/corona1.eu\/de\/?s={search_term_string}\"},\"query-input\":{\"@type\":\"PropertyValueSpecification\",\"valueRequired\":true,\"valueName\":\"search_term_string\"}}],\"inLanguage\":\"de\"}]}<\/script>\n<!-- \/ Yoast SEO plugin. -->","yoast_head_json":{"title":"Sicherheit - Transformer Protector - CORONA Serwis","robots":{"index":"index","follow":"follow","max-snippet":"max-snippet:-1","max-image-preview":"max-image-preview:large","max-video-preview":"max-video-preview:-1"},"canonical":"https:\/\/corona1.eu\/de\/sicherheit-transformer-protector\/","og_locale":"de_DE","og_type":"article","og_title":"Sicherheit - Transformer Protector - CORONA Serwis","og_description":"Sicherheit &#8211; Transformer Protector Verh\u00fctung von Explosionen und Br\u00e4nden bei Transformatoren Ein Transformator ist ein [&hellip;]","og_url":"https:\/\/corona1.eu\/de\/sicherheit-transformer-protector\/","og_site_name":"CORONA Serwis","article_modified_time":"2025-04-10T08:05:35+00:00","og_image":[{"width":1910,"height":1076,"url":"https:\/\/corona1.eu\/de\/wp-content\/uploads\/2025\/04\/transformer_01.jpg","type":"image\/jpeg"}],"twitter_card":"summary_large_image","twitter_misc":{"Gesch\u00e4tzte Lesezeit":"5\u00a0Minuten"},"schema":{"@context":"https:\/\/schema.org","@graph":[{"@type":"WebPage","@id":"https:\/\/corona1.eu\/de\/sicherheit-transformer-protector\/","url":"https:\/\/corona1.eu\/de\/sicherheit-transformer-protector\/","name":"Sicherheit - Transformer Protector - CORONA Serwis","isPartOf":{"@id":"https:\/\/corona1.eu\/de\/#website"},"primaryImageOfPage":{"@id":"https:\/\/corona1.eu\/de\/sicherheit-transformer-protector\/#primaryimage"},"image":{"@id":"https:\/\/corona1.eu\/de\/sicherheit-transformer-protector\/#primaryimage"},"thumbnailUrl":"https:\/\/corona1.eu\/de\/wp-content\/uploads\/2025\/04\/transformer_01.jpg","datePublished":"2025-04-10T08:05:31+00:00","dateModified":"2025-04-10T08:05:35+00:00","breadcrumb":{"@id":"https:\/\/corona1.eu\/de\/sicherheit-transformer-protector\/#breadcrumb"},"inLanguage":"de","potentialAction":[{"@type":"ReadAction","target":["https:\/\/corona1.eu\/de\/sicherheit-transformer-protector\/"]}]},{"@type":"ImageObject","inLanguage":"de","@id":"https:\/\/corona1.eu\/de\/sicherheit-transformer-protector\/#primaryimage","url":"https:\/\/corona1.eu\/de\/wp-content\/uploads\/2025\/04\/transformer_01.jpg","contentUrl":"https:\/\/corona1.eu\/de\/wp-content\/uploads\/2025\/04\/transformer_01.jpg","width":1910,"height":1076},{"@type":"BreadcrumbList","@id":"https:\/\/corona1.eu\/de\/sicherheit-transformer-protector\/#breadcrumb","itemListElement":[{"@type":"ListItem","position":1,"name":"Startseite","item":"https:\/\/corona1.eu\/de\/"},{"@type":"ListItem","position":2,"name":"Sicherheit &#8211; Transformer Protector"}]},{"@type":"WebSite","@id":"https:\/\/corona1.eu\/de\/#website","url":"https:\/\/corona1.eu\/de\/","name":"CORONA Serwis","description":"","potentialAction":[{"@type":"SearchAction","target":{"@type":"EntryPoint","urlTemplate":"https:\/\/corona1.eu\/de\/?s={search_term_string}"},"query-input":{"@type":"PropertyValueSpecification","valueRequired":true,"valueName":"search_term_string"}}],"inLanguage":"de"}]}},"_links":{"self":[{"href":"https:\/\/corona1.eu\/de\/wp-json\/wp\/v2\/pages\/260","targetHints":{"allow":["GET"]}}],"collection":[{"href":"https:\/\/corona1.eu\/de\/wp-json\/wp\/v2\/pages"}],"about":[{"href":"https:\/\/corona1.eu\/de\/wp-json\/wp\/v2\/types\/page"}],"author":[{"embeddable":true,"href":"https:\/\/corona1.eu\/de\/wp-json\/wp\/v2\/users\/1"}],"replies":[{"embeddable":true,"href":"https:\/\/corona1.eu\/de\/wp-json\/wp\/v2\/comments?post=260"}],"version-history":[{"count":1,"href":"https:\/\/corona1.eu\/de\/wp-json\/wp\/v2\/pages\/260\/revisions"}],"predecessor-version":[{"id":262,"href":"https:\/\/corona1.eu\/de\/wp-json\/wp\/v2\/pages\/260\/revisions\/262"}],"wp:featuredmedia":[{"embeddable":true,"href":"https:\/\/corona1.eu\/de\/wp-json\/wp\/v2\/media\/261"}],"wp:attachment":[{"href":"https:\/\/corona1.eu\/de\/wp-json\/wp\/v2\/media?parent=260"}],"wp:term":[{"taxonomy":"category","embeddable":true,"href":"https:\/\/corona1.eu\/de\/wp-json\/wp\/v2\/categories?post=260"},{"taxonomy":"post_tag","embeddable":true,"href":"https:\/\/corona1.eu\/de\/wp-json\/wp\/v2\/tags?post=260"}],"curies":[{"name":"wp","href":"https:\/\/api.w.org\/{rel}","templated":true}]}}