{"id":255,"date":"2025-04-10T09:43:51","date_gmt":"2025-04-10T07:43:51","guid":{"rendered":"https:\/\/corona1.eu\/de\/?page_id=255"},"modified":"2025-04-10T09:43:56","modified_gmt":"2025-04-10T07:43:56","slug":"sicherheitsventile","status":"publish","type":"page","link":"https:\/\/corona1.eu\/de\/sicherheitsventile\/","title":{"rendered":"Sicherheitsventile"},"content":{"rendered":"\n<p>Der wirksamste Schutz von Betriebssystemen (Tanks oder Anlagen) gegen \u00fcberm\u00e4\u00dfigen Druck sind Sicherheitsventile. Sie sind heute als die wichtigste Schutzma\u00dfnahme gegen Druckaufbau anerkannt. Es gibt verschiedene Arten von Ventilen, die aus unterschiedlichen Materialien hergestellt werden. Dies h\u00e4ngt von der Art der Anlage ab, in die sie eingebaut werden sollen. Die Vielfalt der Ventile h\u00e4ngt von vielen Faktoren ab, unter anderem von der Art der Medien, mit denen sie umgehen m\u00fcssen. Dabei unterscheidet man zwischen Gasen, Fl\u00fcssigkeiten, D\u00e4mpfen oder halbfesten Medien. Ein wichtiger Faktor, der die Vielfalt der Ventile beeinflusst, ist auch der in den Anlagen verwendete Druckbereich oder die Auslegungsbedingungen. Bei der Auswahl des richtigen Ventils m\u00fcssen auch andere komplexe und spezielle Fragen ber\u00fccksichtigt werden.<\/p>\n\n\n\n<p>Die richtige Auswahl von Sicherheitsventilen h\u00e4ngt von der ordnungsgem\u00e4\u00dfen Funktion des gesamten Systems und der Sicherheit aller Personen in seiner Umgebung ab. Aus diesem Grund sollten sowohl die Auswahl als auch der Einbau und die anschlie\u00dfende Wartung von Sicherheitsventilen nur von autorisierten Fachgruppen durchgef\u00fchrt werden.<\/p>\n\n\n\n<p><strong>CORONA<\/strong> bietet Sicherheitsventile unter dem Markennamen Anderson Greenwood &amp; Crosby an. Alle diese Ventile erf\u00fcllen ausnahmslos alle Normen, die f\u00fcr den Betrieb unter den Bedingungen, f\u00fcr die sie entwickelt wurden, erforderlich sind. Wir verwenden eine grundlegende Unterteilung dieser Ventile in mehrere wesentliche Gruppen.<\/p>\n\n\n\n<div style=\"height:60px\" aria-hidden=\"true\" class=\"wp-block-spacer\"><\/div>\n\n\n\n<div class=\"wp-block-columns is-layout-flex wp-container-core-columns-is-layout-9d6595d7 wp-block-columns-is-layout-flex\">\n<div class=\"wp-block-column is-vertically-aligned-center is-layout-flow wp-block-column-is-layout-flow\" style=\"flex-basis:33.33%\"><div class=\"wp-block-image\">\n<figure class=\"aligncenter size-large\"><img decoding=\"async\" src=\"https:\/\/corona1.eu\/wp-content\/uploads\/2022\/09\/corona-style-jce-safety-relief-valve-300x300-1.png\" alt=\"\"\/><\/figure>\n<\/div><\/div>\n\n\n\n<div class=\"wp-block-column is-vertically-aligned-center is-layout-flow wp-block-column-is-layout-flow\" style=\"flex-basis:66.66%\">\n<h3 class=\"wp-block-heading\">Crosby JCE-Serie<\/h3>\n\n\n\n<p>Das Crosby-Sicherheitsventil vom Typ JCE verf\u00fcgt \u00fcber einen frei auslenkenden Spalttopf, der immer korrekt auf die D\u00fcse passt. Dieses Ventil wird standardm\u00e4\u00dfig oder mit einem Ausgleichsfaltenbalg hergestellt und kann auch mit einem speziellen Scheibentyp f\u00fcr fl\u00fcssige Medien ausgestattet werden, um einen st\u00f6rungsfreien Betrieb zu gew\u00e4hrleisten.<\/p>\n\n\n\n<p>Die Standardkonfiguration wird bei Anwendungen eingesetzt, bei denen der Gegendruck durch den Abfluss nicht mehr als 10% betr\u00e4gt. Die Faltenbalgausf\u00fchrung wird verwendet, wenn mehrere Sicherheitsventile in einen gemeinsamen Verteiler m\u00fcnden, oder in anderen F\u00e4llen, in denen ein variabler Gegendruck bis zu einem Maximalwert von 40% auftreten kann. Crosby-Sicherheitsventile des Typs JCE bieten einen umfassenden Schutz gegen \u00dcberdruck in Betriebsanlagen bei moderaten Anschaffungs- und Betriebskosten.<\/p>\n<\/div>\n<\/div>\n\n\n\n<div style=\"height:60px\" aria-hidden=\"true\" class=\"wp-block-spacer\"><\/div>\n\n\n\n<div class=\"wp-block-columns is-layout-flex wp-container-core-columns-is-layout-9d6595d7 wp-block-columns-is-layout-flex\">\n<div class=\"wp-block-column is-vertically-aligned-center is-layout-flow wp-block-column-is-layout-flow\" style=\"flex-basis:33.33%\"><div class=\"wp-block-image\">\n<figure class=\"aligncenter size-large\"><img decoding=\"async\" src=\"https:\/\/corona1.eu\/wp-content\/uploads\/2022\/09\/zawory_bezpieczenstwa_crosby-900_png-102x300-1.png\" alt=\"\"\/><\/figure>\n<\/div><\/div>\n\n\n\n<div class=\"wp-block-column is-vertically-aligned-center is-layout-flow wp-block-column-is-layout-flow\" style=\"flex-basis:66.66%\">\n<h3 class=\"wp-block-heading\">Crosby 900 Serie OMNI-TRIM<\/h3>\n\n\n\n<p>Die Ventile der Serie 900 zeichnen sich durch eine einfache Konstruktion und Innenausstattung (Verkleidung) aus und sind f\u00fcr eine Vielzahl von Anwendungen geeignet. Sie bieten Schutz gegen den Aufbau von \u00dcberdruck in Anlagen mit mittlerem Durchfluss, die in Raffinerien, chemischen und petrochemischen Anlagen, Hilfsanlagen von Kraftwerken und Zellstoff- und Papierfabriken eingesetzt werden. Die maximale Einschaltverz\u00f6gerung ist werkseitig eingestellt und liegt in der Regel bei 20 % oder weniger. Die Standardisierung der Bauteile erm\u00f6glicht eine einfache Montage der Armatur, gew\u00e4hrleistet eine lange Lebensdauer, einen st\u00f6rungsfreien Betrieb und niedrige Wartungskosten.<\/p>\n<\/div>\n<\/div>\n\n\n\n<div style=\"height:60px\" aria-hidden=\"true\" class=\"wp-block-spacer\"><\/div>\n\n\n\n<div class=\"wp-block-columns is-layout-flex wp-container-core-columns-is-layout-9d6595d7 wp-block-columns-is-layout-flex\">\n<div class=\"wp-block-column is-vertically-aligned-center is-layout-flow wp-block-column-is-layout-flow\" style=\"flex-basis:33.33%\"><div class=\"wp-block-image\">\n<figure class=\"aligncenter size-large\"><img decoding=\"async\" src=\"https:\/\/corona1.eu\/wp-content\/uploads\/2022\/09\/zawory_bezpieczenstwa_crosby_60i80.png\" alt=\"\"\/><\/figure>\n<\/div><\/div>\n\n\n\n<div class=\"wp-block-column is-vertically-aligned-center is-layout-flow wp-block-column-is-layout-flow\" style=\"flex-basis:66.66%\">\n<h3 class=\"wp-block-heading\">Crosby Serien 60 und 80<\/h3>\n\n\n\n<p>Federbelastete Sicherheitsventile des Typs 81 werden in einem breiten Spektrum von Produkten, Druck- und Temperaturbereichen und f\u00fcr Gas-, Dampf- und Fl\u00fcssigkeitsanlagen eingesetzt. Sie erm\u00f6glichen die Aufrechterhaltung der Dichtheit auch bei Dr\u00fccken nahe dem \u00d6ffnungsdruck. Sie haben einen inerten Kunststoffsitz.<\/p>\n\n\n\n<p>Die Ventile der Serie 83 mit Elastomersitz sind ideal f\u00fcr Gasanlagen, die bei einem Druck nahe dem Ansprechdruck arbeiten, f\u00fcr die Regelung von teuren oder umweltsch\u00e4dlichen Gasprodukten und f\u00fcr Anlagen, bei denen der Austritt von Gas oder Fl\u00fcssigkeit durch W\u00e4rmeausdehnung erzwungen wird.<\/p>\n\n\n\n<p>Ventile des Typs 61 eignen sich f\u00fcr Gasanlagen, in denen niedrige oder mittlere \u00d6ffnungsdr\u00fccke erforderlich sind und die Anlage vor den Auswirkungen der W\u00e4rmeausdehnung gesch\u00fctzt werden soll. Die Messingkonstruktion eignet sich f\u00fcr Anlagen, in denen Kohlendioxid, Erdgas und andere D\u00e4mpfe gef\u00f6rdert werden.<\/p>\n<\/div>\n<\/div>\n\n\n\n<div style=\"height:60px\" aria-hidden=\"true\" class=\"wp-block-spacer\"><\/div>\n\n\n\n<div class=\"wp-block-columns is-layout-flex wp-container-core-columns-is-layout-9d6595d7 wp-block-columns-is-layout-flex\">\n<div class=\"wp-block-column is-vertically-aligned-center is-layout-flow wp-block-column-is-layout-flow\" style=\"flex-basis:33.33%\"><div class=\"wp-block-image\">\n<figure class=\"aligncenter size-large\"><img decoding=\"async\" src=\"https:\/\/corona1.eu\/wp-content\/uploads\/2022\/09\/zawory_bezpieczenstwa_crosby-jbs-e-146x300-1.jpg\" alt=\"\"\/><\/figure>\n<\/div><\/div>\n\n\n\n<div class=\"wp-block-column is-vertically-aligned-center is-layout-flow wp-block-column-is-layout-flow\" style=\"flex-basis:66.66%\">\n<h3 class=\"wp-block-heading\">Crosby Serien JOS-E, JBS-E, JLT-JOS-E, JLT-JBS-E<\/h3>\n\n\n\n<p>Die federbelasteten Sicherheitsventile des Typs JOS und JBS von Crosby sind f\u00fcr einen ausgezeichneten Schutz gegen \u00fcberm\u00e4\u00dfigen Druck in Systemen mit Luft, Gas und Fl\u00fcssigkeitsdampf sowie f\u00fcr den Einsatz in besonders rauen Umgebungen in der Energiewirtschaft ausgelegt. Sie sind in einer Vielzahl von Werkstoffkombinationen erh\u00e4ltlich &#8211; Monel, Hastelloy und Edelstahl.<\/p>\n\n\n\n<p>JOS-E- und JLT-JOS-Ventile werden bei der Ableitung von Medien in die Atmosph\u00e4re oder bei der Ableitung in ein Niederdruck-Ausgangssystem eingesetzt. JBS- und JLT-JBS-Ventile verf\u00fcgen \u00fcber einen Ausgleichsfaltenbalg, der die Auswirkungen des Gegendrucks auf die Leistung des Ventils minimiert.<\/p>\n<\/div>\n<\/div>\n\n\n\n<div style=\"height:60px\" aria-hidden=\"true\" class=\"wp-block-spacer\"><\/div>\n\n\n\n<div class=\"wp-block-columns is-layout-flex wp-container-core-columns-is-layout-9d6595d7 wp-block-columns-is-layout-flex\">\n<div class=\"wp-block-column is-vertically-aligned-center is-layout-flow wp-block-column-is-layout-flow\" style=\"flex-basis:33.33%\"><div class=\"wp-block-image\">\n<figure class=\"aligncenter size-large\"><img decoding=\"async\" src=\"https:\/\/corona1.eu\/wp-content\/uploads\/2022\/09\/zawor-bezpieczenstwa-crosby_HE-251x300-1.png\" alt=\"\"\/><\/figure>\n<\/div><\/div>\n\n\n\n<div class=\"wp-block-column is-vertically-aligned-center is-layout-flow wp-block-column-is-layout-flow\" style=\"flex-basis:66.66%\">\n<h3 class=\"wp-block-heading\">Crosby H-Serie f\u00fcr Hochtemperaturbetrieb<\/h3>\n\n\n\n<p>Die Sicherheitsventile der H-Serie von Crosby sind f\u00fcr Kesselanwendungen konzipiert. Sie werden erfolgreich in Kesseln, Zylindern, Dampf\u00fcberhitzern, Erhitzern und W\u00e4rmetauschern eingesetzt. HCI-Ventile werden in Kesseln f\u00fcr \u00fcberkritische Parameter (Temperaturen bis zu 595 \u00b0C) eingesetzt.<\/p>\n<\/div>\n<\/div>\n\n\n\n<div style=\"height:60px\" aria-hidden=\"true\" class=\"wp-block-spacer\"><\/div>\n\n\n\n<div class=\"wp-block-columns is-layout-flex wp-container-core-columns-is-layout-9d6595d7 wp-block-columns-is-layout-flex\">\n<div class=\"wp-block-column is-vertically-aligned-center is-layout-flow wp-block-column-is-layout-flow\" style=\"flex-basis:33.33%\"><div class=\"wp-block-image\">\n<figure class=\"aligncenter size-large\"><img decoding=\"async\" src=\"https:\/\/corona1.eu\/wp-content\/uploads\/2022\/09\/zawory-bezpieczenstwa-pilotowe_zawor-9300-z-pilotem.jpg\" alt=\"\"\/><\/figure>\n<\/div><\/div>\n\n\n\n<div class=\"wp-block-column is-vertically-aligned-center is-layout-flow wp-block-column-is-layout-flow\" style=\"flex-basis:66.66%\">\n<h3 class=\"wp-block-heading\">Pilot Crosby<\/h3>\n\n\n\n<p>Sicherheitsventile mit einem so genannten Pilot, die von Anderson Greenwood Crosby angeboten werden, k\u00f6nnen in einem h\u00f6heren Druckeinstellbereich arbeiten als federbelastete Ventile. Manchmal kann ein Ventil mit Pilot f\u00fcnf federbelastete Sicherheitsventile erfolgreich ersetzen. Da diese Ventile nicht \u00fcber eine Feder verf\u00fcgen, die den Sitz des Hauptventils geschlossen h\u00e4lt, konnte die Bauh\u00f6he des Ventils erheblich reduziert werden.<\/p>\n\n\n\n<p>Pilotventile sind in der \u00d6l- und Gasverarbeitungsindustrie an Land und auf See (LNG, LPG, LIN, LOX), in kryogenen Anwendungen, in der chemischen Industrie und \u00e4hnlichem weit verbreitet. Selbst\u00f6ffnende Funktion verf\u00fcgbar, wenn der Druck einen kritischen Wert \u00fcberschreitet. Es gibt keine Drosselung des Hauptventils, was ein Einfrieren des Mediums in kryogenen und k\u00e4ltetechnischen Anwendungen verhindert.<\/p>\n<\/div>\n<\/div>\n\n\n\n<div style=\"height:60px\" aria-hidden=\"true\" class=\"wp-block-spacer\"><\/div>\n","protected":false},"excerpt":{"rendered":"<p>Der wirksamste Schutz von Betriebssystemen (Tanks oder Anlagen) gegen \u00fcberm\u00e4\u00dfigen Druck sind Sicherheitsventile. Sie sind [&hellip;]<\/p>\n","protected":false},"author":1,"featured_media":256,"parent":0,"menu_order":0,"comment_status":"closed","ping_status":"closed","template":"kg_products_list_template.php","meta":{"pgc_sgb_lightbox_settings":"","footnotes":""},"categories":[20,2],"tags":[],"class_list":["post-255","page","type-page","status-publish","has-post-thumbnail","hentry","category-sicherheitsventile","category-zprodukty"],"yoast_head":"<!-- This site is optimized with the Yoast SEO plugin v27.1.1 - https:\/\/yoast.com\/product\/yoast-seo-wordpress\/ -->\n<title>Sicherheitsventile - CORONA Serwis<\/title>\n<meta name=\"robots\" content=\"index, follow, max-snippet:-1, max-image-preview:large, max-video-preview:-1\" \/>\n<link rel=\"canonical\" href=\"https:\/\/corona1.eu\/de\/sicherheitsventile\/\" \/>\n<meta property=\"og:locale\" content=\"de_DE\" \/>\n<meta property=\"og:type\" content=\"article\" \/>\n<meta property=\"og:title\" content=\"Sicherheitsventile - CORONA Serwis\" \/>\n<meta property=\"og:description\" content=\"Der wirksamste Schutz von Betriebssystemen (Tanks oder Anlagen) gegen \u00fcberm\u00e4\u00dfigen Druck sind Sicherheitsventile. Sie sind [&hellip;]\" \/>\n<meta property=\"og:url\" content=\"https:\/\/corona1.eu\/de\/sicherheitsventile\/\" \/>\n<meta property=\"og:site_name\" content=\"CORONA Serwis\" \/>\n<meta property=\"article:modified_time\" content=\"2025-04-10T07:43:56+00:00\" \/>\n<meta property=\"og:image\" content=\"https:\/\/corona1.eu\/de\/wp-content\/uploads\/2025\/04\/grupa_zawory_bezpieczenstwa_16x9.png\" \/>\n\t<meta property=\"og:image:width\" content=\"889\" \/>\n\t<meta property=\"og:image:height\" content=\"500\" \/>\n\t<meta property=\"og:image:type\" content=\"image\/png\" \/>\n<meta name=\"twitter:card\" content=\"summary_large_image\" \/>\n<meta name=\"twitter:label1\" content=\"Gesch\u00e4tzte Lesezeit\" \/>\n\t<meta name=\"twitter:data1\" content=\"6\u00a0Minuten\" \/>\n<script type=\"application\/ld+json\" class=\"yoast-schema-graph\">{\"@context\":\"https:\/\/schema.org\",\"@graph\":[{\"@type\":\"WebPage\",\"@id\":\"https:\/\/corona1.eu\/de\/sicherheitsventile\/\",\"url\":\"https:\/\/corona1.eu\/de\/sicherheitsventile\/\",\"name\":\"Sicherheitsventile - CORONA Serwis\",\"isPartOf\":{\"@id\":\"https:\/\/corona1.eu\/de\/#website\"},\"primaryImageOfPage\":{\"@id\":\"https:\/\/corona1.eu\/de\/sicherheitsventile\/#primaryimage\"},\"image\":{\"@id\":\"https:\/\/corona1.eu\/de\/sicherheitsventile\/#primaryimage\"},\"thumbnailUrl\":\"https:\/\/corona1.eu\/de\/wp-content\/uploads\/2025\/04\/grupa_zawory_bezpieczenstwa_16x9.png\",\"datePublished\":\"2025-04-10T07:43:51+00:00\",\"dateModified\":\"2025-04-10T07:43:56+00:00\",\"breadcrumb\":{\"@id\":\"https:\/\/corona1.eu\/de\/sicherheitsventile\/#breadcrumb\"},\"inLanguage\":\"de\",\"potentialAction\":[{\"@type\":\"ReadAction\",\"target\":[\"https:\/\/corona1.eu\/de\/sicherheitsventile\/\"]}]},{\"@type\":\"ImageObject\",\"inLanguage\":\"de\",\"@id\":\"https:\/\/corona1.eu\/de\/sicherheitsventile\/#primaryimage\",\"url\":\"https:\/\/corona1.eu\/de\/wp-content\/uploads\/2025\/04\/grupa_zawory_bezpieczenstwa_16x9.png\",\"contentUrl\":\"https:\/\/corona1.eu\/de\/wp-content\/uploads\/2025\/04\/grupa_zawory_bezpieczenstwa_16x9.png\",\"width\":889,\"height\":500},{\"@type\":\"BreadcrumbList\",\"@id\":\"https:\/\/corona1.eu\/de\/sicherheitsventile\/#breadcrumb\",\"itemListElement\":[{\"@type\":\"ListItem\",\"position\":1,\"name\":\"Startseite\",\"item\":\"https:\/\/corona1.eu\/de\/\"},{\"@type\":\"ListItem\",\"position\":2,\"name\":\"Sicherheitsventile\"}]},{\"@type\":\"WebSite\",\"@id\":\"https:\/\/corona1.eu\/de\/#website\",\"url\":\"https:\/\/corona1.eu\/de\/\",\"name\":\"CORONA Serwis\",\"description\":\"\",\"potentialAction\":[{\"@type\":\"SearchAction\",\"target\":{\"@type\":\"EntryPoint\",\"urlTemplate\":\"https:\/\/corona1.eu\/de\/?s={search_term_string}\"},\"query-input\":{\"@type\":\"PropertyValueSpecification\",\"valueRequired\":true,\"valueName\":\"search_term_string\"}}],\"inLanguage\":\"de\"}]}<\/script>\n<!-- \/ Yoast SEO plugin. -->","yoast_head_json":{"title":"Sicherheitsventile - CORONA Serwis","robots":{"index":"index","follow":"follow","max-snippet":"max-snippet:-1","max-image-preview":"max-image-preview:large","max-video-preview":"max-video-preview:-1"},"canonical":"https:\/\/corona1.eu\/de\/sicherheitsventile\/","og_locale":"de_DE","og_type":"article","og_title":"Sicherheitsventile - CORONA Serwis","og_description":"Der wirksamste Schutz von Betriebssystemen (Tanks oder Anlagen) gegen \u00fcberm\u00e4\u00dfigen Druck sind Sicherheitsventile. Sie sind [&hellip;]","og_url":"https:\/\/corona1.eu\/de\/sicherheitsventile\/","og_site_name":"CORONA Serwis","article_modified_time":"2025-04-10T07:43:56+00:00","og_image":[{"width":889,"height":500,"url":"https:\/\/corona1.eu\/de\/wp-content\/uploads\/2025\/04\/grupa_zawory_bezpieczenstwa_16x9.png","type":"image\/png"}],"twitter_card":"summary_large_image","twitter_misc":{"Gesch\u00e4tzte Lesezeit":"6\u00a0Minuten"},"schema":{"@context":"https:\/\/schema.org","@graph":[{"@type":"WebPage","@id":"https:\/\/corona1.eu\/de\/sicherheitsventile\/","url":"https:\/\/corona1.eu\/de\/sicherheitsventile\/","name":"Sicherheitsventile - CORONA Serwis","isPartOf":{"@id":"https:\/\/corona1.eu\/de\/#website"},"primaryImageOfPage":{"@id":"https:\/\/corona1.eu\/de\/sicherheitsventile\/#primaryimage"},"image":{"@id":"https:\/\/corona1.eu\/de\/sicherheitsventile\/#primaryimage"},"thumbnailUrl":"https:\/\/corona1.eu\/de\/wp-content\/uploads\/2025\/04\/grupa_zawory_bezpieczenstwa_16x9.png","datePublished":"2025-04-10T07:43:51+00:00","dateModified":"2025-04-10T07:43:56+00:00","breadcrumb":{"@id":"https:\/\/corona1.eu\/de\/sicherheitsventile\/#breadcrumb"},"inLanguage":"de","potentialAction":[{"@type":"ReadAction","target":["https:\/\/corona1.eu\/de\/sicherheitsventile\/"]}]},{"@type":"ImageObject","inLanguage":"de","@id":"https:\/\/corona1.eu\/de\/sicherheitsventile\/#primaryimage","url":"https:\/\/corona1.eu\/de\/wp-content\/uploads\/2025\/04\/grupa_zawory_bezpieczenstwa_16x9.png","contentUrl":"https:\/\/corona1.eu\/de\/wp-content\/uploads\/2025\/04\/grupa_zawory_bezpieczenstwa_16x9.png","width":889,"height":500},{"@type":"BreadcrumbList","@id":"https:\/\/corona1.eu\/de\/sicherheitsventile\/#breadcrumb","itemListElement":[{"@type":"ListItem","position":1,"name":"Startseite","item":"https:\/\/corona1.eu\/de\/"},{"@type":"ListItem","position":2,"name":"Sicherheitsventile"}]},{"@type":"WebSite","@id":"https:\/\/corona1.eu\/de\/#website","url":"https:\/\/corona1.eu\/de\/","name":"CORONA Serwis","description":"","potentialAction":[{"@type":"SearchAction","target":{"@type":"EntryPoint","urlTemplate":"https:\/\/corona1.eu\/de\/?s={search_term_string}"},"query-input":{"@type":"PropertyValueSpecification","valueRequired":true,"valueName":"search_term_string"}}],"inLanguage":"de"}]}},"_links":{"self":[{"href":"https:\/\/corona1.eu\/de\/wp-json\/wp\/v2\/pages\/255","targetHints":{"allow":["GET"]}}],"collection":[{"href":"https:\/\/corona1.eu\/de\/wp-json\/wp\/v2\/pages"}],"about":[{"href":"https:\/\/corona1.eu\/de\/wp-json\/wp\/v2\/types\/page"}],"author":[{"embeddable":true,"href":"https:\/\/corona1.eu\/de\/wp-json\/wp\/v2\/users\/1"}],"replies":[{"embeddable":true,"href":"https:\/\/corona1.eu\/de\/wp-json\/wp\/v2\/comments?post=255"}],"version-history":[{"count":2,"href":"https:\/\/corona1.eu\/de\/wp-json\/wp\/v2\/pages\/255\/revisions"}],"predecessor-version":[{"id":258,"href":"https:\/\/corona1.eu\/de\/wp-json\/wp\/v2\/pages\/255\/revisions\/258"}],"wp:featuredmedia":[{"embeddable":true,"href":"https:\/\/corona1.eu\/de\/wp-json\/wp\/v2\/media\/256"}],"wp:attachment":[{"href":"https:\/\/corona1.eu\/de\/wp-json\/wp\/v2\/media?parent=255"}],"wp:term":[{"taxonomy":"category","embeddable":true,"href":"https:\/\/corona1.eu\/de\/wp-json\/wp\/v2\/categories?post=255"},{"taxonomy":"post_tag","embeddable":true,"href":"https:\/\/corona1.eu\/de\/wp-json\/wp\/v2\/tags?post=255"}],"curies":[{"name":"wp","href":"https:\/\/api.w.org\/{rel}","templated":true}]}}