{"id":250,"date":"2025-04-10T09:31:31","date_gmt":"2025-04-10T07:31:31","guid":{"rendered":"https:\/\/corona1.eu\/de\/?page_id=250"},"modified":"2025-10-21T14:51:59","modified_gmt":"2025-10-21T12:51:59","slug":"flammendurchschlagsicherung","status":"publish","type":"page","link":"https:\/\/corona1.eu\/de\/flammendurchschlagsicherung\/","title":{"rendered":"Flammendurchschlagsicherung"},"content":{"rendered":"\n<p><strong>Flammendurchschlagsicherung \/ Flammensperre<\/strong><\/p>\n\n\n\n<p><strong>Flammensperren sch\u00fctzen Rohrleitungen und Anlagen vor den Folgen einer Z\u00fcndung.<\/strong><br>Beratung, technischer Support und schnelle Lieferung.<\/p>\n\n\n\n<h3 class=\"wp-block-heading\"><strong>Warum Flammendurchschlagsicherungen notwendig sind<\/strong><\/h3>\n\n\n\n<p>\u00dcberall dort, wo <strong>brennbare Fl\u00fcssigkeiten, Gase oder D\u00e4mpfe<\/strong> transportiert oder gelagert werden, sollten <strong>Flammendurchschlagsicherungen (Flammensperren)<\/strong> eingesetzt werden.<br>Sie <strong>minimieren das Risiko<\/strong>, wenn sich explosionsf\u00e4hige Medien entz\u00fcnden, und <strong>sch\u00fctzen Anlagen, Produktionsst\u00e4tten und vor allem Menschen<\/strong>.<\/p>\n\n\n\n<p>Es wird empfohlen, dass <strong>alle Ger\u00e4te mit einer permanenten Z\u00fcndquelle<\/strong> mit einer <strong>Flammensperre<\/strong> ausgestattet sind.<\/p>\n\n\n\n<h3 class=\"wp-block-heading\"><strong>Sicherheit f\u00fcr Tanks und Mischanlagen<\/strong><\/h3>\n\n\n\n<p><strong>Lagertanks und Mischanlagen<\/strong> sind h\u00e4ufig mit <strong>Atemventilen oder Entl\u00fcftungssystemen<\/strong> ausgestattet, die im Falle einer Z\u00fcndung zu einer Explosion f\u00fchren k\u00f6nnen.<br>Im modernen Anlagenbau wird daher empfohlen, solche Systeme mit <strong>Flammendurchschlagsicherungen<\/strong> abzusichern.<\/p>\n\n\n\n<h3 class=\"wp-block-heading\"><strong>Funktionsweise und Aufbau<\/strong><\/h3>\n\n\n\n<p><strong>Flammendurchschlagsicherungen<\/strong> geh\u00f6ren zu den <strong>passiven Sicherheitssystemen<\/strong> gegen <strong>Deflagrationen und Detonationen<\/strong> und <strong>enthalten keine beweglichen Teile<\/strong>.<br>Das zentrale Element besteht aus einem <strong>speziell gewickelten Metallband oder Drahtgeflecht<\/strong>, das durch seine Struktur das <strong>Erl\u00f6schen der Flamme<\/strong> gew\u00e4hrleistet.<\/p>\n\n\n\n<p><\/p>\n\n\n<div class=\"pgc-sgb-cb wp-block-pgcsimplygalleryblock-grid \" data-gallery-id=\"15854417\"><div class=\"sgb-preloader\" id=\"pr_15854417\">\n\t<div class=\"sgb-square\" style=\"background:#d4d4d4\"><\/div>\n\t<div class=\"sgb-square\" style=\"background:#d4d4d4\"><\/div>\n\t<div class=\"sgb-square\" style=\"background:#d4d4d4\"><\/div>\n\t<div class=\"sgb-square\" style=\"background:#d4d4d4\"><\/div><\/div><div class=\"simply-gallery-amp pgc_sgb_slider \"><noscript><div class=\"sgb-gallery\"><div class=\"sgb-item\"><a href=\"https:\/\/corona1.eu\/przerywacz-plomienia\/flame_arrester2\/\" target=\"_blank\"><img decoding=\"async\" alt=\"\" width=\"300\" height=\"300\" loading=\"lazy\" src=\"https:\/\/corona1.eu\/wp-content\/uploads\/2022\/09\/flame_arrester2-300x300.jpg\" srcset=\"https:\/\/corona1.eu\/wp-content\/uploads\/2022\/09\/flame_arrester2-300x300.jpg 300w,https:\/\/corona1.eu\/wp-content\/uploads\/2022\/09\/flame_arrester2.jpg 794w\" sizes=\"auto, 250px\"\/><\/a><\/div><div class=\"sgb-item\"><a href=\"https:\/\/corona1.eu\/przerywacz-plomienia\/flame_arrester\/\" target=\"_blank\"><img decoding=\"async\" alt=\"\" width=\"300\" height=\"300\" loading=\"lazy\" src=\"https:\/\/corona1.eu\/wp-content\/uploads\/2022\/09\/flame_arrester-300x300.jpg\" srcset=\"https:\/\/corona1.eu\/wp-content\/uploads\/2022\/09\/flame_arrester-300x300.jpg 300w,https:\/\/corona1.eu\/wp-content\/uploads\/2022\/09\/flame_arrester.jpg 919w\" sizes=\"auto, 250px\"\/><\/a><\/div><div class=\"sgb-item\"><a href=\"https:\/\/corona1.eu\/przerywacz-plomienia\/flame_arrester1\/\" target=\"_blank\"><img decoding=\"async\" alt=\"\" width=\"300\" height=\"300\" loading=\"lazy\" src=\"https:\/\/corona1.eu\/wp-content\/uploads\/2022\/09\/flame_arrester1-300x300.jpg\" srcset=\"https:\/\/corona1.eu\/wp-content\/uploads\/2022\/09\/flame_arrester1-300x300.jpg 300w,https:\/\/corona1.eu\/wp-content\/uploads\/2022\/09\/flame_arrester1.jpg 670w\" sizes=\"auto, 250px\"\/><\/a><\/div><\/div><\/noscript><\/div><script type=\"application\/json\" class=\"sgb-data\">{\"collectionThumbSubMenuDownload\":false,\"collectionThumbSubMenuShare\":false,\"galleryType\":\"pgc_sgb_grid\",\"galleryId\":\"15854417\",\"images\":[{\"id\":1475,\"title\":\"flame_arrester2\",\"url\":\"https:\/\/corona1.eu\/wp-content\/uploads\/2022\/09\/flame_arrester2.jpg\",\"link\":\"https:\/\/corona1.eu\/przerywacz-plomienia\/flame_arrester2\/\",\"alt\":\"\",\"description\":\"\",\"caption\":\"\",\"mime\":\"image\/jpeg\",\"type\":\"image\",\"width\":794,\"height\":794,\"sizes\":{\"thumbnail\":{\"height\":150,\"width\":150,\"url\":\"https:\/\/corona1.eu\/wp-content\/uploads\/2022\/09\/flame_arrester2-150x150.jpg\",\"orientation\":\"landscape\"},\"medium\":{\"height\":300,\"width\":300,\"url\":\"https:\/\/corona1.eu\/wp-content\/uploads\/2022\/09\/flame_arrester2-300x300.jpg\",\"orientation\":\"landscape\"},\"full\":{\"url\":\"https:\/\/corona1.eu\/wp-content\/uploads\/2022\/09\/flame_arrester2.jpg\",\"height\":794,\"width\":794,\"orientation\":\"landscape\"}},\"meta\":false,\"postlink\":\"https:\/\/corona1.eu\/przerywacz-plomienia\/flame_arrester2\/\"},{\"id\":1472,\"title\":\"flame_arrester\",\"url\":\"https:\/\/corona1.eu\/wp-content\/uploads\/2022\/09\/flame_arrester.jpg\",\"link\":\"https:\/\/corona1.eu\/przerywacz-plomienia\/flame_arrester\/\",\"alt\":\"\",\"description\":\"\",\"caption\":\"\",\"mime\":\"image\/jpeg\",\"type\":\"image\",\"width\":919,\"height\":919,\"sizes\":{\"thumbnail\":{\"height\":150,\"width\":150,\"url\":\"https:\/\/corona1.eu\/wp-content\/uploads\/2022\/09\/flame_arrester-150x150.jpg\",\"orientation\":\"landscape\"},\"medium\":{\"height\":300,\"width\":300,\"url\":\"https:\/\/corona1.eu\/wp-content\/uploads\/2022\/09\/flame_arrester-300x300.jpg\",\"orientation\":\"landscape\"},\"full\":{\"url\":\"https:\/\/corona1.eu\/wp-content\/uploads\/2022\/09\/flame_arrester.jpg\",\"height\":919,\"width\":919,\"orientation\":\"landscape\"}},\"meta\":false,\"postlink\":\"https:\/\/corona1.eu\/przerywacz-plomienia\/flame_arrester\/\"},{\"id\":1473,\"title\":\"flame_arrester1\",\"url\":\"https:\/\/corona1.eu\/wp-content\/uploads\/2022\/09\/flame_arrester1.jpg\",\"link\":\"https:\/\/corona1.eu\/przerywacz-plomienia\/flame_arrester1\/\",\"alt\":\"\",\"description\":\"\",\"caption\":\"\",\"mime\":\"image\/jpeg\",\"type\":\"image\",\"width\":670,\"height\":670,\"sizes\":{\"thumbnail\":{\"height\":150,\"width\":150,\"url\":\"https:\/\/corona1.eu\/wp-content\/uploads\/2022\/09\/flame_arrester1-150x150.jpg\",\"orientation\":\"landscape\"},\"medium\":{\"height\":300,\"width\":300,\"url\":\"https:\/\/corona1.eu\/wp-content\/uploads\/2022\/09\/flame_arrester1-300x300.jpg\",\"orientation\":\"landscape\"},\"full\":{\"url\":\"https:\/\/corona1.eu\/wp-content\/uploads\/2022\/09\/flame_arrester1.jpg\",\"height\":670,\"width\":670,\"orientation\":\"landscape\"}},\"meta\":false,\"postlink\":\"https:\/\/corona1.eu\/przerywacz-plomienia\/flame_arrester1\/\"}],\"itemsMetaDataCollection\":[]}<\/script><script>(function(){if(window.PGC_SGB && window.PGC_SGB.searcher){window.PGC_SGB.searcher.initBlocks()}})()<\/script><\/div>\n\n\n<p><\/p>\n\n\n\n<p><strong>Gefahr durch kleinste Funken<\/strong><\/p>\n\n\n\n<p>Schon <strong>ein kleiner Funke<\/strong> in einer Rohrleitung kann <strong>katastrophale Folgen<\/strong> haben.<br>Nach einer <strong>Deflagration oder Detonation<\/strong> entstehen h\u00e4ufig <strong>massive Zerst\u00f6rungen<\/strong> in Anlagen, in denen explosive Gase oder D\u00e4mpfe transportiert werden.<br>Wenn sich ein Gas in einem geschlossenen System entz\u00fcndet, breitet sich die <strong>Flamme mit extrem hoher Geschwindigkeit<\/strong> aus \u2013 bis zu <strong>3000 m\/s<\/strong> \u2013 und erzeugt enorme Druckwellen.<\/p>\n\n\n\n<p>F\u00fcr solche Anwendungen wurde unsere <strong>Flammendurchschlagsicherung Valwo<\/strong> entwickelt.<br>Sie <strong>stoppt die Flamme, k\u00fchlt sie effektiv ab<\/strong> und <strong>sch\u00fctzt die gesamte Anlage sowie die Umgebung<\/strong>.<\/p>\n\n\n\n<figure class=\"wp-block-image size-large\"><img decoding=\"async\" src=\"https:\/\/corona1.eu\/wp-content\/uploads\/2022\/09\/Przerywacz-ognia-corona.gif\" alt=\"\"\/><\/figure>\n\n\n\n<h3 class=\"wp-block-heading\"><strong>Auswahl des geeigneten Typs<\/strong><\/h3>\n\n\n\n<p>Je nach Anwendung bieten wir <strong>ma\u00dfgeschneiderte Flammensperren<\/strong> f\u00fcr das jeweilige Medium oder Einsatzgebiet an.<br>Kombinationen sind m\u00f6glich:<\/p>\n\n\n\n<ul class=\"wp-block-list\">\n<li><strong>Flammensperre mit Atemventil<\/strong>,<\/li>\n\n\n\n<li><strong>Unterdruck- oder \u00dcberdruckventile<\/strong>,<\/li>\n\n\n\n<li>oder <strong>kombinierte Sicherheitsmodule<\/strong>.<\/li>\n<\/ul>\n\n\n\n<p><\/p>\n\n\n\n<h3 class=\"wp-block-heading\"><strong>Technischer Hintergrund \u2013 MESG und Konstruktionsparameter<\/strong><\/h3>\n\n\n\n<p>Jedes Gas besitzt eine eigene <strong>Explosionsgruppe<\/strong> und charakteristische <strong>Z\u00fcndparameter<\/strong>.<br>Daraus ergibt sich der notwendige <strong>Metallgeflecht-Querschnitt<\/strong>, durch den <strong>die Flamme nicht hindurchdringen kann<\/strong>.<\/p>\n\n\n\n<p>Dieses Verhalten wird durch den sogenannten <strong>MESG-Wert (Maximum Experimental Safe Gap)<\/strong> beschrieben.<br>Damit eine Flamme sicher gel\u00f6scht und abgek\u00fchlt wird, muss der <strong>Abstand der \u00d6ffnungen<\/strong> kleiner sein als der zul\u00e4ssige MESG-Wert f\u00fcr das jeweilige Medium.<\/p>\n\n\n\n<p>Nicht nur die <strong>H\u00f6he<\/strong>, sondern auch die <strong>L\u00e4nge des Einsatzes<\/strong> sind entscheidend.<br>Sie m\u00fcssen so ausgelegt sein, dass die <strong>W\u00e4rme des Explosionsvorgangs vollst\u00e4ndig absorbiert<\/strong> wird.<br>Nach dem Durchstr\u00f6men der gesamten Flammensperre liegt die <strong>Gastemperatur unterhalb der Selbstz\u00fcndtemperatur<\/strong>, sodass <strong>der Bereich hinter der Flammensperre gesch\u00fctzt bleibt.<\/strong><\/p>\n\n\n\n<h3 class=\"wp-block-heading\"><strong>Technische Daten<\/strong><\/h3>\n\n\n\n<ul class=\"wp-block-list\">\n<li><strong>Nennweiten:<\/strong> DN 6 \u2013 DN 600<\/li>\n\n\n\n<li><strong>Max. Betriebstemperatur:<\/strong> bis <strong>250 \u00b0C<\/strong><\/li>\n\n\n\n<li><strong>Zertifiziert<\/strong> f\u00fcr hohe Betriebsdr\u00fccke<\/li>\n\n\n\n<li><strong>Konformit\u00e4t:<\/strong> EN ISO 16852 \/ ATEX<\/li>\n<\/ul>\n\n\n\n<p><\/p>\n\n\n\n<h3 class=\"wp-block-heading\"><strong>Typen von Flammendurchschlagsicherungen<\/strong><\/h3>\n\n\n\n<ul class=\"wp-block-list\">\n<li><strong>Deflagrations-, Detonations-, Kurzzeit- und Dauerbrenn-Flammensperren<\/strong><\/li>\n\n\n\n<li><strong>In-line-Flammensperren<\/strong> f\u00fcr Rohrleitungen \u2013 installiert als Teil des Leitungssystems zum Transport von Gasen oder D\u00e4mpfen brennbarer Fl\u00fcssigkeiten<\/li>\n\n\n\n<li><strong>Fl\u00fcssigkeits-Flammensperren<\/strong> \u2013 zum Schutz von Lagertanks vor Dampfexplosionen; montiert an F\u00fcll- oder Entleerungsleitungen (hydraulische Absperrung, Fu\u00dfventil)<\/li>\n\n\n\n<li><strong>End-of-Line-Flammensperren (Atemventile)<\/strong> \u2013 erm\u00f6glichen die Ent- und Bel\u00fcftung von Tanks bei gleichzeitiger Verhinderung einer Flammenr\u00fcckschlag-Ausbreitung; die Sicherheit wird durch einen <strong>speziellen explosionssicheren Einsatz mit angepassten Spaltweiten<\/strong> gew\u00e4hrleistet.<\/li>\n<\/ul>\n\n\n\n<p><\/p>\n\n\n\n<h3 class=\"wp-block-heading\"><strong>Ihre Vorteile<\/strong><\/h3>\n\n\n\n<ul class=\"wp-block-list\">\n<li><strong>Maximale Sicherheit<\/strong> f\u00fcr Anlagen und Mitarbeiter<\/li>\n\n\n\n<li><strong>Zertifizierte Produkte<\/strong> nach EN ISO 16852 und ATEX<\/li>\n\n\n\n<li><strong>Individuelle Beratung<\/strong> und <strong>schnelle Lieferung<\/strong><\/li>\n\n\n\n<li><strong>Langzeitstabilit\u00e4t<\/strong> durch hochwertige Materialien<\/li>\n<\/ul>\n\n\n\n<p><\/p>\n\n\n\n<form class=\"contact__form-panel\" action=\"https:\/\/corona1.eu\/flame_arrestor\/pdf_generate.php\" method=\"POST\">\n\t<p class=\"pb-3\">\n\t\t<b>Das Blatt ist nur f\u00fcr eine Gr\u00f6\u00dfe der Flammendurchschlagsicherung vorgesehen. Wenn Sie mehrere Gr\u00f6\u00dfen haben, f\u00fcllen Sie bitte das Blatt f\u00fcr jede Gr\u00f6\u00dfe der Flammendurchschlagsicherung aus.<\/b>\n\t\t<br><br>\n\t\t<i>(This sheet is only for one flame arrestor size. If you have more sizes, then you need to make one sheet for each flame arrestor size.)<\/i>\n\t<\/p>\n\t<div class=\"pt-3\" id=\"desc\">\n\t\t<h3><b>Kontaktinformationen:<\/b><br><i style=\"font-size: small;\">(Contact details)<\/i><\/h3>\n\t\t<hr>\n\t<\/div>\n\t<div class=\"form-group\" id=\"name\">\n\t\t<label>Name<\/label>\n\t\t<i style=\"font-size: small;\">(Name and surname)<\/i>\n\t\t<input type=\"text\" name=\"name_surname\" class=\"form-control\" placeholder=\"\" required=\"Wymagane pole\">\n\t<\/div>\n\t<div class=\"form-group\" id=\"email\">\n\t\t<label>E-mail<\/label>\n\t\t<input type=\"text\" name=\"email\" class=\"form-control\" placeholder=\"\" required=\"Wymagane pole\">\n\t<\/div>\n\t<div class=\"form-group\" id=\"company\">\n\t\t<label>Name des Unternehmens<\/label>\n\t\t<i style=\"font-size: small;\">(Company name)<\/i>\n\t\t<input type=\"text\" name=\"company_name\" class=\"form-control\" placeholder=\"\" required=\"Wymagane pole\">\n\t<\/div>\n\t<div class=\"pt-3\" id=\"desc_flame_arrestor\">\n\t\t<h3><b>Flammendurchschlagsicherung &#8211; technische Daten:<\/b><br><i style=\"font-size: small;\">(Flame arrestor &#8211; technical specification)<\/i><\/h3>\n\t\t<hr>\n\t<\/div>\n\t<div class=\"form-group\" id=\"size\">\n\t\t<label>Gr\u00f6\u00dfe DN:<\/label>\n\t\t<i>(Nominal size DN)<\/i>\n\t\t<input type=\"text\" name=\"size\" class=\"form-control\" placeholder=\"\">\n\t<\/div>\n\t<div class=\"form-group\" id=\"quantity\">\n\t\t<label>Menge:<\/label>\n\t\t<i>(Quantity)<\/i>\n\t\t<input type=\"text\" name=\"quantity\" class=\"form-control\" placeholder=\"\">\n\t<\/div>\n\t<div class=\"form-group\" id=\"temp\">\n\t\t<label>Betriebstemperatur (Standard 60\u00b0C):<\/label>\n\t\t<i>(Operating temperature (standard 60\u00b0C))<\/i>\n\t\t<input type=\"text\" name=\"temp\" class=\"form-control\" placeholder=\"\">\n\t<\/div>\n\t<div class=\"form-group\" id=\"vacuum\">\n\t\t<label>Betriebsdruck (Standard 1,1 bar abs):<\/label>\n\t\t<i>(Operating pressure (standard 1,1 bar abs))<\/i>\n\t\t<input type=\"text\" name=\"vacuum\" class=\"form-control\" placeholder=\"\">\n\t<\/div>\n\t<div class=\"form-group\" id=\"ex_gr\">\n\t\t<label>Gruppe der Explosivit\u00e4t:<\/label>\n\t\t<i>(Explosion group)<\/i>\n\t\t<input type=\"text\" name=\"ex_gr\" class=\"form-control\" placeholder=\"Przyk\u0142adowo: IIA\">\n\t<\/div>\n\t<div class=\"form-group\" id=\"material\">\n\t\t<label>Geh\u00e4usematerial (K\u00f6rper):<\/label>\n\t\t<i>(Housing material)<\/i>\n\t\t<input type=\"text\" name=\"material\" class=\"form-control\" placeholder=\"Przyk\u0142adowo: stal nierdzewna 316\">\n\t<\/div>\n\t<div class=\"form-group\" id=\"max_flow\">\n\t\t<label>Maximaler Durchsatz, m\u00b3\/h<\/label>\n\t\t<i>(Maximum flow m\u00b3\/h)<\/i>\n\t\t<input type=\"text\" name=\"max_flow\" class=\"form-control\" placeholder=\"\">\n\t<\/div>\n\t<div class=\"form-group\">\n\t\t<label for=\"form_need\">Verbrennungsprozess: Verpuffung oder Detonation?<\/label>\n\t\t<i>(Combustion process: deflagration or detonation?)<\/i>\n\t\t<select id=\"form_need\" name=\"need\" class=\"form-control control-one\" data-error=\"Type of query required.\">\n\t\t\t<option class=\"option-form\" value=\"\">&#8230;<\/option>\n\t\t\t<option value=\"Deflagration\">Deflagration \/ Deflagration<\/option>\n\t\t\t<option value=\"Detonation\">Detonation \/ Detonation<\/option>\n\t\t<\/select>\n\t\t<div class=\"help-block with-errors\"><\/div>\n\t<\/div>\n\t<div class=\"form-group\" id=\"mess\">\n\t\t<label>Zus\u00e4tzliche Informationen &#8211; fakultativ:<\/label>\n\t\t<i>(Additional Information &#8211; optional)<\/i>\n\t\t<textarea name=\"mess\" class=\"form-control\" placeholder=\"\"><\/textarea>\n\t<\/div>\n\t<div class=\"form-group pt-3\" id=\"button_send\">\n\t\t<p>PDF einreichen \/ Send as PDF<\/p>\n\t\t<button class=\"btn btn-dark\">Erstellen und Versenden einer PDF-Datei<\/button>\n\t\t<p><i style=\"font-size: small;\">Create and send PDF<\/i><\/p>\n\t<\/div>\n<\/form>\n","protected":false},"excerpt":{"rendered":"<p>Flammendurchschlagsicherung \/ Flammensperre Flammensperren sch\u00fctzen Rohrleitungen und Anlagen vor den Folgen einer Z\u00fcndung.Beratung, technischer Support [&hellip;]<\/p>\n","protected":false},"author":1,"featured_media":251,"parent":0,"menu_order":0,"comment_status":"closed","ping_status":"closed","template":"kg_products_list_template.php","meta":{"pgc_sgb_lightbox_settings":"","footnotes":""},"categories":[19,2],"tags":[],"class_list":["post-250","page","type-page","status-publish","has-post-thumbnail","hentry","category-flammendurchschlagsicherung","category-zprodukty"],"yoast_head":"<!-- This site is optimized with the Yoast SEO plugin v27.1.1 - https:\/\/yoast.com\/product\/yoast-seo-wordpress\/ -->\n<title>Flammendurchschlagsicherung &amp; Flammensperre<\/title>\n<meta name=\"description\" content=\"Flammendurchschlagsicherung nach EN ISO 16852 \u2013 sichere Flammensperre f\u00fcr Gase, D\u00e4mpfe und Tanks. Valwo sch\u00fctzt Ihre Anlage.\" \/>\n<meta name=\"robots\" content=\"index, follow, max-snippet:-1, max-image-preview:large, max-video-preview:-1\" \/>\n<link rel=\"canonical\" href=\"https:\/\/corona1.eu\/de\/flammendurchschlagsicherung\/\" \/>\n<meta property=\"og:locale\" content=\"de_DE\" \/>\n<meta property=\"og:type\" content=\"article\" \/>\n<meta property=\"og:title\" content=\"Flammendurchschlagsicherung &amp; Flammensperre\" \/>\n<meta property=\"og:description\" content=\"Flammendurchschlagsicherung nach EN ISO 16852 \u2013 sichere Flammensperre f\u00fcr Gase, D\u00e4mpfe und Tanks. Valwo sch\u00fctzt Ihre Anlage.\" \/>\n<meta property=\"og:url\" content=\"https:\/\/corona1.eu\/de\/flammendurchschlagsicherung\/\" \/>\n<meta property=\"og:site_name\" content=\"CORONA Serwis\" \/>\n<meta property=\"article:modified_time\" content=\"2025-10-21T12:51:59+00:00\" \/>\n<meta property=\"og:image\" content=\"https:\/\/corona1.eu\/de\/wp-content\/uploads\/2025\/04\/grupa_przerywacz_plomienia_16x9.png\" \/>\n\t<meta property=\"og:image:width\" content=\"889\" \/>\n\t<meta property=\"og:image:height\" content=\"500\" \/>\n\t<meta property=\"og:image:type\" content=\"image\/png\" \/>\n<meta name=\"twitter:card\" content=\"summary_large_image\" \/>\n<meta name=\"twitter:label1\" content=\"Gesch\u00e4tzte Lesezeit\" \/>\n\t<meta name=\"twitter:data1\" content=\"5\u00a0Minuten\" \/>\n<script type=\"application\/ld+json\" class=\"yoast-schema-graph\">{\"@context\":\"https:\/\/schema.org\",\"@graph\":[{\"@type\":\"WebPage\",\"@id\":\"https:\/\/corona1.eu\/de\/flammendurchschlagsicherung\/\",\"url\":\"https:\/\/corona1.eu\/de\/flammendurchschlagsicherung\/\",\"name\":\"Flammendurchschlagsicherung & Flammensperre\",\"isPartOf\":{\"@id\":\"https:\/\/corona1.eu\/de\/#website\"},\"primaryImageOfPage\":{\"@id\":\"https:\/\/corona1.eu\/de\/flammendurchschlagsicherung\/#primaryimage\"},\"image\":{\"@id\":\"https:\/\/corona1.eu\/de\/flammendurchschlagsicherung\/#primaryimage\"},\"thumbnailUrl\":\"https:\/\/corona1.eu\/de\/wp-content\/uploads\/2025\/04\/grupa_przerywacz_plomienia_16x9.png\",\"datePublished\":\"2025-04-10T07:31:31+00:00\",\"dateModified\":\"2025-10-21T12:51:59+00:00\",\"description\":\"Flammendurchschlagsicherung nach EN ISO 16852 \u2013 sichere Flammensperre f\u00fcr Gase, D\u00e4mpfe und Tanks. Valwo sch\u00fctzt Ihre Anlage.\",\"breadcrumb\":{\"@id\":\"https:\/\/corona1.eu\/de\/flammendurchschlagsicherung\/#breadcrumb\"},\"inLanguage\":\"de\",\"potentialAction\":[{\"@type\":\"ReadAction\",\"target\":[\"https:\/\/corona1.eu\/de\/flammendurchschlagsicherung\/\"]}]},{\"@type\":\"ImageObject\",\"inLanguage\":\"de\",\"@id\":\"https:\/\/corona1.eu\/de\/flammendurchschlagsicherung\/#primaryimage\",\"url\":\"https:\/\/corona1.eu\/de\/wp-content\/uploads\/2025\/04\/grupa_przerywacz_plomienia_16x9.png\",\"contentUrl\":\"https:\/\/corona1.eu\/de\/wp-content\/uploads\/2025\/04\/grupa_przerywacz_plomienia_16x9.png\",\"width\":889,\"height\":500},{\"@type\":\"BreadcrumbList\",\"@id\":\"https:\/\/corona1.eu\/de\/flammendurchschlagsicherung\/#breadcrumb\",\"itemListElement\":[{\"@type\":\"ListItem\",\"position\":1,\"name\":\"Startseite\",\"item\":\"https:\/\/corona1.eu\/de\/\"},{\"@type\":\"ListItem\",\"position\":2,\"name\":\"Flammendurchschlagsicherung\"}]},{\"@type\":\"WebSite\",\"@id\":\"https:\/\/corona1.eu\/de\/#website\",\"url\":\"https:\/\/corona1.eu\/de\/\",\"name\":\"CORONA Serwis\",\"description\":\"\",\"potentialAction\":[{\"@type\":\"SearchAction\",\"target\":{\"@type\":\"EntryPoint\",\"urlTemplate\":\"https:\/\/corona1.eu\/de\/?s={search_term_string}\"},\"query-input\":{\"@type\":\"PropertyValueSpecification\",\"valueRequired\":true,\"valueName\":\"search_term_string\"}}],\"inLanguage\":\"de\"}]}<\/script>\n<!-- \/ Yoast SEO plugin. -->","yoast_head_json":{"title":"Flammendurchschlagsicherung & Flammensperre","description":"Flammendurchschlagsicherung nach EN ISO 16852 \u2013 sichere Flammensperre f\u00fcr Gase, D\u00e4mpfe und Tanks. Valwo sch\u00fctzt Ihre Anlage.","robots":{"index":"index","follow":"follow","max-snippet":"max-snippet:-1","max-image-preview":"max-image-preview:large","max-video-preview":"max-video-preview:-1"},"canonical":"https:\/\/corona1.eu\/de\/flammendurchschlagsicherung\/","og_locale":"de_DE","og_type":"article","og_title":"Flammendurchschlagsicherung & Flammensperre","og_description":"Flammendurchschlagsicherung nach EN ISO 16852 \u2013 sichere Flammensperre f\u00fcr Gase, D\u00e4mpfe und Tanks. Valwo sch\u00fctzt Ihre Anlage.","og_url":"https:\/\/corona1.eu\/de\/flammendurchschlagsicherung\/","og_site_name":"CORONA Serwis","article_modified_time":"2025-10-21T12:51:59+00:00","og_image":[{"width":889,"height":500,"url":"https:\/\/corona1.eu\/de\/wp-content\/uploads\/2025\/04\/grupa_przerywacz_plomienia_16x9.png","type":"image\/png"}],"twitter_card":"summary_large_image","twitter_misc":{"Gesch\u00e4tzte Lesezeit":"5\u00a0Minuten"},"schema":{"@context":"https:\/\/schema.org","@graph":[{"@type":"WebPage","@id":"https:\/\/corona1.eu\/de\/flammendurchschlagsicherung\/","url":"https:\/\/corona1.eu\/de\/flammendurchschlagsicherung\/","name":"Flammendurchschlagsicherung & Flammensperre","isPartOf":{"@id":"https:\/\/corona1.eu\/de\/#website"},"primaryImageOfPage":{"@id":"https:\/\/corona1.eu\/de\/flammendurchschlagsicherung\/#primaryimage"},"image":{"@id":"https:\/\/corona1.eu\/de\/flammendurchschlagsicherung\/#primaryimage"},"thumbnailUrl":"https:\/\/corona1.eu\/de\/wp-content\/uploads\/2025\/04\/grupa_przerywacz_plomienia_16x9.png","datePublished":"2025-04-10T07:31:31+00:00","dateModified":"2025-10-21T12:51:59+00:00","description":"Flammendurchschlagsicherung nach EN ISO 16852 \u2013 sichere Flammensperre f\u00fcr Gase, D\u00e4mpfe und Tanks. Valwo sch\u00fctzt Ihre Anlage.","breadcrumb":{"@id":"https:\/\/corona1.eu\/de\/flammendurchschlagsicherung\/#breadcrumb"},"inLanguage":"de","potentialAction":[{"@type":"ReadAction","target":["https:\/\/corona1.eu\/de\/flammendurchschlagsicherung\/"]}]},{"@type":"ImageObject","inLanguage":"de","@id":"https:\/\/corona1.eu\/de\/flammendurchschlagsicherung\/#primaryimage","url":"https:\/\/corona1.eu\/de\/wp-content\/uploads\/2025\/04\/grupa_przerywacz_plomienia_16x9.png","contentUrl":"https:\/\/corona1.eu\/de\/wp-content\/uploads\/2025\/04\/grupa_przerywacz_plomienia_16x9.png","width":889,"height":500},{"@type":"BreadcrumbList","@id":"https:\/\/corona1.eu\/de\/flammendurchschlagsicherung\/#breadcrumb","itemListElement":[{"@type":"ListItem","position":1,"name":"Startseite","item":"https:\/\/corona1.eu\/de\/"},{"@type":"ListItem","position":2,"name":"Flammendurchschlagsicherung"}]},{"@type":"WebSite","@id":"https:\/\/corona1.eu\/de\/#website","url":"https:\/\/corona1.eu\/de\/","name":"CORONA Serwis","description":"","potentialAction":[{"@type":"SearchAction","target":{"@type":"EntryPoint","urlTemplate":"https:\/\/corona1.eu\/de\/?s={search_term_string}"},"query-input":{"@type":"PropertyValueSpecification","valueRequired":true,"valueName":"search_term_string"}}],"inLanguage":"de"}]}},"_links":{"self":[{"href":"https:\/\/corona1.eu\/de\/wp-json\/wp\/v2\/pages\/250","targetHints":{"allow":["GET"]}}],"collection":[{"href":"https:\/\/corona1.eu\/de\/wp-json\/wp\/v2\/pages"}],"about":[{"href":"https:\/\/corona1.eu\/de\/wp-json\/wp\/v2\/types\/page"}],"author":[{"embeddable":true,"href":"https:\/\/corona1.eu\/de\/wp-json\/wp\/v2\/users\/1"}],"replies":[{"embeddable":true,"href":"https:\/\/corona1.eu\/de\/wp-json\/wp\/v2\/comments?post=250"}],"version-history":[{"count":4,"href":"https:\/\/corona1.eu\/de\/wp-json\/wp\/v2\/pages\/250\/revisions"}],"predecessor-version":[{"id":801,"href":"https:\/\/corona1.eu\/de\/wp-json\/wp\/v2\/pages\/250\/revisions\/801"}],"wp:featuredmedia":[{"embeddable":true,"href":"https:\/\/corona1.eu\/de\/wp-json\/wp\/v2\/media\/251"}],"wp:attachment":[{"href":"https:\/\/corona1.eu\/de\/wp-json\/wp\/v2\/media?parent=250"}],"wp:term":[{"taxonomy":"category","embeddable":true,"href":"https:\/\/corona1.eu\/de\/wp-json\/wp\/v2\/categories?post=250"},{"taxonomy":"post_tag","embeddable":true,"href":"https:\/\/corona1.eu\/de\/wp-json\/wp\/v2\/tags?post=250"}],"curies":[{"name":"wp","href":"https:\/\/api.w.org\/{rel}","templated":true}]}}