{"id":247,"date":"2025-04-10T08:56:33","date_gmt":"2025-04-10T06:56:33","guid":{"rendered":"https:\/\/corona1.eu\/de\/?page_id=247"},"modified":"2025-10-15T10:36:45","modified_gmt":"2025-10-15T08:36:45","slug":"modulares-beatmungsventil-mit-auslassflansch","status":"publish","type":"page","link":"https:\/\/corona1.eu\/de\/atmungsventile-fur-tankanlagen\/modulares-beatmungsventil-mit-auslassflansch\/","title":{"rendered":"Modulares Atmungsventil mit Flanschanschluss (Pipeaway)"},"content":{"rendered":"\n<p>Dieses <strong>Tank-\u00dcber- und Unterdruckventil<\/strong> mit Flanschanschluss sch\u00fctzt Tanks vor gef\u00e4hrlichem Druckaufbau und Vakuum.<br>Die <strong>modulare Bauweise<\/strong> kombiniert h\u00f6chste Dichtheit, flexible Anschlussm\u00f6glichkeiten und hervorragende Str\u00f6mungseigenschaften.<\/p>\n\n\n\n<p>Dank der <strong>Pipeaway-Funktion<\/strong> wird das Gas sicher \u00fcber Rohrleitungen abgeleitet \u2013 ideal f\u00fcr geschlossene <strong>Tankanlagen<\/strong> mit hohen Sicherheitsanforderungen.<br>Besonders geeignet f\u00fcr <strong>Explosionsschutzbereiche (ATEX)<\/strong>, <strong>Petrochemie<\/strong> und <strong>Prozessindustrie<\/strong>.<\/p>\n\n\n\n<h3 class=\"wp-block-heading\">Vorteile<strong>:<\/strong><\/h3>\n\n\n\n<ul class=\"wp-block-list\">\n<li>beste Dichtung<\/li>\n\n\n\n<li>\u00e4u\u00dferste Genauigkeit bei der Herstellung<\/li>\n\n\n\n<li>das Ventil kann zur Inspektion ge\u00f6ffnet und geschlossen werden, ohne dass es ausgetauscht werden muss<\/li>\n\n\n\n<li>das dank moderner L\u00f6sungen entworfene Geh\u00e4use bietet die beste Qualit\u00e4t und gleichzeitig ein geringeres Gewicht<\/li>\n<\/ul>\n\n\n\n<p><\/p>\n\n\n\n<div style=\"overflow-x: auto;\">\n               <table class=\"table table-sm\">\n               <thead class=\"thead-dark\">\n                        <tr>\n                           <th colspan=\"3\" scope=\"col\">Nastawy:<\/th>\n                        <\/tr>\n                     <\/thead>\n                  <tbody>\n                     <tr>\n                        <td><strong>Druck:<\/strong><\/td>\n                        <td><strong>Vakuum:<\/strong><\/td>\n                        <td><strong>*Betriebstemperatur:<\/strong><\/td>\n                     <\/tr>\n                     <tr>\n                        <td>\n                           +2,0mbarg bis +100mbarg<br>\n                           +20mm Wasserstand bis +1000mm Wasserstand\n                        <\/td>\n                        <td>\n                           -2,0mbarg bis -100mbarg<br>\n                           -20mm Wasser bis -1000mm Wasser\n                        <\/td>\n                        <td>\n                           -29C bis +140C und dar\u00fcber<br>\n                           (+210C max.)\n                        <\/td>\n                     <\/tr>\n                  <\/tbody>\n               <\/table>\n            <\/div>\n<p style=\"font-size: 12px;\"><i>(*Falls nicht genormte Temperaturbereiche erforderlich sind, wenden Sie sich bitte an uns, um Unterst\u00fctzung zu erhalten.)<\/i><\/p>\n\n\n\n<div class=\"wp-block-columns is-layout-flex wp-container-core-columns-is-layout-9d6595d7 wp-block-columns-is-layout-flex\">\n<div class=\"wp-block-column is-layout-flow wp-block-column-is-layout-flow\" style=\"flex-basis:66.66%\">\n<table class=\"table table-sm\">\n                     <thead class=\"thead-dark\">\n                        <tr>\n                           <th scope=\"col\">DN<\/th>\n                           <th scope=\"col\">A<\/th>\n                           <th scope=\"col\">B<\/th>\n                           <th scope=\"col\">C<\/th>\n                           <th scope=\"col\">D<\/th>\n                           <th scope=\"col\">E<\/th>\n                        <\/tr>\n                     <\/thead>\n                     <tbody>\n                        <tr>\n                           <th scope=\"row\">25<\/th>\n                           <td>372<\/td>\n                           <td>295<\/td>\n                           <td>145<\/td>\n                           <td>289<\/td>\n                           <td>140<\/td>\n                        <\/tr>\n                        <tr>\n                           <th scope=\"row\">50<\/th>\n                           <td>473<\/td>\n                           <td>343,5<\/td>\n                           <td>178,5<\/td>\n                           <td>376<\/td>\n                           <td>192<\/td>\n                        <\/tr>\n                        <tr>\n                           <th scope=\"row\">80<\/th>\n                           <td>627<\/td>\n                           <td>493<\/td>\n                           <td>231<\/td>\n                           <td>502<\/td>\n                           <td>265<\/td>\n                        <\/tr>\n                        <tr>\n                           <th scope=\"row\">100<\/th>\n                           <td>755<\/td>\n                           <td>595<\/td>\n                           <td>281<\/td>\n                           <td>602<\/td>\n                           <td>323<\/td>\n                        <\/tr>\n                        <tr>\n                           <th scope=\"row\">150<\/th>\n                           <td>989<\/td>\n                           <td>776,5<\/td>\n                           <td>359,5<\/td>\n                           <td>804<\/td>\n                           <td>442<\/td>\n                        <\/tr>\n                        <tr>\n                           <th scope=\"row\">200<\/th>\n                           <td>1142<\/td>\n                           <td>894<\/td>\n                           <td>406<\/td>\n                           <td>942<\/td>\n                           <td>519<\/td>\n                        <\/tr>\n                        <tr>\n                           <th scope=\"row\">250<\/th>\n                           <td>1359<\/td>\n                           <td>1059<\/td>\n                           <td>469<\/td>\n                           <td>1117<\/td>\n                           <td>623<\/td>\n                        <\/tr>\n                        <tr>\n                           <th scope=\"row\">300<\/th>\n                           <td>1487<\/td>\n                           <td>1161,5<\/td>\n                           <td>520,5<\/td>\n                           <td>1239<\/td>\n                           <td>684<\/td>\n                        <\/tr>\n                     <\/tbody>\n                  <\/table>\n<\/div>\n\n\n\n<div class=\"wp-block-column is-layout-flow wp-block-column-is-layout-flow\" style=\"flex-basis:33.33%\">\n<figure class=\"wp-block-image size-large\"><img decoding=\"async\" src=\"https:\/\/corona1.eu\/wp-content\/uploads\/2022\/09\/7.png\" alt=\"\"\/><\/figure>\n<\/div>\n<\/div>\n","protected":false},"excerpt":{"rendered":"<p>Dieses Tank-\u00dcber- und Unterdruckventil mit Flanschanschluss sch\u00fctzt Tanks vor gef\u00e4hrlichem Druckaufbau und Vakuum.Die modulare Bauweise [&hellip;]<\/p>\n","protected":false},"author":1,"featured_media":248,"parent":219,"menu_order":0,"comment_status":"closed","ping_status":"closed","template":"kg_products_template.php","meta":{"pgc_sgb_lightbox_settings":"","footnotes":""},"categories":[18],"tags":[],"class_list":["post-247","page","type-page","status-publish","has-post-thumbnail","hentry","category-beatmungsventile-zprodukty"],"yoast_head":"<!-- This site is optimized with the Yoast SEO plugin v27.1.1 - https:\/\/yoast.com\/product\/yoast-seo-wordpress\/ -->\n<title>Tank-\u00dcber- und Unterdruckventil | Modulares Atmungsventil<\/title>\n<meta name=\"description\" content=\"Modulares Tankentl\u00fcftungsventil mit Flansch. Schutz vor \u00dcber- und Unterdruck, ideal f\u00fcr geschlossene Systeme und Ex-Bereiche.\" \/>\n<meta name=\"robots\" content=\"index, follow, max-snippet:-1, max-image-preview:large, max-video-preview:-1\" \/>\n<link rel=\"canonical\" href=\"https:\/\/corona1.eu\/de\/atmungsventile-fur-tankanlagen\/modulares-beatmungsventil-mit-auslassflansch\/\" \/>\n<meta property=\"og:locale\" content=\"de_DE\" \/>\n<meta property=\"og:type\" content=\"article\" \/>\n<meta property=\"og:title\" content=\"Tank-\u00dcber- und Unterdruckventil | Modulares Atmungsventil\" \/>\n<meta property=\"og:description\" content=\"Modulares Tankentl\u00fcftungsventil mit Flansch. Schutz vor \u00dcber- und Unterdruck, ideal f\u00fcr geschlossene Systeme und Ex-Bereiche.\" \/>\n<meta property=\"og:url\" content=\"https:\/\/corona1.eu\/de\/atmungsventile-fur-tankanlagen\/modulares-beatmungsventil-mit-auslassflansch\/\" \/>\n<meta property=\"og:site_name\" content=\"CORONA Serwis\" \/>\n<meta property=\"article:modified_time\" content=\"2025-10-15T08:36:45+00:00\" \/>\n<meta property=\"og:image\" content=\"https:\/\/corona1.eu\/de\/wp-content\/uploads\/2025\/04\/zd8.webp\" \/>\n\t<meta property=\"og:image:width\" content=\"500\" \/>\n\t<meta property=\"og:image:height\" content=\"500\" \/>\n\t<meta property=\"og:image:type\" content=\"image\/webp\" \/>\n<meta name=\"twitter:card\" content=\"summary_large_image\" \/>\n<meta name=\"twitter:label1\" content=\"Gesch\u00e4tzte Lesezeit\" \/>\n\t<meta name=\"twitter:data1\" content=\"2\u00a0Minuten\" \/>\n<script type=\"application\/ld+json\" class=\"yoast-schema-graph\">{\"@context\":\"https:\/\/schema.org\",\"@graph\":[{\"@type\":\"WebPage\",\"@id\":\"https:\/\/corona1.eu\/de\/atmungsventile-fur-tankanlagen\/modulares-beatmungsventil-mit-auslassflansch\/\",\"url\":\"https:\/\/corona1.eu\/de\/atmungsventile-fur-tankanlagen\/modulares-beatmungsventil-mit-auslassflansch\/\",\"name\":\"Tank-\u00dcber- und Unterdruckventil | Modulares Atmungsventil\",\"isPartOf\":{\"@id\":\"https:\/\/corona1.eu\/de\/#website\"},\"primaryImageOfPage\":{\"@id\":\"https:\/\/corona1.eu\/de\/atmungsventile-fur-tankanlagen\/modulares-beatmungsventil-mit-auslassflansch\/#primaryimage\"},\"image\":{\"@id\":\"https:\/\/corona1.eu\/de\/atmungsventile-fur-tankanlagen\/modulares-beatmungsventil-mit-auslassflansch\/#primaryimage\"},\"thumbnailUrl\":\"https:\/\/corona1.eu\/de\/wp-content\/uploads\/2025\/04\/zd8.webp\",\"datePublished\":\"2025-04-10T06:56:33+00:00\",\"dateModified\":\"2025-10-15T08:36:45+00:00\",\"description\":\"Modulares Tankentl\u00fcftungsventil mit Flansch. Schutz vor \u00dcber- und Unterdruck, ideal f\u00fcr geschlossene Systeme und Ex-Bereiche.\",\"breadcrumb\":{\"@id\":\"https:\/\/corona1.eu\/de\/atmungsventile-fur-tankanlagen\/modulares-beatmungsventil-mit-auslassflansch\/#breadcrumb\"},\"inLanguage\":\"de\",\"potentialAction\":[{\"@type\":\"ReadAction\",\"target\":[\"https:\/\/corona1.eu\/de\/atmungsventile-fur-tankanlagen\/modulares-beatmungsventil-mit-auslassflansch\/\"]}]},{\"@type\":\"ImageObject\",\"inLanguage\":\"de\",\"@id\":\"https:\/\/corona1.eu\/de\/atmungsventile-fur-tankanlagen\/modulares-beatmungsventil-mit-auslassflansch\/#primaryimage\",\"url\":\"https:\/\/corona1.eu\/de\/wp-content\/uploads\/2025\/04\/zd8.webp\",\"contentUrl\":\"https:\/\/corona1.eu\/de\/wp-content\/uploads\/2025\/04\/zd8.webp\",\"width\":500,\"height\":500,\"caption\":\"Modulares \u00dcber- und Unterdruckventil mit Flanschanschluss, f\u00fcr sichere Tankentl\u00fcftung in Ex-Bereichen.\"},{\"@type\":\"BreadcrumbList\",\"@id\":\"https:\/\/corona1.eu\/de\/atmungsventile-fur-tankanlagen\/modulares-beatmungsventil-mit-auslassflansch\/#breadcrumb\",\"itemListElement\":[{\"@type\":\"ListItem\",\"position\":1,\"name\":\"Startseite\",\"item\":\"https:\/\/corona1.eu\/de\/\"},{\"@type\":\"ListItem\",\"position\":2,\"name\":\"Atmungsventile f\u00fcr Tankanlagen\",\"item\":\"https:\/\/corona1.eu\/de\/atmungsventile-fur-tankanlagen\/\"},{\"@type\":\"ListItem\",\"position\":3,\"name\":\"Modulares Atmungsventil mit Flanschanschluss (Pipeaway)\"}]},{\"@type\":\"WebSite\",\"@id\":\"https:\/\/corona1.eu\/de\/#website\",\"url\":\"https:\/\/corona1.eu\/de\/\",\"name\":\"CORONA Serwis\",\"description\":\"\",\"potentialAction\":[{\"@type\":\"SearchAction\",\"target\":{\"@type\":\"EntryPoint\",\"urlTemplate\":\"https:\/\/corona1.eu\/de\/?s={search_term_string}\"},\"query-input\":{\"@type\":\"PropertyValueSpecification\",\"valueRequired\":true,\"valueName\":\"search_term_string\"}}],\"inLanguage\":\"de\"}]}<\/script>\n<!-- \/ Yoast SEO plugin. -->","yoast_head_json":{"title":"Tank-\u00dcber- und Unterdruckventil | Modulares Atmungsventil","description":"Modulares Tankentl\u00fcftungsventil mit Flansch. Schutz vor \u00dcber- und Unterdruck, ideal f\u00fcr geschlossene Systeme und Ex-Bereiche.","robots":{"index":"index","follow":"follow","max-snippet":"max-snippet:-1","max-image-preview":"max-image-preview:large","max-video-preview":"max-video-preview:-1"},"canonical":"https:\/\/corona1.eu\/de\/atmungsventile-fur-tankanlagen\/modulares-beatmungsventil-mit-auslassflansch\/","og_locale":"de_DE","og_type":"article","og_title":"Tank-\u00dcber- und Unterdruckventil | Modulares Atmungsventil","og_description":"Modulares Tankentl\u00fcftungsventil mit Flansch. Schutz vor \u00dcber- und Unterdruck, ideal f\u00fcr geschlossene Systeme und Ex-Bereiche.","og_url":"https:\/\/corona1.eu\/de\/atmungsventile-fur-tankanlagen\/modulares-beatmungsventil-mit-auslassflansch\/","og_site_name":"CORONA Serwis","article_modified_time":"2025-10-15T08:36:45+00:00","og_image":[{"width":500,"height":500,"url":"https:\/\/corona1.eu\/de\/wp-content\/uploads\/2025\/04\/zd8.webp","type":"image\/webp"}],"twitter_card":"summary_large_image","twitter_misc":{"Gesch\u00e4tzte Lesezeit":"2\u00a0Minuten"},"schema":{"@context":"https:\/\/schema.org","@graph":[{"@type":"WebPage","@id":"https:\/\/corona1.eu\/de\/atmungsventile-fur-tankanlagen\/modulares-beatmungsventil-mit-auslassflansch\/","url":"https:\/\/corona1.eu\/de\/atmungsventile-fur-tankanlagen\/modulares-beatmungsventil-mit-auslassflansch\/","name":"Tank-\u00dcber- und Unterdruckventil | Modulares Atmungsventil","isPartOf":{"@id":"https:\/\/corona1.eu\/de\/#website"},"primaryImageOfPage":{"@id":"https:\/\/corona1.eu\/de\/atmungsventile-fur-tankanlagen\/modulares-beatmungsventil-mit-auslassflansch\/#primaryimage"},"image":{"@id":"https:\/\/corona1.eu\/de\/atmungsventile-fur-tankanlagen\/modulares-beatmungsventil-mit-auslassflansch\/#primaryimage"},"thumbnailUrl":"https:\/\/corona1.eu\/de\/wp-content\/uploads\/2025\/04\/zd8.webp","datePublished":"2025-04-10T06:56:33+00:00","dateModified":"2025-10-15T08:36:45+00:00","description":"Modulares Tankentl\u00fcftungsventil mit Flansch. Schutz vor \u00dcber- und Unterdruck, ideal f\u00fcr geschlossene Systeme und Ex-Bereiche.","breadcrumb":{"@id":"https:\/\/corona1.eu\/de\/atmungsventile-fur-tankanlagen\/modulares-beatmungsventil-mit-auslassflansch\/#breadcrumb"},"inLanguage":"de","potentialAction":[{"@type":"ReadAction","target":["https:\/\/corona1.eu\/de\/atmungsventile-fur-tankanlagen\/modulares-beatmungsventil-mit-auslassflansch\/"]}]},{"@type":"ImageObject","inLanguage":"de","@id":"https:\/\/corona1.eu\/de\/atmungsventile-fur-tankanlagen\/modulares-beatmungsventil-mit-auslassflansch\/#primaryimage","url":"https:\/\/corona1.eu\/de\/wp-content\/uploads\/2025\/04\/zd8.webp","contentUrl":"https:\/\/corona1.eu\/de\/wp-content\/uploads\/2025\/04\/zd8.webp","width":500,"height":500,"caption":"Modulares \u00dcber- und Unterdruckventil mit Flanschanschluss, f\u00fcr sichere Tankentl\u00fcftung in Ex-Bereichen."},{"@type":"BreadcrumbList","@id":"https:\/\/corona1.eu\/de\/atmungsventile-fur-tankanlagen\/modulares-beatmungsventil-mit-auslassflansch\/#breadcrumb","itemListElement":[{"@type":"ListItem","position":1,"name":"Startseite","item":"https:\/\/corona1.eu\/de\/"},{"@type":"ListItem","position":2,"name":"Atmungsventile f\u00fcr Tankanlagen","item":"https:\/\/corona1.eu\/de\/atmungsventile-fur-tankanlagen\/"},{"@type":"ListItem","position":3,"name":"Modulares Atmungsventil mit Flanschanschluss (Pipeaway)"}]},{"@type":"WebSite","@id":"https:\/\/corona1.eu\/de\/#website","url":"https:\/\/corona1.eu\/de\/","name":"CORONA Serwis","description":"","potentialAction":[{"@type":"SearchAction","target":{"@type":"EntryPoint","urlTemplate":"https:\/\/corona1.eu\/de\/?s={search_term_string}"},"query-input":{"@type":"PropertyValueSpecification","valueRequired":true,"valueName":"search_term_string"}}],"inLanguage":"de"}]}},"_links":{"self":[{"href":"https:\/\/corona1.eu\/de\/wp-json\/wp\/v2\/pages\/247","targetHints":{"allow":["GET"]}}],"collection":[{"href":"https:\/\/corona1.eu\/de\/wp-json\/wp\/v2\/pages"}],"about":[{"href":"https:\/\/corona1.eu\/de\/wp-json\/wp\/v2\/types\/page"}],"author":[{"embeddable":true,"href":"https:\/\/corona1.eu\/de\/wp-json\/wp\/v2\/users\/1"}],"replies":[{"embeddable":true,"href":"https:\/\/corona1.eu\/de\/wp-json\/wp\/v2\/comments?post=247"}],"version-history":[{"count":2,"href":"https:\/\/corona1.eu\/de\/wp-json\/wp\/v2\/pages\/247\/revisions"}],"predecessor-version":[{"id":779,"href":"https:\/\/corona1.eu\/de\/wp-json\/wp\/v2\/pages\/247\/revisions\/779"}],"up":[{"embeddable":true,"href":"https:\/\/corona1.eu\/de\/wp-json\/wp\/v2\/pages\/219"}],"wp:featuredmedia":[{"embeddable":true,"href":"https:\/\/corona1.eu\/de\/wp-json\/wp\/v2\/media\/248"}],"wp:attachment":[{"href":"https:\/\/corona1.eu\/de\/wp-json\/wp\/v2\/media?parent=247"}],"wp:term":[{"taxonomy":"category","embeddable":true,"href":"https:\/\/corona1.eu\/de\/wp-json\/wp\/v2\/categories?post=247"},{"taxonomy":"post_tag","embeddable":true,"href":"https:\/\/corona1.eu\/de\/wp-json\/wp\/v2\/tags?post=247"}],"curies":[{"name":"wp","href":"https:\/\/api.w.org\/{rel}","templated":true}]}}