{"id":244,"date":"2025-04-10T08:48:36","date_gmt":"2025-04-10T06:48:36","guid":{"rendered":"https:\/\/corona1.eu\/de\/?page_id=244"},"modified":"2025-10-15T10:35:50","modified_gmt":"2025-10-15T08:35:50","slug":"modulares-druckventil-mit-ausgangsflansch","status":"publish","type":"page","link":"https:\/\/corona1.eu\/de\/atmungsventile-fur-tankanlagen\/modulares-druckventil-mit-ausgangsflansch\/","title":{"rendered":"Modulares \u00dcberdruckventil mit Flanschanschluss (Pipeaway)"},"content":{"rendered":"\n<p>Das <strong>\u00dcberdruckventil<\/strong> mit Flanschanschluss wurde entwickelt, um Tanks und Prozesssysteme vor unzul\u00e4ssigem \u00dcberdruck zu sch\u00fctzen.<br>Durch die <strong>Pipeaway-Ausf\u00fchrung<\/strong> kann der \u00dcberdruck sicher \u00fcber Rohrleitungen abgef\u00fchrt werden.<\/p>\n\n\n\n<p>Die <strong>modulare Konstruktion<\/strong> sorgt f\u00fcr hohe <strong>Betriebssicherheit<\/strong>, optimale Durchflussleistung und einfache Integration in bestehende <strong>Tankentl\u00fcftungssysteme<\/strong>.<br>Perfekt f\u00fcr <strong>Industrieanlagen<\/strong>, <strong>Raffinerien<\/strong> und <strong>Chemielager<\/strong>.<\/p>\n\n\n\n<h3 class=\"wp-block-heading\"><strong>Vorteile:<\/strong><\/h3>\n\n\n\n<ul class=\"wp-block-list\">\n<li>beste Dichtung<\/li>\n\n\n\n<li>\u00e4u\u00dferste Genauigkeit bei der Herstellung<\/li>\n\n\n\n<li>das Ventil kann zur Inspektion ge\u00f6ffnet und geschlossen werden, ohne dass es ausgetauscht werden muss<\/li>\n\n\n\n<li>das dank moderner L\u00f6sungen entworfene Geh\u00e4use bietet die beste Qualit\u00e4t und gleichzeitig ein geringeres Gewicht<\/li>\n<\/ul>\n\n\n\n<p><\/p>\n\n\n\n<div style=\"overflow-x: auto;\">\n               <table class=\"table table-sm\">\n               <thead class=\"thead-dark\">\n                        <tr>\n                           <th colspan=\"3\" scope=\"col\">Nastawy:<\/th>\n                        <\/tr>\n                     <\/thead>\n                  <tbody>\n                     <tr>\n                        <td><strong>Druck:<\/strong><\/td>\n                        <td><strong>*Betriebstemperatur:<\/strong><\/td>\n                     <\/tr>\n                     <tr>\n                        <td>\n                           +2,0mbarg bis +100mbarg<br>\n                           +20mm Wasserstand bis +1000mm Wasserstand\n                        <\/td>\n                        <td>\n                           -29C bis +140C und dar\u00fcber<br>\n                           (+210C max.)\n                        <\/td>\n                     <\/tr>\n                  <\/tbody>\n               <\/table>\n            <\/div>\n<p style=\"font-size: 12px;\"><i>(*Falls nicht genormte Temperaturbereiche erforderlich sind, wenden Sie sich bitte an uns, um Unterst\u00fctzung zu erhalten.)<\/i><\/p>\n\n\n\n<div class=\"wp-block-columns is-layout-flex wp-container-core-columns-is-layout-9d6595d7 wp-block-columns-is-layout-flex\">\n<div class=\"wp-block-column is-layout-flow wp-block-column-is-layout-flow\" style=\"flex-basis:66.66%\">\n<table class=\"table table-sm\">\n                     <thead class=\"thead-dark\">\n                        <tr>\n                           <th scope=\"col\">DN<\/th>\n                           <th scope=\"col\">A<\/th>\n                           <th scope=\"col\">B<\/th>\n                           <th scope=\"col\">C<\/th>\n                           <th scope=\"col\">D<\/th>\n                           <th scope=\"col\">E<\/th>\n                        <\/tr>\n                     <\/thead>\n                     <tbody>\n                        <tr>\n                           <th scope=\"row\">25<\/th>\n                           <td>226<\/td>\n                           <td>149<\/td>\n                           <td>145<\/td>\n                           <td>222<\/td>\n                           <td>140<\/td>\n                        <\/tr>\n                        <tr>\n                           <th scope=\"row\">50<\/th>\n                           <td>282<\/td>\n                           <td>183<\/td>\n                           <td>179<\/td>\n                           <td>278<\/td>\n                           <td>192<\/td>\n                        <\/tr>\n                        <tr>\n                           <th scope=\"row\">80<\/th>\n                           <td>371<\/td>\n                           <td>237<\/td>\n                           <td>231<\/td>\n                           <td>365<\/td>\n                           <td>265<\/td>\n                        <\/tr>\n                        <tr>\n                           <th scope=\"row\">100<\/th>\n                           <td>447<\/td>\n                           <td>287<\/td>\n                           <td>281<\/td>\n                           <td>441<\/td>\n                           <td>323<\/td>\n                        <\/tr>\n                        <tr>\n                           <th scope=\"row\">150<\/th>\n                           <td>580<\/td>\n                           <td>368<\/td>\n                           <td>360<\/td>\n                           <td>572<\/td>\n                           <td>442<\/td>\n                        <\/tr>\n                        <tr>\n                           <th scope=\"row\">200<\/th>\n                           <td>658<\/td>\n                           <td>414<\/td>\n                           <td>406<\/td>\n                           <td>650<\/td>\n                           <td>519<\/td>\n                        <\/tr>\n                        <tr>\n                           <th scope=\"row\">250<\/th>\n                           <td>779<\/td>\n                           <td>479<\/td>\n                           <td>469<\/td>\n                           <td>769<\/td>\n                           <td>623<\/td>\n                        <\/tr>\n                        <tr>\n                           <th scope=\"row\">300<\/th>\n                           <td>856<\/td>\n                           <td>531<\/td>\n                           <td>521<\/td>\n                           <td>846<\/td>\n                           <td>684<\/td>\n                        <\/tr>\n                     <\/tbody>\n                  <\/table>\n<\/div>\n\n\n\n<div class=\"wp-block-column is-layout-flow wp-block-column-is-layout-flow\" style=\"flex-basis:33.33%\">\n<figure class=\"wp-block-image size-large\"><img decoding=\"async\" src=\"https:\/\/corona1.eu\/wp-content\/uploads\/2022\/09\/6.png\" alt=\"\"\/><\/figure>\n<\/div>\n<\/div>\n","protected":false},"excerpt":{"rendered":"<p>Das \u00dcberdruckventil mit Flanschanschluss wurde entwickelt, um Tanks und Prozesssysteme vor unzul\u00e4ssigem \u00dcberdruck zu sch\u00fctzen.Durch [&hellip;]<\/p>\n","protected":false},"author":1,"featured_media":245,"parent":219,"menu_order":0,"comment_status":"closed","ping_status":"closed","template":"kg_products_template.php","meta":{"pgc_sgb_lightbox_settings":"","footnotes":""},"categories":[18],"tags":[],"class_list":["post-244","page","type-page","status-publish","has-post-thumbnail","hentry","category-beatmungsventile-zprodukty"],"yoast_head":"<!-- This site is optimized with the Yoast SEO plugin v27.1.1 - https:\/\/yoast.com\/product\/yoast-seo-wordpress\/ -->\n<title>\u00dcberdruckventil mit Flansch | Druckentlastungsventil Industrie<\/title>\n<meta name=\"description\" content=\"Robustes \u00dcberdruckventil (Pipeaway) f\u00fcr Tankanlagen. Sicherer Druckabbau \u00fcber Rohrleitung. Modulares Design f\u00fcr hohe Leistung.\" \/>\n<meta name=\"robots\" content=\"index, follow, max-snippet:-1, max-image-preview:large, max-video-preview:-1\" \/>\n<link rel=\"canonical\" href=\"https:\/\/corona1.eu\/de\/atmungsventile-fur-tankanlagen\/modulares-druckventil-mit-ausgangsflansch\/\" \/>\n<meta property=\"og:locale\" content=\"de_DE\" \/>\n<meta property=\"og:type\" content=\"article\" \/>\n<meta property=\"og:title\" content=\"\u00dcberdruckventil mit Flansch | Druckentlastungsventil Industrie\" \/>\n<meta property=\"og:description\" content=\"Robustes \u00dcberdruckventil (Pipeaway) f\u00fcr Tankanlagen. Sicherer Druckabbau \u00fcber Rohrleitung. Modulares Design f\u00fcr hohe Leistung.\" \/>\n<meta property=\"og:url\" content=\"https:\/\/corona1.eu\/de\/atmungsventile-fur-tankanlagen\/modulares-druckventil-mit-ausgangsflansch\/\" \/>\n<meta property=\"og:site_name\" content=\"CORONA Serwis\" \/>\n<meta property=\"article:modified_time\" content=\"2025-10-15T08:35:50+00:00\" \/>\n<meta property=\"og:image\" content=\"https:\/\/corona1.eu\/de\/wp-content\/uploads\/2025\/04\/zawor.png\" \/>\n\t<meta property=\"og:image:width\" content=\"811\" \/>\n\t<meta property=\"og:image:height\" content=\"811\" \/>\n\t<meta property=\"og:image:type\" content=\"image\/png\" \/>\n<meta name=\"twitter:card\" content=\"summary_large_image\" \/>\n<meta name=\"twitter:label1\" content=\"Gesch\u00e4tzte Lesezeit\" \/>\n\t<meta name=\"twitter:data1\" content=\"2\u00a0Minuten\" \/>\n<script type=\"application\/ld+json\" class=\"yoast-schema-graph\">{\"@context\":\"https:\/\/schema.org\",\"@graph\":[{\"@type\":\"WebPage\",\"@id\":\"https:\/\/corona1.eu\/de\/atmungsventile-fur-tankanlagen\/modulares-druckventil-mit-ausgangsflansch\/\",\"url\":\"https:\/\/corona1.eu\/de\/atmungsventile-fur-tankanlagen\/modulares-druckventil-mit-ausgangsflansch\/\",\"name\":\"\u00dcberdruckventil mit Flansch | Druckentlastungsventil Industrie\",\"isPartOf\":{\"@id\":\"https:\/\/corona1.eu\/de\/#website\"},\"primaryImageOfPage\":{\"@id\":\"https:\/\/corona1.eu\/de\/atmungsventile-fur-tankanlagen\/modulares-druckventil-mit-ausgangsflansch\/#primaryimage\"},\"image\":{\"@id\":\"https:\/\/corona1.eu\/de\/atmungsventile-fur-tankanlagen\/modulares-druckventil-mit-ausgangsflansch\/#primaryimage\"},\"thumbnailUrl\":\"https:\/\/corona1.eu\/de\/wp-content\/uploads\/2025\/04\/zawor.png\",\"datePublished\":\"2025-04-10T06:48:36+00:00\",\"dateModified\":\"2025-10-15T08:35:50+00:00\",\"description\":\"Robustes \u00dcberdruckventil (Pipeaway) f\u00fcr Tankanlagen. Sicherer Druckabbau \u00fcber Rohrleitung. Modulares Design f\u00fcr hohe Leistung.\",\"breadcrumb\":{\"@id\":\"https:\/\/corona1.eu\/de\/atmungsventile-fur-tankanlagen\/modulares-druckventil-mit-ausgangsflansch\/#breadcrumb\"},\"inLanguage\":\"de\",\"potentialAction\":[{\"@type\":\"ReadAction\",\"target\":[\"https:\/\/corona1.eu\/de\/atmungsventile-fur-tankanlagen\/modulares-druckventil-mit-ausgangsflansch\/\"]}]},{\"@type\":\"ImageObject\",\"inLanguage\":\"de\",\"@id\":\"https:\/\/corona1.eu\/de\/atmungsventile-fur-tankanlagen\/modulares-druckventil-mit-ausgangsflansch\/#primaryimage\",\"url\":\"https:\/\/corona1.eu\/de\/wp-content\/uploads\/2025\/04\/zawor.png\",\"contentUrl\":\"https:\/\/corona1.eu\/de\/wp-content\/uploads\/2025\/04\/zawor.png\",\"width\":811,\"height\":811,\"caption\":\"\u00dcberdruckventil mit Flanschanschluss, modulare Bauweise, zur Druckentlastung in geschlossenen Tankanlagen.\"},{\"@type\":\"BreadcrumbList\",\"@id\":\"https:\/\/corona1.eu\/de\/atmungsventile-fur-tankanlagen\/modulares-druckventil-mit-ausgangsflansch\/#breadcrumb\",\"itemListElement\":[{\"@type\":\"ListItem\",\"position\":1,\"name\":\"Startseite\",\"item\":\"https:\/\/corona1.eu\/de\/\"},{\"@type\":\"ListItem\",\"position\":2,\"name\":\"Atmungsventile f\u00fcr Tankanlagen\",\"item\":\"https:\/\/corona1.eu\/de\/atmungsventile-fur-tankanlagen\/\"},{\"@type\":\"ListItem\",\"position\":3,\"name\":\"Modulares \u00dcberdruckventil mit Flanschanschluss (Pipeaway)\"}]},{\"@type\":\"WebSite\",\"@id\":\"https:\/\/corona1.eu\/de\/#website\",\"url\":\"https:\/\/corona1.eu\/de\/\",\"name\":\"CORONA Serwis\",\"description\":\"\",\"potentialAction\":[{\"@type\":\"SearchAction\",\"target\":{\"@type\":\"EntryPoint\",\"urlTemplate\":\"https:\/\/corona1.eu\/de\/?s={search_term_string}\"},\"query-input\":{\"@type\":\"PropertyValueSpecification\",\"valueRequired\":true,\"valueName\":\"search_term_string\"}}],\"inLanguage\":\"de\"}]}<\/script>\n<!-- \/ Yoast SEO plugin. -->","yoast_head_json":{"title":"\u00dcberdruckventil mit Flansch | Druckentlastungsventil Industrie","description":"Robustes \u00dcberdruckventil (Pipeaway) f\u00fcr Tankanlagen. Sicherer Druckabbau \u00fcber Rohrleitung. Modulares Design f\u00fcr hohe Leistung.","robots":{"index":"index","follow":"follow","max-snippet":"max-snippet:-1","max-image-preview":"max-image-preview:large","max-video-preview":"max-video-preview:-1"},"canonical":"https:\/\/corona1.eu\/de\/atmungsventile-fur-tankanlagen\/modulares-druckventil-mit-ausgangsflansch\/","og_locale":"de_DE","og_type":"article","og_title":"\u00dcberdruckventil mit Flansch | Druckentlastungsventil Industrie","og_description":"Robustes \u00dcberdruckventil (Pipeaway) f\u00fcr Tankanlagen. Sicherer Druckabbau \u00fcber Rohrleitung. Modulares Design f\u00fcr hohe Leistung.","og_url":"https:\/\/corona1.eu\/de\/atmungsventile-fur-tankanlagen\/modulares-druckventil-mit-ausgangsflansch\/","og_site_name":"CORONA Serwis","article_modified_time":"2025-10-15T08:35:50+00:00","og_image":[{"width":811,"height":811,"url":"https:\/\/corona1.eu\/de\/wp-content\/uploads\/2025\/04\/zawor.png","type":"image\/png"}],"twitter_card":"summary_large_image","twitter_misc":{"Gesch\u00e4tzte Lesezeit":"2\u00a0Minuten"},"schema":{"@context":"https:\/\/schema.org","@graph":[{"@type":"WebPage","@id":"https:\/\/corona1.eu\/de\/atmungsventile-fur-tankanlagen\/modulares-druckventil-mit-ausgangsflansch\/","url":"https:\/\/corona1.eu\/de\/atmungsventile-fur-tankanlagen\/modulares-druckventil-mit-ausgangsflansch\/","name":"\u00dcberdruckventil mit Flansch | Druckentlastungsventil Industrie","isPartOf":{"@id":"https:\/\/corona1.eu\/de\/#website"},"primaryImageOfPage":{"@id":"https:\/\/corona1.eu\/de\/atmungsventile-fur-tankanlagen\/modulares-druckventil-mit-ausgangsflansch\/#primaryimage"},"image":{"@id":"https:\/\/corona1.eu\/de\/atmungsventile-fur-tankanlagen\/modulares-druckventil-mit-ausgangsflansch\/#primaryimage"},"thumbnailUrl":"https:\/\/corona1.eu\/de\/wp-content\/uploads\/2025\/04\/zawor.png","datePublished":"2025-04-10T06:48:36+00:00","dateModified":"2025-10-15T08:35:50+00:00","description":"Robustes \u00dcberdruckventil (Pipeaway) f\u00fcr Tankanlagen. Sicherer Druckabbau \u00fcber Rohrleitung. Modulares Design f\u00fcr hohe Leistung.","breadcrumb":{"@id":"https:\/\/corona1.eu\/de\/atmungsventile-fur-tankanlagen\/modulares-druckventil-mit-ausgangsflansch\/#breadcrumb"},"inLanguage":"de","potentialAction":[{"@type":"ReadAction","target":["https:\/\/corona1.eu\/de\/atmungsventile-fur-tankanlagen\/modulares-druckventil-mit-ausgangsflansch\/"]}]},{"@type":"ImageObject","inLanguage":"de","@id":"https:\/\/corona1.eu\/de\/atmungsventile-fur-tankanlagen\/modulares-druckventil-mit-ausgangsflansch\/#primaryimage","url":"https:\/\/corona1.eu\/de\/wp-content\/uploads\/2025\/04\/zawor.png","contentUrl":"https:\/\/corona1.eu\/de\/wp-content\/uploads\/2025\/04\/zawor.png","width":811,"height":811,"caption":"\u00dcberdruckventil mit Flanschanschluss, modulare Bauweise, zur Druckentlastung in geschlossenen Tankanlagen."},{"@type":"BreadcrumbList","@id":"https:\/\/corona1.eu\/de\/atmungsventile-fur-tankanlagen\/modulares-druckventil-mit-ausgangsflansch\/#breadcrumb","itemListElement":[{"@type":"ListItem","position":1,"name":"Startseite","item":"https:\/\/corona1.eu\/de\/"},{"@type":"ListItem","position":2,"name":"Atmungsventile f\u00fcr Tankanlagen","item":"https:\/\/corona1.eu\/de\/atmungsventile-fur-tankanlagen\/"},{"@type":"ListItem","position":3,"name":"Modulares \u00dcberdruckventil mit Flanschanschluss (Pipeaway)"}]},{"@type":"WebSite","@id":"https:\/\/corona1.eu\/de\/#website","url":"https:\/\/corona1.eu\/de\/","name":"CORONA Serwis","description":"","potentialAction":[{"@type":"SearchAction","target":{"@type":"EntryPoint","urlTemplate":"https:\/\/corona1.eu\/de\/?s={search_term_string}"},"query-input":{"@type":"PropertyValueSpecification","valueRequired":true,"valueName":"search_term_string"}}],"inLanguage":"de"}]}},"_links":{"self":[{"href":"https:\/\/corona1.eu\/de\/wp-json\/wp\/v2\/pages\/244","targetHints":{"allow":["GET"]}}],"collection":[{"href":"https:\/\/corona1.eu\/de\/wp-json\/wp\/v2\/pages"}],"about":[{"href":"https:\/\/corona1.eu\/de\/wp-json\/wp\/v2\/types\/page"}],"author":[{"embeddable":true,"href":"https:\/\/corona1.eu\/de\/wp-json\/wp\/v2\/users\/1"}],"replies":[{"embeddable":true,"href":"https:\/\/corona1.eu\/de\/wp-json\/wp\/v2\/comments?post=244"}],"version-history":[{"count":2,"href":"https:\/\/corona1.eu\/de\/wp-json\/wp\/v2\/pages\/244\/revisions"}],"predecessor-version":[{"id":778,"href":"https:\/\/corona1.eu\/de\/wp-json\/wp\/v2\/pages\/244\/revisions\/778"}],"up":[{"embeddable":true,"href":"https:\/\/corona1.eu\/de\/wp-json\/wp\/v2\/pages\/219"}],"wp:featuredmedia":[{"embeddable":true,"href":"https:\/\/corona1.eu\/de\/wp-json\/wp\/v2\/media\/245"}],"wp:attachment":[{"href":"https:\/\/corona1.eu\/de\/wp-json\/wp\/v2\/media?parent=244"}],"wp:term":[{"taxonomy":"category","embeddable":true,"href":"https:\/\/corona1.eu\/de\/wp-json\/wp\/v2\/categories?post=244"},{"taxonomy":"post_tag","embeddable":true,"href":"https:\/\/corona1.eu\/de\/wp-json\/wp\/v2\/tags?post=244"}],"curies":[{"name":"wp","href":"https:\/\/api.w.org\/{rel}","templated":true}]}}