{"id":229,"date":"2025-03-18T11:28:14","date_gmt":"2025-03-18T10:28:14","guid":{"rendered":"https:\/\/corona1.eu\/de\/?page_id=229"},"modified":"2025-10-15T10:34:41","modified_gmt":"2025-10-15T08:34:41","slug":"ueberdruckventil-mit-ausgang-zur-atmosphaere","status":"publish","type":"page","link":"https:\/\/corona1.eu\/de\/atmungsventile-fur-tankanlagen\/ueberdruckventil-mit-ausgang-zur-atmosphaere\/","title":{"rendered":"\u00dcberdruckventil mit Auslass in die Atmosph\u00e4re"},"content":{"rendered":"\n<p>Dieses <strong>\u00dcberdruckventil<\/strong> sch\u00fctzt Tanks und Anlagen zuverl\u00e4ssig vor zu hohem Innendruck.<br>Die <strong>modulare Konstruktion<\/strong> sorgt f\u00fcr hervorragende Durchflusswerte, maximale Dichtheit und eine kompakte Bauform.<\/p>\n\n\n\n<p>Das Ventil leitet den \u00dcberdruck sicher in die <strong>Atmosph\u00e4re<\/strong> ab und ist ideal f\u00fcr Anwendungen in der <strong>chemischen Industrie<\/strong>, <strong>Lagerbeh\u00e4ltern<\/strong> und <strong>Tankentl\u00fcftungssystemen<\/strong>.<br>Ein robustes <strong>Industrieventil<\/strong>, ausgelegt f\u00fcr Dauerbetrieb und hohe Sicherheitsanforderungen.<\/p>\n\n\n\n<h3 class=\"wp-block-heading\">Vorteile:<\/h3>\n\n\n\n<ul class=\"wp-block-list\">\n<li>beste Dichtung<\/li>\n\n\n\n<li>extreme Genauigkeit<\/li>\n\n\n\n<li>Ventil kann zur Kontrolle ge\u00f6ffnet und geschlossen werden, ohne dass es ausgetauscht werden muss<\/li>\n\n\n\n<li>regensicherer Deckel sch\u00fctzt vor Regen und Tieren &#8211; sehr robust und stabil<\/li>\n\n\n\n<li>robuste Konstruktion f\u00fcr l\u00e4ngere Haltbarkeit und mehr Sicherheit<\/li>\n<\/ul>\n\n\n\n<p><\/p>\n\n\n\n<p><strong>Technische Standard-Spezifikation<\/strong><\/p>\n\n\n\n<div style=\"overflow-x: auto;\">\n               <table class=\"table table-sm\">\n               <thead class=\"thead-dark\">\n                        <tr>\n                           <th colspan=\"2\" scope=\"col\">Einstellungen:<\/th>\n                        <\/tr>\n                     <\/thead>\n                  <tbody>\n                     <tr>\n                        <td><strong>Druck:<\/strong><\/td>\n                        <td><strong>*Betriebstemperaturbereich:<\/strong><\/td>\n                     <\/tr>\n                     <tr>\n                        <td>\n                           +2,0mBarg bis +100mBarg<br>\n                           +20mm Wasserstand bis +1000mm Wasserstand\n                        <\/td>\n                        <td>\n                           -29C bis +140C und dar\u00fcber<br>\n                           (+210C max. bei Spitzenbetrieb)\n                        <\/td>\n                     <\/tr>\n                  <\/tbody>\n               <\/table>\n            <\/div>\n<p style=\"font-size: 12px;\"><i>(*Falls nicht genormte Temperaturbereiche erforderlich sind, wenden Sie sich bitte an uns, um Unterst\u00fctzung zu erhalten.)<\/i><\/p>\n\n\n\n<div class=\"wp-block-columns is-layout-flex wp-container-core-columns-is-layout-9d6595d7 wp-block-columns-is-layout-flex\">\n<div class=\"wp-block-column is-layout-flow wp-block-column-is-layout-flow\" style=\"flex-basis:66.66%\">\n<table class=\"table table-sm\">\n                     <thead class=\"thead-dark\">\n                        <tr>\n                           <th scope=\"col\">DN<\/th>\n                           <th scope=\"col\">A<\/th>\n                           <th scope=\"col\">B<\/th>\n                        <\/tr>\n                     <\/thead>\n                     <tbody>\n                        <tr>\n                           <th scope=\"row\">25<\/th>\n                           <td>226<\/td>\n                           <td>150<\/td>\n                        <\/tr>\n                        <tr>\n                           <th scope=\"row\">50<\/th>\n                           <td>282<\/td>\n                           <td>195<\/td>\n                        <\/tr>\n                        <tr>\n                           <th scope=\"row\">80<\/th>\n                           <td>371<\/td>\n                           <td>269<\/td>\n                        <\/tr>\n                        <tr>\n                           <th scope=\"row\">100<\/th>\n                           <td>447<\/td>\n                           <td>331<\/td>\n                        <\/tr>\n                        <tr>\n                           <th scope=\"row\">150<\/th>\n                           <td>580<\/td>\n                           <td>455<\/td>\n                        <\/tr>\n                        <tr>\n                           <th scope=\"row\">200<\/th>\n                           <td>658<\/td>\n                           <td>520<\/td>\n                        <\/tr>\n                        <tr>\n                           <th scope=\"row\">250<\/th>\n                           <td>779<\/td>\n                           <td>624<\/td>\n                        <\/tr>\n                        <tr>\n                           <th scope=\"row\">300<\/th>\n                           <td>856<\/td>\n                           <td>686<\/td>\n                        <\/tr>\n                     <\/tbody>\n                  <\/table>\n<\/div>\n\n\n\n<div class=\"wp-block-column is-layout-flow wp-block-column-is-layout-flow\" style=\"flex-basis:33.33%\">\n<figure class=\"wp-block-image size-large\"><img decoding=\"async\" src=\"https:\/\/corona1.eu\/wp-content\/uploads\/2022\/09\/1.webp\" alt=\"\"\/><\/figure>\n<\/div>\n<\/div>\n","protected":false},"excerpt":{"rendered":"<p>Dieses \u00dcberdruckventil sch\u00fctzt Tanks und Anlagen zuverl\u00e4ssig vor zu hohem Innendruck.Die modulare Konstruktion sorgt f\u00fcr [&hellip;]<\/p>\n","protected":false},"author":1,"featured_media":230,"parent":219,"menu_order":0,"comment_status":"closed","ping_status":"closed","template":"kg_products_template.php","meta":{"pgc_sgb_lightbox_settings":"","footnotes":""},"categories":[18],"tags":[],"class_list":["post-229","page","type-page","status-publish","has-post-thumbnail","hentry","category-beatmungsventile-zprodukty"],"yoast_head":"<!-- This site is optimized with the Yoast SEO plugin v27.1.1 - https:\/\/yoast.com\/product\/yoast-seo-wordpress\/ -->\n<title>\u00dcberdruckventil f\u00fcr Tankanlage | Druckentlastungsventil Industrie<\/title>\n<meta name=\"description\" content=\"Zuverl\u00e4ssiges \u00dcberdruckventil zur Ableitung in die Atmosph\u00e4re. Kompaktes Design, hohe Dichtheit. Ideal f\u00fcr Tank- und Prozessanlagen.\" \/>\n<meta name=\"robots\" content=\"index, follow, max-snippet:-1, max-image-preview:large, max-video-preview:-1\" \/>\n<link rel=\"canonical\" href=\"https:\/\/corona1.eu\/de\/atmungsventile-fur-tankanlagen\/ueberdruckventil-mit-ausgang-zur-atmosphaere\/\" \/>\n<meta property=\"og:locale\" content=\"de_DE\" \/>\n<meta property=\"og:type\" content=\"article\" \/>\n<meta property=\"og:title\" content=\"\u00dcberdruckventil f\u00fcr Tankanlage | Druckentlastungsventil Industrie\" \/>\n<meta property=\"og:description\" content=\"Zuverl\u00e4ssiges \u00dcberdruckventil zur Ableitung in die Atmosph\u00e4re. Kompaktes Design, hohe Dichtheit. Ideal f\u00fcr Tank- und Prozessanlagen.\" \/>\n<meta property=\"og:url\" content=\"https:\/\/corona1.eu\/de\/atmungsventile-fur-tankanlagen\/ueberdruckventil-mit-ausgang-zur-atmosphaere\/\" \/>\n<meta property=\"og:site_name\" content=\"CORONA Serwis\" \/>\n<meta property=\"article:modified_time\" content=\"2025-10-15T08:34:41+00:00\" \/>\n<meta property=\"og:image\" content=\"https:\/\/corona1.eu\/de\/wp-content\/uploads\/2025\/03\/zd2.webp\" \/>\n\t<meta property=\"og:image:width\" content=\"500\" \/>\n\t<meta property=\"og:image:height\" content=\"500\" \/>\n\t<meta property=\"og:image:type\" content=\"image\/webp\" \/>\n<meta name=\"twitter:card\" content=\"summary_large_image\" \/>\n<meta name=\"twitter:label1\" content=\"Gesch\u00e4tzte Lesezeit\" \/>\n\t<meta name=\"twitter:data1\" content=\"2\u00a0Minuten\" \/>\n<script type=\"application\/ld+json\" class=\"yoast-schema-graph\">{\"@context\":\"https:\/\/schema.org\",\"@graph\":[{\"@type\":\"WebPage\",\"@id\":\"https:\/\/corona1.eu\/de\/atmungsventile-fur-tankanlagen\/ueberdruckventil-mit-ausgang-zur-atmosphaere\/\",\"url\":\"https:\/\/corona1.eu\/de\/atmungsventile-fur-tankanlagen\/ueberdruckventil-mit-ausgang-zur-atmosphaere\/\",\"name\":\"\u00dcberdruckventil f\u00fcr Tankanlage | Druckentlastungsventil Industrie\",\"isPartOf\":{\"@id\":\"https:\/\/corona1.eu\/de\/#website\"},\"primaryImageOfPage\":{\"@id\":\"https:\/\/corona1.eu\/de\/atmungsventile-fur-tankanlagen\/ueberdruckventil-mit-ausgang-zur-atmosphaere\/#primaryimage\"},\"image\":{\"@id\":\"https:\/\/corona1.eu\/de\/atmungsventile-fur-tankanlagen\/ueberdruckventil-mit-ausgang-zur-atmosphaere\/#primaryimage\"},\"thumbnailUrl\":\"https:\/\/corona1.eu\/de\/wp-content\/uploads\/2025\/03\/zd2.webp\",\"datePublished\":\"2025-03-18T10:28:14+00:00\",\"dateModified\":\"2025-10-15T08:34:41+00:00\",\"description\":\"Zuverl\u00e4ssiges \u00dcberdruckventil zur Ableitung in die Atmosph\u00e4re. Kompaktes Design, hohe Dichtheit. Ideal f\u00fcr Tank- und Prozessanlagen.\",\"breadcrumb\":{\"@id\":\"https:\/\/corona1.eu\/de\/atmungsventile-fur-tankanlagen\/ueberdruckventil-mit-ausgang-zur-atmosphaere\/#breadcrumb\"},\"inLanguage\":\"de\",\"potentialAction\":[{\"@type\":\"ReadAction\",\"target\":[\"https:\/\/corona1.eu\/de\/atmungsventile-fur-tankanlagen\/ueberdruckventil-mit-ausgang-zur-atmosphaere\/\"]}]},{\"@type\":\"ImageObject\",\"inLanguage\":\"de\",\"@id\":\"https:\/\/corona1.eu\/de\/atmungsventile-fur-tankanlagen\/ueberdruckventil-mit-ausgang-zur-atmosphaere\/#primaryimage\",\"url\":\"https:\/\/corona1.eu\/de\/wp-content\/uploads\/2025\/03\/zd2.webp\",\"contentUrl\":\"https:\/\/corona1.eu\/de\/wp-content\/uploads\/2025\/03\/zd2.webp\",\"width\":500,\"height\":500,\"caption\":\"Modulares \u00dcberdruckventil aus Edelstahl mit Auslass in die Atmosph\u00e4re, f\u00fcr industrielle Tankentl\u00fcftung.\"},{\"@type\":\"BreadcrumbList\",\"@id\":\"https:\/\/corona1.eu\/de\/atmungsventile-fur-tankanlagen\/ueberdruckventil-mit-ausgang-zur-atmosphaere\/#breadcrumb\",\"itemListElement\":[{\"@type\":\"ListItem\",\"position\":1,\"name\":\"Startseite\",\"item\":\"https:\/\/corona1.eu\/de\/\"},{\"@type\":\"ListItem\",\"position\":2,\"name\":\"Atmungsventile f\u00fcr Tankanlagen\",\"item\":\"https:\/\/corona1.eu\/de\/atmungsventile-fur-tankanlagen\/\"},{\"@type\":\"ListItem\",\"position\":3,\"name\":\"\u00dcberdruckventil mit Auslass in die Atmosph\u00e4re\"}]},{\"@type\":\"WebSite\",\"@id\":\"https:\/\/corona1.eu\/de\/#website\",\"url\":\"https:\/\/corona1.eu\/de\/\",\"name\":\"CORONA Serwis\",\"description\":\"\",\"potentialAction\":[{\"@type\":\"SearchAction\",\"target\":{\"@type\":\"EntryPoint\",\"urlTemplate\":\"https:\/\/corona1.eu\/de\/?s={search_term_string}\"},\"query-input\":{\"@type\":\"PropertyValueSpecification\",\"valueRequired\":true,\"valueName\":\"search_term_string\"}}],\"inLanguage\":\"de\"}]}<\/script>\n<!-- \/ Yoast SEO plugin. -->","yoast_head_json":{"title":"\u00dcberdruckventil f\u00fcr Tankanlage | Druckentlastungsventil Industrie","description":"Zuverl\u00e4ssiges \u00dcberdruckventil zur Ableitung in die Atmosph\u00e4re. Kompaktes Design, hohe Dichtheit. Ideal f\u00fcr Tank- und Prozessanlagen.","robots":{"index":"index","follow":"follow","max-snippet":"max-snippet:-1","max-image-preview":"max-image-preview:large","max-video-preview":"max-video-preview:-1"},"canonical":"https:\/\/corona1.eu\/de\/atmungsventile-fur-tankanlagen\/ueberdruckventil-mit-ausgang-zur-atmosphaere\/","og_locale":"de_DE","og_type":"article","og_title":"\u00dcberdruckventil f\u00fcr Tankanlage | Druckentlastungsventil Industrie","og_description":"Zuverl\u00e4ssiges \u00dcberdruckventil zur Ableitung in die Atmosph\u00e4re. Kompaktes Design, hohe Dichtheit. Ideal f\u00fcr Tank- und Prozessanlagen.","og_url":"https:\/\/corona1.eu\/de\/atmungsventile-fur-tankanlagen\/ueberdruckventil-mit-ausgang-zur-atmosphaere\/","og_site_name":"CORONA Serwis","article_modified_time":"2025-10-15T08:34:41+00:00","og_image":[{"width":500,"height":500,"url":"https:\/\/corona1.eu\/de\/wp-content\/uploads\/2025\/03\/zd2.webp","type":"image\/webp"}],"twitter_card":"summary_large_image","twitter_misc":{"Gesch\u00e4tzte Lesezeit":"2\u00a0Minuten"},"schema":{"@context":"https:\/\/schema.org","@graph":[{"@type":"WebPage","@id":"https:\/\/corona1.eu\/de\/atmungsventile-fur-tankanlagen\/ueberdruckventil-mit-ausgang-zur-atmosphaere\/","url":"https:\/\/corona1.eu\/de\/atmungsventile-fur-tankanlagen\/ueberdruckventil-mit-ausgang-zur-atmosphaere\/","name":"\u00dcberdruckventil f\u00fcr Tankanlage | Druckentlastungsventil Industrie","isPartOf":{"@id":"https:\/\/corona1.eu\/de\/#website"},"primaryImageOfPage":{"@id":"https:\/\/corona1.eu\/de\/atmungsventile-fur-tankanlagen\/ueberdruckventil-mit-ausgang-zur-atmosphaere\/#primaryimage"},"image":{"@id":"https:\/\/corona1.eu\/de\/atmungsventile-fur-tankanlagen\/ueberdruckventil-mit-ausgang-zur-atmosphaere\/#primaryimage"},"thumbnailUrl":"https:\/\/corona1.eu\/de\/wp-content\/uploads\/2025\/03\/zd2.webp","datePublished":"2025-03-18T10:28:14+00:00","dateModified":"2025-10-15T08:34:41+00:00","description":"Zuverl\u00e4ssiges \u00dcberdruckventil zur Ableitung in die Atmosph\u00e4re. Kompaktes Design, hohe Dichtheit. Ideal f\u00fcr Tank- und Prozessanlagen.","breadcrumb":{"@id":"https:\/\/corona1.eu\/de\/atmungsventile-fur-tankanlagen\/ueberdruckventil-mit-ausgang-zur-atmosphaere\/#breadcrumb"},"inLanguage":"de","potentialAction":[{"@type":"ReadAction","target":["https:\/\/corona1.eu\/de\/atmungsventile-fur-tankanlagen\/ueberdruckventil-mit-ausgang-zur-atmosphaere\/"]}]},{"@type":"ImageObject","inLanguage":"de","@id":"https:\/\/corona1.eu\/de\/atmungsventile-fur-tankanlagen\/ueberdruckventil-mit-ausgang-zur-atmosphaere\/#primaryimage","url":"https:\/\/corona1.eu\/de\/wp-content\/uploads\/2025\/03\/zd2.webp","contentUrl":"https:\/\/corona1.eu\/de\/wp-content\/uploads\/2025\/03\/zd2.webp","width":500,"height":500,"caption":"Modulares \u00dcberdruckventil aus Edelstahl mit Auslass in die Atmosph\u00e4re, f\u00fcr industrielle Tankentl\u00fcftung."},{"@type":"BreadcrumbList","@id":"https:\/\/corona1.eu\/de\/atmungsventile-fur-tankanlagen\/ueberdruckventil-mit-ausgang-zur-atmosphaere\/#breadcrumb","itemListElement":[{"@type":"ListItem","position":1,"name":"Startseite","item":"https:\/\/corona1.eu\/de\/"},{"@type":"ListItem","position":2,"name":"Atmungsventile f\u00fcr Tankanlagen","item":"https:\/\/corona1.eu\/de\/atmungsventile-fur-tankanlagen\/"},{"@type":"ListItem","position":3,"name":"\u00dcberdruckventil mit Auslass in die Atmosph\u00e4re"}]},{"@type":"WebSite","@id":"https:\/\/corona1.eu\/de\/#website","url":"https:\/\/corona1.eu\/de\/","name":"CORONA Serwis","description":"","potentialAction":[{"@type":"SearchAction","target":{"@type":"EntryPoint","urlTemplate":"https:\/\/corona1.eu\/de\/?s={search_term_string}"},"query-input":{"@type":"PropertyValueSpecification","valueRequired":true,"valueName":"search_term_string"}}],"inLanguage":"de"}]}},"_links":{"self":[{"href":"https:\/\/corona1.eu\/de\/wp-json\/wp\/v2\/pages\/229","targetHints":{"allow":["GET"]}}],"collection":[{"href":"https:\/\/corona1.eu\/de\/wp-json\/wp\/v2\/pages"}],"about":[{"href":"https:\/\/corona1.eu\/de\/wp-json\/wp\/v2\/types\/page"}],"author":[{"embeddable":true,"href":"https:\/\/corona1.eu\/de\/wp-json\/wp\/v2\/users\/1"}],"replies":[{"embeddable":true,"href":"https:\/\/corona1.eu\/de\/wp-json\/wp\/v2\/comments?post=229"}],"version-history":[{"count":2,"href":"https:\/\/corona1.eu\/de\/wp-json\/wp\/v2\/pages\/229\/revisions"}],"predecessor-version":[{"id":771,"href":"https:\/\/corona1.eu\/de\/wp-json\/wp\/v2\/pages\/229\/revisions\/771"}],"up":[{"embeddable":true,"href":"https:\/\/corona1.eu\/de\/wp-json\/wp\/v2\/pages\/219"}],"wp:featuredmedia":[{"embeddable":true,"href":"https:\/\/corona1.eu\/de\/wp-json\/wp\/v2\/media\/230"}],"wp:attachment":[{"href":"https:\/\/corona1.eu\/de\/wp-json\/wp\/v2\/media?parent=229"}],"wp:term":[{"taxonomy":"category","embeddable":true,"href":"https:\/\/corona1.eu\/de\/wp-json\/wp\/v2\/categories?post=229"},{"taxonomy":"post_tag","embeddable":true,"href":"https:\/\/corona1.eu\/de\/wp-json\/wp\/v2\/tags?post=229"}],"curies":[{"name":"wp","href":"https:\/\/api.w.org\/{rel}","templated":true}]}}