{"id":226,"date":"2025-03-18T10:48:16","date_gmt":"2025-03-18T09:48:16","guid":{"rendered":"https:\/\/corona1.eu\/de\/?page_id=226"},"modified":"2025-10-15T10:34:23","modified_gmt":"2025-10-15T08:34:23","slug":"beatmungsventil-mit-flammensperre","status":"publish","type":"page","link":"https:\/\/corona1.eu\/de\/atmungsventile-fur-tankanlagen\/beatmungsventil-mit-flammensperre\/","title":{"rendered":"\u00dcber- und Unterdruckventil mit integrierter Flammensperre"},"content":{"rendered":"\n<p>Das Tankentl\u00fcftungsventil mit integrierter Flammensperre ist ein hochwertiges Sicherheitsventil zum Schutz von Tanks und Prozessanlagen vor unzul\u00e4ssigem \u00dcber- und Unterdruck.<br>Durch die modulare Bauweise bietet das Ventil optimale Durchflussleistung, hohe Dichtheit und ein kompaktes, leichtes Design.<\/p>\n\n\n\n<p>Die integrierte <strong>Flammensperre<\/strong> verhindert zuverl\u00e4ssig die Flammen\u00fcbertragung bei brennbaren Medien und erf\u00fcllt h\u00f6chste Anforderungen im Bereich <strong>Explosionsschutz (ATEX)<\/strong>.<br>Ideal geeignet f\u00fcr Anwendungen in <strong>Raffinerien<\/strong>, <strong>chemischer Industrie<\/strong> und <strong>Tanklagern<\/strong>.<\/p>\n\n\n\n<h3 class=\"wp-block-heading\">Vorteile:<\/h3>\n\n\n\n<ul class=\"wp-block-list\">\n<li>beste Dichtung<\/li>\n\n\n\n<li>extreme Genauigkeit<\/li>\n\n\n\n<li>das Ventil kann zur Inspektion ge\u00f6ffnet und geschlossen werden, ohne dass es ausgetauscht werden muss<\/li>\n\n\n\n<li>das Geh\u00e4use besteht aus Blech f\u00fcr h\u00f6chste Materialqualit\u00e4t bei geringem Gewicht<\/li>\n\n\n\n<li>das regensichere Oberteil sch\u00fctzt vor Regen und Tieren &#8211; sehr stark und stabil<\/li>\n\n\n\n<li>die robuste Konstruktion sorgt f\u00fcr l\u00e4ngere Haltbarkeit und mehr Sicherheit<\/li>\n\n\n\n<li>beste L\u00f6sung zur Reduzierung von Druckunterschieden ohne Verstopfungsprobleme<\/li>\n<\/ul>\n\n\n\n<p><\/p>\n\n\n<div class=\"pgc-sgb-cb wp-block-pgcsimplygalleryblock-grid \" data-gallery-id=\"d4347345\"><div class=\"sgb-preloader\" id=\"pr_d4347345\">\n\t<div class=\"sgb-square\" style=\"background:#d4d4d4\"><\/div>\n\t<div class=\"sgb-square\" style=\"background:#d4d4d4\"><\/div>\n\t<div class=\"sgb-square\" style=\"background:#d4d4d4\"><\/div>\n\t<div class=\"sgb-square\" style=\"background:#d4d4d4\"><\/div><\/div><div class=\"simply-gallery-amp pgc_sgb_slider \"><noscript><div class=\"sgb-gallery\"><div class=\"sgb-item\"><a href=\"https:\/\/corona1.eu\/zawor-oddechowy-zbiornika\/breather_valves3\/\" target=\"_blank\"><img decoding=\"async\" alt=\"zaw\u00f3r oddechowy\" width=\"300\" height=\"300\" loading=\"lazy\" src=\"https:\/\/corona1.eu\/wp-content\/uploads\/2022\/09\/Breather_valves3-300x300.jpg\" srcset=\"https:\/\/corona1.eu\/wp-content\/uploads\/2022\/09\/Breather_valves3-300x300.jpg 300w,https:\/\/corona1.eu\/wp-content\/uploads\/2022\/09\/Breather_valves3.jpg 500w\" sizes=\"auto, 250px\"\/><\/a><\/div><div class=\"sgb-item\"><a href=\"https:\/\/corona1.eu\/zawor-oddechowy-zbiornika\/breather_valves2\/\" target=\"_blank\"><img decoding=\"async\" alt=\"zaw\u00f3r oddechowy\" width=\"300\" height=\"300\" loading=\"lazy\" src=\"https:\/\/corona1.eu\/wp-content\/uploads\/2022\/09\/Breather_valves2-300x300.jpg\" srcset=\"https:\/\/corona1.eu\/wp-content\/uploads\/2022\/09\/Breather_valves2-300x300.jpg 300w,https:\/\/corona1.eu\/wp-content\/uploads\/2022\/09\/Breather_valves2.jpg 500w\" sizes=\"auto, 250px\"\/><\/a><\/div><div class=\"sgb-item\"><a href=\"https:\/\/corona1.eu\/zawor-oddechowy-zbiornika\/breather_valves1\/\" target=\"_blank\"><img decoding=\"async\" alt=\"zaw\u00f3r oddechowy\" width=\"300\" height=\"300\" loading=\"lazy\" src=\"https:\/\/corona1.eu\/wp-content\/uploads\/2022\/09\/Breather_valves1-300x300.jpg\" srcset=\"https:\/\/corona1.eu\/wp-content\/uploads\/2022\/09\/Breather_valves1-300x300.jpg 300w,https:\/\/corona1.eu\/wp-content\/uploads\/2022\/09\/Breather_valves1.jpg 500w\" sizes=\"auto, 250px\"\/><\/a><\/div><\/div><\/noscript><\/div><script type=\"application\/json\" class=\"sgb-data\">{\"collectionThumbSubMenuDownload\":false,\"collectionThumbSubMenuShare\":false,\"galleryType\":\"pgc_sgb_grid\",\"galleryId\":\"d4347345\",\"images\":[{\"id\":1140,\"title\":\"Breather_valves3\",\"url\":\"https:\/\/corona1.eu\/wp-content\/uploads\/2022\/09\/Breather_valves3.jpg\",\"link\":\"https:\/\/corona1.eu\/zawor-oddechowy-zbiornika\/breather_valves3\/\",\"alt\":\"zaw\u00f3r oddechowy\",\"description\":\"\",\"caption\":\"\",\"mime\":\"image\/jpeg\",\"type\":\"image\",\"width\":500,\"height\":500,\"sizes\":{\"thumbnail\":{\"height\":150,\"width\":150,\"url\":\"https:\/\/corona1.eu\/wp-content\/uploads\/2022\/09\/Breather_valves3-150x150.jpg\",\"orientation\":\"landscape\"},\"medium\":{\"height\":300,\"width\":300,\"url\":\"https:\/\/corona1.eu\/wp-content\/uploads\/2022\/09\/Breather_valves3-300x300.jpg\",\"orientation\":\"landscape\"},\"full\":{\"url\":\"https:\/\/corona1.eu\/wp-content\/uploads\/2022\/09\/Breather_valves3.jpg\",\"height\":500,\"width\":500,\"orientation\":\"landscape\"}},\"meta\":false,\"postlink\":\"https:\/\/corona1.eu\/zawor-oddechowy-zbiornika\/breather_valves3\/\"},{\"id\":1139,\"title\":\"Breather_valves2\",\"url\":\"https:\/\/corona1.eu\/wp-content\/uploads\/2022\/09\/Breather_valves2.jpg\",\"link\":\"https:\/\/corona1.eu\/zawor-oddechowy-zbiornika\/breather_valves2\/\",\"alt\":\"zaw\u00f3r oddechowy\",\"description\":\"\",\"caption\":\"\",\"mime\":\"image\/jpeg\",\"type\":\"image\",\"width\":500,\"height\":500,\"sizes\":{\"thumbnail\":{\"height\":150,\"width\":150,\"url\":\"https:\/\/corona1.eu\/wp-content\/uploads\/2022\/09\/Breather_valves2-150x150.jpg\",\"orientation\":\"landscape\"},\"medium\":{\"height\":300,\"width\":300,\"url\":\"https:\/\/corona1.eu\/wp-content\/uploads\/2022\/09\/Breather_valves2-300x300.jpg\",\"orientation\":\"landscape\"},\"full\":{\"url\":\"https:\/\/corona1.eu\/wp-content\/uploads\/2022\/09\/Breather_valves2.jpg\",\"height\":500,\"width\":500,\"orientation\":\"landscape\"}},\"meta\":false,\"postlink\":\"https:\/\/corona1.eu\/zawor-oddechowy-zbiornika\/breather_valves2\/\"},{\"id\":1138,\"title\":\"Breather_valves1\",\"url\":\"https:\/\/corona1.eu\/wp-content\/uploads\/2022\/09\/Breather_valves1.jpg\",\"link\":\"https:\/\/corona1.eu\/zawor-oddechowy-zbiornika\/breather_valves1\/\",\"alt\":\"zaw\u00f3r oddechowy\",\"description\":\"\",\"caption\":\"\",\"mime\":\"image\/jpeg\",\"type\":\"image\",\"width\":500,\"height\":500,\"sizes\":{\"thumbnail\":{\"height\":150,\"width\":150,\"url\":\"https:\/\/corona1.eu\/wp-content\/uploads\/2022\/09\/Breather_valves1-150x150.jpg\",\"orientation\":\"landscape\"},\"medium\":{\"height\":300,\"width\":300,\"url\":\"https:\/\/corona1.eu\/wp-content\/uploads\/2022\/09\/Breather_valves1-300x300.jpg\",\"orientation\":\"landscape\"},\"full\":{\"url\":\"https:\/\/corona1.eu\/wp-content\/uploads\/2022\/09\/Breather_valves1.jpg\",\"height\":500,\"width\":500,\"orientation\":\"landscape\"}},\"meta\":false,\"postlink\":\"https:\/\/corona1.eu\/zawor-oddechowy-zbiornika\/breather_valves1\/\"}],\"itemsMetaDataCollection\":[]}<\/script><script>(function(){if(window.PGC_SGB && window.PGC_SGB.searcher){window.PGC_SGB.searcher.initBlocks()}})()<\/script><\/div>\n\n\n<div style=\"overflow-x: auto;\">\n               <table class=\"table table-sm\">\n               <thead class=\"thead-dark\">\n                        <tr>\n                           <th colspan=\"3\" scope=\"col\">Nastawy:<\/th>\n                        <\/tr>\n                     <\/thead>\n                  <tbody>\n                     <tr>\n                        <td><strong>Druck:<\/strong><\/td>\n                        <td><strong>Vakuum:<\/strong><\/td>\n                        <td><strong>*Betriebstemperatur:<\/strong><\/td>\n                     <\/tr>\n                     <tr>\n                        <td>\n                           +2,0mbarg bis +100mbarg<br>\n                           +20mm Wasserstand bis +1000mm Wasserstand\n                        <\/td>\n                        <td>\n                           -100mbarg bis -2,0mbarg<br>\n                           -1000mm Wasser bis -20mm Wasser\n                        <\/td>\n                        <td>\n                           -29C bis +140C und dar\u00fcber<br>\n                           (+210C max.)\n                        <\/td>\n                     <\/tr>\n                  <\/tbody>\n               <\/table>\n            <\/div>\n<p style=\"font-size: 12px;\"><i>(*Falls nicht genormte Temperaturbereiche erforderlich sind, wenden Sie sich bitte an uns, um Unterst\u00fctzung zu erhalten.)<\/i><\/p>\n\n\n\n<div class=\"wp-block-columns is-layout-flex wp-container-core-columns-is-layout-9d6595d7 wp-block-columns-is-layout-flex\">\n<div class=\"wp-block-column is-layout-flow wp-block-column-is-layout-flow\" style=\"flex-basis:66.66%\">\n<table class=\"table table-sm\">\n                     <thead class=\"thead-dark\">\n                        <tr>\n                           <th scope=\"col\">DN<\/th>\n                           <th scope=\"col\">L1<\/th>\n                           <th scope=\"col\">H1<\/th>\n                           <th scope=\"col\">B1<\/th>\n                        <\/tr>\n                     <\/thead>\n                     <tbody>\n                        <tr>\n                           <th scope=\"row\">25\/1&#8243;<\/th>\n                           <td>\/<\/td>\n                           <td>344<\/td>\n                           <td>182<\/td>\n                        <\/tr>\n                        <tr>\n                           <th scope=\"row\">50\/2&#8243;<\/th>\n                           <td>285<\/td>\n                           <td>445<\/td>\n                           <td>226<\/td>\n                        <\/tr>\n                        <tr>\n                           <th scope=\"row\">80\/3&#8243;<\/th>\n                           <td>390<\/td>\n                           <td>595<\/td>\n                           <td>292<\/td>\n                        <\/tr>\n                        <tr>\n                           <th scope=\"row\">100\/4&#8243;<\/th>\n                           <td>470<\/td>\n                           <td>720<\/td>\n                           <td>342<\/td>\n                        <\/tr>\n                        <tr>\n                           <th scope=\"row\">150\/6&#8243;<\/th>\n                           <td>550<\/td>\n                           <td>945<\/td>\n                           <td>439<\/td>\n                        <\/tr>\n                        <tr>\n                           <th scope=\"row\">200\/8&#8243;<\/th>\n                           <td>650<\/td>\n                           <td>1100<\/td>\n                           <td>510<\/td>\n                        <\/tr>\n                        <tr>\n                           <th scope=\"row\">250\/10&#8243;<\/th>\n                           <td>760<\/td>\n                           <td>1305<\/td>\n                           <td>608<\/td>\n                        <\/tr>\n                        <tr>\n                           <th scope=\"row\">300\/12&#8243;<\/th>\n                           <td>870<\/td>\n                           <td>1430<\/td>\n                           <td>658<\/td>\n                        <\/tr>\n                     <\/tbody>\n                  <\/table>\n<\/div>\n\n\n\n<div class=\"wp-block-column is-layout-flow wp-block-column-is-layout-flow\" style=\"flex-basis:33.33%\">\n<figure class=\"wp-block-image size-large\"><img decoding=\"async\" src=\"https:\/\/corona1.eu\/wp-content\/uploads\/2022\/09\/8.png\" alt=\"\"\/><\/figure>\n<\/div>\n<\/div>\n","protected":false},"excerpt":{"rendered":"<p>Das Tankentl\u00fcftungsventil mit integrierter Flammensperre ist ein hochwertiges Sicherheitsventil zum Schutz von Tanks und Prozessanlagen [&hellip;]<\/p>\n","protected":false},"author":1,"featured_media":227,"parent":219,"menu_order":0,"comment_status":"closed","ping_status":"closed","template":"kg_products_template.php","meta":{"pgc_sgb_lightbox_settings":"","footnotes":""},"categories":[18],"tags":[],"class_list":["post-226","page","type-page","status-publish","has-post-thumbnail","hentry","category-beatmungsventile-zprodukty"],"yoast_head":"<!-- This site is optimized with the Yoast SEO plugin v27.1.1 - https:\/\/yoast.com\/product\/yoast-seo-wordpress\/ -->\n<title>\u00dcberdruck- und Vakuumventil mit Flammensperre | Tankentl\u00fcftungsventil ATEX<\/title>\n<meta name=\"description\" content=\"Sicheres Tankentl\u00fcftungsventil mit integrierter Flammensperre. Schutz vor \u00dcber- und Unterdruck in Tankanlagen. ATEX-zertifiziert f\u00fcr Industrie.\" \/>\n<meta name=\"robots\" content=\"index, follow, max-snippet:-1, max-image-preview:large, max-video-preview:-1\" \/>\n<link rel=\"canonical\" href=\"https:\/\/corona1.eu\/de\/atmungsventile-fur-tankanlagen\/beatmungsventil-mit-flammensperre\/\" \/>\n<meta property=\"og:locale\" content=\"de_DE\" \/>\n<meta property=\"og:type\" content=\"article\" \/>\n<meta property=\"og:title\" content=\"\u00dcberdruck- und Vakuumventil mit Flammensperre | Tankentl\u00fcftungsventil ATEX\" \/>\n<meta property=\"og:description\" content=\"Sicheres Tankentl\u00fcftungsventil mit integrierter Flammensperre. Schutz vor \u00dcber- und Unterdruck in Tankanlagen. ATEX-zertifiziert f\u00fcr Industrie.\" \/>\n<meta property=\"og:url\" content=\"https:\/\/corona1.eu\/de\/atmungsventile-fur-tankanlagen\/beatmungsventil-mit-flammensperre\/\" \/>\n<meta property=\"og:site_name\" content=\"CORONA Serwis\" \/>\n<meta property=\"article:modified_time\" content=\"2025-10-15T08:34:23+00:00\" \/>\n<meta property=\"og:image\" content=\"https:\/\/corona1.eu\/de\/wp-content\/uploads\/2025\/03\/Breather_valves2.jpg\" \/>\n\t<meta property=\"og:image:width\" content=\"500\" \/>\n\t<meta property=\"og:image:height\" content=\"500\" \/>\n\t<meta property=\"og:image:type\" content=\"image\/jpeg\" \/>\n<meta name=\"twitter:card\" content=\"summary_large_image\" \/>\n<meta name=\"twitter:label1\" content=\"Gesch\u00e4tzte Lesezeit\" \/>\n\t<meta name=\"twitter:data1\" content=\"3\u00a0Minuten\" \/>\n<script type=\"application\/ld+json\" class=\"yoast-schema-graph\">{\"@context\":\"https:\/\/schema.org\",\"@graph\":[{\"@type\":\"WebPage\",\"@id\":\"https:\/\/corona1.eu\/de\/atmungsventile-fur-tankanlagen\/beatmungsventil-mit-flammensperre\/\",\"url\":\"https:\/\/corona1.eu\/de\/atmungsventile-fur-tankanlagen\/beatmungsventil-mit-flammensperre\/\",\"name\":\"\u00dcberdruck- und Vakuumventil mit Flammensperre | Tankentl\u00fcftungsventil ATEX\",\"isPartOf\":{\"@id\":\"https:\/\/corona1.eu\/de\/#website\"},\"primaryImageOfPage\":{\"@id\":\"https:\/\/corona1.eu\/de\/atmungsventile-fur-tankanlagen\/beatmungsventil-mit-flammensperre\/#primaryimage\"},\"image\":{\"@id\":\"https:\/\/corona1.eu\/de\/atmungsventile-fur-tankanlagen\/beatmungsventil-mit-flammensperre\/#primaryimage\"},\"thumbnailUrl\":\"https:\/\/corona1.eu\/de\/wp-content\/uploads\/2025\/03\/Breather_valves2.jpg\",\"datePublished\":\"2025-03-18T09:48:16+00:00\",\"dateModified\":\"2025-10-15T08:34:23+00:00\",\"description\":\"Sicheres Tankentl\u00fcftungsventil mit integrierter Flammensperre. Schutz vor \u00dcber- und Unterdruck in Tankanlagen. ATEX-zertifiziert f\u00fcr Industrie.\",\"breadcrumb\":{\"@id\":\"https:\/\/corona1.eu\/de\/atmungsventile-fur-tankanlagen\/beatmungsventil-mit-flammensperre\/#breadcrumb\"},\"inLanguage\":\"de\",\"potentialAction\":[{\"@type\":\"ReadAction\",\"target\":[\"https:\/\/corona1.eu\/de\/atmungsventile-fur-tankanlagen\/beatmungsventil-mit-flammensperre\/\"]}]},{\"@type\":\"ImageObject\",\"inLanguage\":\"de\",\"@id\":\"https:\/\/corona1.eu\/de\/atmungsventile-fur-tankanlagen\/beatmungsventil-mit-flammensperre\/#primaryimage\",\"url\":\"https:\/\/corona1.eu\/de\/wp-content\/uploads\/2025\/03\/Breather_valves2.jpg\",\"contentUrl\":\"https:\/\/corona1.eu\/de\/wp-content\/uploads\/2025\/03\/Breather_valves2.jpg\",\"width\":500,\"height\":500,\"caption\":\"Industrie-Tankentl\u00fcftungsventil mit integrierter Flammensperre, aus Edelstahl, f\u00fcr Druckausgleich in Tankanlagen.\"},{\"@type\":\"BreadcrumbList\",\"@id\":\"https:\/\/corona1.eu\/de\/atmungsventile-fur-tankanlagen\/beatmungsventil-mit-flammensperre\/#breadcrumb\",\"itemListElement\":[{\"@type\":\"ListItem\",\"position\":1,\"name\":\"Startseite\",\"item\":\"https:\/\/corona1.eu\/de\/\"},{\"@type\":\"ListItem\",\"position\":2,\"name\":\"Atmungsventile f\u00fcr Tankanlagen\",\"item\":\"https:\/\/corona1.eu\/de\/atmungsventile-fur-tankanlagen\/\"},{\"@type\":\"ListItem\",\"position\":3,\"name\":\"\u00dcber- und Unterdruckventil mit integrierter Flammensperre\"}]},{\"@type\":\"WebSite\",\"@id\":\"https:\/\/corona1.eu\/de\/#website\",\"url\":\"https:\/\/corona1.eu\/de\/\",\"name\":\"CORONA Serwis\",\"description\":\"\",\"potentialAction\":[{\"@type\":\"SearchAction\",\"target\":{\"@type\":\"EntryPoint\",\"urlTemplate\":\"https:\/\/corona1.eu\/de\/?s={search_term_string}\"},\"query-input\":{\"@type\":\"PropertyValueSpecification\",\"valueRequired\":true,\"valueName\":\"search_term_string\"}}],\"inLanguage\":\"de\"}]}<\/script>\n<!-- \/ Yoast SEO plugin. -->","yoast_head_json":{"title":"\u00dcberdruck- und Vakuumventil mit Flammensperre | Tankentl\u00fcftungsventil ATEX","description":"Sicheres Tankentl\u00fcftungsventil mit integrierter Flammensperre. Schutz vor \u00dcber- und Unterdruck in Tankanlagen. ATEX-zertifiziert f\u00fcr Industrie.","robots":{"index":"index","follow":"follow","max-snippet":"max-snippet:-1","max-image-preview":"max-image-preview:large","max-video-preview":"max-video-preview:-1"},"canonical":"https:\/\/corona1.eu\/de\/atmungsventile-fur-tankanlagen\/beatmungsventil-mit-flammensperre\/","og_locale":"de_DE","og_type":"article","og_title":"\u00dcberdruck- und Vakuumventil mit Flammensperre | Tankentl\u00fcftungsventil ATEX","og_description":"Sicheres Tankentl\u00fcftungsventil mit integrierter Flammensperre. Schutz vor \u00dcber- und Unterdruck in Tankanlagen. ATEX-zertifiziert f\u00fcr Industrie.","og_url":"https:\/\/corona1.eu\/de\/atmungsventile-fur-tankanlagen\/beatmungsventil-mit-flammensperre\/","og_site_name":"CORONA Serwis","article_modified_time":"2025-10-15T08:34:23+00:00","og_image":[{"width":500,"height":500,"url":"https:\/\/corona1.eu\/de\/wp-content\/uploads\/2025\/03\/Breather_valves2.jpg","type":"image\/jpeg"}],"twitter_card":"summary_large_image","twitter_misc":{"Gesch\u00e4tzte Lesezeit":"3\u00a0Minuten"},"schema":{"@context":"https:\/\/schema.org","@graph":[{"@type":"WebPage","@id":"https:\/\/corona1.eu\/de\/atmungsventile-fur-tankanlagen\/beatmungsventil-mit-flammensperre\/","url":"https:\/\/corona1.eu\/de\/atmungsventile-fur-tankanlagen\/beatmungsventil-mit-flammensperre\/","name":"\u00dcberdruck- und Vakuumventil mit Flammensperre | Tankentl\u00fcftungsventil ATEX","isPartOf":{"@id":"https:\/\/corona1.eu\/de\/#website"},"primaryImageOfPage":{"@id":"https:\/\/corona1.eu\/de\/atmungsventile-fur-tankanlagen\/beatmungsventil-mit-flammensperre\/#primaryimage"},"image":{"@id":"https:\/\/corona1.eu\/de\/atmungsventile-fur-tankanlagen\/beatmungsventil-mit-flammensperre\/#primaryimage"},"thumbnailUrl":"https:\/\/corona1.eu\/de\/wp-content\/uploads\/2025\/03\/Breather_valves2.jpg","datePublished":"2025-03-18T09:48:16+00:00","dateModified":"2025-10-15T08:34:23+00:00","description":"Sicheres Tankentl\u00fcftungsventil mit integrierter Flammensperre. Schutz vor \u00dcber- und Unterdruck in Tankanlagen. ATEX-zertifiziert f\u00fcr Industrie.","breadcrumb":{"@id":"https:\/\/corona1.eu\/de\/atmungsventile-fur-tankanlagen\/beatmungsventil-mit-flammensperre\/#breadcrumb"},"inLanguage":"de","potentialAction":[{"@type":"ReadAction","target":["https:\/\/corona1.eu\/de\/atmungsventile-fur-tankanlagen\/beatmungsventil-mit-flammensperre\/"]}]},{"@type":"ImageObject","inLanguage":"de","@id":"https:\/\/corona1.eu\/de\/atmungsventile-fur-tankanlagen\/beatmungsventil-mit-flammensperre\/#primaryimage","url":"https:\/\/corona1.eu\/de\/wp-content\/uploads\/2025\/03\/Breather_valves2.jpg","contentUrl":"https:\/\/corona1.eu\/de\/wp-content\/uploads\/2025\/03\/Breather_valves2.jpg","width":500,"height":500,"caption":"Industrie-Tankentl\u00fcftungsventil mit integrierter Flammensperre, aus Edelstahl, f\u00fcr Druckausgleich in Tankanlagen."},{"@type":"BreadcrumbList","@id":"https:\/\/corona1.eu\/de\/atmungsventile-fur-tankanlagen\/beatmungsventil-mit-flammensperre\/#breadcrumb","itemListElement":[{"@type":"ListItem","position":1,"name":"Startseite","item":"https:\/\/corona1.eu\/de\/"},{"@type":"ListItem","position":2,"name":"Atmungsventile f\u00fcr Tankanlagen","item":"https:\/\/corona1.eu\/de\/atmungsventile-fur-tankanlagen\/"},{"@type":"ListItem","position":3,"name":"\u00dcber- und Unterdruckventil mit integrierter Flammensperre"}]},{"@type":"WebSite","@id":"https:\/\/corona1.eu\/de\/#website","url":"https:\/\/corona1.eu\/de\/","name":"CORONA Serwis","description":"","potentialAction":[{"@type":"SearchAction","target":{"@type":"EntryPoint","urlTemplate":"https:\/\/corona1.eu\/de\/?s={search_term_string}"},"query-input":{"@type":"PropertyValueSpecification","valueRequired":true,"valueName":"search_term_string"}}],"inLanguage":"de"}]}},"_links":{"self":[{"href":"https:\/\/corona1.eu\/de\/wp-json\/wp\/v2\/pages\/226","targetHints":{"allow":["GET"]}}],"collection":[{"href":"https:\/\/corona1.eu\/de\/wp-json\/wp\/v2\/pages"}],"about":[{"href":"https:\/\/corona1.eu\/de\/wp-json\/wp\/v2\/types\/page"}],"author":[{"embeddable":true,"href":"https:\/\/corona1.eu\/de\/wp-json\/wp\/v2\/users\/1"}],"replies":[{"embeddable":true,"href":"https:\/\/corona1.eu\/de\/wp-json\/wp\/v2\/comments?post=226"}],"version-history":[{"count":2,"href":"https:\/\/corona1.eu\/de\/wp-json\/wp\/v2\/pages\/226\/revisions"}],"predecessor-version":[{"id":769,"href":"https:\/\/corona1.eu\/de\/wp-json\/wp\/v2\/pages\/226\/revisions\/769"}],"up":[{"embeddable":true,"href":"https:\/\/corona1.eu\/de\/wp-json\/wp\/v2\/pages\/219"}],"wp:featuredmedia":[{"embeddable":true,"href":"https:\/\/corona1.eu\/de\/wp-json\/wp\/v2\/media\/227"}],"wp:attachment":[{"href":"https:\/\/corona1.eu\/de\/wp-json\/wp\/v2\/media?parent=226"}],"wp:term":[{"taxonomy":"category","embeddable":true,"href":"https:\/\/corona1.eu\/de\/wp-json\/wp\/v2\/categories?post=226"},{"taxonomy":"post_tag","embeddable":true,"href":"https:\/\/corona1.eu\/de\/wp-json\/wp\/v2\/tags?post=226"}],"curies":[{"name":"wp","href":"https:\/\/api.w.org\/{rel}","templated":true}]}}