{"id":207,"date":"2025-03-17T11:10:31","date_gmt":"2025-03-17T10:10:31","guid":{"rendered":"https:\/\/corona1.eu\/de\/?page_id=207"},"modified":"2025-03-17T12:45:48","modified_gmt":"2025-03-17T11:45:48","slug":"berstscheibe-agt","status":"publish","type":"page","link":"https:\/\/corona1.eu\/de\/berstscheiben\/berstscheibe-agt\/","title":{"rendered":"Berstscheibe AGT"},"content":{"rendered":"\n<p>Die<strong> Berstscheibe AGT<\/strong> ist das Ergebnis einer Kombination aus fortschrittlichen Fertigungstechniken von Fike und umfassender Erfahrung in der Entwicklung von Produkten, die eine Reihe von Funktionen bieten. Der Einsatz wurde f\u00fcr den Einsatz in der chemischen und pharmazeutischen Industrie entwickelt. Die Korrosionsschutzscheibe des AGT-Einsatzes ist standardm\u00e4\u00dfig aus korrosionsbest\u00e4ndigem Material erh\u00e4ltlich. Der Einsatz hat einen niedrigen Berstdruckbereich<\/p>\n\n\n\n<h3 class=\"wp-block-heading\">Vorteile<strong>:<\/strong><\/h3>\n\n\n\n<ul class=\"wp-block-list\">\n<li>Vollst\u00e4ndig vakuumfest<\/li>\n\n\n\n<li>Keine Fragmentierung<\/li>\n\n\n\n<li>Perfekt glatte Oberfl\u00e4che vermeidet Produktablagerungen auf der Scheibenoberfl\u00e4che<\/li>\n\n\n\n<li>Kann in fl\u00fcssigen und gasf\u00f6rmigen Anwendungen eingesetzt werden<\/li>\n<\/ul>\n\n\n\n<p><\/p>\n\n\n\n<style>\n.table td {\n    text-align: center;\n    vertical-align: middle;\n}\n<\/style>\n<div style=\"overflow-x: auto;\">\n               <table class=\"table table-striped table-bordered\">\n                  <tbody>\n                     <tr style=\"font-size: 12px; font-weight: bold;\">\n                        <td>KONSTRUKTION:<\/td>\n                        <td>GR\u00d6SSEN:<\/td>\n                        <td>BERSTDRUCKBEREICH:<\/td>\n                     <\/tr>\n                     <tr style=\"font-size: 12px;\">\n                        <td>Konkav mit glatter Oberfl\u00e4che<\/td>\n                        <td>2&#8243;\/50 mm<\/td>\n                        <td>0,43-0,49 bar<\/td>\n                     <\/tr>\n                  <\/tbody>\n               <\/table>\n            <\/div>\n\n\n\n<div style=\"overflow-x: auto;\">\n               <table class=\"table table-striped table-bordered\">\n                  <tbody>\n                     <tr style=\"font-size: 12px;\">\n                        <td colspan=\"3\">Leistungsmerkmale<\/td>\n                        <td colspan=\"2\">Verarbeitungsmedien<\/td>\n                        <td colspan=\"1\">Montage<\/td>\n                     <\/tr>\n                     <tr style=\"font-size: 12px;\">\n                        <td>Arbeitsfaktor<\/td>\n                        <td>Keine Fragmentierung<\/td>\n                        <td>Best\u00e4ndigkeit gegen Vakuum<\/td>\n                        <td>Fl\u00fcssigkeiten<\/td>\n                        <td>D\u00e4mpfe\/Gase<\/td>\n                        <td>Geschraubter Typ<\/td>\n                     <\/tr>\n                     <tr>\n                        <td style=\"background-color: #cccccc\"><img decoding=\"async\" style=\"max-height: 2rem;\" src=\"https:\/\/corona1.eu\/img\/plytka-bezpieczenstwa\/ikony\/1.png\" alt=\"rupture disks\"><\/td>\n                        <td style=\"background-color: #cccccc\"><img decoding=\"async\" style=\"max-height: 2rem;\" src=\"https:\/\/corona1.eu\/img\/plytka-bezpieczenstwa\/ikony\/2.png\" alt=\"rupture disks\"><\/td>\n                        <td style=\"background-color: #cccccc\"><img decoding=\"async\" style=\"max-height: 2rem;\" src=\"https:\/\/corona1.eu\/img\/plytka-bezpieczenstwa\/ikony\/3.png\" alt=\"rupture disks\"><\/td>\n                        <td style=\"background-color: #cccccc\"><img decoding=\"async\" style=\"max-height: 2rem;\" src=\"https:\/\/corona1.eu\/img\/plytka-bezpieczenstwa\/ikony\/7.png\" alt=\"rupture disks\"><\/td>\n                        <td style=\"background-color: #cccccc\"><img decoding=\"async\" style=\"max-height: 2rem;\" src=\"https:\/\/corona1.eu\/img\/plytka-bezpieczenstwa\/ikony\/8.png\" alt=\"rupture disks\"><\/td>\n                        <td style=\"background-color: #cccccc\"><img decoding=\"async\" style=\"max-height: 2rem;\" src=\"https:\/\/corona1.eu\/img\/plytka-bezpieczenstwa\/ikony\/9.png\" alt=\"rupture disks\"><\/td>\n                     <\/tr>\n                     <tr style=\"font-size: 12px;\">\n                        <td>95% CE<\/td>\n                        <td>JA<\/td>\n                        <td>JA<\/td>\n                        <td>JA<\/td>\n                        <td>JA<\/td>\n                        <td>JA<\/td>\n                     <\/tr>\n                  <\/tbody>\n               <\/table>\n            <\/div>\n","protected":false},"excerpt":{"rendered":"<p>Die Berstscheibe AGT ist das Ergebnis einer Kombination aus fortschrittlichen Fertigungstechniken von Fike und umfassender [&hellip;]<\/p>\n","protected":false},"author":1,"featured_media":210,"parent":178,"menu_order":0,"comment_status":"closed","ping_status":"closed","template":"kg_products_template.php","meta":{"pgc_sgb_lightbox_settings":"","footnotes":""},"categories":[16],"tags":[],"class_list":["post-207","page","type-page","status-publish","has-post-thumbnail","hentry","category-berstscheibe"],"yoast_head":"<!-- This site is optimized with the Yoast SEO plugin v27.1.1 - https:\/\/yoast.com\/product\/yoast-seo-wordpress\/ -->\n<title>Berstscheibe AGT - CORONA Serwis<\/title>\n<meta name=\"robots\" content=\"index, follow, max-snippet:-1, max-image-preview:large, max-video-preview:-1\" \/>\n<link rel=\"canonical\" href=\"https:\/\/corona1.eu\/de\/berstscheiben\/berstscheibe-agt\/\" \/>\n<meta property=\"og:locale\" content=\"de_DE\" \/>\n<meta property=\"og:type\" content=\"article\" \/>\n<meta property=\"og:title\" content=\"Berstscheibe AGT - CORONA Serwis\" \/>\n<meta property=\"og:description\" content=\"Die Berstscheibe AGT ist das Ergebnis einer Kombination aus fortschrittlichen Fertigungstechniken von Fike und umfassender [&hellip;]\" \/>\n<meta property=\"og:url\" content=\"https:\/\/corona1.eu\/de\/berstscheiben\/berstscheibe-agt\/\" \/>\n<meta property=\"og:site_name\" content=\"CORONA Serwis\" \/>\n<meta property=\"article:modified_time\" content=\"2025-03-17T11:45:48+00:00\" \/>\n<meta property=\"og:image\" content=\"https:\/\/corona1.eu\/de\/wp-content\/uploads\/2025\/03\/agt.jpg\" \/>\n\t<meta property=\"og:image:width\" content=\"500\" \/>\n\t<meta property=\"og:image:height\" content=\"500\" \/>\n\t<meta property=\"og:image:type\" content=\"image\/jpeg\" \/>\n<meta name=\"twitter:card\" content=\"summary_large_image\" \/>\n<meta name=\"twitter:label1\" content=\"Gesch\u00e4tzte Lesezeit\" \/>\n\t<meta name=\"twitter:data1\" content=\"3\u00a0Minuten\" \/>\n<script type=\"application\/ld+json\" class=\"yoast-schema-graph\">{\"@context\":\"https:\/\/schema.org\",\"@graph\":[{\"@type\":\"WebPage\",\"@id\":\"https:\/\/corona1.eu\/de\/berstscheiben\/berstscheibe-agt\/\",\"url\":\"https:\/\/corona1.eu\/de\/berstscheiben\/berstscheibe-agt\/\",\"name\":\"Berstscheibe AGT - CORONA Serwis\",\"isPartOf\":{\"@id\":\"https:\/\/corona1.eu\/de\/#website\"},\"primaryImageOfPage\":{\"@id\":\"https:\/\/corona1.eu\/de\/berstscheiben\/berstscheibe-agt\/#primaryimage\"},\"image\":{\"@id\":\"https:\/\/corona1.eu\/de\/berstscheiben\/berstscheibe-agt\/#primaryimage\"},\"thumbnailUrl\":\"https:\/\/corona1.eu\/de\/wp-content\/uploads\/2025\/03\/agt.jpg\",\"datePublished\":\"2025-03-17T10:10:31+00:00\",\"dateModified\":\"2025-03-17T11:45:48+00:00\",\"breadcrumb\":{\"@id\":\"https:\/\/corona1.eu\/de\/berstscheiben\/berstscheibe-agt\/#breadcrumb\"},\"inLanguage\":\"de\",\"potentialAction\":[{\"@type\":\"ReadAction\",\"target\":[\"https:\/\/corona1.eu\/de\/berstscheiben\/berstscheibe-agt\/\"]}]},{\"@type\":\"ImageObject\",\"inLanguage\":\"de\",\"@id\":\"https:\/\/corona1.eu\/de\/berstscheiben\/berstscheibe-agt\/#primaryimage\",\"url\":\"https:\/\/corona1.eu\/de\/wp-content\/uploads\/2025\/03\/agt.jpg\",\"contentUrl\":\"https:\/\/corona1.eu\/de\/wp-content\/uploads\/2025\/03\/agt.jpg\",\"width\":500,\"height\":500},{\"@type\":\"BreadcrumbList\",\"@id\":\"https:\/\/corona1.eu\/de\/berstscheiben\/berstscheibe-agt\/#breadcrumb\",\"itemListElement\":[{\"@type\":\"ListItem\",\"position\":1,\"name\":\"Startseite\",\"item\":\"https:\/\/corona1.eu\/de\/\"},{\"@type\":\"ListItem\",\"position\":2,\"name\":\"Berstscheiben\",\"item\":\"https:\/\/corona1.eu\/de\/berstscheiben\/\"},{\"@type\":\"ListItem\",\"position\":3,\"name\":\"Berstscheibe AGT\"}]},{\"@type\":\"WebSite\",\"@id\":\"https:\/\/corona1.eu\/de\/#website\",\"url\":\"https:\/\/corona1.eu\/de\/\",\"name\":\"CORONA Serwis\",\"description\":\"\",\"potentialAction\":[{\"@type\":\"SearchAction\",\"target\":{\"@type\":\"EntryPoint\",\"urlTemplate\":\"https:\/\/corona1.eu\/de\/?s={search_term_string}\"},\"query-input\":{\"@type\":\"PropertyValueSpecification\",\"valueRequired\":true,\"valueName\":\"search_term_string\"}}],\"inLanguage\":\"de\"}]}<\/script>\n<!-- \/ Yoast SEO plugin. -->","yoast_head_json":{"title":"Berstscheibe AGT - CORONA Serwis","robots":{"index":"index","follow":"follow","max-snippet":"max-snippet:-1","max-image-preview":"max-image-preview:large","max-video-preview":"max-video-preview:-1"},"canonical":"https:\/\/corona1.eu\/de\/berstscheiben\/berstscheibe-agt\/","og_locale":"de_DE","og_type":"article","og_title":"Berstscheibe AGT - CORONA Serwis","og_description":"Die Berstscheibe AGT ist das Ergebnis einer Kombination aus fortschrittlichen Fertigungstechniken von Fike und umfassender [&hellip;]","og_url":"https:\/\/corona1.eu\/de\/berstscheiben\/berstscheibe-agt\/","og_site_name":"CORONA Serwis","article_modified_time":"2025-03-17T11:45:48+00:00","og_image":[{"width":500,"height":500,"url":"https:\/\/corona1.eu\/de\/wp-content\/uploads\/2025\/03\/agt.jpg","type":"image\/jpeg"}],"twitter_card":"summary_large_image","twitter_misc":{"Gesch\u00e4tzte Lesezeit":"3\u00a0Minuten"},"schema":{"@context":"https:\/\/schema.org","@graph":[{"@type":"WebPage","@id":"https:\/\/corona1.eu\/de\/berstscheiben\/berstscheibe-agt\/","url":"https:\/\/corona1.eu\/de\/berstscheiben\/berstscheibe-agt\/","name":"Berstscheibe AGT - CORONA Serwis","isPartOf":{"@id":"https:\/\/corona1.eu\/de\/#website"},"primaryImageOfPage":{"@id":"https:\/\/corona1.eu\/de\/berstscheiben\/berstscheibe-agt\/#primaryimage"},"image":{"@id":"https:\/\/corona1.eu\/de\/berstscheiben\/berstscheibe-agt\/#primaryimage"},"thumbnailUrl":"https:\/\/corona1.eu\/de\/wp-content\/uploads\/2025\/03\/agt.jpg","datePublished":"2025-03-17T10:10:31+00:00","dateModified":"2025-03-17T11:45:48+00:00","breadcrumb":{"@id":"https:\/\/corona1.eu\/de\/berstscheiben\/berstscheibe-agt\/#breadcrumb"},"inLanguage":"de","potentialAction":[{"@type":"ReadAction","target":["https:\/\/corona1.eu\/de\/berstscheiben\/berstscheibe-agt\/"]}]},{"@type":"ImageObject","inLanguage":"de","@id":"https:\/\/corona1.eu\/de\/berstscheiben\/berstscheibe-agt\/#primaryimage","url":"https:\/\/corona1.eu\/de\/wp-content\/uploads\/2025\/03\/agt.jpg","contentUrl":"https:\/\/corona1.eu\/de\/wp-content\/uploads\/2025\/03\/agt.jpg","width":500,"height":500},{"@type":"BreadcrumbList","@id":"https:\/\/corona1.eu\/de\/berstscheiben\/berstscheibe-agt\/#breadcrumb","itemListElement":[{"@type":"ListItem","position":1,"name":"Startseite","item":"https:\/\/corona1.eu\/de\/"},{"@type":"ListItem","position":2,"name":"Berstscheiben","item":"https:\/\/corona1.eu\/de\/berstscheiben\/"},{"@type":"ListItem","position":3,"name":"Berstscheibe AGT"}]},{"@type":"WebSite","@id":"https:\/\/corona1.eu\/de\/#website","url":"https:\/\/corona1.eu\/de\/","name":"CORONA Serwis","description":"","potentialAction":[{"@type":"SearchAction","target":{"@type":"EntryPoint","urlTemplate":"https:\/\/corona1.eu\/de\/?s={search_term_string}"},"query-input":{"@type":"PropertyValueSpecification","valueRequired":true,"valueName":"search_term_string"}}],"inLanguage":"de"}]}},"_links":{"self":[{"href":"https:\/\/corona1.eu\/de\/wp-json\/wp\/v2\/pages\/207","targetHints":{"allow":["GET"]}}],"collection":[{"href":"https:\/\/corona1.eu\/de\/wp-json\/wp\/v2\/pages"}],"about":[{"href":"https:\/\/corona1.eu\/de\/wp-json\/wp\/v2\/types\/page"}],"author":[{"embeddable":true,"href":"https:\/\/corona1.eu\/de\/wp-json\/wp\/v2\/users\/1"}],"replies":[{"embeddable":true,"href":"https:\/\/corona1.eu\/de\/wp-json\/wp\/v2\/comments?post=207"}],"version-history":[{"count":1,"href":"https:\/\/corona1.eu\/de\/wp-json\/wp\/v2\/pages\/207\/revisions"}],"predecessor-version":[{"id":211,"href":"https:\/\/corona1.eu\/de\/wp-json\/wp\/v2\/pages\/207\/revisions\/211"}],"up":[{"embeddable":true,"href":"https:\/\/corona1.eu\/de\/wp-json\/wp\/v2\/pages\/178"}],"wp:featuredmedia":[{"embeddable":true,"href":"https:\/\/corona1.eu\/de\/wp-json\/wp\/v2\/media\/210"}],"wp:attachment":[{"href":"https:\/\/corona1.eu\/de\/wp-json\/wp\/v2\/media?parent=207"}],"wp:term":[{"taxonomy":"category","embeddable":true,"href":"https:\/\/corona1.eu\/de\/wp-json\/wp\/v2\/categories?post=207"},{"taxonomy":"post_tag","embeddable":true,"href":"https:\/\/corona1.eu\/de\/wp-json\/wp\/v2\/tags?post=207"}],"curies":[{"name":"wp","href":"https:\/\/api.w.org\/{rel}","templated":true}]}}