{"id":198,"date":"2025-03-17T10:56:04","date_gmt":"2025-03-17T09:56:04","guid":{"rendered":"https:\/\/corona1.eu\/de\/?page_id=198"},"modified":"2025-03-17T12:49:07","modified_gmt":"2025-03-17T11:49:07","slug":"berstscheibe-lo-v-hig","status":"publish","type":"page","link":"https:\/\/corona1.eu\/de\/berstscheiben\/berstscheibe-lo-v-hig\/","title":{"rendered":"Berstscheibe LO-V (HIG)"},"content":{"rendered":"\n<p>Die&nbsp;<strong>Berstscheibe LO-V (HIG)-Serie<\/strong>, ist eine Vorrichtung, die dazu dient, unerw\u00fcnschte Druckverh\u00e4ltnisse zu mildern. Die Platte kann in zwei Str\u00f6mungsrichtungen wirken (es handelt sich um eine Platte, die gleichzeitig auf zwei Dr\u00fccke wirkt &#8211; unabh\u00e4ngig f\u00fcr jede Seite). Sie kann die Aufgabe von zwei verschiedenen Sicherheitsplatten beim Schutz eines Prozesses oder Beh\u00e4lters vor den Auswirkungen von Implosion und \u00dcberdruck erf\u00fcllen.<\/p>\n\n\n\n<h3 class=\"wp-block-heading\"><strong>Vorteile:<\/strong><\/h3>\n\n\n\n<ul class=\"wp-block-list\">\n<li>Einzigartige Berstkonstruktion nach Fike-Patent<\/li>\n\n\n\n<li>Mindestberstdruck von 1\u2033 Wassers\u00e4ule<\/li>\n\n\n\n<li>Montage in Bolzenhalterungen oder direkt zwischen Stutzen<\/li>\n\n\n\n<li>Nicht zersplitternd<\/li>\n\n\n\n<li>Optional unidirektional berstend<\/li>\n<\/ul>\n\n\n\n<p><\/p>\n\n\n\n<style>\n.table td {\n    text-align: center;\n    vertical-align: middle;\n}\n<\/style>\n<div style=\"overflow-x: auto;\">\n               <table class=\"table table-striped table-bordered\">\n                  <tbody>\n                     <tr style=\"font-size: 12px; font-weight: bold;\">\n                        <td>KONSTRUKTION:<\/td>\n                        <td>GR\u00d6SSEN:<\/td>\n                        <td>BERSTDRUCKBEREICH:<\/td>\n                     <\/tr>\n                     <tr style=\"font-size: 12px;\">\n                        <td>Zwei-Wege, ultra-niedriger Berstdruck<\/td>\n                        <td>3-8 Zoll \/\/ 80-200mm<\/td>\n                        <td>Von 0,21 bar bis 8,6 bar<\/td>\n                     <\/tr>\n                  <\/tbody>\n               <\/table>\n            <\/div>\n\n\n\n<div style=\"overflow-x: auto;\">\n               <table class=\"table table-striped table-bordered\">\n                  <tbody>\n                     <tr style=\"font-size: 12px;\">\n                        <td colspan=\"3\">Leistungsmerkmale<\/td>\n                        <td colspan=\"1\">Verarbeitungsmedien<\/td>\n                        <td colspan=\"1\">Montage<\/td>\n                     <\/tr>\n                     <tr style=\"font-size: 12px;\">\n                        <td>Arbeitsfaktor<\/td>\n                        <td>Keine Fragmentierung<\/td>\n                        <td>Sanierungsleistung<\/td>\n                        <td>Dampf\/Gas<\/td>\n                        <td>Geschraubter Typ<\/td>\n                     <\/tr>\n                     <tr>\n                        <td style=\"background-color: #cccccc\"><img decoding=\"async\" style=\"max-height: 2rem;\" src=\"https:\/\/corona1.eu\/img\/plytka-bezpieczenstwa\/ikony\/1.png\" alt=\"rupture disks\"><\/td>\n                        <td style=\"background-color: #cccccc\"><img decoding=\"async\" style=\"max-height: 2rem;\" src=\"https:\/\/corona1.eu\/img\/plytka-bezpieczenstwa\/ikony\/2.png\" alt=\"rupture disks\"><\/td>\n                        <td style=\"background-color: #cccccc\"><img decoding=\"async\" style=\"max-height: 2rem;\" src=\"https:\/\/corona1.eu\/img\/plytka-bezpieczenstwa\/ikony\/5.png\" alt=\"rupture disks\"><\/td>\n                        <td style=\"background-color: #cccccc\"><img decoding=\"async\" style=\"max-height: 2rem;\" src=\"https:\/\/corona1.eu\/img\/plytka-bezpieczenstwa\/ikony\/8.png\" alt=\"rupture disks\"><\/td>\n                        <td style=\"background-color: #cccccc\"><img decoding=\"async\" style=\"max-height: 2rem;\" src=\"https:\/\/corona1.eu\/img\/plytka-bezpieczenstwa\/ikony\/9.png\" alt=\"rupture disks\"><\/td>\n                     <\/tr>\n                     <tr style=\"font-size: 12px;\">\n                        <td>A 80% B 90%<\/td>\n                        <td>JA<\/td>\n                        <td>JA<\/td>\n                        <td>JA<\/td>\n                        <td>JA<\/td>\n                     <\/tr>\n                  <\/tbody>\n               <\/table>\n            <\/div>\n","protected":false},"excerpt":{"rendered":"<p>Die&nbsp;Berstscheibe LO-V (HIG)-Serie, ist eine Vorrichtung, die dazu dient, unerw\u00fcnschte Druckverh\u00e4ltnisse zu mildern. Die Platte [&hellip;]<\/p>\n","protected":false},"author":1,"featured_media":199,"parent":178,"menu_order":0,"comment_status":"closed","ping_status":"closed","template":"kg_products_template.php","meta":{"pgc_sgb_lightbox_settings":"","footnotes":""},"categories":[16],"tags":[],"class_list":["post-198","page","type-page","status-publish","has-post-thumbnail","hentry","category-berstscheibe"],"yoast_head":"<!-- This site is optimized with the Yoast SEO plugin v27.1.1 - https:\/\/yoast.com\/product\/yoast-seo-wordpress\/ -->\n<title>Berstscheibe LO-V (HIG) - CORONA Serwis<\/title>\n<meta name=\"robots\" content=\"index, follow, max-snippet:-1, max-image-preview:large, max-video-preview:-1\" \/>\n<link rel=\"canonical\" href=\"https:\/\/corona1.eu\/de\/berstscheiben\/berstscheibe-lo-v-hig\/\" \/>\n<meta property=\"og:locale\" content=\"de_DE\" \/>\n<meta property=\"og:type\" content=\"article\" \/>\n<meta property=\"og:title\" content=\"Berstscheibe LO-V (HIG) - CORONA Serwis\" \/>\n<meta property=\"og:description\" content=\"Die&nbsp;Berstscheibe LO-V (HIG)-Serie, ist eine Vorrichtung, die dazu dient, unerw\u00fcnschte Druckverh\u00e4ltnisse zu mildern. Die Platte [&hellip;]\" \/>\n<meta property=\"og:url\" content=\"https:\/\/corona1.eu\/de\/berstscheiben\/berstscheibe-lo-v-hig\/\" \/>\n<meta property=\"og:site_name\" content=\"CORONA Serwis\" \/>\n<meta property=\"article:modified_time\" content=\"2025-03-17T11:49:07+00:00\" \/>\n<meta property=\"og:image\" content=\"https:\/\/corona1.eu\/de\/wp-content\/uploads\/2025\/03\/lo-v.jpg\" \/>\n\t<meta property=\"og:image:width\" content=\"500\" \/>\n\t<meta property=\"og:image:height\" content=\"500\" \/>\n\t<meta property=\"og:image:type\" content=\"image\/jpeg\" \/>\n<meta name=\"twitter:card\" content=\"summary_large_image\" \/>\n<meta name=\"twitter:label1\" content=\"Gesch\u00e4tzte Lesezeit\" \/>\n\t<meta name=\"twitter:data1\" content=\"2\u00a0Minuten\" \/>\n<script type=\"application\/ld+json\" class=\"yoast-schema-graph\">{\"@context\":\"https:\/\/schema.org\",\"@graph\":[{\"@type\":\"WebPage\",\"@id\":\"https:\/\/corona1.eu\/de\/berstscheiben\/berstscheibe-lo-v-hig\/\",\"url\":\"https:\/\/corona1.eu\/de\/berstscheiben\/berstscheibe-lo-v-hig\/\",\"name\":\"Berstscheibe LO-V (HIG) - CORONA Serwis\",\"isPartOf\":{\"@id\":\"https:\/\/corona1.eu\/de\/#website\"},\"primaryImageOfPage\":{\"@id\":\"https:\/\/corona1.eu\/de\/berstscheiben\/berstscheibe-lo-v-hig\/#primaryimage\"},\"image\":{\"@id\":\"https:\/\/corona1.eu\/de\/berstscheiben\/berstscheibe-lo-v-hig\/#primaryimage\"},\"thumbnailUrl\":\"https:\/\/corona1.eu\/de\/wp-content\/uploads\/2025\/03\/lo-v.jpg\",\"datePublished\":\"2025-03-17T09:56:04+00:00\",\"dateModified\":\"2025-03-17T11:49:07+00:00\",\"breadcrumb\":{\"@id\":\"https:\/\/corona1.eu\/de\/berstscheiben\/berstscheibe-lo-v-hig\/#breadcrumb\"},\"inLanguage\":\"de\",\"potentialAction\":[{\"@type\":\"ReadAction\",\"target\":[\"https:\/\/corona1.eu\/de\/berstscheiben\/berstscheibe-lo-v-hig\/\"]}]},{\"@type\":\"ImageObject\",\"inLanguage\":\"de\",\"@id\":\"https:\/\/corona1.eu\/de\/berstscheiben\/berstscheibe-lo-v-hig\/#primaryimage\",\"url\":\"https:\/\/corona1.eu\/de\/wp-content\/uploads\/2025\/03\/lo-v.jpg\",\"contentUrl\":\"https:\/\/corona1.eu\/de\/wp-content\/uploads\/2025\/03\/lo-v.jpg\",\"width\":500,\"height\":500},{\"@type\":\"BreadcrumbList\",\"@id\":\"https:\/\/corona1.eu\/de\/berstscheiben\/berstscheibe-lo-v-hig\/#breadcrumb\",\"itemListElement\":[{\"@type\":\"ListItem\",\"position\":1,\"name\":\"Startseite\",\"item\":\"https:\/\/corona1.eu\/de\/\"},{\"@type\":\"ListItem\",\"position\":2,\"name\":\"Berstscheiben\",\"item\":\"https:\/\/corona1.eu\/de\/berstscheiben\/\"},{\"@type\":\"ListItem\",\"position\":3,\"name\":\"Berstscheibe LO-V (HIG)\"}]},{\"@type\":\"WebSite\",\"@id\":\"https:\/\/corona1.eu\/de\/#website\",\"url\":\"https:\/\/corona1.eu\/de\/\",\"name\":\"CORONA Serwis\",\"description\":\"\",\"potentialAction\":[{\"@type\":\"SearchAction\",\"target\":{\"@type\":\"EntryPoint\",\"urlTemplate\":\"https:\/\/corona1.eu\/de\/?s={search_term_string}\"},\"query-input\":{\"@type\":\"PropertyValueSpecification\",\"valueRequired\":true,\"valueName\":\"search_term_string\"}}],\"inLanguage\":\"de\"}]}<\/script>\n<!-- \/ Yoast SEO plugin. -->","yoast_head_json":{"title":"Berstscheibe LO-V (HIG) - CORONA Serwis","robots":{"index":"index","follow":"follow","max-snippet":"max-snippet:-1","max-image-preview":"max-image-preview:large","max-video-preview":"max-video-preview:-1"},"canonical":"https:\/\/corona1.eu\/de\/berstscheiben\/berstscheibe-lo-v-hig\/","og_locale":"de_DE","og_type":"article","og_title":"Berstscheibe LO-V (HIG) - CORONA Serwis","og_description":"Die&nbsp;Berstscheibe LO-V (HIG)-Serie, ist eine Vorrichtung, die dazu dient, unerw\u00fcnschte Druckverh\u00e4ltnisse zu mildern. Die Platte [&hellip;]","og_url":"https:\/\/corona1.eu\/de\/berstscheiben\/berstscheibe-lo-v-hig\/","og_site_name":"CORONA Serwis","article_modified_time":"2025-03-17T11:49:07+00:00","og_image":[{"width":500,"height":500,"url":"https:\/\/corona1.eu\/de\/wp-content\/uploads\/2025\/03\/lo-v.jpg","type":"image\/jpeg"}],"twitter_card":"summary_large_image","twitter_misc":{"Gesch\u00e4tzte Lesezeit":"2\u00a0Minuten"},"schema":{"@context":"https:\/\/schema.org","@graph":[{"@type":"WebPage","@id":"https:\/\/corona1.eu\/de\/berstscheiben\/berstscheibe-lo-v-hig\/","url":"https:\/\/corona1.eu\/de\/berstscheiben\/berstscheibe-lo-v-hig\/","name":"Berstscheibe LO-V (HIG) - CORONA Serwis","isPartOf":{"@id":"https:\/\/corona1.eu\/de\/#website"},"primaryImageOfPage":{"@id":"https:\/\/corona1.eu\/de\/berstscheiben\/berstscheibe-lo-v-hig\/#primaryimage"},"image":{"@id":"https:\/\/corona1.eu\/de\/berstscheiben\/berstscheibe-lo-v-hig\/#primaryimage"},"thumbnailUrl":"https:\/\/corona1.eu\/de\/wp-content\/uploads\/2025\/03\/lo-v.jpg","datePublished":"2025-03-17T09:56:04+00:00","dateModified":"2025-03-17T11:49:07+00:00","breadcrumb":{"@id":"https:\/\/corona1.eu\/de\/berstscheiben\/berstscheibe-lo-v-hig\/#breadcrumb"},"inLanguage":"de","potentialAction":[{"@type":"ReadAction","target":["https:\/\/corona1.eu\/de\/berstscheiben\/berstscheibe-lo-v-hig\/"]}]},{"@type":"ImageObject","inLanguage":"de","@id":"https:\/\/corona1.eu\/de\/berstscheiben\/berstscheibe-lo-v-hig\/#primaryimage","url":"https:\/\/corona1.eu\/de\/wp-content\/uploads\/2025\/03\/lo-v.jpg","contentUrl":"https:\/\/corona1.eu\/de\/wp-content\/uploads\/2025\/03\/lo-v.jpg","width":500,"height":500},{"@type":"BreadcrumbList","@id":"https:\/\/corona1.eu\/de\/berstscheiben\/berstscheibe-lo-v-hig\/#breadcrumb","itemListElement":[{"@type":"ListItem","position":1,"name":"Startseite","item":"https:\/\/corona1.eu\/de\/"},{"@type":"ListItem","position":2,"name":"Berstscheiben","item":"https:\/\/corona1.eu\/de\/berstscheiben\/"},{"@type":"ListItem","position":3,"name":"Berstscheibe LO-V (HIG)"}]},{"@type":"WebSite","@id":"https:\/\/corona1.eu\/de\/#website","url":"https:\/\/corona1.eu\/de\/","name":"CORONA Serwis","description":"","potentialAction":[{"@type":"SearchAction","target":{"@type":"EntryPoint","urlTemplate":"https:\/\/corona1.eu\/de\/?s={search_term_string}"},"query-input":{"@type":"PropertyValueSpecification","valueRequired":true,"valueName":"search_term_string"}}],"inLanguage":"de"}]}},"_links":{"self":[{"href":"https:\/\/corona1.eu\/de\/wp-json\/wp\/v2\/pages\/198","targetHints":{"allow":["GET"]}}],"collection":[{"href":"https:\/\/corona1.eu\/de\/wp-json\/wp\/v2\/pages"}],"about":[{"href":"https:\/\/corona1.eu\/de\/wp-json\/wp\/v2\/types\/page"}],"author":[{"embeddable":true,"href":"https:\/\/corona1.eu\/de\/wp-json\/wp\/v2\/users\/1"}],"replies":[{"embeddable":true,"href":"https:\/\/corona1.eu\/de\/wp-json\/wp\/v2\/comments?post=198"}],"version-history":[{"count":4,"href":"https:\/\/corona1.eu\/de\/wp-json\/wp\/v2\/pages\/198\/revisions"}],"predecessor-version":[{"id":209,"href":"https:\/\/corona1.eu\/de\/wp-json\/wp\/v2\/pages\/198\/revisions\/209"}],"up":[{"embeddable":true,"href":"https:\/\/corona1.eu\/de\/wp-json\/wp\/v2\/pages\/178"}],"wp:featuredmedia":[{"embeddable":true,"href":"https:\/\/corona1.eu\/de\/wp-json\/wp\/v2\/media\/199"}],"wp:attachment":[{"href":"https:\/\/corona1.eu\/de\/wp-json\/wp\/v2\/media?parent=198"}],"wp:term":[{"taxonomy":"category","embeddable":true,"href":"https:\/\/corona1.eu\/de\/wp-json\/wp\/v2\/categories?post=198"},{"taxonomy":"post_tag","embeddable":true,"href":"https:\/\/corona1.eu\/de\/wp-json\/wp\/v2\/tags?post=198"}],"curies":[{"name":"wp","href":"https:\/\/api.w.org\/{rel}","templated":true}]}}