{"id":189,"date":"2025-03-17T09:54:03","date_gmt":"2025-03-17T08:54:03","guid":{"rendered":"https:\/\/corona1.eu\/de\/?page_id=189"},"modified":"2025-03-17T12:47:24","modified_gmt":"2025-03-17T11:47:24","slug":"berstscheibe-erd","status":"publish","type":"page","link":"https:\/\/corona1.eu\/de\/berstscheiben\/berstscheibe-erd\/","title":{"rendered":"Berstscheibe ERD"},"content":{"rendered":"\n<p>Die\u00a0<strong>Berstscheibe ERD-Serie<\/strong>, auch bekannt als Blow-Out-Plug, ist eine Druckentlastungsvorrichtung, die in erster Linie zum Schutz von Kunststoffherstellungsprozessen entwickelt wurde. Die ERD ist eine einzigartige L\u00f6sung, die jedes Mal eine spezifische Kombination von Abmessungen, Gewinden und Konstruktion erfordert. Fike bietet f\u00fcr den ERD-Typ eine breite Palette von Standardl\u00f6sungen sowie kundenspezifische Kombinationen an.<\/p>\n\n\n\n<h3 class=\"wp-block-heading\"><strong>Vorteile:<\/strong><\/h3>\n\n\n\n<ul class=\"wp-block-list\">\n<li>Aufgrund des einzigartigen effizienten Designs werden h\u00f6here Dr\u00fccke und Bersttemperaturen erreicht<\/li>\n\n\n\n<li>Standardausf\u00fchrung in Edelstahl und Inconel\u00ae 600<\/li>\n\n\n\n<li>Andere Materialien auf Anfrage erh\u00e4ltlich<\/li>\n\n\n\n<li>Austauschbar mit Extrudern von Dynisco, Terwin und Wika<\/li>\n<\/ul>\n\n\n\n<p><\/p>\n\n\n\n<style>\n.table td {\n    text-align: center;\n    vertical-align: middle;\n}\n<\/style>\n<div style=\"overflow-x: auto;\">\n               <table class=\"table table-striped table-bordered\">\n                  <tbody>\n                     <tr style=\"font-size: 12px; font-weight: bold;\">\n                        <td>KONSTRUKTION:<\/td>\n                        <td>GR\u00d6SSEN:<\/td>\n                        <td>BERSTDRUCKBEREICH:<\/td>\n                     <\/tr>\n                     <tr style=\"font-size: 12px;\">\n                        <td>Extruder<\/td>\n                        <td>4.5-150 mm<\/td>\n                        <td>80 bis 1000 bar \/ Temperatur bis zu 600\u2103<\/td>\n                     <\/tr>\n                  <\/tbody>\n               <\/table>\n            <\/div>\n\n\n\n<div style=\"overflow-x: auto;\">\n               <table class=\"table table-striped table-bordered\">\n                  <tbody>\n                     <tr style=\"font-size: 12px;\">\n                        <td colspan=\"2\">Leistungsmerkmale<\/td>\n                        <td colspan=\"3\">Prozessmedien<\/td>\n                     <\/tr>\n                     <tr style=\"font-size: 12px;\">\n                        <td>Faktor Arbeit<\/td>\n                        <td>Pulsationswiderstand<\/td>\n                        <td>Polymerisation<\/td>\n                        <td>Fl\u00fcssigkeiten<\/td>\n                        <td>Dampf\/Gase<\/td>\n                     <\/tr>\n                     <tr>\n                        <td style=\"background-color: #cccccc\"><img decoding=\"async\" style=\"max-height: 2rem;\" src=\"https:\/\/corona1.eu\/img\/plytka-bezpieczenstwa\/ikony\/1.png\" alt=\"rupture disks\"><\/td>\n                        <td style=\"background-color: #cccccc\"><img decoding=\"async\" style=\"max-height: 2rem;\" src=\"https:\/\/corona1.eu\/img\/plytka-bezpieczenstwa\/ikony\/4.png\" alt=\"rupture disks\"><\/td>\n                        <td style=\"background-color: #cccccc\"><img decoding=\"async\" style=\"max-height: 2rem;\" src=\"https:\/\/corona1.eu\/img\/plytka-bezpieczenstwa\/ikony\/6.png\" alt=\"rupture disks\"><\/td>\n                        <td style=\"background-color: #cccccc\"><img decoding=\"async\" style=\"max-height: 2rem;\" src=\"https:\/\/corona1.eu\/img\/plytka-bezpieczenstwa\/ikony\/7.png\" alt=\"rupture disks\"><\/td>\n                        <td style=\"background-color: #cccccc\"><img decoding=\"async\" style=\"max-height: 2rem;\" src=\"https:\/\/corona1.eu\/img\/plytka-bezpieczenstwa\/ikony\/8.png\" alt=\"rupture disks\"><\/td>\n                     <\/tr>\n                     <tr style=\"font-size: 12px;\">\n                        <td>95%<\/td>\n                        <td>JA<\/td>\n                        <td>JA<\/td>\n                        <td>JA<\/td>\n                        <td>JA<\/td>\n                     <\/tr>\n                  <\/tbody>\n               <\/table>\n            <\/div>\n","protected":false},"excerpt":{"rendered":"<p>Die\u00a0Berstscheibe ERD-Serie, auch bekannt als Blow-Out-Plug, ist eine Druckentlastungsvorrichtung, die in erster Linie zum Schutz [&hellip;]<\/p>\n","protected":false},"author":1,"featured_media":190,"parent":178,"menu_order":0,"comment_status":"closed","ping_status":"closed","template":"kg_products_template.php","meta":{"pgc_sgb_lightbox_settings":"","footnotes":""},"categories":[16],"tags":[],"class_list":["post-189","page","type-page","status-publish","has-post-thumbnail","hentry","category-berstscheibe"],"yoast_head":"<!-- This site is optimized with the Yoast SEO plugin v27.1.1 - https:\/\/yoast.com\/product\/yoast-seo-wordpress\/ -->\n<title>Berstscheibe ERD - CORONA Serwis<\/title>\n<meta name=\"robots\" content=\"index, follow, max-snippet:-1, max-image-preview:large, max-video-preview:-1\" \/>\n<link rel=\"canonical\" href=\"https:\/\/corona1.eu\/de\/berstscheiben\/berstscheibe-erd\/\" \/>\n<meta property=\"og:locale\" content=\"de_DE\" \/>\n<meta property=\"og:type\" content=\"article\" \/>\n<meta property=\"og:title\" content=\"Berstscheibe ERD - CORONA Serwis\" \/>\n<meta property=\"og:description\" content=\"Die\u00a0Berstscheibe ERD-Serie, auch bekannt als Blow-Out-Plug, ist eine Druckentlastungsvorrichtung, die in erster Linie zum Schutz [&hellip;]\" \/>\n<meta property=\"og:url\" content=\"https:\/\/corona1.eu\/de\/berstscheiben\/berstscheibe-erd\/\" \/>\n<meta property=\"og:site_name\" content=\"CORONA Serwis\" \/>\n<meta property=\"article:modified_time\" content=\"2025-03-17T11:47:24+00:00\" \/>\n<meta property=\"og:image\" content=\"https:\/\/corona1.eu\/de\/wp-content\/uploads\/2025\/03\/erd.jpg\" \/>\n\t<meta property=\"og:image:width\" content=\"500\" \/>\n\t<meta property=\"og:image:height\" content=\"500\" \/>\n\t<meta property=\"og:image:type\" content=\"image\/jpeg\" \/>\n<meta name=\"twitter:card\" content=\"summary_large_image\" \/>\n<meta name=\"twitter:label1\" content=\"Gesch\u00e4tzte Lesezeit\" \/>\n\t<meta name=\"twitter:data1\" content=\"2\u00a0Minuten\" \/>\n<script type=\"application\/ld+json\" class=\"yoast-schema-graph\">{\"@context\":\"https:\/\/schema.org\",\"@graph\":[{\"@type\":\"WebPage\",\"@id\":\"https:\/\/corona1.eu\/de\/berstscheiben\/berstscheibe-erd\/\",\"url\":\"https:\/\/corona1.eu\/de\/berstscheiben\/berstscheibe-erd\/\",\"name\":\"Berstscheibe ERD - CORONA Serwis\",\"isPartOf\":{\"@id\":\"https:\/\/corona1.eu\/de\/#website\"},\"primaryImageOfPage\":{\"@id\":\"https:\/\/corona1.eu\/de\/berstscheiben\/berstscheibe-erd\/#primaryimage\"},\"image\":{\"@id\":\"https:\/\/corona1.eu\/de\/berstscheiben\/berstscheibe-erd\/#primaryimage\"},\"thumbnailUrl\":\"https:\/\/corona1.eu\/de\/wp-content\/uploads\/2025\/03\/erd.jpg\",\"datePublished\":\"2025-03-17T08:54:03+00:00\",\"dateModified\":\"2025-03-17T11:47:24+00:00\",\"breadcrumb\":{\"@id\":\"https:\/\/corona1.eu\/de\/berstscheiben\/berstscheibe-erd\/#breadcrumb\"},\"inLanguage\":\"de\",\"potentialAction\":[{\"@type\":\"ReadAction\",\"target\":[\"https:\/\/corona1.eu\/de\/berstscheiben\/berstscheibe-erd\/\"]}]},{\"@type\":\"ImageObject\",\"inLanguage\":\"de\",\"@id\":\"https:\/\/corona1.eu\/de\/berstscheiben\/berstscheibe-erd\/#primaryimage\",\"url\":\"https:\/\/corona1.eu\/de\/wp-content\/uploads\/2025\/03\/erd.jpg\",\"contentUrl\":\"https:\/\/corona1.eu\/de\/wp-content\/uploads\/2025\/03\/erd.jpg\",\"width\":500,\"height\":500},{\"@type\":\"BreadcrumbList\",\"@id\":\"https:\/\/corona1.eu\/de\/berstscheiben\/berstscheibe-erd\/#breadcrumb\",\"itemListElement\":[{\"@type\":\"ListItem\",\"position\":1,\"name\":\"Startseite\",\"item\":\"https:\/\/corona1.eu\/de\/\"},{\"@type\":\"ListItem\",\"position\":2,\"name\":\"Berstscheiben\",\"item\":\"https:\/\/corona1.eu\/de\/berstscheiben\/\"},{\"@type\":\"ListItem\",\"position\":3,\"name\":\"Berstscheibe ERD\"}]},{\"@type\":\"WebSite\",\"@id\":\"https:\/\/corona1.eu\/de\/#website\",\"url\":\"https:\/\/corona1.eu\/de\/\",\"name\":\"CORONA Serwis\",\"description\":\"\",\"potentialAction\":[{\"@type\":\"SearchAction\",\"target\":{\"@type\":\"EntryPoint\",\"urlTemplate\":\"https:\/\/corona1.eu\/de\/?s={search_term_string}\"},\"query-input\":{\"@type\":\"PropertyValueSpecification\",\"valueRequired\":true,\"valueName\":\"search_term_string\"}}],\"inLanguage\":\"de\"}]}<\/script>\n<!-- \/ Yoast SEO plugin. -->","yoast_head_json":{"title":"Berstscheibe ERD - CORONA Serwis","robots":{"index":"index","follow":"follow","max-snippet":"max-snippet:-1","max-image-preview":"max-image-preview:large","max-video-preview":"max-video-preview:-1"},"canonical":"https:\/\/corona1.eu\/de\/berstscheiben\/berstscheibe-erd\/","og_locale":"de_DE","og_type":"article","og_title":"Berstscheibe ERD - CORONA Serwis","og_description":"Die\u00a0Berstscheibe ERD-Serie, auch bekannt als Blow-Out-Plug, ist eine Druckentlastungsvorrichtung, die in erster Linie zum Schutz [&hellip;]","og_url":"https:\/\/corona1.eu\/de\/berstscheiben\/berstscheibe-erd\/","og_site_name":"CORONA Serwis","article_modified_time":"2025-03-17T11:47:24+00:00","og_image":[{"width":500,"height":500,"url":"https:\/\/corona1.eu\/de\/wp-content\/uploads\/2025\/03\/erd.jpg","type":"image\/jpeg"}],"twitter_card":"summary_large_image","twitter_misc":{"Gesch\u00e4tzte Lesezeit":"2\u00a0Minuten"},"schema":{"@context":"https:\/\/schema.org","@graph":[{"@type":"WebPage","@id":"https:\/\/corona1.eu\/de\/berstscheiben\/berstscheibe-erd\/","url":"https:\/\/corona1.eu\/de\/berstscheiben\/berstscheibe-erd\/","name":"Berstscheibe ERD - CORONA Serwis","isPartOf":{"@id":"https:\/\/corona1.eu\/de\/#website"},"primaryImageOfPage":{"@id":"https:\/\/corona1.eu\/de\/berstscheiben\/berstscheibe-erd\/#primaryimage"},"image":{"@id":"https:\/\/corona1.eu\/de\/berstscheiben\/berstscheibe-erd\/#primaryimage"},"thumbnailUrl":"https:\/\/corona1.eu\/de\/wp-content\/uploads\/2025\/03\/erd.jpg","datePublished":"2025-03-17T08:54:03+00:00","dateModified":"2025-03-17T11:47:24+00:00","breadcrumb":{"@id":"https:\/\/corona1.eu\/de\/berstscheiben\/berstscheibe-erd\/#breadcrumb"},"inLanguage":"de","potentialAction":[{"@type":"ReadAction","target":["https:\/\/corona1.eu\/de\/berstscheiben\/berstscheibe-erd\/"]}]},{"@type":"ImageObject","inLanguage":"de","@id":"https:\/\/corona1.eu\/de\/berstscheiben\/berstscheibe-erd\/#primaryimage","url":"https:\/\/corona1.eu\/de\/wp-content\/uploads\/2025\/03\/erd.jpg","contentUrl":"https:\/\/corona1.eu\/de\/wp-content\/uploads\/2025\/03\/erd.jpg","width":500,"height":500},{"@type":"BreadcrumbList","@id":"https:\/\/corona1.eu\/de\/berstscheiben\/berstscheibe-erd\/#breadcrumb","itemListElement":[{"@type":"ListItem","position":1,"name":"Startseite","item":"https:\/\/corona1.eu\/de\/"},{"@type":"ListItem","position":2,"name":"Berstscheiben","item":"https:\/\/corona1.eu\/de\/berstscheiben\/"},{"@type":"ListItem","position":3,"name":"Berstscheibe ERD"}]},{"@type":"WebSite","@id":"https:\/\/corona1.eu\/de\/#website","url":"https:\/\/corona1.eu\/de\/","name":"CORONA Serwis","description":"","potentialAction":[{"@type":"SearchAction","target":{"@type":"EntryPoint","urlTemplate":"https:\/\/corona1.eu\/de\/?s={search_term_string}"},"query-input":{"@type":"PropertyValueSpecification","valueRequired":true,"valueName":"search_term_string"}}],"inLanguage":"de"}]}},"_links":{"self":[{"href":"https:\/\/corona1.eu\/de\/wp-json\/wp\/v2\/pages\/189","targetHints":{"allow":["GET"]}}],"collection":[{"href":"https:\/\/corona1.eu\/de\/wp-json\/wp\/v2\/pages"}],"about":[{"href":"https:\/\/corona1.eu\/de\/wp-json\/wp\/v2\/types\/page"}],"author":[{"embeddable":true,"href":"https:\/\/corona1.eu\/de\/wp-json\/wp\/v2\/users\/1"}],"replies":[{"embeddable":true,"href":"https:\/\/corona1.eu\/de\/wp-json\/wp\/v2\/comments?post=189"}],"version-history":[{"count":2,"href":"https:\/\/corona1.eu\/de\/wp-json\/wp\/v2\/pages\/189\/revisions"}],"predecessor-version":[{"id":193,"href":"https:\/\/corona1.eu\/de\/wp-json\/wp\/v2\/pages\/189\/revisions\/193"}],"up":[{"embeddable":true,"href":"https:\/\/corona1.eu\/de\/wp-json\/wp\/v2\/pages\/178"}],"wp:featuredmedia":[{"embeddable":true,"href":"https:\/\/corona1.eu\/de\/wp-json\/wp\/v2\/media\/190"}],"wp:attachment":[{"href":"https:\/\/corona1.eu\/de\/wp-json\/wp\/v2\/media?parent=189"}],"wp:term":[{"taxonomy":"category","embeddable":true,"href":"https:\/\/corona1.eu\/de\/wp-json\/wp\/v2\/categories?post=189"},{"taxonomy":"post_tag","embeddable":true,"href":"https:\/\/corona1.eu\/de\/wp-json\/wp\/v2\/tags?post=189"}],"curies":[{"name":"wp","href":"https:\/\/api.w.org\/{rel}","templated":true}]}}