{"id":178,"date":"2025-03-11T15:05:54","date_gmt":"2025-03-11T14:05:54","guid":{"rendered":"https:\/\/corona1.eu\/de\/?page_id=178"},"modified":"2025-03-13T11:53:18","modified_gmt":"2025-03-13T10:53:18","slug":"berstscheiben","status":"publish","type":"page","link":"https:\/\/corona1.eu\/de\/berstscheiben\/","title":{"rendered":"Berstscheiben"},"content":{"rendered":"\n<h2 class=\"wp-block-heading\"><strong>Berstscheiben FIKE<\/strong><\/h2>\n\n\n\n<p>Berstscheiben sind spezielle Vorrichtungen, die es erm\u00f6glichen, den durch eine St\u00f6rung entstehenden \u00dcberdruck an eine geeignete Stelle abzuleiten. Je nach Art der Anlage und des Mediums unterscheiden sich die Sicherheitsplatten in ihrer Form, dem verwendeten Material und den technischen L\u00f6sungen. Einige Platten sind mit Kerben versehen, so dass sie auf eine streng vorgeschriebene Weise brechen k\u00f6nnen, andere sind mit einem Laser geschw\u00e4cht und dienen als Druckpolster.<\/p>\n\n\n\n<p>Das Prinzip der berstscheiben ist nicht einheitlich. Die einfachsten Platten, d. h. solche mit Kerben, brechen spontan, wenn die kritischen Werte f\u00fcr den Druck im Inneren der Anlage \u00fcberschritten werden.<\/p>\n\n\n\n<div class=\"schema-faq wp-block-yoast-faq-block\"><div class=\"schema-faq-section\" id=\"faq-question-1662982154156\"><strong class=\"schema-faq-question\">Verwendung von berstscheiben<\/strong> <p class=\"schema-faq-answer\">Berstscheiben k\u00f6nnen in verschiedenen Konfigurationen geliefert werden. Dies h\u00e4ngt von der Art der Installation und den Erwartungen des Kunden ab. Die erste M\u00f6glichkeit besteht darin, die Platte als eigenst\u00e4ndiges Ger\u00e4t zu verwenden, als Alternative zum Sicherheitsventil. Die zweite L\u00f6sung besteht darin, die Platte unter dem Sicherheitsventil zu installieren. Diese Art der Installation wird in der Regel bei aggressiven und korrosiven Medien als Ventilschutz verwendet. Diese Anordnung erm\u00f6glicht die Verwendung der Ventile selbst in einer kosteng\u00fcnstigeren Materialausf\u00fchrung.<br\/><br\/>Eine weitere M\u00f6glichkeit ist die Anbringung der Platte hinter dem Sicherheitsventil als zus\u00e4tzliches Sicherheitsmerkmal. Eine zunehmend verbreitete L\u00f6sung ist die gleichzeitige Verwendung von zwei Berstscheiben. Auf diese Weise kann der Benutzer bei einem Druckanstieg das System auf die ungebrochene Platte umschalten und die gebrochene Platte ersetzen, ohne den Prozess zu unterbrechen.<br\/><br\/>Berstscheiben werden in einer Vielzahl von Branchen eingesetzt, darunter Chemie, Industrie, Petrochemie, Milit\u00e4r, Verteidigung, Gas, Energie, Lebensmittel und viele andere.<\/p> <\/div> <div class=\"schema-faq-section\" id=\"faq-question-1662982221180\"><strong class=\"schema-faq-question\">Vorteile von Berstscheiben<\/strong> <p class=\"schema-faq-answer\">Ein h\u00e4ufiger Einwand gegen die Verwendung von Sicherheitsplatten ist, dass sie nach dem Ausl\u00f6sen ersetzt werden m\u00fcssen. Betrachtet man jedoch die vielen Vorteile ihrer Verwendung, wird dieses Argument sehr schnell hinf\u00e4llig.<br\/>Zun\u00e4chst einmal sind Sicherheitsplatten die beste Alternative zu Sicherheitsventilen. Sie sind sowohl in der Anschaffung als auch im Betrieb wesentlich g\u00fcnstiger. Dies zeigt sich vor allem bei aggressiven Medien, wo eine Druckabsicherung in einer nicht standardisierten Werkstoffausf\u00fchrung erforderlich ist.<br\/><br\/>Dar\u00fcber hinaus k\u00f6nnen die Platten bei niedrigen und hohen Dr\u00fccken eingesetzt werden, die weit \u00fcber den Bereich von Sicherheitsventilen hinausgehen. Sie sind au\u00dferdem in einer gro\u00dfen Auswahl an Gr\u00f6\u00dfen von DN25 bis DN 900 erh\u00e4ltlich, wobei zu erw\u00e4hnen ist, dass Sicherheitsventile in der Regel DN 300 nicht \u00fcberschreiten. Auch die sehr gro\u00dfe Auswahl an Materialien, aus denen die Platten hergestellt werden k\u00f6nnen, macht sie zu einem wichtigen Bestandteil eines wirksamen Explosionsschutzes. Die sofortige vollst\u00e4ndige \u00d6ffnung oder die ausgezeichnete Dichtheit des Systems k\u00f6nnen ebenfalls als zus\u00e4tzliches Argument angef\u00fchrt werden.<\/p> <\/div> <\/div>\n\n\n\n<p><\/p>\n","protected":false},"excerpt":{"rendered":"<p>Berstscheiben FIKE Berstscheiben sind spezielle Vorrichtungen, die es erm\u00f6glichen, den durch eine St\u00f6rung entstehenden \u00dcberdruck [&hellip;]<\/p>\n","protected":false},"author":1,"featured_media":180,"parent":0,"menu_order":0,"comment_status":"closed","ping_status":"closed","template":"kg_products_list_template.php","meta":{"pgc_sgb_lightbox_settings":"","footnotes":""},"categories":[16,2],"tags":[],"class_list":["post-178","page","type-page","status-publish","has-post-thumbnail","hentry","category-berstscheibe","category-zprodukty"],"yoast_head":"<!-- This site is optimized with the Yoast SEO plugin v27.1.1 - https:\/\/yoast.com\/product\/yoast-seo-wordpress\/ -->\n<title>Berstscheiben - CORONA Serwis<\/title>\n<meta name=\"description\" content=\"Berstscheiben sind spezielle Vorrichtungen, die es erm\u00f6glichen, den durch eine St\u00f6rung entstehenden \u00dcberdruck an eine geeignete Stelle abzuleiten.\" \/>\n<meta name=\"robots\" content=\"index, follow, max-snippet:-1, max-image-preview:large, max-video-preview:-1\" \/>\n<link rel=\"canonical\" href=\"https:\/\/corona1.eu\/de\/berstscheiben\/\" \/>\n<meta property=\"og:locale\" content=\"de_DE\" \/>\n<meta property=\"og:type\" content=\"article\" \/>\n<meta property=\"og:title\" content=\"Berstscheiben - CORONA Serwis\" \/>\n<meta property=\"og:description\" content=\"Berstscheiben sind spezielle Vorrichtungen, die es erm\u00f6glichen, den durch eine St\u00f6rung entstehenden \u00dcberdruck an eine geeignete Stelle abzuleiten.\" \/>\n<meta property=\"og:url\" content=\"https:\/\/corona1.eu\/de\/berstscheiben\/\" \/>\n<meta property=\"og:site_name\" content=\"CORONA Serwis\" \/>\n<meta property=\"article:modified_time\" content=\"2025-03-13T10:53:18+00:00\" \/>\n<meta property=\"og:image\" content=\"https:\/\/corona1.eu\/de\/wp-content\/uploads\/2025\/03\/grupa_plytki_bezpieczenstwa_16x9.png\" \/>\n\t<meta property=\"og:image:width\" content=\"889\" \/>\n\t<meta property=\"og:image:height\" content=\"500\" \/>\n\t<meta property=\"og:image:type\" content=\"image\/png\" \/>\n<meta name=\"twitter:card\" content=\"summary_large_image\" \/>\n<meta name=\"twitter:label1\" content=\"Gesch\u00e4tzte Lesezeit\" \/>\n\t<meta name=\"twitter:data1\" content=\"3\u00a0Minuten\" \/>\n<script type=\"application\/ld+json\" class=\"yoast-schema-graph\">{\"@context\":\"https:\/\/schema.org\",\"@graph\":[{\"@type\":[\"WebPage\",\"FAQPage\"],\"@id\":\"https:\/\/corona1.eu\/de\/berstscheiben\/\",\"url\":\"https:\/\/corona1.eu\/de\/berstscheiben\/\",\"name\":\"Berstscheiben - CORONA Serwis\",\"isPartOf\":{\"@id\":\"https:\/\/corona1.eu\/de\/#website\"},\"primaryImageOfPage\":{\"@id\":\"https:\/\/corona1.eu\/de\/berstscheiben\/#primaryimage\"},\"image\":{\"@id\":\"https:\/\/corona1.eu\/de\/berstscheiben\/#primaryimage\"},\"thumbnailUrl\":\"https:\/\/corona1.eu\/de\/wp-content\/uploads\/2025\/03\/grupa_plytki_bezpieczenstwa_16x9.png\",\"datePublished\":\"2025-03-11T14:05:54+00:00\",\"dateModified\":\"2025-03-13T10:53:18+00:00\",\"description\":\"Berstscheiben sind spezielle Vorrichtungen, die es erm\u00f6glichen, den durch eine St\u00f6rung entstehenden \u00dcberdruck an eine geeignete Stelle abzuleiten.\",\"breadcrumb\":{\"@id\":\"https:\/\/corona1.eu\/de\/berstscheiben\/#breadcrumb\"},\"mainEntity\":[{\"@id\":\"https:\/\/corona1.eu\/de\/berstscheiben\/#faq-question-1662982154156\"},{\"@id\":\"https:\/\/corona1.eu\/de\/berstscheiben\/#faq-question-1662982221180\"}],\"inLanguage\":\"de\",\"potentialAction\":[{\"@type\":\"ReadAction\",\"target\":[\"https:\/\/corona1.eu\/de\/berstscheiben\/\"]}]},{\"@type\":\"ImageObject\",\"inLanguage\":\"de\",\"@id\":\"https:\/\/corona1.eu\/de\/berstscheiben\/#primaryimage\",\"url\":\"https:\/\/corona1.eu\/de\/wp-content\/uploads\/2025\/03\/grupa_plytki_bezpieczenstwa_16x9.png\",\"contentUrl\":\"https:\/\/corona1.eu\/de\/wp-content\/uploads\/2025\/03\/grupa_plytki_bezpieczenstwa_16x9.png\",\"width\":889,\"height\":500},{\"@type\":\"BreadcrumbList\",\"@id\":\"https:\/\/corona1.eu\/de\/berstscheiben\/#breadcrumb\",\"itemListElement\":[{\"@type\":\"ListItem\",\"position\":1,\"name\":\"Startseite\",\"item\":\"https:\/\/corona1.eu\/de\/\"},{\"@type\":\"ListItem\",\"position\":2,\"name\":\"Berstscheiben\"}]},{\"@type\":\"WebSite\",\"@id\":\"https:\/\/corona1.eu\/de\/#website\",\"url\":\"https:\/\/corona1.eu\/de\/\",\"name\":\"CORONA Serwis\",\"description\":\"\",\"potentialAction\":[{\"@type\":\"SearchAction\",\"target\":{\"@type\":\"EntryPoint\",\"urlTemplate\":\"https:\/\/corona1.eu\/de\/?s={search_term_string}\"},\"query-input\":{\"@type\":\"PropertyValueSpecification\",\"valueRequired\":true,\"valueName\":\"search_term_string\"}}],\"inLanguage\":\"de\"},{\"@type\":\"Question\",\"@id\":\"https:\/\/corona1.eu\/de\/berstscheiben\/#faq-question-1662982154156\",\"position\":1,\"url\":\"https:\/\/corona1.eu\/de\/berstscheiben\/#faq-question-1662982154156\",\"name\":\"Verwendung von berstscheiben\",\"answerCount\":1,\"acceptedAnswer\":{\"@type\":\"Answer\",\"text\":\"Berstscheiben k\u00f6nnen in verschiedenen Konfigurationen geliefert werden. Dies h\u00e4ngt von der Art der Installation und den Erwartungen des Kunden ab. Die erste M\u00f6glichkeit besteht darin, die Platte als eigenst\u00e4ndiges Ger\u00e4t zu verwenden, als Alternative zum Sicherheitsventil. Die zweite L\u00f6sung besteht darin, die Platte unter dem Sicherheitsventil zu installieren. Diese Art der Installation wird in der Regel bei aggressiven und korrosiven Medien als Ventilschutz verwendet. Diese Anordnung erm\u00f6glicht die Verwendung der Ventile selbst in einer kosteng\u00fcnstigeren Materialausf\u00fchrung.<br\/><br\/>Eine weitere M\u00f6glichkeit ist die Anbringung der Platte hinter dem Sicherheitsventil als zus\u00e4tzliches Sicherheitsmerkmal. Eine zunehmend verbreitete L\u00f6sung ist die gleichzeitige Verwendung von zwei Berstscheiben. Auf diese Weise kann der Benutzer bei einem Druckanstieg das System auf die ungebrochene Platte umschalten und die gebrochene Platte ersetzen, ohne den Prozess zu unterbrechen.<br\/><br\/>Berstscheiben werden in einer Vielzahl von Branchen eingesetzt, darunter Chemie, Industrie, Petrochemie, Milit\u00e4r, Verteidigung, Gas, Energie, Lebensmittel und viele andere.\",\"inLanguage\":\"de\"},\"inLanguage\":\"de\"},{\"@type\":\"Question\",\"@id\":\"https:\/\/corona1.eu\/de\/berstscheiben\/#faq-question-1662982221180\",\"position\":2,\"url\":\"https:\/\/corona1.eu\/de\/berstscheiben\/#faq-question-1662982221180\",\"name\":\"Vorteile von Berstscheiben\",\"answerCount\":1,\"acceptedAnswer\":{\"@type\":\"Answer\",\"text\":\"Ein h\u00e4ufiger Einwand gegen die Verwendung von Sicherheitsplatten ist, dass sie nach dem Ausl\u00f6sen ersetzt werden m\u00fcssen. Betrachtet man jedoch die vielen Vorteile ihrer Verwendung, wird dieses Argument sehr schnell hinf\u00e4llig.<br\/>Zun\u00e4chst einmal sind Sicherheitsplatten die beste Alternative zu Sicherheitsventilen. Sie sind sowohl in der Anschaffung als auch im Betrieb wesentlich g\u00fcnstiger. Dies zeigt sich vor allem bei aggressiven Medien, wo eine Druckabsicherung in einer nicht standardisierten Werkstoffausf\u00fchrung erforderlich ist.<br\/><br\/>Dar\u00fcber hinaus k\u00f6nnen die Platten bei niedrigen und hohen Dr\u00fccken eingesetzt werden, die weit \u00fcber den Bereich von Sicherheitsventilen hinausgehen. Sie sind au\u00dferdem in einer gro\u00dfen Auswahl an Gr\u00f6\u00dfen von DN25 bis DN 900 erh\u00e4ltlich, wobei zu erw\u00e4hnen ist, dass Sicherheitsventile in der Regel DN 300 nicht \u00fcberschreiten. Auch die sehr gro\u00dfe Auswahl an Materialien, aus denen die Platten hergestellt werden k\u00f6nnen, macht sie zu einem wichtigen Bestandteil eines wirksamen Explosionsschutzes. Die sofortige vollst\u00e4ndige \u00d6ffnung oder die ausgezeichnete Dichtheit des Systems k\u00f6nnen ebenfalls als zus\u00e4tzliches Argument angef\u00fchrt werden.\",\"inLanguage\":\"de\"},\"inLanguage\":\"de\"}]}<\/script>\n<!-- \/ Yoast SEO plugin. -->","yoast_head_json":{"title":"Berstscheiben - CORONA Serwis","description":"Berstscheiben sind spezielle Vorrichtungen, die es erm\u00f6glichen, den durch eine St\u00f6rung entstehenden \u00dcberdruck an eine geeignete Stelle abzuleiten.","robots":{"index":"index","follow":"follow","max-snippet":"max-snippet:-1","max-image-preview":"max-image-preview:large","max-video-preview":"max-video-preview:-1"},"canonical":"https:\/\/corona1.eu\/de\/berstscheiben\/","og_locale":"de_DE","og_type":"article","og_title":"Berstscheiben - CORONA Serwis","og_description":"Berstscheiben sind spezielle Vorrichtungen, die es erm\u00f6glichen, den durch eine St\u00f6rung entstehenden \u00dcberdruck an eine geeignete Stelle abzuleiten.","og_url":"https:\/\/corona1.eu\/de\/berstscheiben\/","og_site_name":"CORONA Serwis","article_modified_time":"2025-03-13T10:53:18+00:00","og_image":[{"width":889,"height":500,"url":"https:\/\/corona1.eu\/de\/wp-content\/uploads\/2025\/03\/grupa_plytki_bezpieczenstwa_16x9.png","type":"image\/png"}],"twitter_card":"summary_large_image","twitter_misc":{"Gesch\u00e4tzte Lesezeit":"3\u00a0Minuten"},"schema":{"@context":"https:\/\/schema.org","@graph":[{"@type":["WebPage","FAQPage"],"@id":"https:\/\/corona1.eu\/de\/berstscheiben\/","url":"https:\/\/corona1.eu\/de\/berstscheiben\/","name":"Berstscheiben - CORONA Serwis","isPartOf":{"@id":"https:\/\/corona1.eu\/de\/#website"},"primaryImageOfPage":{"@id":"https:\/\/corona1.eu\/de\/berstscheiben\/#primaryimage"},"image":{"@id":"https:\/\/corona1.eu\/de\/berstscheiben\/#primaryimage"},"thumbnailUrl":"https:\/\/corona1.eu\/de\/wp-content\/uploads\/2025\/03\/grupa_plytki_bezpieczenstwa_16x9.png","datePublished":"2025-03-11T14:05:54+00:00","dateModified":"2025-03-13T10:53:18+00:00","description":"Berstscheiben sind spezielle Vorrichtungen, die es erm\u00f6glichen, den durch eine St\u00f6rung entstehenden \u00dcberdruck an eine geeignete Stelle abzuleiten.","breadcrumb":{"@id":"https:\/\/corona1.eu\/de\/berstscheiben\/#breadcrumb"},"mainEntity":[{"@id":"https:\/\/corona1.eu\/de\/berstscheiben\/#faq-question-1662982154156"},{"@id":"https:\/\/corona1.eu\/de\/berstscheiben\/#faq-question-1662982221180"}],"inLanguage":"de","potentialAction":[{"@type":"ReadAction","target":["https:\/\/corona1.eu\/de\/berstscheiben\/"]}]},{"@type":"ImageObject","inLanguage":"de","@id":"https:\/\/corona1.eu\/de\/berstscheiben\/#primaryimage","url":"https:\/\/corona1.eu\/de\/wp-content\/uploads\/2025\/03\/grupa_plytki_bezpieczenstwa_16x9.png","contentUrl":"https:\/\/corona1.eu\/de\/wp-content\/uploads\/2025\/03\/grupa_plytki_bezpieczenstwa_16x9.png","width":889,"height":500},{"@type":"BreadcrumbList","@id":"https:\/\/corona1.eu\/de\/berstscheiben\/#breadcrumb","itemListElement":[{"@type":"ListItem","position":1,"name":"Startseite","item":"https:\/\/corona1.eu\/de\/"},{"@type":"ListItem","position":2,"name":"Berstscheiben"}]},{"@type":"WebSite","@id":"https:\/\/corona1.eu\/de\/#website","url":"https:\/\/corona1.eu\/de\/","name":"CORONA Serwis","description":"","potentialAction":[{"@type":"SearchAction","target":{"@type":"EntryPoint","urlTemplate":"https:\/\/corona1.eu\/de\/?s={search_term_string}"},"query-input":{"@type":"PropertyValueSpecification","valueRequired":true,"valueName":"search_term_string"}}],"inLanguage":"de"},{"@type":"Question","@id":"https:\/\/corona1.eu\/de\/berstscheiben\/#faq-question-1662982154156","position":1,"url":"https:\/\/corona1.eu\/de\/berstscheiben\/#faq-question-1662982154156","name":"Verwendung von berstscheiben","answerCount":1,"acceptedAnswer":{"@type":"Answer","text":"Berstscheiben k\u00f6nnen in verschiedenen Konfigurationen geliefert werden. Dies h\u00e4ngt von der Art der Installation und den Erwartungen des Kunden ab. Die erste M\u00f6glichkeit besteht darin, die Platte als eigenst\u00e4ndiges Ger\u00e4t zu verwenden, als Alternative zum Sicherheitsventil. Die zweite L\u00f6sung besteht darin, die Platte unter dem Sicherheitsventil zu installieren. Diese Art der Installation wird in der Regel bei aggressiven und korrosiven Medien als Ventilschutz verwendet. Diese Anordnung erm\u00f6glicht die Verwendung der Ventile selbst in einer kosteng\u00fcnstigeren Materialausf\u00fchrung.<br\/><br\/>Eine weitere M\u00f6glichkeit ist die Anbringung der Platte hinter dem Sicherheitsventil als zus\u00e4tzliches Sicherheitsmerkmal. Eine zunehmend verbreitete L\u00f6sung ist die gleichzeitige Verwendung von zwei Berstscheiben. Auf diese Weise kann der Benutzer bei einem Druckanstieg das System auf die ungebrochene Platte umschalten und die gebrochene Platte ersetzen, ohne den Prozess zu unterbrechen.<br\/><br\/>Berstscheiben werden in einer Vielzahl von Branchen eingesetzt, darunter Chemie, Industrie, Petrochemie, Milit\u00e4r, Verteidigung, Gas, Energie, Lebensmittel und viele andere.","inLanguage":"de"},"inLanguage":"de"},{"@type":"Question","@id":"https:\/\/corona1.eu\/de\/berstscheiben\/#faq-question-1662982221180","position":2,"url":"https:\/\/corona1.eu\/de\/berstscheiben\/#faq-question-1662982221180","name":"Vorteile von Berstscheiben","answerCount":1,"acceptedAnswer":{"@type":"Answer","text":"Ein h\u00e4ufiger Einwand gegen die Verwendung von Sicherheitsplatten ist, dass sie nach dem Ausl\u00f6sen ersetzt werden m\u00fcssen. Betrachtet man jedoch die vielen Vorteile ihrer Verwendung, wird dieses Argument sehr schnell hinf\u00e4llig.<br\/>Zun\u00e4chst einmal sind Sicherheitsplatten die beste Alternative zu Sicherheitsventilen. Sie sind sowohl in der Anschaffung als auch im Betrieb wesentlich g\u00fcnstiger. Dies zeigt sich vor allem bei aggressiven Medien, wo eine Druckabsicherung in einer nicht standardisierten Werkstoffausf\u00fchrung erforderlich ist.<br\/><br\/>Dar\u00fcber hinaus k\u00f6nnen die Platten bei niedrigen und hohen Dr\u00fccken eingesetzt werden, die weit \u00fcber den Bereich von Sicherheitsventilen hinausgehen. Sie sind au\u00dferdem in einer gro\u00dfen Auswahl an Gr\u00f6\u00dfen von DN25 bis DN 900 erh\u00e4ltlich, wobei zu erw\u00e4hnen ist, dass Sicherheitsventile in der Regel DN 300 nicht \u00fcberschreiten. Auch die sehr gro\u00dfe Auswahl an Materialien, aus denen die Platten hergestellt werden k\u00f6nnen, macht sie zu einem wichtigen Bestandteil eines wirksamen Explosionsschutzes. Die sofortige vollst\u00e4ndige \u00d6ffnung oder die ausgezeichnete Dichtheit des Systems k\u00f6nnen ebenfalls als zus\u00e4tzliches Argument angef\u00fchrt werden.","inLanguage":"de"},"inLanguage":"de"}]}},"_links":{"self":[{"href":"https:\/\/corona1.eu\/de\/wp-json\/wp\/v2\/pages\/178","targetHints":{"allow":["GET"]}}],"collection":[{"href":"https:\/\/corona1.eu\/de\/wp-json\/wp\/v2\/pages"}],"about":[{"href":"https:\/\/corona1.eu\/de\/wp-json\/wp\/v2\/types\/page"}],"author":[{"embeddable":true,"href":"https:\/\/corona1.eu\/de\/wp-json\/wp\/v2\/users\/1"}],"replies":[{"embeddable":true,"href":"https:\/\/corona1.eu\/de\/wp-json\/wp\/v2\/comments?post=178"}],"version-history":[{"count":5,"href":"https:\/\/corona1.eu\/de\/wp-json\/wp\/v2\/pages\/178\/revisions"}],"predecessor-version":[{"id":185,"href":"https:\/\/corona1.eu\/de\/wp-json\/wp\/v2\/pages\/178\/revisions\/185"}],"wp:featuredmedia":[{"embeddable":true,"href":"https:\/\/corona1.eu\/de\/wp-json\/wp\/v2\/media\/180"}],"wp:attachment":[{"href":"https:\/\/corona1.eu\/de\/wp-json\/wp\/v2\/media?parent=178"}],"wp:term":[{"taxonomy":"category","embeddable":true,"href":"https:\/\/corona1.eu\/de\/wp-json\/wp\/v2\/categories?post=178"},{"taxonomy":"post_tag","embeddable":true,"href":"https:\/\/corona1.eu\/de\/wp-json\/wp\/v2\/tags?post=178"}],"curies":[{"name":"wp","href":"https:\/\/api.w.org\/{rel}","templated":true}]}}