{"id":155,"date":"2025-03-03T11:50:19","date_gmt":"2025-03-03T10:50:19","guid":{"rendered":"https:\/\/corona1.eu\/de\/?page_id=155"},"modified":"2025-03-17T12:49:38","modified_gmt":"2025-03-17T11:49:38","slug":"berstscheibe-scrd","status":"publish","type":"page","link":"https:\/\/corona1.eu\/de\/berstscheiben\/berstscheibe-scrd\/","title":{"rendered":"Berstscheibe SCRD"},"content":{"rendered":"\n<p>Die\u00a0<strong>Berstscheibe SCRD-Serie<\/strong> ist f\u00fcr Hochdruckanwendungen f\u00fcr Fl\u00fcssigkeiten und Gase konzipiert. SCRD-Platten sind unter anderem ideal als Schutz f\u00fcr Sicherheitsventile geeignet.<\/p>\n\n\n\n<h3 class=\"wp-block-heading\"><strong>Vorteile:<\/strong><\/h3>\n\n\n\n<ul class=\"wp-block-list\">\n<li>Speziell f\u00fcr Fl\u00fcssigkeiten und Gase<\/li>\n\n\n\n<li>Kann bis zu 95 % des Nennberstdrucks arbeiten (abh\u00e4ngig von den Betriebsbedingungen)<\/li>\n\n\n\n<li>Vakuumbest\u00e4ndig<\/li>\n\n\n\n<li>Erh\u00e4ltlich in einer Vielzahl von Werkstoffen, darunter Edelstahl, Nickel 316\/316L, 200\/201, Monel\u00ae, Inconel\u00ae, Hastelloy\u00ae 600 C276 (andere Werkstoffe sind auf Anfrage erh\u00e4ltlich)<\/li>\n<\/ul>\n\n\n\n<p><\/p>\n\n\n\n<style>\n    .table td {\n        text-align: center;\n        vertical-align: middle;\n    }\n<\/style>\n<div style=\"overflow-x: auto;\">\n    <table class=\"table table-striped table-bordered\">\n        <tbody>\n            <tr style=\"font-size: 12px; font-weight: bold;\">\n                <td>KONSTRUKTION:<\/td>\n                <td>GR\u00d6SSEN:<\/td>\n                <td>BERSTDRUCKBEREICH:<\/td>\n            <\/tr>\n            <tr style=\"font-size: 12px;\">\n                <td>konvex, hoher Berstdruck<\/td>\n                <td>1-24 Zoll. \/\/ 25-600 mm<\/td>\n                <td>35-600 psig \/\/ 2.4-413.7 barg \/\/ 2.46-421.84 kg\/cm\u00b2<\/td>\n            <\/tr>\n        <\/tbody>\n    <\/table>\n<\/div>\n\n\n\n<div style=\"overflow-x: auto;\">\n               <table class=\"table table-striped table-bordered\">\n                  <tbody>\n                     <tr style=\"font-size: 12px;\">\n                        <td colspan=\"3\">Leistungsmerkmale<\/td>\n                        <td colspan=\"2\">Prozessmedien<\/td>\n                        <td colspan=\"1\">Montage<\/td>\n                     <\/tr>\n                     <tr style=\"font-size: 12px;\">\n                        <td>Faktor Arbeit<\/td>\n                        <td>Keine Fragmentierung<\/td>\n                        <td>Vakuumfestigkeit<\/td>\n                        <td>Fl\u00fcssigkeiten<\/td>\n                        <td>Dampf\/Gase<\/td>\n                        <td>Bolted type<\/td>\n                     <\/tr>\n                     <tr>\n                        <td style=\"background-color: #cccccc\"><img decoding=\"async\" style=\"max-height: 2rem;\" src=\"https:\/\/corona1.eu\/img\/plytka-bezpieczenstwa\/ikony\/1.png\" alt=\"rupture disks\"><\/td>\n                        <td style=\"background-color: #cccccc\"><img decoding=\"async\" style=\"max-height: 2rem;\" src=\"https:\/\/corona1.eu\/img\/plytka-bezpieczenstwa\/ikony\/2.png\" alt=\"rupture disks\"><\/td>\n                        <td style=\"background-color: #cccccc\"><img decoding=\"async\" style=\"max-height: 2rem;\" src=\"https:\/\/corona1.eu\/img\/plytka-bezpieczenstwa\/ikony\/3.png\" alt=\"rupture disks\"><\/td>\n                        <td style=\"background-color: #cccccc\"><img decoding=\"async\" style=\"max-height: 2rem;\" src=\"https:\/\/corona1.eu\/img\/plytka-bezpieczenstwa\/ikony\/7.png\" alt=\"rupture disks\"><\/td>\n                        <td style=\"background-color: #cccccc\"><img decoding=\"async\" style=\"max-height: 2rem;\" src=\"https:\/\/corona1.eu\/img\/plytka-bezpieczenstwa\/ikony\/8.png\" alt=\"rupture disks\"><\/td>\n                        <td style=\"background-color: #cccccc\"><img decoding=\"async\" style=\"max-height: 2rem;\" src=\"https:\/\/corona1.eu\/img\/plytka-bezpieczenstwa\/ikony\/9.png\" alt=\"rupture disks\"><\/td>\n                     <\/tr>\n                     <tr style=\"font-size: 12px;\">\n                        <td>95%<\/td>\n                        <td>JA<\/td>\n                        <td>JA<\/td>\n                        <td>JA<\/td>\n                        <td>JA<\/td>\n                        <td>JA<\/td>\n                     <\/tr>\n                  <\/tbody>\n               <\/table>\n            <\/div>\n","protected":false},"excerpt":{"rendered":"<p>Die\u00a0Berstscheibe SCRD-Serie ist f\u00fcr Hochdruckanwendungen f\u00fcr Fl\u00fcssigkeiten und Gase konzipiert. SCRD-Platten sind unter anderem ideal [&hellip;]<\/p>\n","protected":false},"author":1,"featured_media":156,"parent":178,"menu_order":0,"comment_status":"closed","ping_status":"closed","template":"kg_products_template.php","meta":{"pgc_sgb_lightbox_settings":"","footnotes":""},"categories":[16],"tags":[],"class_list":["post-155","page","type-page","status-publish","has-post-thumbnail","hentry","category-berstscheibe"],"yoast_head":"<!-- This site is optimized with the Yoast SEO plugin v27.1.1 - https:\/\/yoast.com\/product\/yoast-seo-wordpress\/ -->\n<title>Berstscheibe SCRD - CORONA Serwis<\/title>\n<meta name=\"robots\" content=\"index, follow, max-snippet:-1, max-image-preview:large, max-video-preview:-1\" \/>\n<link rel=\"canonical\" href=\"https:\/\/corona1.eu\/de\/berstscheiben\/berstscheibe-scrd\/\" \/>\n<meta property=\"og:locale\" content=\"de_DE\" \/>\n<meta property=\"og:type\" content=\"article\" \/>\n<meta property=\"og:title\" content=\"Berstscheibe SCRD - CORONA Serwis\" \/>\n<meta property=\"og:description\" content=\"Die\u00a0Berstscheibe SCRD-Serie ist f\u00fcr Hochdruckanwendungen f\u00fcr Fl\u00fcssigkeiten und Gase konzipiert. SCRD-Platten sind unter anderem ideal [&hellip;]\" \/>\n<meta property=\"og:url\" content=\"https:\/\/corona1.eu\/de\/berstscheiben\/berstscheibe-scrd\/\" \/>\n<meta property=\"og:site_name\" content=\"CORONA Serwis\" \/>\n<meta property=\"article:modified_time\" content=\"2025-03-17T11:49:38+00:00\" \/>\n<meta property=\"og:image\" content=\"https:\/\/corona1.eu\/de\/wp-content\/uploads\/2025\/03\/scrd.jpg\" \/>\n\t<meta property=\"og:image:width\" content=\"500\" \/>\n\t<meta property=\"og:image:height\" content=\"500\" \/>\n\t<meta property=\"og:image:type\" content=\"image\/jpeg\" \/>\n<meta name=\"twitter:card\" content=\"summary_large_image\" \/>\n<meta name=\"twitter:label1\" content=\"Gesch\u00e4tzte Lesezeit\" \/>\n\t<meta name=\"twitter:data1\" content=\"2\u00a0Minuten\" \/>\n<script type=\"application\/ld+json\" class=\"yoast-schema-graph\">{\"@context\":\"https:\/\/schema.org\",\"@graph\":[{\"@type\":\"WebPage\",\"@id\":\"https:\/\/corona1.eu\/de\/berstscheiben\/berstscheibe-scrd\/\",\"url\":\"https:\/\/corona1.eu\/de\/berstscheiben\/berstscheibe-scrd\/\",\"name\":\"Berstscheibe SCRD - CORONA Serwis\",\"isPartOf\":{\"@id\":\"https:\/\/corona1.eu\/de\/#website\"},\"primaryImageOfPage\":{\"@id\":\"https:\/\/corona1.eu\/de\/berstscheiben\/berstscheibe-scrd\/#primaryimage\"},\"image\":{\"@id\":\"https:\/\/corona1.eu\/de\/berstscheiben\/berstscheibe-scrd\/#primaryimage\"},\"thumbnailUrl\":\"https:\/\/corona1.eu\/de\/wp-content\/uploads\/2025\/03\/scrd.jpg\",\"datePublished\":\"2025-03-03T10:50:19+00:00\",\"dateModified\":\"2025-03-17T11:49:38+00:00\",\"breadcrumb\":{\"@id\":\"https:\/\/corona1.eu\/de\/berstscheiben\/berstscheibe-scrd\/#breadcrumb\"},\"inLanguage\":\"de\",\"potentialAction\":[{\"@type\":\"ReadAction\",\"target\":[\"https:\/\/corona1.eu\/de\/berstscheiben\/berstscheibe-scrd\/\"]}]},{\"@type\":\"ImageObject\",\"inLanguage\":\"de\",\"@id\":\"https:\/\/corona1.eu\/de\/berstscheiben\/berstscheibe-scrd\/#primaryimage\",\"url\":\"https:\/\/corona1.eu\/de\/wp-content\/uploads\/2025\/03\/scrd.jpg\",\"contentUrl\":\"https:\/\/corona1.eu\/de\/wp-content\/uploads\/2025\/03\/scrd.jpg\",\"width\":500,\"height\":500},{\"@type\":\"BreadcrumbList\",\"@id\":\"https:\/\/corona1.eu\/de\/berstscheiben\/berstscheibe-scrd\/#breadcrumb\",\"itemListElement\":[{\"@type\":\"ListItem\",\"position\":1,\"name\":\"Startseite\",\"item\":\"https:\/\/corona1.eu\/de\/\"},{\"@type\":\"ListItem\",\"position\":2,\"name\":\"Berstscheiben\",\"item\":\"https:\/\/corona1.eu\/de\/berstscheiben\/\"},{\"@type\":\"ListItem\",\"position\":3,\"name\":\"Berstscheibe SCRD\"}]},{\"@type\":\"WebSite\",\"@id\":\"https:\/\/corona1.eu\/de\/#website\",\"url\":\"https:\/\/corona1.eu\/de\/\",\"name\":\"CORONA Serwis\",\"description\":\"\",\"potentialAction\":[{\"@type\":\"SearchAction\",\"target\":{\"@type\":\"EntryPoint\",\"urlTemplate\":\"https:\/\/corona1.eu\/de\/?s={search_term_string}\"},\"query-input\":{\"@type\":\"PropertyValueSpecification\",\"valueRequired\":true,\"valueName\":\"search_term_string\"}}],\"inLanguage\":\"de\"}]}<\/script>\n<!-- \/ Yoast SEO plugin. -->","yoast_head_json":{"title":"Berstscheibe SCRD - CORONA Serwis","robots":{"index":"index","follow":"follow","max-snippet":"max-snippet:-1","max-image-preview":"max-image-preview:large","max-video-preview":"max-video-preview:-1"},"canonical":"https:\/\/corona1.eu\/de\/berstscheiben\/berstscheibe-scrd\/","og_locale":"de_DE","og_type":"article","og_title":"Berstscheibe SCRD - CORONA Serwis","og_description":"Die\u00a0Berstscheibe SCRD-Serie ist f\u00fcr Hochdruckanwendungen f\u00fcr Fl\u00fcssigkeiten und Gase konzipiert. SCRD-Platten sind unter anderem ideal [&hellip;]","og_url":"https:\/\/corona1.eu\/de\/berstscheiben\/berstscheibe-scrd\/","og_site_name":"CORONA Serwis","article_modified_time":"2025-03-17T11:49:38+00:00","og_image":[{"width":500,"height":500,"url":"https:\/\/corona1.eu\/de\/wp-content\/uploads\/2025\/03\/scrd.jpg","type":"image\/jpeg"}],"twitter_card":"summary_large_image","twitter_misc":{"Gesch\u00e4tzte Lesezeit":"2\u00a0Minuten"},"schema":{"@context":"https:\/\/schema.org","@graph":[{"@type":"WebPage","@id":"https:\/\/corona1.eu\/de\/berstscheiben\/berstscheibe-scrd\/","url":"https:\/\/corona1.eu\/de\/berstscheiben\/berstscheibe-scrd\/","name":"Berstscheibe SCRD - CORONA Serwis","isPartOf":{"@id":"https:\/\/corona1.eu\/de\/#website"},"primaryImageOfPage":{"@id":"https:\/\/corona1.eu\/de\/berstscheiben\/berstscheibe-scrd\/#primaryimage"},"image":{"@id":"https:\/\/corona1.eu\/de\/berstscheiben\/berstscheibe-scrd\/#primaryimage"},"thumbnailUrl":"https:\/\/corona1.eu\/de\/wp-content\/uploads\/2025\/03\/scrd.jpg","datePublished":"2025-03-03T10:50:19+00:00","dateModified":"2025-03-17T11:49:38+00:00","breadcrumb":{"@id":"https:\/\/corona1.eu\/de\/berstscheiben\/berstscheibe-scrd\/#breadcrumb"},"inLanguage":"de","potentialAction":[{"@type":"ReadAction","target":["https:\/\/corona1.eu\/de\/berstscheiben\/berstscheibe-scrd\/"]}]},{"@type":"ImageObject","inLanguage":"de","@id":"https:\/\/corona1.eu\/de\/berstscheiben\/berstscheibe-scrd\/#primaryimage","url":"https:\/\/corona1.eu\/de\/wp-content\/uploads\/2025\/03\/scrd.jpg","contentUrl":"https:\/\/corona1.eu\/de\/wp-content\/uploads\/2025\/03\/scrd.jpg","width":500,"height":500},{"@type":"BreadcrumbList","@id":"https:\/\/corona1.eu\/de\/berstscheiben\/berstscheibe-scrd\/#breadcrumb","itemListElement":[{"@type":"ListItem","position":1,"name":"Startseite","item":"https:\/\/corona1.eu\/de\/"},{"@type":"ListItem","position":2,"name":"Berstscheiben","item":"https:\/\/corona1.eu\/de\/berstscheiben\/"},{"@type":"ListItem","position":3,"name":"Berstscheibe SCRD"}]},{"@type":"WebSite","@id":"https:\/\/corona1.eu\/de\/#website","url":"https:\/\/corona1.eu\/de\/","name":"CORONA Serwis","description":"","potentialAction":[{"@type":"SearchAction","target":{"@type":"EntryPoint","urlTemplate":"https:\/\/corona1.eu\/de\/?s={search_term_string}"},"query-input":{"@type":"PropertyValueSpecification","valueRequired":true,"valueName":"search_term_string"}}],"inLanguage":"de"}]}},"_links":{"self":[{"href":"https:\/\/corona1.eu\/de\/wp-json\/wp\/v2\/pages\/155","targetHints":{"allow":["GET"]}}],"collection":[{"href":"https:\/\/corona1.eu\/de\/wp-json\/wp\/v2\/pages"}],"about":[{"href":"https:\/\/corona1.eu\/de\/wp-json\/wp\/v2\/types\/page"}],"author":[{"embeddable":true,"href":"https:\/\/corona1.eu\/de\/wp-json\/wp\/v2\/users\/1"}],"replies":[{"embeddable":true,"href":"https:\/\/corona1.eu\/de\/wp-json\/wp\/v2\/comments?post=155"}],"version-history":[{"count":1,"href":"https:\/\/corona1.eu\/de\/wp-json\/wp\/v2\/pages\/155\/revisions"}],"predecessor-version":[{"id":157,"href":"https:\/\/corona1.eu\/de\/wp-json\/wp\/v2\/pages\/155\/revisions\/157"}],"up":[{"embeddable":true,"href":"https:\/\/corona1.eu\/de\/wp-json\/wp\/v2\/pages\/178"}],"wp:featuredmedia":[{"embeddable":true,"href":"https:\/\/corona1.eu\/de\/wp-json\/wp\/v2\/media\/156"}],"wp:attachment":[{"href":"https:\/\/corona1.eu\/de\/wp-json\/wp\/v2\/media?parent=155"}],"wp:term":[{"taxonomy":"category","embeddable":true,"href":"https:\/\/corona1.eu\/de\/wp-json\/wp\/v2\/categories?post=155"},{"taxonomy":"post_tag","embeddable":true,"href":"https:\/\/corona1.eu\/de\/wp-json\/wp\/v2\/tags?post=155"}],"curies":[{"name":"wp","href":"https:\/\/api.w.org\/{rel}","templated":true}]}}