{"id":152,"date":"2025-03-03T11:40:46","date_gmt":"2025-03-03T10:40:46","guid":{"rendered":"https:\/\/corona1.eu\/de\/?page_id=152"},"modified":"2025-03-17T12:49:22","modified_gmt":"2025-03-17T11:49:22","slug":"berstscheibe-poly-sd","status":"publish","type":"page","link":"https:\/\/corona1.eu\/de\/berstscheiben\/berstscheibe-poly-sd\/","title":{"rendered":"Berstscheibe POLY-SD"},"content":{"rendered":"\n<p>Die\u00a0<strong>Berstscheibe POLY-SD<\/strong> zeichnet sich durch ihre lange Lebensdauer aus. Die Platte kann sowohl mit Fl\u00fcssigkeiten als auch mit Gasen arbeiten und bew\u00e4hrt sich \u00fcberall dort, wo Polymerisationen stattfinden. Der Druckkopf POLY-SD zeichnet sich durch hohe Leistung aus.<\/p>\n\n\n\n<h3 class=\"wp-block-heading\"><strong>Vorteile:<\/strong><\/h3>\n\n\n\n<ul class=\"wp-block-list\">\n<li>Speziell f\u00fcr Fl\u00fcssigkeiten und Gase<\/li>\n\n\n\n<li>Hoher Betriebsbereich<\/li>\n\n\n\n<li>Einschaltdauer von 95%<\/li>\n\n\n\n<li>Keine Fragmentierung nach dem \u00d6ffnen der Platine (nichts dringt in die Anlage ein)<\/li>\n\n\n\n<li>Hohe Lebensdauer<\/li>\n\n\n\n<li>Ideal geeignet f\u00fcr den Einsatz mit Sicherheitsventilen<\/li>\n<\/ul>\n\n\n\n<p><\/p>\n\n\n\n<style>\n    .table td {\n        text-align: center;\n        vertical-align: middle;\n    }\n<\/style>\n<div style=\"overflow-x: auto;\">\n    <table class=\"table table-striped table-bordered\">\n        <tbody>\n            <tr style=\"font-size: 12px; font-weight: bold;\">\n                <td>KONSTRUKTION:<\/td>\n                <td>GR\u00d6SSEN:<\/td>\n                <td>BERSTDRUCKBEREICH:<\/td>\n            <\/tr>\n            <tr style=\"font-size: 12px;\">\n                <td>konvexe<\/td>\n                <td>0.5-24 cala \/\/ 15-600 mm<\/td>\n                <td>20-3000 psig \/\/ 1.38-206.8 barg \/\/ 1.40-210.2 kg\/cm\u00b2<\/td>\n            <\/tr>\n        <\/tbody>\n    <\/table>\n<\/div>\n\n\n\n<div style=\"overflow-x: auto;\">\n    <table class=\"table table-striped table-bordered\">\n        <tbody>\n            <tr style=\"font-size: 12px;\">\n                <td colspan=\"3\">Leistungsmerkmale<\/td>\n                <td colspan=\"3\">Prozessmedien<\/td>\n                <td colspan=\"2\">Montage<\/td>\n            <\/tr>\n            <tr style=\"font-size: 12px;\">\n                <td>Faktor Arbeit<\/td>\n                <td>Keine Fragmentierung<\/td>\n                <td>Vakuumfestigkeit<\/td>\n                <td>Polymerisation<\/td>\n                <td>Fl\u00fcssigkeiten<\/td>\n                <td>Dampf\/Gase<\/td>\n                <td>Bolted type<\/td>\n                <td>Pre-Torque type<\/td>\n            <\/tr>\n            <tr>\n                <td style=\"background-color: #cccccc\"><img decoding=\"async\" style=\"max-height: 2rem;\"\n                        src=\"https:\/\/corona1.eu\/img\/plytka-bezpieczenstwa\/ikony\/1.png\" alt=\"rupture disks\"><\/td>\n                <td style=\"background-color: #cccccc\"><img decoding=\"async\" style=\"max-height: 2rem;\"\n                        src=\"https:\/\/corona1.eu\/img\/plytka-bezpieczenstwa\/ikony\/2.png\" alt=\"rupture disks\"><\/td>\n                <td style=\"background-color: #cccccc\"><img decoding=\"async\" style=\"max-height: 2rem;\"\n                        src=\"https:\/\/corona1.eu\/img\/plytka-bezpieczenstwa\/ikony\/3.png\" alt=\"rupture disks\"><\/td>\n                <td style=\"background-color: #cccccc\"><img decoding=\"async\" style=\"max-height: 2rem;\"\n                        src=\"https:\/\/corona1.eu\/img\/plytka-bezpieczenstwa\/ikony\/6.png\" alt=\"rupture disks\"><\/td>\n                <td style=\"background-color: #cccccc\"><img decoding=\"async\" style=\"max-height: 2rem;\"\n                        src=\"https:\/\/corona1.eu\/img\/plytka-bezpieczenstwa\/ikony\/7.png\" alt=\"rupture disks\"><\/td>\n                <td style=\"background-color: #cccccc\"><img decoding=\"async\" style=\"max-height: 2rem;\"\n                        src=\"https:\/\/corona1.eu\/img\/plytka-bezpieczenstwa\/ikony\/8.png\" alt=\"rupture disks\"><\/td>\n                <td style=\"background-color: #cccccc\"><img decoding=\"async\" style=\"max-height: 2rem;\"\n                        src=\"https:\/\/corona1.eu\/img\/plytka-bezpieczenstwa\/ikony\/9.png\" alt=\"rupture disks\"><\/td>\n                <td style=\"background-color: #cccccc\"><img decoding=\"async\" style=\"max-height: 2rem;\"\n                        src=\"https:\/\/corona1.eu\/img\/plytka-bezpieczenstwa\/ikony\/10.png\" alt=\"rupture disks\"><\/td>\n            <\/tr>\n            <tr style=\"font-size: 12px;\">\n                <td>95%<\/td>\n                <td>JA<\/td>\n                <td>JA<\/td>\n                <td>JA<\/td>\n                <td>JA<\/td>\n                <td>JA<\/td>\n                <td>JA<\/td>\n                <td>JA<\/td>\n            <\/tr>\n        <\/tbody>\n    <\/table>\n<\/div>\n","protected":false},"excerpt":{"rendered":"<p>Die\u00a0Berstscheibe POLY-SD zeichnet sich durch ihre lange Lebensdauer aus. Die Platte kann sowohl mit Fl\u00fcssigkeiten [&hellip;]<\/p>\n","protected":false},"author":1,"featured_media":153,"parent":178,"menu_order":0,"comment_status":"closed","ping_status":"closed","template":"kg_products_template.php","meta":{"pgc_sgb_lightbox_settings":"","footnotes":""},"categories":[16],"tags":[],"class_list":["post-152","page","type-page","status-publish","has-post-thumbnail","hentry","category-berstscheibe"],"yoast_head":"<!-- This site is optimized with the Yoast SEO plugin v27.1.1 - https:\/\/yoast.com\/product\/yoast-seo-wordpress\/ -->\n<title>Berstscheibe POLY-SD - CORONA Serwis<\/title>\n<meta name=\"robots\" content=\"index, follow, max-snippet:-1, max-image-preview:large, max-video-preview:-1\" \/>\n<link rel=\"canonical\" href=\"https:\/\/corona1.eu\/de\/berstscheiben\/berstscheibe-poly-sd\/\" \/>\n<meta property=\"og:locale\" content=\"de_DE\" \/>\n<meta property=\"og:type\" content=\"article\" \/>\n<meta property=\"og:title\" content=\"Berstscheibe POLY-SD - CORONA Serwis\" \/>\n<meta property=\"og:description\" content=\"Die\u00a0Berstscheibe POLY-SD zeichnet sich durch ihre lange Lebensdauer aus. Die Platte kann sowohl mit Fl\u00fcssigkeiten [&hellip;]\" \/>\n<meta property=\"og:url\" content=\"https:\/\/corona1.eu\/de\/berstscheiben\/berstscheibe-poly-sd\/\" \/>\n<meta property=\"og:site_name\" content=\"CORONA Serwis\" \/>\n<meta property=\"article:modified_time\" content=\"2025-03-17T11:49:22+00:00\" \/>\n<meta property=\"og:image\" content=\"https:\/\/corona1.eu\/de\/wp-content\/uploads\/2025\/03\/poly-sd.jpg\" \/>\n\t<meta property=\"og:image:width\" content=\"500\" \/>\n\t<meta property=\"og:image:height\" content=\"500\" \/>\n\t<meta property=\"og:image:type\" content=\"image\/jpeg\" \/>\n<meta name=\"twitter:card\" content=\"summary_large_image\" \/>\n<meta name=\"twitter:label1\" content=\"Gesch\u00e4tzte Lesezeit\" \/>\n\t<meta name=\"twitter:data1\" content=\"3\u00a0Minuten\" \/>\n<script type=\"application\/ld+json\" class=\"yoast-schema-graph\">{\"@context\":\"https:\/\/schema.org\",\"@graph\":[{\"@type\":\"WebPage\",\"@id\":\"https:\/\/corona1.eu\/de\/berstscheiben\/berstscheibe-poly-sd\/\",\"url\":\"https:\/\/corona1.eu\/de\/berstscheiben\/berstscheibe-poly-sd\/\",\"name\":\"Berstscheibe POLY-SD - CORONA Serwis\",\"isPartOf\":{\"@id\":\"https:\/\/corona1.eu\/de\/#website\"},\"primaryImageOfPage\":{\"@id\":\"https:\/\/corona1.eu\/de\/berstscheiben\/berstscheibe-poly-sd\/#primaryimage\"},\"image\":{\"@id\":\"https:\/\/corona1.eu\/de\/berstscheiben\/berstscheibe-poly-sd\/#primaryimage\"},\"thumbnailUrl\":\"https:\/\/corona1.eu\/de\/wp-content\/uploads\/2025\/03\/poly-sd.jpg\",\"datePublished\":\"2025-03-03T10:40:46+00:00\",\"dateModified\":\"2025-03-17T11:49:22+00:00\",\"breadcrumb\":{\"@id\":\"https:\/\/corona1.eu\/de\/berstscheiben\/berstscheibe-poly-sd\/#breadcrumb\"},\"inLanguage\":\"de\",\"potentialAction\":[{\"@type\":\"ReadAction\",\"target\":[\"https:\/\/corona1.eu\/de\/berstscheiben\/berstscheibe-poly-sd\/\"]}]},{\"@type\":\"ImageObject\",\"inLanguage\":\"de\",\"@id\":\"https:\/\/corona1.eu\/de\/berstscheiben\/berstscheibe-poly-sd\/#primaryimage\",\"url\":\"https:\/\/corona1.eu\/de\/wp-content\/uploads\/2025\/03\/poly-sd.jpg\",\"contentUrl\":\"https:\/\/corona1.eu\/de\/wp-content\/uploads\/2025\/03\/poly-sd.jpg\",\"width\":500,\"height\":500},{\"@type\":\"BreadcrumbList\",\"@id\":\"https:\/\/corona1.eu\/de\/berstscheiben\/berstscheibe-poly-sd\/#breadcrumb\",\"itemListElement\":[{\"@type\":\"ListItem\",\"position\":1,\"name\":\"Startseite\",\"item\":\"https:\/\/corona1.eu\/de\/\"},{\"@type\":\"ListItem\",\"position\":2,\"name\":\"Berstscheiben\",\"item\":\"https:\/\/corona1.eu\/de\/berstscheiben\/\"},{\"@type\":\"ListItem\",\"position\":3,\"name\":\"Berstscheibe POLY-SD\"}]},{\"@type\":\"WebSite\",\"@id\":\"https:\/\/corona1.eu\/de\/#website\",\"url\":\"https:\/\/corona1.eu\/de\/\",\"name\":\"CORONA Serwis\",\"description\":\"\",\"potentialAction\":[{\"@type\":\"SearchAction\",\"target\":{\"@type\":\"EntryPoint\",\"urlTemplate\":\"https:\/\/corona1.eu\/de\/?s={search_term_string}\"},\"query-input\":{\"@type\":\"PropertyValueSpecification\",\"valueRequired\":true,\"valueName\":\"search_term_string\"}}],\"inLanguage\":\"de\"}]}<\/script>\n<!-- \/ Yoast SEO plugin. -->","yoast_head_json":{"title":"Berstscheibe POLY-SD - CORONA Serwis","robots":{"index":"index","follow":"follow","max-snippet":"max-snippet:-1","max-image-preview":"max-image-preview:large","max-video-preview":"max-video-preview:-1"},"canonical":"https:\/\/corona1.eu\/de\/berstscheiben\/berstscheibe-poly-sd\/","og_locale":"de_DE","og_type":"article","og_title":"Berstscheibe POLY-SD - CORONA Serwis","og_description":"Die\u00a0Berstscheibe POLY-SD zeichnet sich durch ihre lange Lebensdauer aus. Die Platte kann sowohl mit Fl\u00fcssigkeiten [&hellip;]","og_url":"https:\/\/corona1.eu\/de\/berstscheiben\/berstscheibe-poly-sd\/","og_site_name":"CORONA Serwis","article_modified_time":"2025-03-17T11:49:22+00:00","og_image":[{"width":500,"height":500,"url":"https:\/\/corona1.eu\/de\/wp-content\/uploads\/2025\/03\/poly-sd.jpg","type":"image\/jpeg"}],"twitter_card":"summary_large_image","twitter_misc":{"Gesch\u00e4tzte Lesezeit":"3\u00a0Minuten"},"schema":{"@context":"https:\/\/schema.org","@graph":[{"@type":"WebPage","@id":"https:\/\/corona1.eu\/de\/berstscheiben\/berstscheibe-poly-sd\/","url":"https:\/\/corona1.eu\/de\/berstscheiben\/berstscheibe-poly-sd\/","name":"Berstscheibe POLY-SD - CORONA Serwis","isPartOf":{"@id":"https:\/\/corona1.eu\/de\/#website"},"primaryImageOfPage":{"@id":"https:\/\/corona1.eu\/de\/berstscheiben\/berstscheibe-poly-sd\/#primaryimage"},"image":{"@id":"https:\/\/corona1.eu\/de\/berstscheiben\/berstscheibe-poly-sd\/#primaryimage"},"thumbnailUrl":"https:\/\/corona1.eu\/de\/wp-content\/uploads\/2025\/03\/poly-sd.jpg","datePublished":"2025-03-03T10:40:46+00:00","dateModified":"2025-03-17T11:49:22+00:00","breadcrumb":{"@id":"https:\/\/corona1.eu\/de\/berstscheiben\/berstscheibe-poly-sd\/#breadcrumb"},"inLanguage":"de","potentialAction":[{"@type":"ReadAction","target":["https:\/\/corona1.eu\/de\/berstscheiben\/berstscheibe-poly-sd\/"]}]},{"@type":"ImageObject","inLanguage":"de","@id":"https:\/\/corona1.eu\/de\/berstscheiben\/berstscheibe-poly-sd\/#primaryimage","url":"https:\/\/corona1.eu\/de\/wp-content\/uploads\/2025\/03\/poly-sd.jpg","contentUrl":"https:\/\/corona1.eu\/de\/wp-content\/uploads\/2025\/03\/poly-sd.jpg","width":500,"height":500},{"@type":"BreadcrumbList","@id":"https:\/\/corona1.eu\/de\/berstscheiben\/berstscheibe-poly-sd\/#breadcrumb","itemListElement":[{"@type":"ListItem","position":1,"name":"Startseite","item":"https:\/\/corona1.eu\/de\/"},{"@type":"ListItem","position":2,"name":"Berstscheiben","item":"https:\/\/corona1.eu\/de\/berstscheiben\/"},{"@type":"ListItem","position":3,"name":"Berstscheibe POLY-SD"}]},{"@type":"WebSite","@id":"https:\/\/corona1.eu\/de\/#website","url":"https:\/\/corona1.eu\/de\/","name":"CORONA Serwis","description":"","potentialAction":[{"@type":"SearchAction","target":{"@type":"EntryPoint","urlTemplate":"https:\/\/corona1.eu\/de\/?s={search_term_string}"},"query-input":{"@type":"PropertyValueSpecification","valueRequired":true,"valueName":"search_term_string"}}],"inLanguage":"de"}]}},"_links":{"self":[{"href":"https:\/\/corona1.eu\/de\/wp-json\/wp\/v2\/pages\/152","targetHints":{"allow":["GET"]}}],"collection":[{"href":"https:\/\/corona1.eu\/de\/wp-json\/wp\/v2\/pages"}],"about":[{"href":"https:\/\/corona1.eu\/de\/wp-json\/wp\/v2\/types\/page"}],"author":[{"embeddable":true,"href":"https:\/\/corona1.eu\/de\/wp-json\/wp\/v2\/users\/1"}],"replies":[{"embeddable":true,"href":"https:\/\/corona1.eu\/de\/wp-json\/wp\/v2\/comments?post=152"}],"version-history":[{"count":1,"href":"https:\/\/corona1.eu\/de\/wp-json\/wp\/v2\/pages\/152\/revisions"}],"predecessor-version":[{"id":154,"href":"https:\/\/corona1.eu\/de\/wp-json\/wp\/v2\/pages\/152\/revisions\/154"}],"up":[{"embeddable":true,"href":"https:\/\/corona1.eu\/de\/wp-json\/wp\/v2\/pages\/178"}],"wp:featuredmedia":[{"embeddable":true,"href":"https:\/\/corona1.eu\/de\/wp-json\/wp\/v2\/media\/153"}],"wp:attachment":[{"href":"https:\/\/corona1.eu\/de\/wp-json\/wp\/v2\/media?parent=152"}],"wp:term":[{"taxonomy":"category","embeddable":true,"href":"https:\/\/corona1.eu\/de\/wp-json\/wp\/v2\/categories?post=152"},{"taxonomy":"post_tag","embeddable":true,"href":"https:\/\/corona1.eu\/de\/wp-json\/wp\/v2\/tags?post=152"}],"curies":[{"name":"wp","href":"https:\/\/api.w.org\/{rel}","templated":true}]}}