{"id":146,"date":"2025-03-03T11:03:38","date_gmt":"2025-03-03T10:03:38","guid":{"rendered":"https:\/\/corona1.eu\/de\/?page_id=146"},"modified":"2025-03-17T12:50:50","modified_gmt":"2025-03-17T11:50:50","slug":"berstscheibe-sr-h","status":"publish","type":"page","link":"https:\/\/corona1.eu\/de\/berstscheiben\/berstscheibe-sr-h\/","title":{"rendered":"Berstscheibe SR-H"},"content":{"rendered":"\n<p>Die&nbsp;<strong>Berstscheibe SR-H<\/strong> ist ein nicht fragmentierender Kopf zur Verwendung mit Fl\u00fcssigkeiten und Gasen. Der Einsatz wird in der Pharma-, Lebensmittel- und Biotech-Industrie sowie bei allen anderen Anwendungen eingesetzt, bei denen hygienische Bedingungen wichtig sind. Die spezielle Konstruktion des Einsatzes erm\u00f6glicht die Reinigung vor Ort (CIP\/SIP). Der Einsatz wird mit speziellen FDA-zugelassenen Dichtungen geliefert.<\/p>\n\n\n\n<h3 class=\"wp-block-heading\"><strong>Vorteile:<\/strong><\/h3>\n\n\n\n<ul class=\"wp-block-list\">\n<li>F\u00fcr sanit\u00e4re Anwendungen<\/li>\n\n\n\n<li>Sowohl f\u00fcr Fl\u00fcssigkeiten als auch f\u00fcr Gase geeignet<\/li>\n\n\n\n<li>95% Einschaltdauer<\/li>\n\n\n\n<li>Optimiert f\u00fcr CIP\/SIP-Anwendungen<\/li>\n\n\n\n<li>Keine Notwendigkeit f\u00fcr spezielle Halterungen<\/li>\n\n\n\n<li>Keine Fragmentierung beim \u00d6ffnen der Platte (nichts gelangt in das System)<\/li>\n\n\n\n<li>H\u00e4lt vollem Vakuum f\u00fcr alle Berstdr\u00fccke stand<\/li>\n\n\n\n<li>Ideal f\u00fcr den Einsatz mit Sicherheitsventilen<\/li>\n\n\n\n<li>Standardm\u00e4\u00dfig 12-25 Ra Oberfl\u00e4che. 8-16 Ra Option verf\u00fcgbar, in \u00dcbereinstimmung mit FDA und 3-A<\/li>\n<\/ul>\n\n\n\n<p><\/p>\n\n\n\n<style>\n    .table td {\n        text-align: center;\n        vertical-align: middle;\n    }\n<\/style>\n<div style=\"overflow-x: auto;\">\n    <table class=\"table table-striped table-bordered\">\n        <tbody>\n            <tr style=\"font-size: 12px; font-weight: bold;\">\n                <td>KONSTRUKTION:<\/td>\n                <td>GR\u00d6SSEN:<\/td>\n                <td>BERSTDRUCKBEREICH:<\/td>\n            <\/tr>\n            <tr style=\"font-size: 12px;\">\n                <td>konkav, f\u00fcr Sanit\u00e4ranwendungen, niedriger Berstdruck<\/td>\n                <td>1,5-4 Zoll \/\/ 40-100 mm<\/td>\n                <td>12-140 psig \/\/ .83-9.66 barg \/\/ .84-9.84 kg\/cm\u00b2<\/td>\n            <\/tr>\n        <\/tbody>\n    <\/table>\n<\/div>\n\n\n\n<div style=\"overflow-x: auto;\">\n    <table class=\"table table-striped table-bordered\">\n        <tbody>\n            <tr style=\"font-size: 12px;\">\n                <td colspan=\"4\">Leistungsmerkmale<\/td>\n                <td colspan=\"2\">Prozessmedien<\/td>\n                <td>Montage<\/td>\n            <\/tr>\n            <tr style=\"font-size: 12px;\">\n                <td>Faktor Arbeit<\/td>\n                <td>Keine Fragmentierung<\/td>\n                <td>Vakuumfestigkeit<\/td>\n                <td>Sanit\u00e4re Ausf\u00fchrung<\/td>\n                <td>Fl\u00fcssigkeiten<\/td>\n                <td>Dampf\/Gase<\/td>\n                <td>Aderendh\u00fclse Typ<\/td>\n            <\/tr>\n            <tr>\n                <td style=\"background-color: #cccccc\"><img decoding=\"async\" style=\"max-height: 2rem;\"\n                        src=\"https:\/\/corona1.eu\/img\/plytka-bezpieczenstwa\/ikony\/1.png\" alt=\"rupture disks\"><\/td>\n                <td style=\"background-color: #cccccc\"><img decoding=\"async\" style=\"max-height: 2rem;\"\n                        src=\"https:\/\/corona1.eu\/img\/plytka-bezpieczenstwa\/ikony\/2.png\" alt=\"rupture disks\"><\/td>\n                <td style=\"background-color: #cccccc\"><img decoding=\"async\" style=\"max-height: 2rem;\"\n                        src=\"https:\/\/corona1.eu\/img\/plytka-bezpieczenstwa\/ikony\/3.png\" alt=\"rupture disks\"><\/td>\n                <td style=\"background-color: #cccccc\"><img decoding=\"async\" style=\"max-height: 2rem;\"\n                        src=\"https:\/\/corona1.eu\/img\/plytka-bezpieczenstwa\/ikony\/5.png\" alt=\"rupture disks\"><\/td>\n                <td style=\"background-color: #cccccc\"><img decoding=\"async\" style=\"max-height: 2rem;\"\n                        src=\"https:\/\/corona1.eu\/img\/plytka-bezpieczenstwa\/ikony\/7.png\" alt=\"rupture disks\"><\/td>\n                <td style=\"background-color: #cccccc\"><img decoding=\"async\" style=\"max-height: 2rem;\"\n                        src=\"https:\/\/corona1.eu\/img\/plytka-bezpieczenstwa\/ikony\/8.png\" alt=\"rupture disks\"><\/td>\n                <td style=\"background-color: #cccccc\"><img decoding=\"async\" style=\"max-height: 2rem;\"\n                        src=\"https:\/\/corona1.eu\/img\/plytka-bezpieczenstwa\/ikony\/13.png\" alt=\"rupture disks\"><\/td>\n            <\/tr>\n            <tr style=\"font-size: 12px;\">\n                <td>90%<\/td>\n                <td>JA<\/td>\n                <td>JA<\/td>\n                <td>JA<\/td>\n                <td>JA<\/td>\n                <td>JA<\/td>\n                <td>JA<\/td>\n            <\/tr>\n        <\/tbody>\n    <\/table>\n<\/div>\n","protected":false},"excerpt":{"rendered":"<p>Die&nbsp;Berstscheibe SR-H ist ein nicht fragmentierender Kopf zur Verwendung mit Fl\u00fcssigkeiten und Gasen. Der Einsatz [&hellip;]<\/p>\n","protected":false},"author":1,"featured_media":147,"parent":178,"menu_order":0,"comment_status":"closed","ping_status":"closed","template":"kg_products_template.php","meta":{"pgc_sgb_lightbox_settings":"","footnotes":""},"categories":[16],"tags":[],"class_list":["post-146","page","type-page","status-publish","has-post-thumbnail","hentry","category-berstscheibe"],"yoast_head":"<!-- This site is optimized with the Yoast SEO plugin v27.1.1 - https:\/\/yoast.com\/product\/yoast-seo-wordpress\/ -->\n<title>Berstscheibe SR-H - CORONA Serwis<\/title>\n<meta name=\"robots\" content=\"index, follow, max-snippet:-1, max-image-preview:large, max-video-preview:-1\" \/>\n<link rel=\"canonical\" href=\"https:\/\/corona1.eu\/de\/berstscheiben\/berstscheibe-sr-h\/\" \/>\n<meta property=\"og:locale\" content=\"de_DE\" \/>\n<meta property=\"og:type\" content=\"article\" \/>\n<meta property=\"og:title\" content=\"Berstscheibe SR-H - CORONA Serwis\" \/>\n<meta property=\"og:description\" content=\"Die&nbsp;Berstscheibe SR-H ist ein nicht fragmentierender Kopf zur Verwendung mit Fl\u00fcssigkeiten und Gasen. Der Einsatz [&hellip;]\" \/>\n<meta property=\"og:url\" content=\"https:\/\/corona1.eu\/de\/berstscheiben\/berstscheibe-sr-h\/\" \/>\n<meta property=\"og:site_name\" content=\"CORONA Serwis\" \/>\n<meta property=\"article:modified_time\" content=\"2025-03-17T11:50:50+00:00\" \/>\n<meta property=\"og:image\" content=\"https:\/\/corona1.eu\/de\/wp-content\/uploads\/2025\/03\/sr-h.jpg\" \/>\n\t<meta property=\"og:image:width\" content=\"500\" \/>\n\t<meta property=\"og:image:height\" content=\"500\" \/>\n\t<meta property=\"og:image:type\" content=\"image\/jpeg\" \/>\n<meta name=\"twitter:card\" content=\"summary_large_image\" \/>\n<meta name=\"twitter:label1\" content=\"Gesch\u00e4tzte Lesezeit\" \/>\n\t<meta name=\"twitter:data1\" content=\"3\u00a0Minuten\" \/>\n<script type=\"application\/ld+json\" class=\"yoast-schema-graph\">{\"@context\":\"https:\/\/schema.org\",\"@graph\":[{\"@type\":\"WebPage\",\"@id\":\"https:\/\/corona1.eu\/de\/berstscheiben\/berstscheibe-sr-h\/\",\"url\":\"https:\/\/corona1.eu\/de\/berstscheiben\/berstscheibe-sr-h\/\",\"name\":\"Berstscheibe SR-H - CORONA Serwis\",\"isPartOf\":{\"@id\":\"https:\/\/corona1.eu\/de\/#website\"},\"primaryImageOfPage\":{\"@id\":\"https:\/\/corona1.eu\/de\/berstscheiben\/berstscheibe-sr-h\/#primaryimage\"},\"image\":{\"@id\":\"https:\/\/corona1.eu\/de\/berstscheiben\/berstscheibe-sr-h\/#primaryimage\"},\"thumbnailUrl\":\"https:\/\/corona1.eu\/de\/wp-content\/uploads\/2025\/03\/sr-h.jpg\",\"datePublished\":\"2025-03-03T10:03:38+00:00\",\"dateModified\":\"2025-03-17T11:50:50+00:00\",\"breadcrumb\":{\"@id\":\"https:\/\/corona1.eu\/de\/berstscheiben\/berstscheibe-sr-h\/#breadcrumb\"},\"inLanguage\":\"de\",\"potentialAction\":[{\"@type\":\"ReadAction\",\"target\":[\"https:\/\/corona1.eu\/de\/berstscheiben\/berstscheibe-sr-h\/\"]}]},{\"@type\":\"ImageObject\",\"inLanguage\":\"de\",\"@id\":\"https:\/\/corona1.eu\/de\/berstscheiben\/berstscheibe-sr-h\/#primaryimage\",\"url\":\"https:\/\/corona1.eu\/de\/wp-content\/uploads\/2025\/03\/sr-h.jpg\",\"contentUrl\":\"https:\/\/corona1.eu\/de\/wp-content\/uploads\/2025\/03\/sr-h.jpg\",\"width\":500,\"height\":500},{\"@type\":\"BreadcrumbList\",\"@id\":\"https:\/\/corona1.eu\/de\/berstscheiben\/berstscheibe-sr-h\/#breadcrumb\",\"itemListElement\":[{\"@type\":\"ListItem\",\"position\":1,\"name\":\"Startseite\",\"item\":\"https:\/\/corona1.eu\/de\/\"},{\"@type\":\"ListItem\",\"position\":2,\"name\":\"Berstscheiben\",\"item\":\"https:\/\/corona1.eu\/de\/berstscheiben\/\"},{\"@type\":\"ListItem\",\"position\":3,\"name\":\"Berstscheibe SR-H\"}]},{\"@type\":\"WebSite\",\"@id\":\"https:\/\/corona1.eu\/de\/#website\",\"url\":\"https:\/\/corona1.eu\/de\/\",\"name\":\"CORONA Serwis\",\"description\":\"\",\"potentialAction\":[{\"@type\":\"SearchAction\",\"target\":{\"@type\":\"EntryPoint\",\"urlTemplate\":\"https:\/\/corona1.eu\/de\/?s={search_term_string}\"},\"query-input\":{\"@type\":\"PropertyValueSpecification\",\"valueRequired\":true,\"valueName\":\"search_term_string\"}}],\"inLanguage\":\"de\"}]}<\/script>\n<!-- \/ Yoast SEO plugin. -->","yoast_head_json":{"title":"Berstscheibe SR-H - CORONA Serwis","robots":{"index":"index","follow":"follow","max-snippet":"max-snippet:-1","max-image-preview":"max-image-preview:large","max-video-preview":"max-video-preview:-1"},"canonical":"https:\/\/corona1.eu\/de\/berstscheiben\/berstscheibe-sr-h\/","og_locale":"de_DE","og_type":"article","og_title":"Berstscheibe SR-H - CORONA Serwis","og_description":"Die&nbsp;Berstscheibe SR-H ist ein nicht fragmentierender Kopf zur Verwendung mit Fl\u00fcssigkeiten und Gasen. Der Einsatz [&hellip;]","og_url":"https:\/\/corona1.eu\/de\/berstscheiben\/berstscheibe-sr-h\/","og_site_name":"CORONA Serwis","article_modified_time":"2025-03-17T11:50:50+00:00","og_image":[{"width":500,"height":500,"url":"https:\/\/corona1.eu\/de\/wp-content\/uploads\/2025\/03\/sr-h.jpg","type":"image\/jpeg"}],"twitter_card":"summary_large_image","twitter_misc":{"Gesch\u00e4tzte Lesezeit":"3\u00a0Minuten"},"schema":{"@context":"https:\/\/schema.org","@graph":[{"@type":"WebPage","@id":"https:\/\/corona1.eu\/de\/berstscheiben\/berstscheibe-sr-h\/","url":"https:\/\/corona1.eu\/de\/berstscheiben\/berstscheibe-sr-h\/","name":"Berstscheibe SR-H - CORONA Serwis","isPartOf":{"@id":"https:\/\/corona1.eu\/de\/#website"},"primaryImageOfPage":{"@id":"https:\/\/corona1.eu\/de\/berstscheiben\/berstscheibe-sr-h\/#primaryimage"},"image":{"@id":"https:\/\/corona1.eu\/de\/berstscheiben\/berstscheibe-sr-h\/#primaryimage"},"thumbnailUrl":"https:\/\/corona1.eu\/de\/wp-content\/uploads\/2025\/03\/sr-h.jpg","datePublished":"2025-03-03T10:03:38+00:00","dateModified":"2025-03-17T11:50:50+00:00","breadcrumb":{"@id":"https:\/\/corona1.eu\/de\/berstscheiben\/berstscheibe-sr-h\/#breadcrumb"},"inLanguage":"de","potentialAction":[{"@type":"ReadAction","target":["https:\/\/corona1.eu\/de\/berstscheiben\/berstscheibe-sr-h\/"]}]},{"@type":"ImageObject","inLanguage":"de","@id":"https:\/\/corona1.eu\/de\/berstscheiben\/berstscheibe-sr-h\/#primaryimage","url":"https:\/\/corona1.eu\/de\/wp-content\/uploads\/2025\/03\/sr-h.jpg","contentUrl":"https:\/\/corona1.eu\/de\/wp-content\/uploads\/2025\/03\/sr-h.jpg","width":500,"height":500},{"@type":"BreadcrumbList","@id":"https:\/\/corona1.eu\/de\/berstscheiben\/berstscheibe-sr-h\/#breadcrumb","itemListElement":[{"@type":"ListItem","position":1,"name":"Startseite","item":"https:\/\/corona1.eu\/de\/"},{"@type":"ListItem","position":2,"name":"Berstscheiben","item":"https:\/\/corona1.eu\/de\/berstscheiben\/"},{"@type":"ListItem","position":3,"name":"Berstscheibe SR-H"}]},{"@type":"WebSite","@id":"https:\/\/corona1.eu\/de\/#website","url":"https:\/\/corona1.eu\/de\/","name":"CORONA Serwis","description":"","potentialAction":[{"@type":"SearchAction","target":{"@type":"EntryPoint","urlTemplate":"https:\/\/corona1.eu\/de\/?s={search_term_string}"},"query-input":{"@type":"PropertyValueSpecification","valueRequired":true,"valueName":"search_term_string"}}],"inLanguage":"de"}]}},"_links":{"self":[{"href":"https:\/\/corona1.eu\/de\/wp-json\/wp\/v2\/pages\/146","targetHints":{"allow":["GET"]}}],"collection":[{"href":"https:\/\/corona1.eu\/de\/wp-json\/wp\/v2\/pages"}],"about":[{"href":"https:\/\/corona1.eu\/de\/wp-json\/wp\/v2\/types\/page"}],"author":[{"embeddable":true,"href":"https:\/\/corona1.eu\/de\/wp-json\/wp\/v2\/users\/1"}],"replies":[{"embeddable":true,"href":"https:\/\/corona1.eu\/de\/wp-json\/wp\/v2\/comments?post=146"}],"version-history":[{"count":3,"href":"https:\/\/corona1.eu\/de\/wp-json\/wp\/v2\/pages\/146\/revisions"}],"predecessor-version":[{"id":151,"href":"https:\/\/corona1.eu\/de\/wp-json\/wp\/v2\/pages\/146\/revisions\/151"}],"up":[{"embeddable":true,"href":"https:\/\/corona1.eu\/de\/wp-json\/wp\/v2\/pages\/178"}],"wp:featuredmedia":[{"embeddable":true,"href":"https:\/\/corona1.eu\/de\/wp-json\/wp\/v2\/media\/147"}],"wp:attachment":[{"href":"https:\/\/corona1.eu\/de\/wp-json\/wp\/v2\/media?parent=146"}],"wp:term":[{"taxonomy":"category","embeddable":true,"href":"https:\/\/corona1.eu\/de\/wp-json\/wp\/v2\/categories?post=146"},{"taxonomy":"post_tag","embeddable":true,"href":"https:\/\/corona1.eu\/de\/wp-json\/wp\/v2\/tags?post=146"}],"curies":[{"name":"wp","href":"https:\/\/api.w.org\/{rel}","templated":true}]}}