{"id":127,"date":"2025-02-28T11:15:31","date_gmt":"2025-02-28T10:15:31","guid":{"rendered":"https:\/\/corona1.eu\/de\/?page_id=127"},"modified":"2025-03-17T12:48:51","modified_gmt":"2025-03-17T11:48:51","slug":"berstscheibe-large-atlas","status":"publish","type":"page","link":"https:\/\/corona1.eu\/de\/berstscheiben\/berstscheibe-large-atlas\/","title":{"rendered":"Berstscheibe LARGE ATLAS"},"content":{"rendered":"\n<p>F\u00fcr die Herstellung der gro\u00dfen ATLAS-Einlage wurde eine bew\u00e4hrte und patentierte Technologie &#8211; G2 &#8211; verwendet. Dadurch entstehen Sicherheitseins\u00e4tze mit verbesserten Leistungsmerkmalen, wie z. B. volle Vakuumbest\u00e4ndigkeit, bis zu 100 % Einschaltdauer und branchenf\u00fchrende Rei\u00dftoleranzen. Diese Einlage ist eine bahnbrechende L\u00f6sung f\u00fcr die Industrie und eignet sich ideal f\u00fcr M\u00e4rkte, in denen chemische Verarbeitung, petrochemische Verarbeitung, pharmazeutische Produktion und \u00d6l-\/Gasverarbeitung eingesetzt werden.<\/p>\n\n\n\n<h3 class=\"wp-block-heading\"><strong>Vorteile:<\/strong><\/h3>\n\n\n\n<ul class=\"wp-block-list\">\n<li>Volle Vakuumfestigkeit<\/li>\n\n\n\n<li>100% Mindestberstdruck f\u00fcr Berstdr\u00fccke \u00fcber 40 psig<\/li>\n\n\n\n<li>Keine Fragmentierung<\/li>\n\n\n\n<li>Niedrige Wartungskosten<\/li>\n\n\n\n<li>3 Jahre Garantie<\/li>\n<\/ul>\n\n\n\n<p><\/p>\n\n\n\n<style>\n.table td {\n    text-align: center;\n    vertical-align: middle;\n}\n<\/style>\n<div style=\"overflow-x: auto;\">\n               <table class=\"table table-striped table-bordered\">\n                  <tbody>\n                     <tr style=\"font-size: 12px; font-weight: bold;\">\n                        <td>KONSTRUKTION:<\/td>\n                        <td>GR\u00d6SSEN:<\/td>\n                        <td>BERSTDRUCKBEREICH:<\/td>\n                     <\/tr>\n                     <tr style=\"font-size: 12px;\">\n                        <td>Gro\u00dfes<\/td>\n                        <td>14\u201d \u2013 42\u201d \/ 350 \u2013 1050 mm<\/td>\n                        <td>0.22 barg \u2013 20.7 barg<\/td>\n                     <\/tr>\n                  <\/tbody>\n               <\/table>\n            <\/div>\n","protected":false},"excerpt":{"rendered":"<p>F\u00fcr die Herstellung der gro\u00dfen ATLAS-Einlage wurde eine bew\u00e4hrte und patentierte Technologie &#8211; G2 &#8211; [&hellip;]<\/p>\n","protected":false},"author":1,"featured_media":121,"parent":178,"menu_order":0,"comment_status":"closed","ping_status":"closed","template":"kg_products_template.php","meta":{"pgc_sgb_lightbox_settings":"","footnotes":""},"categories":[16],"tags":[],"class_list":["post-127","page","type-page","status-publish","has-post-thumbnail","hentry","category-berstscheibe"],"yoast_head":"<!-- This site is optimized with the Yoast SEO plugin v27.1.1 - https:\/\/yoast.com\/product\/yoast-seo-wordpress\/ -->\n<title>Berstscheibe LARGE ATLAS - CORONA Serwis<\/title>\n<meta name=\"robots\" content=\"index, follow, max-snippet:-1, max-image-preview:large, max-video-preview:-1\" \/>\n<link rel=\"canonical\" href=\"https:\/\/corona1.eu\/de\/berstscheiben\/berstscheibe-large-atlas\/\" \/>\n<meta property=\"og:locale\" content=\"de_DE\" \/>\n<meta property=\"og:type\" content=\"article\" \/>\n<meta property=\"og:title\" content=\"Berstscheibe LARGE ATLAS - CORONA Serwis\" \/>\n<meta property=\"og:description\" content=\"F\u00fcr die Herstellung der gro\u00dfen ATLAS-Einlage wurde eine bew\u00e4hrte und patentierte Technologie &#8211; G2 &#8211; [&hellip;]\" \/>\n<meta property=\"og:url\" content=\"https:\/\/corona1.eu\/de\/berstscheiben\/berstscheibe-large-atlas\/\" \/>\n<meta property=\"og:site_name\" content=\"CORONA Serwis\" \/>\n<meta property=\"article:modified_time\" content=\"2025-03-17T11:48:51+00:00\" \/>\n<meta property=\"og:image\" content=\"https:\/\/corona1.eu\/de\/wp-content\/uploads\/2025\/02\/atlas.jpg\" \/>\n\t<meta property=\"og:image:width\" content=\"500\" \/>\n\t<meta property=\"og:image:height\" content=\"500\" \/>\n\t<meta property=\"og:image:type\" content=\"image\/jpeg\" \/>\n<meta name=\"twitter:card\" content=\"summary_large_image\" \/>\n<meta name=\"twitter:label1\" content=\"Gesch\u00e4tzte Lesezeit\" \/>\n\t<meta name=\"twitter:data1\" content=\"1\u00a0Minute\" \/>\n<script type=\"application\/ld+json\" class=\"yoast-schema-graph\">{\"@context\":\"https:\/\/schema.org\",\"@graph\":[{\"@type\":\"WebPage\",\"@id\":\"https:\/\/corona1.eu\/de\/berstscheiben\/berstscheibe-large-atlas\/\",\"url\":\"https:\/\/corona1.eu\/de\/berstscheiben\/berstscheibe-large-atlas\/\",\"name\":\"Berstscheibe LARGE ATLAS - CORONA Serwis\",\"isPartOf\":{\"@id\":\"https:\/\/corona1.eu\/de\/#website\"},\"primaryImageOfPage\":{\"@id\":\"https:\/\/corona1.eu\/de\/berstscheiben\/berstscheibe-large-atlas\/#primaryimage\"},\"image\":{\"@id\":\"https:\/\/corona1.eu\/de\/berstscheiben\/berstscheibe-large-atlas\/#primaryimage\"},\"thumbnailUrl\":\"https:\/\/corona1.eu\/de\/wp-content\/uploads\/2025\/02\/atlas.jpg\",\"datePublished\":\"2025-02-28T10:15:31+00:00\",\"dateModified\":\"2025-03-17T11:48:51+00:00\",\"breadcrumb\":{\"@id\":\"https:\/\/corona1.eu\/de\/berstscheiben\/berstscheibe-large-atlas\/#breadcrumb\"},\"inLanguage\":\"de\",\"potentialAction\":[{\"@type\":\"ReadAction\",\"target\":[\"https:\/\/corona1.eu\/de\/berstscheiben\/berstscheibe-large-atlas\/\"]}]},{\"@type\":\"ImageObject\",\"inLanguage\":\"de\",\"@id\":\"https:\/\/corona1.eu\/de\/berstscheiben\/berstscheibe-large-atlas\/#primaryimage\",\"url\":\"https:\/\/corona1.eu\/de\/wp-content\/uploads\/2025\/02\/atlas.jpg\",\"contentUrl\":\"https:\/\/corona1.eu\/de\/wp-content\/uploads\/2025\/02\/atlas.jpg\",\"width\":500,\"height\":500},{\"@type\":\"BreadcrumbList\",\"@id\":\"https:\/\/corona1.eu\/de\/berstscheiben\/berstscheibe-large-atlas\/#breadcrumb\",\"itemListElement\":[{\"@type\":\"ListItem\",\"position\":1,\"name\":\"Startseite\",\"item\":\"https:\/\/corona1.eu\/de\/\"},{\"@type\":\"ListItem\",\"position\":2,\"name\":\"Berstscheiben\",\"item\":\"https:\/\/corona1.eu\/de\/berstscheiben\/\"},{\"@type\":\"ListItem\",\"position\":3,\"name\":\"Berstscheibe LARGE ATLAS\"}]},{\"@type\":\"WebSite\",\"@id\":\"https:\/\/corona1.eu\/de\/#website\",\"url\":\"https:\/\/corona1.eu\/de\/\",\"name\":\"CORONA Serwis\",\"description\":\"\",\"potentialAction\":[{\"@type\":\"SearchAction\",\"target\":{\"@type\":\"EntryPoint\",\"urlTemplate\":\"https:\/\/corona1.eu\/de\/?s={search_term_string}\"},\"query-input\":{\"@type\":\"PropertyValueSpecification\",\"valueRequired\":true,\"valueName\":\"search_term_string\"}}],\"inLanguage\":\"de\"}]}<\/script>\n<!-- \/ Yoast SEO plugin. -->","yoast_head_json":{"title":"Berstscheibe LARGE ATLAS - CORONA Serwis","robots":{"index":"index","follow":"follow","max-snippet":"max-snippet:-1","max-image-preview":"max-image-preview:large","max-video-preview":"max-video-preview:-1"},"canonical":"https:\/\/corona1.eu\/de\/berstscheiben\/berstscheibe-large-atlas\/","og_locale":"de_DE","og_type":"article","og_title":"Berstscheibe LARGE ATLAS - CORONA Serwis","og_description":"F\u00fcr die Herstellung der gro\u00dfen ATLAS-Einlage wurde eine bew\u00e4hrte und patentierte Technologie &#8211; G2 &#8211; [&hellip;]","og_url":"https:\/\/corona1.eu\/de\/berstscheiben\/berstscheibe-large-atlas\/","og_site_name":"CORONA Serwis","article_modified_time":"2025-03-17T11:48:51+00:00","og_image":[{"width":500,"height":500,"url":"https:\/\/corona1.eu\/de\/wp-content\/uploads\/2025\/02\/atlas.jpg","type":"image\/jpeg"}],"twitter_card":"summary_large_image","twitter_misc":{"Gesch\u00e4tzte Lesezeit":"1\u00a0Minute"},"schema":{"@context":"https:\/\/schema.org","@graph":[{"@type":"WebPage","@id":"https:\/\/corona1.eu\/de\/berstscheiben\/berstscheibe-large-atlas\/","url":"https:\/\/corona1.eu\/de\/berstscheiben\/berstscheibe-large-atlas\/","name":"Berstscheibe LARGE ATLAS - CORONA Serwis","isPartOf":{"@id":"https:\/\/corona1.eu\/de\/#website"},"primaryImageOfPage":{"@id":"https:\/\/corona1.eu\/de\/berstscheiben\/berstscheibe-large-atlas\/#primaryimage"},"image":{"@id":"https:\/\/corona1.eu\/de\/berstscheiben\/berstscheibe-large-atlas\/#primaryimage"},"thumbnailUrl":"https:\/\/corona1.eu\/de\/wp-content\/uploads\/2025\/02\/atlas.jpg","datePublished":"2025-02-28T10:15:31+00:00","dateModified":"2025-03-17T11:48:51+00:00","breadcrumb":{"@id":"https:\/\/corona1.eu\/de\/berstscheiben\/berstscheibe-large-atlas\/#breadcrumb"},"inLanguage":"de","potentialAction":[{"@type":"ReadAction","target":["https:\/\/corona1.eu\/de\/berstscheiben\/berstscheibe-large-atlas\/"]}]},{"@type":"ImageObject","inLanguage":"de","@id":"https:\/\/corona1.eu\/de\/berstscheiben\/berstscheibe-large-atlas\/#primaryimage","url":"https:\/\/corona1.eu\/de\/wp-content\/uploads\/2025\/02\/atlas.jpg","contentUrl":"https:\/\/corona1.eu\/de\/wp-content\/uploads\/2025\/02\/atlas.jpg","width":500,"height":500},{"@type":"BreadcrumbList","@id":"https:\/\/corona1.eu\/de\/berstscheiben\/berstscheibe-large-atlas\/#breadcrumb","itemListElement":[{"@type":"ListItem","position":1,"name":"Startseite","item":"https:\/\/corona1.eu\/de\/"},{"@type":"ListItem","position":2,"name":"Berstscheiben","item":"https:\/\/corona1.eu\/de\/berstscheiben\/"},{"@type":"ListItem","position":3,"name":"Berstscheibe LARGE ATLAS"}]},{"@type":"WebSite","@id":"https:\/\/corona1.eu\/de\/#website","url":"https:\/\/corona1.eu\/de\/","name":"CORONA Serwis","description":"","potentialAction":[{"@type":"SearchAction","target":{"@type":"EntryPoint","urlTemplate":"https:\/\/corona1.eu\/de\/?s={search_term_string}"},"query-input":{"@type":"PropertyValueSpecification","valueRequired":true,"valueName":"search_term_string"}}],"inLanguage":"de"}]}},"_links":{"self":[{"href":"https:\/\/corona1.eu\/de\/wp-json\/wp\/v2\/pages\/127","targetHints":{"allow":["GET"]}}],"collection":[{"href":"https:\/\/corona1.eu\/de\/wp-json\/wp\/v2\/pages"}],"about":[{"href":"https:\/\/corona1.eu\/de\/wp-json\/wp\/v2\/types\/page"}],"author":[{"embeddable":true,"href":"https:\/\/corona1.eu\/de\/wp-json\/wp\/v2\/users\/1"}],"replies":[{"embeddable":true,"href":"https:\/\/corona1.eu\/de\/wp-json\/wp\/v2\/comments?post=127"}],"version-history":[{"count":1,"href":"https:\/\/corona1.eu\/de\/wp-json\/wp\/v2\/pages\/127\/revisions"}],"predecessor-version":[{"id":129,"href":"https:\/\/corona1.eu\/de\/wp-json\/wp\/v2\/pages\/127\/revisions\/129"}],"up":[{"embeddable":true,"href":"https:\/\/corona1.eu\/de\/wp-json\/wp\/v2\/pages\/178"}],"wp:featuredmedia":[{"embeddable":true,"href":"https:\/\/corona1.eu\/de\/wp-json\/wp\/v2\/media\/121"}],"wp:attachment":[{"href":"https:\/\/corona1.eu\/de\/wp-json\/wp\/v2\/media?parent=127"}],"wp:term":[{"taxonomy":"category","embeddable":true,"href":"https:\/\/corona1.eu\/de\/wp-json\/wp\/v2\/categories?post=127"},{"taxonomy":"post_tag","embeddable":true,"href":"https:\/\/corona1.eu\/de\/wp-json\/wp\/v2\/tags?post=127"}],"curies":[{"name":"wp","href":"https:\/\/api.w.org\/{rel}","templated":true}]}}