{"id":116,"date":"2025-02-27T14:00:48","date_gmt":"2025-02-27T13:00:48","guid":{"rendered":"https:\/\/corona1.eu\/de\/?page_id=116"},"modified":"2026-03-05T14:09:49","modified_gmt":"2026-03-05T13:09:49","slug":"explosionsdruckentlastung","status":"publish","type":"page","link":"https:\/\/corona1.eu\/de\/explosionsdruckentlastung\/","title":{"rendered":"Explosionsdruckentlastung"},"content":{"rendered":"\n<p><strong>Explosionsklappen | Sicherheitsplatten | Dekompressionsplatten<\/strong><\/p>\n\n\n\n<p>Explosionsentlastungsklappen, auch Dekompressionsplatten oder Sicherheitsplatten genannt, sind Sicherheitsvorrichtungen, die in Industrieanlagen eingesetzt werden, um den Druck im Falle einer internen Explosion abzubauen. Sie werden an Ger\u00e4ten wie Lagertanks oder Prozessbeh\u00e4ltern installiert. Die Platten sind so konstruiert, dass sie bei einem bestimmten Druck brechen, die Explosionsenergie sicher an die Atmosph\u00e4re abgeben und die Gefahr von Sch\u00e4den an den umliegenden Ger\u00e4ten verringern. Die Paneele bestehen in der Regel aus Metall oder anderen haltbaren Materialien und werden nach Industriestandards auf Festigkeit und Zuverl\u00e4ssigkeit gepr\u00fcft.<\/p>\n\n\n\n<p>Zu den Hauptvorteilen von Explosionsd\u00e4mpfern geh\u00f6ren ihre Zuverl\u00e4ssigkeit und die im Vergleich zu anderen Sicherheitssystemen niedrigen Anschaffungs- und Betriebskosten.<\/p>\n\n\n\n<figure class=\"wp-block-image size-large\"><img decoding=\"async\" src=\"https:\/\/www.corona1.eu\/wp-content\/uploads\/2023\/11\/plyta_na_zewnatrz.gif\" alt=\"dzia\u0142anie klapy przeciwwybuchowej\"\/><\/figure>\n\n\n\n<p>CORONA bietet eine breite Palette explosionsgesch\u00fctzter FIKE-Membranen f\u00fcr alle Industriezweige an (einschlie\u00dflich der Lebensmittelindustrie, f\u00fcr die wir eine Reihe von Produkten anbieten, die hohe sanit\u00e4re und hygienische Anforderungen erf\u00fcllen und deren einzigartiges Design die Anpassung an CIP- und SIP-Prozesse erm\u00f6glicht).<\/p>\n","protected":false},"excerpt":{"rendered":"<p>Explosionsklappen | Sicherheitsplatten | Dekompressionsplatten Explosionsentlastungsklappen, auch Dekompressionsplatten oder Sicherheitsplatten genannt, sind Sicherheitsvorrichtungen, die in [&hellip;]<\/p>\n","protected":false},"author":1,"featured_media":117,"parent":0,"menu_order":0,"comment_status":"closed","ping_status":"closed","template":"kg_products_list_template.php","meta":{"pgc_sgb_lightbox_settings":"","footnotes":""},"categories":[15,2],"tags":[],"class_list":["post-116","page","type-page","status-publish","has-post-thumbnail","hentry","category-explosionsdruckentlastung","category-zprodukty"],"yoast_head":"<!-- This site is optimized with the Yoast SEO plugin v27.1.1 - https:\/\/yoast.com\/product\/yoast-seo-wordpress\/ -->\n<title>Explosionsdruckentlastung - CORONA Serwis<\/title>\n<meta name=\"description\" content=\"Explosionsklappen sind Sicherheitsvorrichtungen, die in Industrieanlagen eingesetzt werden, um den Druck im Falle einer internen Explosion abzubauen.\" \/>\n<meta name=\"robots\" content=\"index, follow, max-snippet:-1, max-image-preview:large, max-video-preview:-1\" \/>\n<link rel=\"canonical\" href=\"https:\/\/corona1.eu\/de\/explosionsdruckentlastung\/\" \/>\n<meta property=\"og:locale\" content=\"de_DE\" \/>\n<meta property=\"og:type\" content=\"article\" \/>\n<meta property=\"og:title\" content=\"Explosionsdruckentlastung - CORONA Serwis\" \/>\n<meta property=\"og:description\" content=\"Explosionsklappen sind Sicherheitsvorrichtungen, die in Industrieanlagen eingesetzt werden, um den Druck im Falle einer internen Explosion abzubauen.\" \/>\n<meta property=\"og:url\" content=\"https:\/\/corona1.eu\/de\/explosionsdruckentlastung\/\" \/>\n<meta property=\"og:site_name\" content=\"CORONA Serwis\" \/>\n<meta property=\"article:modified_time\" content=\"2026-03-05T13:09:49+00:00\" \/>\n<meta property=\"og:image\" content=\"https:\/\/corona1.eu\/de\/wp-content\/uploads\/2025\/02\/grupa_plyty_bezpieczenstwa_16x9.png\" \/>\n\t<meta property=\"og:image:width\" content=\"889\" \/>\n\t<meta property=\"og:image:height\" content=\"500\" \/>\n\t<meta property=\"og:image:type\" content=\"image\/png\" \/>\n<meta name=\"twitter:card\" content=\"summary_large_image\" \/>\n<meta name=\"twitter:label1\" content=\"Gesch\u00e4tzte Lesezeit\" \/>\n\t<meta name=\"twitter:data1\" content=\"2\u00a0Minuten\" \/>\n<script type=\"application\/ld+json\" class=\"yoast-schema-graph\">{\"@context\":\"https:\/\/schema.org\",\"@graph\":[{\"@type\":\"WebPage\",\"@id\":\"https:\/\/corona1.eu\/de\/explosionsdruckentlastung\/\",\"url\":\"https:\/\/corona1.eu\/de\/explosionsdruckentlastung\/\",\"name\":\"Explosionsdruckentlastung - CORONA Serwis\",\"isPartOf\":{\"@id\":\"https:\/\/corona1.eu\/de\/#website\"},\"primaryImageOfPage\":{\"@id\":\"https:\/\/corona1.eu\/de\/explosionsdruckentlastung\/#primaryimage\"},\"image\":{\"@id\":\"https:\/\/corona1.eu\/de\/explosionsdruckentlastung\/#primaryimage\"},\"thumbnailUrl\":\"https:\/\/corona1.eu\/de\/wp-content\/uploads\/2025\/02\/grupa_plyty_bezpieczenstwa_16x9.png\",\"datePublished\":\"2025-02-27T13:00:48+00:00\",\"dateModified\":\"2026-03-05T13:09:49+00:00\",\"description\":\"Explosionsklappen sind Sicherheitsvorrichtungen, die in Industrieanlagen eingesetzt werden, um den Druck im Falle einer internen Explosion abzubauen.\",\"breadcrumb\":{\"@id\":\"https:\/\/corona1.eu\/de\/explosionsdruckentlastung\/#breadcrumb\"},\"inLanguage\":\"de\",\"potentialAction\":[{\"@type\":\"ReadAction\",\"target\":[\"https:\/\/corona1.eu\/de\/explosionsdruckentlastung\/\"]}]},{\"@type\":\"ImageObject\",\"inLanguage\":\"de\",\"@id\":\"https:\/\/corona1.eu\/de\/explosionsdruckentlastung\/#primaryimage\",\"url\":\"https:\/\/corona1.eu\/de\/wp-content\/uploads\/2025\/02\/grupa_plyty_bezpieczenstwa_16x9.png\",\"contentUrl\":\"https:\/\/corona1.eu\/de\/wp-content\/uploads\/2025\/02\/grupa_plyty_bezpieczenstwa_16x9.png\",\"width\":889,\"height\":500},{\"@type\":\"BreadcrumbList\",\"@id\":\"https:\/\/corona1.eu\/de\/explosionsdruckentlastung\/#breadcrumb\",\"itemListElement\":[{\"@type\":\"ListItem\",\"position\":1,\"name\":\"Startseite\",\"item\":\"https:\/\/corona1.eu\/de\/\"},{\"@type\":\"ListItem\",\"position\":2,\"name\":\"Explosionsdruckentlastung\"}]},{\"@type\":\"WebSite\",\"@id\":\"https:\/\/corona1.eu\/de\/#website\",\"url\":\"https:\/\/corona1.eu\/de\/\",\"name\":\"CORONA Serwis\",\"description\":\"\",\"potentialAction\":[{\"@type\":\"SearchAction\",\"target\":{\"@type\":\"EntryPoint\",\"urlTemplate\":\"https:\/\/corona1.eu\/de\/?s={search_term_string}\"},\"query-input\":{\"@type\":\"PropertyValueSpecification\",\"valueRequired\":true,\"valueName\":\"search_term_string\"}}],\"inLanguage\":\"de\"}]}<\/script>\n<!-- \/ Yoast SEO plugin. -->","yoast_head_json":{"title":"Explosionsdruckentlastung - CORONA Serwis","description":"Explosionsklappen sind Sicherheitsvorrichtungen, die in Industrieanlagen eingesetzt werden, um den Druck im Falle einer internen Explosion abzubauen.","robots":{"index":"index","follow":"follow","max-snippet":"max-snippet:-1","max-image-preview":"max-image-preview:large","max-video-preview":"max-video-preview:-1"},"canonical":"https:\/\/corona1.eu\/de\/explosionsdruckentlastung\/","og_locale":"de_DE","og_type":"article","og_title":"Explosionsdruckentlastung - CORONA Serwis","og_description":"Explosionsklappen sind Sicherheitsvorrichtungen, die in Industrieanlagen eingesetzt werden, um den Druck im Falle einer internen Explosion abzubauen.","og_url":"https:\/\/corona1.eu\/de\/explosionsdruckentlastung\/","og_site_name":"CORONA Serwis","article_modified_time":"2026-03-05T13:09:49+00:00","og_image":[{"width":889,"height":500,"url":"https:\/\/corona1.eu\/de\/wp-content\/uploads\/2025\/02\/grupa_plyty_bezpieczenstwa_16x9.png","type":"image\/png"}],"twitter_card":"summary_large_image","twitter_misc":{"Gesch\u00e4tzte Lesezeit":"2\u00a0Minuten"},"schema":{"@context":"https:\/\/schema.org","@graph":[{"@type":"WebPage","@id":"https:\/\/corona1.eu\/de\/explosionsdruckentlastung\/","url":"https:\/\/corona1.eu\/de\/explosionsdruckentlastung\/","name":"Explosionsdruckentlastung - CORONA Serwis","isPartOf":{"@id":"https:\/\/corona1.eu\/de\/#website"},"primaryImageOfPage":{"@id":"https:\/\/corona1.eu\/de\/explosionsdruckentlastung\/#primaryimage"},"image":{"@id":"https:\/\/corona1.eu\/de\/explosionsdruckentlastung\/#primaryimage"},"thumbnailUrl":"https:\/\/corona1.eu\/de\/wp-content\/uploads\/2025\/02\/grupa_plyty_bezpieczenstwa_16x9.png","datePublished":"2025-02-27T13:00:48+00:00","dateModified":"2026-03-05T13:09:49+00:00","description":"Explosionsklappen sind Sicherheitsvorrichtungen, die in Industrieanlagen eingesetzt werden, um den Druck im Falle einer internen Explosion abzubauen.","breadcrumb":{"@id":"https:\/\/corona1.eu\/de\/explosionsdruckentlastung\/#breadcrumb"},"inLanguage":"de","potentialAction":[{"@type":"ReadAction","target":["https:\/\/corona1.eu\/de\/explosionsdruckentlastung\/"]}]},{"@type":"ImageObject","inLanguage":"de","@id":"https:\/\/corona1.eu\/de\/explosionsdruckentlastung\/#primaryimage","url":"https:\/\/corona1.eu\/de\/wp-content\/uploads\/2025\/02\/grupa_plyty_bezpieczenstwa_16x9.png","contentUrl":"https:\/\/corona1.eu\/de\/wp-content\/uploads\/2025\/02\/grupa_plyty_bezpieczenstwa_16x9.png","width":889,"height":500},{"@type":"BreadcrumbList","@id":"https:\/\/corona1.eu\/de\/explosionsdruckentlastung\/#breadcrumb","itemListElement":[{"@type":"ListItem","position":1,"name":"Startseite","item":"https:\/\/corona1.eu\/de\/"},{"@type":"ListItem","position":2,"name":"Explosionsdruckentlastung"}]},{"@type":"WebSite","@id":"https:\/\/corona1.eu\/de\/#website","url":"https:\/\/corona1.eu\/de\/","name":"CORONA Serwis","description":"","potentialAction":[{"@type":"SearchAction","target":{"@type":"EntryPoint","urlTemplate":"https:\/\/corona1.eu\/de\/?s={search_term_string}"},"query-input":{"@type":"PropertyValueSpecification","valueRequired":true,"valueName":"search_term_string"}}],"inLanguage":"de"}]}},"_links":{"self":[{"href":"https:\/\/corona1.eu\/de\/wp-json\/wp\/v2\/pages\/116","targetHints":{"allow":["GET"]}}],"collection":[{"href":"https:\/\/corona1.eu\/de\/wp-json\/wp\/v2\/pages"}],"about":[{"href":"https:\/\/corona1.eu\/de\/wp-json\/wp\/v2\/types\/page"}],"author":[{"embeddable":true,"href":"https:\/\/corona1.eu\/de\/wp-json\/wp\/v2\/users\/1"}],"replies":[{"embeddable":true,"href":"https:\/\/corona1.eu\/de\/wp-json\/wp\/v2\/comments?post=116"}],"version-history":[{"count":2,"href":"https:\/\/corona1.eu\/de\/wp-json\/wp\/v2\/pages\/116\/revisions"}],"predecessor-version":[{"id":119,"href":"https:\/\/corona1.eu\/de\/wp-json\/wp\/v2\/pages\/116\/revisions\/119"}],"wp:featuredmedia":[{"embeddable":true,"href":"https:\/\/corona1.eu\/de\/wp-json\/wp\/v2\/media\/117"}],"wp:attachment":[{"href":"https:\/\/corona1.eu\/de\/wp-json\/wp\/v2\/media?parent=116"}],"wp:term":[{"taxonomy":"category","embeddable":true,"href":"https:\/\/corona1.eu\/de\/wp-json\/wp\/v2\/categories?post=116"},{"taxonomy":"post_tag","embeddable":true,"href":"https:\/\/corona1.eu\/de\/wp-json\/wp\/v2\/tags?post=116"}],"curies":[{"name":"wp","href":"https:\/\/api.w.org\/{rel}","templated":true}]}}