{"id":113,"date":"2025-02-27T13:33:33","date_gmt":"2025-02-27T12:33:33","guid":{"rendered":"https:\/\/corona1.eu\/de\/?page_id=113"},"modified":"2025-02-27T15:21:12","modified_gmt":"2025-02-27T14:21:12","slug":"wetterschutzhaube-ex-cover","status":"publish","type":"page","link":"https:\/\/corona1.eu\/de\/explosionsdruckentlastung\/wetterschutzhaube-ex-cover\/","title":{"rendered":"Wetterschutzhaube Ex-Cover"},"content":{"rendered":"\n<p>Explosionsgesch\u00fctzte Klappen (auch Dekompressionsplatten oder Sicherheitsplatten genannt) werden h\u00e4ufig als wirksames, passives System zum Schutz vor den Auswirkungen einer Explosion eingesetzt. Wenn Klappen an einem Ort installiert werden, an dem ihre Funktionsf\u00e4higkeit durch Ph\u00e4nomene wie Regen, Eis oder Furt beeintr\u00e4chtigt werden kann, werden Wetterabdeckungen empfohlen.<\/p>\n\n\n\n<p>Der Ex-Cover ist ein leichter, korrosionsbest\u00e4ndiger Deckel, der den Schutz von L\u00fcftungs\u00f6ffnungen gew\u00e4hrleistet und die Auswirkungen von Schmutz, Wind, Eis usw. auf die Funktionsf\u00e4higkeit von explosionsgesch\u00fctzten Klappen erheblich reduziert. Er wird h\u00e4ufig auf L\u00fcftungskan\u00e4len installiert, um z. B. das Eindringen von Schmutz in den L\u00fcftungskanal zu verhindern.<\/p>\n\n\n\n<h3 class=\"wp-block-heading\"><strong>Merkmale<\/strong>:<\/h3>\n\n\n\n<ul class=\"wp-block-list\">\n<li>Schutz vor Umwelteinfl\u00fcssen durch explosionsgesch\u00fctzte Klappen.<\/li>\n\n\n\n<li>Gesch\u00fctzte Funktion der oberen Explosionsentlastung.<\/li>\n\n\n\n<li>Geringerer Bedarf an vorbeugender Wartung und Inspektion.<\/li>\n\n\n\n<li>Leichtes, korrosions- und umweltbest\u00e4ndiges Geh\u00e4use.<\/li>\n\n\n\n<li>Erm\u00f6glicht eine integrierte thermische und akustische Isolierung.<\/li>\n\n\n\n<li>Kann mit einem magnetischen Berstanzelement ausgestattet werden.<\/li>\n<\/ul>\n\n\n\n<p><\/p>\n\n\n\n<p class=\"has-luminous-vivid-amber-color has-text-color has-link-color wp-elements-477df886968986e60decea76a12fb83f\"><strong>Wir bieten rechteckige und runde Wetterschutzhauben an.<\/strong><\/p>\n\n\n\n<div class=\"wp-block-columns is-layout-flex wp-container-core-columns-is-layout-9d6595d7 wp-block-columns-is-layout-flex\">\n<div class=\"wp-block-column is-layout-flow wp-block-column-is-layout-flow\"><div class=\"wp-block-image\">\n<figure class=\"aligncenter size-large\"><img decoding=\"async\" src=\"https:\/\/corona1.eu\/wp-content\/uploads\/2024\/01\/ex_cover_1_1-01-1024x1024.png\" alt=\"os\u0142ona pogodowa ex-cover\" class=\"wp-image-4031\"\/><figcaption class=\"wp-element-caption\">Rechteckige Wetterschutzhaube Ex-Cover<\/figcaption><\/figure>\n<\/div><\/div>\n\n\n\n<div class=\"wp-block-column is-layout-flow wp-block-column-is-layout-flow\"><div class=\"wp-block-image\">\n<figure class=\"aligncenter size-large\"><img decoding=\"async\" src=\"https:\/\/corona1.eu\/wp-content\/uploads\/2024\/01\/ex_cover_round_1_1-01-1024x1024.jpg\" alt=\"\" class=\"wp-image-4033\"\/><figcaption class=\"wp-element-caption\">Rundes Wetterschutzdach Ex-Cover<\/figcaption><\/figure>\n<\/div><\/div>\n<\/div>\n\n\n\n<h3 class=\"wp-block-heading\">Spezifikationen der rechteckigen Abdeckung:<\/h3>\n\n\n\n<figure class=\"wp-block-table is-style-regular has-small-font-size\"><table class=\"has-text-color has-fixed-layout\" style=\"color:#e79400\"><tbody><tr><td>Gr\u00f6\u00dfen<\/td><td>von 470 x 570mm bis 1110 x 1110mm<\/td><\/tr><tr><td>Baumaterialien<\/td><td>1.4301 (304 SST) und 1.4404 (316L)<\/td><\/tr><tr><td>Kompatibel mit Klappen des Typs<\/td><td>CV, CV-S, CV-CF, CV-H, VV-S, SANI-V, SANI-V-S, ELEGUARD<\/td><\/tr><tr><td>Betriebstemperaturbereich<\/td><td>-40\u00b0C bis 60\u00b0C<\/td><\/tr><tr><td>Optionen<\/td><td>Option 1<br>Thermische\/akustische Isolierung<br>Option 2<br>Rissanzeige (Betriebstemperatur von -20\u00b0C bis +60\u00b0C)<\/td><\/tr><\/tbody><\/table><\/figure>\n\n\n\n<h3 class=\"wp-block-heading\">Spezifikation des runden Deckels:<\/h3>\n\n\n\n<figure class=\"wp-block-table is-style-regular has-small-font-size\"><table class=\"has-text-color has-fixed-layout\" style=\"color:#e79400\"><tbody><tr><td>Gr\u00f6\u00dfen<\/td><td>von DN400 bis DN1200<\/td><\/tr><tr><td>Baumaterialien<\/td><td>1.4301 (304 SST) und 1.4404 (316L)<\/td><\/tr><tr><td>Kompatibel mit Klappen des Typs<\/td><td>HI-CV, HI-CV-S und andere<\/td><\/tr><tr><td>Betriebstemperaturbereich<\/td><td>-40\u00b0C bis 150\u00b0C<\/td><\/tr><tr><td>Optionen<\/td><td>Bruchrate (Betriebstemperatur von -20\u00b0C bis +60\u00b0C)<\/td><\/tr><\/tbody><\/table><\/figure>\n","protected":false},"excerpt":{"rendered":"<p>Explosionsgesch\u00fctzte Klappen (auch Dekompressionsplatten oder Sicherheitsplatten genannt) werden h\u00e4ufig als wirksames, passives System zum Schutz [&hellip;]<\/p>\n","protected":false},"author":1,"featured_media":114,"parent":116,"menu_order":0,"comment_status":"closed","ping_status":"closed","template":"kg_products_template.php","meta":{"pgc_sgb_lightbox_settings":"","footnotes":""},"categories":[15],"tags":[],"class_list":["post-113","page","type-page","status-publish","has-post-thumbnail","hentry","category-explosionsdruckentlastung"],"yoast_head":"<!-- This site is optimized with the Yoast SEO plugin v27.1.1 - https:\/\/yoast.com\/product\/yoast-seo-wordpress\/ -->\n<title>Wetterschutzhaube Ex-Cover - CORONA Serwis<\/title>\n<meta name=\"robots\" content=\"index, follow, max-snippet:-1, max-image-preview:large, max-video-preview:-1\" \/>\n<link rel=\"canonical\" href=\"https:\/\/corona1.eu\/de\/explosionsdruckentlastung\/wetterschutzhaube-ex-cover\/\" \/>\n<meta property=\"og:locale\" content=\"de_DE\" \/>\n<meta property=\"og:type\" content=\"article\" \/>\n<meta property=\"og:title\" content=\"Wetterschutzhaube Ex-Cover - CORONA Serwis\" \/>\n<meta property=\"og:description\" content=\"Explosionsgesch\u00fctzte Klappen (auch Dekompressionsplatten oder Sicherheitsplatten genannt) werden h\u00e4ufig als wirksames, passives System zum Schutz [&hellip;]\" \/>\n<meta property=\"og:url\" content=\"https:\/\/corona1.eu\/de\/explosionsdruckentlastung\/wetterschutzhaube-ex-cover\/\" \/>\n<meta property=\"og:site_name\" content=\"CORONA Serwis\" \/>\n<meta property=\"article:modified_time\" content=\"2025-02-27T14:21:12+00:00\" \/>\n<meta property=\"og:image\" content=\"https:\/\/corona1.eu\/de\/wp-content\/uploads\/2025\/02\/ex_cover_1_1-01.png\" \/>\n\t<meta property=\"og:image:width\" content=\"1875\" \/>\n\t<meta property=\"og:image:height\" content=\"1875\" \/>\n\t<meta property=\"og:image:type\" content=\"image\/png\" \/>\n<meta name=\"twitter:card\" content=\"summary_large_image\" \/>\n<meta name=\"twitter:label1\" content=\"Gesch\u00e4tzte Lesezeit\" \/>\n\t<meta name=\"twitter:data1\" content=\"2\u00a0Minuten\" \/>\n<script type=\"application\/ld+json\" class=\"yoast-schema-graph\">{\"@context\":\"https:\/\/schema.org\",\"@graph\":[{\"@type\":\"WebPage\",\"@id\":\"https:\/\/corona1.eu\/de\/explosionsdruckentlastung\/wetterschutzhaube-ex-cover\/\",\"url\":\"https:\/\/corona1.eu\/de\/explosionsdruckentlastung\/wetterschutzhaube-ex-cover\/\",\"name\":\"Wetterschutzhaube Ex-Cover - CORONA Serwis\",\"isPartOf\":{\"@id\":\"https:\/\/corona1.eu\/de\/#website\"},\"primaryImageOfPage\":{\"@id\":\"https:\/\/corona1.eu\/de\/explosionsdruckentlastung\/wetterschutzhaube-ex-cover\/#primaryimage\"},\"image\":{\"@id\":\"https:\/\/corona1.eu\/de\/explosionsdruckentlastung\/wetterschutzhaube-ex-cover\/#primaryimage\"},\"thumbnailUrl\":\"https:\/\/corona1.eu\/de\/wp-content\/uploads\/2025\/02\/ex_cover_1_1-01.png\",\"datePublished\":\"2025-02-27T12:33:33+00:00\",\"dateModified\":\"2025-02-27T14:21:12+00:00\",\"breadcrumb\":{\"@id\":\"https:\/\/corona1.eu\/de\/explosionsdruckentlastung\/wetterschutzhaube-ex-cover\/#breadcrumb\"},\"inLanguage\":\"de\",\"potentialAction\":[{\"@type\":\"ReadAction\",\"target\":[\"https:\/\/corona1.eu\/de\/explosionsdruckentlastung\/wetterschutzhaube-ex-cover\/\"]}]},{\"@type\":\"ImageObject\",\"inLanguage\":\"de\",\"@id\":\"https:\/\/corona1.eu\/de\/explosionsdruckentlastung\/wetterschutzhaube-ex-cover\/#primaryimage\",\"url\":\"https:\/\/corona1.eu\/de\/wp-content\/uploads\/2025\/02\/ex_cover_1_1-01.png\",\"contentUrl\":\"https:\/\/corona1.eu\/de\/wp-content\/uploads\/2025\/02\/ex_cover_1_1-01.png\",\"width\":1875,\"height\":1875},{\"@type\":\"BreadcrumbList\",\"@id\":\"https:\/\/corona1.eu\/de\/explosionsdruckentlastung\/wetterschutzhaube-ex-cover\/#breadcrumb\",\"itemListElement\":[{\"@type\":\"ListItem\",\"position\":1,\"name\":\"Startseite\",\"item\":\"https:\/\/corona1.eu\/de\/\"},{\"@type\":\"ListItem\",\"position\":2,\"name\":\"Explosionsdruckentlastung\",\"item\":\"https:\/\/corona1.eu\/de\/explosionsdruckentlastung\/\"},{\"@type\":\"ListItem\",\"position\":3,\"name\":\"Wetterschutzhaube Ex-Cover\"}]},{\"@type\":\"WebSite\",\"@id\":\"https:\/\/corona1.eu\/de\/#website\",\"url\":\"https:\/\/corona1.eu\/de\/\",\"name\":\"CORONA Serwis\",\"description\":\"\",\"potentialAction\":[{\"@type\":\"SearchAction\",\"target\":{\"@type\":\"EntryPoint\",\"urlTemplate\":\"https:\/\/corona1.eu\/de\/?s={search_term_string}\"},\"query-input\":{\"@type\":\"PropertyValueSpecification\",\"valueRequired\":true,\"valueName\":\"search_term_string\"}}],\"inLanguage\":\"de\"}]}<\/script>\n<!-- \/ Yoast SEO plugin. -->","yoast_head_json":{"title":"Wetterschutzhaube Ex-Cover - CORONA Serwis","robots":{"index":"index","follow":"follow","max-snippet":"max-snippet:-1","max-image-preview":"max-image-preview:large","max-video-preview":"max-video-preview:-1"},"canonical":"https:\/\/corona1.eu\/de\/explosionsdruckentlastung\/wetterschutzhaube-ex-cover\/","og_locale":"de_DE","og_type":"article","og_title":"Wetterschutzhaube Ex-Cover - CORONA Serwis","og_description":"Explosionsgesch\u00fctzte Klappen (auch Dekompressionsplatten oder Sicherheitsplatten genannt) werden h\u00e4ufig als wirksames, passives System zum Schutz [&hellip;]","og_url":"https:\/\/corona1.eu\/de\/explosionsdruckentlastung\/wetterschutzhaube-ex-cover\/","og_site_name":"CORONA Serwis","article_modified_time":"2025-02-27T14:21:12+00:00","og_image":[{"width":1875,"height":1875,"url":"https:\/\/corona1.eu\/de\/wp-content\/uploads\/2025\/02\/ex_cover_1_1-01.png","type":"image\/png"}],"twitter_card":"summary_large_image","twitter_misc":{"Gesch\u00e4tzte Lesezeit":"2\u00a0Minuten"},"schema":{"@context":"https:\/\/schema.org","@graph":[{"@type":"WebPage","@id":"https:\/\/corona1.eu\/de\/explosionsdruckentlastung\/wetterschutzhaube-ex-cover\/","url":"https:\/\/corona1.eu\/de\/explosionsdruckentlastung\/wetterschutzhaube-ex-cover\/","name":"Wetterschutzhaube Ex-Cover - CORONA Serwis","isPartOf":{"@id":"https:\/\/corona1.eu\/de\/#website"},"primaryImageOfPage":{"@id":"https:\/\/corona1.eu\/de\/explosionsdruckentlastung\/wetterschutzhaube-ex-cover\/#primaryimage"},"image":{"@id":"https:\/\/corona1.eu\/de\/explosionsdruckentlastung\/wetterschutzhaube-ex-cover\/#primaryimage"},"thumbnailUrl":"https:\/\/corona1.eu\/de\/wp-content\/uploads\/2025\/02\/ex_cover_1_1-01.png","datePublished":"2025-02-27T12:33:33+00:00","dateModified":"2025-02-27T14:21:12+00:00","breadcrumb":{"@id":"https:\/\/corona1.eu\/de\/explosionsdruckentlastung\/wetterschutzhaube-ex-cover\/#breadcrumb"},"inLanguage":"de","potentialAction":[{"@type":"ReadAction","target":["https:\/\/corona1.eu\/de\/explosionsdruckentlastung\/wetterschutzhaube-ex-cover\/"]}]},{"@type":"ImageObject","inLanguage":"de","@id":"https:\/\/corona1.eu\/de\/explosionsdruckentlastung\/wetterschutzhaube-ex-cover\/#primaryimage","url":"https:\/\/corona1.eu\/de\/wp-content\/uploads\/2025\/02\/ex_cover_1_1-01.png","contentUrl":"https:\/\/corona1.eu\/de\/wp-content\/uploads\/2025\/02\/ex_cover_1_1-01.png","width":1875,"height":1875},{"@type":"BreadcrumbList","@id":"https:\/\/corona1.eu\/de\/explosionsdruckentlastung\/wetterschutzhaube-ex-cover\/#breadcrumb","itemListElement":[{"@type":"ListItem","position":1,"name":"Startseite","item":"https:\/\/corona1.eu\/de\/"},{"@type":"ListItem","position":2,"name":"Explosionsdruckentlastung","item":"https:\/\/corona1.eu\/de\/explosionsdruckentlastung\/"},{"@type":"ListItem","position":3,"name":"Wetterschutzhaube Ex-Cover"}]},{"@type":"WebSite","@id":"https:\/\/corona1.eu\/de\/#website","url":"https:\/\/corona1.eu\/de\/","name":"CORONA Serwis","description":"","potentialAction":[{"@type":"SearchAction","target":{"@type":"EntryPoint","urlTemplate":"https:\/\/corona1.eu\/de\/?s={search_term_string}"},"query-input":{"@type":"PropertyValueSpecification","valueRequired":true,"valueName":"search_term_string"}}],"inLanguage":"de"}]}},"_links":{"self":[{"href":"https:\/\/corona1.eu\/de\/wp-json\/wp\/v2\/pages\/113","targetHints":{"allow":["GET"]}}],"collection":[{"href":"https:\/\/corona1.eu\/de\/wp-json\/wp\/v2\/pages"}],"about":[{"href":"https:\/\/corona1.eu\/de\/wp-json\/wp\/v2\/types\/page"}],"author":[{"embeddable":true,"href":"https:\/\/corona1.eu\/de\/wp-json\/wp\/v2\/users\/1"}],"replies":[{"embeddable":true,"href":"https:\/\/corona1.eu\/de\/wp-json\/wp\/v2\/comments?post=113"}],"version-history":[{"count":1,"href":"https:\/\/corona1.eu\/de\/wp-json\/wp\/v2\/pages\/113\/revisions"}],"predecessor-version":[{"id":115,"href":"https:\/\/corona1.eu\/de\/wp-json\/wp\/v2\/pages\/113\/revisions\/115"}],"up":[{"embeddable":true,"href":"https:\/\/corona1.eu\/de\/wp-json\/wp\/v2\/pages\/116"}],"wp:featuredmedia":[{"embeddable":true,"href":"https:\/\/corona1.eu\/de\/wp-json\/wp\/v2\/media\/114"}],"wp:attachment":[{"href":"https:\/\/corona1.eu\/de\/wp-json\/wp\/v2\/media?parent=113"}],"wp:term":[{"taxonomy":"category","embeddable":true,"href":"https:\/\/corona1.eu\/de\/wp-json\/wp\/v2\/categories?post=113"},{"taxonomy":"post_tag","embeddable":true,"href":"https:\/\/corona1.eu\/de\/wp-json\/wp\/v2\/tags?post=113"}],"curies":[{"name":"wp","href":"https:\/\/api.w.org\/{rel}","templated":true}]}}