{"id":110,"date":"2025-02-27T12:57:46","date_gmt":"2025-02-27T11:57:46","guid":{"rendered":"https:\/\/corona1.eu\/de\/?page_id=110"},"modified":"2025-02-27T15:20:47","modified_gmt":"2025-02-27T14:20:47","slug":"explosionsdruckentlastung-eleguard","status":"publish","type":"page","link":"https:\/\/corona1.eu\/de\/explosionsdruckentlastung\/explosionsdruckentlastung-eleguard\/","title":{"rendered":"Explosionsdruckentlastung EleGuard"},"content":{"rendered":"\n<p>Fike \u2013 <strong>Explosionsdruckentlastung \/ Dekompressionspaneele<\/strong> vom Typ EleGuard sind hochfeste Verbundmembranen.<\/p>\n\n\n\n<p class=\"has-text-color\" style=\"color:#e79400\"><strong>Rechteckig, einteilig, integrierter Rahmen<\/strong><\/p>\n\n\n\n<p>Die EleGuard Explosionsschutzklappe ist ein einzelnes explosionsgesch\u00fctztes Bauteil, das speziell f\u00fcr Becherwerke entwickelt wurde, um diese vor Explosionen zu sch\u00fctzen. Dieses \u00e4u\u00dferst kosteneffiziente Produkt ist einfach zu montieren, da es einen Befestigungsrahmen in seinem Design enth\u00e4lt. F\u00fcr die Montage werden nur sechs Schrauben ben\u00f6tigt.<\/p>\n\n\n\n<h3 class=\"wp-block-heading\">Merkmale:<\/h3>\n\n\n\n<ul class=\"wp-block-list\">\n<li>integrierter Rahmen<\/li>\n\n\n\n<li>sofortige vollst\u00e4ndige \u00d6ffnung<\/li>\n\n\n\n<li>sehr widerstandsf\u00e4hig gegen Besch\u00e4digungen<\/li>\n\n\n\n<li>100%iger Wirkungsgrad nach dem \u00d6ffnen<\/li>\n\n\n\n<li>hohe mechanische Integrit\u00e4t des Produkts<\/li>\n\n\n\n<li>einfache Montage durch eigenes Personal<\/li>\n\n\n\n<li>keine zersplitterten Teile nach dem Aufrei\u00dfen<\/li>\n\n\n\n<li>wartungsfreie Ausr\u00fcstung<\/li>\n<\/ul>\n\n\n\n<p><\/p>\n\n\n\n<div class=\"table-wrapper\"><table class=\"table table-bordered\"><thead class=\"thead-dark\"><tr style=\"background-color: #e79400\"><th scope=\"col\" colspan=\"2\">SPEZIFIKATIONEN<\/th><\/tr><\/thead><tbody><tr><td>Kompatibilit\u00e4t:<\/td><td>ATEX \/ NFPA 68 Zertifizierung<\/td><\/tr><tr><td>Materialien der Konstruktion:<\/td><td>316 SST \/ FDA-Dichtungen aus Silikon<\/td><\/tr><tr><td>Maximaler Betriebsdruck:<\/td><td>25% des minimalen Ansprechdruckes<\/td><\/tr><tr><!--<td>Berstdruck:<\/td><td><\/td>--><\/tr><tr><td>Vertr\u00e4glichkeit:<\/td><td>\u00b10.21 psig \/ 0.01447 bar<\/td><\/tr><tr><td>Betriebstemperaturbereich:<\/td><td>-20\u00b0C bis +60\u00b0C<\/td><\/tr><tr><td>Optionales Zubeh\u00f6r:<\/td><td>Berstanzeiger, Flammendurchschlagsicherungen &#8211; Schutz der Arbeitnehmer im Falle einer Explosion<\/td><\/tr><\/tbody><\/table><\/div>\n","protected":false},"excerpt":{"rendered":"<p>Fike \u2013 Explosionsdruckentlastung \/ Dekompressionspaneele vom Typ EleGuard sind hochfeste Verbundmembranen. Rechteckig, einteilig, integrierter Rahmen [&hellip;]<\/p>\n","protected":false},"author":1,"featured_media":111,"parent":116,"menu_order":0,"comment_status":"closed","ping_status":"closed","template":"kg_products_template.php","meta":{"pgc_sgb_lightbox_settings":"","footnotes":""},"categories":[15],"tags":[],"class_list":["post-110","page","type-page","status-publish","has-post-thumbnail","hentry","category-explosionsdruckentlastung"],"yoast_head":"<!-- This site is optimized with the Yoast SEO plugin v27.1.1 - https:\/\/yoast.com\/product\/yoast-seo-wordpress\/ -->\n<title>Explosionsdruckentlastung EleGuard - CORONA Serwis<\/title>\n<meta name=\"robots\" content=\"index, follow, max-snippet:-1, max-image-preview:large, max-video-preview:-1\" \/>\n<link rel=\"canonical\" href=\"https:\/\/corona1.eu\/de\/explosionsdruckentlastung\/explosionsdruckentlastung-eleguard\/\" \/>\n<meta property=\"og:locale\" content=\"de_DE\" \/>\n<meta property=\"og:type\" content=\"article\" \/>\n<meta property=\"og:title\" content=\"Explosionsdruckentlastung EleGuard - CORONA Serwis\" \/>\n<meta property=\"og:description\" content=\"Fike \u2013 Explosionsdruckentlastung \/ Dekompressionspaneele vom Typ EleGuard sind hochfeste Verbundmembranen. Rechteckig, einteilig, integrierter Rahmen [&hellip;]\" \/>\n<meta property=\"og:url\" content=\"https:\/\/corona1.eu\/de\/explosionsdruckentlastung\/explosionsdruckentlastung-eleguard\/\" \/>\n<meta property=\"og:site_name\" content=\"CORONA Serwis\" \/>\n<meta property=\"article:modified_time\" content=\"2025-02-27T14:20:47+00:00\" \/>\n<meta property=\"og:image\" content=\"https:\/\/corona1.eu\/de\/wp-content\/uploads\/2025\/02\/Eleguard.jpg\" \/>\n\t<meta property=\"og:image:width\" content=\"742\" \/>\n\t<meta property=\"og:image:height\" content=\"720\" \/>\n\t<meta property=\"og:image:type\" content=\"image\/jpeg\" \/>\n<meta name=\"twitter:card\" content=\"summary_large_image\" \/>\n<meta name=\"twitter:label1\" content=\"Gesch\u00e4tzte Lesezeit\" \/>\n\t<meta name=\"twitter:data1\" content=\"1\u00a0Minute\" \/>\n<script type=\"application\/ld+json\" class=\"yoast-schema-graph\">{\"@context\":\"https:\/\/schema.org\",\"@graph\":[{\"@type\":\"WebPage\",\"@id\":\"https:\/\/corona1.eu\/de\/explosionsdruckentlastung\/explosionsdruckentlastung-eleguard\/\",\"url\":\"https:\/\/corona1.eu\/de\/explosionsdruckentlastung\/explosionsdruckentlastung-eleguard\/\",\"name\":\"Explosionsdruckentlastung EleGuard - CORONA Serwis\",\"isPartOf\":{\"@id\":\"https:\/\/corona1.eu\/de\/#website\"},\"primaryImageOfPage\":{\"@id\":\"https:\/\/corona1.eu\/de\/explosionsdruckentlastung\/explosionsdruckentlastung-eleguard\/#primaryimage\"},\"image\":{\"@id\":\"https:\/\/corona1.eu\/de\/explosionsdruckentlastung\/explosionsdruckentlastung-eleguard\/#primaryimage\"},\"thumbnailUrl\":\"https:\/\/corona1.eu\/de\/wp-content\/uploads\/2025\/02\/Eleguard.jpg\",\"datePublished\":\"2025-02-27T11:57:46+00:00\",\"dateModified\":\"2025-02-27T14:20:47+00:00\",\"breadcrumb\":{\"@id\":\"https:\/\/corona1.eu\/de\/explosionsdruckentlastung\/explosionsdruckentlastung-eleguard\/#breadcrumb\"},\"inLanguage\":\"de\",\"potentialAction\":[{\"@type\":\"ReadAction\",\"target\":[\"https:\/\/corona1.eu\/de\/explosionsdruckentlastung\/explosionsdruckentlastung-eleguard\/\"]}]},{\"@type\":\"ImageObject\",\"inLanguage\":\"de\",\"@id\":\"https:\/\/corona1.eu\/de\/explosionsdruckentlastung\/explosionsdruckentlastung-eleguard\/#primaryimage\",\"url\":\"https:\/\/corona1.eu\/de\/wp-content\/uploads\/2025\/02\/Eleguard.jpg\",\"contentUrl\":\"https:\/\/corona1.eu\/de\/wp-content\/uploads\/2025\/02\/Eleguard.jpg\",\"width\":742,\"height\":720},{\"@type\":\"BreadcrumbList\",\"@id\":\"https:\/\/corona1.eu\/de\/explosionsdruckentlastung\/explosionsdruckentlastung-eleguard\/#breadcrumb\",\"itemListElement\":[{\"@type\":\"ListItem\",\"position\":1,\"name\":\"Startseite\",\"item\":\"https:\/\/corona1.eu\/de\/\"},{\"@type\":\"ListItem\",\"position\":2,\"name\":\"Explosionsdruckentlastung\",\"item\":\"https:\/\/corona1.eu\/de\/explosionsdruckentlastung\/\"},{\"@type\":\"ListItem\",\"position\":3,\"name\":\"Explosionsdruckentlastung EleGuard\"}]},{\"@type\":\"WebSite\",\"@id\":\"https:\/\/corona1.eu\/de\/#website\",\"url\":\"https:\/\/corona1.eu\/de\/\",\"name\":\"CORONA Serwis\",\"description\":\"\",\"potentialAction\":[{\"@type\":\"SearchAction\",\"target\":{\"@type\":\"EntryPoint\",\"urlTemplate\":\"https:\/\/corona1.eu\/de\/?s={search_term_string}\"},\"query-input\":{\"@type\":\"PropertyValueSpecification\",\"valueRequired\":true,\"valueName\":\"search_term_string\"}}],\"inLanguage\":\"de\"}]}<\/script>\n<!-- \/ Yoast SEO plugin. -->","yoast_head_json":{"title":"Explosionsdruckentlastung EleGuard - CORONA Serwis","robots":{"index":"index","follow":"follow","max-snippet":"max-snippet:-1","max-image-preview":"max-image-preview:large","max-video-preview":"max-video-preview:-1"},"canonical":"https:\/\/corona1.eu\/de\/explosionsdruckentlastung\/explosionsdruckentlastung-eleguard\/","og_locale":"de_DE","og_type":"article","og_title":"Explosionsdruckentlastung EleGuard - CORONA Serwis","og_description":"Fike \u2013 Explosionsdruckentlastung \/ Dekompressionspaneele vom Typ EleGuard sind hochfeste Verbundmembranen. Rechteckig, einteilig, integrierter Rahmen [&hellip;]","og_url":"https:\/\/corona1.eu\/de\/explosionsdruckentlastung\/explosionsdruckentlastung-eleguard\/","og_site_name":"CORONA Serwis","article_modified_time":"2025-02-27T14:20:47+00:00","og_image":[{"width":742,"height":720,"url":"https:\/\/corona1.eu\/de\/wp-content\/uploads\/2025\/02\/Eleguard.jpg","type":"image\/jpeg"}],"twitter_card":"summary_large_image","twitter_misc":{"Gesch\u00e4tzte Lesezeit":"1\u00a0Minute"},"schema":{"@context":"https:\/\/schema.org","@graph":[{"@type":"WebPage","@id":"https:\/\/corona1.eu\/de\/explosionsdruckentlastung\/explosionsdruckentlastung-eleguard\/","url":"https:\/\/corona1.eu\/de\/explosionsdruckentlastung\/explosionsdruckentlastung-eleguard\/","name":"Explosionsdruckentlastung EleGuard - CORONA Serwis","isPartOf":{"@id":"https:\/\/corona1.eu\/de\/#website"},"primaryImageOfPage":{"@id":"https:\/\/corona1.eu\/de\/explosionsdruckentlastung\/explosionsdruckentlastung-eleguard\/#primaryimage"},"image":{"@id":"https:\/\/corona1.eu\/de\/explosionsdruckentlastung\/explosionsdruckentlastung-eleguard\/#primaryimage"},"thumbnailUrl":"https:\/\/corona1.eu\/de\/wp-content\/uploads\/2025\/02\/Eleguard.jpg","datePublished":"2025-02-27T11:57:46+00:00","dateModified":"2025-02-27T14:20:47+00:00","breadcrumb":{"@id":"https:\/\/corona1.eu\/de\/explosionsdruckentlastung\/explosionsdruckentlastung-eleguard\/#breadcrumb"},"inLanguage":"de","potentialAction":[{"@type":"ReadAction","target":["https:\/\/corona1.eu\/de\/explosionsdruckentlastung\/explosionsdruckentlastung-eleguard\/"]}]},{"@type":"ImageObject","inLanguage":"de","@id":"https:\/\/corona1.eu\/de\/explosionsdruckentlastung\/explosionsdruckentlastung-eleguard\/#primaryimage","url":"https:\/\/corona1.eu\/de\/wp-content\/uploads\/2025\/02\/Eleguard.jpg","contentUrl":"https:\/\/corona1.eu\/de\/wp-content\/uploads\/2025\/02\/Eleguard.jpg","width":742,"height":720},{"@type":"BreadcrumbList","@id":"https:\/\/corona1.eu\/de\/explosionsdruckentlastung\/explosionsdruckentlastung-eleguard\/#breadcrumb","itemListElement":[{"@type":"ListItem","position":1,"name":"Startseite","item":"https:\/\/corona1.eu\/de\/"},{"@type":"ListItem","position":2,"name":"Explosionsdruckentlastung","item":"https:\/\/corona1.eu\/de\/explosionsdruckentlastung\/"},{"@type":"ListItem","position":3,"name":"Explosionsdruckentlastung EleGuard"}]},{"@type":"WebSite","@id":"https:\/\/corona1.eu\/de\/#website","url":"https:\/\/corona1.eu\/de\/","name":"CORONA Serwis","description":"","potentialAction":[{"@type":"SearchAction","target":{"@type":"EntryPoint","urlTemplate":"https:\/\/corona1.eu\/de\/?s={search_term_string}"},"query-input":{"@type":"PropertyValueSpecification","valueRequired":true,"valueName":"search_term_string"}}],"inLanguage":"de"}]}},"_links":{"self":[{"href":"https:\/\/corona1.eu\/de\/wp-json\/wp\/v2\/pages\/110","targetHints":{"allow":["GET"]}}],"collection":[{"href":"https:\/\/corona1.eu\/de\/wp-json\/wp\/v2\/pages"}],"about":[{"href":"https:\/\/corona1.eu\/de\/wp-json\/wp\/v2\/types\/page"}],"author":[{"embeddable":true,"href":"https:\/\/corona1.eu\/de\/wp-json\/wp\/v2\/users\/1"}],"replies":[{"embeddable":true,"href":"https:\/\/corona1.eu\/de\/wp-json\/wp\/v2\/comments?post=110"}],"version-history":[{"count":1,"href":"https:\/\/corona1.eu\/de\/wp-json\/wp\/v2\/pages\/110\/revisions"}],"predecessor-version":[{"id":112,"href":"https:\/\/corona1.eu\/de\/wp-json\/wp\/v2\/pages\/110\/revisions\/112"}],"up":[{"embeddable":true,"href":"https:\/\/corona1.eu\/de\/wp-json\/wp\/v2\/pages\/116"}],"wp:featuredmedia":[{"embeddable":true,"href":"https:\/\/corona1.eu\/de\/wp-json\/wp\/v2\/media\/111"}],"wp:attachment":[{"href":"https:\/\/corona1.eu\/de\/wp-json\/wp\/v2\/media?parent=110"}],"wp:term":[{"taxonomy":"category","embeddable":true,"href":"https:\/\/corona1.eu\/de\/wp-json\/wp\/v2\/categories?post=110"},{"taxonomy":"post_tag","embeddable":true,"href":"https:\/\/corona1.eu\/de\/wp-json\/wp\/v2\/tags?post=110"}],"curies":[{"name":"wp","href":"https:\/\/api.w.org\/{rel}","templated":true}]}}