{"id":104,"date":"2025-02-27T12:09:52","date_gmt":"2025-02-27T11:09:52","guid":{"rendered":"https:\/\/corona1.eu\/de\/?page_id=104"},"modified":"2025-02-27T15:20:16","modified_gmt":"2025-02-27T14:20:16","slug":"explosionsdruckentlastung-sani-v","status":"publish","type":"page","link":"https:\/\/corona1.eu\/de\/explosionsdruckentlastung\/explosionsdruckentlastung-sani-v\/","title":{"rendered":"Explosionsdruckentlastung Sani-V"},"content":{"rendered":"\n<p>Fike \u2013 <strong>Explosionsdruckentlastung \/ Dekompressionspaneele<\/strong> vom Typ Sani-V sind hochfeste Verbundmembranen.<\/p>\n\n\n\n<p class=\"has-text-color\" style=\"color:#e79400\"><strong>Einteilige Platte f\u00fcr hygienische Anwendungen<\/strong><\/p>\n\n\n\n<p>Die Sch\u00e4den an Ger\u00e4ten, die durch eine Explosion verursacht werden k\u00f6nnen, lassen sich mit Hilfe von Dekompressionsplatten kontrollieren. Eine korrekt installierte Fike-Explosionsklappe (Dekompressionsmembran) ist die so genannte \u201eschwache\u201c Komponente der Anlage. Sie ist diejenige, die, wenn sie gut gew\u00e4hlt ist, als erste nachgibt und die gespeicherte Explosionsenergie nach au\u00dfen abgibt.<\/p>\n\n\n\n<p>Die explosionsgesch\u00fctzte Klappe des Typs Sani-V\u2122 und Sani-V-S\u2122 von Fike wurde speziell f\u00fcr Prozesse entwickelt, bei denen eine Tankreinigung durchgef\u00fchrt wird. Eine Demontage der Explosionsschutzklappe ist nicht erforderlich.<\/p>\n\n\n\n<h3 class=\"wp-block-heading\">Merkmale:<\/h3>\n\n\n\n<ul class=\"wp-block-list\">\n<li>besonders leichte Konstruktion f\u00fcr eine einfachere Installation,<\/li>\n\n\n\n<li>erf\u00fcllt alle Normen (gem\u00e4\u00df EN 14797 und NFPA 68 Richtlinien),<\/li>\n\n\n\n<li>spezielle Membrankonstruktion f\u00fcr h\u00f6chste Anforderungen<\/li>\n<\/ul>\n\n\n\n<p><\/p>\n\n\n\n<h3 class=\"wp-block-heading\">Vorteile der Sani-V\u2122 und Sani-V-S\u2122 Explosionsschutzklappen<\/h3>\n\n\n\n<ul class=\"wp-block-list\">\n<li>Spalt- und korrosionsfreie Konstruktion.<\/li>\n\n\n\n<li>Alle Konstruktionsmaterialien sind aseptisch.<\/li>\n\n\n\n<li>Positive Abdichtung.<\/li>\n\n\n\n<li>Geringeres Risiko der Kontamination.<\/li>\n\n\n\n<li>Keine zus\u00e4tzlichen Flansche f\u00fcr die Installation erforderlich.<\/li>\n\n\n\n<li>Speziell angeordnete Dichtungen.<\/li>\n\n\n\n<li>Optimale Dekompressionsfl\u00e4che.<\/li>\n\n\n\n<li>ATEX-konforme Dekompressionsplatte.<\/li>\n<\/ul>\n\n\n\n<p><\/p>\n\n\n\n<div class=\"wp-block-columns is-layout-flex wp-container-core-columns-is-layout-9d6595d7 wp-block-columns-is-layout-flex\">\n<div class=\"wp-block-column is-layout-flow wp-block-column-is-layout-flow\">\n<h4 class=\"wp-block-heading\">Sani-V\u2122<\/h4>\n\n\n\n<p><\/p>\n\n\n\n<figure class=\"wp-block-image size-large\"><img decoding=\"async\" src=\"https:\/\/corona1.eu\/wp-content\/uploads\/2022\/08\/SaniV.jpg\" alt=\"\"\/><\/figure>\n<\/div>\n\n\n\n<div class=\"wp-block-column is-layout-flow wp-block-column-is-layout-flow\">\n<h4 class=\"wp-block-heading\">Sani-V-S\u2122<\/h4>\n\n\n\n<p><\/p>\n\n\n\n<figure class=\"wp-block-image size-large\"><img decoding=\"async\" src=\"https:\/\/corona1.eu\/wp-content\/uploads\/2022\/08\/Sani-VS.jpg\" alt=\"\"\/><\/figure>\n<\/div>\n<\/div>\n","protected":false},"excerpt":{"rendered":"<p>Fike \u2013 Explosionsdruckentlastung \/ Dekompressionspaneele vom Typ Sani-V sind hochfeste Verbundmembranen. Einteilige Platte f\u00fcr hygienische [&hellip;]<\/p>\n","protected":false},"author":1,"featured_media":105,"parent":116,"menu_order":0,"comment_status":"closed","ping_status":"closed","template":"kg_products_template.php","meta":{"pgc_sgb_lightbox_settings":"","footnotes":""},"categories":[15],"tags":[],"class_list":["post-104","page","type-page","status-publish","has-post-thumbnail","hentry","category-explosionsdruckentlastung"],"yoast_head":"<!-- This site is optimized with the Yoast SEO plugin v27.1.1 - https:\/\/yoast.com\/product\/yoast-seo-wordpress\/ -->\n<title>Explosionsdruckentlastung Sani-V - CORONA Serwis<\/title>\n<meta name=\"robots\" content=\"index, follow, max-snippet:-1, max-image-preview:large, max-video-preview:-1\" \/>\n<link rel=\"canonical\" href=\"https:\/\/corona1.eu\/de\/explosionsdruckentlastung\/explosionsdruckentlastung-sani-v\/\" \/>\n<meta property=\"og:locale\" content=\"de_DE\" \/>\n<meta property=\"og:type\" content=\"article\" \/>\n<meta property=\"og:title\" content=\"Explosionsdruckentlastung Sani-V - CORONA Serwis\" \/>\n<meta property=\"og:description\" content=\"Fike \u2013 Explosionsdruckentlastung \/ Dekompressionspaneele vom Typ Sani-V sind hochfeste Verbundmembranen. Einteilige Platte f\u00fcr hygienische [&hellip;]\" \/>\n<meta property=\"og:url\" content=\"https:\/\/corona1.eu\/de\/explosionsdruckentlastung\/explosionsdruckentlastung-sani-v\/\" \/>\n<meta property=\"og:site_name\" content=\"CORONA Serwis\" \/>\n<meta property=\"article:modified_time\" content=\"2025-02-27T14:20:16+00:00\" \/>\n<meta property=\"og:image\" content=\"https:\/\/corona1.eu\/de\/wp-content\/uploads\/2025\/02\/Sani-VS.jpg\" \/>\n\t<meta property=\"og:image:width\" content=\"742\" \/>\n\t<meta property=\"og:image:height\" content=\"720\" \/>\n\t<meta property=\"og:image:type\" content=\"image\/jpeg\" \/>\n<meta name=\"twitter:card\" content=\"summary_large_image\" \/>\n<meta name=\"twitter:label1\" content=\"Gesch\u00e4tzte Lesezeit\" \/>\n\t<meta name=\"twitter:data1\" content=\"2\u00a0Minuten\" \/>\n<script type=\"application\/ld+json\" class=\"yoast-schema-graph\">{\"@context\":\"https:\/\/schema.org\",\"@graph\":[{\"@type\":\"WebPage\",\"@id\":\"https:\/\/corona1.eu\/de\/explosionsdruckentlastung\/explosionsdruckentlastung-sani-v\/\",\"url\":\"https:\/\/corona1.eu\/de\/explosionsdruckentlastung\/explosionsdruckentlastung-sani-v\/\",\"name\":\"Explosionsdruckentlastung Sani-V - CORONA Serwis\",\"isPartOf\":{\"@id\":\"https:\/\/corona1.eu\/de\/#website\"},\"primaryImageOfPage\":{\"@id\":\"https:\/\/corona1.eu\/de\/explosionsdruckentlastung\/explosionsdruckentlastung-sani-v\/#primaryimage\"},\"image\":{\"@id\":\"https:\/\/corona1.eu\/de\/explosionsdruckentlastung\/explosionsdruckentlastung-sani-v\/#primaryimage\"},\"thumbnailUrl\":\"https:\/\/corona1.eu\/de\/wp-content\/uploads\/2025\/02\/Sani-VS.jpg\",\"datePublished\":\"2025-02-27T11:09:52+00:00\",\"dateModified\":\"2025-02-27T14:20:16+00:00\",\"breadcrumb\":{\"@id\":\"https:\/\/corona1.eu\/de\/explosionsdruckentlastung\/explosionsdruckentlastung-sani-v\/#breadcrumb\"},\"inLanguage\":\"de\",\"potentialAction\":[{\"@type\":\"ReadAction\",\"target\":[\"https:\/\/corona1.eu\/de\/explosionsdruckentlastung\/explosionsdruckentlastung-sani-v\/\"]}]},{\"@type\":\"ImageObject\",\"inLanguage\":\"de\",\"@id\":\"https:\/\/corona1.eu\/de\/explosionsdruckentlastung\/explosionsdruckentlastung-sani-v\/#primaryimage\",\"url\":\"https:\/\/corona1.eu\/de\/wp-content\/uploads\/2025\/02\/Sani-VS.jpg\",\"contentUrl\":\"https:\/\/corona1.eu\/de\/wp-content\/uploads\/2025\/02\/Sani-VS.jpg\",\"width\":742,\"height\":720},{\"@type\":\"BreadcrumbList\",\"@id\":\"https:\/\/corona1.eu\/de\/explosionsdruckentlastung\/explosionsdruckentlastung-sani-v\/#breadcrumb\",\"itemListElement\":[{\"@type\":\"ListItem\",\"position\":1,\"name\":\"Startseite\",\"item\":\"https:\/\/corona1.eu\/de\/\"},{\"@type\":\"ListItem\",\"position\":2,\"name\":\"Explosionsdruckentlastung\",\"item\":\"https:\/\/corona1.eu\/de\/explosionsdruckentlastung\/\"},{\"@type\":\"ListItem\",\"position\":3,\"name\":\"Explosionsdruckentlastung Sani-V\"}]},{\"@type\":\"WebSite\",\"@id\":\"https:\/\/corona1.eu\/de\/#website\",\"url\":\"https:\/\/corona1.eu\/de\/\",\"name\":\"CORONA Serwis\",\"description\":\"\",\"potentialAction\":[{\"@type\":\"SearchAction\",\"target\":{\"@type\":\"EntryPoint\",\"urlTemplate\":\"https:\/\/corona1.eu\/de\/?s={search_term_string}\"},\"query-input\":{\"@type\":\"PropertyValueSpecification\",\"valueRequired\":true,\"valueName\":\"search_term_string\"}}],\"inLanguage\":\"de\"}]}<\/script>\n<!-- \/ Yoast SEO plugin. -->","yoast_head_json":{"title":"Explosionsdruckentlastung Sani-V - CORONA Serwis","robots":{"index":"index","follow":"follow","max-snippet":"max-snippet:-1","max-image-preview":"max-image-preview:large","max-video-preview":"max-video-preview:-1"},"canonical":"https:\/\/corona1.eu\/de\/explosionsdruckentlastung\/explosionsdruckentlastung-sani-v\/","og_locale":"de_DE","og_type":"article","og_title":"Explosionsdruckentlastung Sani-V - CORONA Serwis","og_description":"Fike \u2013 Explosionsdruckentlastung \/ Dekompressionspaneele vom Typ Sani-V sind hochfeste Verbundmembranen. Einteilige Platte f\u00fcr hygienische [&hellip;]","og_url":"https:\/\/corona1.eu\/de\/explosionsdruckentlastung\/explosionsdruckentlastung-sani-v\/","og_site_name":"CORONA Serwis","article_modified_time":"2025-02-27T14:20:16+00:00","og_image":[{"width":742,"height":720,"url":"https:\/\/corona1.eu\/de\/wp-content\/uploads\/2025\/02\/Sani-VS.jpg","type":"image\/jpeg"}],"twitter_card":"summary_large_image","twitter_misc":{"Gesch\u00e4tzte Lesezeit":"2\u00a0Minuten"},"schema":{"@context":"https:\/\/schema.org","@graph":[{"@type":"WebPage","@id":"https:\/\/corona1.eu\/de\/explosionsdruckentlastung\/explosionsdruckentlastung-sani-v\/","url":"https:\/\/corona1.eu\/de\/explosionsdruckentlastung\/explosionsdruckentlastung-sani-v\/","name":"Explosionsdruckentlastung Sani-V - CORONA Serwis","isPartOf":{"@id":"https:\/\/corona1.eu\/de\/#website"},"primaryImageOfPage":{"@id":"https:\/\/corona1.eu\/de\/explosionsdruckentlastung\/explosionsdruckentlastung-sani-v\/#primaryimage"},"image":{"@id":"https:\/\/corona1.eu\/de\/explosionsdruckentlastung\/explosionsdruckentlastung-sani-v\/#primaryimage"},"thumbnailUrl":"https:\/\/corona1.eu\/de\/wp-content\/uploads\/2025\/02\/Sani-VS.jpg","datePublished":"2025-02-27T11:09:52+00:00","dateModified":"2025-02-27T14:20:16+00:00","breadcrumb":{"@id":"https:\/\/corona1.eu\/de\/explosionsdruckentlastung\/explosionsdruckentlastung-sani-v\/#breadcrumb"},"inLanguage":"de","potentialAction":[{"@type":"ReadAction","target":["https:\/\/corona1.eu\/de\/explosionsdruckentlastung\/explosionsdruckentlastung-sani-v\/"]}]},{"@type":"ImageObject","inLanguage":"de","@id":"https:\/\/corona1.eu\/de\/explosionsdruckentlastung\/explosionsdruckentlastung-sani-v\/#primaryimage","url":"https:\/\/corona1.eu\/de\/wp-content\/uploads\/2025\/02\/Sani-VS.jpg","contentUrl":"https:\/\/corona1.eu\/de\/wp-content\/uploads\/2025\/02\/Sani-VS.jpg","width":742,"height":720},{"@type":"BreadcrumbList","@id":"https:\/\/corona1.eu\/de\/explosionsdruckentlastung\/explosionsdruckentlastung-sani-v\/#breadcrumb","itemListElement":[{"@type":"ListItem","position":1,"name":"Startseite","item":"https:\/\/corona1.eu\/de\/"},{"@type":"ListItem","position":2,"name":"Explosionsdruckentlastung","item":"https:\/\/corona1.eu\/de\/explosionsdruckentlastung\/"},{"@type":"ListItem","position":3,"name":"Explosionsdruckentlastung Sani-V"}]},{"@type":"WebSite","@id":"https:\/\/corona1.eu\/de\/#website","url":"https:\/\/corona1.eu\/de\/","name":"CORONA Serwis","description":"","potentialAction":[{"@type":"SearchAction","target":{"@type":"EntryPoint","urlTemplate":"https:\/\/corona1.eu\/de\/?s={search_term_string}"},"query-input":{"@type":"PropertyValueSpecification","valueRequired":true,"valueName":"search_term_string"}}],"inLanguage":"de"}]}},"_links":{"self":[{"href":"https:\/\/corona1.eu\/de\/wp-json\/wp\/v2\/pages\/104","targetHints":{"allow":["GET"]}}],"collection":[{"href":"https:\/\/corona1.eu\/de\/wp-json\/wp\/v2\/pages"}],"about":[{"href":"https:\/\/corona1.eu\/de\/wp-json\/wp\/v2\/types\/page"}],"author":[{"embeddable":true,"href":"https:\/\/corona1.eu\/de\/wp-json\/wp\/v2\/users\/1"}],"replies":[{"embeddable":true,"href":"https:\/\/corona1.eu\/de\/wp-json\/wp\/v2\/comments?post=104"}],"version-history":[{"count":1,"href":"https:\/\/corona1.eu\/de\/wp-json\/wp\/v2\/pages\/104\/revisions"}],"predecessor-version":[{"id":106,"href":"https:\/\/corona1.eu\/de\/wp-json\/wp\/v2\/pages\/104\/revisions\/106"}],"up":[{"embeddable":true,"href":"https:\/\/corona1.eu\/de\/wp-json\/wp\/v2\/pages\/116"}],"wp:featuredmedia":[{"embeddable":true,"href":"https:\/\/corona1.eu\/de\/wp-json\/wp\/v2\/media\/105"}],"wp:attachment":[{"href":"https:\/\/corona1.eu\/de\/wp-json\/wp\/v2\/media?parent=104"}],"wp:term":[{"taxonomy":"category","embeddable":true,"href":"https:\/\/corona1.eu\/de\/wp-json\/wp\/v2\/categories?post=104"},{"taxonomy":"post_tag","embeddable":true,"href":"https:\/\/corona1.eu\/de\/wp-json\/wp\/v2\/tags?post=104"}],"curies":[{"name":"wp","href":"https:\/\/api.w.org\/{rel}","templated":true}]}}